{"id":10060,"date":"2011-03-11T11:42:30","date_gmt":"2011-03-11T10:42:30","guid":{"rendered":"http:\/\/www.it.tarnow.pl\/il-sistema-dinformazione-turistica-di-malopolska-msit\/"},"modified":"2019-04-03T15:19:58","modified_gmt":"2019-04-03T13:19:58","slug":"il-sistema-dinformazione-turistica-di-malopolska-msit","status":"publish","type":"page","link":"https:\/\/www.it.tarnow.pl\/it\/chi-siamo\/il-sistema-dinformazione-turistica-di-malopolska-msit\/","title":{"rendered":"Il Sistema d&#8217;Informazione Turistica di Ma\u0142opolska &#8211; MSIT"},"content":{"rendered":"<p>Miasto Tarn\u00f3w, poprzez Tarnowskie Centrum Informacji jako jedno z wiod\u0105cych centr\u00f3w it w Polsce nale\u017cy do powstaj\u0105cego Ma\u0142opolskiego Systemu Informacji Turystycznej. <\/p>\n<p>Tarnowskie Centrum Informacji b\u0119dzie jednym z 6 subregionalnych centr\u00f3w it w Ma\u0142opolsce. Obszar dzia\u0142alno\u015bci TCI obejmuje powiaty: boche\u0144ski, brzeski, d\u0105browski, tarnowski i miasto Tarn\u00f3w. <\/p>\n<p>\u00a0<\/p>\n<p>Szczeg\u00f3\u0142y projektu na stronie internetowej Woj. Ma\u0142opolskiego <a href=\"http:\/\/www.malopolskie.pl\/\">www.malopolskie.pl<\/a>\n<\/p>","protected":false},"excerpt":{"rendered":"Miasto Tarn\u00f3w, poprzez Tarnowskie Centrum Informacji jako jedno z wiod\u0105cych centr\u00f3w it w Polsce nale\u017cy do powstaj\u0105cego Ma\u0142opolskiego Systemu Informacji Turystycznej. Tarnowskie Centrum Informacji b\u0119dzie jednym z 6 subregionalnych centr\u00f3w [&hellip;]","protected":false},"author":1,"featured_media":0,"parent":10059,"menu_order":673,"comment_status":"closed","ping_status":"closed","template":"","meta":{"_acf_changed":false,"footnotes":""},"tags":[],"class_list":["post-10060","page","type-page","status-publish","hentry"],"acf":{"in_menu":null,"show_date":null,"intro_text":"","map":null},"yoast_head":"<!-- This site is optimized with the Yoast SEO Premium plugin v25.4 (Yoast SEO v25.4) - https:\/\/yoast.com\/wordpress\/plugins\/seo\/ -->\n<title>Il Sistema d&#039;Informazione Turistica di Ma\u0142opolska - MSIT - Tarnowskie Centrum Informacji<\/title>\n<meta name=\"robots\" content=\"index, follow, max-snippet:-1, max-image-preview:large, max-video-preview:-1\" \/>\n<link rel=\"canonical\" href=\"https:\/\/www.it.tarnow.pl\/it\/chi-siamo\/il-sistema-dinformazione-turistica-di-malopolska-msit\/\" \/>\n<meta property=\"og:locale\" content=\"it_IT\" \/>\n<meta property=\"og:type\" content=\"article\" \/>\n<meta property=\"og:title\" content=\"Il Sistema d&#039;Informazione Turistica di Ma\u0142opolska - MSIT\" \/>\n<meta property=\"og:description\" content=\"Miasto Tarn\u00f3w, poprzez Tarnowskie Centrum Informacji jako jedno z wiod\u0105cych centr\u00f3w it w Polsce nale\u017cy do powstaj\u0105cego Ma\u0142opolskiego Systemu Informacji Turystycznej. Tarnowskie Centrum Informacji b\u0119dzie jednym z 6 subregionalnych centr\u00f3w [&hellip;]\" \/>\n<meta property=\"og:url\" content=\"https:\/\/www.it.tarnow.pl\/it\/chi-siamo\/il-sistema-dinformazione-turistica-di-malopolska-msit\/\" \/>\n<meta property=\"og:site_name\" content=\"Tarnowskie Centrum Informacji\" \/>\n<meta property=\"article:modified_time\" content=\"2019-04-03T13:19:58+00:00\" \/>\n<meta name=\"twitter:card\" content=\"summary_large_image\" \/>\n<script type=\"application\/ld+json\" class=\"yoast-schema-graph\">{\"@context\":\"https:\/\/schema.org\",\"@graph\":[{\"@type\":\"WebPage\",\"@id\":\"https:\/\/www.it.tarnow.pl\/it\/chi-siamo\/il-sistema-dinformazione-turistica-di-malopolska-msit\/\",\"url\":\"https:\/\/www.it.tarnow.pl\/it\/chi-siamo\/il-sistema-dinformazione-turistica-di-malopolska-msit\/\",\"name\":\"Il Sistema d'Informazione Turistica di Ma\u0142opolska - MSIT - Tarnowskie Centrum Informacji\",\"isPartOf\":{\"@id\":\"https:\/\/www.it.tarnow.pl\/#website\"},\"datePublished\":\"2011-03-11T10:42:30+00:00\",\"dateModified\":\"2019-04-03T13:19:58+00:00\",\"breadcrumb\":{\"@id\":\"https:\/\/www.it.tarnow.pl\/it\/chi-siamo\/il-sistema-dinformazione-turistica-di-malopolska-msit\/#breadcrumb\"},\"inLanguage\":\"it-IT\",\"potentialAction\":[{\"@type\":\"ReadAction\",\"target\":[\"https:\/\/www.it.tarnow.pl\/it\/chi-siamo\/il-sistema-dinformazione-turistica-di-malopolska-msit\/\"]}]},{\"@type\":\"BreadcrumbList\",\"@id\":\"https:\/\/www.it.tarnow.pl\/it\/chi-siamo\/il-sistema-dinformazione-turistica-di-malopolska-msit\/#breadcrumb\",\"itemListElement\":[{\"@type\":\"ListItem\",\"position\":1,\"name\":\"Pagina iniziale\",\"item\":\"https:\/\/www.it.tarnow.pl\/it\/\"},{\"@type\":\"ListItem\",\"position\":2,\"name\":\"Chi siamo\",\"item\":\"https:\/\/www.it.tarnow.pl\/it\/chi-siamo\/\"},{\"@type\":\"ListItem\",\"position\":3,\"name\":\"Il Sistema d&#8217;Informazione Turistica di Ma\u0142opolska &#8211; MSIT\"}]},{\"@type\":\"WebSite\",\"@id\":\"https:\/\/www.it.tarnow.pl\/#website\",\"url\":\"https:\/\/www.it.tarnow.pl\/\",\"name\":\"Tarnowskie Centrum Informacji\",\"description\":\"Informacja turystyczna o Tarnowie i regionie tarnowskim.\",\"potentialAction\":[{\"@type\":\"SearchAction\",\"target\":{\"@type\":\"EntryPoint\",\"urlTemplate\":\"https:\/\/www.it.tarnow.pl\/?s={search_term_string}\"},\"query-input\":{\"@type\":\"PropertyValueSpecification\",\"valueRequired\":true,\"valueName\":\"search_term_string\"}}],\"inLanguage\":\"it-IT\"}]}<\/script>\n<!-- \/ Yoast SEO Premium plugin. -->","yoast_head_json":{"title":"Il Sistema d'Informazione Turistica di Ma\u0142opolska - MSIT - Tarnowskie Centrum Informacji","robots":{"index":"index","follow":"follow","max-snippet":"max-snippet:-1","max-image-preview":"max-image-preview:large","max-video-preview":"max-video-preview:-1"},"canonical":"https:\/\/www.it.tarnow.pl\/it\/chi-siamo\/il-sistema-dinformazione-turistica-di-malopolska-msit\/","og_locale":"it_IT","og_type":"article","og_title":"Il Sistema d'Informazione Turistica di Ma\u0142opolska - MSIT","og_description":"Miasto Tarn\u00f3w, poprzez Tarnowskie Centrum Informacji jako jedno z wiod\u0105cych centr\u00f3w it w Polsce nale\u017cy do powstaj\u0105cego Ma\u0142opolskiego Systemu Informacji Turystycznej. Tarnowskie Centrum Informacji b\u0119dzie jednym z 6 subregionalnych centr\u00f3w [&hellip;]","og_url":"https:\/\/www.it.tarnow.pl\/it\/chi-siamo\/il-sistema-dinformazione-turistica-di-malopolska-msit\/","og_site_name":"Tarnowskie Centrum Informacji","article_modified_time":"2019-04-03T13:19:58+00:00","twitter_card":"summary_large_image","schema":{"@context":"https:\/\/schema.org","@graph":[{"@type":"WebPage","@id":"https:\/\/www.it.tarnow.pl\/it\/chi-siamo\/il-sistema-dinformazione-turistica-di-malopolska-msit\/","url":"https:\/\/www.it.tarnow.pl\/it\/chi-siamo\/il-sistema-dinformazione-turistica-di-malopolska-msit\/","name":"Il Sistema d'Informazione Turistica di Ma\u0142opolska - MSIT - Tarnowskie Centrum Informacji","isPartOf":{"@id":"https:\/\/www.it.tarnow.pl\/#website"},"datePublished":"2011-03-11T10:42:30+00:00","dateModified":"2019-04-03T13:19:58+00:00","breadcrumb":{"@id":"https:\/\/www.it.tarnow.pl\/it\/chi-siamo\/il-sistema-dinformazione-turistica-di-malopolska-msit\/#breadcrumb"},"inLanguage":"it-IT","potentialAction":[{"@type":"ReadAction","target":["https:\/\/www.it.tarnow.pl\/it\/chi-siamo\/il-sistema-dinformazione-turistica-di-malopolska-msit\/"]}]},{"@type":"BreadcrumbList","@id":"https:\/\/www.it.tarnow.pl\/it\/chi-siamo\/il-sistema-dinformazione-turistica-di-malopolska-msit\/#breadcrumb","itemListElement":[{"@type":"ListItem","position":1,"name":"Pagina iniziale","item":"https:\/\/www.it.tarnow.pl\/it\/"},{"@type":"ListItem","position":2,"name":"Chi siamo","item":"https:\/\/www.it.tarnow.pl\/it\/chi-siamo\/"},{"@type":"ListItem","position":3,"name":"Il Sistema d&#8217;Informazione Turistica di Ma\u0142opolska &#8211; MSIT"}]},{"@type":"WebSite","@id":"https:\/\/www.it.tarnow.pl\/#website","url":"https:\/\/www.it.tarnow.pl\/","name":"Tarnowskie Centrum Informacji","description":"Informacja turystyczna o Tarnowie i regionie tarnowskim.","potentialAction":[{"@type":"SearchAction","target":{"@type":"EntryPoint","urlTemplate":"https:\/\/www.it.tarnow.pl\/?s={search_term_string}"},"query-input":{"@type":"PropertyValueSpecification","valueRequired":true,"valueName":"search_term_string"}}],"inLanguage":"it-IT"}]}},"_links":{"self":[{"href":"https:\/\/www.it.tarnow.pl\/it\/wp-json\/wp\/v2\/pages\/10060","targetHints":{"allow":["GET"]}}],"collection":[{"href":"https:\/\/www.it.tarnow.pl\/it\/wp-json\/wp\/v2\/pages"}],"about":[{"href":"https:\/\/www.it.tarnow.pl\/it\/wp-json\/wp\/v2\/types\/page"}],"author":[{"embeddable":true,"href":"https:\/\/www.it.tarnow.pl\/it\/wp-json\/wp\/v2\/users\/1"}],"replies":[{"embeddable":true,"href":"https:\/\/www.it.tarnow.pl\/it\/wp-json\/wp\/v2\/comments?post=10060"}],"version-history":[{"count":0,"href":"https:\/\/www.it.tarnow.pl\/it\/wp-json\/wp\/v2\/pages\/10060\/revisions"}],"up":[{"embeddable":true,"href":"https:\/\/www.it.tarnow.pl\/it\/wp-json\/wp\/v2\/pages\/10059"}],"wp:attachment":[{"href":"https:\/\/www.it.tarnow.pl\/it\/wp-json\/wp\/v2\/media?parent=10060"}],"wp:term":[{"taxonomy":"post_tag","embeddable":true,"href":"https:\/\/www.it.tarnow.pl\/it\/wp-json\/wp\/v2\/tags?post=10060"}],"curies":[{"name":"wp","href":"https:\/\/api.w.org\/{rel}","templated":true}]}}