{"id":10058,"date":"2009-11-30T12:26:16","date_gmt":"2009-11-30T11:26:16","guid":{"rendered":"http:\/\/www.it.tarnow.pl\/ristoranti\/"},"modified":"2022-03-28T12:24:50","modified_gmt":"2022-03-28T10:24:50","slug":"ristoranti","status":"publish","type":"page","link":"https:\/\/www.it.tarnow.pl\/it\/ristoranti\/","title":{"rendered":"Ristoranti"},"content":{"rendered":"<p><a href=\"http:\/\/www.it.tarnow.pl\/en\/restaurants\/\">\u2192 I ristoranti pi\u00f9 raccomandati a Tarn\u00f3w<\/a><\/p>\r\n<p>&nbsp;<\/p>\r\n<p>&nbsp;<\/p>\r\n<p><b>Ristoranti e bar a Tarn\u00f3w &#8211; posto degli incontri<\/b><br \/>\r\nDecine di bar, pub e ristoranti,si trovano nei luoghi storici ed anche nelle cantine,dove l\u2019atmosfera \u00e8 unica. Per i buongustai, c\u2019\u00e8 la cucina polacca tradizionale, ma anche italiana,ungherese,cinese,russa,indiana,zingara, perci\u00f2 c\u2019\u00e8 una vasta gamma di scelta.<\/p>\r\n<p>Nel periodo estivo, la Piazza Centrale diventa un ristorante ,molto ampio, all\u2019aperto. I bar ci invitano al riposo e ad assaggiare le specialit\u00e0 della citt\u00e0. Si possono ascoltare concerti stando seduti nei locali &#8211; giardini e ammirare le rinascimentali facciate dei palazzi circostanti il Municipio, che \u00e8 coronato con un attico possedente ventotto blende sulle quali \u00e8 posto l\u2019orologio funzionale, il pi\u00f9 vecchio in Polonia, illuminato di notte in un modo favoloso. Chi non riesce a dormire la notte , pu\u00f2 recarsi in circoli e nelle discoteche. Decine di essi, nel centro e nei dintorni, non hanno orari di chiusura precisi , sono aperti fino all\u2019ultimo ospite e garantiscono un gran divertimento.<\/p>\r\n<p>&nbsp;<\/p>\r\n<p><b>Ristorante \u00abP\u00f3\u0142 na P\u00f3\u0142\u00bb<\/b><br \/>\r\n\u00a0Plac Kazimierza Wlk. 2 (Pasa\u017c Tertila), 33-100 Tarn\u00f3w<br \/>\r\n\u00a0tel.:\u00a0 +48 604 872 318, +48 14 6 278 278<br \/>\r\n\u00a0e-mail:\u00a0<a href=\"mailto:pasaz@intarnet.pl\">pasaz@intarnet.pl<\/a><br \/>\r\n\u00a0web:\u00a0<a href=\"http:\/\/www.facebook.com\/polnapol.tarnow\/\">www.facebook.com\/polnapol.tarnow\/<\/a><br \/>\r\n<a href=\"http:\/\/polnapol-tarnow.pl\/\">http:\/\/polnapol-tarnow.pl\/<\/a><br \/>\r\nCucina: tradizionale polacca, europea, moderna<\/p>\r\n<p>&nbsp;<\/p>\r\n<p>\u00a0<strong>Ristorante<\/strong> <b>\u201cTatrza\u0144ska\u201d\u00a0<\/b><br \/>\r\n\u00a0ul. Krakowska 1, 33-100 Tarn\u00f3w<br \/>\r\n\u00a0tel. +48 14 622 46 36<br \/>\r\n\u00a0<a class=\"target_blank\" href=\"http:\/\/www.kudelski.pl\/\">www.kudelski.pl<\/a>\u00a0\u00a0<a href=\"mailto:kawiarnia@kudelski.pl\">kawiarnia@kudelski.pl<\/a><br \/>\r\nCucina: tradizionale polacca e europea<\/p>\r\n<p>&nbsp;<\/p>\r\n<p>\u00a0<b>\u201cSoprano\u201d Pizzeria e Ristorante<\/b><br \/>\r\n\u00a0ul. Mo\u015bcickiego 6, 33-100 Tarn\u00f3w<br \/>\r\n\u00a0tel.: +48 14 621 09 09<br \/>\r\n\u00a0<a class=\"target_blank\" href=\"http:\/\/www.soprano-tarnow.pl\/\">www.soprano-tarnow.pl<\/a>\u00a0\u00a0<a href=\"mailto:restauracjasoprano@wp.pl\">restauracjasoprano@gmail.pl<\/a><br \/>\r\n\u00a0Cucina: italiana<\/p>\r\n<p>&nbsp;<\/p>\r\n<p>\u00a0<b>\u201cU Jana\u201d Ristorante<\/b><br \/>\r\n\u00a0Rynek 14, 33-100 Tarn\u00f3w<br \/>\r\n\u00a0tel.: +48 14 626 05 64 mobile: +48 509 352 525<br \/>\r\n\u00a0<a class=\"target_blank\" href=\"http:\/\/www.hotelujana.pl\/\">www.hotelujana.pl<\/a>\u00a0\u00a0<a href=\"mailto:recepcja@hotelujana.pl\">recepcja@hotelujana.pl<\/a><br \/>\r\n\u00a0Cucina:\u00a0 traditionale, moderna, polaccae, europea<\/p>\r\n<p>&nbsp;<\/p>\r\n<p><b>\u201cStara \u0141a\u017ania\u201d Resistorante<br \/>\r\n<\/b>Plac Wi\u0119\u017ani\u00f3w KL Auschwitz 1<br \/>\r\n33-100 Tarn\u00f3w<br \/>\r\ntel: +48 14 692 00 39<br \/>\r\n<a href=\"https:\/\/www.facebook.com\/pg\/lazniatarnow\/about\/?ref=page_internal\">https:\/\/www.facebook.com\/pg\/lazniatarnow\/about\/?ref=page_internal<\/a><br \/>\r\nCucina: ebraica, polacca, zingara, galiziana<\/p>\r\n<p>&nbsp;<\/p>\r\n<p><strong>Bistro PRZEPIS Ristorante<\/strong><br \/>\r\nul. Plac Kazimierza 3<br \/>\r\n33-100 Tarn\u00f3w<br \/>\r\nt\u00e9l\u00e9phone:\u00a0+48 534 414 026<br \/>\r\n<a href=\"https:\/\/www.facebook.com\/bistroprzepis\/\">https:\/\/www.facebook.com\/pg\/lazniatarnow\/about\/?ref=page_internal<\/a><br \/>\r\nCuicina: italiana, tradizionale<\/p>\r\n<p>&nbsp;<\/p>\r\n<p><strong>\u201cR\u00f3\u017cana\u201d Ristorante<\/strong><br \/>\r\n\u00a0ul. Stefana Batorego 19, 33-100 Tarn\u00f3w<br \/>\r\ntel: +48 697 567 77<\/p>\r\n<p><a href=\"http:\/\/www.rozana-batorego19.pl%20%28w%20budowie%29\/\">http:\/\/www.rozana-batorego19.pl%20%28w%20budowie%29<\/a><br \/>\r\n<strong><a href=\"mailto:rozana@batorego19.pl\">rozana@batorego19.pl<\/a><\/strong><br \/>\r\nCucina: traditionale, polaccae, europea<\/p>\r\n<p>&nbsp;<\/p>\r\n<p><b>\u201cBristol\u201d Ristorante<\/b><br \/>\r\n\u00a0ul. Krakowska 9, 33-100 Tarn\u00f3w<br \/>\r\ntel: +48 14 621 22 79 mobile: +48 880 477 477<br \/>\r\n\u00a0<a class=\"target_blank\" href=\"http:\/\/en.hotelbristol.com.pl\/\">www.hotelbristol.com.pl<\/a>\u00a0\u00a0<a href=\"mailto:recepcja@hotelbristol.com.pl\">recepcja@hotelbristol.com.pl<\/a><br \/>\r\n\u00a0Cucina: traditionale, polaccae, europea<\/p>\r\n<p>&nbsp;<\/p>\r\n<p>\u00a0<b>\u201cCristalino Kuchnia i Wino\u201d Ristorante<\/b><br \/>\r\n\u00a0ul. Traugutta 5, 33-101 Tarn\u00f3w<br \/>\r\n\u00a0tel: +48 14 633 12 25<br \/>\r\n\u00a0<a class=\"target_blank\" href=\"http:\/\/www.tarnow.cristalpark.pl\/en\/restauracja\/\">www.tarnow.cristalpark.pl<\/a>\u00a0\u00a0<a href=\"mailto:hotel@cristalpark.pl\">hotel@cristalpark.pl<\/a><br \/>\r\nCucina: traditionale, polacca, regionale, francese, italiana, greca, vegetariano<\/p>\r\n<p>&nbsp;<\/p>\r\n<p>\u00a0<b>\u201cPodzamcze\u201d Ristorante<\/b><br \/>\r\n\u00a0al. Tarnowskich 75, 33-100 Tarn\u00f3w<br \/>\r\n\u00a0tel\/fax: +48 14 627 67 77<br \/>\r\n\u00a0<a class=\"target_blank\" href=\"https:\/\/www.facebook.com\/RestauracjaPodzamcze\">www.facebook.com\/RestauracjaPodzamcze<\/a>\u00a0\u00a0<br \/>\r\n\u00a0Cucina: traditionale, polacca, ungherese<\/p>\r\n<p>&nbsp;<\/p>\r\n<p>\u00a0<b>\u201cTarnovia\u201d Ristorante<\/b><br \/>\r\n\u00a0ul. Ko\u015bciuszki 10, 33-100 Tarn\u00f3w<br \/>\r\n\u00a0tel: +48 14 630 03 50, mobile: +48 664 098 098<br \/>\r\n\u00a0<a class=\"target_blank\" href=\"http:\/\/www.hotel.tarnovia.pl\/\">www.hotel.tarnovia.pl<\/a>\u00a0\u00a0<a href=\"mailto:recepcja@tarnovia.pl\">recepcja@tarnovia.pl<\/a><br \/>\r\nCucina: traditionale, polacca,ebraica<\/p>\r\n<p>&nbsp;<\/p>\r\n<p>\u00a0<b>\u201cHotel Krzyski\u201d Ristorante<\/b><br \/>\r\n\u00a0ul. Krzyska 52B, 33-100 Tarn\u00f3w<br \/>\r\n\u00a0tel\/fax: +48 14 620 11 34<br \/>\r\n\u00a0<a class=\"target_blank\" href=\"http:\/\/www.hotelkrzyski.pl\/\">www.hotelkrzyski.pl<\/a>\u00a0\u00a0<a href=\"mailto:restauracja@hotelkrzyski.pl\"><u>restauracja@hotelkrzyski.pl<\/u><\/a>\u00a0\u00a0<br \/>\r\nCucina: traditionale, polacca, francese, italiana, vegetariano<\/p>\r\n<p>&nbsp;<\/p>\r\n<p><b>\u201cKantoria\u201d Ristorante<\/b><br \/>\r\nul. Pi\u0142sudskiego 28A, 33-100 Tarn\u00f3w<br \/>\r\ntel\/fax: +48 14 652 29 33; mobile: +48 502 562 005<br \/>\r\n<a class=\"target_blank\" href=\"http:\/\/www.kantoria.pl\/\">www.kantoria.pl<\/a>\u00a0\u00a0<a href=\"mailto:recepcja@kantoria.pl\">recepcja@kantoria.pl<\/a><br \/>\r\nCucina: traditionale, polacca, francese, italiana, vegetariano<\/p>\r\n<p>&nbsp;<\/p>\r\n<p><b>\u201cBombay Music\u201d Resistorante<\/b><br \/>\r\n\u00a0ul. Krakowska 11a, 33-100 Tarn\u00f3w<br \/>\r\n\u00a0tel: +48 14 627 07 60, fax +48 14 627 49 93<br \/>\r\n\u00a0<a class=\"target_blank\" href=\"http:\/\/www.bombay.pl\/\">www.bombay.pl<\/a>\u00a0\u00a0<a href=\"mailto:oktan@tarnow.home.pl\">oktan@tarnow.home.pl<\/a><br \/>\r\n\u00a0Cuisine: Indiana, europea<\/p>\r\n<p>&nbsp;<\/p>\r\n<p>\u00a0<b>\u201cEl Paso\u201d Ristorante<\/b><br \/>\r\n\u00a0ul. Lwowska 18, 33-100 Tarn\u00f3w<br \/>\r\n\u00a0tel: +48 14 656 20 20, mobile: +48 663 700 727<br \/>\r\n\u00a0Cucina: texana, Mexicana, pitaliana <br \/>\r\n\u00a0<a class=\"target_blank\" href=\"http:\/\/hacjendaelpaso.pl\/\">www.hacjendaelpaso.pl<\/a>\u00a0<\/p>\r\n<p>&nbsp;<\/p>\r\n<p><strong>Ristorante di Adama Gesslera<\/strong><br \/>\r\nul. H. Marusarz 9b, 33-100 Tarn\u00f3w<br \/>\r\ntel: +48 14 626 96 20, +48 14 626 00 88<br \/>\r\n<a href=\"http:\/\/www.restauracja.tarnow.pl\">www.restauracja.tarnow.pl<\/a> restauracja@hpd.pl<br \/>\r\nCucina: franceza, polacca, vegetariana<\/p>\r\n<p>&nbsp;<\/p>\r\n<p>\u00a0<b>\u201cGospoda Rycerska\u201d<\/b><br \/>\r\n\u00a0ul. Wekslarska 1, 33-100 Tarn\u00f3w, <br \/>\r\n\u00a0tel\/fax: +48 14 627 59 80, mobile: +48 512 431 497<br \/>\r\n\u00a0<a class=\"target_blank\" href=\"http:\/\/www.gospodarycerska.pl\/\">www.gospodarycerska.pl<\/a><br \/>\r\n\u00a0Cucina: polacca, italiana, vegetariana<\/p>\r\n<p>&nbsp;<\/p>\r\n<p>\u00a0<b>\u201cJama Z\u0142otego Smoka\u201d Ristorante<\/b><br \/>\r\n\u00a0ul. Matejki 16, 33-100 Tarn\u00f3w<br \/>\r\n\u00a0tel: +48 14 692 96 54<br \/>\r\n<a class=\"target_blank\" href=\"http:\/\/jamazlotegosmoka.pl\/\">http:\/\/jamazlotegosmoka.pl<\/a><br \/>\r\n\u00a0Cucina: orientale, vegetariana, cinese<\/p>\r\n<p>&nbsp;<\/p>\r\n<p>\u00a0<b>\u201cKasyno\u201d Ristorante<\/b><br \/>\r\n\u00a0ul. Kwiatkowskiego 20, 33-101 Tarn\u00f3w<br \/>\r\n\u00a0tel: +48 14 633 06 89, +48 661 999 911\u00a0<br \/>\r\n\u00a0<a class=\"target_blank\" href=\"http:\/\/www.restauracjakasyno.pl\/\">www.restauracjakasyno.pl<\/a>\u00a0\u00a0<a href=\"mailto:kasyno@phg.com.pl\">kasyno@phg.com.pl<\/a><br \/>\r\n\u00a0Cucina: polacca, tradiccionale<\/p>\r\n<p>&nbsp;<\/p>\r\n<p>&nbsp;<\/p>\r\n<p>\u00a0<b>\u201cAida\u201d Ristorante<\/b><br \/>\r\n\u00a0ul. Wa\u0142owa 4, 33-100 Tarn\u00f3w<br \/>\r\n\u00a0tel: +48 14 627 42 64<br \/>\r\n\u00a0<a class=\"target_blank\" href=\"http:\/\/www.restauracja-aida.pl\/\">www.restauracja-aida.pl<\/a>\u00a0\u00a0<a href=\"mailto:restauracja.aida@interia.pl\">restauracja.aida@interia.pl<\/a>\u00a0\u00a0<br \/>\r\n\u00a0Cucina: polacca, italiana<\/p>\r\n<p>&nbsp;<\/p>\r\n<p><b>\u00a0\u201cBraterska\u201d Ristorante<\/b><br \/>\r\n\u00a0ul. Szujskiego 38, 33-100 Tarn\u00f3w<br \/>\r\n\u00a0tel\/fax: +48 14 692 44 04\u00a0<br \/>\r\n\u00a0<a class=\"target_blank\" href=\"https:\/\/www.facebook.com\/RestauracjaBraterskaTarnow\">www.facebook.com\/RestauracjaBraterskaTarnow<\/a>\u00a0\u00a0<a href=\"mailto:braterska.tar@gmail.com\">braterska.tar@gmail.com<\/a>\u00a0\u00a0<br \/>\r\n\u00a0Cuisine: traditionale, polacca, vegetariana<\/p>\r\n<p>&nbsp;<\/p>\r\n<p><b>\u201cW\u0142\u00f3czykij\u201d Reistorante<\/b><br \/>\r\nul. Bernardy\u0144ska 2, 33-100 Tarn\u00f3w<br \/>\r\ntel: +48 796 202 966\u00a0<br \/>\r\n<a class=\"target_blank\" href=\"http:\/\/www.wloczykij-tarnow.pl\/\">www.wloczykij-tarnow.pl<\/a>\u00a0\u00a0<br \/>\r\nCuisine: traditional Polish, world, oriental\u00a0<\/p>\r\n<p>&nbsp;<\/p>\r\n<p><b>\u201cJani Sushi\u201d Ristorante&amp;Pizzeria<\/b><br \/>\r\nul. Krasi\u0144skiego 42, 33-100 Tarn\u00f3w<br \/>\r\ntel: +48 14 307 02 05; mobile: +48 535 535 700<br \/>\r\n<a class=\"target_blank\" href=\"http:\/\/janisushi.pl\/\">janisushi.pl<\/a>\u00a0\u00a0<a href=\"mailto:catering@janisushi.pl%C2%A0\">catering@janisushi.pl<\/a>\u00a0\u00a0\u00a0<br \/>\r\nCucina: Japanese, Sushi, orientale, vegetariana<\/p>\r\n<p>&nbsp;<\/p>\r\n<p>\u00a0<b>\u201cWinnica\u201d Reistorante<\/b><br \/>\r\n\u00a0ul. Lotnicza 22, 33-100 Tarn\u00f3w<br \/>\r\n\u00a0tel: +48 604 898 393<br \/>\r\n<a class=\"target_blank\" href=\"http:\/\/www.winnica-restauracja.pl\/\">www.winnica-restauracja.pl<\/a>\u00a0\u00a0<a href=\"mailto:kontakt@winnica-restauracja.pl\">kontakt@winnica-restauracja.pl<\/a><br \/>\r\n\u00a0Cucina: polacca<\/p>\r\n<p>&nbsp;<\/p>\r\n<p><b>\u201cCzarny Sezam\u201d Ristorante<\/b><br \/>\r\n\u00a0ul. Mo\u015bcickiego 50, 33-100 Tarn\u00f3w<br \/>\r\n\u00a0tel: +48 14 639 08 07<br \/>\r\n<a class=\"target_blank\" href=\"http:\/\/czarnysezam.pl\/\">http:\/\/czarnysezam.pl\/<\/a><br \/>\r\n\u00a0Cucina: orientale, vegetariana<\/p>\r\n<p>&nbsp;<\/p>\r\n<p><br \/>\r\n<strong><i>Attualizato: 17 Aprile 2020<\/i><\/strong><\/p>\r\n<p>&nbsp;<\/p>\r\n<p>&nbsp;<\/p>","protected":false},"excerpt":{"rendered":"\u2192 I ristoranti pi\u00f9 raccomandati a Tarn\u00f3w &nbsp; &nbsp; Ristoranti e bar a Tarn\u00f3w &#8211; posto degli incontri Decine di bar, pub e ristoranti,si trovano nei luoghi storici ed anche [&hellip;]","protected":false},"author":1,"featured_media":0,"parent":0,"menu_order":577,"comment_status":"closed","ping_status":"closed","template":"","meta":{"_acf_changed":false,"footnotes":""},"tags":[],"class_list":["post-10058","page","type-page","status-publish","hentry"],"acf":{"old_object_id":"238","old_parent_id":"65","old_url":"Ristoranti","intro_text":"","show_children":"1","class":"folder","type":"single","in_menu":true,"show_date":false,"map":"","old_id":"","top_column":"","left_column":"","right_column":"","bottom_column":"","skip_import":false,"_menu_related_id":"96440","rooms_info":""},"yoast_head":"<!-- This site is optimized with the Yoast SEO Premium plugin v25.4 (Yoast SEO v25.4) - https:\/\/yoast.com\/wordpress\/plugins\/seo\/ -->\n<title>Ristoranti - Tarnowskie Centrum Informacji<\/title>\n<meta name=\"robots\" content=\"index, follow, max-snippet:-1, max-image-preview:large, max-video-preview:-1\" \/>\n<link rel=\"canonical\" href=\"https:\/\/www.it.tarnow.pl\/it\/ristoranti\/\" \/>\n<meta property=\"og:locale\" content=\"it_IT\" \/>\n<meta property=\"og:type\" content=\"article\" \/>\n<meta property=\"og:title\" content=\"Ristoranti\" \/>\n<meta property=\"og:description\" content=\"\u2192 I ristoranti pi\u00f9 raccomandati a Tarn\u00f3w &nbsp; &nbsp; Ristoranti e bar a Tarn\u00f3w &#8211; posto degli incontri Decine di bar, pub e ristoranti,si trovano nei luoghi storici ed anche [&hellip;]\" \/>\n<meta property=\"og:url\" content=\"https:\/\/www.it.tarnow.pl\/it\/ristoranti\/\" \/>\n<meta property=\"og:site_name\" content=\"Tarnowskie Centrum Informacji\" \/>\n<meta property=\"article:modified_time\" content=\"2022-03-28T10:24:50+00:00\" \/>\n<meta name=\"twitter:card\" content=\"summary_large_image\" \/>\n<meta name=\"twitter:label1\" content=\"Tempo di lettura stimato\" \/>\n\t<meta name=\"twitter:data1\" content=\"4 minuti\" \/>\n<script type=\"application\/ld+json\" class=\"yoast-schema-graph\">{\"@context\":\"https:\/\/schema.org\",\"@graph\":[{\"@type\":\"WebPage\",\"@id\":\"https:\/\/www.it.tarnow.pl\/it\/ristoranti\/\",\"url\":\"https:\/\/www.it.tarnow.pl\/it\/ristoranti\/\",\"name\":\"Ristoranti - Tarnowskie Centrum Informacji\",\"isPartOf\":{\"@id\":\"https:\/\/www.it.tarnow.pl\/#website\"},\"datePublished\":\"2009-11-30T11:26:16+00:00\",\"dateModified\":\"2022-03-28T10:24:50+00:00\",\"breadcrumb\":{\"@id\":\"https:\/\/www.it.tarnow.pl\/it\/ristoranti\/#breadcrumb\"},\"inLanguage\":\"it-IT\",\"potentialAction\":[{\"@type\":\"ReadAction\",\"target\":[\"https:\/\/www.it.tarnow.pl\/it\/ristoranti\/\"]}]},{\"@type\":\"BreadcrumbList\",\"@id\":\"https:\/\/www.it.tarnow.pl\/it\/ristoranti\/#breadcrumb\",\"itemListElement\":[{\"@type\":\"ListItem\",\"position\":1,\"name\":\"Pagina iniziale\",\"item\":\"https:\/\/www.it.tarnow.pl\/it\/\"},{\"@type\":\"ListItem\",\"position\":2,\"name\":\"Ristoranti\"}]},{\"@type\":\"WebSite\",\"@id\":\"https:\/\/www.it.tarnow.pl\/#website\",\"url\":\"https:\/\/www.it.tarnow.pl\/\",\"name\":\"Tarnowskie Centrum Informacji\",\"description\":\"Informacja turystyczna o Tarnowie i regionie tarnowskim.\",\"potentialAction\":[{\"@type\":\"SearchAction\",\"target\":{\"@type\":\"EntryPoint\",\"urlTemplate\":\"https:\/\/www.it.tarnow.pl\/?s={search_term_string}\"},\"query-input\":{\"@type\":\"PropertyValueSpecification\",\"valueRequired\":true,\"valueName\":\"search_term_string\"}}],\"inLanguage\":\"it-IT\"}]}<\/script>\n<!-- \/ Yoast SEO Premium plugin. -->","yoast_head_json":{"title":"Ristoranti - Tarnowskie Centrum Informacji","robots":{"index":"index","follow":"follow","max-snippet":"max-snippet:-1","max-image-preview":"max-image-preview:large","max-video-preview":"max-video-preview:-1"},"canonical":"https:\/\/www.it.tarnow.pl\/it\/ristoranti\/","og_locale":"it_IT","og_type":"article","og_title":"Ristoranti","og_description":"\u2192 I ristoranti pi\u00f9 raccomandati a Tarn\u00f3w &nbsp; &nbsp; Ristoranti e bar a Tarn\u00f3w &#8211; posto degli incontri Decine di bar, pub e ristoranti,si trovano nei luoghi storici ed anche [&hellip;]","og_url":"https:\/\/www.it.tarnow.pl\/it\/ristoranti\/","og_site_name":"Tarnowskie Centrum Informacji","article_modified_time":"2022-03-28T10:24:50+00:00","twitter_card":"summary_large_image","twitter_misc":{"Tempo di lettura stimato":"4 minuti"},"schema":{"@context":"https:\/\/schema.org","@graph":[{"@type":"WebPage","@id":"https:\/\/www.it.tarnow.pl\/it\/ristoranti\/","url":"https:\/\/www.it.tarnow.pl\/it\/ristoranti\/","name":"Ristoranti - Tarnowskie Centrum Informacji","isPartOf":{"@id":"https:\/\/www.it.tarnow.pl\/#website"},"datePublished":"2009-11-30T11:26:16+00:00","dateModified":"2022-03-28T10:24:50+00:00","breadcrumb":{"@id":"https:\/\/www.it.tarnow.pl\/it\/ristoranti\/#breadcrumb"},"inLanguage":"it-IT","potentialAction":[{"@type":"ReadAction","target":["https:\/\/www.it.tarnow.pl\/it\/ristoranti\/"]}]},{"@type":"BreadcrumbList","@id":"https:\/\/www.it.tarnow.pl\/it\/ristoranti\/#breadcrumb","itemListElement":[{"@type":"ListItem","position":1,"name":"Pagina iniziale","item":"https:\/\/www.it.tarnow.pl\/it\/"},{"@type":"ListItem","position":2,"name":"Ristoranti"}]},{"@type":"WebSite","@id":"https:\/\/www.it.tarnow.pl\/#website","url":"https:\/\/www.it.tarnow.pl\/","name":"Tarnowskie Centrum Informacji","description":"Informacja turystyczna o Tarnowie i regionie tarnowskim.","potentialAction":[{"@type":"SearchAction","target":{"@type":"EntryPoint","urlTemplate":"https:\/\/www.it.tarnow.pl\/?s={search_term_string}"},"query-input":{"@type":"PropertyValueSpecification","valueRequired":true,"valueName":"search_term_string"}}],"inLanguage":"it-IT"}]}},"_links":{"self":[{"href":"https:\/\/www.it.tarnow.pl\/it\/wp-json\/wp\/v2\/pages\/10058","targetHints":{"allow":["GET"]}}],"collection":[{"href":"https:\/\/www.it.tarnow.pl\/it\/wp-json\/wp\/v2\/pages"}],"about":[{"href":"https:\/\/www.it.tarnow.pl\/it\/wp-json\/wp\/v2\/types\/page"}],"author":[{"embeddable":true,"href":"https:\/\/www.it.tarnow.pl\/it\/wp-json\/wp\/v2\/users\/1"}],"replies":[{"embeddable":true,"href":"https:\/\/www.it.tarnow.pl\/it\/wp-json\/wp\/v2\/comments?post=10058"}],"version-history":[{"count":0,"href":"https:\/\/www.it.tarnow.pl\/it\/wp-json\/wp\/v2\/pages\/10058\/revisions"}],"wp:attachment":[{"href":"https:\/\/www.it.tarnow.pl\/it\/wp-json\/wp\/v2\/media?parent=10058"}],"wp:term":[{"taxonomy":"post_tag","embeddable":true,"href":"https:\/\/www.it.tarnow.pl\/it\/wp-json\/wp\/v2\/tags?post=10058"}],"curies":[{"name":"wp","href":"https:\/\/api.w.org\/{rel}","templated":true}]}}