{"id":10053,"date":"2016-12-08T09:04:47","date_gmt":"2016-12-08T08:04:47","guid":{"rendered":"http:\/\/www.it.tarnow.pl\/ostelli\/"},"modified":"2026-01-16T13:29:31","modified_gmt":"2026-01-16T12:29:31","slug":"ostelli","status":"publish","type":"page","link":"https:\/\/www.it.tarnow.pl\/it\/dove-dormire\/regione\/ostelli\/","title":{"rendered":"Ostelli"},"content":{"rendered":"<p>&nbsp;<\/p>\r\n<div class=\"table-responsive\">\r\n<table class=\"table-default table\" style=\"width: 100%;\" border=\"0\" width=\"100%\" cellspacing=\"0\" cellpadding=\"2\">\r\n<tbody>\r\n<tr>\r\n<td style=\"vertical-align: top;\" valign=\"top\">\r\n<h3>REGIONE DI TARN\u00d3W<\/h3>\r\n<h3>\u00a0<\/h3>\r\n<\/td>\r\n<\/tr>\r\n<tr>\r\n<td style=\"vertical-align: top;\" valign=\"top\">\r\n<table class=\" table-bordered table-hover table\" style=\"width: 100%;\" border=\"0\" width=\"100%\" cellspacing=\"0\" cellpadding=\"2\">\r\n<tbody>\r\n<tr>\r\n<td style=\"vertical-align: top;\" colspan=\"5\" valign=\"top\"><b>Bac\u00f3wka Brzanka<\/b><br \/>\r\nJod\u0142\u00f3wka Tuchowska 125, 33-173 Jod\u0142\u00f3wka Tuchowska\u00a0<br \/>\r\ntelefono: +48 14 652 68 02\u00a0<br \/>\r\n<a class=\"target_blank\" href=\"http:\/\/www.brzanka.pl\/\">www.brzanka.pl<\/a> \u00a0<a href=\"mailto:recepcja@brzanka.pl\">recepcja@brzanka.pl<\/a> \u00a0<br \/>\r\n<i><i>attualizzato: 16.01.2026<\/i><\/i><\/td>\r\n<\/tr>\r\n<tr>\r\n<td style=\"vertical-align: top;\" colspan=\"5\" valign=\"top\">\r\n<p>&nbsp;<\/p>\r\n<p><b>Schronisko &#8220;Bac\u00f3wka na Jamnej&#8221;<\/b><br \/>\r\nJamna 46, 32-842 Pale\u015bnica\u00a0<br \/>\r\ntelefono\/fax: +48 14 14665 41 18\u00a0<br \/>\r\n<a href=\"http:\/\/bacowkajamna.pl\/\">http:\/\/bacowkajamna.pl\/<\/a>\u00a0<br \/>\r\n<i><i>attualizzato:16.01.2026\u00a0<\/i><\/i><\/p>\r\n<\/td>\r\n<\/tr>\r\n<tr>\r\n<td style=\"vertical-align: top;\" colspan=\"5\" valign=\"top\">\r\n<p>&nbsp;<\/p>\r\n<p><b>Szkolne Schronisko M\u0142odzie\u017cowe<\/b><br \/>\r\nul. \u015aw. Andrzeja 6, 33-190 Ci\u0119\u017ckowice\u00a0<br \/>\r\ntelefono: +48 14 651 02 25, cellulare: +48 510 913 856<br \/>\r\n<a class=\"target_blank\" href=\"http:\/\/www.schronisko.ciezkowice.com\/\">www.schronisko.ciezkowice.com<\/a> <a href=\"ssmciezkowice@op.pl\">ssmciezkowice@op.pl<\/a><br \/>\r\n<br \/>\r\nattualizzato: <i>16.01.2026<\/i><\/p>\r\n<\/td>\r\n<\/tr>\r\n<\/tbody>\r\n<\/table>\r\n<p>&nbsp;<\/p>\r\n<\/td>\r\n<\/tr>\r\n<tr>\r\n<td style=\"vertical-align: top;\" valign=\"top\">\r\n<p>&nbsp;<\/p>\r\n<p><b>Family Libirt<\/b>\u00a0<b>Motel<\/b>\u00a0<br \/>\r\n\u00a0Bre\u0144 89 A, 33-140 Lisia G\u00f3ra\u00a0<br \/>\r\n\u00a0telefono\/fax: +48 14 678 46 19\u00a0<br \/>\r\n<a class=\"target_blank\" href=\"http:\/\/www.libirt.pl\/\">www.libirt.pl<\/a> <br \/>\r\n<i>attualizzato: 16.01.2026<\/i><\/p>\r\n<\/td>\r\n<\/tr>\r\n<tr>\r\n<td style=\"vertical-align: top;\" valign=\"top\">\r\n<p>&nbsp;<\/p>\r\n<p><b>Zajazd Relax<\/b>\u00a0<br \/>\r\n\u00a0via Jana Bro\u0144ka 6, 33-190 Ci\u0119\u017ckowice\u00a0<br \/>\r\n\u00a0telefono: +48 14 651 02 80, cellulare: +48 607 542 276\u00a0<br \/>\r\n<a href=\"https:\/\/www.facebook.com\/ZajazdRelax\">www.facebook.com\/ZajazdRelax \u00a0 zajazdrelax@zajazdrelax.pl<\/a> \u00a0<br \/>\r\n<i>attualizzato: 16.01.2026<\/i><\/p>\r\n<p>&nbsp;<\/p>\r\n<\/td>\r\n<\/tr>\r\n<\/tbody>\r\n<\/table>\r\n<div class=\"table-responsive\">\r\n<table class=\"table-default table\" style=\"width: 100%;\" border=\"0\" width=\"100%\" cellspacing=\"0\" cellpadding=\"2\">\r\n<tbody>\r\n<tr>\r\n<td style=\"vertical-align: top;\" valign=\"top\">\r\n<h3>REGIONE DI D\u0104BROWA TARNOWSKA<\/h3>\r\n<p>&nbsp;<\/p>\r\n<table class=\" table-bordered table-hover table\" style=\"width: 100%;\" border=\"0\" width=\"100%\" cellspacing=\"0\" cellpadding=\"2\">\r\n<tbody>\r\n<tr>\r\n<td style=\"vertical-align: top;\" colspan=\"5\" valign=\"top\">\r\n<p><b>Szkolne Schronisko M\u0142odzie\u017cowe<\/b><br \/>\r\nvia Pi\u0142sudskiego 44, 33-200 D\u0105browa Tarnowska<br \/>\r\ntelefono: +48 14 642 23 73\u00a0<br \/>\r\n<i><i>attualizzato: 16.01.2026<i><i><\/i><\/i><\/i><\/i><\/p>\r\n<\/td>\r\n<\/tr>\r\n<tr>\r\n<td style=\"vertical-align: top;\" colspan=\"5\" valign=\"top\">\u00a0<\/td>\r\n<\/tr>\r\n<\/tbody>\r\n<\/table>\r\n<\/td>\r\n<td>&nbsp;<\/td>\r\n<\/tr>\r\n<tr>\r\n<td style=\"vertical-align: top;\" valign=\"top\">\r\n<h3>\u00a0<\/h3>\r\n<h3><b>REGIONE DI\u00a0BOCHNIA<\/b><\/h3>\r\n<p>&nbsp;<\/p>\r\n<p>&nbsp;<\/p>\r\n<div class=\"table-responsive\">\r\n<table class=\" table-bordered table-hover table\" style=\"width: 100%;\" border=\"0\" width=\"100%\" cellspacing=\"0\" cellpadding=\"2\">\r\n<tbody>\r\n<tr>\r\n<td style=\"vertical-align: top; width: 0.75358%;\" colspan=\"5\" valign=\"top\">\r\n<p><b>Dom Pielgrzyma<\/b>\u00a0<br \/>\r\nvia Stasiaka 10, 32-700 Bochnia\u00a0<br \/>\r\ntelefono: +48 14 612 21 95, fax: +48 14 612 21 99\u00a0<\/p>\r\n<p><a href=\"http:\/\/www.it.tarnow.pl\/object\/dom-pielgrzyma\/\">www.it.tarnow.pl\/object\/dom-pielgrzyma\/<\/a><br \/>\r\n<i><i>attualizzato:16.01.2026 <\/i><\/i><\/p>\r\n<\/td>\r\n<\/tr>\r\n<tr>\r\n<td style=\"vertical-align: top; width: 0.75358%;\" colspan=\"5\" valign=\"top\">\r\n<p>&nbsp;<\/p>\r\n<p><b>Szkolne Schronisko M\u0142odzie\u017cowe<\/b>\u00a0*\u00a0<br \/>\r\nRozdziele 194, 32-731 \u017begocina\u00a0<br \/>\r\ntelefono\/fax: +48 14 613 30 87\u00a0<br \/>\r\n<a class=\"target_blank\" href=\"http:\/\/www.schronisko.rozdziele.pl\/\">www.schronisko.rozdziele.pl<\/a> ,\u00a0<a href=\"mailto:schronisko@rozdziele.pl\">schronisko@rozdziele.pl<\/a> \u00a0<br \/>\r\n<i><i>attualizzato: 16.01.2026<\/i><\/i><\/p>\r\n<p>&nbsp;<\/p>\r\n<\/td>\r\n<\/tr>\r\n<\/tbody>\r\n<\/table>\r\n<\/div>\r\n<\/td>\r\n<td>&nbsp;<\/td>\r\n<\/tr>\r\n<tr>\r\n<td style=\"vertical-align: top;\" valign=\"top\">\r\n<p>\u00a0<b>Mi\u015b Motel **<\/b><\/p>\r\n<p>\u00a0\u0141azy 7, 32-765 Rzezawa<br \/>\r\n\u00a0telefono\/fax: +48 14 611 26 98, cellulare: +48 602 586 044<br \/>\r\n<a href=\"https:\/\/www.booking.com\/hotel\/pl\/mis.pl.html\">motelmis@op.pl<\/a> <a href=\"https:\/\/www.booking.com\/hotel\/pl\/mis.pl.html\">www.booking.com\/hotel\/pl\/mis.pl.html<\/a><br \/>\r\n<i><i>attualizzato: 16.01.2026<\/i><\/i><\/p>\r\n<\/td>\r\n<td>&nbsp;<\/td>\r\n<\/tr>\r\n<tr>\r\n<td style=\"vertical-align: top;\" valign=\"top\">\u00a0<\/td>\r\n<td>&nbsp;<\/td>\r\n<\/tr>\r\n<tr>\r\n<td style=\"vertical-align: top;\" valign=\"top\">\r\n<h3>\u00a0\u00a0REGIONE DI\u00a0BRZESKO<\/h3>\r\n<p>&nbsp;<\/p>\r\n<p>&nbsp;<\/p>\r\n<p><b>Szkolne Schronisko M\u0142odzie\u017cowe<\/b><\/p>\r\n<p>via Piastowska 2, 32-800 Brzesko\u00a0<br \/>\r\ntelefono\/fax: +48 14 663 00 63, cellulare: +48 698 610 635\u00a0<br \/>\r\n<a href=\"http:\/\/www.ssm-brzesko.pl\/\">http:\/\/www.ssm-brzesko.pl\/<\/a> <br \/>\r\n<a href=\"http:\/\/www.pzpobiecz.pl\/schronisko\/cennik-uslug.html\">recepcja@ssm-brzesko.pl\u00a0dyrektor@ssm-brzesko.pl<\/a> \u00a0<br \/>\r\n<i>updated:16.01.2026\u00a0<\/i><\/p>\r\n<p>&nbsp;<\/p>\r\n<\/td>\r\n<td>&nbsp;<\/td>\r\n<\/tr>\r\n<tr>\r\n<td style=\"vertical-align: top;\" valign=\"top\">\r\n<p>&nbsp;<\/p>\r\n<p><b>Zajazd &#8220;Por\u0105bka&#8221;<\/b>\u00a0<br \/>\r\n\u00a0Por\u0105bka Uszewska 63, 32-854 Por\u0105bka Uszewska\u00a0<br \/>\r\n\u00a0telefono\/fax: +48 14 665 68 88, cellulare: +48 603 034 713\u00a0<br \/>\r\n<a class=\"target_blank\" href=\"http:\/\/www.zajazdporabka.com.pl\/\">www.zajazdporabka.com.pl<\/a> \u00a0<a href=\"mailto:zajazd@zajazdporabka.com.pl\">zajazd@zajazdporabka.com.pl<\/a> \u00a0<br \/>\r\n<i>attualizzato: 16.01.2026<\/i><\/p>\r\n<\/td>\r\n<td>&nbsp;<\/td>\r\n<\/tr>\r\n<tr>\r\n<td style=\"vertical-align: top;\" valign=\"top\">\u00a0<\/td>\r\n<td>&nbsp;<\/td>\r\n<\/tr>\r\n<tr>\r\n<td style=\"vertical-align: top;\" valign=\"top\">\r\n<p>&nbsp;<\/p>\r\n<h3>\u00a0REGIONE DI\u00a0D\u0118BICA<\/h3>\r\n<p><b>Szkolne Schronisko M\u0142odzie\u017cowe &#8220;Rozdzielnia Wiatr\u00f3w&#8221;<\/b>\u00a0<\/p>\r\n<p>G\u0142obikowa 81 c, 39-210 D\u0119bica\u00a0<br \/>\r\ntelefono\/fax: +48 14 681 67 69, cellulare: +48 606 182 439\u00a0<br \/>\r\n<a href=\"mailto:wadas@wp.pl\">wadas@wp.pl<\/a> <a href=\"https:\/\/www.facebook.com\/pages\/Rozdzielnia-Wiatr%C3%B3w\/484818788259051\">www.facebook.com\/pages\/Rozdzielnia-Wiatr%C3%B3w\/484818788259051<\/a><br \/>\r\n<i>attualizzato: 16.01.2026<i><i><\/i><\/i><\/i><\/p>\r\n<p><b>Gospoda &#8220;U 7 Zb\u00f3j\u00f3w&#8221;\u00a0<\/b><br \/>\r\nStrzegocice 72, 39-223 Strzegocice\u00a0<br \/>\r\n\u00a0cellulare: +48 502 300 302\u00a0<br \/>\r\n<a class=\"target_blank\" href=\"http:\/\/www.u7zbojow.pl\/\">www.u7zbojow.pl<\/a> \u00a0<a href=\"mailto:gospoda@u7zbojow.pl\">gospoda@u7zbojow.pl<\/a> <br \/>\r\n<i>attualizzato: 16.01.2026<\/i><\/p>\r\n<\/td>\r\n<td style=\"vertical-align: top;\" valign=\"top\">\u00a0<\/td>\r\n<\/tr>\r\n<tr>\r\n<td style=\"vertical-align: top;\" valign=\"top\">\r\n<p>&nbsp;<\/p>\r\n<p><b>Taurus Motel *<\/b><br \/>\r\nStrzegocice 116C, 39-223 Strzegocice<br \/>\r\ntelefono: +48 14 625 88 28\u00a0<br \/>\r\n<a class=\"target_blank\" href=\"http:\/\/www.stan-taurus.com.pl\/motel-taurus-strzegocice.html\">www.stan-taurus.com.pl<\/a> \u00a0<a href=\"mailto:barstrzegocice@stan-taurus.com.pl\">barstrzegocice@stan-taurus.com.pl<\/a> \u00a0<br \/>\r\n<i>attualizzato: 16.01.2026<\/i><\/p>\r\n<p>&nbsp;<\/p>\r\n<div class=\"table-responsive\">\r\n<table class=\"table-default table\" style=\"width: 100%;\" border=\"0\" width=\"100%\" cellspacing=\"0\" cellpadding=\"2\">\r\n<tbody>\r\n<tr>\r\n<td style=\"vertical-align: top;\" valign=\"top\">\r\n<h3>REGIONE DI GORLICE<\/h3>\r\n<p>&nbsp;<\/p>\r\n<table class=\" table-bordered table-hover table\" style=\"width: 100%;\" border=\"0\" width=\"100%\" cellspacing=\"0\" cellpadding=\"2\">\r\n<tbody>\r\n<tr>\r\n<td style=\"vertical-align: top;\" colspan=\"5\" valign=\"top\">\r\n<p><b>Szkolne Schronisko M\u0142odzie\u017cowe<\/b><br \/>\r\nvia Parkowa 1, 38-250 Biecz<br \/>\r\ntelefono\/fax: +48 13 447 10 14<br \/>\r\n<a href=\"http:\/\/www.pzpobiecz.pl\/schronisko\/cennik-uslug.html\">http:\/\/www.pzpobiecz.pl<\/a> ,\u00a0<a href=\"mailto:ptsmbiecz@vp.pl\">ptsmbiecz@vp.pl<\/a> <br \/>\r\n<i><i>attualizzato:16.01.2026 <\/i><\/i><\/p>\r\n<p>&nbsp;<\/p>\r\n<\/td>\r\n<\/tr>\r\n<tr>\r\n<td style=\"vertical-align: top;\" colspan=\"5\" valign=\"top\">\r\n<p><b>Szkolne Schronisko M\u0142odzie\u017cowe<\/b><br \/>\r\nBobowa 131, 38-350 Bobowa<br \/>\r\ntelefono: +48 18 351 40 31<br \/>\r\n<a href=\"http:\/\/www.biecz.pl\/asp\/pliki\/Dla_turystow\/baza_noclegowa_gminy_biecz_2016.pdf\">www.biecz.pl\/asp\/pliki\/Dla_turystow\/baza_noclegowa_gminy_biecz_2016.pdf<\/a> <a href=\"mailto:sekretariat@zsz.bobowa.pl\">sekretariat@zsz.bobowa.pl<\/a> <br \/>\r\n<i>attualizzato: 16.01.2026<\/i><\/p>\r\n<p>&nbsp;<\/p>\r\n<\/td>\r\n<\/tr>\r\n<\/tbody>\r\n<\/table>\r\n<\/td>\r\n<\/tr>\r\n<tr>\r\n<td style=\"vertical-align: top;\" valign=\"top\">\u00a0<b>\u201e<\/b><b>Pod kogutkiem\u201d Motel<\/b><br \/>\r\nvia Str\u00f3\u017cowska 115, 38-300 Gorlice\u00a0<br \/>\r\n\u00a0telefono\/fax: +48 18 352 28 00\u00a0<br \/>\r\n<a class=\"target_blank\" href=\"http:\/\/www.kogutek.gorlice.pl\/\">www.kogutek.gorlice.pl<\/a> \u00a0<br \/>\r\n<i>attualizzato: 16.01.2026<\/i><\/td>\r\n<\/tr>\r\n<tr>\r\n<td style=\"vertical-align: top;\" valign=\"top\">\r\n<p>&nbsp;<\/p>\r\n<p><b>Zajazd Ostoja<\/b><br \/>\r\nvia Grunwaldzka 78, 38-350 Bobowa<br \/>\r\ntelefono\/fax: +48 18 351 41 69, mobile: +48 602 440 123<br \/>\r\n<a class=\"target_blank\" href=\"http:\/\/www.zajazdostoja.pl\/\">www.zajazdostoja.pl<\/a> \u00a0<a href=\"mailto:kontakt@zajazdostoja.pl\">kontakt@zajazdostoja.pl<\/a> \u00a0<br \/>\r\n<i>attualizzato:16.01.2026\u00a0<\/i><\/p>\r\n<\/td>\r\n<\/tr>\r\n<\/tbody>\r\n<\/table>\r\n<\/div>\r\n<\/td>\r\n<td>&nbsp;<\/td>\r\n<\/tr>\r\n<\/tbody>\r\n<\/table>\r\n<\/div>\r\n<\/div>","protected":false},"excerpt":{"rendered":"&nbsp; REGIONE DI TARN\u00d3W \u00a0 Bac\u00f3wka Brzanka Jod\u0142\u00f3wka Tuchowska 125, 33-173 Jod\u0142\u00f3wka Tuchowska\u00a0 telefono: +48 14 652 68 02\u00a0 www.brzanka.pl \u00a0recepcja@brzanka.pl \u00a0 attualizzato: 16.01.2026 &nbsp; Schronisko &#8220;Bac\u00f3wka na Jamnej&#8221; Jamna [&hellip;]","protected":false},"author":1,"featured_media":0,"parent":10051,"menu_order":731,"comment_status":"closed","ping_status":"closed","template":"","meta":{"_acf_changed":false,"footnotes":""},"tags":[],"class_list":["post-10053","page","type-page","status-publish","hentry"],"acf":{"old_object_id":"22592","old_parent_id":"22590","old_url":"Dove-dormire\/Regione\/Ostelli","intro_text":"","class":"folder","type":"single","in_menu":true,"show_date":false,"map":"","old_id":"","rooms_info":"","top_column":"","left_column":"","right_column":"","bottom_column":"","show_children":"","skip_import":false,"_menu_related_id":"96436"},"yoast_head":"<!-- This site is optimized with the Yoast SEO Premium plugin v25.4 (Yoast SEO v25.4) - https:\/\/yoast.com\/wordpress\/plugins\/seo\/ -->\n<title>Ostelli - Tarnowskie Centrum Informacji<\/title>\n<meta name=\"robots\" content=\"index, follow, max-snippet:-1, max-image-preview:large, max-video-preview:-1\" \/>\n<link rel=\"canonical\" href=\"https:\/\/www.it.tarnow.pl\/it\/dove-dormire\/regione\/ostelli\/\" \/>\n<meta property=\"og:locale\" content=\"it_IT\" \/>\n<meta property=\"og:type\" content=\"article\" \/>\n<meta property=\"og:title\" content=\"Ostelli\" \/>\n<meta property=\"og:description\" content=\"&nbsp; REGIONE DI TARN\u00d3W \u00a0 Bac\u00f3wka Brzanka Jod\u0142\u00f3wka Tuchowska 125, 33-173 Jod\u0142\u00f3wka Tuchowska\u00a0 telefono: +48 14 652 68 02\u00a0 www.brzanka.pl \u00a0recepcja@brzanka.pl \u00a0 attualizzato: 16.01.2026 &nbsp; Schronisko &#8220;Bac\u00f3wka na Jamnej&#8221; Jamna [&hellip;]\" \/>\n<meta property=\"og:url\" content=\"https:\/\/www.it.tarnow.pl\/it\/dove-dormire\/regione\/ostelli\/\" \/>\n<meta property=\"og:site_name\" content=\"Tarnowskie Centrum Informacji\" \/>\n<meta property=\"article:modified_time\" content=\"2026-01-16T12:29:31+00:00\" \/>\n<meta name=\"twitter:card\" content=\"summary_large_image\" \/>\n<meta name=\"twitter:label1\" content=\"Tempo di lettura stimato\" \/>\n\t<meta name=\"twitter:data1\" content=\"2 minuti\" \/>\n<script type=\"application\/ld+json\" class=\"yoast-schema-graph\">{\"@context\":\"https:\/\/schema.org\",\"@graph\":[{\"@type\":\"WebPage\",\"@id\":\"https:\/\/www.it.tarnow.pl\/it\/dove-dormire\/regione\/ostelli\/\",\"url\":\"https:\/\/www.it.tarnow.pl\/it\/dove-dormire\/regione\/ostelli\/\",\"name\":\"Ostelli - Tarnowskie Centrum Informacji\",\"isPartOf\":{\"@id\":\"https:\/\/www.it.tarnow.pl\/#website\"},\"datePublished\":\"2016-12-08T08:04:47+00:00\",\"dateModified\":\"2026-01-16T12:29:31+00:00\",\"breadcrumb\":{\"@id\":\"https:\/\/www.it.tarnow.pl\/it\/dove-dormire\/regione\/ostelli\/#breadcrumb\"},\"inLanguage\":\"it-IT\",\"potentialAction\":[{\"@type\":\"ReadAction\",\"target\":[\"https:\/\/www.it.tarnow.pl\/it\/dove-dormire\/regione\/ostelli\/\"]}]},{\"@type\":\"BreadcrumbList\",\"@id\":\"https:\/\/www.it.tarnow.pl\/it\/dove-dormire\/regione\/ostelli\/#breadcrumb\",\"itemListElement\":[{\"@type\":\"ListItem\",\"position\":1,\"name\":\"Pagina iniziale\",\"item\":\"https:\/\/www.it.tarnow.pl\/it\/\"},{\"@type\":\"ListItem\",\"position\":2,\"name\":\"Dove dormire\",\"item\":\"https:\/\/www.it.tarnow.pl\/it\/dove-dormire\/\"},{\"@type\":\"ListItem\",\"position\":3,\"name\":\"Regione\",\"item\":\"https:\/\/www.it.tarnow.pl\/it\/dove-dormire\/regione\/\"},{\"@type\":\"ListItem\",\"position\":4,\"name\":\"Ostelli\"}]},{\"@type\":\"WebSite\",\"@id\":\"https:\/\/www.it.tarnow.pl\/#website\",\"url\":\"https:\/\/www.it.tarnow.pl\/\",\"name\":\"Tarnowskie Centrum Informacji\",\"description\":\"Informacja turystyczna o Tarnowie i regionie tarnowskim.\",\"potentialAction\":[{\"@type\":\"SearchAction\",\"target\":{\"@type\":\"EntryPoint\",\"urlTemplate\":\"https:\/\/www.it.tarnow.pl\/?s={search_term_string}\"},\"query-input\":{\"@type\":\"PropertyValueSpecification\",\"valueRequired\":true,\"valueName\":\"search_term_string\"}}],\"inLanguage\":\"it-IT\"}]}<\/script>\n<!-- \/ Yoast SEO Premium plugin. -->","yoast_head_json":{"title":"Ostelli - Tarnowskie Centrum Informacji","robots":{"index":"index","follow":"follow","max-snippet":"max-snippet:-1","max-image-preview":"max-image-preview:large","max-video-preview":"max-video-preview:-1"},"canonical":"https:\/\/www.it.tarnow.pl\/it\/dove-dormire\/regione\/ostelli\/","og_locale":"it_IT","og_type":"article","og_title":"Ostelli","og_description":"&nbsp; REGIONE DI TARN\u00d3W \u00a0 Bac\u00f3wka Brzanka Jod\u0142\u00f3wka Tuchowska 125, 33-173 Jod\u0142\u00f3wka Tuchowska\u00a0 telefono: +48 14 652 68 02\u00a0 www.brzanka.pl \u00a0recepcja@brzanka.pl \u00a0 attualizzato: 16.01.2026 &nbsp; Schronisko &#8220;Bac\u00f3wka na Jamnej&#8221; Jamna [&hellip;]","og_url":"https:\/\/www.it.tarnow.pl\/it\/dove-dormire\/regione\/ostelli\/","og_site_name":"Tarnowskie Centrum Informacji","article_modified_time":"2026-01-16T12:29:31+00:00","twitter_card":"summary_large_image","twitter_misc":{"Tempo di lettura stimato":"2 minuti"},"schema":{"@context":"https:\/\/schema.org","@graph":[{"@type":"WebPage","@id":"https:\/\/www.it.tarnow.pl\/it\/dove-dormire\/regione\/ostelli\/","url":"https:\/\/www.it.tarnow.pl\/it\/dove-dormire\/regione\/ostelli\/","name":"Ostelli - Tarnowskie Centrum Informacji","isPartOf":{"@id":"https:\/\/www.it.tarnow.pl\/#website"},"datePublished":"2016-12-08T08:04:47+00:00","dateModified":"2026-01-16T12:29:31+00:00","breadcrumb":{"@id":"https:\/\/www.it.tarnow.pl\/it\/dove-dormire\/regione\/ostelli\/#breadcrumb"},"inLanguage":"it-IT","potentialAction":[{"@type":"ReadAction","target":["https:\/\/www.it.tarnow.pl\/it\/dove-dormire\/regione\/ostelli\/"]}]},{"@type":"BreadcrumbList","@id":"https:\/\/www.it.tarnow.pl\/it\/dove-dormire\/regione\/ostelli\/#breadcrumb","itemListElement":[{"@type":"ListItem","position":1,"name":"Pagina iniziale","item":"https:\/\/www.it.tarnow.pl\/it\/"},{"@type":"ListItem","position":2,"name":"Dove dormire","item":"https:\/\/www.it.tarnow.pl\/it\/dove-dormire\/"},{"@type":"ListItem","position":3,"name":"Regione","item":"https:\/\/www.it.tarnow.pl\/it\/dove-dormire\/regione\/"},{"@type":"ListItem","position":4,"name":"Ostelli"}]},{"@type":"WebSite","@id":"https:\/\/www.it.tarnow.pl\/#website","url":"https:\/\/www.it.tarnow.pl\/","name":"Tarnowskie Centrum Informacji","description":"Informacja turystyczna o Tarnowie i regionie tarnowskim.","potentialAction":[{"@type":"SearchAction","target":{"@type":"EntryPoint","urlTemplate":"https:\/\/www.it.tarnow.pl\/?s={search_term_string}"},"query-input":{"@type":"PropertyValueSpecification","valueRequired":true,"valueName":"search_term_string"}}],"inLanguage":"it-IT"}]}},"_links":{"self":[{"href":"https:\/\/www.it.tarnow.pl\/it\/wp-json\/wp\/v2\/pages\/10053","targetHints":{"allow":["GET"]}}],"collection":[{"href":"https:\/\/www.it.tarnow.pl\/it\/wp-json\/wp\/v2\/pages"}],"about":[{"href":"https:\/\/www.it.tarnow.pl\/it\/wp-json\/wp\/v2\/types\/page"}],"author":[{"embeddable":true,"href":"https:\/\/www.it.tarnow.pl\/it\/wp-json\/wp\/v2\/users\/1"}],"replies":[{"embeddable":true,"href":"https:\/\/www.it.tarnow.pl\/it\/wp-json\/wp\/v2\/comments?post=10053"}],"version-history":[{"count":2,"href":"https:\/\/www.it.tarnow.pl\/it\/wp-json\/wp\/v2\/pages\/10053\/revisions"}],"predecessor-version":[{"id":340303,"href":"https:\/\/www.it.tarnow.pl\/it\/wp-json\/wp\/v2\/pages\/10053\/revisions\/340303"}],"up":[{"embeddable":true,"href":"https:\/\/www.it.tarnow.pl\/it\/wp-json\/wp\/v2\/pages\/10051"}],"wp:attachment":[{"href":"https:\/\/www.it.tarnow.pl\/it\/wp-json\/wp\/v2\/media?parent=10053"}],"wp:term":[{"taxonomy":"post_tag","embeddable":true,"href":"https:\/\/www.it.tarnow.pl\/it\/wp-json\/wp\/v2\/tags?post=10053"}],"curies":[{"name":"wp","href":"https:\/\/api.w.org\/{rel}","templated":true}]}}