{"id":10043,"date":"2009-11-30T12:25:11","date_gmt":"2009-11-30T11:25:11","guid":{"rendered":"http:\/\/www.it.tarnow.pl\/trasporto\/"},"modified":"2024-04-04T17:44:33","modified_gmt":"2024-04-04T15:44:33","slug":"trasporto","status":"publish","type":"page","link":"https:\/\/www.it.tarnow.pl\/it\/trasporto\/","title":{"rendered":"Trasporto"},"content":{"rendered":"<p><b>IN l&#8217;AEREO<\/b><\/p>\r\n<p style=\"text-align: justify;\">&#8211; L&#8217;aeroporto per i velivoli leggeri: la via Lotnicza a Tarn\u00f3w <a href=\"http:\/\/www.azt.tarman.pl\/\">http:\/\/www.azt.tarman.pl\/<\/a><\/p>\r\n<p style=\"text-align: justify;\">\u00a0<\/p>\r\n<p style=\"text-align: justify;\">&#8211; Il pi\u00f9 vicino Aeroporto Internazionale\u00a0<\/p>\r\n<p>\u00a0&#8220;KRAK\u00d3W-BALICE&#8221;-90 km<\/p>\r\n<p><a href=\"http:\/\/www.krakowairport.pl\/pl\/\">\u00a0<b>Krak\u00f3w &#8211; Balice<\/b><\/a><\/p>\r\n<p>&nbsp;<\/p>\r\n<p><img loading=\"lazy\" decoding=\"async\" width=\"240\" height=\"123\" class=\"size-medium alignright wp-image-26185\" src=\"https:\/\/www.it.tarnow.pl\/app\/uploads\/2019\/02\/dworzec-PKP-TCI-3.jpg\" alt=\"\" \/><\/p>\r\n<p>&nbsp;<\/p>\r\n<p><b>Viaggio in treno e in pullman.<\/b><\/p>\r\n<p>E&#8217; facile&#8217; viaggiare con trasporto pubblico per raggiungere il Tarn\u00f3w.Ci sono le diverse proposte del trasporto includere le citta&#8217; maggiore come Krak\u00f3w e Warszawa.<\/p>\r\n<p>Il tempo \u00a0del viaggio <b>dal Tarn\u00f3w alle citta&#8217; maggiore del Polonia<\/b> si include:<\/p>\r\n<p>a Warszawa \u2013 circa 3 ore: 08 minuti \u00a0(treni Express InterCity ) to 5:00 ore (treni e pullman)<\/p>\r\n<p>a Krak\u00f3w \u2013 circa 0:48 \u00a0minuti (Express InterCity trains) to 1 ora: 15 minuti (treni SKA 3) and 1 ora:25 minuti (pullman)<\/p>\r\n<p>a Rzeszow &#8211; 1 ora:20 minuti (treni); 1 ora:25 minuti (pullman).<\/p>\r\n<p>&nbsp;<\/p>\r\n<p><img loading=\"lazy\" decoding=\"async\" width=\"407\" height=\"407\" class=\"size-original aligncenter wp-image-30525\" src=\"https:\/\/www.it.tarnow.pl\/app\/uploads\/2019\/02\/mapka-EIP_reference.jpg\" alt=\"\" srcset=\"https:\/\/www.it.tarnow.pl\/wp-content\/uploads\/2019\/02\/mapka-EIP_reference.jpg 407w, https:\/\/www.it.tarnow.pl\/wp-content\/uploads\/2019\/02\/mapka-EIP_reference-250x250.jpg 250w, https:\/\/www.it.tarnow.pl\/wp-content\/uploads\/2019\/02\/mapka-EIP_reference-400x400.jpg 400w, https:\/\/www.it.tarnow.pl\/wp-content\/uploads\/2019\/02\/mapka-EIP_reference-300x300.jpg 300w, https:\/\/www.it.tarnow.pl\/wp-content\/uploads\/2019\/02\/mapka-EIP_reference-150x150.jpg 150w\" sizes=\"auto, (max-width: 407px) 100vw, 407px\" \/><\/p>\r\n<p><b><i>Tarnow collegamenti ferroviari veloce a Cracovia , Varsavia e Tripla Citt\u00e0 (Danzica , Gdynia , Sopot)<\/i><\/b><\/p>\r\n<p>&nbsp;<\/p>\r\n<p>Un&#8217;altro Aeroporto Internazionale:<br \/>\r\n\u00a0&#8220;RZESZ\u00d3W-JASIONKA&#8221; -90 km<\/p>\r\n<p><b><a class=\"target_blank\" href=\"https:\/\/www.rzeszowairport.pl\/en\">Rzesz\u00f3w &#8211; Jasionka<\/a> <\/b><br \/>\r\n\u00a0<\/p>\r\n<p>Come raggiungere Tarn\u00f3w dall&#8217;aeroporto &#8220;Jasionka&#8221; (Rzesz\u00f3w)<\/p>\r\n<ol>\r\n\t<li>Prendi l&#8217;autobus alla Stazione Centrale a Rzesz\u00f3w. Il viaggio dall&#8217;aeroporto alla stazione ferroviaria dura circa 25 minuti. <a class=\"target_blank\" href=\"http:\/\/www.mpk.rzeszow.pl\/\">Orario<\/a><\/li>\r\n\t<li>Prendi il treno per Tarn\u00f3w (oppure Krak\u00f3w, Wroc\u0142aw, Szczecin).<\/li>\r\n<\/ol>\r\n<p>&nbsp;<\/p>\r\n<p><b>CON LA MACCHINA<\/b><\/p>\r\n<p>\u00a0Tarn\u00f3w \u00e8 situato 80 chilometri ad est da Cracovia, sulla strada internazionale n\u00b0 94 e sull&#8217;autostrada n\u00b0 A4.<br \/>\r\n\u00a0Chi viaggia dal Sud o dal Nord dalla Polonia puo venire a Tarn\u00f3w per la strada n\u00b073.<\/p>\r\n<p>\u00a0Le distanze da:<br \/>\r\n\u00a0L&#8217;aeroporto Internazionale&#8221;Krak\u00f3w-Balice&#8221;: 90 km<br \/>\r\n\u00a0Cracovia: 80 km<br \/>\r\n\u00a0Wieliczka: 70 km<br \/>\r\n\u00a0Varsavia: 298 km<br \/>\r\n\u00a0Cz\u0119stochowa: 200 km<\/p>\r\n<p>&nbsp;<\/p>\r\n<p>In Poland there is a toll on motorways (A1, A2, A4 and A8). These tolls are collected using two systems:<\/p>\r\n<p>open system: The tolls are collected at toll booths situated on motorways. The toll depends on the type of vehicle.<\/p>\r\n<p>closed system (viaTOLL system): The tolls are collected at toll booths situated on access roads, on junction roads and additionally on the final sections of motorways. The toll depends on the type of vehicle and the distance covered.<\/p>\r\n<p>viaTOLL is an electronic toll collection system that charges road users for using selected sections of toll road network. Vehicles required to pay electronic tolls are the motor vehicles or combinations of vehicles with maximum permissible weight of over 3.5 tonnes and buses regardless of its maximum permissible weight.<\/p>\r\n<p><b>e-TOLL system covers caravanning.<\/b> Vehicles have to be equipped with little on-board units (so called viaBOX) which communicate with transmitters in toll gantries. Each time a vehicle equipped with viaBOX technology passes beneath the gantry the driver is charged for that particular section of toll road. More: https:\/\/etoll.gov.pl\/en\/<\/p>\r\n<p>&nbsp;<\/p>\r\n<p id=\"tw-target-text\" class=\"tw-data-text tw-text-large tw-ta\" dir=\"ltr\" data-placeholder=\"T\u0142umaczenie\" aria-label=\"Przet\u0142umaczony tekst\" data-ved=\"2ahUKEwj1tOrD8qiFAxU-CRAIHT1OBWwQ3ewLegQIBhAT\"><strong><span class=\"Y2IQFc\" lang=\"it\" style=\"font-family: georgia, palatino, serif;\">Le aree di parcheggio a pagamento:<\/span><\/strong><\/p>\r\n<p><iframe loading=\"lazy\" src=\"https:\/\/mapsengine.google.com\/map\/embed?mid=zBQFYyJ7D-_A.kCqO5NJro9Yg\" width=\"648\" height=\"480\"><\/iframe><\/p>\r\n<p>&nbsp;<\/p>\r\n<p><b>Parcheggi per l&#8217;autobus turistici a Tarn\u00f3w<\/b><\/p>\r\n<div class=\"table-responsive\">\r\n<table class=\"table-comparison table-bordered table-hover table\" style=\"width: 100%;\" border=\"0\" summary=\"123\" width=\"100%\" cellspacing=\"0\" cellpadding=\"2\">\r\n<tbody>\r\n<tr>\r\n<td style=\"vertical-align: top;\" valign=\"top\" width=\"58%\">Via Goldhammera (tra le strade Mickiewicza e Wigury; ingresso dalla via Mickiewicza)<\/td>\r\n<td style=\"vertical-align: top;\" valign=\"top\" width=\"42%\">GPS 50\u00b000&#8217;55.9&#8243;N 20\u00b059&#8217;22.7&#8243;E<\/td>\r\n<\/tr>\r\n<tr>\r\n<td style=\"vertical-align: top;\" valign=\"top\" width=\"58%\">Via Lwowska, davanti al monumento di Wincenty Witos<\/td>\r\n<td style=\"vertical-align: top;\" valign=\"top\" width=\"42%\">GPS 50\u00b000&#8217;47.1&#8243;N 20\u00b059&#8217;34.5&#8243;E<\/td>\r\n<\/tr>\r\n<tr>\r\n<td style=\"vertical-align: top;\" valign=\"top\" width=\"58%\">Via Ks. J. Marsza\u0142ka (antico mercato Kap\u0142an\u00f3wka) Il pi\u00f9 grande e gratuito parcheggio per l&#8217;autobus (parcheggio per lungo e corto sosta)<\/td>\r\n<td style=\"vertical-align: top;\" valign=\"top\" width=\"42%\">GPS 50\u00b001&#8217;12.1&#8243;N 20\u00b059&#8217;33.3&#8243;E<\/td>\r\n<\/tr>\r\n<tr>\r\n<td style=\"vertical-align: top;\" valign=\"top\" width=\"58%\">Via Ko\u015bciuszki 10 (albergo Tarnovia***); parcheggio privato a pagamento, pi\u00f9 informazioni: www.hotel.tarnovia.pl<\/td>\r\n<td style=\"vertical-align: top;\" valign=\"top\" width=\"42%\">GPS 50\u00b000&#8217;33.8&#8243;N 20\u00b058&#8217;26.7&#8243;E<\/td>\r\n<\/tr>\r\n<\/tbody>\r\n<\/table>\r\n<\/div>\r\n<p>&nbsp;<\/p>","protected":false},"excerpt":{"rendered":"IN l&#8217;AEREO &#8211; L&#8217;aeroporto per i velivoli leggeri: la via Lotnicza a Tarn\u00f3w http:\/\/www.azt.tarman.pl\/ \u00a0 &#8211; Il pi\u00f9 vicino Aeroporto Internazionale\u00a0 \u00a0&#8220;KRAK\u00d3W-BALICE&#8221;-90 km \u00a0Krak\u00f3w &#8211; Balice &nbsp; &nbsp; Viaggio in [&hellip;]","protected":false},"author":1,"featured_media":0,"parent":0,"menu_order":565,"comment_status":"closed","ping_status":"closed","template":"","meta":{"_acf_changed":false,"footnotes":""},"tags":[],"class_list":["post-10043","page","type-page","status-publish","hentry"],"acf":{"old_object_id":"236","old_parent_id":"65","old_url":"Trasporto","intro_text":"","show_children":"1","class":"folder","type":"single","in_menu":true,"show_date":false,"map":"","old_id":"","rooms_info":"","top_column":"","left_column":"","right_column":"","bottom_column":"","skip_import":false,"_menu_related_id":"96442"},"yoast_head":"<!-- This site is optimized with the Yoast SEO Premium plugin v25.4 (Yoast SEO v25.4) - https:\/\/yoast.com\/wordpress\/plugins\/seo\/ -->\n<title>Trasporto - Tarnowskie Centrum Informacji<\/title>\n<meta name=\"robots\" content=\"index, follow, max-snippet:-1, max-image-preview:large, max-video-preview:-1\" \/>\n<link rel=\"canonical\" href=\"https:\/\/www.it.tarnow.pl\/it\/trasporto\/\" \/>\n<meta property=\"og:locale\" content=\"it_IT\" \/>\n<meta property=\"og:type\" content=\"article\" \/>\n<meta property=\"og:title\" content=\"Trasporto\" \/>\n<meta property=\"og:description\" content=\"IN l&#8217;AEREO &#8211; L&#8217;aeroporto per i velivoli leggeri: la via Lotnicza a Tarn\u00f3w http:\/\/www.azt.tarman.pl\/ \u00a0 &#8211; Il pi\u00f9 vicino Aeroporto Internazionale\u00a0 \u00a0&#8220;KRAK\u00d3W-BALICE&#8221;-90 km \u00a0Krak\u00f3w &#8211; Balice &nbsp; &nbsp; Viaggio in [&hellip;]\" \/>\n<meta property=\"og:url\" content=\"https:\/\/www.it.tarnow.pl\/it\/trasporto\/\" \/>\n<meta property=\"og:site_name\" content=\"Tarnowskie Centrum Informacji\" \/>\n<meta property=\"article:modified_time\" content=\"2024-04-04T15:44:33+00:00\" \/>\n<meta property=\"og:image\" content=\"https:\/\/www.it.tarnow.pl\/app\/uploads\/2019\/02\/dworzec-PKP-TCI-3.jpg\" \/>\n<meta name=\"twitter:card\" content=\"summary_large_image\" \/>\n<meta name=\"twitter:label1\" content=\"Tempo di lettura stimato\" \/>\n\t<meta name=\"twitter:data1\" content=\"3 minuti\" \/>\n<script type=\"application\/ld+json\" class=\"yoast-schema-graph\">{\"@context\":\"https:\/\/schema.org\",\"@graph\":[{\"@type\":\"WebPage\",\"@id\":\"https:\/\/www.it.tarnow.pl\/it\/trasporto\/\",\"url\":\"https:\/\/www.it.tarnow.pl\/it\/trasporto\/\",\"name\":\"Trasporto - Tarnowskie Centrum Informacji\",\"isPartOf\":{\"@id\":\"https:\/\/www.it.tarnow.pl\/#website\"},\"primaryImageOfPage\":{\"@id\":\"https:\/\/www.it.tarnow.pl\/it\/trasporto\/#primaryimage\"},\"image\":{\"@id\":\"https:\/\/www.it.tarnow.pl\/it\/trasporto\/#primaryimage\"},\"thumbnailUrl\":\"https:\/\/www.it.tarnow.pl\/app\/uploads\/2019\/02\/dworzec-PKP-TCI-3.jpg\",\"datePublished\":\"2009-11-30T11:25:11+00:00\",\"dateModified\":\"2024-04-04T15:44:33+00:00\",\"breadcrumb\":{\"@id\":\"https:\/\/www.it.tarnow.pl\/it\/trasporto\/#breadcrumb\"},\"inLanguage\":\"it-IT\",\"potentialAction\":[{\"@type\":\"ReadAction\",\"target\":[\"https:\/\/www.it.tarnow.pl\/it\/trasporto\/\"]}]},{\"@type\":\"ImageObject\",\"inLanguage\":\"it-IT\",\"@id\":\"https:\/\/www.it.tarnow.pl\/it\/trasporto\/#primaryimage\",\"url\":\"https:\/\/www.it.tarnow.pl\/app\/uploads\/2019\/02\/dworzec-PKP-TCI-3.jpg\",\"contentUrl\":\"https:\/\/www.it.tarnow.pl\/app\/uploads\/2019\/02\/dworzec-PKP-TCI-3.jpg\"},{\"@type\":\"BreadcrumbList\",\"@id\":\"https:\/\/www.it.tarnow.pl\/it\/trasporto\/#breadcrumb\",\"itemListElement\":[{\"@type\":\"ListItem\",\"position\":1,\"name\":\"Pagina iniziale\",\"item\":\"https:\/\/www.it.tarnow.pl\/it\/\"},{\"@type\":\"ListItem\",\"position\":2,\"name\":\"Trasporto\"}]},{\"@type\":\"WebSite\",\"@id\":\"https:\/\/www.it.tarnow.pl\/#website\",\"url\":\"https:\/\/www.it.tarnow.pl\/\",\"name\":\"Tarnowskie Centrum Informacji\",\"description\":\"Informacja turystyczna o Tarnowie i regionie tarnowskim.\",\"potentialAction\":[{\"@type\":\"SearchAction\",\"target\":{\"@type\":\"EntryPoint\",\"urlTemplate\":\"https:\/\/www.it.tarnow.pl\/?s={search_term_string}\"},\"query-input\":{\"@type\":\"PropertyValueSpecification\",\"valueRequired\":true,\"valueName\":\"search_term_string\"}}],\"inLanguage\":\"it-IT\"}]}<\/script>\n<!-- \/ Yoast SEO Premium plugin. -->","yoast_head_json":{"title":"Trasporto - Tarnowskie Centrum Informacji","robots":{"index":"index","follow":"follow","max-snippet":"max-snippet:-1","max-image-preview":"max-image-preview:large","max-video-preview":"max-video-preview:-1"},"canonical":"https:\/\/www.it.tarnow.pl\/it\/trasporto\/","og_locale":"it_IT","og_type":"article","og_title":"Trasporto","og_description":"IN l&#8217;AEREO &#8211; L&#8217;aeroporto per i velivoli leggeri: la via Lotnicza a Tarn\u00f3w http:\/\/www.azt.tarman.pl\/ \u00a0 &#8211; Il pi\u00f9 vicino Aeroporto Internazionale\u00a0 \u00a0&#8220;KRAK\u00d3W-BALICE&#8221;-90 km \u00a0Krak\u00f3w &#8211; Balice &nbsp; &nbsp; Viaggio in [&hellip;]","og_url":"https:\/\/www.it.tarnow.pl\/it\/trasporto\/","og_site_name":"Tarnowskie Centrum Informacji","article_modified_time":"2024-04-04T15:44:33+00:00","og_image":[{"url":"https:\/\/www.it.tarnow.pl\/app\/uploads\/2019\/02\/dworzec-PKP-TCI-3.jpg","type":"","width":"","height":""}],"twitter_card":"summary_large_image","twitter_misc":{"Tempo di lettura stimato":"3 minuti"},"schema":{"@context":"https:\/\/schema.org","@graph":[{"@type":"WebPage","@id":"https:\/\/www.it.tarnow.pl\/it\/trasporto\/","url":"https:\/\/www.it.tarnow.pl\/it\/trasporto\/","name":"Trasporto - Tarnowskie Centrum Informacji","isPartOf":{"@id":"https:\/\/www.it.tarnow.pl\/#website"},"primaryImageOfPage":{"@id":"https:\/\/www.it.tarnow.pl\/it\/trasporto\/#primaryimage"},"image":{"@id":"https:\/\/www.it.tarnow.pl\/it\/trasporto\/#primaryimage"},"thumbnailUrl":"https:\/\/www.it.tarnow.pl\/app\/uploads\/2019\/02\/dworzec-PKP-TCI-3.jpg","datePublished":"2009-11-30T11:25:11+00:00","dateModified":"2024-04-04T15:44:33+00:00","breadcrumb":{"@id":"https:\/\/www.it.tarnow.pl\/it\/trasporto\/#breadcrumb"},"inLanguage":"it-IT","potentialAction":[{"@type":"ReadAction","target":["https:\/\/www.it.tarnow.pl\/it\/trasporto\/"]}]},{"@type":"ImageObject","inLanguage":"it-IT","@id":"https:\/\/www.it.tarnow.pl\/it\/trasporto\/#primaryimage","url":"https:\/\/www.it.tarnow.pl\/app\/uploads\/2019\/02\/dworzec-PKP-TCI-3.jpg","contentUrl":"https:\/\/www.it.tarnow.pl\/app\/uploads\/2019\/02\/dworzec-PKP-TCI-3.jpg"},{"@type":"BreadcrumbList","@id":"https:\/\/www.it.tarnow.pl\/it\/trasporto\/#breadcrumb","itemListElement":[{"@type":"ListItem","position":1,"name":"Pagina iniziale","item":"https:\/\/www.it.tarnow.pl\/it\/"},{"@type":"ListItem","position":2,"name":"Trasporto"}]},{"@type":"WebSite","@id":"https:\/\/www.it.tarnow.pl\/#website","url":"https:\/\/www.it.tarnow.pl\/","name":"Tarnowskie Centrum Informacji","description":"Informacja turystyczna o Tarnowie i regionie tarnowskim.","potentialAction":[{"@type":"SearchAction","target":{"@type":"EntryPoint","urlTemplate":"https:\/\/www.it.tarnow.pl\/?s={search_term_string}"},"query-input":{"@type":"PropertyValueSpecification","valueRequired":true,"valueName":"search_term_string"}}],"inLanguage":"it-IT"}]}},"_links":{"self":[{"href":"https:\/\/www.it.tarnow.pl\/it\/wp-json\/wp\/v2\/pages\/10043","targetHints":{"allow":["GET"]}}],"collection":[{"href":"https:\/\/www.it.tarnow.pl\/it\/wp-json\/wp\/v2\/pages"}],"about":[{"href":"https:\/\/www.it.tarnow.pl\/it\/wp-json\/wp\/v2\/types\/page"}],"author":[{"embeddable":true,"href":"https:\/\/www.it.tarnow.pl\/it\/wp-json\/wp\/v2\/users\/1"}],"replies":[{"embeddable":true,"href":"https:\/\/www.it.tarnow.pl\/it\/wp-json\/wp\/v2\/comments?post=10043"}],"version-history":[{"count":0,"href":"https:\/\/www.it.tarnow.pl\/it\/wp-json\/wp\/v2\/pages\/10043\/revisions"}],"wp:attachment":[{"href":"https:\/\/www.it.tarnow.pl\/it\/wp-json\/wp\/v2\/media?parent=10043"}],"wp:term":[{"taxonomy":"post_tag","embeddable":true,"href":"https:\/\/www.it.tarnow.pl\/it\/wp-json\/wp\/v2\/tags?post=10043"}],"curies":[{"name":"wp","href":"https:\/\/api.w.org\/{rel}","templated":true}]}}