{"id":10042,"date":"2011-03-09T13:23:41","date_gmt":"2011-03-09T12:23:41","guid":{"rendered":"http:\/\/www.it.tarnow.pl\/opuscoli-pdf\/"},"modified":"2019-04-03T15:19:49","modified_gmt":"2019-04-03T13:19:49","slug":"opuscoli-pdf","status":"publish","type":"page","link":"https:\/\/www.it.tarnow.pl\/it\/attrazioni\/opuscoli-pdf\/","title":{"rendered":"Opuscoli (.pdf)"},"content":{"rendered":"<h2> <a href=\"http:\/\/www.it.tarnow.pl\/wp-content\/uploads\/2019\/02\/Tarnow-e-la-regione.pdf\">\u2192 Tarn\u00f3w e la regione<\/a>\n<\/h2>\n<p>\u00a0<\/p>\n<ul>\n<li>\n<a href=\"http:\/\/www.it.tarnow.pl\/wp-content\/uploads\/2019\/02\/Tarnow-in-3-giorni.pdf\">Tarn\u00f3w in 3 giorni<\/a>\n<\/li>\n<li>\n<a href=\"http:\/\/www.it.tarnow.pl\/wp-content\/uploads\/2019\/02\/Tarnow-in-330-minuti.pdf\">Tarn\u00f3w in 330 minuti<\/a>\n<\/li>\n\n<\/ul>\n<p>\u00a0<\/p>\n<p>Tarn\u00f3w. Mappa di architettura in legno<\/p>\n<ul>\n<li>\n<a href=\"http:\/\/www.it.tarnow.pl\/wp-content\/uploads\/2019\/02\/Mapa-smartSAD-Tarnow.jpg\">Tarn\u00f3w<\/a>\n<\/li>\n<li>\n<a href=\"http:\/\/www.it.tarnow.pl\/wp-content\/uploads\/2019\/02\/Mapa-smartSAD-Region-tarnowski.jpg\">Tarn\u00f3w Region<\/a>\n<\/li>\n\n<\/ul>","protected":false},"excerpt":{"rendered":"\u2192 Tarn\u00f3w e la regione \u00a0 Tarn\u00f3w in 3 giorni Tarn\u00f3w in 330 minuti \u00a0 Tarn\u00f3w. Mappa di architettura in legno Tarn\u00f3w Tarn\u00f3w Region","protected":false},"author":1,"featured_media":0,"parent":10029,"menu_order":729,"comment_status":"closed","ping_status":"closed","template":"","meta":{"_acf_changed":false,"footnotes":""},"tags":[],"class_list":["post-10042","page","type-page","status-publish","hentry"],"acf":{"in_menu":null,"show_date":null,"intro_text":"","map":null},"yoast_head":"<!-- This site is optimized with the Yoast SEO Premium plugin v25.4 (Yoast SEO v25.4) - https:\/\/yoast.com\/wordpress\/plugins\/seo\/ -->\n<title>Opuscoli (.pdf) - Tarnowskie Centrum Informacji<\/title>\n<meta name=\"robots\" content=\"index, follow, max-snippet:-1, max-image-preview:large, max-video-preview:-1\" \/>\n<link rel=\"canonical\" href=\"https:\/\/www.it.tarnow.pl\/it\/attrazioni\/opuscoli-pdf\/\" \/>\n<meta property=\"og:locale\" content=\"it_IT\" \/>\n<meta property=\"og:type\" content=\"article\" \/>\n<meta property=\"og:title\" content=\"Opuscoli (.pdf)\" \/>\n<meta property=\"og:description\" content=\"\u2192 Tarn\u00f3w e la regione \u00a0 Tarn\u00f3w in 3 giorni Tarn\u00f3w in 330 minuti \u00a0 Tarn\u00f3w. Mappa di architettura in legno Tarn\u00f3w Tarn\u00f3w Region\" \/>\n<meta property=\"og:url\" content=\"https:\/\/www.it.tarnow.pl\/it\/attrazioni\/opuscoli-pdf\/\" \/>\n<meta property=\"og:site_name\" content=\"Tarnowskie Centrum Informacji\" \/>\n<meta property=\"article:modified_time\" content=\"2019-04-03T13:19:49+00:00\" \/>\n<meta name=\"twitter:card\" content=\"summary_large_image\" \/>\n<script type=\"application\/ld+json\" class=\"yoast-schema-graph\">{\"@context\":\"https:\/\/schema.org\",\"@graph\":[{\"@type\":\"WebPage\",\"@id\":\"https:\/\/www.it.tarnow.pl\/it\/attrazioni\/opuscoli-pdf\/\",\"url\":\"https:\/\/www.it.tarnow.pl\/it\/attrazioni\/opuscoli-pdf\/\",\"name\":\"Opuscoli (.pdf) - Tarnowskie Centrum Informacji\",\"isPartOf\":{\"@id\":\"https:\/\/www.it.tarnow.pl\/#website\"},\"datePublished\":\"2011-03-09T12:23:41+00:00\",\"dateModified\":\"2019-04-03T13:19:49+00:00\",\"breadcrumb\":{\"@id\":\"https:\/\/www.it.tarnow.pl\/it\/attrazioni\/opuscoli-pdf\/#breadcrumb\"},\"inLanguage\":\"it-IT\",\"potentialAction\":[{\"@type\":\"ReadAction\",\"target\":[\"https:\/\/www.it.tarnow.pl\/it\/attrazioni\/opuscoli-pdf\/\"]}]},{\"@type\":\"BreadcrumbList\",\"@id\":\"https:\/\/www.it.tarnow.pl\/it\/attrazioni\/opuscoli-pdf\/#breadcrumb\",\"itemListElement\":[{\"@type\":\"ListItem\",\"position\":1,\"name\":\"Pagina iniziale\",\"item\":\"https:\/\/www.it.tarnow.pl\/it\/\"},{\"@type\":\"ListItem\",\"position\":2,\"name\":\"Attrazioni\",\"item\":\"https:\/\/www.it.tarnow.pl\/it\/attrazioni\/\"},{\"@type\":\"ListItem\",\"position\":3,\"name\":\"Opuscoli (.pdf)\"}]},{\"@type\":\"WebSite\",\"@id\":\"https:\/\/www.it.tarnow.pl\/#website\",\"url\":\"https:\/\/www.it.tarnow.pl\/\",\"name\":\"Tarnowskie Centrum Informacji\",\"description\":\"Informacja turystyczna o Tarnowie i regionie tarnowskim.\",\"potentialAction\":[{\"@type\":\"SearchAction\",\"target\":{\"@type\":\"EntryPoint\",\"urlTemplate\":\"https:\/\/www.it.tarnow.pl\/?s={search_term_string}\"},\"query-input\":{\"@type\":\"PropertyValueSpecification\",\"valueRequired\":true,\"valueName\":\"search_term_string\"}}],\"inLanguage\":\"it-IT\"}]}<\/script>\n<!-- \/ Yoast SEO Premium plugin. -->","yoast_head_json":{"title":"Opuscoli (.pdf) - Tarnowskie Centrum Informacji","robots":{"index":"index","follow":"follow","max-snippet":"max-snippet:-1","max-image-preview":"max-image-preview:large","max-video-preview":"max-video-preview:-1"},"canonical":"https:\/\/www.it.tarnow.pl\/it\/attrazioni\/opuscoli-pdf\/","og_locale":"it_IT","og_type":"article","og_title":"Opuscoli (.pdf)","og_description":"\u2192 Tarn\u00f3w e la regione \u00a0 Tarn\u00f3w in 3 giorni Tarn\u00f3w in 330 minuti \u00a0 Tarn\u00f3w. Mappa di architettura in legno Tarn\u00f3w Tarn\u00f3w Region","og_url":"https:\/\/www.it.tarnow.pl\/it\/attrazioni\/opuscoli-pdf\/","og_site_name":"Tarnowskie Centrum Informacji","article_modified_time":"2019-04-03T13:19:49+00:00","twitter_card":"summary_large_image","schema":{"@context":"https:\/\/schema.org","@graph":[{"@type":"WebPage","@id":"https:\/\/www.it.tarnow.pl\/it\/attrazioni\/opuscoli-pdf\/","url":"https:\/\/www.it.tarnow.pl\/it\/attrazioni\/opuscoli-pdf\/","name":"Opuscoli (.pdf) - Tarnowskie Centrum Informacji","isPartOf":{"@id":"https:\/\/www.it.tarnow.pl\/#website"},"datePublished":"2011-03-09T12:23:41+00:00","dateModified":"2019-04-03T13:19:49+00:00","breadcrumb":{"@id":"https:\/\/www.it.tarnow.pl\/it\/attrazioni\/opuscoli-pdf\/#breadcrumb"},"inLanguage":"it-IT","potentialAction":[{"@type":"ReadAction","target":["https:\/\/www.it.tarnow.pl\/it\/attrazioni\/opuscoli-pdf\/"]}]},{"@type":"BreadcrumbList","@id":"https:\/\/www.it.tarnow.pl\/it\/attrazioni\/opuscoli-pdf\/#breadcrumb","itemListElement":[{"@type":"ListItem","position":1,"name":"Pagina iniziale","item":"https:\/\/www.it.tarnow.pl\/it\/"},{"@type":"ListItem","position":2,"name":"Attrazioni","item":"https:\/\/www.it.tarnow.pl\/it\/attrazioni\/"},{"@type":"ListItem","position":3,"name":"Opuscoli (.pdf)"}]},{"@type":"WebSite","@id":"https:\/\/www.it.tarnow.pl\/#website","url":"https:\/\/www.it.tarnow.pl\/","name":"Tarnowskie Centrum Informacji","description":"Informacja turystyczna o Tarnowie i regionie tarnowskim.","potentialAction":[{"@type":"SearchAction","target":{"@type":"EntryPoint","urlTemplate":"https:\/\/www.it.tarnow.pl\/?s={search_term_string}"},"query-input":{"@type":"PropertyValueSpecification","valueRequired":true,"valueName":"search_term_string"}}],"inLanguage":"it-IT"}]}},"_links":{"self":[{"href":"https:\/\/www.it.tarnow.pl\/it\/wp-json\/wp\/v2\/pages\/10042","targetHints":{"allow":["GET"]}}],"collection":[{"href":"https:\/\/www.it.tarnow.pl\/it\/wp-json\/wp\/v2\/pages"}],"about":[{"href":"https:\/\/www.it.tarnow.pl\/it\/wp-json\/wp\/v2\/types\/page"}],"author":[{"embeddable":true,"href":"https:\/\/www.it.tarnow.pl\/it\/wp-json\/wp\/v2\/users\/1"}],"replies":[{"embeddable":true,"href":"https:\/\/www.it.tarnow.pl\/it\/wp-json\/wp\/v2\/comments?post=10042"}],"version-history":[{"count":0,"href":"https:\/\/www.it.tarnow.pl\/it\/wp-json\/wp\/v2\/pages\/10042\/revisions"}],"up":[{"embeddable":true,"href":"https:\/\/www.it.tarnow.pl\/it\/wp-json\/wp\/v2\/pages\/10029"}],"wp:attachment":[{"href":"https:\/\/www.it.tarnow.pl\/it\/wp-json\/wp\/v2\/media?parent=10042"}],"wp:term":[{"taxonomy":"post_tag","embeddable":true,"href":"https:\/\/www.it.tarnow.pl\/it\/wp-json\/wp\/v2\/tags?post=10042"}],"curies":[{"name":"wp","href":"https:\/\/api.w.org\/{rel}","templated":true}]}}