{"id":10041,"date":"2011-03-09T12:36:39","date_gmt":"2011-03-09T11:36:39","guid":{"rendered":"http:\/\/www.it.tarnow.pl\/la-bellezza-delle-piccole-citta\/"},"modified":"2019-04-03T15:19:47","modified_gmt":"2019-04-03T13:19:47","slug":"la-bellezza-delle-piccole-citta","status":"publish","type":"page","link":"https:\/\/www.it.tarnow.pl\/it\/attrazioni\/la-bellezza-delle-piccole-citta\/","title":{"rendered":"La bellezza delle piccole citt\u00e1"},"content":{"rendered":"<img loading=\"lazy\" decoding=\"async\" width=\"400\" height=\"300\" class=\"size-medium alignright wp-image-25708\" src=\"http:\/\/www.it.tarnow.pl\/wp-content\/uploads\/2019\/02\/Lipnica-Murowana-Rynek-1-400x300.jpg\" alt=\"\" srcset=\"https:\/\/www.it.tarnow.pl\/wp-content\/uploads\/2019\/02\/Lipnica-Murowana-Rynek-1-400x300.jpg 400w, https:\/\/www.it.tarnow.pl\/wp-content\/uploads\/2019\/02\/Lipnica-Murowana-Rynek-1-768x576.jpg 768w, https:\/\/www.it.tarnow.pl\/wp-content\/uploads\/2019\/02\/Lipnica-Murowana-Rynek-1-650x488.jpg 650w, https:\/\/www.it.tarnow.pl\/wp-content\/uploads\/2019\/02\/Lipnica-Murowana-Rynek-1-300x225.jpg 300w, https:\/\/www.it.tarnow.pl\/wp-content\/uploads\/2019\/02\/Lipnica-Murowana-Rynek-1.jpg 1024w\" sizes=\"auto, (max-width: 400px) 100vw, 400px\" \/><p>Ci\u00f2 che accomuna le citt\u00e1 di Pog\u00f3rze: Ci\u0119\u017ckowice, Czch\u00f3w, Lipnica Murowana, Nowy Wi\u015bnicz, Tuch\u00f3w, Wojnicz e Zakliczyn \u00e8 l\u2019indimenticabile bellezza e atmosfera della citt\u00e0 provinciale. La maggior parte delle citt\u00e1, fondate nella prima parte del XIV secolo, grazie alle caratteristiche piazze, circondate dalle case di un piano con i portici fatti di legno, hanno conservato la loro forma medievale. In quelle piccole citt\u00e1 sono situate le chiese e i musei che presentano la storia e la cultura locale. Negli anni \u201820 e \u201930 del XX secolo la maggior parte delle citt\u00e1 ha perso i suoi diritti per decine di anni. Attualmente soltanto Lipnica Murowana non ha lo status della citt\u00e1 . <\/p>\n<p>\u00a0<\/p>\n<p>A Ci\u0119\u017ckowice e nelle vicinanze vale la pena di visitare i resti della residenza di un famoso compositore polacco e presidente del consiglio della II RP &#8211; J.I Paderewski oppure l&#8217;unico reservato ambientale &#8220;Citt\u00e1 di pietra&#8221; (Skamienia\u0142e Miasto). A Czch\u00f3w \u00e8 importante dare attenzione ad una chiesa di nativit\u00e0 di Santa Maria &#8211; la prima chiesa nella nostra regione fatta di pietra con l&#8217;ottagonale fonte battesimale dal 1506. <\/p>\n<p>\u00a0<\/p> <img loading=\"lazy\" decoding=\"async\" width=\"400\" height=\"300\" class=\"size-medium alignright wp-image-25664\" src=\"http:\/\/www.it.tarnow.pl\/wp-content\/uploads\/2019\/02\/Kasna-Dolna-Dworek-I.-J.-Paderewskiego-1-400x300.jpg\" alt=\"\" srcset=\"https:\/\/www.it.tarnow.pl\/wp-content\/uploads\/2019\/02\/Kasna-Dolna-Dworek-I.-J.-Paderewskiego-1-400x300.jpg 400w, https:\/\/www.it.tarnow.pl\/wp-content\/uploads\/2019\/02\/Kasna-Dolna-Dworek-I.-J.-Paderewskiego-1-768x576.jpg 768w, https:\/\/www.it.tarnow.pl\/wp-content\/uploads\/2019\/02\/Kasna-Dolna-Dworek-I.-J.-Paderewskiego-1-650x488.jpg 650w, https:\/\/www.it.tarnow.pl\/wp-content\/uploads\/2019\/02\/Kasna-Dolna-Dworek-I.-J.-Paderewskiego-1-300x225.jpg 300w, https:\/\/www.it.tarnow.pl\/wp-content\/uploads\/2019\/02\/Kasna-Dolna-Dworek-I.-J.-Paderewskiego-1.jpg 1024w\" sizes=\"auto, (max-width: 400px) 100vw, 400px\" \/><p>La chiesa in legno di San Leonardo \u00e8 entrata sulla lista UNESCO e le palme di circa 30 metri attirano tanti turisti a Lipnica Murowana. Sopra Nowy Wi\u015bnicz invece regna la pi\u00fa grande residenza barocca in Polonia \u2013 il castello della famiglia Lubomirski. <\/p>\n<p>\u00a0<\/p>\n<p>Pi\u00fa di 100.000 pellegrini ogni anno a luglio visitano La Grande Sagra di Tuch\u00f3w nel monastero dei padri redentori. I bambini, con piacere visitano il presepio mobile, uno dei pi\u00fa grandi in Polonia e il Museo delle Missioni con gli oggetti tipici dell\u2019Africa, dell\u2019America e dell\u2019 Oceania.. <\/p>\n<p>\u00a0<\/p> <img loading=\"lazy\" decoding=\"async\" width=\"400\" height=\"300\" class=\"size-medium alignright wp-image-25659\" src=\"http:\/\/www.it.tarnow.pl\/wp-content\/uploads\/2019\/02\/Ciezkowice-2-400x300.jpg\" alt=\"\" srcset=\"https:\/\/www.it.tarnow.pl\/wp-content\/uploads\/2019\/02\/Ciezkowice-2-400x300.jpg 400w, https:\/\/www.it.tarnow.pl\/wp-content\/uploads\/2019\/02\/Ciezkowice-2-768x576.jpg 768w, https:\/\/www.it.tarnow.pl\/wp-content\/uploads\/2019\/02\/Ciezkowice-2-650x488.jpg 650w, https:\/\/www.it.tarnow.pl\/wp-content\/uploads\/2019\/02\/Ciezkowice-2-300x225.jpg 300w, https:\/\/www.it.tarnow.pl\/wp-content\/uploads\/2019\/02\/Ciezkowice-2.jpg 1024w\" sizes=\"auto, (max-width: 400px) 100vw, 400px\" \/><p>Wojnicz , la pi\u00fa vecchia citt\u00e0 della regione, invita a vedere &#8220;wa\u0142y kasztela\u0144skie&#8221; \u2013 le fortificazioni difensive e la chiesa fatta in legno dal XV secolo. Zakliczyn ci invita a degustare piatti con i fagioli, organizzando ogni anno a Settembre la &#8220;Festa dei fagioli&#8221;.<\/p>","protected":false},"excerpt":{"rendered":"Ci\u00f2 che accomuna le citt\u00e1 di Pog\u00f3rze: Ci\u0119\u017ckowice, Czch\u00f3w, Lipnica Murowana, Nowy Wi\u015bnicz, Tuch\u00f3w, Wojnicz e Zakliczyn \u00e8 l\u2019indimenticabile bellezza e atmosfera della citt\u00e0 provinciale. La maggior parte delle citt\u00e1, [&hellip;]","protected":false},"author":1,"featured_media":0,"parent":10029,"menu_order":691,"comment_status":"closed","ping_status":"closed","template":"","meta":{"_acf_changed":false,"footnotes":""},"tags":[],"class_list":["post-10041","page","type-page","status-publish","hentry"],"acf":{"in_menu":null,"show_date":null,"intro_text":"<img class=\"size-medium alignleft wp-image-25708\" src=\"http:\/\/www.it.tarnow.pl\/wp-content\/uploads\/2019\/02\/Lipnica-Murowana-Rynek-1-400x300.jpg\" alt=\"\"><p>Ci\u00f2 che accomuna le citt\u00e1 di Pog\u00f3rze: Ci\u0119\u017ckowice, Czch\u00f3w, Lipnica Murowana, Nowy Wi\u015bnicz, Tuch\u00f3w, Wojnicz e Zakliczyn \u00e8 l\u2019indimenticabile bellezza e atmosfera della citt\u00e0 provinciale. La maggior parte delle citt\u00e1, fondate nella prima parte del XIV secolo, grazie alle caratteristiche piazze, circondate dalle case di un piano con i portici fatti di legno, hanno conservato la loro forma medievale.<\/p>","map":null},"yoast_head":"<!-- This site is optimized with the Yoast SEO Premium plugin v25.4 (Yoast SEO v25.4) - https:\/\/yoast.com\/wordpress\/plugins\/seo\/ -->\n<title>La bellezza delle piccole citt\u00e1 - Tarnowskie Centrum Informacji<\/title>\n<meta name=\"robots\" content=\"index, follow, max-snippet:-1, max-image-preview:large, max-video-preview:-1\" \/>\n<link rel=\"canonical\" href=\"https:\/\/www.it.tarnow.pl\/it\/attrazioni\/la-bellezza-delle-piccole-citta\/\" \/>\n<meta property=\"og:locale\" content=\"it_IT\" \/>\n<meta property=\"og:type\" content=\"article\" \/>\n<meta property=\"og:title\" content=\"La bellezza delle piccole citt\u00e1\" \/>\n<meta property=\"og:description\" content=\"Ci\u00f2 che accomuna le citt\u00e1 di Pog\u00f3rze: Ci\u0119\u017ckowice, Czch\u00f3w, Lipnica Murowana, Nowy Wi\u015bnicz, Tuch\u00f3w, Wojnicz e Zakliczyn \u00e8 l\u2019indimenticabile bellezza e atmosfera della citt\u00e0 provinciale. La maggior parte delle citt\u00e1, [&hellip;]\" \/>\n<meta property=\"og:url\" content=\"https:\/\/www.it.tarnow.pl\/it\/attrazioni\/la-bellezza-delle-piccole-citta\/\" \/>\n<meta property=\"og:site_name\" content=\"Tarnowskie Centrum Informacji\" \/>\n<meta property=\"article:modified_time\" content=\"2019-04-03T13:19:47+00:00\" \/>\n<meta property=\"og:image\" content=\"http:\/\/www.it.tarnow.pl\/wp-content\/uploads\/2019\/02\/Lipnica-Murowana-Rynek-1-400x300.jpg\" \/>\n<meta name=\"twitter:card\" content=\"summary_large_image\" \/>\n<meta name=\"twitter:label1\" content=\"Tempo di lettura stimato\" \/>\n\t<meta name=\"twitter:data1\" content=\"2 minuti\" \/>\n<script type=\"application\/ld+json\" class=\"yoast-schema-graph\">{\"@context\":\"https:\/\/schema.org\",\"@graph\":[{\"@type\":\"WebPage\",\"@id\":\"https:\/\/www.it.tarnow.pl\/it\/attrazioni\/la-bellezza-delle-piccole-citta\/\",\"url\":\"https:\/\/www.it.tarnow.pl\/it\/attrazioni\/la-bellezza-delle-piccole-citta\/\",\"name\":\"La bellezza delle piccole citt\u00e1 - Tarnowskie Centrum Informacji\",\"isPartOf\":{\"@id\":\"https:\/\/www.it.tarnow.pl\/#website\"},\"primaryImageOfPage\":{\"@id\":\"https:\/\/www.it.tarnow.pl\/it\/attrazioni\/la-bellezza-delle-piccole-citta\/#primaryimage\"},\"image\":{\"@id\":\"https:\/\/www.it.tarnow.pl\/it\/attrazioni\/la-bellezza-delle-piccole-citta\/#primaryimage\"},\"thumbnailUrl\":\"http:\/\/www.it.tarnow.pl\/wp-content\/uploads\/2019\/02\/Lipnica-Murowana-Rynek-1-400x300.jpg\",\"datePublished\":\"2011-03-09T11:36:39+00:00\",\"dateModified\":\"2019-04-03T13:19:47+00:00\",\"breadcrumb\":{\"@id\":\"https:\/\/www.it.tarnow.pl\/it\/attrazioni\/la-bellezza-delle-piccole-citta\/#breadcrumb\"},\"inLanguage\":\"it-IT\",\"potentialAction\":[{\"@type\":\"ReadAction\",\"target\":[\"https:\/\/www.it.tarnow.pl\/it\/attrazioni\/la-bellezza-delle-piccole-citta\/\"]}]},{\"@type\":\"ImageObject\",\"inLanguage\":\"it-IT\",\"@id\":\"https:\/\/www.it.tarnow.pl\/it\/attrazioni\/la-bellezza-delle-piccole-citta\/#primaryimage\",\"url\":\"http:\/\/www.it.tarnow.pl\/wp-content\/uploads\/2019\/02\/Lipnica-Murowana-Rynek-1-400x300.jpg\",\"contentUrl\":\"http:\/\/www.it.tarnow.pl\/wp-content\/uploads\/2019\/02\/Lipnica-Murowana-Rynek-1-400x300.jpg\"},{\"@type\":\"BreadcrumbList\",\"@id\":\"https:\/\/www.it.tarnow.pl\/it\/attrazioni\/la-bellezza-delle-piccole-citta\/#breadcrumb\",\"itemListElement\":[{\"@type\":\"ListItem\",\"position\":1,\"name\":\"Pagina iniziale\",\"item\":\"https:\/\/www.it.tarnow.pl\/it\/\"},{\"@type\":\"ListItem\",\"position\":2,\"name\":\"Attrazioni\",\"item\":\"https:\/\/www.it.tarnow.pl\/it\/attrazioni\/\"},{\"@type\":\"ListItem\",\"position\":3,\"name\":\"La bellezza delle piccole citt\u00e1\"}]},{\"@type\":\"WebSite\",\"@id\":\"https:\/\/www.it.tarnow.pl\/#website\",\"url\":\"https:\/\/www.it.tarnow.pl\/\",\"name\":\"Tarnowskie Centrum Informacji\",\"description\":\"Informacja turystyczna o Tarnowie i regionie tarnowskim.\",\"potentialAction\":[{\"@type\":\"SearchAction\",\"target\":{\"@type\":\"EntryPoint\",\"urlTemplate\":\"https:\/\/www.it.tarnow.pl\/?s={search_term_string}\"},\"query-input\":{\"@type\":\"PropertyValueSpecification\",\"valueRequired\":true,\"valueName\":\"search_term_string\"}}],\"inLanguage\":\"it-IT\"}]}<\/script>\n<!-- \/ Yoast SEO Premium plugin. -->","yoast_head_json":{"title":"La bellezza delle piccole citt\u00e1 - Tarnowskie Centrum Informacji","robots":{"index":"index","follow":"follow","max-snippet":"max-snippet:-1","max-image-preview":"max-image-preview:large","max-video-preview":"max-video-preview:-1"},"canonical":"https:\/\/www.it.tarnow.pl\/it\/attrazioni\/la-bellezza-delle-piccole-citta\/","og_locale":"it_IT","og_type":"article","og_title":"La bellezza delle piccole citt\u00e1","og_description":"Ci\u00f2 che accomuna le citt\u00e1 di Pog\u00f3rze: Ci\u0119\u017ckowice, Czch\u00f3w, Lipnica Murowana, Nowy Wi\u015bnicz, Tuch\u00f3w, Wojnicz e Zakliczyn \u00e8 l\u2019indimenticabile bellezza e atmosfera della citt\u00e0 provinciale. La maggior parte delle citt\u00e1, [&hellip;]","og_url":"https:\/\/www.it.tarnow.pl\/it\/attrazioni\/la-bellezza-delle-piccole-citta\/","og_site_name":"Tarnowskie Centrum Informacji","article_modified_time":"2019-04-03T13:19:47+00:00","og_image":[{"url":"http:\/\/www.it.tarnow.pl\/wp-content\/uploads\/2019\/02\/Lipnica-Murowana-Rynek-1-400x300.jpg","type":"","width":"","height":""}],"twitter_card":"summary_large_image","twitter_misc":{"Tempo di lettura stimato":"2 minuti"},"schema":{"@context":"https:\/\/schema.org","@graph":[{"@type":"WebPage","@id":"https:\/\/www.it.tarnow.pl\/it\/attrazioni\/la-bellezza-delle-piccole-citta\/","url":"https:\/\/www.it.tarnow.pl\/it\/attrazioni\/la-bellezza-delle-piccole-citta\/","name":"La bellezza delle piccole citt\u00e1 - Tarnowskie Centrum Informacji","isPartOf":{"@id":"https:\/\/www.it.tarnow.pl\/#website"},"primaryImageOfPage":{"@id":"https:\/\/www.it.tarnow.pl\/it\/attrazioni\/la-bellezza-delle-piccole-citta\/#primaryimage"},"image":{"@id":"https:\/\/www.it.tarnow.pl\/it\/attrazioni\/la-bellezza-delle-piccole-citta\/#primaryimage"},"thumbnailUrl":"http:\/\/www.it.tarnow.pl\/wp-content\/uploads\/2019\/02\/Lipnica-Murowana-Rynek-1-400x300.jpg","datePublished":"2011-03-09T11:36:39+00:00","dateModified":"2019-04-03T13:19:47+00:00","breadcrumb":{"@id":"https:\/\/www.it.tarnow.pl\/it\/attrazioni\/la-bellezza-delle-piccole-citta\/#breadcrumb"},"inLanguage":"it-IT","potentialAction":[{"@type":"ReadAction","target":["https:\/\/www.it.tarnow.pl\/it\/attrazioni\/la-bellezza-delle-piccole-citta\/"]}]},{"@type":"ImageObject","inLanguage":"it-IT","@id":"https:\/\/www.it.tarnow.pl\/it\/attrazioni\/la-bellezza-delle-piccole-citta\/#primaryimage","url":"http:\/\/www.it.tarnow.pl\/wp-content\/uploads\/2019\/02\/Lipnica-Murowana-Rynek-1-400x300.jpg","contentUrl":"http:\/\/www.it.tarnow.pl\/wp-content\/uploads\/2019\/02\/Lipnica-Murowana-Rynek-1-400x300.jpg"},{"@type":"BreadcrumbList","@id":"https:\/\/www.it.tarnow.pl\/it\/attrazioni\/la-bellezza-delle-piccole-citta\/#breadcrumb","itemListElement":[{"@type":"ListItem","position":1,"name":"Pagina iniziale","item":"https:\/\/www.it.tarnow.pl\/it\/"},{"@type":"ListItem","position":2,"name":"Attrazioni","item":"https:\/\/www.it.tarnow.pl\/it\/attrazioni\/"},{"@type":"ListItem","position":3,"name":"La bellezza delle piccole citt\u00e1"}]},{"@type":"WebSite","@id":"https:\/\/www.it.tarnow.pl\/#website","url":"https:\/\/www.it.tarnow.pl\/","name":"Tarnowskie Centrum Informacji","description":"Informacja turystyczna o Tarnowie i regionie tarnowskim.","potentialAction":[{"@type":"SearchAction","target":{"@type":"EntryPoint","urlTemplate":"https:\/\/www.it.tarnow.pl\/?s={search_term_string}"},"query-input":{"@type":"PropertyValueSpecification","valueRequired":true,"valueName":"search_term_string"}}],"inLanguage":"it-IT"}]}},"_links":{"self":[{"href":"https:\/\/www.it.tarnow.pl\/it\/wp-json\/wp\/v2\/pages\/10041","targetHints":{"allow":["GET"]}}],"collection":[{"href":"https:\/\/www.it.tarnow.pl\/it\/wp-json\/wp\/v2\/pages"}],"about":[{"href":"https:\/\/www.it.tarnow.pl\/it\/wp-json\/wp\/v2\/types\/page"}],"author":[{"embeddable":true,"href":"https:\/\/www.it.tarnow.pl\/it\/wp-json\/wp\/v2\/users\/1"}],"replies":[{"embeddable":true,"href":"https:\/\/www.it.tarnow.pl\/it\/wp-json\/wp\/v2\/comments?post=10041"}],"version-history":[{"count":0,"href":"https:\/\/www.it.tarnow.pl\/it\/wp-json\/wp\/v2\/pages\/10041\/revisions"}],"up":[{"embeddable":true,"href":"https:\/\/www.it.tarnow.pl\/it\/wp-json\/wp\/v2\/pages\/10029"}],"wp:attachment":[{"href":"https:\/\/www.it.tarnow.pl\/it\/wp-json\/wp\/v2\/media?parent=10041"}],"wp:term":[{"taxonomy":"post_tag","embeddable":true,"href":"https:\/\/www.it.tarnow.pl\/it\/wp-json\/wp\/v2\/tags?post=10041"}],"curies":[{"name":"wp","href":"https:\/\/api.w.org\/{rel}","templated":true}]}}