{"id":10040,"date":"2011-03-09T12:27:19","date_gmt":"2011-03-09T11:27:19","guid":{"rendered":"http:\/\/www.it.tarnow.pl\/turismo-religioso\/"},"modified":"2019-04-03T15:19:46","modified_gmt":"2019-04-03T13:19:46","slug":"turismo-religioso","status":"publish","type":"page","link":"https:\/\/www.it.tarnow.pl\/it\/attrazioni\/turismo-religioso\/","title":{"rendered":"Turismo religioso"},"content":{"rendered":"<img loading=\"lazy\" decoding=\"async\" width=\"400\" height=\"300\" class=\"size-medium alignright wp-image-21158\" src=\"http:\/\/www.it.tarnow.pl\/wp-content\/uploads\/2019\/02\/TARNOW-Muzeum-Diecezjalne-400x300.jpg\" alt=\"\" srcset=\"https:\/\/www.it.tarnow.pl\/wp-content\/uploads\/2019\/02\/TARNOW-Muzeum-Diecezjalne-400x300.jpg 400w, https:\/\/www.it.tarnow.pl\/wp-content\/uploads\/2019\/02\/TARNOW-Muzeum-Diecezjalne-768x576.jpg 768w, https:\/\/www.it.tarnow.pl\/wp-content\/uploads\/2019\/02\/TARNOW-Muzeum-Diecezjalne-650x488.jpg 650w, https:\/\/www.it.tarnow.pl\/wp-content\/uploads\/2019\/02\/TARNOW-Muzeum-Diecezjalne-300x225.jpg 300w, https:\/\/www.it.tarnow.pl\/wp-content\/uploads\/2019\/02\/TARNOW-Muzeum-Diecezjalne.jpg 1024w\" sizes=\"auto, (max-width: 400px) 100vw, 400px\" \/><p>La regione di Tarn\u00f3w, con il pi\u00f9 grande Seminario Diocesano d\u2019Europa , appartenente alla diocesi di Tarn\u00f3w, la cui capitale \u00e8 la sede del pi\u00f9 vecchio Museo Diocesano in Polonia , costituisce il punto forte sulla carta sacrale nel mondo. Da molto tempo si osserva l&#8217;aumento delle vocazioni al sacerdozio, quindi ci sono di pi\u00f9 preti che partono alle missioni.<\/p>\n<p> Il Papa Giovanni Paolo II, durante la sua visita a Tarn\u00f3w il 9 giugno 1987 si \u00e8 rivolto ai pellegrini con le parole: &#8220;Non avete neanche idea, come mi piaceva andare a Tarn\u00f3w&#8221;, ha sottolineato la grande specialit\u00e0 di questa citt\u00e0. Nel 1981 ha di nuovo visitato Tarn\u00f3w: il 10 giugno in presenza di 2000 fideli ha celebrato la messa durante la quale ha beatificato Karolina K\u00f3zka.<\/p>\n<p> La regione di Tarn\u00f3w \u00e8 piena di luoghi di culto dei santi , soprattutto di Madre di Dio, tra cui il pi\u00f9 famoso \u00e8 il Santuario di Santa Maria a Tuch\u00f3w, nella quale ogni anno si recano migliaia di fideli , aumentano il valore della regione. <\/p>\n<p>\u00a0<\/p>\n<p> Le grazie delle quali beneficiavano i molti fideli sono state documentate per via orale; la maggior parte di questi fatti sono stati ufficialemente riconosciuti come miracolosi dalla Chiesa. <\/p> <img loading=\"lazy\" decoding=\"async\" width=\"300\" height=\"400\" class=\"size-medium alignright wp-image-21464\" src=\"http:\/\/www.it.tarnow.pl\/wp-content\/uploads\/2019\/02\/TARNOW-Bazylika-katedralna-04-300x400.jpg\" alt=\"\" srcset=\"https:\/\/www.it.tarnow.pl\/wp-content\/uploads\/2019\/02\/TARNOW-Bazylika-katedralna-04-300x400.jpg 300w, https:\/\/www.it.tarnow.pl\/wp-content\/uploads\/2019\/02\/TARNOW-Bazylika-katedralna-04.jpg 768w, https:\/\/www.it.tarnow.pl\/wp-content\/uploads\/2019\/02\/TARNOW-Bazylika-katedralna-04-488x650.jpg 488w, https:\/\/www.it.tarnow.pl\/wp-content\/uploads\/2019\/02\/TARNOW-Bazylika-katedralna-04-225x300.jpg 225w\" sizes=\"auto, (max-width: 300px) 100vw, 300px\" \/><p>La Basilica Cattedrale \u00e8 prima di tutto un santuario, ma \u00e8 anche uno dei pi\u00f9 belli monumenti storici della citt\u00e0. Eretta nel XIV seccolo, ha preso il suo attuale aspetto, dopo le ricostruzioni parziali negli anni 1889-1900. Ricca attrezzatura, tra cui si trovano, sottostante il coro, gli stalli canonici in stile gotico, gli altari, le sculture, gli epitaffi, i quadri, le vetrate, mette la Cattedrale tra i pi\u00f9 bei templi in Polonia.<br> La Basilica \u00e8 famosa per i suoi rinascimentali monumenti funebri, dei membri della famiglia Tarnowski e dallo stile manieristico dei Ostrogski, rimarcabili come le pi\u00f9 note opere d&#8217;arte in Polonia dei famosi maestri come Bartolomeo Berecci, Giovanni Maria Padovano e Giovanni Pfister.<\/p>\n<p> Negli edifici storici dal XVI secolo che circondano la Basilica si trova il Museo Diocesano di Tarn\u00f3w &#8211; il pi\u00f9 vecchio museo religioso in Polonia. Gli esempi dell&#8217;arte corporativa cio\u00e8 le sculture gotiche e la pittura dal territorio della Piccola Polonia, costituiscono la pi\u00f9 importante parte delle raccolte del museo di Tarn\u00f3w. La seconda parte contiene i tessuti sacrali (pianete, piviali ecc.) <\/p>\n<p> Il museo possiede l&#8217;esposizione dell&#8217;arte popolare con molti particolari esempi delle pitture su vetro che provengono dal territorio d\u2019Europa e dagli altri continenti.<\/p>\n<p> Possiamo ammirare anche le sculture contemporane popolari, la collezione delle opere di alcuni pittori polacchi: Jacek Malczewski, Vlastimil Hofman, Kazimierz Sichulski, Wojciech Weiss e anche la collezione di porcellana e di orologi. <\/p>\n<p>\u00a0<\/p>\n<p> <b>A Tarn\u00f3w ci sono 3 santuari mariani:<\/b><br><\/p> <img loading=\"lazy\" decoding=\"async\" width=\"300\" height=\"400\" class=\"size-medium alignright wp-image-21551\" src=\"http:\/\/www.it.tarnow.pl\/wp-content\/uploads\/2019\/02\/TARNOW-Kosciol-p.w.-Matki-Bozej-Szkaplerznej-1-300x400.jpg\" alt=\"\" srcset=\"https:\/\/www.it.tarnow.pl\/wp-content\/uploads\/2019\/02\/TARNOW-Kosciol-p.w.-Matki-Bozej-Szkaplerznej-1-300x400.jpg 300w, https:\/\/www.it.tarnow.pl\/wp-content\/uploads\/2019\/02\/TARNOW-Kosciol-p.w.-Matki-Bozej-Szkaplerznej-1.jpg 768w, https:\/\/www.it.tarnow.pl\/wp-content\/uploads\/2019\/02\/TARNOW-Kosciol-p.w.-Matki-Bozej-Szkaplerznej-1-488x650.jpg 488w, https:\/\/www.it.tarnow.pl\/wp-content\/uploads\/2019\/02\/TARNOW-Kosciol-p.w.-Matki-Bozej-Szkaplerznej-1-225x300.jpg 225w\" sizes=\"auto, (max-width: 300px) 100vw, 300px\" \/><p>Il Santuario di Nostra Signora dei Dolori consacrato nella Basilica Cattedrale nel 2006. Da allora, la cattedrale, funzionando come luogo di culto, gode del privilegio dell&#8217;indulgenza plenaria. Il culto della Vergine \u00e8 legato alla statua di Nostra Signora dei Dolori. Da cento anni la piet\u00e0, in parte dorata in parte scolpita in legno \u00e8 considerata come miracolosa. <\/p>\n<p>Il Santuario di Nostra Signora Szkaplerzna situato nella chiesa di Nostra Signora sul Burek \u00e8 il pi\u00f9 bello esempio dell&#8217;architettura sacrale in legno nella regione. Sull&#8217;altare maggiore in stile roccoco, si trova l&#8217;icona della Madre di Dio con il bambino Ges\u00f9 che \u00e8 celebre per le sue grazie. L&#8217;opera \u00e8 stata arricchita di belle corone. <\/p>\n<p>Il Santuario Nostra Signora di Fatima facendo parte della parrocchia di San Giuseppe e di Nostra Signora di Fatima \u00e8 stata fondata nel 2003. La prima statua della Vergine \u00e8 stata consacrata nel 1952. Si annette un`importanza particolare alle reliquie dei pastori benedetti: Hiacinta e Francesco. Al santuario di Tarn\u00f3w sono stati elaborati i canti per Nostra Signora di Fatima, oggi cantati in tutta Polonia. <\/p>\n<p>\u00a0<\/p>\n<p> <b>Nel sud della regione<\/b><br><\/p> <img loading=\"lazy\" decoding=\"async\" width=\"400\" height=\"300\" class=\"size-medium alignright wp-image-25577\" src=\"http:\/\/www.it.tarnow.pl\/wp-content\/uploads\/2019\/02\/Sanktuarium-w-Tuchowie-1-400x300.jpg\" alt=\"\" srcset=\"https:\/\/www.it.tarnow.pl\/wp-content\/uploads\/2019\/02\/Sanktuarium-w-Tuchowie-1-400x300.jpg 400w, https:\/\/www.it.tarnow.pl\/wp-content\/uploads\/2019\/02\/Sanktuarium-w-Tuchowie-1-768x577.jpg 768w, https:\/\/www.it.tarnow.pl\/wp-content\/uploads\/2019\/02\/Sanktuarium-w-Tuchowie-1-650x488.jpg 650w, https:\/\/www.it.tarnow.pl\/wp-content\/uploads\/2019\/02\/Sanktuarium-w-Tuchowie-1-300x225.jpg 300w, https:\/\/www.it.tarnow.pl\/wp-content\/uploads\/2019\/02\/Sanktuarium-w-Tuchowie-1.jpg 1024w\" sizes=\"auto, (max-width: 400px) 100vw, 400px\" \/><p>Il Santuario di Nostra Signora di Tuch\u00f3w \u00e8 il pi\u00f9 grande centro del culto mariano nelle diocesi di Tarn\u00f3w. Nelle chiesa mononave con due cappelle laterali, sull&#8217;altare maggiore in stile barocco si trova l&#8217;icona della Regina della diocesi celebre per le sue grazie \u2013 la Madona con il bambino. Il carattere miracoloso dell&#8217;icona \u00e8 stata confermata dalla Commissione Episcopale nel 1641. La festa di Nostra Signora di Tuch\u00f3w \u00e8 iscritta nel calendario liturgico e cade il 2 giugno. Il giorno precedente comincia la Grande Indulgenza che raduna ogni anno 100000 fideli. <\/p>\n<p> Il Santuario della Vergine dell&#8217;Infallibile Speranza a Jamna godeva di un grande interesse della parte di Giovanni Paolo II per causa del suo unico catttere. Questo santuario \u00e8 stato fondato dal dominicano Jan G\u00f3ra che all&#8217;inizio degli anni 90 ha intrapreso l&#8217;idea di costruire il Pastorale Academico. L&#8217;icona di Nostra Signora dell&#8217;Infallibile Speranza che \u00e8 stata creata per commemorare la pacificazione di Jamna dai nazisti e solennemente incoronata nel 1998 dal Papa Giovanni Paolo II durante l&#8217;udienza generale in Piazza San Pietro a Roma. Nello stesso anno, il Papa ha consecrato la pietra angolare della chiesa di Jamna, oggi il santuario. <\/p>\n<p> Il Santuario di Ges\u00f9 Misericordioso a Ci\u0119\u017ckowice \u00e8 un luogo eccezionale. Nella chiesa di San Andrea, edificato fra 1901 e 1902, sull&#8217;altare in stile neogotico si trova l&#8217;icona barocca di Ges\u00f9 Misericordioso \u00abEcce Homo\u00bb, dipinto su legno. Nel 2002, il vescovo di Tarn\u00f3w, Wiktor Skworc ha concesso alla chiesa di Ci\u0119\u017ckowice lo statuto di santuario. <\/p>\n<p> Nella chiesa parrocchiale di Nostra Signora del Rosario a Przydonica se adora l&#8217;icona di Nostra Signora della Consolazione che si trova sull&#8217;altare maggiore in stile rococo-neoclassico datata al 1527 \u2013 il dono dal re Giovanni III di Polonia dopo il trionfo alla battaglia a Vienna. <\/p>\n<p>\u00a0<\/p>\n<p> <b>Nell&#8217;ovest e nord della regione<\/b><br><\/p> <img loading=\"lazy\" decoding=\"async\" width=\"400\" height=\"300\" class=\"size-medium alignright wp-image-25592\" src=\"http:\/\/www.it.tarnow.pl\/wp-content\/uploads\/2019\/02\/Grota-w-Porabce-Uszewskiej-400x300.jpg\" alt=\"\" srcset=\"https:\/\/www.it.tarnow.pl\/wp-content\/uploads\/2019\/02\/Grota-w-Porabce-Uszewskiej-400x300.jpg 400w, https:\/\/www.it.tarnow.pl\/wp-content\/uploads\/2019\/02\/Grota-w-Porabce-Uszewskiej-768x577.jpg 768w, https:\/\/www.it.tarnow.pl\/wp-content\/uploads\/2019\/02\/Grota-w-Porabce-Uszewskiej-650x488.jpg 650w, https:\/\/www.it.tarnow.pl\/wp-content\/uploads\/2019\/02\/Grota-w-Porabce-Uszewskiej-300x225.jpg 300w, https:\/\/www.it.tarnow.pl\/wp-content\/uploads\/2019\/02\/Grota-w-Porabce-Uszewskiej.jpg 1024w\" sizes=\"auto, (max-width: 400px) 100vw, 400px\" \/><p>A Por\u0105bka Uszewska si trova la Grotta di Nostra Signora di Lourdes all&#8217;interno di cui c&#8217;\u00e8 il neogotico altare di pietra. Nella nicchia esteriore si trova la statua della Santa Vergine dell&#8217; <br> Immacolata Concezione.<\/p> <img loading=\"lazy\" decoding=\"async\" width=\"400\" height=\"300\" class=\"size-medium alignright wp-image-25597\" src=\"http:\/\/www.it.tarnow.pl\/wp-content\/uploads\/2019\/02\/100_1361-sanktuarium-szczepanow-400x300.jpg\" alt=\"\" srcset=\"https:\/\/www.it.tarnow.pl\/wp-content\/uploads\/2019\/02\/100_1361-sanktuarium-szczepanow-400x300.jpg 400w, https:\/\/www.it.tarnow.pl\/wp-content\/uploads\/2019\/02\/100_1361-sanktuarium-szczepanow-768x576.jpg 768w, https:\/\/www.it.tarnow.pl\/wp-content\/uploads\/2019\/02\/100_1361-sanktuarium-szczepanow-650x488.jpg 650w, https:\/\/www.it.tarnow.pl\/wp-content\/uploads\/2019\/02\/100_1361-sanktuarium-szczepanow-300x225.jpg 300w, https:\/\/www.it.tarnow.pl\/wp-content\/uploads\/2019\/02\/100_1361-sanktuarium-szczepanow.jpg 1024w\" sizes=\"auto, (max-width: 400px) 100vw, 400px\" \/><p>A Szczepan\u00f3w, il villaggio natale del vescovo e matririo Santo Stanis\u0142aw, patrono della Polonia \u00e8 stato fondato il santuario San Stanis\u0142aw. La chiesa parrocchiale ripara il reliquiario con i frammenti dei resti di Stanis\u0142aw. Sull&#8217;altare maggiore si trova, celebre per le sue grazie l&#8217;icona medievale di Stanis\u0142aw. Nella cappella della nascita se vede il tronco della quercia accanto a cui sarebbe nato Santo Stanis\u0142aw, se vede anche una picchola sorgente in cui la madre di Stanis\u0142aw ha lavato il neonato. Il santuario di Szczepan\u00f3w, il pi\u00f9 importante nelle diocesi, \u00e8 stato visitato dai Papi: Karol Wojty\u0142a e Joseph Ratzinger. <br> Al Santuario a Bochnia se adora l&#8217;icona di Nostra Signora del Rosario che gi\u00e0 all&#8217;inizio del XII seccolo \u00e8 stata celebre per le sue grazie. L&#8217;icona deve la sua gloria alle lacrime che hanno aparito su lei. La commissione Speciale ha minuziosamente annalizzato questo fenomeno e ha riconosciuto il suo carattere miracoloso. <\/p> <img loading=\"lazy\" decoding=\"async\" width=\"300\" height=\"400\" class=\"size-medium alignleft wp-image-25602\" src=\"http:\/\/www.it.tarnow.pl\/wp-content\/uploads\/2019\/02\/Zabawa-sanktuarium-2012-MP-1-_1-300x400.jpg\" alt=\"\" srcset=\"https:\/\/www.it.tarnow.pl\/wp-content\/uploads\/2019\/02\/Zabawa-sanktuarium-2012-MP-1-_1-300x400.jpg 300w, https:\/\/www.it.tarnow.pl\/wp-content\/uploads\/2019\/02\/Zabawa-sanktuarium-2012-MP-1-_1-225x300.jpg 225w, https:\/\/www.it.tarnow.pl\/wp-content\/uploads\/2019\/02\/Zabawa-sanktuarium-2012-MP-1-_1.jpg 482w\" sizes=\"auto, (max-width: 300px) 100vw, 300px\" \/><p> \u00ab Regno di Nostra Signora \u00bb cos\u00ec \u00e8 chiamato il villaggio di Odporysz\u00f3w in cui da 400 anni se adora la Madre di Dio. Il Santuario della Benedetta Karolina K\u00f3zka a Zabawa beatificata da Papa Giovanni Paolo II a Tarn\u00f3w il 10.06.1987. Il processo di canonizzazione \u00e8 in corso. Durante la Prima Guerra Mondiale, la beata Karolina \u00e8 stata assasinata da un soldato russo, all\u2019et\u00e0 di sedici anni. Nel villaggio possiamo visitare la casa di Karolina(attualmente il museo), la chiesa parrocchiale in cui \u00e8 stata battezzata ,seppellita ed il posto della morte.. Ogni anno il Santuario \u00e8 visitato da migliaia di pellegrini. Le reliquie di Karolina K\u00f3zka riposano nella bara in cannella all&#8217;interno del sarcofago. Dalle due parte del sarcofago bronzeo a forma di bara s&#8217;inginocchiano gli agneli proteggendo la figlia. <\/p> <img loading=\"lazy\" decoding=\"async\" width=\"300\" height=\"400\" class=\"size-medium alignright wp-image-25607\" src=\"http:\/\/www.it.tarnow.pl\/wp-content\/uploads\/2019\/02\/Sanktuarium-w-Okulicach-300x400.jpg\" alt=\"\" srcset=\"https:\/\/www.it.tarnow.pl\/wp-content\/uploads\/2019\/02\/Sanktuarium-w-Okulicach-300x400.jpg 300w, https:\/\/www.it.tarnow.pl\/wp-content\/uploads\/2019\/02\/Sanktuarium-w-Okulicach-768x1023.jpg 768w, https:\/\/www.it.tarnow.pl\/wp-content\/uploads\/2019\/02\/Sanktuarium-w-Okulicach-488x650.jpg 488w, https:\/\/www.it.tarnow.pl\/wp-content\/uploads\/2019\/02\/Sanktuarium-w-Okulicach-225x300.jpg 225w, https:\/\/www.it.tarnow.pl\/wp-content\/uploads\/2019\/02\/Sanktuarium-w-Okulicach.jpg 769w\" sizes=\"auto, (max-width: 300px) 100vw, 300px\" \/><p>Vale la pena di menzionare il Santuario a Okulice la cui origine rimonta ai tempi del regno del sposo di Santa Kinga di Polonia, Boles\u0142aw Wstydliwy che ha ordinato di edificare una cappella nello stesso luogo in cui durante la battaglia con i Tatari ha apparito la Vergine. Per il tramite dell\u2019Arcangelo Gabriele, in segno di victoria, la Donna ha passato a Boles\u0142aw la spada. \u00ab Guaritrice miracolosa \u00bb cos\u00ec \u00e8 chiamata Nostra Signora di Okulice che cura i disturbi della vista. Gli possiamo anche confidere i nostri affari familiari o coniugali. Nel 1962, in presenza del vescovo Karol Wojty\u0142a, l\u2019icona di Nostra Signora di Okulice \u00e8 stata sollenemente incoronata. <\/p>\n<p>\u00a0<\/p>\n<p> <b>Nell\u2019est della regione<\/b><br> L\u2019icona di Nostra Signora del Santuario a Zawada, in prossimit\u00e0 di D\u0119bica proviene probabilmente dal XV seccolo ed \u00e8 stata dipinta a imitazione della famosa icona di Nostra Signora della Neve. Dall\u2019inizio quest\u2019icona era l\u2019oggetto del culto. Il numero dei fideli che hanno ottenuto le grazie era cos\u00ec impressionata che in quel tempo il vescovo Piotr Gembicki ha riconosciuto l\u2019icona come miracolosa. Il 8 settembre 1920 il vescovo di Tarn\u00f3w Leon Wa\u0142\u0119ga l\u2019ha ornata della tiare papale. <\/p>\n<p> Il culto mariano a Pilzno che rimonta all`origine del cristianeismo polacco \u00e8 stato iniziato dai benedettini a cui apparteneva il casale. La storia dell\u2019icona di Pilzno comincia nel X seccolo e seocondo certuni iconografi gi\u00e0 nel IX seccolo. Il culto di Nostra Signora di Pilzno si \u00e8 imposato dopo che la citt\u00e0 \u00e8 stata miracolosamente salvata dall\u2019invasione dei Tatari nel XIII seccolo. L`icona di Nostra Signora della Consolazione la tale che possiamo ammirare oggi data al XVII seccolo. Le due rapprezentazioni precedenti della Madre di Dio con il bambino Ges\u00f9 si sono bruciate. La chiesa monastica eretta nel XV seccolo dagli Agostiniani \u00e8 stata ricostruita dopo l\u2019incendio della citt\u00e0 di Pilzno nel 1865.<\/p>","protected":false},"excerpt":{"rendered":"La regione di Tarn\u00f3w, con il pi\u00f9 grande Seminario Diocesano d\u2019Europa , appartenente alla diocesi di Tarn\u00f3w, la cui capitale \u00e8 la sede del pi\u00f9 vecchio Museo Diocesano in Polonia [&hellip;]","protected":false},"author":1,"featured_media":0,"parent":10029,"menu_order":839,"comment_status":"closed","ping_status":"closed","template":"","meta":{"_acf_changed":false,"footnotes":""},"tags":[],"class_list":["post-10040","page","type-page","status-publish","hentry"],"acf":{"in_menu":null,"show_date":null,"intro_text":"<img class=\"size-medium alignleft wp-image-21158\" src=\"http:\/\/www.it.tarnow.pl\/wp-content\/uploads\/2019\/02\/TARNOW-Muzeum-Diecezjalne-400x300.jpg\" alt=\"\"><p>La regione di Tarn\u00f3w, con il pi\u00f9 grande Seminario Diocesano d\u2019Europa , appartenente alla diocesi di Tarn\u00f3w, la cui capitale \u00e8 la sede del pi\u00f9 vecchio Museo Diocesano in Polonia , costituisce il punto forte sulla carta sacrale nel mondo. Da molto tempo si osserva l'aumento delle vocazioni al sacerdozio, quindi ci sono di pi\u00f9 preti che partono alle missioni.<\/p>","map":null},"yoast_head":"<!-- This site is optimized with the Yoast SEO Premium plugin v25.4 (Yoast SEO v25.4) - https:\/\/yoast.com\/wordpress\/plugins\/seo\/ -->\n<title>Turismo religioso - Tarnowskie Centrum Informacji<\/title>\n<meta name=\"robots\" content=\"index, follow, max-snippet:-1, max-image-preview:large, max-video-preview:-1\" \/>\n<link rel=\"canonical\" href=\"https:\/\/www.it.tarnow.pl\/it\/attrazioni\/turismo-religioso\/\" \/>\n<meta property=\"og:locale\" content=\"it_IT\" \/>\n<meta property=\"og:type\" content=\"article\" \/>\n<meta property=\"og:title\" content=\"Turismo religioso\" \/>\n<meta property=\"og:description\" content=\"La regione di Tarn\u00f3w, con il pi\u00f9 grande Seminario Diocesano d\u2019Europa , appartenente alla diocesi di Tarn\u00f3w, la cui capitale \u00e8 la sede del pi\u00f9 vecchio Museo Diocesano in Polonia [&hellip;]\" \/>\n<meta property=\"og:url\" content=\"https:\/\/www.it.tarnow.pl\/it\/attrazioni\/turismo-religioso\/\" \/>\n<meta property=\"og:site_name\" content=\"Tarnowskie Centrum Informacji\" \/>\n<meta property=\"article:modified_time\" content=\"2019-04-03T13:19:46+00:00\" \/>\n<meta property=\"og:image\" content=\"http:\/\/www.it.tarnow.pl\/wp-content\/uploads\/2019\/02\/TARNOW-Muzeum-Diecezjalne-400x300.jpg\" \/>\n<meta name=\"twitter:card\" content=\"summary_large_image\" \/>\n<meta name=\"twitter:label1\" content=\"Tempo di lettura stimato\" \/>\n\t<meta name=\"twitter:data1\" content=\"8 minuti\" \/>\n<script type=\"application\/ld+json\" class=\"yoast-schema-graph\">{\"@context\":\"https:\/\/schema.org\",\"@graph\":[{\"@type\":\"WebPage\",\"@id\":\"https:\/\/www.it.tarnow.pl\/it\/attrazioni\/turismo-religioso\/\",\"url\":\"https:\/\/www.it.tarnow.pl\/it\/attrazioni\/turismo-religioso\/\",\"name\":\"Turismo religioso - Tarnowskie Centrum Informacji\",\"isPartOf\":{\"@id\":\"https:\/\/www.it.tarnow.pl\/#website\"},\"primaryImageOfPage\":{\"@id\":\"https:\/\/www.it.tarnow.pl\/it\/attrazioni\/turismo-religioso\/#primaryimage\"},\"image\":{\"@id\":\"https:\/\/www.it.tarnow.pl\/it\/attrazioni\/turismo-religioso\/#primaryimage\"},\"thumbnailUrl\":\"http:\/\/www.it.tarnow.pl\/wp-content\/uploads\/2019\/02\/TARNOW-Muzeum-Diecezjalne-400x300.jpg\",\"datePublished\":\"2011-03-09T11:27:19+00:00\",\"dateModified\":\"2019-04-03T13:19:46+00:00\",\"breadcrumb\":{\"@id\":\"https:\/\/www.it.tarnow.pl\/it\/attrazioni\/turismo-religioso\/#breadcrumb\"},\"inLanguage\":\"it-IT\",\"potentialAction\":[{\"@type\":\"ReadAction\",\"target\":[\"https:\/\/www.it.tarnow.pl\/it\/attrazioni\/turismo-religioso\/\"]}]},{\"@type\":\"ImageObject\",\"inLanguage\":\"it-IT\",\"@id\":\"https:\/\/www.it.tarnow.pl\/it\/attrazioni\/turismo-religioso\/#primaryimage\",\"url\":\"http:\/\/www.it.tarnow.pl\/wp-content\/uploads\/2019\/02\/TARNOW-Muzeum-Diecezjalne-400x300.jpg\",\"contentUrl\":\"http:\/\/www.it.tarnow.pl\/wp-content\/uploads\/2019\/02\/TARNOW-Muzeum-Diecezjalne-400x300.jpg\"},{\"@type\":\"BreadcrumbList\",\"@id\":\"https:\/\/www.it.tarnow.pl\/it\/attrazioni\/turismo-religioso\/#breadcrumb\",\"itemListElement\":[{\"@type\":\"ListItem\",\"position\":1,\"name\":\"Pagina iniziale\",\"item\":\"https:\/\/www.it.tarnow.pl\/it\/\"},{\"@type\":\"ListItem\",\"position\":2,\"name\":\"Attrazioni\",\"item\":\"https:\/\/www.it.tarnow.pl\/it\/attrazioni\/\"},{\"@type\":\"ListItem\",\"position\":3,\"name\":\"Turismo religioso\"}]},{\"@type\":\"WebSite\",\"@id\":\"https:\/\/www.it.tarnow.pl\/#website\",\"url\":\"https:\/\/www.it.tarnow.pl\/\",\"name\":\"Tarnowskie Centrum Informacji\",\"description\":\"Informacja turystyczna o Tarnowie i regionie tarnowskim.\",\"potentialAction\":[{\"@type\":\"SearchAction\",\"target\":{\"@type\":\"EntryPoint\",\"urlTemplate\":\"https:\/\/www.it.tarnow.pl\/?s={search_term_string}\"},\"query-input\":{\"@type\":\"PropertyValueSpecification\",\"valueRequired\":true,\"valueName\":\"search_term_string\"}}],\"inLanguage\":\"it-IT\"}]}<\/script>\n<!-- \/ Yoast SEO Premium plugin. -->","yoast_head_json":{"title":"Turismo religioso - Tarnowskie Centrum Informacji","robots":{"index":"index","follow":"follow","max-snippet":"max-snippet:-1","max-image-preview":"max-image-preview:large","max-video-preview":"max-video-preview:-1"},"canonical":"https:\/\/www.it.tarnow.pl\/it\/attrazioni\/turismo-religioso\/","og_locale":"it_IT","og_type":"article","og_title":"Turismo religioso","og_description":"La regione di Tarn\u00f3w, con il pi\u00f9 grande Seminario Diocesano d\u2019Europa , appartenente alla diocesi di Tarn\u00f3w, la cui capitale \u00e8 la sede del pi\u00f9 vecchio Museo Diocesano in Polonia [&hellip;]","og_url":"https:\/\/www.it.tarnow.pl\/it\/attrazioni\/turismo-religioso\/","og_site_name":"Tarnowskie Centrum Informacji","article_modified_time":"2019-04-03T13:19:46+00:00","og_image":[{"url":"http:\/\/www.it.tarnow.pl\/wp-content\/uploads\/2019\/02\/TARNOW-Muzeum-Diecezjalne-400x300.jpg","type":"","width":"","height":""}],"twitter_card":"summary_large_image","twitter_misc":{"Tempo di lettura stimato":"8 minuti"},"schema":{"@context":"https:\/\/schema.org","@graph":[{"@type":"WebPage","@id":"https:\/\/www.it.tarnow.pl\/it\/attrazioni\/turismo-religioso\/","url":"https:\/\/www.it.tarnow.pl\/it\/attrazioni\/turismo-religioso\/","name":"Turismo religioso - Tarnowskie Centrum Informacji","isPartOf":{"@id":"https:\/\/www.it.tarnow.pl\/#website"},"primaryImageOfPage":{"@id":"https:\/\/www.it.tarnow.pl\/it\/attrazioni\/turismo-religioso\/#primaryimage"},"image":{"@id":"https:\/\/www.it.tarnow.pl\/it\/attrazioni\/turismo-religioso\/#primaryimage"},"thumbnailUrl":"http:\/\/www.it.tarnow.pl\/wp-content\/uploads\/2019\/02\/TARNOW-Muzeum-Diecezjalne-400x300.jpg","datePublished":"2011-03-09T11:27:19+00:00","dateModified":"2019-04-03T13:19:46+00:00","breadcrumb":{"@id":"https:\/\/www.it.tarnow.pl\/it\/attrazioni\/turismo-religioso\/#breadcrumb"},"inLanguage":"it-IT","potentialAction":[{"@type":"ReadAction","target":["https:\/\/www.it.tarnow.pl\/it\/attrazioni\/turismo-religioso\/"]}]},{"@type":"ImageObject","inLanguage":"it-IT","@id":"https:\/\/www.it.tarnow.pl\/it\/attrazioni\/turismo-religioso\/#primaryimage","url":"http:\/\/www.it.tarnow.pl\/wp-content\/uploads\/2019\/02\/TARNOW-Muzeum-Diecezjalne-400x300.jpg","contentUrl":"http:\/\/www.it.tarnow.pl\/wp-content\/uploads\/2019\/02\/TARNOW-Muzeum-Diecezjalne-400x300.jpg"},{"@type":"BreadcrumbList","@id":"https:\/\/www.it.tarnow.pl\/it\/attrazioni\/turismo-religioso\/#breadcrumb","itemListElement":[{"@type":"ListItem","position":1,"name":"Pagina iniziale","item":"https:\/\/www.it.tarnow.pl\/it\/"},{"@type":"ListItem","position":2,"name":"Attrazioni","item":"https:\/\/www.it.tarnow.pl\/it\/attrazioni\/"},{"@type":"ListItem","position":3,"name":"Turismo religioso"}]},{"@type":"WebSite","@id":"https:\/\/www.it.tarnow.pl\/#website","url":"https:\/\/www.it.tarnow.pl\/","name":"Tarnowskie Centrum Informacji","description":"Informacja turystyczna o Tarnowie i regionie tarnowskim.","potentialAction":[{"@type":"SearchAction","target":{"@type":"EntryPoint","urlTemplate":"https:\/\/www.it.tarnow.pl\/?s={search_term_string}"},"query-input":{"@type":"PropertyValueSpecification","valueRequired":true,"valueName":"search_term_string"}}],"inLanguage":"it-IT"}]}},"_links":{"self":[{"href":"https:\/\/www.it.tarnow.pl\/it\/wp-json\/wp\/v2\/pages\/10040","targetHints":{"allow":["GET"]}}],"collection":[{"href":"https:\/\/www.it.tarnow.pl\/it\/wp-json\/wp\/v2\/pages"}],"about":[{"href":"https:\/\/www.it.tarnow.pl\/it\/wp-json\/wp\/v2\/types\/page"}],"author":[{"embeddable":true,"href":"https:\/\/www.it.tarnow.pl\/it\/wp-json\/wp\/v2\/users\/1"}],"replies":[{"embeddable":true,"href":"https:\/\/www.it.tarnow.pl\/it\/wp-json\/wp\/v2\/comments?post=10040"}],"version-history":[{"count":0,"href":"https:\/\/www.it.tarnow.pl\/it\/wp-json\/wp\/v2\/pages\/10040\/revisions"}],"up":[{"embeddable":true,"href":"https:\/\/www.it.tarnow.pl\/it\/wp-json\/wp\/v2\/pages\/10029"}],"wp:attachment":[{"href":"https:\/\/www.it.tarnow.pl\/it\/wp-json\/wp\/v2\/media?parent=10040"}],"wp:term":[{"taxonomy":"post_tag","embeddable":true,"href":"https:\/\/www.it.tarnow.pl\/it\/wp-json\/wp\/v2\/tags?post=10040"}],"curies":[{"name":"wp","href":"https:\/\/api.w.org\/{rel}","templated":true}]}}