{"id":10039,"date":"2011-03-09T11:32:29","date_gmt":"2011-03-09T10:32:29","guid":{"rendered":"http:\/\/www.it.tarnow.pl\/i-cimiteri-della-prima-guerra-mondiale\/"},"modified":"2019-04-03T15:19:44","modified_gmt":"2019-04-03T13:19:44","slug":"i-cimiteri-della-prima-guerra-mondiale","status":"publish","type":"page","link":"https:\/\/www.it.tarnow.pl\/it\/attrazioni\/i-cimiteri-della-prima-guerra-mondiale\/","title":{"rendered":"I cimiteri della Prima Guerra Mondiale"},"content":{"rendered":"<img loading=\"lazy\" decoding=\"async\" width=\"400\" height=\"298\" class=\"size-medium alignright wp-image-24676\" src=\"http:\/\/www.it.tarnow.pl\/wp-content\/uploads\/2019\/02\/Dabrowka-Szczepanowska-Cmentarz-Wojskowy-z-I-W.-Sw.-Nr-193-1-400x298.jpg\" alt=\"\" srcset=\"https:\/\/www.it.tarnow.pl\/wp-content\/uploads\/2019\/02\/Dabrowka-Szczepanowska-Cmentarz-Wojskowy-z-I-W.-Sw.-Nr-193-1-400x298.jpg 400w, https:\/\/www.it.tarnow.pl\/wp-content\/uploads\/2019\/02\/Dabrowka-Szczepanowska-Cmentarz-Wojskowy-z-I-W.-Sw.-Nr-193-1-768x572.jpg 768w, https:\/\/www.it.tarnow.pl\/wp-content\/uploads\/2019\/02\/Dabrowka-Szczepanowska-Cmentarz-Wojskowy-z-I-W.-Sw.-Nr-193-1-650x484.jpg 650w, https:\/\/www.it.tarnow.pl\/wp-content\/uploads\/2019\/02\/Dabrowka-Szczepanowska-Cmentarz-Wojskowy-z-I-W.-Sw.-Nr-193-1-300x224.jpg 300w, https:\/\/www.it.tarnow.pl\/wp-content\/uploads\/2019\/02\/Dabrowka-Szczepanowska-Cmentarz-Wojskowy-z-I-W.-Sw.-Nr-193-1.jpg 1024w\" sizes=\"auto, (max-width: 400px) 100vw, 400px\" \/><p>Nella regione di Tarn\u00f3w abbiamo circa 200 cimiteri della Prima Guerra Mondiale. <\/p>\n<p>Questa alta densit\u00e0 di necropoli, dovrebbe ricordarci le battaglie sanguinose nella Galizia occidentale e sopratutto vicino Tarn\u00f3w negli anni 1914 e 1915 tra le armi russe e austriache. Spesso i cimiteri sono situati sulle piazze delle battaglie, tra gli alberi, essendo un gran atto di testimonianza di quella terra. Troviamo le tombe di tanti soldati di diverse nazioni: polacchi, austriaci, tedeschi, russi,ungheresi, bosniaci, cechi, italiani. I cimiteri della Prima Guerra Mondiale non sono soltanto esempi architettonici che ci insegnano il rispetto per i caduti, ma sono anche interessanti esempi della storia passata nella terra di Tarn\u00f3w.<\/p> <img loading=\"lazy\" decoding=\"async\" width=\"400\" height=\"300\" class=\"size-medium alignright wp-image-24626\" src=\"http:\/\/www.it.tarnow.pl\/wp-content\/uploads\/2019\/02\/Cmentarz-wojskowy-z-I-W.S.-nr-150-w-Chojniku-400x300.jpg\" alt=\"\" srcset=\"https:\/\/www.it.tarnow.pl\/wp-content\/uploads\/2019\/02\/Cmentarz-wojskowy-z-I-W.S.-nr-150-w-Chojniku-400x300.jpg 400w, https:\/\/www.it.tarnow.pl\/wp-content\/uploads\/2019\/02\/Cmentarz-wojskowy-z-I-W.S.-nr-150-w-Chojniku-768x577.jpg 768w, https:\/\/www.it.tarnow.pl\/wp-content\/uploads\/2019\/02\/Cmentarz-wojskowy-z-I-W.S.-nr-150-w-Chojniku-650x488.jpg 650w, https:\/\/www.it.tarnow.pl\/wp-content\/uploads\/2019\/02\/Cmentarz-wojskowy-z-I-W.S.-nr-150-w-Chojniku-300x225.jpg 300w, https:\/\/www.it.tarnow.pl\/wp-content\/uploads\/2019\/02\/Cmentarz-wojskowy-z-I-W.S.-nr-150-w-Chojniku.jpg 1024w\" sizes=\"auto, (max-width: 400px) 100vw, 400px\" \/><img loading=\"lazy\" decoding=\"async\" width=\"400\" height=\"300\" class=\"size-medium alignleft wp-image-24631\" src=\"http:\/\/www.it.tarnow.pl\/wp-content\/uploads\/2019\/02\/Lubcza-Szczepanowska-Cmentarz-Wojskowy-z-I-W.-Sw.-Nr-192-2-400x300.jpg\" alt=\"\" srcset=\"https:\/\/www.it.tarnow.pl\/wp-content\/uploads\/2019\/02\/Lubcza-Szczepanowska-Cmentarz-Wojskowy-z-I-W.-Sw.-Nr-192-2-400x300.jpg 400w, https:\/\/www.it.tarnow.pl\/wp-content\/uploads\/2019\/02\/Lubcza-Szczepanowska-Cmentarz-Wojskowy-z-I-W.-Sw.-Nr-192-2-768x576.jpg 768w, https:\/\/www.it.tarnow.pl\/wp-content\/uploads\/2019\/02\/Lubcza-Szczepanowska-Cmentarz-Wojskowy-z-I-W.-Sw.-Nr-192-2-650x488.jpg 650w, https:\/\/www.it.tarnow.pl\/wp-content\/uploads\/2019\/02\/Lubcza-Szczepanowska-Cmentarz-Wojskowy-z-I-W.-Sw.-Nr-192-2-300x225.jpg 300w, https:\/\/www.it.tarnow.pl\/wp-content\/uploads\/2019\/02\/Lubcza-Szczepanowska-Cmentarz-Wojskowy-z-I-W.-Sw.-Nr-192-2.jpg 1024w\" sizes=\"auto, (max-width: 400px) 100vw, 400px\" \/>","protected":false},"excerpt":{"rendered":"Nella regione di Tarn\u00f3w abbiamo circa 200 cimiteri della Prima Guerra Mondiale. Questa alta densit\u00e0 di necropoli, dovrebbe ricordarci le battaglie sanguinose nella Galizia occidentale e sopratutto vicino Tarn\u00f3w negli [&hellip;]","protected":false},"author":1,"featured_media":0,"parent":10029,"menu_order":670,"comment_status":"closed","ping_status":"closed","template":"","meta":{"_acf_changed":false,"footnotes":""},"tags":[],"class_list":["post-10039","page","type-page","status-publish","hentry"],"acf":{"in_menu":null,"show_date":null,"intro_text":"<img class=\"size-medium alignleft wp-image-24626\" src=\"http:\/\/www.it.tarnow.pl\/wp-content\/uploads\/2019\/02\/Cmentarz-wojskowy-z-I-W.S.-nr-150-w-Chojniku-400x300.jpg\" alt=\"\"><p>Nella regione di Tarn\u00f3w abbiamo circa 200 cimiteri della Prima Guerra Mondiale. Questa alta densit\u00e0 di necropoli, dovrebbe ricordarci le battaglie sanguinose nella Galizia occidentale e sopratutto vicino Tarn\u00f3w negli anni 1914 e 1915 tra le armi russe e austriache. Spesso i cimiteri sono situati sulle piazze delle battaglie, tra gli alberi, essendo un gran atto di testimonianza di quella terra.<\/p>","map":null},"yoast_head":"<!-- This site is optimized with the Yoast SEO Premium plugin v25.4 (Yoast SEO v25.4) - https:\/\/yoast.com\/wordpress\/plugins\/seo\/ -->\n<title>I cimiteri della Prima Guerra Mondiale - Tarnowskie Centrum Informacji<\/title>\n<meta name=\"robots\" content=\"index, follow, max-snippet:-1, max-image-preview:large, max-video-preview:-1\" \/>\n<link rel=\"canonical\" href=\"https:\/\/www.it.tarnow.pl\/it\/attrazioni\/i-cimiteri-della-prima-guerra-mondiale\/\" \/>\n<meta property=\"og:locale\" content=\"it_IT\" \/>\n<meta property=\"og:type\" content=\"article\" \/>\n<meta property=\"og:title\" content=\"I cimiteri della Prima Guerra Mondiale\" \/>\n<meta property=\"og:description\" content=\"Nella regione di Tarn\u00f3w abbiamo circa 200 cimiteri della Prima Guerra Mondiale. Questa alta densit\u00e0 di necropoli, dovrebbe ricordarci le battaglie sanguinose nella Galizia occidentale e sopratutto vicino Tarn\u00f3w negli [&hellip;]\" \/>\n<meta property=\"og:url\" content=\"https:\/\/www.it.tarnow.pl\/it\/attrazioni\/i-cimiteri-della-prima-guerra-mondiale\/\" \/>\n<meta property=\"og:site_name\" content=\"Tarnowskie Centrum Informacji\" \/>\n<meta property=\"article:modified_time\" content=\"2019-04-03T13:19:44+00:00\" \/>\n<meta property=\"og:image\" content=\"http:\/\/www.it.tarnow.pl\/wp-content\/uploads\/2019\/02\/Dabrowka-Szczepanowska-Cmentarz-Wojskowy-z-I-W.-Sw.-Nr-193-1-400x298.jpg\" \/>\n<meta name=\"twitter:card\" content=\"summary_large_image\" \/>\n<meta name=\"twitter:label1\" content=\"Tempo di lettura stimato\" \/>\n\t<meta name=\"twitter:data1\" content=\"1 minuto\" \/>\n<script type=\"application\/ld+json\" class=\"yoast-schema-graph\">{\"@context\":\"https:\/\/schema.org\",\"@graph\":[{\"@type\":\"WebPage\",\"@id\":\"https:\/\/www.it.tarnow.pl\/it\/attrazioni\/i-cimiteri-della-prima-guerra-mondiale\/\",\"url\":\"https:\/\/www.it.tarnow.pl\/it\/attrazioni\/i-cimiteri-della-prima-guerra-mondiale\/\",\"name\":\"I cimiteri della Prima Guerra Mondiale - Tarnowskie Centrum Informacji\",\"isPartOf\":{\"@id\":\"https:\/\/www.it.tarnow.pl\/#website\"},\"primaryImageOfPage\":{\"@id\":\"https:\/\/www.it.tarnow.pl\/it\/attrazioni\/i-cimiteri-della-prima-guerra-mondiale\/#primaryimage\"},\"image\":{\"@id\":\"https:\/\/www.it.tarnow.pl\/it\/attrazioni\/i-cimiteri-della-prima-guerra-mondiale\/#primaryimage\"},\"thumbnailUrl\":\"http:\/\/www.it.tarnow.pl\/wp-content\/uploads\/2019\/02\/Dabrowka-Szczepanowska-Cmentarz-Wojskowy-z-I-W.-Sw.-Nr-193-1-400x298.jpg\",\"datePublished\":\"2011-03-09T10:32:29+00:00\",\"dateModified\":\"2019-04-03T13:19:44+00:00\",\"breadcrumb\":{\"@id\":\"https:\/\/www.it.tarnow.pl\/it\/attrazioni\/i-cimiteri-della-prima-guerra-mondiale\/#breadcrumb\"},\"inLanguage\":\"it-IT\",\"potentialAction\":[{\"@type\":\"ReadAction\",\"target\":[\"https:\/\/www.it.tarnow.pl\/it\/attrazioni\/i-cimiteri-della-prima-guerra-mondiale\/\"]}]},{\"@type\":\"ImageObject\",\"inLanguage\":\"it-IT\",\"@id\":\"https:\/\/www.it.tarnow.pl\/it\/attrazioni\/i-cimiteri-della-prima-guerra-mondiale\/#primaryimage\",\"url\":\"http:\/\/www.it.tarnow.pl\/wp-content\/uploads\/2019\/02\/Dabrowka-Szczepanowska-Cmentarz-Wojskowy-z-I-W.-Sw.-Nr-193-1-400x298.jpg\",\"contentUrl\":\"http:\/\/www.it.tarnow.pl\/wp-content\/uploads\/2019\/02\/Dabrowka-Szczepanowska-Cmentarz-Wojskowy-z-I-W.-Sw.-Nr-193-1-400x298.jpg\"},{\"@type\":\"BreadcrumbList\",\"@id\":\"https:\/\/www.it.tarnow.pl\/it\/attrazioni\/i-cimiteri-della-prima-guerra-mondiale\/#breadcrumb\",\"itemListElement\":[{\"@type\":\"ListItem\",\"position\":1,\"name\":\"Pagina iniziale\",\"item\":\"https:\/\/www.it.tarnow.pl\/it\/\"},{\"@type\":\"ListItem\",\"position\":2,\"name\":\"Attrazioni\",\"item\":\"https:\/\/www.it.tarnow.pl\/it\/attrazioni\/\"},{\"@type\":\"ListItem\",\"position\":3,\"name\":\"I cimiteri della Prima Guerra Mondiale\"}]},{\"@type\":\"WebSite\",\"@id\":\"https:\/\/www.it.tarnow.pl\/#website\",\"url\":\"https:\/\/www.it.tarnow.pl\/\",\"name\":\"Tarnowskie Centrum Informacji\",\"description\":\"Informacja turystyczna o Tarnowie i regionie tarnowskim.\",\"potentialAction\":[{\"@type\":\"SearchAction\",\"target\":{\"@type\":\"EntryPoint\",\"urlTemplate\":\"https:\/\/www.it.tarnow.pl\/?s={search_term_string}\"},\"query-input\":{\"@type\":\"PropertyValueSpecification\",\"valueRequired\":true,\"valueName\":\"search_term_string\"}}],\"inLanguage\":\"it-IT\"}]}<\/script>\n<!-- \/ Yoast SEO Premium plugin. -->","yoast_head_json":{"title":"I cimiteri della Prima Guerra Mondiale - Tarnowskie Centrum Informacji","robots":{"index":"index","follow":"follow","max-snippet":"max-snippet:-1","max-image-preview":"max-image-preview:large","max-video-preview":"max-video-preview:-1"},"canonical":"https:\/\/www.it.tarnow.pl\/it\/attrazioni\/i-cimiteri-della-prima-guerra-mondiale\/","og_locale":"it_IT","og_type":"article","og_title":"I cimiteri della Prima Guerra Mondiale","og_description":"Nella regione di Tarn\u00f3w abbiamo circa 200 cimiteri della Prima Guerra Mondiale. Questa alta densit\u00e0 di necropoli, dovrebbe ricordarci le battaglie sanguinose nella Galizia occidentale e sopratutto vicino Tarn\u00f3w negli [&hellip;]","og_url":"https:\/\/www.it.tarnow.pl\/it\/attrazioni\/i-cimiteri-della-prima-guerra-mondiale\/","og_site_name":"Tarnowskie Centrum Informacji","article_modified_time":"2019-04-03T13:19:44+00:00","og_image":[{"url":"http:\/\/www.it.tarnow.pl\/wp-content\/uploads\/2019\/02\/Dabrowka-Szczepanowska-Cmentarz-Wojskowy-z-I-W.-Sw.-Nr-193-1-400x298.jpg","type":"","width":"","height":""}],"twitter_card":"summary_large_image","twitter_misc":{"Tempo di lettura stimato":"1 minuto"},"schema":{"@context":"https:\/\/schema.org","@graph":[{"@type":"WebPage","@id":"https:\/\/www.it.tarnow.pl\/it\/attrazioni\/i-cimiteri-della-prima-guerra-mondiale\/","url":"https:\/\/www.it.tarnow.pl\/it\/attrazioni\/i-cimiteri-della-prima-guerra-mondiale\/","name":"I cimiteri della Prima Guerra Mondiale - Tarnowskie Centrum Informacji","isPartOf":{"@id":"https:\/\/www.it.tarnow.pl\/#website"},"primaryImageOfPage":{"@id":"https:\/\/www.it.tarnow.pl\/it\/attrazioni\/i-cimiteri-della-prima-guerra-mondiale\/#primaryimage"},"image":{"@id":"https:\/\/www.it.tarnow.pl\/it\/attrazioni\/i-cimiteri-della-prima-guerra-mondiale\/#primaryimage"},"thumbnailUrl":"http:\/\/www.it.tarnow.pl\/wp-content\/uploads\/2019\/02\/Dabrowka-Szczepanowska-Cmentarz-Wojskowy-z-I-W.-Sw.-Nr-193-1-400x298.jpg","datePublished":"2011-03-09T10:32:29+00:00","dateModified":"2019-04-03T13:19:44+00:00","breadcrumb":{"@id":"https:\/\/www.it.tarnow.pl\/it\/attrazioni\/i-cimiteri-della-prima-guerra-mondiale\/#breadcrumb"},"inLanguage":"it-IT","potentialAction":[{"@type":"ReadAction","target":["https:\/\/www.it.tarnow.pl\/it\/attrazioni\/i-cimiteri-della-prima-guerra-mondiale\/"]}]},{"@type":"ImageObject","inLanguage":"it-IT","@id":"https:\/\/www.it.tarnow.pl\/it\/attrazioni\/i-cimiteri-della-prima-guerra-mondiale\/#primaryimage","url":"http:\/\/www.it.tarnow.pl\/wp-content\/uploads\/2019\/02\/Dabrowka-Szczepanowska-Cmentarz-Wojskowy-z-I-W.-Sw.-Nr-193-1-400x298.jpg","contentUrl":"http:\/\/www.it.tarnow.pl\/wp-content\/uploads\/2019\/02\/Dabrowka-Szczepanowska-Cmentarz-Wojskowy-z-I-W.-Sw.-Nr-193-1-400x298.jpg"},{"@type":"BreadcrumbList","@id":"https:\/\/www.it.tarnow.pl\/it\/attrazioni\/i-cimiteri-della-prima-guerra-mondiale\/#breadcrumb","itemListElement":[{"@type":"ListItem","position":1,"name":"Pagina iniziale","item":"https:\/\/www.it.tarnow.pl\/it\/"},{"@type":"ListItem","position":2,"name":"Attrazioni","item":"https:\/\/www.it.tarnow.pl\/it\/attrazioni\/"},{"@type":"ListItem","position":3,"name":"I cimiteri della Prima Guerra Mondiale"}]},{"@type":"WebSite","@id":"https:\/\/www.it.tarnow.pl\/#website","url":"https:\/\/www.it.tarnow.pl\/","name":"Tarnowskie Centrum Informacji","description":"Informacja turystyczna o Tarnowie i regionie tarnowskim.","potentialAction":[{"@type":"SearchAction","target":{"@type":"EntryPoint","urlTemplate":"https:\/\/www.it.tarnow.pl\/?s={search_term_string}"},"query-input":{"@type":"PropertyValueSpecification","valueRequired":true,"valueName":"search_term_string"}}],"inLanguage":"it-IT"}]}},"_links":{"self":[{"href":"https:\/\/www.it.tarnow.pl\/it\/wp-json\/wp\/v2\/pages\/10039","targetHints":{"allow":["GET"]}}],"collection":[{"href":"https:\/\/www.it.tarnow.pl\/it\/wp-json\/wp\/v2\/pages"}],"about":[{"href":"https:\/\/www.it.tarnow.pl\/it\/wp-json\/wp\/v2\/types\/page"}],"author":[{"embeddable":true,"href":"https:\/\/www.it.tarnow.pl\/it\/wp-json\/wp\/v2\/users\/1"}],"replies":[{"embeddable":true,"href":"https:\/\/www.it.tarnow.pl\/it\/wp-json\/wp\/v2\/comments?post=10039"}],"version-history":[{"count":0,"href":"https:\/\/www.it.tarnow.pl\/it\/wp-json\/wp\/v2\/pages\/10039\/revisions"}],"up":[{"embeddable":true,"href":"https:\/\/www.it.tarnow.pl\/it\/wp-json\/wp\/v2\/pages\/10029"}],"wp:attachment":[{"href":"https:\/\/www.it.tarnow.pl\/it\/wp-json\/wp\/v2\/media?parent=10039"}],"wp:term":[{"taxonomy":"post_tag","embeddable":true,"href":"https:\/\/www.it.tarnow.pl\/it\/wp-json\/wp\/v2\/tags?post=10039"}],"curies":[{"name":"wp","href":"https:\/\/api.w.org\/{rel}","templated":true}]}}