{"id":10038,"date":"2011-03-09T11:27:29","date_gmt":"2011-03-09T10:27:29","guid":{"rendered":"http:\/\/www.it.tarnow.pl\/i-monumenti-della-cultura-ebraica\/"},"modified":"2021-11-18T14:06:23","modified_gmt":"2021-11-18T13:06:23","slug":"i-monumenti-della-cultura-ebraica","status":"publish","type":"page","link":"https:\/\/www.it.tarnow.pl\/it\/attrazioni\/i-monumenti-della-cultura-ebraica\/","title":{"rendered":"I monumenti della cultura ebraica"},"content":{"rendered":"<p><img loading=\"lazy\" decoding=\"async\" class=\"wp-image-186589 size-medium alignright\" src=\"http:\/\/www.it.tarnow.pl\/wp-content\/uploads\/2020\/04\/Bima-Tarn\u00f3w-8-400x267.jpg\" alt=\"\" width=\"400\" height=\"267\" \/><\/p>\r\n<p>Nel 1939 Tarn\u00f3w aveva 56.000 abitanti di cui circa 25.000 erano ebrei (40% degli abitanti della citt\u00e1) e riguardando il numero degli abitanti ebrei Tarn\u00f3w era la quarta delle citt\u00e1 in vecchia Galizia (dopo L\u2019viv,Cracovia ed Ivano-Frankovsk) invece sotto la percentuale degli ebrei era la prima. A Tarn\u00f3w si trovano tanti monumenti storici riguardanti gli ebrei. Prima della guerra gli ebrei abitavano sopratutto la parte ovest della citt\u00e1.<\/p>\r\n<p><img loading=\"lazy\" decoding=\"async\" width=\"400\" height=\"300\" class=\"size-medium alignright wp-image-21356\" src=\"http:\/\/www.it.tarnow.pl\/wp-content\/uploads\/2019\/02\/TARNOW-Ul.-Zydowska-03-400x300.jpg\" alt=\"\" srcset=\"https:\/\/www.it.tarnow.pl\/wp-content\/uploads\/2019\/02\/TARNOW-Ul.-Zydowska-03-400x300.jpg 400w, https:\/\/www.it.tarnow.pl\/wp-content\/uploads\/2019\/02\/TARNOW-Ul.-Zydowska-03-768x576.jpg 768w, https:\/\/www.it.tarnow.pl\/wp-content\/uploads\/2019\/02\/TARNOW-Ul.-Zydowska-03-650x488.jpg 650w, https:\/\/www.it.tarnow.pl\/wp-content\/uploads\/2019\/02\/TARNOW-Ul.-Zydowska-03-300x225.jpg 300w, https:\/\/www.it.tarnow.pl\/wp-content\/uploads\/2019\/02\/TARNOW-Ul.-Zydowska-03.jpg 1024w\" sizes=\"auto, (max-width: 400px) 100vw, 400px\" \/><\/p>\r\n<p>Vale la pena fare una passeggiata lungo la via \u017bydowska che comincia dalla Piazza del Mercato verso ovest ed insieme alla parallela via Wekslarska costituiscono il quartiere piu\u0300 vecchio. In quel luogo nel passato abitavano gli ebrei.Tra l\u201911 e il 19 giugno 1942 la via \u017bydowska \u00e8 stata testimone dell\u2019uccisione di quasi 3000 ebrei da parte dei nazisti nella Piazza del Mercato. Invece nella via Goldhamera si sono conservati gli edifici in cui si trovavano le importanti istituzioni ebree come la societ\u00e0 del credito, l&#8217;albergo pi\u00f9 famoso della citt\u00e0, la sede della comunit\u00e0 religiosa e la casa della preghiera. Sulla facciata di un edificio si possono ammirare ogg\u00ed le iscrizioni nella lingua yidish e polacca che pubblicizzavano i piatti del ristorante.<\/p>\r\n<p><img loading=\"lazy\" decoding=\"async\" width=\"300\" height=\"225\" class=\"size-medium alignright wp-image-37122\" src=\"http:\/\/www.it.tarnow.pl\/wp-content\/uploads\/2019\/02\/TARNOW-Cmentarz-zydowski-Pomnik-Pomordowanych-Zydow-2-300x225.jpg\" alt=\"\" srcset=\"https:\/\/www.it.tarnow.pl\/wp-content\/uploads\/2019\/02\/TARNOW-Cmentarz-zydowski-Pomnik-Pomordowanych-Zydow-2-300x225.jpg 300w, https:\/\/www.it.tarnow.pl\/wp-content\/uploads\/2019\/02\/TARNOW-Cmentarz-zydowski-Pomnik-Pomordowanych-Zydow-2.jpg 502w\" sizes=\"auto, (max-width: 300px) 100vw, 300px\" \/><\/p>\r\n<p>A Tarn\u00f3w dobbiamo visitare anche Mykwa, il mulino di Szancer ( il primo mulino a vapore del semolino in Galizia, attualmente trasformato in un centro di arte contemporanea e di tecnica multimediale: &#8220;Il Mulino dell\u2019arte&#8221;), Bima, i resti della prima sinagoga, che era stata fondata nel<\/p>\r\n<p><img loading=\"lazy\" decoding=\"async\" width=\"400\" height=\"300\" class=\"size-medium alignright wp-image-21376\" src=\"http:\/\/www.it.tarnow.pl\/wp-content\/uploads\/2019\/02\/TARNOW-Cmentarz-zydowski-03-400x300.jpg\" alt=\"\" srcset=\"https:\/\/www.it.tarnow.pl\/wp-content\/uploads\/2019\/02\/TARNOW-Cmentarz-zydowski-03-400x300.jpg 400w, https:\/\/www.it.tarnow.pl\/wp-content\/uploads\/2019\/02\/TARNOW-Cmentarz-zydowski-03-768x576.jpg 768w, https:\/\/www.it.tarnow.pl\/wp-content\/uploads\/2019\/02\/TARNOW-Cmentarz-zydowski-03-650x488.jpg 650w, https:\/\/www.it.tarnow.pl\/wp-content\/uploads\/2019\/02\/TARNOW-Cmentarz-zydowski-03-300x225.jpg 300w, https:\/\/www.it.tarnow.pl\/wp-content\/uploads\/2019\/02\/TARNOW-Cmentarz-zydowski-03.jpg 1024w\" sizes=\"auto, (max-width: 400px) 100vw, 400px\" \/><\/p>\r\n<p>1661, ed uno dei pi\u00fa vecchi cimiteri ebrei della Polonia del Sud, che era stato fondato nel XVI secolo( la prima informazione dell\u2019 origine del cimitero proviene dal 1581), con la superficie di 3.20 ha che contiene circa 6.000 tombe<\/p>","protected":false},"excerpt":{"rendered":"Nel 1939 Tarn\u00f3w aveva 56.000 abitanti di cui circa 25.000 erano ebrei (40% degli abitanti della citt\u00e1) e riguardando il numero degli abitanti ebrei Tarn\u00f3w era la quarta delle citt\u00e1 [&hellip;]","protected":false},"author":1,"featured_media":0,"parent":10029,"menu_order":672,"comment_status":"closed","ping_status":"closed","template":"","meta":{"_acf_changed":false,"footnotes":""},"tags":[],"class_list":["post-10038","page","type-page","status-publish","hentry"],"acf":{"old_object_id":"7057","old_parent_id":"7067","old_url":"Attrazioni\/I-monumenti-della-cultura-ebraica","intro_text":"<p><img loading=\"lazy\" decoding=\"async\" width=\"300\" height=\"225\" class=\"size-medium alignleft wp-image-37117\" src=\"http:\/\/www.it.tarnow.pl\/wp-content\/uploads\/2019\/02\/TARNOW-Cmentarz-zydowski-Pomnik-Pomordowanych-Zydow-1-300x225.jpg\" alt=\"\" srcset=\"https:\/\/www.it.tarnow.pl\/wp-content\/uploads\/2019\/02\/TARNOW-Cmentarz-zydowski-Pomnik-Pomordowanych-Zydow-1-300x225.jpg 300w, https:\/\/www.it.tarnow.pl\/wp-content\/uploads\/2019\/02\/TARNOW-Cmentarz-zydowski-Pomnik-Pomordowanych-Zydow-1.jpg 384w\" sizes=\"auto, (max-width: 300px) 100vw, 300px\" \/><\/p>\n<p>Nel 1939 Tarn\u00f3w aveva 56.000 abitanti di cui circa 25.000 erano ebrei (40% degli abitanti della citt\u00e1) e riguardando il numero degli abitanti ebrei Tarn\u00f3w era la quarta delle citt\u00e1 in vecchia Galizia (dopo L\u2019viv,Cracovia ed Ivano-Frankovsk) invece sotto la percentuale degli ebrei era la prima. A Tarn\u00f3w si trovano tanti monumenti storici riguardanti gli ebrei. Prima della guerra gli ebrei abitavano sopratutto la parte ovest della citt\u00e1.<\/p>\n","show_children":"1","class":"folder","type":"single","in_menu":true,"map":"","old_id":"","top_column":"","left_column":"","right_column":"","bottom_column":"","skip_import":false,"_menu_related_id":"96417","show_date":false,"rooms_info":""},"yoast_head":"<!-- This site is optimized with the Yoast SEO Premium plugin v25.4 (Yoast SEO v25.4) - https:\/\/yoast.com\/wordpress\/plugins\/seo\/ -->\n<title>I monumenti della cultura ebraica - Tarnowskie Centrum Informacji<\/title>\n<meta name=\"robots\" content=\"index, follow, max-snippet:-1, max-image-preview:large, max-video-preview:-1\" \/>\n<link rel=\"canonical\" href=\"https:\/\/www.it.tarnow.pl\/it\/attrazioni\/i-monumenti-della-cultura-ebraica\/\" \/>\n<meta property=\"og:locale\" content=\"it_IT\" \/>\n<meta property=\"og:type\" content=\"article\" \/>\n<meta property=\"og:title\" content=\"I monumenti della cultura ebraica\" \/>\n<meta property=\"og:description\" content=\"Nel 1939 Tarn\u00f3w aveva 56.000 abitanti di cui circa 25.000 erano ebrei (40% degli abitanti della citt\u00e1) e riguardando il numero degli abitanti ebrei Tarn\u00f3w era la quarta delle citt\u00e1 [&hellip;]\" \/>\n<meta property=\"og:url\" content=\"https:\/\/www.it.tarnow.pl\/it\/attrazioni\/i-monumenti-della-cultura-ebraica\/\" \/>\n<meta property=\"og:site_name\" content=\"Tarnowskie Centrum Informacji\" \/>\n<meta property=\"article:modified_time\" content=\"2021-11-18T13:06:23+00:00\" \/>\n<meta property=\"og:image\" content=\"http:\/\/www.it.tarnow.pl\/wp-content\/uploads\/2019\/02\/TARNOW-Ul.-Zydowska-03-400x300.jpg\" \/>\n<meta name=\"twitter:card\" content=\"summary_large_image\" \/>\n<meta name=\"twitter:label1\" content=\"Tempo di lettura stimato\" \/>\n\t<meta name=\"twitter:data1\" content=\"1 minuto\" \/>\n<script type=\"application\/ld+json\" class=\"yoast-schema-graph\">{\"@context\":\"https:\/\/schema.org\",\"@graph\":[{\"@type\":\"WebPage\",\"@id\":\"https:\/\/www.it.tarnow.pl\/it\/attrazioni\/i-monumenti-della-cultura-ebraica\/\",\"url\":\"https:\/\/www.it.tarnow.pl\/it\/attrazioni\/i-monumenti-della-cultura-ebraica\/\",\"name\":\"I monumenti della cultura ebraica - Tarnowskie Centrum Informacji\",\"isPartOf\":{\"@id\":\"https:\/\/www.it.tarnow.pl\/#website\"},\"primaryImageOfPage\":{\"@id\":\"https:\/\/www.it.tarnow.pl\/it\/attrazioni\/i-monumenti-della-cultura-ebraica\/#primaryimage\"},\"image\":{\"@id\":\"https:\/\/www.it.tarnow.pl\/it\/attrazioni\/i-monumenti-della-cultura-ebraica\/#primaryimage\"},\"thumbnailUrl\":\"http:\/\/www.it.tarnow.pl\/wp-content\/uploads\/2019\/02\/TARNOW-Ul.-Zydowska-03-400x300.jpg\",\"datePublished\":\"2011-03-09T10:27:29+00:00\",\"dateModified\":\"2021-11-18T13:06:23+00:00\",\"breadcrumb\":{\"@id\":\"https:\/\/www.it.tarnow.pl\/it\/attrazioni\/i-monumenti-della-cultura-ebraica\/#breadcrumb\"},\"inLanguage\":\"it-IT\",\"potentialAction\":[{\"@type\":\"ReadAction\",\"target\":[\"https:\/\/www.it.tarnow.pl\/it\/attrazioni\/i-monumenti-della-cultura-ebraica\/\"]}]},{\"@type\":\"ImageObject\",\"inLanguage\":\"it-IT\",\"@id\":\"https:\/\/www.it.tarnow.pl\/it\/attrazioni\/i-monumenti-della-cultura-ebraica\/#primaryimage\",\"url\":\"http:\/\/www.it.tarnow.pl\/wp-content\/uploads\/2019\/02\/TARNOW-Ul.-Zydowska-03-400x300.jpg\",\"contentUrl\":\"http:\/\/www.it.tarnow.pl\/wp-content\/uploads\/2019\/02\/TARNOW-Ul.-Zydowska-03-400x300.jpg\"},{\"@type\":\"BreadcrumbList\",\"@id\":\"https:\/\/www.it.tarnow.pl\/it\/attrazioni\/i-monumenti-della-cultura-ebraica\/#breadcrumb\",\"itemListElement\":[{\"@type\":\"ListItem\",\"position\":1,\"name\":\"Pagina iniziale\",\"item\":\"https:\/\/www.it.tarnow.pl\/it\/\"},{\"@type\":\"ListItem\",\"position\":2,\"name\":\"Attrazioni\",\"item\":\"https:\/\/www.it.tarnow.pl\/it\/attrazioni\/\"},{\"@type\":\"ListItem\",\"position\":3,\"name\":\"I monumenti della cultura ebraica\"}]},{\"@type\":\"WebSite\",\"@id\":\"https:\/\/www.it.tarnow.pl\/#website\",\"url\":\"https:\/\/www.it.tarnow.pl\/\",\"name\":\"Tarnowskie Centrum Informacji\",\"description\":\"Informacja turystyczna o Tarnowie i regionie tarnowskim.\",\"potentialAction\":[{\"@type\":\"SearchAction\",\"target\":{\"@type\":\"EntryPoint\",\"urlTemplate\":\"https:\/\/www.it.tarnow.pl\/?s={search_term_string}\"},\"query-input\":{\"@type\":\"PropertyValueSpecification\",\"valueRequired\":true,\"valueName\":\"search_term_string\"}}],\"inLanguage\":\"it-IT\"}]}<\/script>\n<!-- \/ Yoast SEO Premium plugin. -->","yoast_head_json":{"title":"I monumenti della cultura ebraica - Tarnowskie Centrum Informacji","robots":{"index":"index","follow":"follow","max-snippet":"max-snippet:-1","max-image-preview":"max-image-preview:large","max-video-preview":"max-video-preview:-1"},"canonical":"https:\/\/www.it.tarnow.pl\/it\/attrazioni\/i-monumenti-della-cultura-ebraica\/","og_locale":"it_IT","og_type":"article","og_title":"I monumenti della cultura ebraica","og_description":"Nel 1939 Tarn\u00f3w aveva 56.000 abitanti di cui circa 25.000 erano ebrei (40% degli abitanti della citt\u00e1) e riguardando il numero degli abitanti ebrei Tarn\u00f3w era la quarta delle citt\u00e1 [&hellip;]","og_url":"https:\/\/www.it.tarnow.pl\/it\/attrazioni\/i-monumenti-della-cultura-ebraica\/","og_site_name":"Tarnowskie Centrum Informacji","article_modified_time":"2021-11-18T13:06:23+00:00","og_image":[{"url":"http:\/\/www.it.tarnow.pl\/wp-content\/uploads\/2019\/02\/TARNOW-Ul.-Zydowska-03-400x300.jpg","type":"","width":"","height":""}],"twitter_card":"summary_large_image","twitter_misc":{"Tempo di lettura stimato":"1 minuto"},"schema":{"@context":"https:\/\/schema.org","@graph":[{"@type":"WebPage","@id":"https:\/\/www.it.tarnow.pl\/it\/attrazioni\/i-monumenti-della-cultura-ebraica\/","url":"https:\/\/www.it.tarnow.pl\/it\/attrazioni\/i-monumenti-della-cultura-ebraica\/","name":"I monumenti della cultura ebraica - Tarnowskie Centrum Informacji","isPartOf":{"@id":"https:\/\/www.it.tarnow.pl\/#website"},"primaryImageOfPage":{"@id":"https:\/\/www.it.tarnow.pl\/it\/attrazioni\/i-monumenti-della-cultura-ebraica\/#primaryimage"},"image":{"@id":"https:\/\/www.it.tarnow.pl\/it\/attrazioni\/i-monumenti-della-cultura-ebraica\/#primaryimage"},"thumbnailUrl":"http:\/\/www.it.tarnow.pl\/wp-content\/uploads\/2019\/02\/TARNOW-Ul.-Zydowska-03-400x300.jpg","datePublished":"2011-03-09T10:27:29+00:00","dateModified":"2021-11-18T13:06:23+00:00","breadcrumb":{"@id":"https:\/\/www.it.tarnow.pl\/it\/attrazioni\/i-monumenti-della-cultura-ebraica\/#breadcrumb"},"inLanguage":"it-IT","potentialAction":[{"@type":"ReadAction","target":["https:\/\/www.it.tarnow.pl\/it\/attrazioni\/i-monumenti-della-cultura-ebraica\/"]}]},{"@type":"ImageObject","inLanguage":"it-IT","@id":"https:\/\/www.it.tarnow.pl\/it\/attrazioni\/i-monumenti-della-cultura-ebraica\/#primaryimage","url":"http:\/\/www.it.tarnow.pl\/wp-content\/uploads\/2019\/02\/TARNOW-Ul.-Zydowska-03-400x300.jpg","contentUrl":"http:\/\/www.it.tarnow.pl\/wp-content\/uploads\/2019\/02\/TARNOW-Ul.-Zydowska-03-400x300.jpg"},{"@type":"BreadcrumbList","@id":"https:\/\/www.it.tarnow.pl\/it\/attrazioni\/i-monumenti-della-cultura-ebraica\/#breadcrumb","itemListElement":[{"@type":"ListItem","position":1,"name":"Pagina iniziale","item":"https:\/\/www.it.tarnow.pl\/it\/"},{"@type":"ListItem","position":2,"name":"Attrazioni","item":"https:\/\/www.it.tarnow.pl\/it\/attrazioni\/"},{"@type":"ListItem","position":3,"name":"I monumenti della cultura ebraica"}]},{"@type":"WebSite","@id":"https:\/\/www.it.tarnow.pl\/#website","url":"https:\/\/www.it.tarnow.pl\/","name":"Tarnowskie Centrum Informacji","description":"Informacja turystyczna o Tarnowie i regionie tarnowskim.","potentialAction":[{"@type":"SearchAction","target":{"@type":"EntryPoint","urlTemplate":"https:\/\/www.it.tarnow.pl\/?s={search_term_string}"},"query-input":{"@type":"PropertyValueSpecification","valueRequired":true,"valueName":"search_term_string"}}],"inLanguage":"it-IT"}]}},"_links":{"self":[{"href":"https:\/\/www.it.tarnow.pl\/it\/wp-json\/wp\/v2\/pages\/10038","targetHints":{"allow":["GET"]}}],"collection":[{"href":"https:\/\/www.it.tarnow.pl\/it\/wp-json\/wp\/v2\/pages"}],"about":[{"href":"https:\/\/www.it.tarnow.pl\/it\/wp-json\/wp\/v2\/types\/page"}],"author":[{"embeddable":true,"href":"https:\/\/www.it.tarnow.pl\/it\/wp-json\/wp\/v2\/users\/1"}],"replies":[{"embeddable":true,"href":"https:\/\/www.it.tarnow.pl\/it\/wp-json\/wp\/v2\/comments?post=10038"}],"version-history":[{"count":0,"href":"https:\/\/www.it.tarnow.pl\/it\/wp-json\/wp\/v2\/pages\/10038\/revisions"}],"up":[{"embeddable":true,"href":"https:\/\/www.it.tarnow.pl\/it\/wp-json\/wp\/v2\/pages\/10029"}],"wp:attachment":[{"href":"https:\/\/www.it.tarnow.pl\/it\/wp-json\/wp\/v2\/media?parent=10038"}],"wp:term":[{"taxonomy":"post_tag","embeddable":true,"href":"https:\/\/www.it.tarnow.pl\/it\/wp-json\/wp\/v2\/tags?post=10038"}],"curies":[{"name":"wp","href":"https:\/\/api.w.org\/{rel}","templated":true}]}}