{"id":10037,"date":"2011-02-11T15:25:10","date_gmt":"2011-02-11T14:25:10","guid":{"rendered":"http:\/\/www.it.tarnow.pl\/la-natura\/"},"modified":"2019-04-03T15:19:41","modified_gmt":"2019-04-03T13:19:41","slug":"la-natura","status":"publish","type":"page","link":"https:\/\/www.it.tarnow.pl\/it\/attrazioni\/la-natura\/","title":{"rendered":"La natura"},"content":{"rendered":"<img loading=\"lazy\" decoding=\"async\" width=\"1024\" height=\"350\" class=\"size-reference aligncenter wp-image-25205\" src=\"http:\/\/www.it.tarnow.pl\/wp-content\/uploads\/2019\/02\/Park-Krajobrazowy-Pasma-Brzanki.jpg\" alt=\"\" srcset=\"https:\/\/www.it.tarnow.pl\/wp-content\/uploads\/2019\/02\/Park-Krajobrazowy-Pasma-Brzanki.jpg 1024w, https:\/\/www.it.tarnow.pl\/wp-content\/uploads\/2019\/02\/Park-Krajobrazowy-Pasma-Brzanki-400x137.jpg 400w, https:\/\/www.it.tarnow.pl\/wp-content\/uploads\/2019\/02\/Park-Krajobrazowy-Pasma-Brzanki-768x263.jpg 768w, https:\/\/www.it.tarnow.pl\/wp-content\/uploads\/2019\/02\/Park-Krajobrazowy-Pasma-Brzanki-650x222.jpg 650w, https:\/\/www.it.tarnow.pl\/wp-content\/uploads\/2019\/02\/Park-Krajobrazowy-Pasma-Brzanki-300x103.jpg 300w\" sizes=\"auto, (max-width: 1024px) 100vw, 1024px\" \/><img loading=\"lazy\" decoding=\"async\" width=\"400\" height=\"300\" class=\"size-medium alignright wp-image-25324\" src=\"http:\/\/www.it.tarnow.pl\/wp-content\/uploads\/2019\/02\/Skamieniale-Miasto-w-Ciezkowicach-2-400x300.jpg\" alt=\"\" srcset=\"https:\/\/www.it.tarnow.pl\/wp-content\/uploads\/2019\/02\/Skamieniale-Miasto-w-Ciezkowicach-2-400x300.jpg 400w, https:\/\/www.it.tarnow.pl\/wp-content\/uploads\/2019\/02\/Skamieniale-Miasto-w-Ciezkowicach-2-768x577.jpg 768w, https:\/\/www.it.tarnow.pl\/wp-content\/uploads\/2019\/02\/Skamieniale-Miasto-w-Ciezkowicach-2-650x488.jpg 650w, https:\/\/www.it.tarnow.pl\/wp-content\/uploads\/2019\/02\/Skamieniale-Miasto-w-Ciezkowicach-2-300x225.jpg 300w, https:\/\/www.it.tarnow.pl\/wp-content\/uploads\/2019\/02\/Skamieniale-Miasto-w-Ciezkowicach-2.jpg 1024w\" sizes=\"auto, (max-width: 400px) 100vw, 400px\" \/><p><b>La Citta Pietrificata<\/b><\/p>\n<p> La Citt\u00e0 Pietrificata \u00e8 una riserva naturale situata nella valle del fiume Bia\u0142a vicino al paese Ci\u0119\u017ckowice. La riserva ha la superficie di circa 15 ha ed \u00e8 stata istituita nel 1931.Tra la foresta mista (quercie e pini) si possono ammirare fantastiche formazioni rocciose di grandi dimensioni. Le loro forme sono di fantasia straordinaria grazie ai processi di erosione. Tra queste roccie si trovano: i pulpiti, le clave ed i funghi di roccia. I nomi che gli sono stati dati illustrano la loro forma, p.e.: &#8220;La clava&#8221;, &#8220;La Piramide&#8221;, &#8220;La Torre&#8221;, &#8221; I Tassi&#8221;, &#8220;Grunwald&#8221; (per commemorare la grande battaglia vinta dai polacchi), &#8220;Il Municipio&#8221; e &#8220;La Strega&#8221;. Nella riserva si trova anche una piccola cascata. <br> Il nome della riserva proviene da una leggenda popolare secondo la quale le roccie sono i resti di una citta` trasformata in pietra per la violazione del diritto di ospitalit\u00e1 oppure per la vita dissoluta dei suoi cittadini.<\/p> <img loading=\"lazy\" decoding=\"async\" width=\"400\" height=\"300\" class=\"size-medium alignleft wp-image-25225\" src=\"http:\/\/www.it.tarnow.pl\/wp-content\/uploads\/2019\/02\/Park-Krajobrazowy-Pasma-Brzanki-1-400x300.jpg\" alt=\"\" srcset=\"https:\/\/www.it.tarnow.pl\/wp-content\/uploads\/2019\/02\/Park-Krajobrazowy-Pasma-Brzanki-1-400x300.jpg 400w, https:\/\/www.it.tarnow.pl\/wp-content\/uploads\/2019\/02\/Park-Krajobrazowy-Pasma-Brzanki-1-768x577.jpg 768w, https:\/\/www.it.tarnow.pl\/wp-content\/uploads\/2019\/02\/Park-Krajobrazowy-Pasma-Brzanki-1-650x488.jpg 650w, https:\/\/www.it.tarnow.pl\/wp-content\/uploads\/2019\/02\/Park-Krajobrazowy-Pasma-Brzanki-1-300x225.jpg 300w, https:\/\/www.it.tarnow.pl\/wp-content\/uploads\/2019\/02\/Park-Krajobrazowy-Pasma-Brzanki-1.jpg 1024w\" sizes=\"auto, (max-width: 400px) 100vw, 400px\" \/><img loading=\"lazy\" decoding=\"async\" width=\"400\" height=\"300\" class=\"size-medium alignright wp-image-25241\" src=\"http:\/\/www.it.tarnow.pl\/wp-content\/uploads\/2019\/02\/Ostry-Kamien-Park-Krajobrazowy-Pasma-Brzanki-2-400x300.jpg\" alt=\"\" srcset=\"https:\/\/www.it.tarnow.pl\/wp-content\/uploads\/2019\/02\/Ostry-Kamien-Park-Krajobrazowy-Pasma-Brzanki-2-400x300.jpg 400w, https:\/\/www.it.tarnow.pl\/wp-content\/uploads\/2019\/02\/Ostry-Kamien-Park-Krajobrazowy-Pasma-Brzanki-2-768x577.jpg 768w, https:\/\/www.it.tarnow.pl\/wp-content\/uploads\/2019\/02\/Ostry-Kamien-Park-Krajobrazowy-Pasma-Brzanki-2-650x488.jpg 650w, https:\/\/www.it.tarnow.pl\/wp-content\/uploads\/2019\/02\/Ostry-Kamien-Park-Krajobrazowy-Pasma-Brzanki-2-300x225.jpg 300w, https:\/\/www.it.tarnow.pl\/wp-content\/uploads\/2019\/02\/Ostry-Kamien-Park-Krajobrazowy-Pasma-Brzanki-2.jpg 1024w\" sizes=\"auto, (max-width: 400px) 100vw, 400px\" \/><p>\u00a0<\/p>\n<p>\u00a0<\/p>\n<p>\u00a0<\/p>\n<p>\u00a0<\/p>\n<p>\u00a0<\/p>\n<p>\u00a0<\/p>\n<p>\u00a0<\/p>\n<p>\u00a0<\/p>\n<p>\u00a0<\/p> <img loading=\"lazy\" decoding=\"async\" width=\"1024\" height=\"313\" class=\"size-reference wp-image-25230\" src=\"http:\/\/www.it.tarnow.pl\/wp-content\/uploads\/2019\/02\/Ciezkowicko-Roznowski-Park-Krajobrazowy-6.jpg\" alt=\"\" srcset=\"https:\/\/www.it.tarnow.pl\/wp-content\/uploads\/2019\/02\/Ciezkowicko-Roznowski-Park-Krajobrazowy-6.jpg 1024w, https:\/\/www.it.tarnow.pl\/wp-content\/uploads\/2019\/02\/Ciezkowicko-Roznowski-Park-Krajobrazowy-6-400x122.jpg 400w, https:\/\/www.it.tarnow.pl\/wp-content\/uploads\/2019\/02\/Ciezkowicko-Roznowski-Park-Krajobrazowy-6-768x235.jpg 768w, https:\/\/www.it.tarnow.pl\/wp-content\/uploads\/2019\/02\/Ciezkowicko-Roznowski-Park-Krajobrazowy-6-650x199.jpg 650w, https:\/\/www.it.tarnow.pl\/wp-content\/uploads\/2019\/02\/Ciezkowicko-Roznowski-Park-Krajobrazowy-6-300x92.jpg 300w\" sizes=\"auto, (max-width: 1024px) 100vw, 1024px\" \/>","protected":false},"excerpt":{"rendered":"La Citta Pietrificata La Citt\u00e0 Pietrificata \u00e8 una riserva naturale situata nella valle del fiume Bia\u0142a vicino al paese Ci\u0119\u017ckowice. La riserva ha la superficie di circa 15 ha ed [&hellip;]","protected":false},"author":1,"featured_media":0,"parent":10029,"menu_order":692,"comment_status":"closed","ping_status":"closed","template":"","meta":{"_acf_changed":false,"footnotes":""},"tags":[],"class_list":["post-10037","page","type-page","status-publish","hentry"],"acf":{"in_menu":null,"show_date":null,"intro_text":"<img class=\"size-medium alignleft wp-image-25324\" src=\"http:\/\/www.it.tarnow.pl\/wp-content\/uploads\/2019\/02\/Skamieniale-Miasto-w-Ciezkowicach-2-400x300.jpg\" alt=\"\"><p>La Citt\u00e0 Pietrificata \u00e8 una riserva naturale situata nella valle del fiume Bia\u0142a vicino al paese Ci\u0119\u017ckowice. La riserva ha la superficie di circa 15 ha ed \u00e8 stata istituita nel 1931.Tra la foresta mista (quercie e pini) si possono ammirare fantastiche formazioni rocciose di grandi dimensioni. Le loro forme sono di fantasia straordinaria grazie ai processi di erosione. Tra queste roccie si trovano: i pulpiti, le clave ed i funghi di roccia.<\/p>","map":null},"yoast_head":"<!-- This site is optimized with the Yoast SEO Premium plugin v25.4 (Yoast SEO v25.4) - https:\/\/yoast.com\/wordpress\/plugins\/seo\/ -->\n<title>La natura - Tarnowskie Centrum Informacji<\/title>\n<meta name=\"robots\" content=\"index, follow, max-snippet:-1, max-image-preview:large, max-video-preview:-1\" \/>\n<link rel=\"canonical\" href=\"https:\/\/www.it.tarnow.pl\/it\/attrazioni\/la-natura\/\" \/>\n<meta property=\"og:locale\" content=\"it_IT\" \/>\n<meta property=\"og:type\" content=\"article\" \/>\n<meta property=\"og:title\" content=\"La natura\" \/>\n<meta property=\"og:description\" content=\"La Citta Pietrificata La Citt\u00e0 Pietrificata \u00e8 una riserva naturale situata nella valle del fiume Bia\u0142a vicino al paese Ci\u0119\u017ckowice. La riserva ha la superficie di circa 15 ha ed [&hellip;]\" \/>\n<meta property=\"og:url\" content=\"https:\/\/www.it.tarnow.pl\/it\/attrazioni\/la-natura\/\" \/>\n<meta property=\"og:site_name\" content=\"Tarnowskie Centrum Informacji\" \/>\n<meta property=\"article:modified_time\" content=\"2019-04-03T13:19:41+00:00\" \/>\n<meta property=\"og:image\" content=\"http:\/\/www.it.tarnow.pl\/wp-content\/uploads\/2019\/02\/Park-Krajobrazowy-Pasma-Brzanki.jpg\" \/>\n<meta name=\"twitter:card\" content=\"summary_large_image\" \/>\n<meta name=\"twitter:label1\" content=\"Tempo di lettura stimato\" \/>\n\t<meta name=\"twitter:data1\" content=\"1 minuto\" \/>\n<script type=\"application\/ld+json\" class=\"yoast-schema-graph\">{\"@context\":\"https:\/\/schema.org\",\"@graph\":[{\"@type\":\"WebPage\",\"@id\":\"https:\/\/www.it.tarnow.pl\/it\/attrazioni\/la-natura\/\",\"url\":\"https:\/\/www.it.tarnow.pl\/it\/attrazioni\/la-natura\/\",\"name\":\"La natura - Tarnowskie Centrum Informacji\",\"isPartOf\":{\"@id\":\"https:\/\/www.it.tarnow.pl\/#website\"},\"primaryImageOfPage\":{\"@id\":\"https:\/\/www.it.tarnow.pl\/it\/attrazioni\/la-natura\/#primaryimage\"},\"image\":{\"@id\":\"https:\/\/www.it.tarnow.pl\/it\/attrazioni\/la-natura\/#primaryimage\"},\"thumbnailUrl\":\"http:\/\/www.it.tarnow.pl\/wp-content\/uploads\/2019\/02\/Park-Krajobrazowy-Pasma-Brzanki.jpg\",\"datePublished\":\"2011-02-11T14:25:10+00:00\",\"dateModified\":\"2019-04-03T13:19:41+00:00\",\"breadcrumb\":{\"@id\":\"https:\/\/www.it.tarnow.pl\/it\/attrazioni\/la-natura\/#breadcrumb\"},\"inLanguage\":\"it-IT\",\"potentialAction\":[{\"@type\":\"ReadAction\",\"target\":[\"https:\/\/www.it.tarnow.pl\/it\/attrazioni\/la-natura\/\"]}]},{\"@type\":\"ImageObject\",\"inLanguage\":\"it-IT\",\"@id\":\"https:\/\/www.it.tarnow.pl\/it\/attrazioni\/la-natura\/#primaryimage\",\"url\":\"http:\/\/www.it.tarnow.pl\/wp-content\/uploads\/2019\/02\/Park-Krajobrazowy-Pasma-Brzanki.jpg\",\"contentUrl\":\"http:\/\/www.it.tarnow.pl\/wp-content\/uploads\/2019\/02\/Park-Krajobrazowy-Pasma-Brzanki.jpg\"},{\"@type\":\"BreadcrumbList\",\"@id\":\"https:\/\/www.it.tarnow.pl\/it\/attrazioni\/la-natura\/#breadcrumb\",\"itemListElement\":[{\"@type\":\"ListItem\",\"position\":1,\"name\":\"Pagina iniziale\",\"item\":\"https:\/\/www.it.tarnow.pl\/it\/\"},{\"@type\":\"ListItem\",\"position\":2,\"name\":\"Attrazioni\",\"item\":\"https:\/\/www.it.tarnow.pl\/it\/attrazioni\/\"},{\"@type\":\"ListItem\",\"position\":3,\"name\":\"La natura\"}]},{\"@type\":\"WebSite\",\"@id\":\"https:\/\/www.it.tarnow.pl\/#website\",\"url\":\"https:\/\/www.it.tarnow.pl\/\",\"name\":\"Tarnowskie Centrum Informacji\",\"description\":\"Informacja turystyczna o Tarnowie i regionie tarnowskim.\",\"potentialAction\":[{\"@type\":\"SearchAction\",\"target\":{\"@type\":\"EntryPoint\",\"urlTemplate\":\"https:\/\/www.it.tarnow.pl\/?s={search_term_string}\"},\"query-input\":{\"@type\":\"PropertyValueSpecification\",\"valueRequired\":true,\"valueName\":\"search_term_string\"}}],\"inLanguage\":\"it-IT\"}]}<\/script>\n<!-- \/ Yoast SEO Premium plugin. -->","yoast_head_json":{"title":"La natura - Tarnowskie Centrum Informacji","robots":{"index":"index","follow":"follow","max-snippet":"max-snippet:-1","max-image-preview":"max-image-preview:large","max-video-preview":"max-video-preview:-1"},"canonical":"https:\/\/www.it.tarnow.pl\/it\/attrazioni\/la-natura\/","og_locale":"it_IT","og_type":"article","og_title":"La natura","og_description":"La Citta Pietrificata La Citt\u00e0 Pietrificata \u00e8 una riserva naturale situata nella valle del fiume Bia\u0142a vicino al paese Ci\u0119\u017ckowice. La riserva ha la superficie di circa 15 ha ed [&hellip;]","og_url":"https:\/\/www.it.tarnow.pl\/it\/attrazioni\/la-natura\/","og_site_name":"Tarnowskie Centrum Informacji","article_modified_time":"2019-04-03T13:19:41+00:00","og_image":[{"url":"http:\/\/www.it.tarnow.pl\/wp-content\/uploads\/2019\/02\/Park-Krajobrazowy-Pasma-Brzanki.jpg","type":"","width":"","height":""}],"twitter_card":"summary_large_image","twitter_misc":{"Tempo di lettura stimato":"1 minuto"},"schema":{"@context":"https:\/\/schema.org","@graph":[{"@type":"WebPage","@id":"https:\/\/www.it.tarnow.pl\/it\/attrazioni\/la-natura\/","url":"https:\/\/www.it.tarnow.pl\/it\/attrazioni\/la-natura\/","name":"La natura - Tarnowskie Centrum Informacji","isPartOf":{"@id":"https:\/\/www.it.tarnow.pl\/#website"},"primaryImageOfPage":{"@id":"https:\/\/www.it.tarnow.pl\/it\/attrazioni\/la-natura\/#primaryimage"},"image":{"@id":"https:\/\/www.it.tarnow.pl\/it\/attrazioni\/la-natura\/#primaryimage"},"thumbnailUrl":"http:\/\/www.it.tarnow.pl\/wp-content\/uploads\/2019\/02\/Park-Krajobrazowy-Pasma-Brzanki.jpg","datePublished":"2011-02-11T14:25:10+00:00","dateModified":"2019-04-03T13:19:41+00:00","breadcrumb":{"@id":"https:\/\/www.it.tarnow.pl\/it\/attrazioni\/la-natura\/#breadcrumb"},"inLanguage":"it-IT","potentialAction":[{"@type":"ReadAction","target":["https:\/\/www.it.tarnow.pl\/it\/attrazioni\/la-natura\/"]}]},{"@type":"ImageObject","inLanguage":"it-IT","@id":"https:\/\/www.it.tarnow.pl\/it\/attrazioni\/la-natura\/#primaryimage","url":"http:\/\/www.it.tarnow.pl\/wp-content\/uploads\/2019\/02\/Park-Krajobrazowy-Pasma-Brzanki.jpg","contentUrl":"http:\/\/www.it.tarnow.pl\/wp-content\/uploads\/2019\/02\/Park-Krajobrazowy-Pasma-Brzanki.jpg"},{"@type":"BreadcrumbList","@id":"https:\/\/www.it.tarnow.pl\/it\/attrazioni\/la-natura\/#breadcrumb","itemListElement":[{"@type":"ListItem","position":1,"name":"Pagina iniziale","item":"https:\/\/www.it.tarnow.pl\/it\/"},{"@type":"ListItem","position":2,"name":"Attrazioni","item":"https:\/\/www.it.tarnow.pl\/it\/attrazioni\/"},{"@type":"ListItem","position":3,"name":"La natura"}]},{"@type":"WebSite","@id":"https:\/\/www.it.tarnow.pl\/#website","url":"https:\/\/www.it.tarnow.pl\/","name":"Tarnowskie Centrum Informacji","description":"Informacja turystyczna o Tarnowie i regionie tarnowskim.","potentialAction":[{"@type":"SearchAction","target":{"@type":"EntryPoint","urlTemplate":"https:\/\/www.it.tarnow.pl\/?s={search_term_string}"},"query-input":{"@type":"PropertyValueSpecification","valueRequired":true,"valueName":"search_term_string"}}],"inLanguage":"it-IT"}]}},"_links":{"self":[{"href":"https:\/\/www.it.tarnow.pl\/it\/wp-json\/wp\/v2\/pages\/10037","targetHints":{"allow":["GET"]}}],"collection":[{"href":"https:\/\/www.it.tarnow.pl\/it\/wp-json\/wp\/v2\/pages"}],"about":[{"href":"https:\/\/www.it.tarnow.pl\/it\/wp-json\/wp\/v2\/types\/page"}],"author":[{"embeddable":true,"href":"https:\/\/www.it.tarnow.pl\/it\/wp-json\/wp\/v2\/users\/1"}],"replies":[{"embeddable":true,"href":"https:\/\/www.it.tarnow.pl\/it\/wp-json\/wp\/v2\/comments?post=10037"}],"version-history":[{"count":0,"href":"https:\/\/www.it.tarnow.pl\/it\/wp-json\/wp\/v2\/pages\/10037\/revisions"}],"up":[{"embeddable":true,"href":"https:\/\/www.it.tarnow.pl\/it\/wp-json\/wp\/v2\/pages\/10029"}],"wp:attachment":[{"href":"https:\/\/www.it.tarnow.pl\/it\/wp-json\/wp\/v2\/media?parent=10037"}],"wp:term":[{"taxonomy":"post_tag","embeddable":true,"href":"https:\/\/www.it.tarnow.pl\/it\/wp-json\/wp\/v2\/tags?post=10037"}],"curies":[{"name":"wp","href":"https:\/\/api.w.org\/{rel}","templated":true}]}}