{"id":10036,"date":"2011-02-11T15:12:09","date_gmt":"2011-02-11T14:12:09","guid":{"rendered":"http:\/\/www.it.tarnow.pl\/i-castelli\/"},"modified":"2021-11-18T14:04:35","modified_gmt":"2021-11-18T13:04:35","slug":"i-castelli","status":"publish","type":"page","link":"https:\/\/www.it.tarnow.pl\/it\/attrazioni\/i-castelli\/","title":{"rendered":"I castelli"},"content":{"rendered":"<p><img loading=\"lazy\" decoding=\"async\" width=\"300\" height=\"400\" class=\"size-medium alignright wp-image-24401\" src=\"http:\/\/www.it.tarnow.pl\/wp-content\/uploads\/2019\/02\/Nowy-Wisnicz-Zamek-7-300x400.jpg\" alt=\"\" srcset=\"https:\/\/www.it.tarnow.pl\/wp-content\/uploads\/2019\/02\/Nowy-Wisnicz-Zamek-7-300x400.jpg 300w, https:\/\/www.it.tarnow.pl\/wp-content\/uploads\/2019\/02\/Nowy-Wisnicz-Zamek-7.jpg 768w, https:\/\/www.it.tarnow.pl\/wp-content\/uploads\/2019\/02\/Nowy-Wisnicz-Zamek-7-488x650.jpg 488w, https:\/\/www.it.tarnow.pl\/wp-content\/uploads\/2019\/02\/Nowy-Wisnicz-Zamek-7-225x300.jpg 225w\" sizes=\"auto, (max-width: 300px) 100vw, 300px\" \/><\/p>\r\n<p>Nella parte orientale del voivodato della Piccola Polonia ci sono tanti posti interessanti per i ricercatori degli incredibili paesaggi, delle curiosit\u00e1 architettoniche e storiche.<br \/>\r\nQui possiamo trovare dei posti magici noti da tante leggende dove fin d&#8217;ogg\u00ec ognuno pu\u00f2 sentire i rumori delle armature dei cavalieri. Vi invitiamo a visitare i castelli, le fortificazioni e i resti dopo gli anni d&#8217;oro.<br \/>\r\nLe prime fondazioni dei castelli in Polonia furono causate dall&#8217;importante posizione geografica e dalle potenti famiglie cavalleresche. Le terre di Tarn\u00f3w non erano terreni di frontiera, ma passavano di l\u00ec importanti tratti commerciali che esigevano la protezione, e questa era assicurata dalla presenza delle armate dei castelli.<\/p>\r\n<p>&nbsp;<\/p>\r\n<p><img loading=\"lazy\" decoding=\"async\" width=\"400\" height=\"300\" class=\"size-medium alignright wp-image-24553\" src=\"http:\/\/www.it.tarnow.pl\/wp-content\/uploads\/2019\/02\/Debno-Zamek-3-400x300.jpg\" alt=\"\" srcset=\"https:\/\/www.it.tarnow.pl\/wp-content\/uploads\/2019\/02\/Debno-Zamek-3-400x300.jpg 400w, https:\/\/www.it.tarnow.pl\/wp-content\/uploads\/2019\/02\/Debno-Zamek-3-768x576.jpg 768w, https:\/\/www.it.tarnow.pl\/wp-content\/uploads\/2019\/02\/Debno-Zamek-3-650x488.jpg 650w, https:\/\/www.it.tarnow.pl\/wp-content\/uploads\/2019\/02\/Debno-Zamek-3-300x225.jpg 300w, https:\/\/www.it.tarnow.pl\/wp-content\/uploads\/2019\/02\/Debno-Zamek-3.jpg 1024w\" sizes=\"auto, (max-width: 400px) 100vw, 400px\" \/><\/p>\r\n<p><b>Il castello a D\u0119bno<\/b><br \/>\r\nL&#8217;unica cos\u00ec ben conservata residenza, dei cavalieri del tardo gotico dagli anni 1470-1480.<br \/>\r\nIl castello contiene quattro case a due piani poste intorno ad una piazza selciata con un cortile possedente un pozzo.<\/p>\r\n<p><img loading=\"lazy\" decoding=\"async\" width=\"400\" height=\"300\" class=\"size-medium alignleft wp-image-24523\" src=\"http:\/\/www.it.tarnow.pl\/wp-content\/uploads\/2019\/02\/Debno-Zamek-400x300.jpg\" alt=\"\" srcset=\"https:\/\/www.it.tarnow.pl\/wp-content\/uploads\/2019\/02\/Debno-Zamek-400x300.jpg 400w, https:\/\/www.it.tarnow.pl\/wp-content\/uploads\/2019\/02\/Debno-Zamek-768x576.jpg 768w, https:\/\/www.it.tarnow.pl\/wp-content\/uploads\/2019\/02\/Debno-Zamek-650x488.jpg 650w, https:\/\/www.it.tarnow.pl\/wp-content\/uploads\/2019\/02\/Debno-Zamek-300x225.jpg 300w, https:\/\/www.it.tarnow.pl\/wp-content\/uploads\/2019\/02\/Debno-Zamek.jpg 1024w\" sizes=\"auto, (max-width: 400px) 100vw, 400px\" \/><\/p>\r\n<p>La costruzione del castello \u00e8 stata effettuata con pietra e mattoni; la variano i battifredi e gli aggetti. I portali delle porte, delle finestre e soprattutto gli aggetti sono decorate da ornamenti floreali, geometrici e dagli emblemi. Grazie all&#8217;esposizione all\u2019interno del castello possiamo conoscere meglio la storia di questo magnifico posto. Vediamo come era la Sala dei Cavalieri, la cappella del castello, la tesoreria o vecchia cucina. Ogni anno nel mese di settembre a D\u0119bno si svolge il torneo cavalleresco &#8220;Per la treccia d&#8217;oro di Tar\u0142\u00f3wna&#8221;.<\/p>\r\n<p>Migliaia di spettatori ammirano le mostre delle lotte cavalleresche,dei balli medievali e partecipano agli spettacoli che ci avvicinano alla vita dei nostri antenati.<\/p>\r\n<p>&nbsp;<\/p>\r\n<p><img loading=\"lazy\" decoding=\"async\" width=\"400\" height=\"300\" class=\"size-medium alignleft wp-image-21117\" src=\"http:\/\/www.it.tarnow.pl\/wp-content\/uploads\/2019\/02\/Nowy-Wisnicz-Zamek-4-400x300.jpg\" alt=\"\" srcset=\"https:\/\/www.it.tarnow.pl\/wp-content\/uploads\/2019\/02\/Nowy-Wisnicz-Zamek-4-400x300.jpg 400w, https:\/\/www.it.tarnow.pl\/wp-content\/uploads\/2019\/02\/Nowy-Wisnicz-Zamek-4-768x576.jpg 768w, https:\/\/www.it.tarnow.pl\/wp-content\/uploads\/2019\/02\/Nowy-Wisnicz-Zamek-4-650x488.jpg 650w, https:\/\/www.it.tarnow.pl\/wp-content\/uploads\/2019\/02\/Nowy-Wisnicz-Zamek-4-300x225.jpg 300w, https:\/\/www.it.tarnow.pl\/wp-content\/uploads\/2019\/02\/Nowy-Wisnicz-Zamek-4.jpg 1024w\" sizes=\"auto, (max-width: 400px) 100vw, 400px\" \/><img loading=\"lazy\" decoding=\"async\" width=\"400\" height=\"300\" class=\"size-medium alignright wp-image-24543\" src=\"http:\/\/www.it.tarnow.pl\/wp-content\/uploads\/2019\/02\/Nowy-Wisnicz-Zamek-8-400x300.jpg\" alt=\"\" srcset=\"https:\/\/www.it.tarnow.pl\/wp-content\/uploads\/2019\/02\/Nowy-Wisnicz-Zamek-8-400x300.jpg 400w, https:\/\/www.it.tarnow.pl\/wp-content\/uploads\/2019\/02\/Nowy-Wisnicz-Zamek-8-768x576.jpg 768w, https:\/\/www.it.tarnow.pl\/wp-content\/uploads\/2019\/02\/Nowy-Wisnicz-Zamek-8-650x488.jpg 650w, https:\/\/www.it.tarnow.pl\/wp-content\/uploads\/2019\/02\/Nowy-Wisnicz-Zamek-8-300x225.jpg 300w, https:\/\/www.it.tarnow.pl\/wp-content\/uploads\/2019\/02\/Nowy-Wisnicz-Zamek-8.jpg 1024w\" sizes=\"auto, (max-width: 400px) 100vw, 400px\" \/><\/p>\r\n<p><b>Nowy Wi\u015bnicz<\/b><br \/>\r\nLa pi\u00fa grande residenza difensiva dell&#8217;epoca barocca in Polonia. Nella prima parte del XV secolo, sotto il dominio di Piotr Kmita, il castello prese il suo specifico fascino rinascimentale. L&#8217;edificio principale del castello \u00e8 situato nel centro delle fortificazioni.<\/p>\r\n<p>\u00c8 composto da quattro ali a due piani che circondano un piccolo cortile interno.<\/p>\r\n<p>Il suo caratteristico aspetto si deve alle quattro torri angolate. Ogni torre \u00e8 diversa e per questo l&#8217;aspetto del castello \u00e8 diverso da ogni angolazione. L&#8217;attuale forma del castello appartiene agli anni 1615-1637, grazie al lavoro di Stanislao Lubomirski. In quel tempo il castello \u00e8 stato rinnovato e circondato dalle fortificazioni di pietra con l&#8217;edificio portale, le roccaforti e con le cortine di mattoni.<\/p>\r\n<p>&nbsp;<\/p>\r\n<p><img loading=\"lazy\" decoding=\"async\" class=\"wp-image-179018 size-medium alignright\" src=\"http:\/\/www.it.tarnow.pl\/wp-content\/uploads\/2019\/11\/Przewodnik-Zamki-palace-Zamek-Czchow-400x267.jpg\" alt=\"Baszta w Czchowie\" width=\"400\" height=\"267\" \/><\/p>\r\n<p><b>I castelli della Valle di Dunajec<\/b><br \/>\r\nNel XIII e XIV secolo nella valle di Dunajec sono stati costruiti parecchi edifici fortificati ma fino ai nostri tempi sono rimasti soltanto i resti. Il tempo, passando, distruggeva gli edifici ma da alcuni anni gli abitanti cominciarono ad interessarsi ad essi. Si fondano comitati, organizzazioni e le strutture informali, il cui scopo \u00e8 la restaurazione dei monumenti storici. Nel 2007 a Tarn\u00f3w \u00e8 nata l\u2019organizzazione &#8220;Il castello di Tarn\u00f3w&#8221; il cui scopo principale \u00e8 la rinnovazione del castello sul Monte di San Martino che \u00e8 la culla di Tarn\u00f3w ed il simbolo degli anni d&#8217;oro della citta`. Ci sono tanti esempi dei progetti compiuti riguardanti i castelli nelle valle di Dunajec:<\/p>\r\n<ul>\r\n\t<li>a Czch\u00f3w &#8211; sopra i resti del castello del XIII e XIV secolo hanno ricostruito la torre ed ora i lavori continuano&#8230;<\/li>\r\n\t<li>in castello Tropsztyn, nella localita` di Wytrzyszczka, l&#8217;investitore privato ha ricostruito tutto il castello dal XIV secolo. Oggi` \u00e8 uno dei pi\u00f9 bei castelli cavallereschi costruiti in pietra.<\/li>\r\n<\/ul>\r\n<p><img loading=\"lazy\" decoding=\"async\" width=\"400\" height=\"300\" class=\"size-medium alignleft wp-image-24406\" src=\"http:\/\/www.it.tarnow.pl\/wp-content\/uploads\/2019\/02\/Zamek-Tropsztyn-w-Wytrzyszczce-400x300.jpg\" alt=\"\" srcset=\"https:\/\/www.it.tarnow.pl\/wp-content\/uploads\/2019\/02\/Zamek-Tropsztyn-w-Wytrzyszczce-400x300.jpg 400w, https:\/\/www.it.tarnow.pl\/wp-content\/uploads\/2019\/02\/Zamek-Tropsztyn-w-Wytrzyszczce-768x577.jpg 768w, https:\/\/www.it.tarnow.pl\/wp-content\/uploads\/2019\/02\/Zamek-Tropsztyn-w-Wytrzyszczce-650x488.jpg 650w, https:\/\/www.it.tarnow.pl\/wp-content\/uploads\/2019\/02\/Zamek-Tropsztyn-w-Wytrzyszczce-300x225.jpg 300w, https:\/\/www.it.tarnow.pl\/wp-content\/uploads\/2019\/02\/Zamek-Tropsztyn-w-Wytrzyszczce.jpg 1024w\" sizes=\"auto, (max-width: 400px) 100vw, 400px\" \/><img decoding=\"async\" class=\"size-medium alignright wp-image-24558\" src=\"http:\/\/www.it.tarnow.pl\/wp-content\/uploads\/2019\/02\/TARNOW-Ruiny-zamku-Tarnowskich-400x300.jpg\" alt=\"\" \/><\/p>","protected":false},"excerpt":{"rendered":"Nella parte orientale del voivodato della Piccola Polonia ci sono tanti posti interessanti per i ricercatori degli incredibili paesaggi, delle curiosit\u00e1 architettoniche e storiche. Qui possiamo trovare dei posti magici [&hellip;]","protected":false},"author":1,"featured_media":0,"parent":10029,"menu_order":669,"comment_status":"closed","ping_status":"closed","template":"","meta":{"_acf_changed":false,"footnotes":""},"tags":[],"class_list":["post-10036","page","type-page","status-publish","hentry"],"acf":{"old_object_id":"6920","old_parent_id":"7067","old_url":"Attrazioni\/I-castelli","intro_text":"<p><img loading=\"lazy\" decoding=\"async\" width=\"400\" height=\"300\" class=\"size-medium alignleft wp-image-21117\" src=\"http:\/\/www.it.tarnow.pl\/wp-content\/uploads\/2019\/02\/Nowy-Wisnicz-Zamek-4-400x300.jpg\" alt=\"\" srcset=\"https:\/\/www.it.tarnow.pl\/wp-content\/uploads\/2019\/02\/Nowy-Wisnicz-Zamek-4-400x300.jpg 400w, https:\/\/www.it.tarnow.pl\/wp-content\/uploads\/2019\/02\/Nowy-Wisnicz-Zamek-4-768x576.jpg 768w, https:\/\/www.it.tarnow.pl\/wp-content\/uploads\/2019\/02\/Nowy-Wisnicz-Zamek-4-650x488.jpg 650w, https:\/\/www.it.tarnow.pl\/wp-content\/uploads\/2019\/02\/Nowy-Wisnicz-Zamek-4-300x225.jpg 300w, https:\/\/www.it.tarnow.pl\/wp-content\/uploads\/2019\/02\/Nowy-Wisnicz-Zamek-4.jpg 1024w\" sizes=\"auto, (max-width: 400px) 100vw, 400px\" \/><\/p>\n<p>Nella parte orientale del voivodato della Piccola Polonia ci sono tanti posti interessanti per i ricercatori degli incredibili paesaggi, delle curiosit\u00e1 architettoniche e storiche.<br \/>\nQui possiamo trovare dei posti magici noti da tante leggende dove fin d&#8217;ogg\u00ec ognuno pu\u00f2 sentire i rumori delle armature dei cavalieri. Vi invitiamo a visitare i castelli, le fortificazioni e i resti dopo gli anni d&#8217;oro.<\/p>\n","show_children":"1","class":"folder","type":"single","in_menu":true,"show_date":false,"map":"","old_id":"","rooms_info":"","top_column":"","left_column":"","right_column":"","bottom_column":"","skip_import":false,"_menu_related_id":"96415"},"yoast_head":"<!-- This site is optimized with the Yoast SEO Premium plugin v25.4 (Yoast SEO v25.4) - https:\/\/yoast.com\/wordpress\/plugins\/seo\/ -->\n<title>I castelli - Tarnowskie Centrum Informacji<\/title>\n<meta name=\"robots\" content=\"index, follow, max-snippet:-1, max-image-preview:large, max-video-preview:-1\" \/>\n<link rel=\"canonical\" href=\"https:\/\/www.it.tarnow.pl\/it\/attrazioni\/i-castelli\/\" \/>\n<meta property=\"og:locale\" content=\"it_IT\" \/>\n<meta property=\"og:type\" content=\"article\" \/>\n<meta property=\"og:title\" content=\"I castelli\" \/>\n<meta property=\"og:description\" content=\"Nella parte orientale del voivodato della Piccola Polonia ci sono tanti posti interessanti per i ricercatori degli incredibili paesaggi, delle curiosit\u00e1 architettoniche e storiche. Qui possiamo trovare dei posti magici [&hellip;]\" \/>\n<meta property=\"og:url\" content=\"https:\/\/www.it.tarnow.pl\/it\/attrazioni\/i-castelli\/\" \/>\n<meta property=\"og:site_name\" content=\"Tarnowskie Centrum Informacji\" \/>\n<meta property=\"article:modified_time\" content=\"2021-11-18T13:04:35+00:00\" \/>\n<meta property=\"og:image\" content=\"http:\/\/www.it.tarnow.pl\/wp-content\/uploads\/2019\/02\/Nowy-Wisnicz-Zamek-7-300x400.jpg\" \/>\n<meta name=\"twitter:card\" content=\"summary_large_image\" \/>\n<meta name=\"twitter:label1\" content=\"Tempo di lettura stimato\" \/>\n\t<meta name=\"twitter:data1\" content=\"3 minuti\" \/>\n<script type=\"application\/ld+json\" class=\"yoast-schema-graph\">{\"@context\":\"https:\/\/schema.org\",\"@graph\":[{\"@type\":\"WebPage\",\"@id\":\"https:\/\/www.it.tarnow.pl\/it\/attrazioni\/i-castelli\/\",\"url\":\"https:\/\/www.it.tarnow.pl\/it\/attrazioni\/i-castelli\/\",\"name\":\"I castelli - Tarnowskie Centrum Informacji\",\"isPartOf\":{\"@id\":\"https:\/\/www.it.tarnow.pl\/#website\"},\"primaryImageOfPage\":{\"@id\":\"https:\/\/www.it.tarnow.pl\/it\/attrazioni\/i-castelli\/#primaryimage\"},\"image\":{\"@id\":\"https:\/\/www.it.tarnow.pl\/it\/attrazioni\/i-castelli\/#primaryimage\"},\"thumbnailUrl\":\"http:\/\/www.it.tarnow.pl\/wp-content\/uploads\/2019\/02\/Nowy-Wisnicz-Zamek-7-300x400.jpg\",\"datePublished\":\"2011-02-11T14:12:09+00:00\",\"dateModified\":\"2021-11-18T13:04:35+00:00\",\"breadcrumb\":{\"@id\":\"https:\/\/www.it.tarnow.pl\/it\/attrazioni\/i-castelli\/#breadcrumb\"},\"inLanguage\":\"it-IT\",\"potentialAction\":[{\"@type\":\"ReadAction\",\"target\":[\"https:\/\/www.it.tarnow.pl\/it\/attrazioni\/i-castelli\/\"]}]},{\"@type\":\"ImageObject\",\"inLanguage\":\"it-IT\",\"@id\":\"https:\/\/www.it.tarnow.pl\/it\/attrazioni\/i-castelli\/#primaryimage\",\"url\":\"http:\/\/www.it.tarnow.pl\/wp-content\/uploads\/2019\/02\/Nowy-Wisnicz-Zamek-7-300x400.jpg\",\"contentUrl\":\"http:\/\/www.it.tarnow.pl\/wp-content\/uploads\/2019\/02\/Nowy-Wisnicz-Zamek-7-300x400.jpg\"},{\"@type\":\"BreadcrumbList\",\"@id\":\"https:\/\/www.it.tarnow.pl\/it\/attrazioni\/i-castelli\/#breadcrumb\",\"itemListElement\":[{\"@type\":\"ListItem\",\"position\":1,\"name\":\"Pagina iniziale\",\"item\":\"https:\/\/www.it.tarnow.pl\/it\/\"},{\"@type\":\"ListItem\",\"position\":2,\"name\":\"Attrazioni\",\"item\":\"https:\/\/www.it.tarnow.pl\/it\/attrazioni\/\"},{\"@type\":\"ListItem\",\"position\":3,\"name\":\"I castelli\"}]},{\"@type\":\"WebSite\",\"@id\":\"https:\/\/www.it.tarnow.pl\/#website\",\"url\":\"https:\/\/www.it.tarnow.pl\/\",\"name\":\"Tarnowskie Centrum Informacji\",\"description\":\"Informacja turystyczna o Tarnowie i regionie tarnowskim.\",\"potentialAction\":[{\"@type\":\"SearchAction\",\"target\":{\"@type\":\"EntryPoint\",\"urlTemplate\":\"https:\/\/www.it.tarnow.pl\/?s={search_term_string}\"},\"query-input\":{\"@type\":\"PropertyValueSpecification\",\"valueRequired\":true,\"valueName\":\"search_term_string\"}}],\"inLanguage\":\"it-IT\"}]}<\/script>\n<!-- \/ Yoast SEO Premium plugin. -->","yoast_head_json":{"title":"I castelli - Tarnowskie Centrum Informacji","robots":{"index":"index","follow":"follow","max-snippet":"max-snippet:-1","max-image-preview":"max-image-preview:large","max-video-preview":"max-video-preview:-1"},"canonical":"https:\/\/www.it.tarnow.pl\/it\/attrazioni\/i-castelli\/","og_locale":"it_IT","og_type":"article","og_title":"I castelli","og_description":"Nella parte orientale del voivodato della Piccola Polonia ci sono tanti posti interessanti per i ricercatori degli incredibili paesaggi, delle curiosit\u00e1 architettoniche e storiche. Qui possiamo trovare dei posti magici [&hellip;]","og_url":"https:\/\/www.it.tarnow.pl\/it\/attrazioni\/i-castelli\/","og_site_name":"Tarnowskie Centrum Informacji","article_modified_time":"2021-11-18T13:04:35+00:00","og_image":[{"url":"http:\/\/www.it.tarnow.pl\/wp-content\/uploads\/2019\/02\/Nowy-Wisnicz-Zamek-7-300x400.jpg","type":"","width":"","height":""}],"twitter_card":"summary_large_image","twitter_misc":{"Tempo di lettura stimato":"3 minuti"},"schema":{"@context":"https:\/\/schema.org","@graph":[{"@type":"WebPage","@id":"https:\/\/www.it.tarnow.pl\/it\/attrazioni\/i-castelli\/","url":"https:\/\/www.it.tarnow.pl\/it\/attrazioni\/i-castelli\/","name":"I castelli - Tarnowskie Centrum Informacji","isPartOf":{"@id":"https:\/\/www.it.tarnow.pl\/#website"},"primaryImageOfPage":{"@id":"https:\/\/www.it.tarnow.pl\/it\/attrazioni\/i-castelli\/#primaryimage"},"image":{"@id":"https:\/\/www.it.tarnow.pl\/it\/attrazioni\/i-castelli\/#primaryimage"},"thumbnailUrl":"http:\/\/www.it.tarnow.pl\/wp-content\/uploads\/2019\/02\/Nowy-Wisnicz-Zamek-7-300x400.jpg","datePublished":"2011-02-11T14:12:09+00:00","dateModified":"2021-11-18T13:04:35+00:00","breadcrumb":{"@id":"https:\/\/www.it.tarnow.pl\/it\/attrazioni\/i-castelli\/#breadcrumb"},"inLanguage":"it-IT","potentialAction":[{"@type":"ReadAction","target":["https:\/\/www.it.tarnow.pl\/it\/attrazioni\/i-castelli\/"]}]},{"@type":"ImageObject","inLanguage":"it-IT","@id":"https:\/\/www.it.tarnow.pl\/it\/attrazioni\/i-castelli\/#primaryimage","url":"http:\/\/www.it.tarnow.pl\/wp-content\/uploads\/2019\/02\/Nowy-Wisnicz-Zamek-7-300x400.jpg","contentUrl":"http:\/\/www.it.tarnow.pl\/wp-content\/uploads\/2019\/02\/Nowy-Wisnicz-Zamek-7-300x400.jpg"},{"@type":"BreadcrumbList","@id":"https:\/\/www.it.tarnow.pl\/it\/attrazioni\/i-castelli\/#breadcrumb","itemListElement":[{"@type":"ListItem","position":1,"name":"Pagina iniziale","item":"https:\/\/www.it.tarnow.pl\/it\/"},{"@type":"ListItem","position":2,"name":"Attrazioni","item":"https:\/\/www.it.tarnow.pl\/it\/attrazioni\/"},{"@type":"ListItem","position":3,"name":"I castelli"}]},{"@type":"WebSite","@id":"https:\/\/www.it.tarnow.pl\/#website","url":"https:\/\/www.it.tarnow.pl\/","name":"Tarnowskie Centrum Informacji","description":"Informacja turystyczna o Tarnowie i regionie tarnowskim.","potentialAction":[{"@type":"SearchAction","target":{"@type":"EntryPoint","urlTemplate":"https:\/\/www.it.tarnow.pl\/?s={search_term_string}"},"query-input":{"@type":"PropertyValueSpecification","valueRequired":true,"valueName":"search_term_string"}}],"inLanguage":"it-IT"}]}},"_links":{"self":[{"href":"https:\/\/www.it.tarnow.pl\/it\/wp-json\/wp\/v2\/pages\/10036","targetHints":{"allow":["GET"]}}],"collection":[{"href":"https:\/\/www.it.tarnow.pl\/it\/wp-json\/wp\/v2\/pages"}],"about":[{"href":"https:\/\/www.it.tarnow.pl\/it\/wp-json\/wp\/v2\/types\/page"}],"author":[{"embeddable":true,"href":"https:\/\/www.it.tarnow.pl\/it\/wp-json\/wp\/v2\/users\/1"}],"replies":[{"embeddable":true,"href":"https:\/\/www.it.tarnow.pl\/it\/wp-json\/wp\/v2\/comments?post=10036"}],"version-history":[{"count":0,"href":"https:\/\/www.it.tarnow.pl\/it\/wp-json\/wp\/v2\/pages\/10036\/revisions"}],"up":[{"embeddable":true,"href":"https:\/\/www.it.tarnow.pl\/it\/wp-json\/wp\/v2\/pages\/10029"}],"wp:attachment":[{"href":"https:\/\/www.it.tarnow.pl\/it\/wp-json\/wp\/v2\/media?parent=10036"}],"wp:term":[{"taxonomy":"post_tag","embeddable":true,"href":"https:\/\/www.it.tarnow.pl\/it\/wp-json\/wp\/v2\/tags?post=10036"}],"curies":[{"name":"wp","href":"https:\/\/api.w.org\/{rel}","templated":true}]}}