{"id":10035,"date":"2011-02-11T15:03:50","date_gmt":"2011-02-11T14:03:50","guid":{"rendered":"http:\/\/www.it.tarnow.pl\/miniera-del-sale-a-bochnia\/"},"modified":"2019-04-03T15:19:38","modified_gmt":"2019-04-03T13:19:38","slug":"miniera-del-sale-a-bochnia","status":"publish","type":"page","link":"https:\/\/www.it.tarnow.pl\/it\/attrazioni\/miniera-del-sale-a-bochnia\/","title":{"rendered":"Miniera del Sale a Bochnia"},"content":{"rendered":"<img loading=\"lazy\" decoding=\"async\" width=\"202\" height=\"300\" class=\"size-medium alignright wp-image-36039\" src=\"http:\/\/www.it.tarnow.pl\/wp-content\/uploads\/2019\/02\/kopalnia-bochnia-2014-02-1-202x300.jpg\" alt=\"\"><p><a name=\"_GoBack\" id=\"_GoBack\" href=\"\"><\/a> <b>La Miniera di Sale di Bochnia \u00e8 la pi\u00f9 antica miniera di sale polacca. <\/b>L\u2019estrazione del sale nei pressi di Bochnia risale a 3.500 anni a.C. Gli inizi della miniera di Bochnia in quanto sito di estrazione risalgono al 1248. La Miniera di Sale \u00e8 il tesoro pi\u00f9 prezioso del comprensorio di Bochnia. Grazie all\u2019estrazione del sale, infatti, nel Medioevo la citta divenne uno dei pi\u00f9 importanti centri commerciali della regione Ma\u0142opolska. Oggi la Miniera di Sale di Bochnia \u00e8 uno dei pi\u00f9 grandi centri turistici della regione. I turisti visitano il Percorso Turistico attraversando i livelli IV August e VI Sienkiewicz. Il percorso \u00e8 arricchito da un\u2019esposizione multimediale particolarmente apprezzata dai visitatori pi\u00f9 piccoli. La Miniera \u00e8 visitabile a piedi, tuttavia i turisti percorrono una parte del percorso con un treno sotterraneo e un\u2019altra, di circa 120 metri, con uno scivolo che unisce i due livelli. Un\u2019esperienza indimenticabile \u00e8 senz\u2019altro il viaggio sotterraneo in barca.<\/p> <img loading=\"lazy\" decoding=\"async\" width=\"150\" height=\"150\" class=\"size-small alignleft wp-image-36044\" src=\"http:\/\/www.it.tarnow.pl\/wp-content\/uploads\/2019\/02\/kopalnia-bochnia-2014-03-1-150x150.jpg\" alt=\"\"><img loading=\"lazy\" decoding=\"async\" width=\"300\" height=\"185\" class=\"size-medium alignright wp-image-36049\" src=\"http:\/\/www.it.tarnow.pl\/wp-content\/uploads\/2019\/02\/kopalnia-bochnia-2014-01-1-300x185.jpg\" alt=\"\"><p>\u00a0<\/p>\n<p> Un\u2019attrazione particolare della miniera di Bochnia \u00e8 il Percorso Storico \u2013 Viaggio nell\u2019Antica Montagna che percorre i pi\u00f9 antichi corridoi della miniera, in passato mai accessibili ai turisti, dove dal Medioevo fino agli inizi del \u2018900 veniva estratto il salgemma. Proprio qui i visitatori possono capire come si svolgeva il lavoro dei minatori medievali e quali erano i rischi che questi correvano. Il viaggio lungo i corridoi sotterranei inizia alla profondit\u00e0 di 70 m, a partire dal livello Danielowiec per terminare al livello IV August a 176 m sotto il suolo. Il percorso \u00e8 lungo circa 3 km e percorre corridoi stretti uniti con delle scale. Si tratta perci\u00f2 di un percorso dal livello di difficolt\u00e0 elevato.<\/p>\n<p> <b>Il pi\u00f9 grande tesoro della miniera di Bochnia \u00e8 il suo microclima terapeutico ideale per le terapie di allergie, rinite, faringite e laringite croniche, infezioni ripetitive delle vie respiratorie superiori e allergie cutanee<\/b>.<\/p>\n<p> Il 23 giugno 2013 la Miniera di Sale di Bochnia \u00e8 stata iscritta alla Lista del Patrimonio Mondiale UNESCO.<\/p>\n<p><a href=\"http:\/\/www.kopalnia-bochnia.pl\/\">www.kopalnia-bochnia.pl<\/a>\n<\/p>","protected":false},"excerpt":{"rendered":"La Miniera di Sale di Bochnia \u00e8 la pi\u00f9 antica miniera di sale polacca. L\u2019estrazione del sale nei pressi di Bochnia risale a 3.500 anni a.C. Gli inizi della miniera [&hellip;]","protected":false},"author":1,"featured_media":0,"parent":10029,"menu_order":718,"comment_status":"closed","ping_status":"closed","template":"","meta":{"_acf_changed":false,"footnotes":""},"tags":[],"class_list":["post-10035","page","type-page","status-publish","hentry"],"acf":{"in_menu":null,"show_date":null,"intro_text":"<img class=\"size-small alignleft wp-image-36039\" src=\"http:\/\/www.it.tarnow.pl\/wp-content\/uploads\/2019\/02\/kopalnia-bochnia-2014-02-1-150x150.jpg\" alt=\"\"><p><a name=\"_GoBack\" id=\"_GoBack\" href=\"\"><\/a> <b>La Miniera di Sale di Bochnia \u00e8 la pi\u00f9 antica miniera di sale polacca. <\/b>L\u2019estrazione del sale nei pressi di Bochnia risale a 3.500 anni a.C. Gli inizi della miniera di Bochnia in quanto sito di estrazione risalgono al 1248. La Miniera di Sale \u00e8 il tesoro pi\u00f9 prezioso del comprensorio di Bochnia. Grazie all\u2019estrazione del sale, infatti, nel Medioevo la citta divenne uno dei pi\u00f9 importanti centri commerciali della regione Ma\u0142opolska. Oggi la Miniera di Sale di Bochnia \u00e8 uno dei pi\u00f9 grandi centri turistici della regione. I turisti visitano il Percorso Turistico attraversando i livelli IV August e VI Sienkiewicz. Il percorso \u00e8 arricchito da un\u2019esposizione multimediale particolarmente apprezzata dai visitatori pi\u00f9 piccoli. La Miniera \u00e8 visitabile a piedi, tuttavia i turisti percorrono una parte del percorso con un treno sotterraneo e un\u2019altra, di circa 120 metri, con uno scivolo che unisce i due livelli. Un\u2019esperienza indimenticabile \u00e8 senz\u2019altro il viaggio sotterraneo in barca.<\/p>","map":null},"yoast_head":"<!-- This site is optimized with the Yoast SEO Premium plugin v25.4 (Yoast SEO v25.4) - https:\/\/yoast.com\/wordpress\/plugins\/seo\/ -->\n<title>Miniera del Sale a Bochnia - Tarnowskie Centrum Informacji<\/title>\n<meta name=\"robots\" content=\"index, follow, max-snippet:-1, max-image-preview:large, max-video-preview:-1\" \/>\n<link rel=\"canonical\" href=\"https:\/\/www.it.tarnow.pl\/it\/attrazioni\/miniera-del-sale-a-bochnia\/\" \/>\n<meta property=\"og:locale\" content=\"it_IT\" \/>\n<meta property=\"og:type\" content=\"article\" \/>\n<meta property=\"og:title\" content=\"Miniera del Sale a Bochnia\" \/>\n<meta property=\"og:description\" content=\"La Miniera di Sale di Bochnia \u00e8 la pi\u00f9 antica miniera di sale polacca. L\u2019estrazione del sale nei pressi di Bochnia risale a 3.500 anni a.C. Gli inizi della miniera [&hellip;]\" \/>\n<meta property=\"og:url\" content=\"https:\/\/www.it.tarnow.pl\/it\/attrazioni\/miniera-del-sale-a-bochnia\/\" \/>\n<meta property=\"og:site_name\" content=\"Tarnowskie Centrum Informacji\" \/>\n<meta property=\"article:modified_time\" content=\"2019-04-03T13:19:38+00:00\" \/>\n<meta property=\"og:image\" content=\"http:\/\/www.it.tarnow.pl\/wp-content\/uploads\/2019\/02\/kopalnia-bochnia-2014-02-1-202x300.jpg\" \/>\n<meta name=\"twitter:card\" content=\"summary_large_image\" \/>\n<meta name=\"twitter:label1\" content=\"Tempo di lettura stimato\" \/>\n\t<meta name=\"twitter:data1\" content=\"2 minuti\" \/>\n<script type=\"application\/ld+json\" class=\"yoast-schema-graph\">{\"@context\":\"https:\/\/schema.org\",\"@graph\":[{\"@type\":\"WebPage\",\"@id\":\"https:\/\/www.it.tarnow.pl\/it\/attrazioni\/miniera-del-sale-a-bochnia\/\",\"url\":\"https:\/\/www.it.tarnow.pl\/it\/attrazioni\/miniera-del-sale-a-bochnia\/\",\"name\":\"Miniera del Sale a Bochnia - Tarnowskie Centrum Informacji\",\"isPartOf\":{\"@id\":\"https:\/\/www.it.tarnow.pl\/#website\"},\"primaryImageOfPage\":{\"@id\":\"https:\/\/www.it.tarnow.pl\/it\/attrazioni\/miniera-del-sale-a-bochnia\/#primaryimage\"},\"image\":{\"@id\":\"https:\/\/www.it.tarnow.pl\/it\/attrazioni\/miniera-del-sale-a-bochnia\/#primaryimage\"},\"thumbnailUrl\":\"http:\/\/www.it.tarnow.pl\/wp-content\/uploads\/2019\/02\/kopalnia-bochnia-2014-02-1-202x300.jpg\",\"datePublished\":\"2011-02-11T14:03:50+00:00\",\"dateModified\":\"2019-04-03T13:19:38+00:00\",\"breadcrumb\":{\"@id\":\"https:\/\/www.it.tarnow.pl\/it\/attrazioni\/miniera-del-sale-a-bochnia\/#breadcrumb\"},\"inLanguage\":\"it-IT\",\"potentialAction\":[{\"@type\":\"ReadAction\",\"target\":[\"https:\/\/www.it.tarnow.pl\/it\/attrazioni\/miniera-del-sale-a-bochnia\/\"]}]},{\"@type\":\"ImageObject\",\"inLanguage\":\"it-IT\",\"@id\":\"https:\/\/www.it.tarnow.pl\/it\/attrazioni\/miniera-del-sale-a-bochnia\/#primaryimage\",\"url\":\"http:\/\/www.it.tarnow.pl\/wp-content\/uploads\/2019\/02\/kopalnia-bochnia-2014-02-1-202x300.jpg\",\"contentUrl\":\"http:\/\/www.it.tarnow.pl\/wp-content\/uploads\/2019\/02\/kopalnia-bochnia-2014-02-1-202x300.jpg\"},{\"@type\":\"BreadcrumbList\",\"@id\":\"https:\/\/www.it.tarnow.pl\/it\/attrazioni\/miniera-del-sale-a-bochnia\/#breadcrumb\",\"itemListElement\":[{\"@type\":\"ListItem\",\"position\":1,\"name\":\"Pagina iniziale\",\"item\":\"https:\/\/www.it.tarnow.pl\/it\/\"},{\"@type\":\"ListItem\",\"position\":2,\"name\":\"Attrazioni\",\"item\":\"https:\/\/www.it.tarnow.pl\/it\/attrazioni\/\"},{\"@type\":\"ListItem\",\"position\":3,\"name\":\"Miniera del Sale a Bochnia\"}]},{\"@type\":\"WebSite\",\"@id\":\"https:\/\/www.it.tarnow.pl\/#website\",\"url\":\"https:\/\/www.it.tarnow.pl\/\",\"name\":\"Tarnowskie Centrum Informacji\",\"description\":\"Informacja turystyczna o Tarnowie i regionie tarnowskim.\",\"potentialAction\":[{\"@type\":\"SearchAction\",\"target\":{\"@type\":\"EntryPoint\",\"urlTemplate\":\"https:\/\/www.it.tarnow.pl\/?s={search_term_string}\"},\"query-input\":{\"@type\":\"PropertyValueSpecification\",\"valueRequired\":true,\"valueName\":\"search_term_string\"}}],\"inLanguage\":\"it-IT\"}]}<\/script>\n<!-- \/ Yoast SEO Premium plugin. -->","yoast_head_json":{"title":"Miniera del Sale a Bochnia - Tarnowskie Centrum Informacji","robots":{"index":"index","follow":"follow","max-snippet":"max-snippet:-1","max-image-preview":"max-image-preview:large","max-video-preview":"max-video-preview:-1"},"canonical":"https:\/\/www.it.tarnow.pl\/it\/attrazioni\/miniera-del-sale-a-bochnia\/","og_locale":"it_IT","og_type":"article","og_title":"Miniera del Sale a Bochnia","og_description":"La Miniera di Sale di Bochnia \u00e8 la pi\u00f9 antica miniera di sale polacca. L\u2019estrazione del sale nei pressi di Bochnia risale a 3.500 anni a.C. Gli inizi della miniera [&hellip;]","og_url":"https:\/\/www.it.tarnow.pl\/it\/attrazioni\/miniera-del-sale-a-bochnia\/","og_site_name":"Tarnowskie Centrum Informacji","article_modified_time":"2019-04-03T13:19:38+00:00","og_image":[{"url":"http:\/\/www.it.tarnow.pl\/wp-content\/uploads\/2019\/02\/kopalnia-bochnia-2014-02-1-202x300.jpg","type":"","width":"","height":""}],"twitter_card":"summary_large_image","twitter_misc":{"Tempo di lettura stimato":"2 minuti"},"schema":{"@context":"https:\/\/schema.org","@graph":[{"@type":"WebPage","@id":"https:\/\/www.it.tarnow.pl\/it\/attrazioni\/miniera-del-sale-a-bochnia\/","url":"https:\/\/www.it.tarnow.pl\/it\/attrazioni\/miniera-del-sale-a-bochnia\/","name":"Miniera del Sale a Bochnia - Tarnowskie Centrum Informacji","isPartOf":{"@id":"https:\/\/www.it.tarnow.pl\/#website"},"primaryImageOfPage":{"@id":"https:\/\/www.it.tarnow.pl\/it\/attrazioni\/miniera-del-sale-a-bochnia\/#primaryimage"},"image":{"@id":"https:\/\/www.it.tarnow.pl\/it\/attrazioni\/miniera-del-sale-a-bochnia\/#primaryimage"},"thumbnailUrl":"http:\/\/www.it.tarnow.pl\/wp-content\/uploads\/2019\/02\/kopalnia-bochnia-2014-02-1-202x300.jpg","datePublished":"2011-02-11T14:03:50+00:00","dateModified":"2019-04-03T13:19:38+00:00","breadcrumb":{"@id":"https:\/\/www.it.tarnow.pl\/it\/attrazioni\/miniera-del-sale-a-bochnia\/#breadcrumb"},"inLanguage":"it-IT","potentialAction":[{"@type":"ReadAction","target":["https:\/\/www.it.tarnow.pl\/it\/attrazioni\/miniera-del-sale-a-bochnia\/"]}]},{"@type":"ImageObject","inLanguage":"it-IT","@id":"https:\/\/www.it.tarnow.pl\/it\/attrazioni\/miniera-del-sale-a-bochnia\/#primaryimage","url":"http:\/\/www.it.tarnow.pl\/wp-content\/uploads\/2019\/02\/kopalnia-bochnia-2014-02-1-202x300.jpg","contentUrl":"http:\/\/www.it.tarnow.pl\/wp-content\/uploads\/2019\/02\/kopalnia-bochnia-2014-02-1-202x300.jpg"},{"@type":"BreadcrumbList","@id":"https:\/\/www.it.tarnow.pl\/it\/attrazioni\/miniera-del-sale-a-bochnia\/#breadcrumb","itemListElement":[{"@type":"ListItem","position":1,"name":"Pagina iniziale","item":"https:\/\/www.it.tarnow.pl\/it\/"},{"@type":"ListItem","position":2,"name":"Attrazioni","item":"https:\/\/www.it.tarnow.pl\/it\/attrazioni\/"},{"@type":"ListItem","position":3,"name":"Miniera del Sale a Bochnia"}]},{"@type":"WebSite","@id":"https:\/\/www.it.tarnow.pl\/#website","url":"https:\/\/www.it.tarnow.pl\/","name":"Tarnowskie Centrum Informacji","description":"Informacja turystyczna o Tarnowie i regionie tarnowskim.","potentialAction":[{"@type":"SearchAction","target":{"@type":"EntryPoint","urlTemplate":"https:\/\/www.it.tarnow.pl\/?s={search_term_string}"},"query-input":{"@type":"PropertyValueSpecification","valueRequired":true,"valueName":"search_term_string"}}],"inLanguage":"it-IT"}]}},"_links":{"self":[{"href":"https:\/\/www.it.tarnow.pl\/it\/wp-json\/wp\/v2\/pages\/10035","targetHints":{"allow":["GET"]}}],"collection":[{"href":"https:\/\/www.it.tarnow.pl\/it\/wp-json\/wp\/v2\/pages"}],"about":[{"href":"https:\/\/www.it.tarnow.pl\/it\/wp-json\/wp\/v2\/types\/page"}],"author":[{"embeddable":true,"href":"https:\/\/www.it.tarnow.pl\/it\/wp-json\/wp\/v2\/users\/1"}],"replies":[{"embeddable":true,"href":"https:\/\/www.it.tarnow.pl\/it\/wp-json\/wp\/v2\/comments?post=10035"}],"version-history":[{"count":0,"href":"https:\/\/www.it.tarnow.pl\/it\/wp-json\/wp\/v2\/pages\/10035\/revisions"}],"up":[{"embeddable":true,"href":"https:\/\/www.it.tarnow.pl\/it\/wp-json\/wp\/v2\/pages\/10029"}],"wp:attachment":[{"href":"https:\/\/www.it.tarnow.pl\/it\/wp-json\/wp\/v2\/media?parent=10035"}],"wp:term":[{"taxonomy":"post_tag","embeddable":true,"href":"https:\/\/www.it.tarnow.pl\/it\/wp-json\/wp\/v2\/tags?post=10035"}],"curies":[{"name":"wp","href":"https:\/\/api.w.org\/{rel}","templated":true}]}}