{"id":10034,"date":"2011-02-11T15:01:27","date_gmt":"2011-02-11T14:01:27","guid":{"rendered":"http:\/\/www.it.tarnow.pl\/letnografia-e-il-folclore\/"},"modified":"2020-03-06T13:29:07","modified_gmt":"2020-03-06T12:29:07","slug":"letnografia-e-il-folclore","status":"publish","type":"page","link":"https:\/\/www.it.tarnow.pl\/it\/attrazioni\/letnografia-e-il-folclore\/","title":{"rendered":"L&#8217;etnografia e il folclore"},"content":{"rendered":"<p><img loading=\"lazy\" decoding=\"async\" width=\"400\" height=\"300\" class=\"size-medium alignright wp-image-21106\" src=\"http:\/\/www.it.tarnow.pl\/wp-content\/uploads\/2019\/02\/Zalipie-Malowana-Wies-4-400x300.jpg\" alt=\"\" srcset=\"https:\/\/www.it.tarnow.pl\/wp-content\/uploads\/2019\/02\/Zalipie-Malowana-Wies-4-400x300.jpg 400w, https:\/\/www.it.tarnow.pl\/wp-content\/uploads\/2019\/02\/Zalipie-Malowana-Wies-4-768x576.jpg 768w, https:\/\/www.it.tarnow.pl\/wp-content\/uploads\/2019\/02\/Zalipie-Malowana-Wies-4-650x488.jpg 650w, https:\/\/www.it.tarnow.pl\/wp-content\/uploads\/2019\/02\/Zalipie-Malowana-Wies-4-300x225.jpg 300w, https:\/\/www.it.tarnow.pl\/wp-content\/uploads\/2019\/02\/Zalipie-Malowana-Wies-4.jpg 1024w\" sizes=\"auto, (max-width: 400px) 100vw, 400px\" \/><\/p>\r\n<p>La regione di Tarn\u00f3w \u00e8 piena di posti speciali che creano nel voivodato un fascino veramente eccezionale. Essi, immergendosi nella memoria, fanno s\u00ec che la gente torni qu\u00ec regolarmente. L\u2019affascinante mondo dei costumi locali e la tradizione dell\u2019arte popolare che sta rinascendo, smettono di essere il campo degli anziani. Ogg\u00ec, i giovani facendo la fronte alla unificazione generale tramite il culto del patrimonio culturale dei suoi antenati, cercano la propria identit\u00e1 e individualit\u00e1 . Il vestito tradizionale e il dialetto non li imbarazzano pi\u00f9. I ragazzi, accostandosi nelle celebrazioni delle feste tradizionali, attingendo dall\u2019esperienza degli avi, creano la propria coscienza.<\/p>\r\n<p>&nbsp;<\/p>\r\n<p><img loading=\"lazy\" decoding=\"async\" width=\"400\" height=\"300\" class=\"size-medium alignright wp-image-21628\" src=\"http:\/\/www.it.tarnow.pl\/wp-content\/uploads\/2019\/02\/TARNOW-Muzeum-Etnograficzne-2-400x300.jpg\" alt=\"\" srcset=\"https:\/\/www.it.tarnow.pl\/wp-content\/uploads\/2019\/02\/TARNOW-Muzeum-Etnograficzne-2-400x300.jpg 400w, https:\/\/www.it.tarnow.pl\/wp-content\/uploads\/2019\/02\/TARNOW-Muzeum-Etnograficzne-2-768x576.jpg 768w, https:\/\/www.it.tarnow.pl\/wp-content\/uploads\/2019\/02\/TARNOW-Muzeum-Etnograficzne-2-650x488.jpg 650w, https:\/\/www.it.tarnow.pl\/wp-content\/uploads\/2019\/02\/TARNOW-Muzeum-Etnograficzne-2-300x225.jpg 300w, https:\/\/www.it.tarnow.pl\/wp-content\/uploads\/2019\/02\/TARNOW-Muzeum-Etnograficzne-2.jpg 1024w\" sizes=\"auto, (max-width: 400px) 100vw, 400px\" \/><\/p>\r\n<p><b>Museo Etnografico di Tarn\u00f3w<\/b>, localizzato in una vecchia locanda( l\u2019attuale centro della citt\u00e0 ) pu\u00f2 vantarsi dell\u2019unica in Europa, esposizione dedicata alla storia e cultura degli zingari. L\u2019esposizione comprende i vestiti ed anche gli atrezzi ma soprattutto conviene interessarsi alla collezione dei cinque originali carri degli zingari posti nel cortile del museo comprende i vestiti ed anche gli atrezzi ma soprattutto conviene interessarsi alla collezione dei cinque originali carri degli zingari posti nel cortile del museo.<\/p>\r\n<p>&nbsp;<\/p>\r\n<p><img loading=\"lazy\" decoding=\"async\" width=\"120\" height=\"162\" class=\"size-original alignleft wp-image-35695\" src=\"http:\/\/www.it.tarnow.pl\/wp-content\/uploads\/2019\/02\/Lipnica_Easter_Palm_Contest_small.jpg\" alt=\"\" \/><\/p>\r\n<p><b>Lipnica Murowana<\/b> <br \/>\r\nPiccola localit\u00e1 con benconservata disposizione urbanistica medievale. \u00c8 famosa per l\u2019annuale concorso delle palme di Pasqua che spesso arrivano fino a 30 metri di altezza.<\/p>\r\n<p>&nbsp;<\/p>\r\n<p><img loading=\"lazy\" decoding=\"async\" width=\"400\" height=\"300\" class=\"size-medium alignright wp-image-22480\" src=\"http:\/\/www.it.tarnow.pl\/wp-content\/uploads\/2019\/02\/Zalipie-Malowana-Wies-7-400x300.jpg\" alt=\"\" srcset=\"https:\/\/www.it.tarnow.pl\/wp-content\/uploads\/2019\/02\/Zalipie-Malowana-Wies-7-400x300.jpg 400w, https:\/\/www.it.tarnow.pl\/wp-content\/uploads\/2019\/02\/Zalipie-Malowana-Wies-7-768x576.jpg 768w, https:\/\/www.it.tarnow.pl\/wp-content\/uploads\/2019\/02\/Zalipie-Malowana-Wies-7-650x488.jpg 650w, https:\/\/www.it.tarnow.pl\/wp-content\/uploads\/2019\/02\/Zalipie-Malowana-Wies-7-300x225.jpg 300w, https:\/\/www.it.tarnow.pl\/wp-content\/uploads\/2019\/02\/Zalipie-Malowana-Wies-7.jpg 1024w\" sizes=\"auto, (max-width: 400px) 100vw, 400px\" \/><\/p>\r\n<p><b>Zalipie <\/b><br \/>\r\nL&#8217;unica &#8220;campagna dipinta&#8221; in Polonia. Attualmente in Zalipie ci sono circa 30 capanne con la ricchezza delle caratteristiche pittoriche sulle pareti delle case. <br \/>\r\nAccanto alle pareti di casa e ai fabbricati rurali nell\u2019azienda di Felicja Cury\u0142owa (la filiale del Museo Regionale di Tarn\u00f3w) possiamo ammirare le splendide decorazioni all\u2019intero delle capanne.<\/p>\r\n<p>Pi\u00f9 informazioni: <a href=\"http:\/\/zalipie.tarnow.travel\/\">http:\/\/zalipie.tarnow.travel\/<\/a><\/p>\r\n<p>Mappa di Villaggio Zalipie: <a href=\"http:\/\/zalipie.tarnow.travel\/mapa-zalipie\/\">http:\/\/zalipie.tarnow.travel\/mapa-zalipie\/<\/a><\/p>\r\n<p>Orari degli bus: <a href=\"http:\/\/www.plawecki.org\/s-tarnow-greboszow-bieniaszowice,4,12.html\">http:\/\/www.plawecki.org\/s-tarnow-greboszow-bieniaszowice,4,12.html<\/a><\/p>\r\n<p>&nbsp;<\/p>\r\n<p><b>L&#8217;agroturismo:<\/b><br \/>\r\nLa regione di Tarn\u00f3w offre circa 200 aziende agricole per trascorrere le vacanze per le intere famiglie. L&#8217;ospitalit\u00e0 , cucina tradizionale, l&#8217;alta qualit\u00e0 e i prezzi bassi attirano non soltanto polacchi da altre regioni, ma anche, il numero cresente degli stranieri che possono rillassarsi nella campagna di Tarn\u00f2w. Raccogliere i funghi, andare a pesca, l&#8217;equitazione o girare per i dintorni, \u00e8 l\u2019offerta estiva pi\u00f9 frequente dai proprietari. Invece in inverno dominano le gite in slitte e gli sci, sugli impianti sempre in miglioramento.<\/p>","protected":false},"excerpt":{"rendered":"La regione di Tarn\u00f3w \u00e8 piena di posti speciali che creano nel voivodato un fascino veramente eccezionale. Essi, immergendosi nella memoria, fanno s\u00ec che la gente torni qu\u00ec regolarmente. L\u2019affascinante [&hellip;]","protected":false},"author":1,"featured_media":0,"parent":10029,"menu_order":690,"comment_status":"closed","ping_status":"closed","template":"","meta":{"_acf_changed":false,"footnotes":""},"tags":[],"class_list":["post-10034","page","type-page","status-publish","hentry"],"acf":{"old_object_id":"6918","old_parent_id":"7067","old_url":"Attrazioni\/L-etnografia-e-il-folclore","intro_text":"<p><img loading=\"lazy\" decoding=\"async\" width=\"400\" height=\"300\" class=\"size-medium alignleft wp-image-21106\" src=\"http:\/\/www.it.tarnow.pl\/wp-content\/uploads\/2019\/02\/Zalipie-Malowana-Wies-4-400x300.jpg\" alt=\"\" srcset=\"https:\/\/www.it.tarnow.pl\/wp-content\/uploads\/2019\/02\/Zalipie-Malowana-Wies-4-400x300.jpg 400w, https:\/\/www.it.tarnow.pl\/wp-content\/uploads\/2019\/02\/Zalipie-Malowana-Wies-4-768x576.jpg 768w, https:\/\/www.it.tarnow.pl\/wp-content\/uploads\/2019\/02\/Zalipie-Malowana-Wies-4-650x488.jpg 650w, https:\/\/www.it.tarnow.pl\/wp-content\/uploads\/2019\/02\/Zalipie-Malowana-Wies-4-300x225.jpg 300w, https:\/\/www.it.tarnow.pl\/wp-content\/uploads\/2019\/02\/Zalipie-Malowana-Wies-4.jpg 1024w\" sizes=\"auto, (max-width: 400px) 100vw, 400px\" \/><\/p>\n<p>La regione di Tarn\u00f3w \u00e8 piena di posti speciali che creano nel voivodato un fascino veramente eccezionale. Essi, immergendosi nella memoria, fanno s\u00ec che la gente torni qu\u00ec regolarmente. L\u2019affascinante mondo dei costumi locali e la tradizione dell\u2019arte popolare che sta rinascendo, smettono di essere il campo degli anziani. Ogg\u00ec, i giovani facendo la fronte alla unificazione generale tramite il culto del patrimonio culturale dei suoi antenati, cercano la propria identit\u00e1 e individualit\u00e1.<\/p>\n","show_children":"1","class":"folder","type":"single","in_menu":true,"show_date":false,"map":"","old_id":"","rooms_info":"","top_column":"","left_column":"","right_column":"","bottom_column":"","skip_import":false,"_menu_related_id":"96419"},"yoast_head":"<!-- This site is optimized with the Yoast SEO Premium plugin v25.4 (Yoast SEO v25.4) - https:\/\/yoast.com\/wordpress\/plugins\/seo\/ -->\n<title>L&#039;etnografia e il folclore - Tarnowskie Centrum Informacji<\/title>\n<meta name=\"robots\" content=\"index, follow, max-snippet:-1, max-image-preview:large, max-video-preview:-1\" \/>\n<link rel=\"canonical\" href=\"https:\/\/www.it.tarnow.pl\/it\/attrazioni\/letnografia-e-il-folclore\/\" \/>\n<meta property=\"og:locale\" content=\"it_IT\" \/>\n<meta property=\"og:type\" content=\"article\" \/>\n<meta property=\"og:title\" content=\"L&#039;etnografia e il folclore\" \/>\n<meta property=\"og:description\" content=\"La regione di Tarn\u00f3w \u00e8 piena di posti speciali che creano nel voivodato un fascino veramente eccezionale. Essi, immergendosi nella memoria, fanno s\u00ec che la gente torni qu\u00ec regolarmente. L\u2019affascinante [&hellip;]\" \/>\n<meta property=\"og:url\" content=\"https:\/\/www.it.tarnow.pl\/it\/attrazioni\/letnografia-e-il-folclore\/\" \/>\n<meta property=\"og:site_name\" content=\"Tarnowskie Centrum Informacji\" \/>\n<meta property=\"article:modified_time\" content=\"2020-03-06T12:29:07+00:00\" \/>\n<meta property=\"og:image\" content=\"http:\/\/www.it.tarnow.pl\/wp-content\/uploads\/2019\/02\/Zalipie-Malowana-Wies-4-400x300.jpg\" \/>\n<meta name=\"twitter:card\" content=\"summary_large_image\" \/>\n<meta name=\"twitter:label1\" content=\"Tempo di lettura stimato\" \/>\n\t<meta name=\"twitter:data1\" content=\"2 minuti\" \/>\n<script type=\"application\/ld+json\" class=\"yoast-schema-graph\">{\"@context\":\"https:\/\/schema.org\",\"@graph\":[{\"@type\":\"WebPage\",\"@id\":\"https:\/\/www.it.tarnow.pl\/it\/attrazioni\/letnografia-e-il-folclore\/\",\"url\":\"https:\/\/www.it.tarnow.pl\/it\/attrazioni\/letnografia-e-il-folclore\/\",\"name\":\"L'etnografia e il folclore - Tarnowskie Centrum Informacji\",\"isPartOf\":{\"@id\":\"https:\/\/www.it.tarnow.pl\/#website\"},\"primaryImageOfPage\":{\"@id\":\"https:\/\/www.it.tarnow.pl\/it\/attrazioni\/letnografia-e-il-folclore\/#primaryimage\"},\"image\":{\"@id\":\"https:\/\/www.it.tarnow.pl\/it\/attrazioni\/letnografia-e-il-folclore\/#primaryimage\"},\"thumbnailUrl\":\"http:\/\/www.it.tarnow.pl\/wp-content\/uploads\/2019\/02\/Zalipie-Malowana-Wies-4-400x300.jpg\",\"datePublished\":\"2011-02-11T14:01:27+00:00\",\"dateModified\":\"2020-03-06T12:29:07+00:00\",\"breadcrumb\":{\"@id\":\"https:\/\/www.it.tarnow.pl\/it\/attrazioni\/letnografia-e-il-folclore\/#breadcrumb\"},\"inLanguage\":\"it-IT\",\"potentialAction\":[{\"@type\":\"ReadAction\",\"target\":[\"https:\/\/www.it.tarnow.pl\/it\/attrazioni\/letnografia-e-il-folclore\/\"]}]},{\"@type\":\"ImageObject\",\"inLanguage\":\"it-IT\",\"@id\":\"https:\/\/www.it.tarnow.pl\/it\/attrazioni\/letnografia-e-il-folclore\/#primaryimage\",\"url\":\"http:\/\/www.it.tarnow.pl\/wp-content\/uploads\/2019\/02\/Zalipie-Malowana-Wies-4-400x300.jpg\",\"contentUrl\":\"http:\/\/www.it.tarnow.pl\/wp-content\/uploads\/2019\/02\/Zalipie-Malowana-Wies-4-400x300.jpg\"},{\"@type\":\"BreadcrumbList\",\"@id\":\"https:\/\/www.it.tarnow.pl\/it\/attrazioni\/letnografia-e-il-folclore\/#breadcrumb\",\"itemListElement\":[{\"@type\":\"ListItem\",\"position\":1,\"name\":\"Pagina iniziale\",\"item\":\"https:\/\/www.it.tarnow.pl\/it\/\"},{\"@type\":\"ListItem\",\"position\":2,\"name\":\"Attrazioni\",\"item\":\"https:\/\/www.it.tarnow.pl\/it\/attrazioni\/\"},{\"@type\":\"ListItem\",\"position\":3,\"name\":\"L&#8217;etnografia e il folclore\"}]},{\"@type\":\"WebSite\",\"@id\":\"https:\/\/www.it.tarnow.pl\/#website\",\"url\":\"https:\/\/www.it.tarnow.pl\/\",\"name\":\"Tarnowskie Centrum Informacji\",\"description\":\"Informacja turystyczna o Tarnowie i regionie tarnowskim.\",\"potentialAction\":[{\"@type\":\"SearchAction\",\"target\":{\"@type\":\"EntryPoint\",\"urlTemplate\":\"https:\/\/www.it.tarnow.pl\/?s={search_term_string}\"},\"query-input\":{\"@type\":\"PropertyValueSpecification\",\"valueRequired\":true,\"valueName\":\"search_term_string\"}}],\"inLanguage\":\"it-IT\"}]}<\/script>\n<!-- \/ Yoast SEO Premium plugin. -->","yoast_head_json":{"title":"L'etnografia e il folclore - Tarnowskie Centrum Informacji","robots":{"index":"index","follow":"follow","max-snippet":"max-snippet:-1","max-image-preview":"max-image-preview:large","max-video-preview":"max-video-preview:-1"},"canonical":"https:\/\/www.it.tarnow.pl\/it\/attrazioni\/letnografia-e-il-folclore\/","og_locale":"it_IT","og_type":"article","og_title":"L'etnografia e il folclore","og_description":"La regione di Tarn\u00f3w \u00e8 piena di posti speciali che creano nel voivodato un fascino veramente eccezionale. Essi, immergendosi nella memoria, fanno s\u00ec che la gente torni qu\u00ec regolarmente. L\u2019affascinante [&hellip;]","og_url":"https:\/\/www.it.tarnow.pl\/it\/attrazioni\/letnografia-e-il-folclore\/","og_site_name":"Tarnowskie Centrum Informacji","article_modified_time":"2020-03-06T12:29:07+00:00","og_image":[{"url":"http:\/\/www.it.tarnow.pl\/wp-content\/uploads\/2019\/02\/Zalipie-Malowana-Wies-4-400x300.jpg","type":"","width":"","height":""}],"twitter_card":"summary_large_image","twitter_misc":{"Tempo di lettura stimato":"2 minuti"},"schema":{"@context":"https:\/\/schema.org","@graph":[{"@type":"WebPage","@id":"https:\/\/www.it.tarnow.pl\/it\/attrazioni\/letnografia-e-il-folclore\/","url":"https:\/\/www.it.tarnow.pl\/it\/attrazioni\/letnografia-e-il-folclore\/","name":"L'etnografia e il folclore - Tarnowskie Centrum Informacji","isPartOf":{"@id":"https:\/\/www.it.tarnow.pl\/#website"},"primaryImageOfPage":{"@id":"https:\/\/www.it.tarnow.pl\/it\/attrazioni\/letnografia-e-il-folclore\/#primaryimage"},"image":{"@id":"https:\/\/www.it.tarnow.pl\/it\/attrazioni\/letnografia-e-il-folclore\/#primaryimage"},"thumbnailUrl":"http:\/\/www.it.tarnow.pl\/wp-content\/uploads\/2019\/02\/Zalipie-Malowana-Wies-4-400x300.jpg","datePublished":"2011-02-11T14:01:27+00:00","dateModified":"2020-03-06T12:29:07+00:00","breadcrumb":{"@id":"https:\/\/www.it.tarnow.pl\/it\/attrazioni\/letnografia-e-il-folclore\/#breadcrumb"},"inLanguage":"it-IT","potentialAction":[{"@type":"ReadAction","target":["https:\/\/www.it.tarnow.pl\/it\/attrazioni\/letnografia-e-il-folclore\/"]}]},{"@type":"ImageObject","inLanguage":"it-IT","@id":"https:\/\/www.it.tarnow.pl\/it\/attrazioni\/letnografia-e-il-folclore\/#primaryimage","url":"http:\/\/www.it.tarnow.pl\/wp-content\/uploads\/2019\/02\/Zalipie-Malowana-Wies-4-400x300.jpg","contentUrl":"http:\/\/www.it.tarnow.pl\/wp-content\/uploads\/2019\/02\/Zalipie-Malowana-Wies-4-400x300.jpg"},{"@type":"BreadcrumbList","@id":"https:\/\/www.it.tarnow.pl\/it\/attrazioni\/letnografia-e-il-folclore\/#breadcrumb","itemListElement":[{"@type":"ListItem","position":1,"name":"Pagina iniziale","item":"https:\/\/www.it.tarnow.pl\/it\/"},{"@type":"ListItem","position":2,"name":"Attrazioni","item":"https:\/\/www.it.tarnow.pl\/it\/attrazioni\/"},{"@type":"ListItem","position":3,"name":"L&#8217;etnografia e il folclore"}]},{"@type":"WebSite","@id":"https:\/\/www.it.tarnow.pl\/#website","url":"https:\/\/www.it.tarnow.pl\/","name":"Tarnowskie Centrum Informacji","description":"Informacja turystyczna o Tarnowie i regionie tarnowskim.","potentialAction":[{"@type":"SearchAction","target":{"@type":"EntryPoint","urlTemplate":"https:\/\/www.it.tarnow.pl\/?s={search_term_string}"},"query-input":{"@type":"PropertyValueSpecification","valueRequired":true,"valueName":"search_term_string"}}],"inLanguage":"it-IT"}]}},"_links":{"self":[{"href":"https:\/\/www.it.tarnow.pl\/it\/wp-json\/wp\/v2\/pages\/10034","targetHints":{"allow":["GET"]}}],"collection":[{"href":"https:\/\/www.it.tarnow.pl\/it\/wp-json\/wp\/v2\/pages"}],"about":[{"href":"https:\/\/www.it.tarnow.pl\/it\/wp-json\/wp\/v2\/types\/page"}],"author":[{"embeddable":true,"href":"https:\/\/www.it.tarnow.pl\/it\/wp-json\/wp\/v2\/users\/1"}],"replies":[{"embeddable":true,"href":"https:\/\/www.it.tarnow.pl\/it\/wp-json\/wp\/v2\/comments?post=10034"}],"version-history":[{"count":0,"href":"https:\/\/www.it.tarnow.pl\/it\/wp-json\/wp\/v2\/pages\/10034\/revisions"}],"up":[{"embeddable":true,"href":"https:\/\/www.it.tarnow.pl\/it\/wp-json\/wp\/v2\/pages\/10029"}],"wp:attachment":[{"href":"https:\/\/www.it.tarnow.pl\/it\/wp-json\/wp\/v2\/media?parent=10034"}],"wp:term":[{"taxonomy":"post_tag","embeddable":true,"href":"https:\/\/www.it.tarnow.pl\/it\/wp-json\/wp\/v2\/tags?post=10034"}],"curies":[{"name":"wp","href":"https:\/\/api.w.org\/{rel}","templated":true}]}}