{"id":10033,"date":"2011-02-11T14:38:34","date_gmt":"2011-02-11T13:38:34","guid":{"rendered":"http:\/\/www.it.tarnow.pl\/larchitettura-sacrale-in-legno\/"},"modified":"2021-11-18T14:02:14","modified_gmt":"2021-11-18T13:02:14","slug":"larchitettura-sacrale-in-legno","status":"publish","type":"page","link":"https:\/\/www.it.tarnow.pl\/it\/attrazioni\/larchitettura-sacrale-in-legno\/","title":{"rendered":"L&#8217;architettura sacrale in legno"},"content":{"rendered":"<p><img loading=\"lazy\" decoding=\"async\" class=\" alignright wp-image-24497\" src=\"http:\/\/www.it.tarnow.pl\/wp-content\/uploads\/2019\/02\/Kosciol-pw.-sw.-Jana-Chrzciciela-w-Rzepienniku-Biskupim-2.jpg\" alt=\"\" width=\"550\" height=\"732\" srcset=\"https:\/\/www.it.tarnow.pl\/wp-content\/uploads\/2019\/02\/Kosciol-pw.-sw.-Jana-Chrzciciela-w-Rzepienniku-Biskupim-2.jpg 769w, https:\/\/www.it.tarnow.pl\/wp-content\/uploads\/2019\/02\/Kosciol-pw.-sw.-Jana-Chrzciciela-w-Rzepienniku-Biskupim-2-300x400.jpg 300w, https:\/\/www.it.tarnow.pl\/wp-content\/uploads\/2019\/02\/Kosciol-pw.-sw.-Jana-Chrzciciela-w-Rzepienniku-Biskupim-2-768x1023.jpg 768w, https:\/\/www.it.tarnow.pl\/wp-content\/uploads\/2019\/02\/Kosciol-pw.-sw.-Jana-Chrzciciela-w-Rzepienniku-Biskupim-2-488x650.jpg 488w, https:\/\/www.it.tarnow.pl\/wp-content\/uploads\/2019\/02\/Kosciol-pw.-sw.-Jana-Chrzciciela-w-Rzepienniku-Biskupim-2-225x300.jpg 225w\" sizes=\"auto, (max-width: 550px) 100vw, 550px\" \/><\/p>\r\n<p><a href=\"http:\/\/www.it.tarnow.pl\/en\/worth-seeing\/wooden-architecture\/#detour\"><b>\u00a0<\/b><\/a><\/p>\r\n<p>La gran ricchezza e l&#8217;attrazione dell&#8217;architettura di legno di Piccola Polonia \u00e8 innegabile.<br \/>\r\nLe casette di campagna, le osterie, le corti nobiliari e le chiese erano costruite in legno. <br \/>\r\nGli edifici pi\u00f9 vecchi fatti di legno provengono dal XV secolo. Gli esempi dell\u2019architettura sacrale presentano il pi\u00f9 numeroso gruppo di monumenti storici fatti in legno.<br \/>\r\nFino ai nostri tempi sono rimaste decine di chiese in legno( i pi\u00f9 bei simboli dell&#8217;attaccamento della religione e tradizione). I pi\u00f9 vecchi provengono dalla prima parte del XV secolo, i pi\u00f9 giovani dall&#8217;inizio del XX secolo. Soprattutto sono gli edifici costruiti con tecnica Blockbau , mononavate, coperte da alti tetti con le assicelle o con la lamiera.<br \/>\r\nLa maggior parte di essi possiede le torri ad ovest e i portici chiamati &#8220;saboty\u201d che proteggevano i pellegrini dalla pioggia.<\/p>\r\n<p>&nbsp;<\/p>\r\n<p><img loading=\"lazy\" decoding=\"async\" width=\"400\" height=\"300\" class=\"size-medium alignleft wp-image-25617\" src=\"http:\/\/www.it.tarnow.pl\/wp-content\/uploads\/2019\/02\/Lipnica-Murowana-Kosciol-p.w.-Sw.-Leonarda-1-400x300.jpg\" alt=\"\" srcset=\"https:\/\/www.it.tarnow.pl\/wp-content\/uploads\/2019\/02\/Lipnica-Murowana-Kosciol-p.w.-Sw.-Leonarda-1-400x300.jpg 400w, https:\/\/www.it.tarnow.pl\/wp-content\/uploads\/2019\/02\/Lipnica-Murowana-Kosciol-p.w.-Sw.-Leonarda-1-768x576.jpg 768w, https:\/\/www.it.tarnow.pl\/wp-content\/uploads\/2019\/02\/Lipnica-Murowana-Kosciol-p.w.-Sw.-Leonarda-1-650x488.jpg 650w, https:\/\/www.it.tarnow.pl\/wp-content\/uploads\/2019\/02\/Lipnica-Murowana-Kosciol-p.w.-Sw.-Leonarda-1-300x225.jpg 300w, https:\/\/www.it.tarnow.pl\/wp-content\/uploads\/2019\/02\/Lipnica-Murowana-Kosciol-p.w.-Sw.-Leonarda-1.jpg 1024w\" sizes=\"auto, (max-width: 400px) 100vw, 400px\" \/><\/p>\r\n<p>&nbsp;<\/p>\r\n<p>&nbsp;<\/p>\r\n<p><b>Lipnica Murowana<\/b><\/p>\r\n<p>\u00a0La chiesa di San Leonardo costruita alla fine del XV secolo; l\u2019interno decorato dagli affreschi preziosi dal XVI-XVIII secolo.<\/p>\r\n<p>\u00a0E\u0300 una delle chiese medievali conservate molto bene e per questo anche pi\u00f9 interessanti. Nel 2003 \u00e8 stata iscritta all\u2019elenco mondiale dell\u2019eredit\u00e0 culturale e naturale dell\u2019UNESCO.<\/p>\r\n<p>&nbsp;<\/p>\r\n<p>&nbsp;<\/p>\r\n<p>&nbsp;<\/p>\r\n<p>&nbsp;<\/p>\r\n<p><img loading=\"lazy\" decoding=\"async\" width=\"400\" height=\"300\" class=\"size-medium alignleft wp-image-21593\" src=\"http:\/\/www.it.tarnow.pl\/wp-content\/uploads\/2019\/02\/Zawada-Kosciol-p.w.-sw.-Marcina-1-400x300.jpg\" alt=\"\" srcset=\"https:\/\/www.it.tarnow.pl\/wp-content\/uploads\/2019\/02\/Zawada-Kosciol-p.w.-sw.-Marcina-1-400x300.jpg 400w, https:\/\/www.it.tarnow.pl\/wp-content\/uploads\/2019\/02\/Zawada-Kosciol-p.w.-sw.-Marcina-1-768x576.jpg 768w, https:\/\/www.it.tarnow.pl\/wp-content\/uploads\/2019\/02\/Zawada-Kosciol-p.w.-sw.-Marcina-1-650x488.jpg 650w, https:\/\/www.it.tarnow.pl\/wp-content\/uploads\/2019\/02\/Zawada-Kosciol-p.w.-sw.-Marcina-1-300x225.jpg 300w, https:\/\/www.it.tarnow.pl\/wp-content\/uploads\/2019\/02\/Zawada-Kosciol-p.w.-sw.-Marcina-1.jpg 1024w\" sizes=\"auto, (max-width: 400px) 100vw, 400px\" \/><\/p>\r\n<p><b>Tarn\u00f3w &#8211; Zawada<\/b><\/p>\r\n<p>\u00a0La chiesa di San Martino, costruita nel XV secolo, parecchie volte \u00e8 stata trasformata nel tardo gotico. Vale la pena di interessarsi ai portali gotici a ogiva e alle guarnizioni gotiche.<\/p>\r\n<p>&nbsp;<\/p>\r\n<p>&nbsp;<\/p>\r\n<p><img loading=\"lazy\" decoding=\"async\" width=\"400\" height=\"300\" class=\"size-medium alignright wp-image-21095\" src=\"http:\/\/www.it.tarnow.pl\/wp-content\/uploads\/2019\/02\/Skrzyszow-Kosciol-p.w.-sw.-Stanislawa-Biskupa-2-400x300.jpg\" alt=\"\" srcset=\"https:\/\/www.it.tarnow.pl\/wp-content\/uploads\/2019\/02\/Skrzyszow-Kosciol-p.w.-sw.-Stanislawa-Biskupa-2-400x300.jpg 400w, https:\/\/www.it.tarnow.pl\/wp-content\/uploads\/2019\/02\/Skrzyszow-Kosciol-p.w.-sw.-Stanislawa-Biskupa-2-768x576.jpg 768w, https:\/\/www.it.tarnow.pl\/wp-content\/uploads\/2019\/02\/Skrzyszow-Kosciol-p.w.-sw.-Stanislawa-Biskupa-2-650x488.jpg 650w, https:\/\/www.it.tarnow.pl\/wp-content\/uploads\/2019\/02\/Skrzyszow-Kosciol-p.w.-sw.-Stanislawa-Biskupa-2-300x225.jpg 300w, https:\/\/www.it.tarnow.pl\/wp-content\/uploads\/2019\/02\/Skrzyszow-Kosciol-p.w.-sw.-Stanislawa-Biskupa-2.jpg 1024w\" sizes=\"auto, (max-width: 400px) 100vw, 400px\" \/><\/p>\r\n<p><b>\u00a0 \u00a0 \u00a0 \u00a0 \u00a0 \u00a0 \u00a0 \u00a0 \u00a0 \u00a0 \u00a0 \u00a0 \u00a0 \u00a0 \u00a0 \u00a0 \u00a0 \u00a0 \u00a0 \u00a0 \u00a0 \u00a0 \u00a0 \u00a0 \u00a0 \u00a0 \u00a0 \u00a0 \u00a0<\/b><\/p>\r\n<p>&nbsp;<\/p>\r\n<p>&nbsp;<\/p>\r\n<p>&nbsp;<\/p>\r\n<p><b>Skrzysz\u00f3w<\/b><\/p>\r\n<p>\u00a0La Chiesa di San Stanislao \u00e8 stata costruita nel 1517 da Jan z Czchowa e fondata da Jan Amor Tarnowski, di cui ci informa la segnatura rimasta sul portale. \u00c8 la pi\u00f9 grande chiesa di legno e una delle pi\u00f9 belle nella Piccola Polonia. E la piu grande chiesa di legno e una delle piu belle nella Piccola Polonia.<\/p>\r\n<p>&nbsp;<\/p>\r\n<p>&nbsp;<\/p>\r\n<p>&nbsp;<\/p>\r\n<p><img loading=\"lazy\" decoding=\"async\" class=\" alignleft wp-image-24502\" src=\"http:\/\/www.it.tarnow.pl\/wp-content\/uploads\/2019\/02\/Jastrzebia-Kosciol-p.w.-sw.-Bartlomieja-Apostola-1.jpg\" alt=\"\" width=\"479\" height=\"639\" srcset=\"https:\/\/www.it.tarnow.pl\/wp-content\/uploads\/2019\/02\/Jastrzebia-Kosciol-p.w.-sw.-Bartlomieja-Apostola-1.jpg 768w, https:\/\/www.it.tarnow.pl\/wp-content\/uploads\/2019\/02\/Jastrzebia-Kosciol-p.w.-sw.-Bartlomieja-Apostola-1-300x400.jpg 300w, https:\/\/www.it.tarnow.pl\/wp-content\/uploads\/2019\/02\/Jastrzebia-Kosciol-p.w.-sw.-Bartlomieja-Apostola-1-488x650.jpg 488w, https:\/\/www.it.tarnow.pl\/wp-content\/uploads\/2019\/02\/Jastrzebia-Kosciol-p.w.-sw.-Bartlomieja-Apostola-1-225x300.jpg 225w\" sizes=\"auto, (max-width: 479px) 100vw, 479px\" \/><\/p>\r\n<p><b>Jastrz\u0119bia<\/b> (vicino a Ci\u0119\u017ckowice)<br \/>\r\nLa chiesa di San Bartolomeo Apostolo, costruita all&#8217;inizio del XVI secolo.<br \/>\r\nAll&#8217;interno possiamo ammirare gli altari del tardo-barocco, i quadri, le sculture e la fonte battesimale rinascimentale-barocco di pietra. Nel campanile \u00e8 rimasta la campana gotica del XV\/XVI secolo.<\/p>\r\n<p>&nbsp;<\/p>\r\n<p>&nbsp;<\/p>\r\n<p>&nbsp;<\/p>\r\n<p>&nbsp;<\/p>\r\n<p>&nbsp;<\/p>\r\n<p>&nbsp;<\/p>\r\n<p>&nbsp;<\/p>\r\n<p>&nbsp;<\/p>\r\n<p>&nbsp;<\/p>\r\n<p>&nbsp;<\/p>\r\n<p>&nbsp;<\/p>\r\n<p>&nbsp;<\/p>\r\n<p>&nbsp;<\/p>\r\n<p>&nbsp;<\/p>\r\n<p><img loading=\"lazy\" decoding=\"async\" class=\"wp-image-186933 size-medium alignright\" src=\"http:\/\/www.it.tarnow.pl\/wp-content\/uploads\/2020\/04\/Ko\u015bci\u00f3\u0142-NMP-przy-Burku-Tarn\u00f3w-2-267x400.jpg\" alt=\"\" width=\"267\" height=\"400\" \/><\/p>\r\n<p>&nbsp;<\/p>\r\n<p>&nbsp;<\/p>\r\n<p><b>Tarn\u00f3w<\/b> Il santuario della Maria Santissima a Burek-consacrata nel 1440. Costruita nello stile gotico. Nell\u2019altare principale \u00e8 situa to un quadro miracoloso di Maria con Ges\u00f9 Bambino, dal XVI secolo.<\/p>\r\n<p>&nbsp;<\/p>\r\n<p>&nbsp;<\/p>\r\n<p>&nbsp;<\/p>\r\n<p>&nbsp;<\/p>","protected":false},"excerpt":{"rendered":"\u00a0 La gran ricchezza e l&#8217;attrazione dell&#8217;architettura di legno di Piccola Polonia \u00e8 innegabile. Le casette di campagna, le osterie, le corti nobiliari e le chiese erano costruite in legno. [&hellip;]","protected":false},"author":1,"featured_media":0,"parent":10029,"menu_order":689,"comment_status":"closed","ping_status":"closed","template":"","meta":{"_acf_changed":false,"footnotes":""},"tags":[],"class_list":["post-10033","page","type-page","status-publish","hentry"],"acf":{"old_object_id":"6917","old_parent_id":"7067","old_url":"Attrazioni\/L-architettura-sacrale-in-legno","intro_text":"<p><img loading=\"lazy\" decoding=\"async\" width=\"400\" height=\"300\" class=\"size-medium alignleft wp-image-21095\" src=\"http:\/\/www.it.tarnow.pl\/wp-content\/uploads\/2019\/02\/Skrzyszow-Kosciol-p.w.-sw.-Stanislawa-Biskupa-2-400x300.jpg\" alt=\"\" srcset=\"https:\/\/www.it.tarnow.pl\/wp-content\/uploads\/2019\/02\/Skrzyszow-Kosciol-p.w.-sw.-Stanislawa-Biskupa-2-400x300.jpg 400w, https:\/\/www.it.tarnow.pl\/wp-content\/uploads\/2019\/02\/Skrzyszow-Kosciol-p.w.-sw.-Stanislawa-Biskupa-2-768x576.jpg 768w, https:\/\/www.it.tarnow.pl\/wp-content\/uploads\/2019\/02\/Skrzyszow-Kosciol-p.w.-sw.-Stanislawa-Biskupa-2-650x488.jpg 650w, https:\/\/www.it.tarnow.pl\/wp-content\/uploads\/2019\/02\/Skrzyszow-Kosciol-p.w.-sw.-Stanislawa-Biskupa-2-300x225.jpg 300w, https:\/\/www.it.tarnow.pl\/wp-content\/uploads\/2019\/02\/Skrzyszow-Kosciol-p.w.-sw.-Stanislawa-Biskupa-2.jpg 1024w\" sizes=\"auto, (max-width: 400px) 100vw, 400px\" \/><\/p>\n<p>La gran ricchezza e l&#8217;attrazione dell&#8217;architettura di legno di Piccola Polonia \u00e8 innegabile.<br \/>\nLe casette di campagna, le osterie, le corti nobiliari e le chiese erano costruite in legno. <br \/>\nGli edifici pi\u00f9 vecchi fatti di legno provengono dal XV secolo. Gli esempi dell\u2019architettura sacrale presentano il pi\u00f9 numeroso gruppo di monumenti storici fatti in legno.<br \/>\nFino ai nostri tempi sono rimaste decine di chiese in legno( i pi\u00f9 bei simboli dell&#8217;attaccamento della religione e tradizione).<\/p>\n","show_children":"1","class":"folder","type":"single","_menu_related_id":"96418","in_menu":true,"show_date":false,"map":"","old_id":"","top_column":"","left_column":"","right_column":"","bottom_column":"","skip_import":false,"rooms_info":""},"yoast_head":"<!-- This site is optimized with the Yoast SEO Premium plugin v25.4 (Yoast SEO v25.4) - https:\/\/yoast.com\/wordpress\/plugins\/seo\/ -->\n<title>L&#039;architettura sacrale in legno - Tarnowskie Centrum Informacji<\/title>\n<meta name=\"robots\" content=\"index, follow, max-snippet:-1, max-image-preview:large, max-video-preview:-1\" \/>\n<link rel=\"canonical\" href=\"https:\/\/www.it.tarnow.pl\/it\/attrazioni\/larchitettura-sacrale-in-legno\/\" \/>\n<meta property=\"og:locale\" content=\"it_IT\" \/>\n<meta property=\"og:type\" content=\"article\" \/>\n<meta property=\"og:title\" content=\"L&#039;architettura sacrale in legno\" \/>\n<meta property=\"og:description\" content=\"\u00a0 La gran ricchezza e l&#8217;attrazione dell&#8217;architettura di legno di Piccola Polonia \u00e8 innegabile. Le casette di campagna, le osterie, le corti nobiliari e le chiese erano costruite in legno. [&hellip;]\" \/>\n<meta property=\"og:url\" content=\"https:\/\/www.it.tarnow.pl\/it\/attrazioni\/larchitettura-sacrale-in-legno\/\" \/>\n<meta property=\"og:site_name\" content=\"Tarnowskie Centrum Informacji\" \/>\n<meta property=\"article:modified_time\" content=\"2021-11-18T13:02:14+00:00\" \/>\n<meta property=\"og:image\" content=\"http:\/\/www.it.tarnow.pl\/wp-content\/uploads\/2019\/02\/Kosciol-pw.-sw.-Jana-Chrzciciela-w-Rzepienniku-Biskupim-2.jpg\" \/>\n<meta name=\"twitter:card\" content=\"summary_large_image\" \/>\n<meta name=\"twitter:label1\" content=\"Tempo di lettura stimato\" \/>\n\t<meta name=\"twitter:data1\" content=\"2 minuti\" \/>\n<script type=\"application\/ld+json\" class=\"yoast-schema-graph\">{\"@context\":\"https:\/\/schema.org\",\"@graph\":[{\"@type\":\"WebPage\",\"@id\":\"https:\/\/www.it.tarnow.pl\/it\/attrazioni\/larchitettura-sacrale-in-legno\/\",\"url\":\"https:\/\/www.it.tarnow.pl\/it\/attrazioni\/larchitettura-sacrale-in-legno\/\",\"name\":\"L'architettura sacrale in legno - Tarnowskie Centrum Informacji\",\"isPartOf\":{\"@id\":\"https:\/\/www.it.tarnow.pl\/#website\"},\"primaryImageOfPage\":{\"@id\":\"https:\/\/www.it.tarnow.pl\/it\/attrazioni\/larchitettura-sacrale-in-legno\/#primaryimage\"},\"image\":{\"@id\":\"https:\/\/www.it.tarnow.pl\/it\/attrazioni\/larchitettura-sacrale-in-legno\/#primaryimage\"},\"thumbnailUrl\":\"http:\/\/www.it.tarnow.pl\/wp-content\/uploads\/2019\/02\/Kosciol-pw.-sw.-Jana-Chrzciciela-w-Rzepienniku-Biskupim-2.jpg\",\"datePublished\":\"2011-02-11T13:38:34+00:00\",\"dateModified\":\"2021-11-18T13:02:14+00:00\",\"breadcrumb\":{\"@id\":\"https:\/\/www.it.tarnow.pl\/it\/attrazioni\/larchitettura-sacrale-in-legno\/#breadcrumb\"},\"inLanguage\":\"it-IT\",\"potentialAction\":[{\"@type\":\"ReadAction\",\"target\":[\"https:\/\/www.it.tarnow.pl\/it\/attrazioni\/larchitettura-sacrale-in-legno\/\"]}]},{\"@type\":\"ImageObject\",\"inLanguage\":\"it-IT\",\"@id\":\"https:\/\/www.it.tarnow.pl\/it\/attrazioni\/larchitettura-sacrale-in-legno\/#primaryimage\",\"url\":\"http:\/\/www.it.tarnow.pl\/wp-content\/uploads\/2019\/02\/Kosciol-pw.-sw.-Jana-Chrzciciela-w-Rzepienniku-Biskupim-2.jpg\",\"contentUrl\":\"http:\/\/www.it.tarnow.pl\/wp-content\/uploads\/2019\/02\/Kosciol-pw.-sw.-Jana-Chrzciciela-w-Rzepienniku-Biskupim-2.jpg\"},{\"@type\":\"BreadcrumbList\",\"@id\":\"https:\/\/www.it.tarnow.pl\/it\/attrazioni\/larchitettura-sacrale-in-legno\/#breadcrumb\",\"itemListElement\":[{\"@type\":\"ListItem\",\"position\":1,\"name\":\"Pagina iniziale\",\"item\":\"https:\/\/www.it.tarnow.pl\/it\/\"},{\"@type\":\"ListItem\",\"position\":2,\"name\":\"Attrazioni\",\"item\":\"https:\/\/www.it.tarnow.pl\/it\/attrazioni\/\"},{\"@type\":\"ListItem\",\"position\":3,\"name\":\"L&#8217;architettura sacrale in legno\"}]},{\"@type\":\"WebSite\",\"@id\":\"https:\/\/www.it.tarnow.pl\/#website\",\"url\":\"https:\/\/www.it.tarnow.pl\/\",\"name\":\"Tarnowskie Centrum Informacji\",\"description\":\"Informacja turystyczna o Tarnowie i regionie tarnowskim.\",\"potentialAction\":[{\"@type\":\"SearchAction\",\"target\":{\"@type\":\"EntryPoint\",\"urlTemplate\":\"https:\/\/www.it.tarnow.pl\/?s={search_term_string}\"},\"query-input\":{\"@type\":\"PropertyValueSpecification\",\"valueRequired\":true,\"valueName\":\"search_term_string\"}}],\"inLanguage\":\"it-IT\"}]}<\/script>\n<!-- \/ Yoast SEO Premium plugin. -->","yoast_head_json":{"title":"L'architettura sacrale in legno - Tarnowskie Centrum Informacji","robots":{"index":"index","follow":"follow","max-snippet":"max-snippet:-1","max-image-preview":"max-image-preview:large","max-video-preview":"max-video-preview:-1"},"canonical":"https:\/\/www.it.tarnow.pl\/it\/attrazioni\/larchitettura-sacrale-in-legno\/","og_locale":"it_IT","og_type":"article","og_title":"L'architettura sacrale in legno","og_description":"\u00a0 La gran ricchezza e l&#8217;attrazione dell&#8217;architettura di legno di Piccola Polonia \u00e8 innegabile. Le casette di campagna, le osterie, le corti nobiliari e le chiese erano costruite in legno. [&hellip;]","og_url":"https:\/\/www.it.tarnow.pl\/it\/attrazioni\/larchitettura-sacrale-in-legno\/","og_site_name":"Tarnowskie Centrum Informacji","article_modified_time":"2021-11-18T13:02:14+00:00","og_image":[{"url":"http:\/\/www.it.tarnow.pl\/wp-content\/uploads\/2019\/02\/Kosciol-pw.-sw.-Jana-Chrzciciela-w-Rzepienniku-Biskupim-2.jpg","type":"","width":"","height":""}],"twitter_card":"summary_large_image","twitter_misc":{"Tempo di lettura stimato":"2 minuti"},"schema":{"@context":"https:\/\/schema.org","@graph":[{"@type":"WebPage","@id":"https:\/\/www.it.tarnow.pl\/it\/attrazioni\/larchitettura-sacrale-in-legno\/","url":"https:\/\/www.it.tarnow.pl\/it\/attrazioni\/larchitettura-sacrale-in-legno\/","name":"L'architettura sacrale in legno - Tarnowskie Centrum Informacji","isPartOf":{"@id":"https:\/\/www.it.tarnow.pl\/#website"},"primaryImageOfPage":{"@id":"https:\/\/www.it.tarnow.pl\/it\/attrazioni\/larchitettura-sacrale-in-legno\/#primaryimage"},"image":{"@id":"https:\/\/www.it.tarnow.pl\/it\/attrazioni\/larchitettura-sacrale-in-legno\/#primaryimage"},"thumbnailUrl":"http:\/\/www.it.tarnow.pl\/wp-content\/uploads\/2019\/02\/Kosciol-pw.-sw.-Jana-Chrzciciela-w-Rzepienniku-Biskupim-2.jpg","datePublished":"2011-02-11T13:38:34+00:00","dateModified":"2021-11-18T13:02:14+00:00","breadcrumb":{"@id":"https:\/\/www.it.tarnow.pl\/it\/attrazioni\/larchitettura-sacrale-in-legno\/#breadcrumb"},"inLanguage":"it-IT","potentialAction":[{"@type":"ReadAction","target":["https:\/\/www.it.tarnow.pl\/it\/attrazioni\/larchitettura-sacrale-in-legno\/"]}]},{"@type":"ImageObject","inLanguage":"it-IT","@id":"https:\/\/www.it.tarnow.pl\/it\/attrazioni\/larchitettura-sacrale-in-legno\/#primaryimage","url":"http:\/\/www.it.tarnow.pl\/wp-content\/uploads\/2019\/02\/Kosciol-pw.-sw.-Jana-Chrzciciela-w-Rzepienniku-Biskupim-2.jpg","contentUrl":"http:\/\/www.it.tarnow.pl\/wp-content\/uploads\/2019\/02\/Kosciol-pw.-sw.-Jana-Chrzciciela-w-Rzepienniku-Biskupim-2.jpg"},{"@type":"BreadcrumbList","@id":"https:\/\/www.it.tarnow.pl\/it\/attrazioni\/larchitettura-sacrale-in-legno\/#breadcrumb","itemListElement":[{"@type":"ListItem","position":1,"name":"Pagina iniziale","item":"https:\/\/www.it.tarnow.pl\/it\/"},{"@type":"ListItem","position":2,"name":"Attrazioni","item":"https:\/\/www.it.tarnow.pl\/it\/attrazioni\/"},{"@type":"ListItem","position":3,"name":"L&#8217;architettura sacrale in legno"}]},{"@type":"WebSite","@id":"https:\/\/www.it.tarnow.pl\/#website","url":"https:\/\/www.it.tarnow.pl\/","name":"Tarnowskie Centrum Informacji","description":"Informacja turystyczna o Tarnowie i regionie tarnowskim.","potentialAction":[{"@type":"SearchAction","target":{"@type":"EntryPoint","urlTemplate":"https:\/\/www.it.tarnow.pl\/?s={search_term_string}"},"query-input":{"@type":"PropertyValueSpecification","valueRequired":true,"valueName":"search_term_string"}}],"inLanguage":"it-IT"}]}},"_links":{"self":[{"href":"https:\/\/www.it.tarnow.pl\/it\/wp-json\/wp\/v2\/pages\/10033","targetHints":{"allow":["GET"]}}],"collection":[{"href":"https:\/\/www.it.tarnow.pl\/it\/wp-json\/wp\/v2\/pages"}],"about":[{"href":"https:\/\/www.it.tarnow.pl\/it\/wp-json\/wp\/v2\/types\/page"}],"author":[{"embeddable":true,"href":"https:\/\/www.it.tarnow.pl\/it\/wp-json\/wp\/v2\/users\/1"}],"replies":[{"embeddable":true,"href":"https:\/\/www.it.tarnow.pl\/it\/wp-json\/wp\/v2\/comments?post=10033"}],"version-history":[{"count":0,"href":"https:\/\/www.it.tarnow.pl\/it\/wp-json\/wp\/v2\/pages\/10033\/revisions"}],"up":[{"embeddable":true,"href":"https:\/\/www.it.tarnow.pl\/it\/wp-json\/wp\/v2\/pages\/10029"}],"wp:attachment":[{"href":"https:\/\/www.it.tarnow.pl\/it\/wp-json\/wp\/v2\/media?parent=10033"}],"wp:term":[{"taxonomy":"post_tag","embeddable":true,"href":"https:\/\/www.it.tarnow.pl\/it\/wp-json\/wp\/v2\/tags?post=10033"}],"curies":[{"name":"wp","href":"https:\/\/api.w.org\/{rel}","templated":true}]}}