{"id":10032,"date":"2010-09-13T11:45:01","date_gmt":"2010-09-13T09:45:01","guid":{"rendered":"http:\/\/www.it.tarnow.pl\/tarnow-13\/"},"modified":"2021-11-18T13:58:29","modified_gmt":"2021-11-18T12:58:29","slug":"tarnow-13","status":"publish","type":"page","link":"https:\/\/www.it.tarnow.pl\/it\/attrazioni\/tarnow-13\/","title":{"rendered":"Tarn\u00f3w"},"content":{"rendered":"<p><img loading=\"lazy\" decoding=\"async\" class=\"wp-image-205347 size-medium alignright\" src=\"http:\/\/www.it.tarnow.pl\/wp-content\/uploads\/2021\/06\/Tarn\u00f3w-Rynek-1-400x267.jpg\" alt=\"\" width=\"400\" height=\"267\" \/><\/p>\r\n<p><b>Sulle tracce del Rinascimento di Tarn\u00f3w<\/b><\/p>\r\n<p>&#8220;La perla del rinascimento&#8221;, cos\u00ec chiamano la Citta\u0301 Vecchia di Tarn\u00f3w i pi\u00f9 noti storici dell&#8217;arte in Polonia. Nel rinascimento Tarn\u00f3w era una delle pi\u00f9 belle citta\u0301 in Polonia.<br \/>\r\nLa maestosa chiesa parrocchiale, il magnifico Municipio, le affascinanti policromie sui muri esterni delle case con architettura molto interessante , creavano un fascino eccezionale.<\/p>\r\n<p><img loading=\"lazy\" decoding=\"async\" width=\"400\" height=\"300\" class=\"size-medium alignright wp-image-21158\" src=\"http:\/\/www.it.tarnow.pl\/wp-content\/uploads\/2019\/02\/TARNOW-Muzeum-Diecezjalne-400x300.jpg\" alt=\"\" srcset=\"https:\/\/www.it.tarnow.pl\/wp-content\/uploads\/2019\/02\/TARNOW-Muzeum-Diecezjalne-400x300.jpg 400w, https:\/\/www.it.tarnow.pl\/wp-content\/uploads\/2019\/02\/TARNOW-Muzeum-Diecezjalne-768x576.jpg 768w, https:\/\/www.it.tarnow.pl\/wp-content\/uploads\/2019\/02\/TARNOW-Muzeum-Diecezjalne-650x488.jpg 650w, https:\/\/www.it.tarnow.pl\/wp-content\/uploads\/2019\/02\/TARNOW-Muzeum-Diecezjalne-300x225.jpg 300w, https:\/\/www.it.tarnow.pl\/wp-content\/uploads\/2019\/02\/TARNOW-Muzeum-Diecezjalne.jpg 1024w\" sizes=\"auto, (max-width: 400px) 100vw, 400px\" \/><\/p>\r\n<p>All&#8217; inizio del XVI secolo Tarn\u00f3w aveva circa 1200 abitanti. La citta \uf009 possedeva la cinta di fortificazione, le condutture d\u2019acqua e la fognatura. I cittadini nobili si occupavano dell&#8217;artigianato e del commercio. In quell\u2019epoca il proprietario di Tarn\u00f3w era un uomo colto, grande etmano della corona-Jan Tarnowski.<\/p>\r\n<p>La residenza in cui abitava per via di eredit\u00e0 fu costruita sulla montagna di s.Martino distante dalla citt\u00e0 circa 2 km da Tarn\u00f3w. Negli anni 20 del XVI secolo Tarn\u00f3w fu circondata dalle nuove fortificazioni, ricostruite dopo gli anni 60 dell&#8217;ultimo secolo, visibili fin d&#8217;oggi. Passeggiando lungo le vie di Tarn\u00f3w possiamo ammirare gli eccezionali casamenti rinascimentali nella Piazza del Mercato, la Casa della famiglia Miko\u0142ajowski, il Municipio, i monumenti funebri nella Basilica della Cattedrale ed anche i magnifici resti dominanti della citta\u0301-i resti del famoso castello della famiglia Tarnowski.<\/p>\r\n<p>&nbsp;<\/p>\r\n<p><img loading=\"lazy\" decoding=\"async\" width=\"637\" height=\"326\" class=\"size-original aligncenter wp-image-21253\" src=\"http:\/\/www.it.tarnow.pl\/wp-content\/uploads\/2019\/02\/IMG_1294_www.jpg\" alt=\"\" srcset=\"https:\/\/www.it.tarnow.pl\/wp-content\/uploads\/2019\/02\/IMG_1294_www.jpg 637w, https:\/\/www.it.tarnow.pl\/wp-content\/uploads\/2019\/02\/IMG_1294_www-400x205.jpg 400w, https:\/\/www.it.tarnow.pl\/wp-content\/uploads\/2019\/02\/IMG_1294_www-300x154.jpg 300w\" sizes=\"auto, (max-width: 637px) 100vw, 637px\" \/><\/p>\r\n<p>&nbsp;<\/p>\r\n<p><img loading=\"lazy\" decoding=\"async\" class=\"wp-image-205331 size-medium alignright\" src=\"http:\/\/www.it.tarnow.pl\/wp-content\/uploads\/2021\/06\/Tarn\u00f3w-Mauzoleum-gen.-J.-Bema-1-400x267.jpg\" alt=\"\" width=\"400\" height=\"267\" \/><\/p>\r\n<p><b>Sulle tracce dell&#8217;eroe della Polonia e Ungheria-Generale J\u00f3zef Bem<\/b><br \/>\r\n<br \/>\r\nIl generale J\u00f3zef Bem, l&#8217;eroe nazionale della Polonia e dell\u2019Ungheria, nacque a Tarn\u00f3w, in una casa periferica chiamata Burek (il nome deriva dal selciato che copriva la piazza commerciale funzionante fino ad oggi).Nel libro parrocchiale della cattedrale di Tarn\u00f3w si trova attestato di battesimo del generale J\u00f3zef Bem e la data di nascit\u00e1 -14 marzo 1794.<br \/>\r\n<br \/>\r\nSull&#8217;itinerario delle visite c&#8217;e\u0300 anche il Municipio di Tarn\u00f3w con una esposizione riguardante il generale: i ricordi connessi con il generale J\u00f3zef Bem- con la sua vita e carriera militare durante l&#8217;insurrezione del novembre del 1830, l&#8217;emigrazione verso la Francia, la vita in Ungheria durante la Primavera dei Popoli nel 1848 dove comandava le armi transilvaniche anche durante l&#8217;emigrazione in Turchia dove mor\u00ec in Aleppo (Syria) nel 10 dicembre 1850.<br \/>\r\n<br \/>\r\nNel 1929 le ceneri del generale J\u00f3zef Bem sono state riportate in Polonia ovvero la sua citt\u00e1 natale Tarn\u00f3w . Sono state poste nel magnifico mausoleo nel Parco Comunale(Parco Strzelecki).<br \/>\r\nVale la pena di fermarsi davanti al monumento del generale in via Wa\u0142owa-il principale punto degli itinerari turistici degli ungheresi ed anche alla Porta Seklerska (Brama Seklerska) in piazza Pet\u00f6fi oltre la porta di Stary S\u0105cz, la seconda di quel tipo in Polonia.<\/p>\r\n<p>Bisogna aggiungere che nella collezione di Museo Regionale di Tarn\u00f3w si trovano anche i frammenti di <a href=\"5945\">&#8220;Panorama transilvanico&#8221; (Ponorama Siedmiogrodzka)<\/a> dipinto con l\u2019ordine degli ungheresi da Jan Styka nell&#8217;1897. Il dipinto,lungo 120 metri e alto 15 metri, e\u0300 stato tagliato in frammenti. Alcuni di questi frammenti sono conservati nel museo di Tarn\u00f3w (24 frammenti), insieme con il pi\u00fa grande pezzo(3.85\u04453.28m) raffigurante le retrovie delle armi ungheresi nella battaglia per Sybin del 11 marzo 1849 nella quale il generale J\u00f3zef Bem fu nominato comandante.<\/p>\r\n<p>&nbsp;<\/p>\r\n<p><img loading=\"lazy\" decoding=\"async\" class=\"wp-image-186589 size-medium alignright\" src=\"http:\/\/www.it.tarnow.pl\/wp-content\/uploads\/2020\/04\/Bima-Tarn\u00f3w-8-400x267.jpg\" alt=\"\" width=\"400\" height=\"267\" \/><\/p>\r\n<p><b>Sulle tracce degli Ebrei di Tarn\u00f3w<\/b><br \/>\r\n<br \/>\r\nNel 1939 Tarn\u00f3w aveva 56.000 abitanti di cui circa 25.000 erano ebrei (40% degli abitanti della citt\u00e1) e riguardando il numero degli abitanti ebrei Tarn\u00f3w era la quarta delle citt\u00e1 in vecchia Galizia (dopo L\u2019viv,Cracovia ed Ivano-Frankovsk) invece sotto la percentuale degli ebrei era la prima. A Tarn\u00f3w si trovano tanti monumenti storici riguardanti gli ebrei. Prima della guerra gli ebrei abitavano sopratutto la parte ovest della citt\u00e1.<br \/>\r\n<br \/>\r\n<\/p>\r\n<p><img loading=\"lazy\" decoding=\"async\" width=\"400\" height=\"300\" class=\"size-medium alignright wp-image-21386\" src=\"http:\/\/www.it.tarnow.pl\/wp-content\/uploads\/2019\/02\/TARNOW-Cmentarz-zydowski-01-400x300.jpg\" alt=\"\" srcset=\"https:\/\/www.it.tarnow.pl\/wp-content\/uploads\/2019\/02\/TARNOW-Cmentarz-zydowski-01-400x300.jpg 400w, https:\/\/www.it.tarnow.pl\/wp-content\/uploads\/2019\/02\/TARNOW-Cmentarz-zydowski-01-768x576.jpg 768w, https:\/\/www.it.tarnow.pl\/wp-content\/uploads\/2019\/02\/TARNOW-Cmentarz-zydowski-01-650x488.jpg 650w, https:\/\/www.it.tarnow.pl\/wp-content\/uploads\/2019\/02\/TARNOW-Cmentarz-zydowski-01-300x225.jpg 300w, https:\/\/www.it.tarnow.pl\/wp-content\/uploads\/2019\/02\/TARNOW-Cmentarz-zydowski-01.jpg 1024w\" sizes=\"auto, (max-width: 400px) 100vw, 400px\" \/><\/p>\r\n<p>Vale la pena fare una passeggiata lungo la via \u017bydowska che comincia dalla Piazza del Mercato verso ovest ed insieme alla parallela via Wekslarska costituiscono il quartiere pi\u00f9 vecchio. In quel luogo nel passato abitavano gli ebrei.Tra l\u201911 e il 19 giugno 1942 la via \u017bydowska \u00e8 stata testimone dell\u2019uccisione di quasi 3000 ebrei da parte dei nazisti nella Piazza del Mercato. Invece nella via Goldhamera si sono conservati gli edifici in cui si trovavano le importanti istituzioni ebree come la societ\u00e0 del credito, l&#8217;albergo pi\u00f9 famoso della citt\u00e0, la sede della comunit\u00e0 religiosa e la casa della preghiera. Sulla facciata di un edificio si possono ammirare ogg\u00ed le iscrizioni nella lingua yidish e polacca che pubblicizzavano i piatti del ristorante.<br \/>\r\n<br \/>\r\nA Tarn\u00f3w dobbiamo visitare anche Mykwa, il mulino di Szancer ( il primo mulino a vapore del semolino in Galizia, attualmente trasformato in un centro di arte contemporanea e di tecnica multimediale:&#8221;Il Mulino dell\u2019arte&#8221; ), Bima, i resti della prima sinagoga, che era stata fondata nel 1661, ed uno dei pi\u00fa vecchi cimiteri ebrei della Polonia del Sud, che era stato fondato nel XVI secolo( la prima informazione dell\u2019 origine del cimitero proviene dal 1581), con la superficie di 3.20 ha che contiene circa 6.000 tombe.<\/p>\r\n<p>&nbsp;<\/p>\r\n<p><img loading=\"lazy\" decoding=\"async\" width=\"219\" height=\"300\" class=\"size-medium alignright wp-image-35663\" src=\"http:\/\/www.it.tarnow.pl\/wp-content\/uploads\/2019\/02\/Szczepanik_portrait_m-219x300.jpg\" alt=\"\" srcset=\"https:\/\/www.it.tarnow.pl\/wp-content\/uploads\/2019\/02\/Szczepanik_portrait_m-219x300.jpg 219w, https:\/\/www.it.tarnow.pl\/wp-content\/uploads\/2019\/02\/Szczepanik_portrait_m.jpg 640w\" sizes=\"auto, (max-width: 219px) 100vw, 219px\" \/><\/p>\r\n<p><b>Sulle tracce di Edison polacco-Jan Szczepanik<\/b><\/p>\r\n<p>Tarn\u00f3w \u00e8 legato con uno dei pi\u00f9 famosi inventori polacchi-Jan Szczepanik.<\/p>\r\n<p>Il pioniere della fotografia a colori, della televisione e dei film a colori, era il precursore dell\u2019industria moderna manifatturiera, insieme al giubbotto antiproiettile.<\/p>\r\n<p>Nacque nel 13.06.1872 nella terra di Przemy\u015bl, legato dagli affari a Berlino e Dresda, mor\u00ec l\u2019 08.11.1926 ed \u00e8 stato sepolto a Tarn\u00f3w. Attraversando Tarn\u00f3w vale la pena di fermarsi davanti al casamento in via Chopin 11 ( la casa della famiglia) e in via Sowi\u0144ski 11 (per parecchi anni l\u2019inventore svolgeva con successo delle ricerche per le fotografie a colori e le diapositive ). Nel Museo Regionale di Tarn\u00f3w, nella collezione &#8220;Apoteosi&#8221;, possiamo ammirare il pi\u00fa grande gobelin fatto col metodo Szczepanik all&#8217;occasione del 50\u00b0 anniversario del regno dell&#8217;imperatore Francesco Giuseppe I . Nella pi\u00f9 vecchia necropoli di Tarn\u00f3w circa dal 1790 , chiamata Vecchio Cimitero a Zab\u0142ocie, si trova la tomba dell&#8217;inventore insieme alle tombe della famiglia Dzikowski e Szczepanik. La memoria di Jan Szczepanik e\u0300 stata celebrata costruendo la sua statua, l\u2019unica in Polonia , sulla Piazza Szczepanik vicino la scuola in cui si trova la stanza dedicatagli con gli oggetti rimasti dopo l\u2019Edison polacco.<\/p>","protected":false},"excerpt":{"rendered":"Sulle tracce del Rinascimento di Tarn\u00f3w &#8220;La perla del rinascimento&#8221;, cos\u00ec chiamano la Citta\u0301 Vecchia di Tarn\u00f3w i pi\u00f9 noti storici dell&#8217;arte in Polonia. Nel rinascimento Tarn\u00f3w era una delle [&hellip;]","protected":false},"author":1,"featured_media":0,"parent":10029,"menu_order":809,"comment_status":"closed","ping_status":"closed","template":"","meta":{"_acf_changed":false,"footnotes":""},"tags":[],"class_list":["post-10032","page","type-page","status-publish","hentry"],"acf":{"old_object_id":"5951","old_parent_id":"7067","old_url":"Attrazioni\/Tarnow","intro_text":"<p><img loading=\"lazy\" decoding=\"async\" class=\"alignleft wp-image-205347 size-medium\" src=\"http:\/\/www.it.tarnow.pl\/wp-content\/uploads\/2021\/06\/Tarn\u00f3w-Rynek-1-400x267.jpg\" alt=\"\" width=\"400\" height=\"267\" \/><\/p>\n<p><b>Sulle tracce del Rinascimento di Tarn\u00f3w<\/b><\/p>\n<p>&#8220;La perla del rinascimento&#8221;, cos\u00ec chiamano la Citta\u0301 Vecchia di Tarn\u00f3w i pi\u00f9 noti storici dell&#8217;arte in Polonia. Nel rinascimento Tarn\u00f3w era una delle pi\u00f9 belle citta\u0301 in Polonia.<br \/>\nLa maestosa chiesa parrocchiale, il magnifico Municipio, le affascinanti policromie sui muri esterni delle case con architettura molto interessante , creavano un fascino eccezionale.<\/p>\n<p><b>Sulle tracce dell&#8217;eroe della Polonia e Ungheria-Generale J\u00f3zef Bem<\/b><\/p>\n<p>Il generale J\u00f3zef Bem, l&#8217;eroe nazionale della Polonia e dell\u2019Ungheria, nacque a Tarn\u00f3w, in una casa periferica chiamata Burek( il nome deriva dal selciato che copriva la piazza commerciale funzionante fino ad oggi).Nel libro parrocchiale della cattedrale di Tarn\u00f3w si trova attestato di battesimo del generale J\u00f3zef Bem e la data di nascit\u00e1 -14 marzo 1794.<\/p>\n<p><b>Sulle tracce degli Ebrei di Tarn\u00f3w<\/b><\/p>\n<p>Nel 1939 Tarn\u00f3w aveva 56.000 abitanti di cui circa 25.000 erano ebrei (40% degli abitanti della citt\u00e1) e riguardando il numero degli abitanti ebrei Tarn\u00f3w era la quarta delle citt\u00e1 in vecchia Galizia (dopo L\u2019viv,Cracovia ed Ivano-Frankovsk) invece sotto la percentuale degli ebrei era la prima. A Tarn\u00f3w si trovano tanti monumenti storici riguardanti gli ebrei. Prima della guerra gli ebrei abitavano sopratutto la parte ovest della citt\u00e1.<\/p>\n","show_children":"1","class":"folder","type":"single","in_menu":true,"map":"","old_id":"","top_column":"","left_column":"","right_column":"","bottom_column":"","skip_import":true,"_menu_related_id":"96425","show_date":false,"rooms_info":""},"yoast_head":"<!-- This site is optimized with the Yoast SEO Premium plugin v25.4 (Yoast SEO v25.4) - https:\/\/yoast.com\/wordpress\/plugins\/seo\/ -->\n<title>Tarn\u00f3w - Tarnowskie Centrum Informacji<\/title>\n<meta name=\"robots\" content=\"index, follow, max-snippet:-1, max-image-preview:large, max-video-preview:-1\" \/>\n<link rel=\"canonical\" href=\"https:\/\/www.it.tarnow.pl\/it\/attrazioni\/tarnow-13\/\" \/>\n<meta property=\"og:locale\" content=\"it_IT\" \/>\n<meta property=\"og:type\" content=\"article\" \/>\n<meta property=\"og:title\" content=\"Tarn\u00f3w\" \/>\n<meta property=\"og:description\" content=\"Sulle tracce del Rinascimento di Tarn\u00f3w &#8220;La perla del rinascimento&#8221;, cos\u00ec chiamano la Citta\u0301 Vecchia di Tarn\u00f3w i pi\u00f9 noti storici dell&#8217;arte in Polonia. Nel rinascimento Tarn\u00f3w era una delle [&hellip;]\" \/>\n<meta property=\"og:url\" content=\"https:\/\/www.it.tarnow.pl\/it\/attrazioni\/tarnow-13\/\" \/>\n<meta property=\"og:site_name\" content=\"Tarnowskie Centrum Informacji\" \/>\n<meta property=\"article:modified_time\" content=\"2021-11-18T12:58:29+00:00\" \/>\n<meta property=\"og:image\" content=\"http:\/\/www.it.tarnow.pl\/wp-content\/uploads\/2019\/02\/TARNOW-Muzeum-Diecezjalne-400x300.jpg\" \/>\n<meta name=\"twitter:card\" content=\"summary_large_image\" \/>\n<meta name=\"twitter:label1\" content=\"Tempo di lettura stimato\" \/>\n\t<meta name=\"twitter:data1\" content=\"5 minuti\" \/>\n<script type=\"application\/ld+json\" class=\"yoast-schema-graph\">{\"@context\":\"https:\/\/schema.org\",\"@graph\":[{\"@type\":\"WebPage\",\"@id\":\"https:\/\/www.it.tarnow.pl\/it\/attrazioni\/tarnow-13\/\",\"url\":\"https:\/\/www.it.tarnow.pl\/it\/attrazioni\/tarnow-13\/\",\"name\":\"Tarn\u00f3w - Tarnowskie Centrum Informacji\",\"isPartOf\":{\"@id\":\"https:\/\/www.it.tarnow.pl\/#website\"},\"primaryImageOfPage\":{\"@id\":\"https:\/\/www.it.tarnow.pl\/it\/attrazioni\/tarnow-13\/#primaryimage\"},\"image\":{\"@id\":\"https:\/\/www.it.tarnow.pl\/it\/attrazioni\/tarnow-13\/#primaryimage\"},\"thumbnailUrl\":\"http:\/\/www.it.tarnow.pl\/wp-content\/uploads\/2019\/02\/TARNOW-Muzeum-Diecezjalne-400x300.jpg\",\"datePublished\":\"2010-09-13T09:45:01+00:00\",\"dateModified\":\"2021-11-18T12:58:29+00:00\",\"breadcrumb\":{\"@id\":\"https:\/\/www.it.tarnow.pl\/it\/attrazioni\/tarnow-13\/#breadcrumb\"},\"inLanguage\":\"it-IT\",\"potentialAction\":[{\"@type\":\"ReadAction\",\"target\":[\"https:\/\/www.it.tarnow.pl\/it\/attrazioni\/tarnow-13\/\"]}]},{\"@type\":\"ImageObject\",\"inLanguage\":\"it-IT\",\"@id\":\"https:\/\/www.it.tarnow.pl\/it\/attrazioni\/tarnow-13\/#primaryimage\",\"url\":\"http:\/\/www.it.tarnow.pl\/wp-content\/uploads\/2019\/02\/TARNOW-Muzeum-Diecezjalne-400x300.jpg\",\"contentUrl\":\"http:\/\/www.it.tarnow.pl\/wp-content\/uploads\/2019\/02\/TARNOW-Muzeum-Diecezjalne-400x300.jpg\"},{\"@type\":\"BreadcrumbList\",\"@id\":\"https:\/\/www.it.tarnow.pl\/it\/attrazioni\/tarnow-13\/#breadcrumb\",\"itemListElement\":[{\"@type\":\"ListItem\",\"position\":1,\"name\":\"Pagina iniziale\",\"item\":\"https:\/\/www.it.tarnow.pl\/it\/\"},{\"@type\":\"ListItem\",\"position\":2,\"name\":\"Attrazioni\",\"item\":\"https:\/\/www.it.tarnow.pl\/it\/attrazioni\/\"},{\"@type\":\"ListItem\",\"position\":3,\"name\":\"Tarn\u00f3w\"}]},{\"@type\":\"WebSite\",\"@id\":\"https:\/\/www.it.tarnow.pl\/#website\",\"url\":\"https:\/\/www.it.tarnow.pl\/\",\"name\":\"Tarnowskie Centrum Informacji\",\"description\":\"Informacja turystyczna o Tarnowie i regionie tarnowskim.\",\"potentialAction\":[{\"@type\":\"SearchAction\",\"target\":{\"@type\":\"EntryPoint\",\"urlTemplate\":\"https:\/\/www.it.tarnow.pl\/?s={search_term_string}\"},\"query-input\":{\"@type\":\"PropertyValueSpecification\",\"valueRequired\":true,\"valueName\":\"search_term_string\"}}],\"inLanguage\":\"it-IT\"}]}<\/script>\n<!-- \/ Yoast SEO Premium plugin. -->","yoast_head_json":{"title":"Tarn\u00f3w - Tarnowskie Centrum Informacji","robots":{"index":"index","follow":"follow","max-snippet":"max-snippet:-1","max-image-preview":"max-image-preview:large","max-video-preview":"max-video-preview:-1"},"canonical":"https:\/\/www.it.tarnow.pl\/it\/attrazioni\/tarnow-13\/","og_locale":"it_IT","og_type":"article","og_title":"Tarn\u00f3w","og_description":"Sulle tracce del Rinascimento di Tarn\u00f3w &#8220;La perla del rinascimento&#8221;, cos\u00ec chiamano la Citta\u0301 Vecchia di Tarn\u00f3w i pi\u00f9 noti storici dell&#8217;arte in Polonia. Nel rinascimento Tarn\u00f3w era una delle [&hellip;]","og_url":"https:\/\/www.it.tarnow.pl\/it\/attrazioni\/tarnow-13\/","og_site_name":"Tarnowskie Centrum Informacji","article_modified_time":"2021-11-18T12:58:29+00:00","og_image":[{"url":"http:\/\/www.it.tarnow.pl\/wp-content\/uploads\/2019\/02\/TARNOW-Muzeum-Diecezjalne-400x300.jpg","type":"","width":"","height":""}],"twitter_card":"summary_large_image","twitter_misc":{"Tempo di lettura stimato":"5 minuti"},"schema":{"@context":"https:\/\/schema.org","@graph":[{"@type":"WebPage","@id":"https:\/\/www.it.tarnow.pl\/it\/attrazioni\/tarnow-13\/","url":"https:\/\/www.it.tarnow.pl\/it\/attrazioni\/tarnow-13\/","name":"Tarn\u00f3w - Tarnowskie Centrum Informacji","isPartOf":{"@id":"https:\/\/www.it.tarnow.pl\/#website"},"primaryImageOfPage":{"@id":"https:\/\/www.it.tarnow.pl\/it\/attrazioni\/tarnow-13\/#primaryimage"},"image":{"@id":"https:\/\/www.it.tarnow.pl\/it\/attrazioni\/tarnow-13\/#primaryimage"},"thumbnailUrl":"http:\/\/www.it.tarnow.pl\/wp-content\/uploads\/2019\/02\/TARNOW-Muzeum-Diecezjalne-400x300.jpg","datePublished":"2010-09-13T09:45:01+00:00","dateModified":"2021-11-18T12:58:29+00:00","breadcrumb":{"@id":"https:\/\/www.it.tarnow.pl\/it\/attrazioni\/tarnow-13\/#breadcrumb"},"inLanguage":"it-IT","potentialAction":[{"@type":"ReadAction","target":["https:\/\/www.it.tarnow.pl\/it\/attrazioni\/tarnow-13\/"]}]},{"@type":"ImageObject","inLanguage":"it-IT","@id":"https:\/\/www.it.tarnow.pl\/it\/attrazioni\/tarnow-13\/#primaryimage","url":"http:\/\/www.it.tarnow.pl\/wp-content\/uploads\/2019\/02\/TARNOW-Muzeum-Diecezjalne-400x300.jpg","contentUrl":"http:\/\/www.it.tarnow.pl\/wp-content\/uploads\/2019\/02\/TARNOW-Muzeum-Diecezjalne-400x300.jpg"},{"@type":"BreadcrumbList","@id":"https:\/\/www.it.tarnow.pl\/it\/attrazioni\/tarnow-13\/#breadcrumb","itemListElement":[{"@type":"ListItem","position":1,"name":"Pagina iniziale","item":"https:\/\/www.it.tarnow.pl\/it\/"},{"@type":"ListItem","position":2,"name":"Attrazioni","item":"https:\/\/www.it.tarnow.pl\/it\/attrazioni\/"},{"@type":"ListItem","position":3,"name":"Tarn\u00f3w"}]},{"@type":"WebSite","@id":"https:\/\/www.it.tarnow.pl\/#website","url":"https:\/\/www.it.tarnow.pl\/","name":"Tarnowskie Centrum Informacji","description":"Informacja turystyczna o Tarnowie i regionie tarnowskim.","potentialAction":[{"@type":"SearchAction","target":{"@type":"EntryPoint","urlTemplate":"https:\/\/www.it.tarnow.pl\/?s={search_term_string}"},"query-input":{"@type":"PropertyValueSpecification","valueRequired":true,"valueName":"search_term_string"}}],"inLanguage":"it-IT"}]}},"_links":{"self":[{"href":"https:\/\/www.it.tarnow.pl\/it\/wp-json\/wp\/v2\/pages\/10032","targetHints":{"allow":["GET"]}}],"collection":[{"href":"https:\/\/www.it.tarnow.pl\/it\/wp-json\/wp\/v2\/pages"}],"about":[{"href":"https:\/\/www.it.tarnow.pl\/it\/wp-json\/wp\/v2\/types\/page"}],"author":[{"embeddable":true,"href":"https:\/\/www.it.tarnow.pl\/it\/wp-json\/wp\/v2\/users\/1"}],"replies":[{"embeddable":true,"href":"https:\/\/www.it.tarnow.pl\/it\/wp-json\/wp\/v2\/comments?post=10032"}],"version-history":[{"count":0,"href":"https:\/\/www.it.tarnow.pl\/it\/wp-json\/wp\/v2\/pages\/10032\/revisions"}],"up":[{"embeddable":true,"href":"https:\/\/www.it.tarnow.pl\/it\/wp-json\/wp\/v2\/pages\/10029"}],"wp:attachment":[{"href":"https:\/\/www.it.tarnow.pl\/it\/wp-json\/wp\/v2\/media?parent=10032"}],"wp:term":[{"taxonomy":"post_tag","embeddable":true,"href":"https:\/\/www.it.tarnow.pl\/it\/wp-json\/wp\/v2\/tags?post=10032"}],"curies":[{"name":"wp","href":"https:\/\/api.w.org\/{rel}","templated":true}]}}