{"id":10029,"date":"2011-03-09T13:46:00","date_gmt":"2011-03-09T12:46:00","guid":{"rendered":"http:\/\/www.it.tarnow.pl\/attrazioni\/"},"modified":"2019-04-03T15:19:28","modified_gmt":"2019-04-03T13:19:28","slug":"attrazioni","status":"publish","type":"page","link":"https:\/\/www.it.tarnow.pl\/it\/attrazioni\/","title":{"rendered":"Attrazioni"},"content":{"rendered":"<div class=\"class-view-folder\"><p class=\"title\"><a href=\"https:\/\/www.it.tarnow.pl\/it\/attrazioni\/tarnow-13\/\">Tarn\u00f3w<\/a><\/p><p class=\"text\"><p><img loading=\"lazy\" decoding=\"async\" class=\"alignleft wp-image-205347 size-medium\" src=\"http:\/\/www.it.tarnow.pl\/wp-content\/uploads\/2021\/06\/Tarn\u00f3w-Rynek-1-400x267.jpg\" alt=\"\" width=\"400\" height=\"267\" \/><\/p>\n<p><b>Sulle tracce del Rinascimento di Tarn\u00f3w<\/b><\/p>\n<p>&#8220;La perla del rinascimento&#8221;, cos\u00ec chiamano la Citta\u0301 Vecchia di Tarn\u00f3w i pi\u00f9 noti storici dell&#8217;arte in Polonia. Nel rinascimento Tarn\u00f3w era una delle pi\u00f9 belle citta\u0301 in Polonia.<br \/>\nLa maestosa chiesa parrocchiale, il magnifico Municipio, le affascinanti policromie sui muri esterni delle case con architettura molto interessante , creavano un fascino eccezionale.<\/p>\n<p><b>Sulle tracce dell&#8217;eroe della Polonia e Ungheria-Generale J\u00f3zef Bem<\/b><\/p>\n<p>Il generale J\u00f3zef Bem, l&#8217;eroe nazionale della Polonia e dell\u2019Ungheria, nacque a Tarn\u00f3w, in una casa periferica chiamata Burek( il nome deriva dal selciato che copriva la piazza commerciale funzionante fino ad oggi).Nel libro parrocchiale della cattedrale di Tarn\u00f3w si trova attestato di battesimo del generale J\u00f3zef Bem e la data di nascit\u00e1 -14 marzo 1794.<\/p>\n<p><b>Sulle tracce degli Ebrei di Tarn\u00f3w<\/b><\/p>\n<p>Nel 1939 Tarn\u00f3w aveva 56.000 abitanti di cui circa 25.000 erano ebrei (40% degli abitanti della citt\u00e1) e riguardando il numero degli abitanti ebrei Tarn\u00f3w era la quarta delle citt\u00e1 in vecchia Galizia (dopo L\u2019viv,Cracovia ed Ivano-Frankovsk) invece sotto la percentuale degli ebrei era la prima. A Tarn\u00f3w si trovano tanti monumenti storici riguardanti gli ebrei. Prima della guerra gli ebrei abitavano sopratutto la parte ovest della citt\u00e1.<\/p>\n<\/p><\/div>  \n<div class=\"class-view-folder\"><p class=\"title\"><a href=\"https:\/\/www.it.tarnow.pl\/it\/attrazioni\/larchitettura-sacrale-in-legno\/\">L&#8217;architettura sacrale in legno<\/a><\/p><p class=\"text\"><p><img loading=\"lazy\" decoding=\"async\" width=\"400\" height=\"300\" class=\"size-medium alignleft wp-image-21095\" src=\"http:\/\/www.it.tarnow.pl\/wp-content\/uploads\/2019\/02\/Skrzyszow-Kosciol-p.w.-sw.-Stanislawa-Biskupa-2-400x300.jpg\" alt=\"\" srcset=\"https:\/\/www.it.tarnow.pl\/wp-content\/uploads\/2019\/02\/Skrzyszow-Kosciol-p.w.-sw.-Stanislawa-Biskupa-2-400x300.jpg 400w, https:\/\/www.it.tarnow.pl\/wp-content\/uploads\/2019\/02\/Skrzyszow-Kosciol-p.w.-sw.-Stanislawa-Biskupa-2-768x576.jpg 768w, https:\/\/www.it.tarnow.pl\/wp-content\/uploads\/2019\/02\/Skrzyszow-Kosciol-p.w.-sw.-Stanislawa-Biskupa-2-650x488.jpg 650w, https:\/\/www.it.tarnow.pl\/wp-content\/uploads\/2019\/02\/Skrzyszow-Kosciol-p.w.-sw.-Stanislawa-Biskupa-2-300x225.jpg 300w, https:\/\/www.it.tarnow.pl\/wp-content\/uploads\/2019\/02\/Skrzyszow-Kosciol-p.w.-sw.-Stanislawa-Biskupa-2.jpg 1024w\" sizes=\"auto, (max-width: 400px) 100vw, 400px\" \/><\/p>\n<p>La gran ricchezza e l&#8217;attrazione dell&#8217;architettura di legno di Piccola Polonia \u00e8 innegabile.<br \/>\nLe casette di campagna, le osterie, le corti nobiliari e le chiese erano costruite in legno. <br \/>\nGli edifici pi\u00f9 vecchi fatti di legno provengono dal XV secolo. Gli esempi dell\u2019architettura sacrale presentano il pi\u00f9 numeroso gruppo di monumenti storici fatti in legno.<br \/>\nFino ai nostri tempi sono rimaste decine di chiese in legno( i pi\u00f9 bei simboli dell&#8217;attaccamento della religione e tradizione).<\/p>\n<\/p><\/div>  \n<div class=\"class-view-folder\"><p class=\"title\"><a href=\"https:\/\/www.it.tarnow.pl\/it\/attrazioni\/letnografia-e-il-folclore\/\">L&#8217;etnografia e il folclore<\/a><\/p><p class=\"text\"><p><img loading=\"lazy\" decoding=\"async\" width=\"400\" height=\"300\" class=\"size-medium alignleft wp-image-21106\" src=\"http:\/\/www.it.tarnow.pl\/wp-content\/uploads\/2019\/02\/Zalipie-Malowana-Wies-4-400x300.jpg\" alt=\"\" srcset=\"https:\/\/www.it.tarnow.pl\/wp-content\/uploads\/2019\/02\/Zalipie-Malowana-Wies-4-400x300.jpg 400w, https:\/\/www.it.tarnow.pl\/wp-content\/uploads\/2019\/02\/Zalipie-Malowana-Wies-4-768x576.jpg 768w, https:\/\/www.it.tarnow.pl\/wp-content\/uploads\/2019\/02\/Zalipie-Malowana-Wies-4-650x488.jpg 650w, https:\/\/www.it.tarnow.pl\/wp-content\/uploads\/2019\/02\/Zalipie-Malowana-Wies-4-300x225.jpg 300w, https:\/\/www.it.tarnow.pl\/wp-content\/uploads\/2019\/02\/Zalipie-Malowana-Wies-4.jpg 1024w\" sizes=\"auto, (max-width: 400px) 100vw, 400px\" \/><\/p>\n<p>La regione di Tarn\u00f3w \u00e8 piena di posti speciali che creano nel voivodato un fascino veramente eccezionale. Essi, immergendosi nella memoria, fanno s\u00ec che la gente torni qu\u00ec regolarmente. L\u2019affascinante mondo dei costumi locali e la tradizione dell\u2019arte popolare che sta rinascendo, smettono di essere il campo degli anziani. Ogg\u00ec, i giovani facendo la fronte alla unificazione generale tramite il culto del patrimonio culturale dei suoi antenati, cercano la propria identit\u00e1 e individualit\u00e1.<\/p>\n<\/p><\/div>  \n<div class=\"class-view-folder\"><p class=\"title\"><a href=\"https:\/\/www.it.tarnow.pl\/it\/attrazioni\/miniera-del-sale-a-bochnia\/\">Miniera del Sale a Bochnia<\/a><\/p><p class=\"text\"><img loading=\"lazy\" decoding=\"async\" width=\"150\" height=\"150\" class=\"size-small alignleft wp-image-36039\" src=\"http:\/\/www.it.tarnow.pl\/wp-content\/uploads\/2019\/02\/kopalnia-bochnia-2014-02-1-150x150.jpg\" alt=\"\"><p><a name=\"_GoBack\" id=\"_GoBack\" href=\"\"><\/a> <b>La Miniera di Sale di Bochnia \u00e8 la pi\u00f9 antica miniera di sale polacca. <\/b>L\u2019estrazione del sale nei pressi di Bochnia risale a 3.500 anni a.C. Gli inizi della miniera di Bochnia in quanto sito di estrazione risalgono al 1248. La Miniera di Sale \u00e8 il tesoro pi\u00f9 prezioso del comprensorio di Bochnia. Grazie all\u2019estrazione del sale, infatti, nel Medioevo la citta divenne uno dei pi\u00f9 importanti centri commerciali della regione Ma\u0142opolska. Oggi la Miniera di Sale di Bochnia \u00e8 uno dei pi\u00f9 grandi centri turistici della regione. I turisti visitano il Percorso Turistico attraversando i livelli IV August e VI Sienkiewicz. Il percorso \u00e8 arricchito da un\u2019esposizione multimediale particolarmente apprezzata dai visitatori pi\u00f9 piccoli. La Miniera \u00e8 visitabile a piedi, tuttavia i turisti percorrono una parte del percorso con un treno sotterraneo e un\u2019altra, di circa 120 metri, con uno scivolo che unisce i due livelli. Un\u2019esperienza indimenticabile \u00e8 senz\u2019altro il viaggio sotterraneo in barca.<\/p><\/p><\/div>  \n<div class=\"class-view-folder\"><p class=\"title\"><a href=\"https:\/\/www.it.tarnow.pl\/it\/attrazioni\/i-castelli\/\">I castelli<\/a><\/p><p class=\"text\"><p><img loading=\"lazy\" decoding=\"async\" width=\"400\" height=\"300\" class=\"size-medium alignleft wp-image-21117\" src=\"http:\/\/www.it.tarnow.pl\/wp-content\/uploads\/2019\/02\/Nowy-Wisnicz-Zamek-4-400x300.jpg\" alt=\"\" srcset=\"https:\/\/www.it.tarnow.pl\/wp-content\/uploads\/2019\/02\/Nowy-Wisnicz-Zamek-4-400x300.jpg 400w, https:\/\/www.it.tarnow.pl\/wp-content\/uploads\/2019\/02\/Nowy-Wisnicz-Zamek-4-768x576.jpg 768w, https:\/\/www.it.tarnow.pl\/wp-content\/uploads\/2019\/02\/Nowy-Wisnicz-Zamek-4-650x488.jpg 650w, https:\/\/www.it.tarnow.pl\/wp-content\/uploads\/2019\/02\/Nowy-Wisnicz-Zamek-4-300x225.jpg 300w, https:\/\/www.it.tarnow.pl\/wp-content\/uploads\/2019\/02\/Nowy-Wisnicz-Zamek-4.jpg 1024w\" sizes=\"auto, (max-width: 400px) 100vw, 400px\" \/><\/p>\n<p>Nella parte orientale del voivodato della Piccola Polonia ci sono tanti posti interessanti per i ricercatori degli incredibili paesaggi, delle curiosit\u00e1 architettoniche e storiche.<br \/>\nQui possiamo trovare dei posti magici noti da tante leggende dove fin d&#8217;ogg\u00ec ognuno pu\u00f2 sentire i rumori delle armature dei cavalieri. Vi invitiamo a visitare i castelli, le fortificazioni e i resti dopo gli anni d&#8217;oro.<\/p>\n<\/p><\/div>  \n<div class=\"class-view-folder\"><p class=\"title\"><a href=\"https:\/\/www.it.tarnow.pl\/it\/attrazioni\/la-natura\/\">La natura<\/a><\/p><p class=\"text\"><img loading=\"lazy\" decoding=\"async\" width=\"400\" height=\"300\" class=\"size-medium alignleft wp-image-25324\" src=\"http:\/\/www.it.tarnow.pl\/wp-content\/uploads\/2019\/02\/Skamieniale-Miasto-w-Ciezkowicach-2-400x300.jpg\" alt=\"\" srcset=\"https:\/\/www.it.tarnow.pl\/wp-content\/uploads\/2019\/02\/Skamieniale-Miasto-w-Ciezkowicach-2-400x300.jpg 400w, https:\/\/www.it.tarnow.pl\/wp-content\/uploads\/2019\/02\/Skamieniale-Miasto-w-Ciezkowicach-2-768x577.jpg 768w, https:\/\/www.it.tarnow.pl\/wp-content\/uploads\/2019\/02\/Skamieniale-Miasto-w-Ciezkowicach-2-650x488.jpg 650w, https:\/\/www.it.tarnow.pl\/wp-content\/uploads\/2019\/02\/Skamieniale-Miasto-w-Ciezkowicach-2-300x225.jpg 300w, https:\/\/www.it.tarnow.pl\/wp-content\/uploads\/2019\/02\/Skamieniale-Miasto-w-Ciezkowicach-2.jpg 1024w\" sizes=\"auto, (max-width: 400px) 100vw, 400px\" \/><p>La Citt\u00e0 Pietrificata \u00e8 una riserva naturale situata nella valle del fiume Bia\u0142a vicino al paese Ci\u0119\u017ckowice. La riserva ha la superficie di circa 15 ha ed \u00e8 stata istituita nel 1931.Tra la foresta mista (quercie e pini) si possono ammirare fantastiche formazioni rocciose di grandi dimensioni. Le loro forme sono di fantasia straordinaria grazie ai processi di erosione. Tra queste roccie si trovano: i pulpiti, le clave ed i funghi di roccia.<\/p><\/p><\/div>  \n<div class=\"class-view-folder\"><p class=\"title\"><a href=\"https:\/\/www.it.tarnow.pl\/it\/attrazioni\/i-monumenti-della-cultura-ebraica\/\">I monumenti della cultura ebraica<\/a><\/p><p class=\"text\"><p><img loading=\"lazy\" decoding=\"async\" width=\"300\" height=\"225\" class=\"size-medium alignleft wp-image-37117\" src=\"http:\/\/www.it.tarnow.pl\/wp-content\/uploads\/2019\/02\/TARNOW-Cmentarz-zydowski-Pomnik-Pomordowanych-Zydow-1-300x225.jpg\" alt=\"\" srcset=\"https:\/\/www.it.tarnow.pl\/wp-content\/uploads\/2019\/02\/TARNOW-Cmentarz-zydowski-Pomnik-Pomordowanych-Zydow-1-300x225.jpg 300w, https:\/\/www.it.tarnow.pl\/wp-content\/uploads\/2019\/02\/TARNOW-Cmentarz-zydowski-Pomnik-Pomordowanych-Zydow-1.jpg 384w\" sizes=\"auto, (max-width: 300px) 100vw, 300px\" \/><\/p>\n<p>Nel 1939 Tarn\u00f3w aveva 56.000 abitanti di cui circa 25.000 erano ebrei (40% degli abitanti della citt\u00e1) e riguardando il numero degli abitanti ebrei Tarn\u00f3w era la quarta delle citt\u00e1 in vecchia Galizia (dopo L\u2019viv,Cracovia ed Ivano-Frankovsk) invece sotto la percentuale degli ebrei era la prima. A Tarn\u00f3w si trovano tanti monumenti storici riguardanti gli ebrei. Prima della guerra gli ebrei abitavano sopratutto la parte ovest della citt\u00e1.<\/p>\n<\/p><\/div>  \n<div class=\"class-view-folder\"><p class=\"title\"><a href=\"https:\/\/www.it.tarnow.pl\/it\/attrazioni\/i-cimiteri-della-prima-guerra-mondiale\/\">I cimiteri della Prima Guerra Mondiale<\/a><\/p><p class=\"text\"><img loading=\"lazy\" decoding=\"async\" width=\"400\" height=\"300\" class=\"size-medium alignleft wp-image-24626\" src=\"http:\/\/www.it.tarnow.pl\/wp-content\/uploads\/2019\/02\/Cmentarz-wojskowy-z-I-W.S.-nr-150-w-Chojniku-400x300.jpg\" alt=\"\" srcset=\"https:\/\/www.it.tarnow.pl\/wp-content\/uploads\/2019\/02\/Cmentarz-wojskowy-z-I-W.S.-nr-150-w-Chojniku-400x300.jpg 400w, https:\/\/www.it.tarnow.pl\/wp-content\/uploads\/2019\/02\/Cmentarz-wojskowy-z-I-W.S.-nr-150-w-Chojniku-768x577.jpg 768w, https:\/\/www.it.tarnow.pl\/wp-content\/uploads\/2019\/02\/Cmentarz-wojskowy-z-I-W.S.-nr-150-w-Chojniku-650x488.jpg 650w, https:\/\/www.it.tarnow.pl\/wp-content\/uploads\/2019\/02\/Cmentarz-wojskowy-z-I-W.S.-nr-150-w-Chojniku-300x225.jpg 300w, https:\/\/www.it.tarnow.pl\/wp-content\/uploads\/2019\/02\/Cmentarz-wojskowy-z-I-W.S.-nr-150-w-Chojniku.jpg 1024w\" sizes=\"auto, (max-width: 400px) 100vw, 400px\" \/><p>Nella regione di Tarn\u00f3w abbiamo circa 200 cimiteri della Prima Guerra Mondiale. Questa alta densit\u00e0 di necropoli, dovrebbe ricordarci le battaglie sanguinose nella Galizia occidentale e sopratutto vicino Tarn\u00f3w negli anni 1914 e 1915 tra le armi russe e austriache. Spesso i cimiteri sono situati sulle piazze delle battaglie, tra gli alberi, essendo un gran atto di testimonianza di quella terra.<\/p><\/p><\/div>  \n<div class=\"class-view-folder\"><p class=\"title\"><a href=\"https:\/\/www.it.tarnow.pl\/it\/attrazioni\/turismo-religioso\/\">Turismo religioso<\/a><\/p><p class=\"text\"><img loading=\"lazy\" decoding=\"async\" width=\"400\" height=\"300\" class=\"size-medium alignleft wp-image-21158\" src=\"http:\/\/www.it.tarnow.pl\/wp-content\/uploads\/2019\/02\/TARNOW-Muzeum-Diecezjalne-400x300.jpg\" alt=\"\" srcset=\"https:\/\/www.it.tarnow.pl\/wp-content\/uploads\/2019\/02\/TARNOW-Muzeum-Diecezjalne-400x300.jpg 400w, https:\/\/www.it.tarnow.pl\/wp-content\/uploads\/2019\/02\/TARNOW-Muzeum-Diecezjalne-768x576.jpg 768w, https:\/\/www.it.tarnow.pl\/wp-content\/uploads\/2019\/02\/TARNOW-Muzeum-Diecezjalne-650x488.jpg 650w, https:\/\/www.it.tarnow.pl\/wp-content\/uploads\/2019\/02\/TARNOW-Muzeum-Diecezjalne-300x225.jpg 300w, https:\/\/www.it.tarnow.pl\/wp-content\/uploads\/2019\/02\/TARNOW-Muzeum-Diecezjalne.jpg 1024w\" sizes=\"auto, (max-width: 400px) 100vw, 400px\" \/><p>La regione di Tarn\u00f3w, con il pi\u00f9 grande Seminario Diocesano d\u2019Europa , appartenente alla diocesi di Tarn\u00f3w, la cui capitale \u00e8 la sede del pi\u00f9 vecchio Museo Diocesano in Polonia , costituisce il punto forte sulla carta sacrale nel mondo. Da molto tempo si osserva l'aumento delle vocazioni al sacerdozio, quindi ci sono di pi\u00f9 preti che partono alle missioni.<\/p><\/p><\/div>  \n<div class=\"class-view-folder\"><p class=\"title\"><a href=\"https:\/\/www.it.tarnow.pl\/it\/attrazioni\/la-bellezza-delle-piccole-citta\/\">La bellezza delle piccole citt\u00e1<\/a><\/p><p class=\"text\"><img loading=\"lazy\" decoding=\"async\" width=\"400\" height=\"300\" class=\"size-medium alignleft wp-image-25708\" src=\"http:\/\/www.it.tarnow.pl\/wp-content\/uploads\/2019\/02\/Lipnica-Murowana-Rynek-1-400x300.jpg\" alt=\"\" srcset=\"https:\/\/www.it.tarnow.pl\/wp-content\/uploads\/2019\/02\/Lipnica-Murowana-Rynek-1-400x300.jpg 400w, https:\/\/www.it.tarnow.pl\/wp-content\/uploads\/2019\/02\/Lipnica-Murowana-Rynek-1-768x576.jpg 768w, https:\/\/www.it.tarnow.pl\/wp-content\/uploads\/2019\/02\/Lipnica-Murowana-Rynek-1-650x488.jpg 650w, https:\/\/www.it.tarnow.pl\/wp-content\/uploads\/2019\/02\/Lipnica-Murowana-Rynek-1-300x225.jpg 300w, https:\/\/www.it.tarnow.pl\/wp-content\/uploads\/2019\/02\/Lipnica-Murowana-Rynek-1.jpg 1024w\" sizes=\"auto, (max-width: 400px) 100vw, 400px\" \/><p>Ci\u00f2 che accomuna le citt\u00e1 di Pog\u00f3rze: Ci\u0119\u017ckowice, Czch\u00f3w, Lipnica Murowana, Nowy Wi\u015bnicz, Tuch\u00f3w, Wojnicz e Zakliczyn \u00e8 l\u2019indimenticabile bellezza e atmosfera della citt\u00e0 provinciale. La maggior parte delle citt\u00e1, fondate nella prima parte del XIV secolo, grazie alle caratteristiche piazze, circondate dalle case di un piano con i portici fatti di legno, hanno conservato la loro forma medievale.<\/p><\/p><\/div>","protected":false},"excerpt":{"rendered":"","protected":false},"author":1,"featured_media":0,"parent":0,"menu_order":564,"comment_status":"closed","ping_status":"closed","template":"","meta":{"_acf_changed":false,"footnotes":""},"tags":[],"class_list":["post-10029","page","type-page","status-publish","hentry"],"acf":{"in_menu":null,"show_date":null,"intro_text":"","map":null},"yoast_head":"<!-- This site is optimized with the Yoast SEO Premium plugin v25.4 (Yoast SEO v25.4) - https:\/\/yoast.com\/wordpress\/plugins\/seo\/ -->\n<title>Attrazioni - Tarnowskie Centrum Informacji<\/title>\n<meta name=\"robots\" content=\"index, follow, max-snippet:-1, max-image-preview:large, max-video-preview:-1\" \/>\n<link rel=\"canonical\" href=\"https:\/\/www.it.tarnow.pl\/it\/attrazioni\/\" \/>\n<meta property=\"og:locale\" content=\"it_IT\" \/>\n<meta property=\"og:type\" content=\"article\" \/>\n<meta property=\"og:title\" content=\"Attrazioni\" \/>\n<meta property=\"og:url\" content=\"https:\/\/www.it.tarnow.pl\/it\/attrazioni\/\" \/>\n<meta property=\"og:site_name\" content=\"Tarnowskie Centrum Informacji\" \/>\n<meta property=\"article:modified_time\" content=\"2019-04-03T13:19:28+00:00\" \/>\n<meta name=\"twitter:card\" content=\"summary_large_image\" \/>\n<script type=\"application\/ld+json\" class=\"yoast-schema-graph\">{\"@context\":\"https:\/\/schema.org\",\"@graph\":[{\"@type\":\"WebPage\",\"@id\":\"https:\/\/www.it.tarnow.pl\/it\/attrazioni\/\",\"url\":\"https:\/\/www.it.tarnow.pl\/it\/attrazioni\/\",\"name\":\"Attrazioni - Tarnowskie Centrum Informacji\",\"isPartOf\":{\"@id\":\"https:\/\/www.it.tarnow.pl\/#website\"},\"datePublished\":\"2011-03-09T12:46:00+00:00\",\"dateModified\":\"2019-04-03T13:19:28+00:00\",\"breadcrumb\":{\"@id\":\"https:\/\/www.it.tarnow.pl\/it\/attrazioni\/#breadcrumb\"},\"inLanguage\":\"it-IT\",\"potentialAction\":[{\"@type\":\"ReadAction\",\"target\":[\"https:\/\/www.it.tarnow.pl\/it\/attrazioni\/\"]}]},{\"@type\":\"BreadcrumbList\",\"@id\":\"https:\/\/www.it.tarnow.pl\/it\/attrazioni\/#breadcrumb\",\"itemListElement\":[{\"@type\":\"ListItem\",\"position\":1,\"name\":\"Pagina iniziale\",\"item\":\"https:\/\/www.it.tarnow.pl\/it\/\"},{\"@type\":\"ListItem\",\"position\":2,\"name\":\"Attrazioni\"}]},{\"@type\":\"WebSite\",\"@id\":\"https:\/\/www.it.tarnow.pl\/#website\",\"url\":\"https:\/\/www.it.tarnow.pl\/\",\"name\":\"Tarnowskie Centrum Informacji\",\"description\":\"Informacja turystyczna o Tarnowie i regionie tarnowskim.\",\"potentialAction\":[{\"@type\":\"SearchAction\",\"target\":{\"@type\":\"EntryPoint\",\"urlTemplate\":\"https:\/\/www.it.tarnow.pl\/?s={search_term_string}\"},\"query-input\":{\"@type\":\"PropertyValueSpecification\",\"valueRequired\":true,\"valueName\":\"search_term_string\"}}],\"inLanguage\":\"it-IT\"}]}<\/script>\n<!-- \/ Yoast SEO Premium plugin. -->","yoast_head_json":{"title":"Attrazioni - Tarnowskie Centrum Informacji","robots":{"index":"index","follow":"follow","max-snippet":"max-snippet:-1","max-image-preview":"max-image-preview:large","max-video-preview":"max-video-preview:-1"},"canonical":"https:\/\/www.it.tarnow.pl\/it\/attrazioni\/","og_locale":"it_IT","og_type":"article","og_title":"Attrazioni","og_url":"https:\/\/www.it.tarnow.pl\/it\/attrazioni\/","og_site_name":"Tarnowskie Centrum Informacji","article_modified_time":"2019-04-03T13:19:28+00:00","twitter_card":"summary_large_image","schema":{"@context":"https:\/\/schema.org","@graph":[{"@type":"WebPage","@id":"https:\/\/www.it.tarnow.pl\/it\/attrazioni\/","url":"https:\/\/www.it.tarnow.pl\/it\/attrazioni\/","name":"Attrazioni - Tarnowskie Centrum Informacji","isPartOf":{"@id":"https:\/\/www.it.tarnow.pl\/#website"},"datePublished":"2011-03-09T12:46:00+00:00","dateModified":"2019-04-03T13:19:28+00:00","breadcrumb":{"@id":"https:\/\/www.it.tarnow.pl\/it\/attrazioni\/#breadcrumb"},"inLanguage":"it-IT","potentialAction":[{"@type":"ReadAction","target":["https:\/\/www.it.tarnow.pl\/it\/attrazioni\/"]}]},{"@type":"BreadcrumbList","@id":"https:\/\/www.it.tarnow.pl\/it\/attrazioni\/#breadcrumb","itemListElement":[{"@type":"ListItem","position":1,"name":"Pagina iniziale","item":"https:\/\/www.it.tarnow.pl\/it\/"},{"@type":"ListItem","position":2,"name":"Attrazioni"}]},{"@type":"WebSite","@id":"https:\/\/www.it.tarnow.pl\/#website","url":"https:\/\/www.it.tarnow.pl\/","name":"Tarnowskie Centrum Informacji","description":"Informacja turystyczna o Tarnowie i regionie tarnowskim.","potentialAction":[{"@type":"SearchAction","target":{"@type":"EntryPoint","urlTemplate":"https:\/\/www.it.tarnow.pl\/?s={search_term_string}"},"query-input":{"@type":"PropertyValueSpecification","valueRequired":true,"valueName":"search_term_string"}}],"inLanguage":"it-IT"}]}},"_links":{"self":[{"href":"https:\/\/www.it.tarnow.pl\/it\/wp-json\/wp\/v2\/pages\/10029","targetHints":{"allow":["GET"]}}],"collection":[{"href":"https:\/\/www.it.tarnow.pl\/it\/wp-json\/wp\/v2\/pages"}],"about":[{"href":"https:\/\/www.it.tarnow.pl\/it\/wp-json\/wp\/v2\/types\/page"}],"author":[{"embeddable":true,"href":"https:\/\/www.it.tarnow.pl\/it\/wp-json\/wp\/v2\/users\/1"}],"replies":[{"embeddable":true,"href":"https:\/\/www.it.tarnow.pl\/it\/wp-json\/wp\/v2\/comments?post=10029"}],"version-history":[{"count":0,"href":"https:\/\/www.it.tarnow.pl\/it\/wp-json\/wp\/v2\/pages\/10029\/revisions"}],"wp:attachment":[{"href":"https:\/\/www.it.tarnow.pl\/it\/wp-json\/wp\/v2\/media?parent=10029"}],"wp:term":[{"taxonomy":"post_tag","embeddable":true,"href":"https:\/\/www.it.tarnow.pl\/it\/wp-json\/wp\/v2\/tags?post=10029"}],"curies":[{"name":"wp","href":"https:\/\/api.w.org\/{rel}","templated":true}]}}