{"id":10081,"date":"2009-11-30T12:43:23","date_gmt":"2009-11-30T11:43:23","guid":{"rendered":"http:\/\/www.it.tarnow.pl\/tourinform-kozpont\/"},"modified":"2024-09-08T13:13:50","modified_gmt":"2024-09-08T11:13:50","slug":"tourinform-kozpont","status":"publish","type":"page","link":"https:\/\/www.it.tarnow.pl\/hu\/tourinform-kozpont\/","title":{"rendered":"Tourinform k\u00f6zpont"},"content":{"rendered":"<p><b>Tarn\u00f3wi Inform\u00e1ci\u00f3s K\u00f6zpont<\/b><br \/>\r\nRynek 7, 33-100 Tarn\u00f3w<br \/>\r\ntel.: +48 14 688 90 90<br \/>\r\nfax: + 48 14 688 90 92<br \/>\r\nmobile: +48 698 633 421 \u2013 ingyenes h\u00edv\u00e1sok whatsappon kereszt\u00fcl<\/p>\r\n<p><img loading=\"lazy\" decoding=\"async\" class=\"alignnone wp-image-36649 size-medium\" src=\"http:\/\/www.it.tarnow.pl\/wp-content\/uploads\/2019\/02\/WhatsApp-logo-1-300x107.png\" sizes=\"auto, (max-width: 300px) 100vw, 300px\" srcset=\"https:\/\/www.it.tarnow.pl\/wp-content\/uploads\/2019\/02\/WhatsApp-logo-1-300x107.png 300w, https:\/\/www.it.tarnow.pl\/wp-content\/uploads\/2019\/02\/WhatsApp-logo-1.png 377w\" alt=\"\" width=\"300\" height=\"107\" \/><br \/>\r\ne-mail: <a href=\"mailto:centrum@tarnow.travel\">centrum@tarnow.travel<\/a> <br \/>\r\n<a href=\"http:\/\/www.tarnow.travel\/\">www.tarnow.travel<\/a><\/p>\r\n<p>&nbsp;<\/p>\r\n<ul>\r\n\t<li>Turisztikai Inform\u00e1ci\u00f3s Pont<\/li>\r\n\t<li>Turisztikai k\u00f6nyvek \u00e9s t\u00e9rk\u00e9pek<\/li>\r\n\t<li>Vend\u00e9gszob\u00e1k (egy-, k\u00e9t- \u00e9s h\u00e1rom\u00e1gyas szob\u00e1k &#8211; komplett f\u00fcrd\u0151szob\u00e1val, tv-vel, teakonyha, ingyenes wifi, parkol\u00f3val)<\/li>\r\n\t<li>Csomagmeg\u0151rz\u0151<\/li>\r\n\t<li>Konferenciaterem (max. 50 f\u0151)<\/li>\r\n\t<li>Fogyat\u00e9kosbar\u00e1t l\u00e9tes\u00edtm\u00e9ny \u00e9s szolg\u00e1ltat\u00e1sok (sz\u00e9les bej\u00e1rat, k\u00fcl\u00f6n WC, pult, \u00e1ll\u00edthat\u00f3 sz\u00e1m\u00edt\u00f3g\u00e9pes asztal dedik\u00e1lt hardverrel \u00e9s szoftverrel, Tarnow \u00fatik\u00f6nyv Braille-\u00edr\u00e1ssal)<\/li>\r\n<\/ul>\r\n<p>&nbsp;<\/p>\r\n<p><b>Nyitvatart\u00e1s:<\/b><\/p>\r\n<div class=\"table-responsive\">\r\n<table class=\"table-comparison table-bordered table-hover table\" style=\"height: 192px; width: 333px;\" border=\"0\" summary=\"121\" cellspacing=\"0\" cellpadding=\"2\">\r\n<tbody>\r\n<tr style=\"height: 24px;\">\r\n<td style=\"vertical-align: top; text-align: left; height: 24px; width: 149.883px;\" valign=\"top\">\u00a0<\/td>\r\n<td style=\"vertical-align: top; text-align: left; height: 24px; width: 170.117px;\" valign=\"top\">\u00a0<\/td>\r\n<\/tr>\r\n<tr style=\"height: 24px;\">\r\n<td style=\"vertical-align: top; text-align: left; height: 24px; width: 149.883px;\" valign=\"top\"><b>H\u00e9tf\u0151<\/b><\/td>\r\n<td style=\"vertical-align: top; height: 24px; width: 170.117px; text-align: center;\" valign=\"top\">8 am &#8211; 6 pm<\/td>\r\n<\/tr>\r\n<tr style=\"height: 24px;\">\r\n<td style=\"vertical-align: top; text-align: left; height: 24px; width: 149.883px;\" valign=\"top\"><b>Kedd<\/b><\/td>\r\n<td style=\"vertical-align: top; height: 24px; width: 170.117px; text-align: center;\" valign=\"top\">8 am &#8211; 6 pm<\/td>\r\n<\/tr>\r\n<tr style=\"height: 24px;\">\r\n<td style=\"vertical-align: top; text-align: left; height: 24px; width: 149.883px;\" valign=\"top\"><b>Szerda<\/b><\/td>\r\n<td style=\"vertical-align: top; height: 24px; width: 170.117px; text-align: center;\" valign=\"top\">8 am &#8211; 6 pm<\/td>\r\n<\/tr>\r\n<tr style=\"height: 24px;\">\r\n<td style=\"vertical-align: top; text-align: left; height: 24px; width: 149.883px;\" valign=\"top\"><b>Cs\u00fct\u00f6rt\u00f6k<\/b><\/td>\r\n<td style=\"vertical-align: top; height: 24px; width: 170.117px; text-align: center;\" valign=\"top\">8 am &#8211; 6 pm<\/td>\r\n<\/tr>\r\n<tr style=\"height: 24px;\">\r\n<td style=\"vertical-align: top; text-align: left; height: 24px; width: 149.883px;\" valign=\"top\"><b>P\u00e9ntek<\/b><\/td>\r\n<td style=\"vertical-align: top; height: 24px; width: 170.117px; text-align: center;\" valign=\"top\">8 am &#8211; 6 pm<\/td>\r\n<\/tr>\r\n<tr style=\"height: 24px;\">\r\n<td style=\"vertical-align: top; text-align: left; height: 24px; width: 149.883px;\" valign=\"top\"><b>Szombat<\/b><\/td>\r\n<td style=\"vertical-align: top; height: 24px; width: 170.117px; text-align: center;\" valign=\"top\">9 am &#8211; 5 pm<\/td>\r\n<\/tr>\r\n<tr style=\"height: 24px;\">\r\n<td style=\"vertical-align: top; text-align: left; height: 24px; width: 149.883px;\" valign=\"top\"><b>Vas\u00e1rnap<\/b><\/td>\r\n<td style=\"vertical-align: top; height: 24px; width: 170.117px; text-align: center;\" valign=\"top\">9 am &#8211; 5 pm<\/td>\r\n<\/tr>\r\n<\/tbody>\r\n<\/table>\r\n<\/div>\r\n<p>&nbsp;<\/p>\r\n<p><strong>Legnagyobb eredm\u00e9nyeink:<\/strong><\/p>\r\n<p><em>A legjobbak k\u00f6z\u00fcl a legjobb<\/em> d\u00edjat a lengyelorsz\u00e1gi Turisztikai Inform\u00e1ci\u00f3s Rendszer jubileum\u00e1n \u00edt\u00e9lt\u00e9k oda (2013)<\/p>\r\n<p><em>A legjobb turisztikai inform\u00e1ci\u00f3 Lengyelorsz\u00e1gban<\/em> 2019-ben, 2015-ben, 2012-ben, 2010-ben \u00e9s 2008-ban<\/p>\r\n<p><em>A legjobb turisztikai inform\u00e1ci\u00f3 Ma\u0142opolska<\/em> v\u00e1ros\u00e1ban 2007-ben<\/p>\r\n<p>A Sport- \u00e9s Turisztikai Miniszt\u00e9rium <em><span class=\"HwtZe\" lang=\"hu\"><span class=\"jCAhz ChMk0b\"><span class=\"ryNqvb\">D\u00edsz\u00edtv\u00e1ny a turizmus\u00e9rt \u00e9rdemek\u00e9rt<\/span><\/span><\/span><\/em> (2008)<\/p>\r\n<p>A Ma\u0142opolska R\u00e9gi\u00f3 Marsallj\u00e1nak <em><span class=\"HwtZe\" lang=\"hu\"><span class=\"jCAhz ChMk0b\"><span class=\"ryNqvb\">D\u00edj a Ma\u0142opolska r\u00e9gi\u00f3 turizmus\u00e1nak \u00e9rdemei\u00e9rt<\/span><\/span><\/span><\/em> (2007)<\/p>\r\n<p>Tags\u00e1g region\u00e1lis \u00e9s orsz\u00e1gos turisztikai szervezetekben:<\/p>\r\n<ul>\r\n\t<li>Turisztikai Inform\u00e1ci\u00f3s F\u00f3rum eln\u00f6ks\u00e9ge \u2013 a <a href=\"https:\/\/www.lengyelorszag.travel\/hu\">Lengyel Nemzeti Turisztikai Hivatal<\/a> tan\u00e1csad\u00f3 test\u00fclete<\/li>\r\n\t<li>a <a href=\"http:\/\/www.mot.krakow.pl\/\">Malopolska Turisztikai Szervezet<\/a> igazgat\u00f3tan\u00e1cs\u00e1nak tagja<\/li>\r\n\t<li>a <a href=\"https:\/\/www.lot.tarnow.pl\/\">Tarnowska Turisztikai Szervezet<\/a> t\u00e1rsalap\u00edt\u00f3ja \u00e9s igazgat\u00f3tan\u00e1cs\u00e1nak tagja<\/li>\r\n<\/ul>","protected":false},"excerpt":{"rendered":"Tarn\u00f3wi Inform\u00e1ci\u00f3s K\u00f6zpont Rynek 7, 33-100 Tarn\u00f3w tel.: +48 14 688 90 90 fax: + 48 14 688 90 92 mobile: +48 698 633 421 \u2013 ingyenes h\u00edv\u00e1sok whatsappon kereszt\u00fcl [&hellip;]","protected":false},"author":1,"featured_media":0,"parent":0,"menu_order":589,"comment_status":"closed","ping_status":"closed","template":"","meta":{"_acf_changed":false,"footnotes":""},"tags":[],"class_list":["post-10081","page","type-page","status-publish","hentry"],"acf":{"old_object_id":"244","old_parent_id":"65","old_url":"Tourinform-koezpont","intro_text":"","show_children":"1","class":"folder","type":"page","in_menu":true,"show_date":false,"map":"","old_id":"","rooms_info":"","top_column":"","left_column":"","right_column":"","bottom_column":"","skip_import":false,"_menu_related_id":"102312"},"yoast_head":"<!-- This site is optimized with the Yoast SEO Premium plugin v25.4 (Yoast SEO v25.4) - https:\/\/yoast.com\/wordpress\/plugins\/seo\/ -->\n<title>Tourinform k\u00f6zpont - Tarnowskie Centrum Informacji<\/title>\n<meta name=\"robots\" content=\"index, follow, max-snippet:-1, max-image-preview:large, max-video-preview:-1\" \/>\n<link rel=\"canonical\" href=\"https:\/\/www.it.tarnow.pl\/hu\/tourinform-kozpont\/\" \/>\n<meta property=\"og:locale\" content=\"hu_HU\" \/>\n<meta property=\"og:type\" content=\"article\" \/>\n<meta property=\"og:title\" content=\"Tourinform k\u00f6zpont\" \/>\n<meta property=\"og:description\" content=\"Tarn\u00f3wi Inform\u00e1ci\u00f3s K\u00f6zpont Rynek 7, 33-100 Tarn\u00f3w tel.: +48 14 688 90 90 fax: + 48 14 688 90 92 mobile: +48 698 633 421 \u2013 ingyenes h\u00edv\u00e1sok whatsappon kereszt\u00fcl [&hellip;]\" \/>\n<meta property=\"og:url\" content=\"https:\/\/www.it.tarnow.pl\/hu\/tourinform-kozpont\/\" \/>\n<meta property=\"og:site_name\" content=\"Tarnowskie Centrum Informacji\" \/>\n<meta property=\"article:modified_time\" content=\"2024-09-08T11:13:50+00:00\" \/>\n<meta property=\"og:image\" content=\"http:\/\/www.it.tarnow.pl\/wp-content\/uploads\/2019\/02\/WhatsApp-logo-1-300x107.png\" \/>\n<meta name=\"twitter:card\" content=\"summary_large_image\" \/>\n<meta name=\"twitter:label1\" content=\"Becs\u00fclt olvas\u00e1si id\u0151\" \/>\n\t<meta name=\"twitter:data1\" content=\"2 perc\" \/>\n<script type=\"application\/ld+json\" class=\"yoast-schema-graph\">{\"@context\":\"https:\/\/schema.org\",\"@graph\":[{\"@type\":\"WebPage\",\"@id\":\"https:\/\/www.it.tarnow.pl\/hu\/tourinform-kozpont\/\",\"url\":\"https:\/\/www.it.tarnow.pl\/hu\/tourinform-kozpont\/\",\"name\":\"Tourinform k\u00f6zpont - Tarnowskie Centrum Informacji\",\"isPartOf\":{\"@id\":\"https:\/\/www.it.tarnow.pl\/#website\"},\"primaryImageOfPage\":{\"@id\":\"https:\/\/www.it.tarnow.pl\/hu\/tourinform-kozpont\/#primaryimage\"},\"image\":{\"@id\":\"https:\/\/www.it.tarnow.pl\/hu\/tourinform-kozpont\/#primaryimage\"},\"thumbnailUrl\":\"http:\/\/www.it.tarnow.pl\/wp-content\/uploads\/2019\/02\/WhatsApp-logo-1-300x107.png\",\"datePublished\":\"2009-11-30T11:43:23+00:00\",\"dateModified\":\"2024-09-08T11:13:50+00:00\",\"breadcrumb\":{\"@id\":\"https:\/\/www.it.tarnow.pl\/hu\/tourinform-kozpont\/#breadcrumb\"},\"inLanguage\":\"hu\",\"potentialAction\":[{\"@type\":\"ReadAction\",\"target\":[\"https:\/\/www.it.tarnow.pl\/hu\/tourinform-kozpont\/\"]}]},{\"@type\":\"ImageObject\",\"inLanguage\":\"hu\",\"@id\":\"https:\/\/www.it.tarnow.pl\/hu\/tourinform-kozpont\/#primaryimage\",\"url\":\"http:\/\/www.it.tarnow.pl\/wp-content\/uploads\/2019\/02\/WhatsApp-logo-1-300x107.png\",\"contentUrl\":\"http:\/\/www.it.tarnow.pl\/wp-content\/uploads\/2019\/02\/WhatsApp-logo-1-300x107.png\"},{\"@type\":\"BreadcrumbList\",\"@id\":\"https:\/\/www.it.tarnow.pl\/hu\/tourinform-kozpont\/#breadcrumb\",\"itemListElement\":[{\"@type\":\"ListItem\",\"position\":1,\"name\":\"Kezd\u0151lap\",\"item\":\"https:\/\/www.it.tarnow.pl\/hu\/\"},{\"@type\":\"ListItem\",\"position\":2,\"name\":\"Tourinform k\u00f6zpont\"}]},{\"@type\":\"WebSite\",\"@id\":\"https:\/\/www.it.tarnow.pl\/#website\",\"url\":\"https:\/\/www.it.tarnow.pl\/\",\"name\":\"Tarnowskie Centrum Informacji\",\"description\":\"Informacja turystyczna o Tarnowie i regionie tarnowskim.\",\"potentialAction\":[{\"@type\":\"SearchAction\",\"target\":{\"@type\":\"EntryPoint\",\"urlTemplate\":\"https:\/\/www.it.tarnow.pl\/?s={search_term_string}\"},\"query-input\":{\"@type\":\"PropertyValueSpecification\",\"valueRequired\":true,\"valueName\":\"search_term_string\"}}],\"inLanguage\":\"hu\"}]}<\/script>\n<!-- \/ Yoast SEO Premium plugin. -->","yoast_head_json":{"title":"Tourinform k\u00f6zpont - Tarnowskie Centrum Informacji","robots":{"index":"index","follow":"follow","max-snippet":"max-snippet:-1","max-image-preview":"max-image-preview:large","max-video-preview":"max-video-preview:-1"},"canonical":"https:\/\/www.it.tarnow.pl\/hu\/tourinform-kozpont\/","og_locale":"hu_HU","og_type":"article","og_title":"Tourinform k\u00f6zpont","og_description":"Tarn\u00f3wi Inform\u00e1ci\u00f3s K\u00f6zpont Rynek 7, 33-100 Tarn\u00f3w tel.: +48 14 688 90 90 fax: + 48 14 688 90 92 mobile: +48 698 633 421 \u2013 ingyenes h\u00edv\u00e1sok whatsappon kereszt\u00fcl [&hellip;]","og_url":"https:\/\/www.it.tarnow.pl\/hu\/tourinform-kozpont\/","og_site_name":"Tarnowskie Centrum Informacji","article_modified_time":"2024-09-08T11:13:50+00:00","og_image":[{"url":"http:\/\/www.it.tarnow.pl\/wp-content\/uploads\/2019\/02\/WhatsApp-logo-1-300x107.png","type":"","width":"","height":""}],"twitter_card":"summary_large_image","twitter_misc":{"Becs\u00fclt olvas\u00e1si id\u0151":"2 perc"},"schema":{"@context":"https:\/\/schema.org","@graph":[{"@type":"WebPage","@id":"https:\/\/www.it.tarnow.pl\/hu\/tourinform-kozpont\/","url":"https:\/\/www.it.tarnow.pl\/hu\/tourinform-kozpont\/","name":"Tourinform k\u00f6zpont - Tarnowskie Centrum Informacji","isPartOf":{"@id":"https:\/\/www.it.tarnow.pl\/#website"},"primaryImageOfPage":{"@id":"https:\/\/www.it.tarnow.pl\/hu\/tourinform-kozpont\/#primaryimage"},"image":{"@id":"https:\/\/www.it.tarnow.pl\/hu\/tourinform-kozpont\/#primaryimage"},"thumbnailUrl":"http:\/\/www.it.tarnow.pl\/wp-content\/uploads\/2019\/02\/WhatsApp-logo-1-300x107.png","datePublished":"2009-11-30T11:43:23+00:00","dateModified":"2024-09-08T11:13:50+00:00","breadcrumb":{"@id":"https:\/\/www.it.tarnow.pl\/hu\/tourinform-kozpont\/#breadcrumb"},"inLanguage":"hu","potentialAction":[{"@type":"ReadAction","target":["https:\/\/www.it.tarnow.pl\/hu\/tourinform-kozpont\/"]}]},{"@type":"ImageObject","inLanguage":"hu","@id":"https:\/\/www.it.tarnow.pl\/hu\/tourinform-kozpont\/#primaryimage","url":"http:\/\/www.it.tarnow.pl\/wp-content\/uploads\/2019\/02\/WhatsApp-logo-1-300x107.png","contentUrl":"http:\/\/www.it.tarnow.pl\/wp-content\/uploads\/2019\/02\/WhatsApp-logo-1-300x107.png"},{"@type":"BreadcrumbList","@id":"https:\/\/www.it.tarnow.pl\/hu\/tourinform-kozpont\/#breadcrumb","itemListElement":[{"@type":"ListItem","position":1,"name":"Kezd\u0151lap","item":"https:\/\/www.it.tarnow.pl\/hu\/"},{"@type":"ListItem","position":2,"name":"Tourinform k\u00f6zpont"}]},{"@type":"WebSite","@id":"https:\/\/www.it.tarnow.pl\/#website","url":"https:\/\/www.it.tarnow.pl\/","name":"Tarnowskie Centrum Informacji","description":"Informacja turystyczna o Tarnowie i regionie tarnowskim.","potentialAction":[{"@type":"SearchAction","target":{"@type":"EntryPoint","urlTemplate":"https:\/\/www.it.tarnow.pl\/?s={search_term_string}"},"query-input":{"@type":"PropertyValueSpecification","valueRequired":true,"valueName":"search_term_string"}}],"inLanguage":"hu"}]}},"_links":{"self":[{"href":"https:\/\/www.it.tarnow.pl\/hu\/wp-json\/wp\/v2\/pages\/10081","targetHints":{"allow":["GET"]}}],"collection":[{"href":"https:\/\/www.it.tarnow.pl\/hu\/wp-json\/wp\/v2\/pages"}],"about":[{"href":"https:\/\/www.it.tarnow.pl\/hu\/wp-json\/wp\/v2\/types\/page"}],"author":[{"embeddable":true,"href":"https:\/\/www.it.tarnow.pl\/hu\/wp-json\/wp\/v2\/users\/1"}],"replies":[{"embeddable":true,"href":"https:\/\/www.it.tarnow.pl\/hu\/wp-json\/wp\/v2\/comments?post=10081"}],"version-history":[{"count":2,"href":"https:\/\/www.it.tarnow.pl\/hu\/wp-json\/wp\/v2\/pages\/10081\/revisions"}],"predecessor-version":[{"id":290634,"href":"https:\/\/www.it.tarnow.pl\/hu\/wp-json\/wp\/v2\/pages\/10081\/revisions\/290634"}],"wp:attachment":[{"href":"https:\/\/www.it.tarnow.pl\/hu\/wp-json\/wp\/v2\/media?parent=10081"}],"wp:term":[{"taxonomy":"post_tag","embeddable":true,"href":"https:\/\/www.it.tarnow.pl\/hu\/wp-json\/wp\/v2\/tags?post=10081"}],"curies":[{"name":"wp","href":"https:\/\/api.w.org\/{rel}","templated":true}]}}