{"id":10080,"date":"2009-11-30T12:42:08","date_gmt":"2009-11-30T11:42:08","guid":{"rendered":"http:\/\/www.it.tarnow.pl\/gasztromomia\/"},"modified":"2019-06-07T10:32:33","modified_gmt":"2019-06-07T08:32:33","slug":"gasztromomia","status":"publish","type":"page","link":"https:\/\/www.it.tarnow.pl\/hu\/gasztromomia\/","title":{"rendered":"Gasztrom\u00f3mia"},"content":{"rendered":"<p><a class=\"target_blank\" href=\"http:\/\/www.it.tarnow.pl\/en\/restaurants\/\">Az \u00e9tkez\u00e9si helyek teljes list\u00e1ja az angol nyelv\u0171 oldalon tal\u00e1lhat\u00f3<\/a><\/p>\r\n<p>&nbsp;<\/p>\r\n<p>\u00a0<b>\u00c9ttermek \u00e9s k\u00e1v\u00e9z\u00f3k Tarn\u00f3wban &#8211; tal\u00e1lka helyek<\/b><br \/>\r\n\u00a0A m\u0171eml\u00e9k tarn\u00f3wi h\u00e1zakban \u00e9s azok pinc\u00e9iben kialak\u00edtott t\u00f6bb tucat k\u00e1v\u00e9z\u00f3nak, pubnak \u00e9s \u00e9tteremnek egyed\u00fcl\u00e1ll\u00f3 hangulata van.<br \/>\r\n\u00a0Az \u00ednyencekre a hagyom\u00e1nyos lengyel konyha mellett indiai, olasz, k\u00ednai, orosz, magyar, valamint cig\u00e1ny konyha is v\u00e1r &#8211; van mib\u0151l v\u00e1logatni.<br \/>\r\n\u00a0A ny\u00e1ri id\u0151szakban a tarn\u00f3wi Piact\u00e9r egy nagy szabadt\u00e9ri \u00e9tteremm\u00e9 v\u00e1lik, a k\u00e1v\u00e9h\u00e1zak kerthelyis\u00e9gei arra cs\u00e1b\u00edtanak, hogy megpihenj\u00fcnk \u00e9s gy\u00f6ny\u00f6rk\u00f6dj\u00fcnk Tarn\u00f3w k\u00fcl\u00f6nlegess\u00e9geiben. A szabadban \u00fcld\u00f6g\u00e9lve meg lehet hallgatni a Piact\u00e9ren rendezett koncerteket, meg lehet csod\u00e1lni a renesz\u00e1nsz \u00e9p\u00edt\u00e9szet remekeit, melyek k\u00f6r\u00fcl\u00f6lelik a teret k\u00f6zep\u00e9n a gy\u00f6ny\u00f6r\u0171 V\u00e1rosh\u00e1z\u00e1val, melynek attika koszor\u00faja alatt 28 vakf\u00fclke fogja k\u00f6zre Lengyelorsz\u00e1g legr\u00e9gebbi m\u0171k\u00f6d\u0151 \u00f3r\u00e1j\u00e1t &#8211; az \u00e9jszakai f\u00e9nyekben mindez mesebeli l\u00e1tv\u00e1nyt ny\u00fajt.<br \/>\r\n\u00a0\u00c9s aki \u00e9jszaka nem tud aludni, az keresse fel az \u00e9jszakai klubokat \u00e9s diszk\u00f3kat. A v\u00e1rosk\u00f6zpontban \u00e9s annak perem\u00e9n l\u00e9v\u0151 lok\u00e1lok &#8211; melyek az utols\u00f3 vend\u00e9gig tartanak nyitva &#8211; garant\u00e1lj\u00e1k a kit\u0171n\u0151 sz\u00f3rakoz\u00e1st.<\/p>\r\n<p>&nbsp;<\/p>\r\n<p>\u00a0<b>&#8222;Impresja&#8221; \u00e9tterem<\/b><br \/>\r\n\u00a0Rynek 12, 33-100 Tarn\u00f3w<br \/>\r\n\u00a0tel.: +48 14 621 53 33<\/p>\r\n<p>\u00a0<b>Konyha:<\/b> helyi specialit\u00e1sok, olasz \u00e9s francia \u00e9telek<\/p>\r\n<p>\u00a0<b>Aj\u00e1nlatunk:<\/b> eb\u00e9dek, vacsor\u00e1k, catering, bankettek, valamint tal\u00e1lkoz\u00f3k \u00e9s konferenci\u00e1k lebonyol\u00edt\u00e1sa<br \/>\r\n\u00a0<b>A konyhaf\u0151n\u00f6k aj\u00e1nlata:<\/b> citromos gy\u00fcm\u00f6lcskr\u00e9m mandulakos\u00e1rban &#8222;m\u00e1ln\u00e1s&#8221; Maked\u00f3ni\u00e1val (a desszerttel krakk\u00f3i ottl\u00e9te sor\u00e1n a szentaty\u00e1t , valamint a jap\u00e1n cs\u00e1sz\u00e1rt k\u00edn\u00e1ltuk)<br \/>\r\n\u00a0Exkluz\u00edv berendez\u00e9s, nyugodt l\u00e9gk\u00f6r, k\u00fcl\u00f6nterem a nemdoh\u00e1nyz\u00f3k r\u00e9sz\u00e9re<br \/>\r\n\u00a0<b>Bankk\u00e1rtya elfogad\u00f3 hely<\/b><br \/>\r\n\u00a0<b>F\u00e9r\u0151helyek sz\u00e1ma:<\/b> 70<br \/>\r\n\u00a0<b>Nyitva minden nap:<\/b> 11h &#8211; 22h<br \/>\r\n\u00a0Az \u00e9tterem Tarn\u00f3w sz\u00edv\u00e9ben, a m\u0171eml\u00e9k Piact\u00e9ren tal\u00e1lhat\u00f3, ahol a legsz\u00edvesebben tal\u00e1lkoznak a tarn\u00f3wiak \u00e9s amit a leggyakrabban keresnek fel a turist\u00e1k Ami benn\u00fcnket jellemez: kit\u0171n\u0151 \u00e9telek \u00e9s \u00edzletes desszertek.<\/p>\r\n<p>&nbsp;<\/p>\r\n<p><b>&#8222;P\u00f3\u0142 na p\u00f3\u0142&#8221; \u00e9tterem<\/b><br \/>\r\n\u00a0pl. Kazimierza Wielkiego 2 (Pasa\u017c Tertila), 33 &#8211; 100 Tarn\u00f3w<br \/>\r\n\u00a0tel.: + 48 14 627 82 78<br \/>\r\n\u00a0<\/p>\r\n<p>\u00a0<b>Konyha:<\/b> hagyom\u00e1nyos lengyel \u00e9s eur\u00f3pai \u00e9telek<\/p>\r\n<p>\u00a0<b>Aj\u00e1nlatunk:<\/b> reggelik, eb\u00e9dek, vacsor\u00e1k, \u00fczleti eb\u00e9dek, catering, bankettek, valamint tal\u00e1lkoz\u00f3k \u00e9s konferenci\u00e1k lebonyol\u00edt\u00e1sa<br \/>\r\n\u00a0<b>A konyhaf\u0151n\u00f6k aj\u00e1nlata:<\/b> \u00edzletes hal- \u00e9s h\u00fas\u00e9telek<br \/>\r\n\u00a0<b>Szervez\u00fcnk:<\/b> jazz esteket<br \/>\r\n\u00a0Klimatiz\u00e1lt \u00e9p\u00fclet, k\u00e9tszintes, akad\u00e1lymentes\u00edtett<br \/>\r\n\u00a0<b>Bankk\u00e1rtya elfogad\u00f3 hely<\/b><br \/>\r\n\u00a0<b>F\u00e9r\u0151helyek sz\u00e1ma:<\/b> 220, ebb\u0151l 140 a konferencia-bankett teremben<br \/>\r\n\u00a0<b>Nyitva minden nap:<\/b> 12h &#8211; 23h<br \/>\r\n\u00a0Az \u00e9tterem a tarn\u00f3wi \u00d3v\u00e1rosban tal\u00e1lhat\u00f3<br \/>\r\n<br \/>\r\n<\/p>\r\n<p>&nbsp;<\/p>\r\n<p>\u00a0<b>&#8222;Tatrza\u0144ska&#8221; k\u00e1v\u00e9h\u00e1z<\/b><br \/>\r\n\u00a0ul. Krakowska 1, 33 &#8211; 100 Tarn\u00f3w<br \/>\r\n\u00a0tel.: +48 14 622 46 36<br \/>\r\n\u00a0e-mail: <a href=\"mailto:kawiarnia@kudelski.pl\">kawiarnia@kudelski.pl<\/a> <br \/>\r\n\u00a0<a class=\"target_blank\" href=\"http:\/\/www.kudelski.pl\/\">www.kudelski.pl<\/a><\/p>\r\n<p>\u00a0<b>Konyha:<\/b> hagyom\u00e1nyos lengyel \u00e9s eur\u00f3pai \u00e9telek<br \/>\r\n\u00a0<b>Aj\u00e1nlatunk:<\/b> reggelik, eb\u00e9dek, vacsor\u00e1k, catering, bankettek<br \/>\r\n\u00a0<b>A mi &#8222;Kulin\u00e1ris napt\u00e1runk&#8221;:<\/b><\/p>\r\n<ul>\r\n\t<li>Eg\u00e9sz \u00e9vben: A Vil\u00e1g Nagy Borainak K\u00f3stol\u00f3ja<\/li>\r\n\t<li>M\u00e1rcius &#8211; \u00c1prilis: Miguel Torres Pinc\u00e9szete<\/li>\r\n\t<li>M\u00e1jus &#8211; J\u00fanius: Sp\u00e1rga Fesztiv\u00e1l<\/li>\r\n\t<li>J\u00falius &#8211; Augusztus: Roz\u00e9 Borfesztiv\u00e1l<\/li>\r\n\t<li>Szeptember: Vak\u00e1ci\u00f3s eml\u00e9kek<\/li>\r\n\t<li>November: Beaujolais Fesztiv\u00e1l<\/li>\r\n<\/ul>\r\n<p>\u00a0<b>Akad\u00e1lymentes\u00edtett, klimatiz\u00e1lt \u00e9p\u00fclet, dr\u00f3tn\u00e9lk\u00fcli internethozz\u00e1f\u00e9r\u00e9si lehet\u0151s\u00e9ggel<\/b><br \/>\r\n\u00a0<b>Bankk\u00e1rtya elfogad\u00f3 hely<\/b><br \/>\r\n\u00a0<b>F\u00e9r\u0151helyek sz\u00e1ma:<\/b> 100<br \/>\r\n\u00a0<b>Nyitva minden nap:<\/b> 9h &#8211; 22h<br \/>\r\n\u00a0A lok\u00e1l \u00e9vk\u00f6zben sok ismert \u00e9s k\u00f6zkedvelt szem\u00e9lyt l\u00e1t vend\u00e9g\u00fcl a kult\u00fara, a politika \u00e9s az \u00fczlet vil\u00e1g\u00e1b\u00f3l<\/p>","protected":false},"excerpt":{"rendered":"Az \u00e9tkez\u00e9si helyek teljes list\u00e1ja az angol nyelv\u0171 oldalon tal\u00e1lhat\u00f3 &nbsp; \u00a0\u00c9ttermek \u00e9s k\u00e1v\u00e9z\u00f3k Tarn\u00f3wban &#8211; tal\u00e1lka helyek \u00a0A m\u0171eml\u00e9k tarn\u00f3wi h\u00e1zakban \u00e9s azok pinc\u00e9iben kialak\u00edtott t\u00f6bb tucat k\u00e1v\u00e9z\u00f3nak, pubnak [&hellip;]","protected":false},"author":1,"featured_media":0,"parent":0,"menu_order":588,"comment_status":"closed","ping_status":"closed","template":"","meta":{"_acf_changed":false,"footnotes":""},"tags":[],"class_list":["post-10080","page","type-page","status-publish","hentry"],"acf":{"old_object_id":"243","old_parent_id":"65","old_url":"Gasztromomia","intro_text":"","show_children":"1","class":"folder","type":"single","in_menu":true,"show_date":false,"map":"","old_id":"","top_column":"","left_column":"","right_column":"","bottom_column":"","skip_import":false,"_menu_related_id":"102308"},"yoast_head":"<!-- This site is optimized with the Yoast SEO Premium plugin v25.4 (Yoast SEO v25.4) - https:\/\/yoast.com\/wordpress\/plugins\/seo\/ -->\n<title>Gasztrom\u00f3mia - Tarnowskie Centrum Informacji<\/title>\n<meta name=\"robots\" content=\"index, follow, max-snippet:-1, max-image-preview:large, max-video-preview:-1\" \/>\n<link rel=\"canonical\" href=\"https:\/\/www.it.tarnow.pl\/hu\/gasztromomia\/\" \/>\n<meta property=\"og:locale\" content=\"hu_HU\" \/>\n<meta property=\"og:type\" content=\"article\" \/>\n<meta property=\"og:title\" content=\"Gasztrom\u00f3mia\" \/>\n<meta property=\"og:description\" content=\"Az \u00e9tkez\u00e9si helyek teljes list\u00e1ja az angol nyelv\u0171 oldalon tal\u00e1lhat\u00f3 &nbsp; \u00a0\u00c9ttermek \u00e9s k\u00e1v\u00e9z\u00f3k Tarn\u00f3wban &#8211; tal\u00e1lka helyek \u00a0A m\u0171eml\u00e9k tarn\u00f3wi h\u00e1zakban \u00e9s azok pinc\u00e9iben kialak\u00edtott t\u00f6bb tucat k\u00e1v\u00e9z\u00f3nak, pubnak [&hellip;]\" \/>\n<meta property=\"og:url\" content=\"https:\/\/www.it.tarnow.pl\/hu\/gasztromomia\/\" \/>\n<meta property=\"og:site_name\" content=\"Tarnowskie Centrum Informacji\" \/>\n<meta property=\"article:modified_time\" content=\"2019-06-07T08:32:33+00:00\" \/>\n<meta name=\"twitter:card\" content=\"summary_large_image\" \/>\n<meta name=\"twitter:label1\" content=\"Becs\u00fclt olvas\u00e1si id\u0151\" \/>\n\t<meta name=\"twitter:data1\" content=\"3 perc\" \/>\n<script type=\"application\/ld+json\" class=\"yoast-schema-graph\">{\"@context\":\"https:\/\/schema.org\",\"@graph\":[{\"@type\":\"WebPage\",\"@id\":\"https:\/\/www.it.tarnow.pl\/hu\/gasztromomia\/\",\"url\":\"https:\/\/www.it.tarnow.pl\/hu\/gasztromomia\/\",\"name\":\"Gasztrom\u00f3mia - Tarnowskie Centrum Informacji\",\"isPartOf\":{\"@id\":\"https:\/\/www.it.tarnow.pl\/#website\"},\"datePublished\":\"2009-11-30T11:42:08+00:00\",\"dateModified\":\"2019-06-07T08:32:33+00:00\",\"breadcrumb\":{\"@id\":\"https:\/\/www.it.tarnow.pl\/hu\/gasztromomia\/#breadcrumb\"},\"inLanguage\":\"hu\",\"potentialAction\":[{\"@type\":\"ReadAction\",\"target\":[\"https:\/\/www.it.tarnow.pl\/hu\/gasztromomia\/\"]}]},{\"@type\":\"BreadcrumbList\",\"@id\":\"https:\/\/www.it.tarnow.pl\/hu\/gasztromomia\/#breadcrumb\",\"itemListElement\":[{\"@type\":\"ListItem\",\"position\":1,\"name\":\"Kezd\u0151lap\",\"item\":\"https:\/\/www.it.tarnow.pl\/hu\/\"},{\"@type\":\"ListItem\",\"position\":2,\"name\":\"Gasztrom\u00f3mia\"}]},{\"@type\":\"WebSite\",\"@id\":\"https:\/\/www.it.tarnow.pl\/#website\",\"url\":\"https:\/\/www.it.tarnow.pl\/\",\"name\":\"Tarnowskie Centrum Informacji\",\"description\":\"Informacja turystyczna o Tarnowie i regionie tarnowskim.\",\"potentialAction\":[{\"@type\":\"SearchAction\",\"target\":{\"@type\":\"EntryPoint\",\"urlTemplate\":\"https:\/\/www.it.tarnow.pl\/?s={search_term_string}\"},\"query-input\":{\"@type\":\"PropertyValueSpecification\",\"valueRequired\":true,\"valueName\":\"search_term_string\"}}],\"inLanguage\":\"hu\"}]}<\/script>\n<!-- \/ Yoast SEO Premium plugin. -->","yoast_head_json":{"title":"Gasztrom\u00f3mia - Tarnowskie Centrum Informacji","robots":{"index":"index","follow":"follow","max-snippet":"max-snippet:-1","max-image-preview":"max-image-preview:large","max-video-preview":"max-video-preview:-1"},"canonical":"https:\/\/www.it.tarnow.pl\/hu\/gasztromomia\/","og_locale":"hu_HU","og_type":"article","og_title":"Gasztrom\u00f3mia","og_description":"Az \u00e9tkez\u00e9si helyek teljes list\u00e1ja az angol nyelv\u0171 oldalon tal\u00e1lhat\u00f3 &nbsp; \u00a0\u00c9ttermek \u00e9s k\u00e1v\u00e9z\u00f3k Tarn\u00f3wban &#8211; tal\u00e1lka helyek \u00a0A m\u0171eml\u00e9k tarn\u00f3wi h\u00e1zakban \u00e9s azok pinc\u00e9iben kialak\u00edtott t\u00f6bb tucat k\u00e1v\u00e9z\u00f3nak, pubnak [&hellip;]","og_url":"https:\/\/www.it.tarnow.pl\/hu\/gasztromomia\/","og_site_name":"Tarnowskie Centrum Informacji","article_modified_time":"2019-06-07T08:32:33+00:00","twitter_card":"summary_large_image","twitter_misc":{"Becs\u00fclt olvas\u00e1si id\u0151":"3 perc"},"schema":{"@context":"https:\/\/schema.org","@graph":[{"@type":"WebPage","@id":"https:\/\/www.it.tarnow.pl\/hu\/gasztromomia\/","url":"https:\/\/www.it.tarnow.pl\/hu\/gasztromomia\/","name":"Gasztrom\u00f3mia - Tarnowskie Centrum Informacji","isPartOf":{"@id":"https:\/\/www.it.tarnow.pl\/#website"},"datePublished":"2009-11-30T11:42:08+00:00","dateModified":"2019-06-07T08:32:33+00:00","breadcrumb":{"@id":"https:\/\/www.it.tarnow.pl\/hu\/gasztromomia\/#breadcrumb"},"inLanguage":"hu","potentialAction":[{"@type":"ReadAction","target":["https:\/\/www.it.tarnow.pl\/hu\/gasztromomia\/"]}]},{"@type":"BreadcrumbList","@id":"https:\/\/www.it.tarnow.pl\/hu\/gasztromomia\/#breadcrumb","itemListElement":[{"@type":"ListItem","position":1,"name":"Kezd\u0151lap","item":"https:\/\/www.it.tarnow.pl\/hu\/"},{"@type":"ListItem","position":2,"name":"Gasztrom\u00f3mia"}]},{"@type":"WebSite","@id":"https:\/\/www.it.tarnow.pl\/#website","url":"https:\/\/www.it.tarnow.pl\/","name":"Tarnowskie Centrum Informacji","description":"Informacja turystyczna o Tarnowie i regionie tarnowskim.","potentialAction":[{"@type":"SearchAction","target":{"@type":"EntryPoint","urlTemplate":"https:\/\/www.it.tarnow.pl\/?s={search_term_string}"},"query-input":{"@type":"PropertyValueSpecification","valueRequired":true,"valueName":"search_term_string"}}],"inLanguage":"hu"}]}},"_links":{"self":[{"href":"https:\/\/www.it.tarnow.pl\/hu\/wp-json\/wp\/v2\/pages\/10080","targetHints":{"allow":["GET"]}}],"collection":[{"href":"https:\/\/www.it.tarnow.pl\/hu\/wp-json\/wp\/v2\/pages"}],"about":[{"href":"https:\/\/www.it.tarnow.pl\/hu\/wp-json\/wp\/v2\/types\/page"}],"author":[{"embeddable":true,"href":"https:\/\/www.it.tarnow.pl\/hu\/wp-json\/wp\/v2\/users\/1"}],"replies":[{"embeddable":true,"href":"https:\/\/www.it.tarnow.pl\/hu\/wp-json\/wp\/v2\/comments?post=10080"}],"version-history":[{"count":0,"href":"https:\/\/www.it.tarnow.pl\/hu\/wp-json\/wp\/v2\/pages\/10080\/revisions"}],"wp:attachment":[{"href":"https:\/\/www.it.tarnow.pl\/hu\/wp-json\/wp\/v2\/media?parent=10080"}],"wp:term":[{"taxonomy":"post_tag","embeddable":true,"href":"https:\/\/www.it.tarnow.pl\/hu\/wp-json\/wp\/v2\/tags?post=10080"}],"curies":[{"name":"wp","href":"https:\/\/api.w.org\/{rel}","templated":true}]}}