{"id":10079,"date":"2009-11-30T12:40:45","date_gmt":"2009-11-30T11:40:45","guid":{"rendered":"http:\/\/www.it.tarnow.pl\/szallashelyek\/"},"modified":"2026-03-23T10:18:05","modified_gmt":"2026-03-23T09:18:05","slug":"szallashelyek","status":"publish","type":"page","link":"https:\/\/www.it.tarnow.pl\/hu\/szallashelyek\/","title":{"rendered":"Sz\u00e1ll\u00e1shelyek"},"content":{"rendered":"<p>A sz\u00e1ll\u00e1shelyek teljes list\u00e1ja az angol nyelv\u0171 oldalon tal\u00e1lhat\u00f3<\/p>\r\n<p>&nbsp;<\/p>\r\n<p><b>&#8222;Bristol&#8221; **** Hotel &#8211; \u00e1tmenetileg z\u00e1rva<\/b><br \/>\r\nul. Krakowska 9, 33-100 Tarn\u00f3w<\/p>\r\n<p><a href=\"mailto:recepcja@hotelbristol.com.pl\">recepcja@hotelbristol.com.pl<\/a> \u00a0<br \/>\r\n<a class=\"target_blank\" href=\"http:\/\/hotelbristol.com.pl\/\">www.hotelbristol.com.pl<\/a> \u00a0<\/p>\r\n<p><b>Szolg\u00e1ltat\u00e1sok:<\/b>\u00a02 \u00e9tterem, konferencia terem, biol\u00f3giai regener\u00e1l\u00f3 szalon, szol\u00e1rium, kondicion\u00e1l\u00f3 terem, jacuzzi, bili\u00e1rd<br \/>\r\n<b>Szob\u00e1k\/f\u00e9r\u0151helyek sz\u00e1ma:<\/b>\u00a015\/40<br \/>\r\n<b>Szob\u00e1k:<\/b>\u00a0klimatiz\u00e1lt egy- \u00e9s k\u00e9tszem\u00e9lyes szob\u00e1k, valamint apartmanok<br \/>\r\n<b>Szob\u00e1k felszerelts\u00e9ge:<\/b>\u00a0f\u00fcrd\u0151szoba hidromassz\u00e1zzsal, h\u0171t\u0151, r\u00e1di\u00f3, szatelit-tv, Internet, telefon<br \/>\r\n<b>Bankk\u00e1rtya elfogad\u00f3 hely\u00a0<\/b><br \/>\r\n<b>Parkol\u00f3:<\/b>\u00a0\u0151rz\u00f6tt<br \/>\r\n<b>H\u00e1zi\u00e1llatok hozhat\u00f3k<\/b><br \/>\r\nA sz\u00e1lloda a v\u00e1rosk\u00f6zpontban tal\u00e1lhat\u00f3 az egyik f\u0151utca mellett. A Hotel &#8222;Bristol&#8221; 2006-ban &#8222;Tarn\u00f3w kultur\u00e1lis Mec\u00e9n\u00e1sa&#8221; c\u00ed\u00admet kapott Tarn\u00f3w v\u00e1ros polg\u00e1rmester\u00e9t\u0151l.<\/p>\r\n<p><b>\u00a0<\/b><\/p>\r\n<p><b>&#8222;Cristal Park&#8221; *** Hotel<\/b><br \/>\r\nul. Traugutta 5, 33-101 Tarn\u00f3w-Mo\u015bcice<br \/>\r\ntel.: +48 14 633 23 82, 14 633 12 27<\/p>\r\n<p><a href=\"mailto:hotel@cristalpark.pl\">hotel@cristalpark.pl<\/a> <br \/>\r\n<a href=\"http:\/\/www.tarnow.cristalpark.pl\/\">www.tarnow.cristalpark.pl<\/a> \u00a0\u00a0<\/p>\r\n<p><b>Szolg\u00e1ltat\u00e1sok:<\/b>\u00a0\u00e9tterem, 2 konferencia terem, szauna, s\u00f3barlang, bili\u00e1rd<br \/>\r\n<b>Akad\u00e1lymentes\u00ed\u00adtett \u00e9p\u00fclet<\/b><br \/>\r\n<b>Szob\u00e1k\/f\u00e9r\u0151helyek sz\u00e1ma:<\/b>\u00a094\/155<br \/>\r\n<b>Szob\u00e1k:<\/b>\u00a0klimatiz\u00e1lt egy- \u00e9s k\u00e9tszem\u00e9lyes szob\u00e1k, valamint apartmanok<br \/>\r\n<b>Szob\u00e1k felszerelts\u00e9ge:<\/b>\u00a0komplett f\u00fcrd\u0151szoba, h\u0171t\u0151, r\u00e1di\u00f3, szatelit-tv, Internet, telefon<br \/>\r\n<b>Bankk\u00e1rtya elfogad\u00f3 hely<\/b><br \/>\r\n<b>Parkol\u00f3:<\/b>\u00a0\u0151rz\u00f6tt, gar\u00e1zsok<br \/>\r\n<b>H\u00e1zi\u00e1llatok hozhat\u00f3k<\/b><br \/>\r\n<b>A k\u00f6zelben:<\/b>\u00a0mozi \u00e9s sportkomplexum (uszoda, teniszp\u00e1ly\u00e1k, sportcsarnok, stadion). A sz\u00e1lloda mellett \u00fajonnan \u00e9p\u00ed\u00adtett Ifj\u00fas\u00e1gi Udvar, mely lehet\u0151s\u00e9get biztos\u00ed\u00adt alkalmi rendezv\u00e9nyek, konferenci\u00e1k lebonyol\u00ed\u00adt\u00e1s\u00e1ra 300 f\u0151ig.<\/p>\r\n<p>&nbsp;<\/p>\r\n<p><b>Gal *** Hotel<\/b><br \/>\r\nul. Dworcowa 5, 33-100 Tarn\u00f3w<br \/>\r\ntel.: +48 14\u00a0688 99 30<br \/>\r\n<a href=\"mailto:recepcja@hotelgaltarnow.pl\">recepcja@hotelgaltarnow.pl<\/a><\/p>\r\n<p><a class=\"target_blank\" href=\"http:\/\/hotelgaltarnow.pl\/\">www.hotelgaltarnow.pl<\/a><\/p>\r\n<p><b>Szob\u00e1k\/f\u00e9r\u0151helyek sz\u00e1ma:<\/b>\u00a033\/60<\/p>\r\n<p><b>Szob\u00e1k:<\/b>\u00a0klimatiz\u00e1lt egy- \u00e9s k\u00e9tszem\u00e9lyes szob\u00e1k, valamint apartmanok<br \/>\r\n<b>Szob\u00e1k felszerelts\u00e9ge:<\/b>\u00a0komplett f\u00fcrd\u0151szoba, h\u0171t\u0151, r\u00e1di\u00f3, szatelit-tv, Internet, telefon<\/p>\r\n<p><b>Bankk\u00e1rtya elfogad\u00f3 hely\u00a0<\/b><\/p>\r\n<p><b>\u00a0<\/b><\/p>\r\n<p><b>Kantoria *** Hotel<\/b><br \/>\r\nul. Pi\u0142sudskiego 28a, 33-100 Tarn\u00f3w<\/p>\r\n<p>e-mail:\u00a0<a href=\"mailto:recepcja@kantoria.pl\">recepcja@kantoria.pl<\/a><\/p>\r\n<p><a href=\"http:\/\/www.hotelgaltarnow.pl\">www.kantoria.pl<\/a><\/p>\r\n<p><b>Szob\u00e1k\/f\u00e9r\u0151helyek sz\u00e1ma:<\/b>\u00a012\/30<\/p>\r\n<p><b>Szob\u00e1k felszerelts\u00e9ge:<\/b>\u00a0h\u0171t\u0151, r\u00e1di\u00f3, szatelit-tv, Internet, telefon<\/p>\r\n<p><b>Bankk\u00e1rtya elfogad\u00f3 hely\u00a0<\/b><\/p>\r\n<p>&nbsp;<\/p>\r\n<p><b>Pod D\u0119bem *** Hotel<\/b><br \/>\r\nul. Heleny Marusarz 9b, 33-100 Tarn\u00f3w<\/p>\r\n<p>e-mail: <a href=\"mailto:recepcja@hpd.pl\">recepcja@hpd.pl<\/a><\/p>\r\n<p><a href=\"http:\/\/www.poddebem.tarnow.pl\/\">www.poddebem.tarnow.pl<\/a><\/p>\r\n<p><b>Szob\u00e1k\/f\u00e9r\u0151helyek sz\u00e1ma:<\/b>\u00a024\/50<\/p>\r\n<p><b>Szob\u00e1k felszerelts\u00e9ge:<\/b>\u00a0h\u0171t\u0151, r\u00e1di\u00f3, szatelit-tv, Internet, telefon<\/p>\r\n<p><b>Bankk\u00e1rtya elfogad\u00f3 hely\u00a0<\/b><\/p>\r\n<p>&nbsp;<\/p>\r\n<p><b>&#8222;Tarnovia&#8221; *** Hotel<\/b><br \/>\r\nul. Ko\u015bciuszki 10, 33-100 Tarn\u00f3w<br \/>\r\ntel.: +48 14 621 26 71, 14 630 03 50, tel.\/fax: +48 14 621 27 44<\/p>\r\n<p>e-mail:\u00a0<a href=\"mailto:recepcja@hotel.tarnovia.pl\">recepcja@hotel.tarnovia.pl<\/a> <br \/>\r\n<a class=\"target_blank\" href=\"http:\/\/www.hotel.tarnovia.pl\/\">www.hotel.tarnovia.pl<\/a><\/p>\r\n<p><b>Szolg\u00e1ltat\u00e1sok:<\/b>\u00a0\u00e9tterem, konferencia termek, biol\u00f3giai regener\u00e1l\u00f3 szalon, fodr\u00e1szat, p\u00f3ker klub, Modern M\u0171v\u00e9szetek Gal\u00e9ri\u00e1ja, valutav\u00e1lt\u00f3<br \/>\r\n<b>Akad\u00e1lymentes\u00ed\u00adtett \u00e9p\u00fclet<\/b><br \/>\r\n<b>Szob\u00e1k\/f\u00e9r\u0151helyek sz\u00e1ma:<\/b>\u00a0150\/195<br \/>\r\n<b>Szob\u00e1k:<\/b>\u00a0egy- \u00e9s k\u00e9tszem\u00e9lyes szob\u00e1k, valamint apartmanok<br \/>\r\n<b>Szob\u00e1k felszerelts\u00e9ge:<\/b>\u00a0komplett f\u00fcrd\u0151szoba, r\u00e1di\u00f3, szatelit-tv, Internet, telefon<br \/>\r\n<b>Bankk\u00e1rtya elfogad\u00f3 hely<\/b><br \/>\r\n<b>Parkol\u00f3:<\/b>\u00a0\u0151rz\u00f6tt, gar\u00e1zsok<br \/>\r\n<b>H\u00e1zi\u00e1llatok hozhat\u00f3k<\/b><br \/>\r\nA sz\u00e1lloda nem messze fekszik az \u00d3v\u00e1rost\u00f3l, a k\u00f6zponti vas\u00fat- \u00e9s aut\u00f3busz\u00e1llom\u00e1s k\u00f6zel\u00e9ben.<\/p>\r\n<p>&nbsp;<\/p>\r\n<p><b>&#8222;Willa Krzyska&#8221; Sz\u00e1lloda, Pub, \u00c9tterem***<\/b><br \/>\r\nul. Krzyska 52b, 33-100 Tarn\u00f3w<\/p>\r\n<p>e-mail:\u00a0<a href=\"mailto:recepcja@willakrzyska.pl\">recepcja@willakrzyska.pl<\/a> <br \/>\r\n<a href=\"http:\/\/www.willakrzyska.pl\/\">www.willakrzyska.pl<\/a><\/p>\r\n<p><b>H\u00e1romcsillagos sz\u00e1lloda<\/b><br \/>\r\n<b>Szolg\u00e1ltat\u00e1sok:<\/b>\u00a0\u00e9tterem, pub, terasz \u00e9s kiskert<br \/>\r\n<b>Konyha:<\/b>\u00a0a klasszikus eur\u00f3pai konyha \u00e9telit \u00e9s a magyar konyha ihlette specialit\u00e1sokat k\u00ed\u00adn\u00e1lj\u00e1k Akad\u00e1lymentes\u00ed\u00adtett \u00e9p\u00fclet<br \/>\r\n<b>Szob\u00e1k felszerelts\u00e9ge:<\/b>\u00a0a ***-os sz\u00ed\u00adnvonalnak megfelel\u0151en &#8211; komplett f\u00fcrd\u0151szoba, r\u00e1di\u00f3, szatelit-tv, Internet, telefon<br \/>\r\n<b>Parkol\u00f3:<\/b>\u00a0a szoba \u00e1ra tartalmazza, kamer\u00e1val megfigyelt, gar\u00e1zs<br \/>\r\n<b>Bankk\u00e1rtya elfogad\u00f3 hely<\/b><br \/>\r\nA sz\u00e1lloda az \u00d3v\u00e1rost\u00f3l nem messze tal\u00e1lhat\u00f3, sz\u00e9les z\u00f6lds\u00e1vval elv\u00e1lasztva a v\u00e1ros f\u0151 k\u00f6zleked\u00e9si \u00fct\u0151er\u00e9t\u0151l. A &#8222;Kislengyelorsz\u00e1g Nagy Felfedez\u00e9se 2006&#8221; szavaz\u00e1son az \u00e9tterem III. helyet \u00e9rt el sz\u00e1ll\u00e1s b\u00e1zis kateg\u00f3ri\u00e1ban.<\/p>\r\n<p>&nbsp;<\/p>\r\n<p><b>U Jana<\/b><br \/>\r\nRynek 14, 33-100 Tarn\u00f3w<br \/>\r\ntel.: +48 14\u00a0626 05 64<br \/>\r\ne-mail:\u00a0 <a href=\"mailto:recepcja@hotelujana.pl\">recepcja@hotelujana.pl<\/a><\/p>\r\n<p><a href=\"http:\/\/www.hotelujana.pl\">www.hotelujana.pl<\/a><\/p>\r\n<p><b>Szob\u00e1k\/f\u00e9r\u0151helyek sz\u00e1ma:<\/b>\u00a012\/44<\/p>\r\n<p><b>Szob\u00e1k felszerelts\u00e9ge:<\/b>\u00a0tv, Internet, telefon<\/p>\r\n<p><b>Bankk\u00e1rtya elfogad\u00f3 hely<\/b><\/p>\r\n<p>&nbsp;<\/p>\r\n<p><b>&#8222;Pod Jab\u0142oniami&#8221; Camping No. 202 ***<\/b><br \/>\r\nul.Pi\u0142sudskiego 28a, 33 &#8211; 100 Tarn\u00f3w<\/p>\r\n<p>e-mail:\u00a0<a href=\"mailto:recepcja@camping.tarnow.pl\">recepcja@camping.tarnow.pl<\/a> <br \/>\r\n<a class=\"target_blank\" href=\"http:\/\/www.camping.tarnow.pl\/\">www.camping.tarnow.pl<\/a><\/p>\r\n<p><b>A camping ter\u00fclete:<\/b>\u00a01 hekt\u00e1r<br \/>\r\n<b>Szolg\u00e1ltat\u00e1sok:<\/b>\u00a0konyha, mosoda, kandall\u00f3s terem, j\u00e1tsz\u00f3t\u00e9r a gyerekeknek, t\u0171zrak\u00f3 hely, grill<br \/>\r\n<b>Akad\u00e1lymentes\u00edtett objektum<\/b><br \/>\r\n<b>Bungall\u00f3k\/f\u00e9r\u0151helyek sz\u00e1ma:<\/b>\u00a018\/70<br \/>\r\n<b>Bankk\u00e1rty\u00e1t nem tudunk elfogadni<\/b>\u00a0<br \/>\r\n<b>Parkol\u00f3:<\/b>\u00a0aut\u00f3buszoknak is, \u0151rz\u00f6tt, d\u00ed\u00adjmentes<br \/>\r\n<b>H\u00e1zi\u00e1llatok<\/b>\u00a0hozhat\u00f3k<br \/>\r\n<b>A k\u00f6zelben:<\/b>\u00a0V\u00e1rosi Park Bem J. t\u00e1bornok Mauz\u00f3leum\u00e1val, sport komplexum (fedett uszoda, teniszp\u00e1ly\u00e1k, stadion). A PFCC aj\u00e1nl\u00e1s\u00e1val. Minden \u00e9vben d\u00ed\u00adjazott az orsz\u00e1gos &#8222;Mister Camping&#8221; versenyen. A camping 1 km-re fekszik a v\u00e1rosk\u00f6zpontt\u00f3l.<\/p>\r\n<p>&nbsp;<\/p>\r\n<p><b>Tarnowskie Centrum Informacji (turisztikai inform\u00e1ci\u00f3k) \u00a0szob\u00e1k<\/b><br \/>\r\nRynek 7, 33-100 Tarn\u00f3w<br \/>\r\ntel.: +48 14\u00a0688 90 90<br \/>\r\ne-mail: <a href=\"mailto:centrum@tarnow.travel\">centrum@tarnow.travel<\/a><\/p>\r\n<p><a href=\"http:\/\/www.tarnow.travel\/index.php\/hun\">http:\/\/www.tarnow.travel\/index.php\/hun<\/a><\/p>\r\n<p><b>Szob\u00e1k\/f\u00e9r\u0151helyek sz\u00e1ma:<\/b>\u00a04\/9<\/p>\r\n<p><b>Szob\u00e1k felszerelts\u00e9ge:<\/b>\u00a0tv, Internet, telefon<\/p>\r\n<p><b>Bankk\u00e1rtya elfogad\u00f3 hely\u00a0<\/b><\/p>\r\n<p>&nbsp;<\/p>\r\n<p><b>Podzamcze (szob\u00e1k)<\/b><br \/>\r\nal. Tarnowskich 75, 33-100 Tarn\u00f3w<br \/>\r\ntel.: +48 14\u00a0627 67 77<br \/>\r\ne-mail: <a href=\"mailto:restauracjapodzamcze@neostrada.pl\">restauracjapodzamcze@neostrada.pl<\/a><\/p>\r\n<p><a href=\"http:\/\/www.restauracjapodzamcze.neostrada.pl\/\">www.restauracjapodzamcze.neostrada.pl<\/a><\/p>\r\n<p><b>Szob\u00e1k\/f\u00e9r\u0151helyek sz\u00e1ma:<\/b>\u00a020\/20<\/p>\r\n<p><b>Szob\u00e1k felszerelts\u00e9ge:<\/b>\u00a0h\u0171t\u0151, r\u00e1di\u00f3, szatelit-tv, Internet, telefon<\/p>\r\n<p><b>Bankk\u00e1rtya elfogad\u00f3 hely\u00a0<\/b><\/p>\r\n<p>&nbsp;<\/p>\r\n<p><b>Mimoza (szob\u00e1k)<\/b><br \/>\r\nul. Pu\u0142askiego 6d, 33-100 Tarn\u00f3w<br \/>\r\ntel.: +48 14\u00a0627 79 99<br \/>\r\ne-mail: <a href=\"mailto:restauracja@restauracjamimoza.pl\">restauracja@restauracjamimoza.pl<\/a><\/p>\r\n<p><a href=\"http:\/\/www.restauracjamimoza.pl\/index.html\">www.restauracjamimoza.pl\/index.html<\/a><\/p>\r\n<p><b>Szob\u00e1k\/f\u00e9r\u0151helyek sz\u00e1ma:<\/b>\u00a08\/20<\/p>\r\n<p><b>Szob\u00e1k felszerelts\u00e9ge:<\/b>\u00a0tv, Internet,<\/p>\r\n<p><b>Bankk\u00e1rtya elfogad\u00f3 hely\u00a0<\/b><\/p>\r\n<p>&nbsp;<\/p>\r\n<p><b>&#8222;Dunajec&#8221; *** Hotel<\/b><br \/>\r\nUl. Krakowska 85, 33-113 Tarn\u00f3w &#8211; Zg\u0142obice<\/p>\r\n<p>e-mail:\u00a0<a href=\"mailto:hotel@hoteldunajec.pl\">hotel@hoteldunajec.pl<\/a> <br \/>\r\n<a class=\"target_blank\" href=\"http:\/\/www.hoteldunajec.pl\/\">www.hoteldunajec.pl<\/a><\/p>\r\n<p><b>Szolg\u00e1ltat\u00e1sok:<\/b>\u00a0k\u00e9t \u00e9p\u00fclet \u00fcvegfolyos\u00f3val \u00f6sszekapcsolva, \u00e9tterem, 3 konferencia terem 160 f\u0151 r\u00e9sz\u00e9re. Ingyenes DSL internethozz\u00e1f\u00e9r\u00e9s az \u00e9tteremben \u00e9s a hotelszob\u00e1kban.<br \/>\r\n<b>Akad\u00e1lymentes\u00edtett \u00e9p\u00fclet<\/b><br \/>\r\n<b>Szob\u00e1k\/f\u00e9r\u0151helyek sz\u00e1ma:<\/b>\u00a036\/74<br \/>\r\n<b>Szob\u00e1k:<\/b>\u00a01, 2, 3, 4 szem\u00e9lyes szob\u00e1k, valamint apartmanok<br \/>\r\n<b>Szob\u00e1k felszerelts\u00e9ge:<\/b>\u00a0komplett f\u00fcrd\u0151szoba, r\u00e1di\u00f3, szatelit-tv, Internet, telefon<br \/>\r\n<b>Bankk\u00e1rtya elfogad\u00f3 hely<\/b><br \/>\r\n<b>Parkol\u00f3:<\/b>\u00a0d\u00ed\u00adjmentes, nem \u0151rz\u00f6tt, bekamer\u00e1zott<br \/>\r\n<b>H\u00e1zi\u00e1llatok hozhat\u00f3k<\/b><br \/>\r\nA sz\u00e1lloda ter\u00fclet\u00e9n teniszp\u00e1lya tal\u00e1lhat\u00f3. A sz\u00e1lloda a Dunajec foly\u00f3 partj\u00e1n, az E-40 Krakk\u00f3-Tarn\u00f3w nemzetk\u00f6zi \u00fat mellett, a tarn\u00f3wi \u00d3v\u00e1rost\u00f3l 10 km-re tal\u00e1lhat\u00f3.<\/p>\r\n<p>&nbsp;<\/p>\r\n<p><b>Kardamon *** Hotel<\/b><br \/>\r\nul. Zbylitowskich 157, 33-113 Tarn\u00f3w- Zbylitowska G\u00f3ra <br \/>\r\ntel.: +48 14\u00a0652 06 05<br \/>\r\ne-mail: <a href=\"mailto:biuro@hotel-kardamon.pl\">biuro@hotel-kardamon.pl<\/a><\/p>\r\n<p><a href=\"http:\/\/www.hotel-kardamon.pl\/\">www.hotel-kardamon.pl<\/a><\/p>\r\n<p><b>Szob\u00e1k\/f\u00e9r\u0151helyek sz\u00e1ma:<\/b>\u00a012\/19<\/p>\r\n<p><b>Szob\u00e1k felszerelts\u00e9ge:<\/b>\u00a0h\u0171t\u0151, r\u00e1di\u00f3, szatelit-tv, Internet, telefon<\/p>\r\n<p><b>Bankk\u00e1rtya elfogad\u00f3 hely\u00a0<\/b><\/p>\r\n<p>&nbsp;<\/p>\r\n<p><b>Taurus *** Hotel<\/b><br \/>\r\nul. \u0141adna 5, 33-156 Skrzysz\u00f3w \u00a0<br \/>\r\ntel.: +48 14\u00a0674 80 80<br \/>\r\ne-mail: <a href=\"mailto:hotelladna@stan-taurus.com.pl\">hotelladna@stan-taurus.com.pl<\/a><\/p>\r\n<p><a href=\"http:\/\/www.stan-taurus.com.pl\/\">www.stan-taurus.com.pl<\/a><\/p>\r\n<p><b>Szob\u00e1k\/f\u00e9r\u0151helyek sz\u00e1ma:<\/b>\u00a023\/47<\/p>\r\n<p><b>Szob\u00e1k felszerelts\u00e9ge:<\/b>\u00a0h\u0171t\u0151, r\u00e1di\u00f3, szatelit-tv, Internet, telefon<\/p>\r\n<p><b>Bankk\u00e1rtya elfogad\u00f3 hely\u00a0<\/b><br \/>\r\n<b>Parkol\u00f3:<\/b>\u00a0\u0151rz\u00f6tt<\/p>","protected":false},"excerpt":{"rendered":"A sz\u00e1ll\u00e1shelyek teljes list\u00e1ja az angol nyelv\u0171 oldalon tal\u00e1lhat\u00f3 &nbsp; &#8222;Bristol&#8221; **** Hotel &#8211; \u00e1tmenetileg z\u00e1rva ul. Krakowska 9, 33-100 Tarn\u00f3w recepcja@hotelbristol.com.pl \u00a0 www.hotelbristol.com.pl \u00a0 Szolg\u00e1ltat\u00e1sok:\u00a02 \u00e9tterem, konferencia terem, biol\u00f3giai [&hellip;]","protected":false},"author":1,"featured_media":0,"parent":0,"menu_order":586,"comment_status":"closed","ping_status":"closed","template":"","meta":{"_acf_changed":false,"footnotes":""},"tags":[],"class_list":["post-10079","page","type-page","status-publish","hentry"],"acf":{"intro_text":"","in_menu":true,"show_date":false,"map":""},"yoast_head":"<!-- This site is optimized with the Yoast SEO Premium plugin v25.4 (Yoast SEO v25.4) - https:\/\/yoast.com\/wordpress\/plugins\/seo\/ -->\n<title>Sz\u00e1ll\u00e1shelyek - Tarnowskie Centrum Informacji<\/title>\n<meta name=\"robots\" content=\"index, follow, max-snippet:-1, max-image-preview:large, max-video-preview:-1\" \/>\n<link rel=\"canonical\" href=\"https:\/\/www.it.tarnow.pl\/hu\/szallashelyek\/\" \/>\n<meta property=\"og:locale\" content=\"hu_HU\" \/>\n<meta property=\"og:type\" content=\"article\" \/>\n<meta property=\"og:title\" content=\"Sz\u00e1ll\u00e1shelyek\" \/>\n<meta property=\"og:description\" content=\"A sz\u00e1ll\u00e1shelyek teljes list\u00e1ja az angol nyelv\u0171 oldalon tal\u00e1lhat\u00f3 &nbsp; &#8222;Bristol&#8221; **** Hotel &#8211; \u00e1tmenetileg z\u00e1rva ul. Krakowska 9, 33-100 Tarn\u00f3w recepcja@hotelbristol.com.pl \u00a0 www.hotelbristol.com.pl \u00a0 Szolg\u00e1ltat\u00e1sok:\u00a02 \u00e9tterem, konferencia terem, biol\u00f3giai [&hellip;]\" \/>\n<meta property=\"og:url\" content=\"https:\/\/www.it.tarnow.pl\/hu\/szallashelyek\/\" \/>\n<meta property=\"og:site_name\" content=\"Tarnowskie Centrum Informacji\" \/>\n<meta property=\"article:modified_time\" content=\"2026-03-23T09:18:05+00:00\" \/>\n<meta name=\"twitter:card\" content=\"summary_large_image\" \/>\n<meta name=\"twitter:label1\" content=\"Becs\u00fclt olvas\u00e1si id\u0151\" \/>\n\t<meta name=\"twitter:data1\" content=\"6 perc\" \/>\n<script type=\"application\/ld+json\" class=\"yoast-schema-graph\">{\"@context\":\"https:\/\/schema.org\",\"@graph\":[{\"@type\":\"WebPage\",\"@id\":\"https:\/\/www.it.tarnow.pl\/hu\/szallashelyek\/\",\"url\":\"https:\/\/www.it.tarnow.pl\/hu\/szallashelyek\/\",\"name\":\"Sz\u00e1ll\u00e1shelyek - Tarnowskie Centrum Informacji\",\"isPartOf\":{\"@id\":\"https:\/\/www.it.tarnow.pl\/#website\"},\"datePublished\":\"2009-11-30T11:40:45+00:00\",\"dateModified\":\"2026-03-23T09:18:05+00:00\",\"breadcrumb\":{\"@id\":\"https:\/\/www.it.tarnow.pl\/hu\/szallashelyek\/#breadcrumb\"},\"inLanguage\":\"hu\",\"potentialAction\":[{\"@type\":\"ReadAction\",\"target\":[\"https:\/\/www.it.tarnow.pl\/hu\/szallashelyek\/\"]}]},{\"@type\":\"BreadcrumbList\",\"@id\":\"https:\/\/www.it.tarnow.pl\/hu\/szallashelyek\/#breadcrumb\",\"itemListElement\":[{\"@type\":\"ListItem\",\"position\":1,\"name\":\"Kezd\u0151lap\",\"item\":\"https:\/\/www.it.tarnow.pl\/hu\/\"},{\"@type\":\"ListItem\",\"position\":2,\"name\":\"Sz\u00e1ll\u00e1shelyek\"}]},{\"@type\":\"WebSite\",\"@id\":\"https:\/\/www.it.tarnow.pl\/#website\",\"url\":\"https:\/\/www.it.tarnow.pl\/\",\"name\":\"Tarnowskie Centrum Informacji\",\"description\":\"Informacja turystyczna o Tarnowie i regionie tarnowskim.\",\"potentialAction\":[{\"@type\":\"SearchAction\",\"target\":{\"@type\":\"EntryPoint\",\"urlTemplate\":\"https:\/\/www.it.tarnow.pl\/?s={search_term_string}\"},\"query-input\":{\"@type\":\"PropertyValueSpecification\",\"valueRequired\":true,\"valueName\":\"search_term_string\"}}],\"inLanguage\":\"hu\"}]}<\/script>\n<!-- \/ Yoast SEO Premium plugin. -->","yoast_head_json":{"title":"Sz\u00e1ll\u00e1shelyek - Tarnowskie Centrum Informacji","robots":{"index":"index","follow":"follow","max-snippet":"max-snippet:-1","max-image-preview":"max-image-preview:large","max-video-preview":"max-video-preview:-1"},"canonical":"https:\/\/www.it.tarnow.pl\/hu\/szallashelyek\/","og_locale":"hu_HU","og_type":"article","og_title":"Sz\u00e1ll\u00e1shelyek","og_description":"A sz\u00e1ll\u00e1shelyek teljes list\u00e1ja az angol nyelv\u0171 oldalon tal\u00e1lhat\u00f3 &nbsp; &#8222;Bristol&#8221; **** Hotel &#8211; \u00e1tmenetileg z\u00e1rva ul. Krakowska 9, 33-100 Tarn\u00f3w recepcja@hotelbristol.com.pl \u00a0 www.hotelbristol.com.pl \u00a0 Szolg\u00e1ltat\u00e1sok:\u00a02 \u00e9tterem, konferencia terem, biol\u00f3giai [&hellip;]","og_url":"https:\/\/www.it.tarnow.pl\/hu\/szallashelyek\/","og_site_name":"Tarnowskie Centrum Informacji","article_modified_time":"2026-03-23T09:18:05+00:00","twitter_card":"summary_large_image","twitter_misc":{"Becs\u00fclt olvas\u00e1si id\u0151":"6 perc"},"schema":{"@context":"https:\/\/schema.org","@graph":[{"@type":"WebPage","@id":"https:\/\/www.it.tarnow.pl\/hu\/szallashelyek\/","url":"https:\/\/www.it.tarnow.pl\/hu\/szallashelyek\/","name":"Sz\u00e1ll\u00e1shelyek - Tarnowskie Centrum Informacji","isPartOf":{"@id":"https:\/\/www.it.tarnow.pl\/#website"},"datePublished":"2009-11-30T11:40:45+00:00","dateModified":"2026-03-23T09:18:05+00:00","breadcrumb":{"@id":"https:\/\/www.it.tarnow.pl\/hu\/szallashelyek\/#breadcrumb"},"inLanguage":"hu","potentialAction":[{"@type":"ReadAction","target":["https:\/\/www.it.tarnow.pl\/hu\/szallashelyek\/"]}]},{"@type":"BreadcrumbList","@id":"https:\/\/www.it.tarnow.pl\/hu\/szallashelyek\/#breadcrumb","itemListElement":[{"@type":"ListItem","position":1,"name":"Kezd\u0151lap","item":"https:\/\/www.it.tarnow.pl\/hu\/"},{"@type":"ListItem","position":2,"name":"Sz\u00e1ll\u00e1shelyek"}]},{"@type":"WebSite","@id":"https:\/\/www.it.tarnow.pl\/#website","url":"https:\/\/www.it.tarnow.pl\/","name":"Tarnowskie Centrum Informacji","description":"Informacja turystyczna o Tarnowie i regionie tarnowskim.","potentialAction":[{"@type":"SearchAction","target":{"@type":"EntryPoint","urlTemplate":"https:\/\/www.it.tarnow.pl\/?s={search_term_string}"},"query-input":{"@type":"PropertyValueSpecification","valueRequired":true,"valueName":"search_term_string"}}],"inLanguage":"hu"}]}},"_links":{"self":[{"href":"https:\/\/www.it.tarnow.pl\/hu\/wp-json\/wp\/v2\/pages\/10079","targetHints":{"allow":["GET"]}}],"collection":[{"href":"https:\/\/www.it.tarnow.pl\/hu\/wp-json\/wp\/v2\/pages"}],"about":[{"href":"https:\/\/www.it.tarnow.pl\/hu\/wp-json\/wp\/v2\/types\/page"}],"author":[{"embeddable":true,"href":"https:\/\/www.it.tarnow.pl\/hu\/wp-json\/wp\/v2\/users\/1"}],"replies":[{"embeddable":true,"href":"https:\/\/www.it.tarnow.pl\/hu\/wp-json\/wp\/v2\/comments?post=10079"}],"version-history":[{"count":1,"href":"https:\/\/www.it.tarnow.pl\/hu\/wp-json\/wp\/v2\/pages\/10079\/revisions"}],"predecessor-version":[{"id":347141,"href":"https:\/\/www.it.tarnow.pl\/hu\/wp-json\/wp\/v2\/pages\/10079\/revisions\/347141"}],"wp:attachment":[{"href":"https:\/\/www.it.tarnow.pl\/hu\/wp-json\/wp\/v2\/media?parent=10079"}],"wp:term":[{"taxonomy":"post_tag","embeddable":true,"href":"https:\/\/www.it.tarnow.pl\/hu\/wp-json\/wp\/v2\/tags?post=10079"}],"curies":[{"name":"wp","href":"https:\/\/api.w.org\/{rel}","templated":true}]}}