{"id":10078,"date":"2009-11-30T12:41:03","date_gmt":"2009-11-30T11:41:03","guid":{"rendered":"http:\/\/www.it.tarnow.pl\/kozlekedes\/"},"modified":"2022-04-13T12:12:50","modified_gmt":"2022-04-13T10:12:50","slug":"kozlekedes","status":"publish","type":"page","link":"https:\/\/www.it.tarnow.pl\/hu\/kozlekedes\/","title":{"rendered":"K\u00f6zleked\u00e9s"},"content":{"rendered":"<p><img loading=\"lazy\" decoding=\"async\" width=\"3283\" height=\"800\" class=\"size-reference wp-image-30502\" src=\"http:\/\/www.it.tarnow.pl\/wp-content\/uploads\/2019\/02\/dworzec-panorama-02_2_1m.jpg\" alt=\"\" srcset=\"https:\/\/www.it.tarnow.pl\/wp-content\/uploads\/2019\/02\/dworzec-panorama-02_2_1m.jpg 3283w, https:\/\/www.it.tarnow.pl\/wp-content\/uploads\/2019\/02\/dworzec-panorama-02_2_1m-400x97.jpg 400w, https:\/\/www.it.tarnow.pl\/wp-content\/uploads\/2019\/02\/dworzec-panorama-02_2_1m-768x187.jpg 768w, https:\/\/www.it.tarnow.pl\/wp-content\/uploads\/2019\/02\/dworzec-panorama-02_2_1m-650x158.jpg 650w, https:\/\/www.it.tarnow.pl\/wp-content\/uploads\/2019\/02\/dworzec-panorama-02_2_1m-300x73.jpg 300w, https:\/\/www.it.tarnow.pl\/wp-content\/uploads\/2019\/02\/dworzec-panorama-02_2_1m-1024x250.jpg 1024w\" sizes=\"auto, (max-width: 3283px) 100vw, 3283px\" \/><\/p>\r\n<p>&nbsp;<\/p>\r\n<p><b>Rep\u00fcl\u0151g\u00e9ppel &#8211;\u00a0<\/b>aktu\u00e1liz\u00e1l\u00e1s 07.09.2021<\/p>\r\n<ul>\r\n\t<li>kis g\u00e9pek lesz\u00e1ll\u00f3tere <a class=\"target_blank\" href=\"http:\/\/www.azt.tarman.pl\/\">www.azt.tarman.pl<\/a><\/li>\r\n\t<li><a class=\"target_blank\" href=\"http:\/\/www.lotnisko-balice.pl\/\"><b>Krak\u00f3w &#8211; Balice<\/b><\/a> A legk\u00f6zelebbi rep\u00fcl\u0151t\u00e9r t\u00e1vols\u00e1ga Tarnowt\u00f3l: 90 km\u00a0<\/li>\r\n\t<li>Balice rep\u00fcl\u0151t\u00e9r\u0151l Tarn\u00f3wba\r\n\r\n<ul>\r\n\t<li>rep\u00fcl\u0151t\u00e9rr\u0151l a Krakk\u00f3i F\u0151p\u00e1lyaudvarhoz:\u00a0<a class=\"target_blank\" href=\"http:\/\/www.rozklad-pkp.pl\/en\/tp?REQ0JourneyStopsS0G=5100028&amp;REQ0JourneyStopsS0A=1&amp;start=start\">vonattal<\/a> indul\u00e1s 30-60 percenk\u00e9nt, menet kb. 20 perc<\/li>\r\n\t<li>A F\u0151p\u00e1lyaudv\u00e1rt\u00f3l Tarn\u00f3wba, indul\u00e1sok kb. 20-40 percenk\u00e9nt, menet id\u0151:\r\n\r\n<ul>\r\n\t<li>szem\u00e9lyvonat &#8211; kb. 60-75 perc<\/li>\r\n\t<li>expres &#8211; kb. 50 &#8211; 60 perc<\/li>\r\n<\/ul>\r\n<\/li>\r\n<\/ul>\r\n<\/li>\r\n<\/ul>\r\n<p>&nbsp;<\/p>\r\n<p><img loading=\"lazy\" decoding=\"async\" width=\"407\" height=\"407\" class=\"size-original aligncenter wp-image-30525\" src=\"http:\/\/www.it.tarnow.pl\/wp-content\/uploads\/2019\/02\/mapka-EIP_reference.jpg\" alt=\"\" srcset=\"https:\/\/www.it.tarnow.pl\/wp-content\/uploads\/2019\/02\/mapka-EIP_reference.jpg 407w, https:\/\/www.it.tarnow.pl\/wp-content\/uploads\/2019\/02\/mapka-EIP_reference-250x250.jpg 250w, https:\/\/www.it.tarnow.pl\/wp-content\/uploads\/2019\/02\/mapka-EIP_reference-400x400.jpg 400w, https:\/\/www.it.tarnow.pl\/wp-content\/uploads\/2019\/02\/mapka-EIP_reference-300x300.jpg 300w, https:\/\/www.it.tarnow.pl\/wp-content\/uploads\/2019\/02\/mapka-EIP_reference-150x150.jpg 150w\" sizes=\"auto, (max-width: 407px) 100vw, 407px\" \/><\/p>\r\n<p>&nbsp;<\/p>\r\n<p>vagy<\/p>\r\n<p>busz utaz\u00e1si id\u0151 80 perc alatt <a href=\"http:\/\/en.e-podroznik.pl\/\">http:\/\/en.e-podroznik.pl<\/a><\/p>\r\n<p>&nbsp;<\/p>\r\n<ul>\r\n\t<li><a class=\"target_blank\" href=\"http:\/\/www.rzeszowairport.pl\/en\"><b>Rzesz\u00f3w &#8211; Jasionka<\/b><\/a> A m\u00e1sik nemzetk\u00f6zi rep\u00fcl\u0151t\u00e9r, t\u00e1vols\u00e1g Tarnowt\u00f3l 90 km Jesionka Rep\u00fcl\u0151t\u00e9rt\u0151l a Vas\u00fati P\u00e1lyaudvarhoz\r\n\r\n<ol>\r\n\t<li>A p\u00e1lyaudvart\u00f3l Tarn\u00f3wba, indul\u00e1sok kb. 120 percenk\u00e9nt\r\n\r\n<ul>\r\n\t<li>szem\u00e9lyvonat kb. 90 perc<\/li>\r\n<\/ul>\r\n<\/li>\r\n<\/ol>\r\n<\/li>\r\n<\/ul>\r\n<p>\u00a0<br \/>\r\n<b>aut\u00f3val<\/b> &#8211; aktu\u00e1liz\u00e1l\u00e1s 07.09.2021<\/p>\r\n<p>\u00a0Tarn\u00f3w Krakk\u00f3t\u00f3l 80 km-re fekszik, a nemzetk\u00f6zi E-40-es \u00faton. \u00c9szak &#8211; d\u00e9li ir\u00e1nyba utazva Tarn\u00f3wba 73-as \u00faton \u00e9rkezhetsz.<br \/>\r\n\u00a0T\u00e1vols\u00e1gok Tarn\u00f3vt\u00f3l &#8211; \u2026 ig<br \/>\r\n\u00a0Balice Rep\u00fcl\u0151t\u00e9r 90 km<br \/>\r\n\u00a0Krakk\u00f3 80 km<br \/>\r\n\u00a0Wieliczka 70 km<br \/>\r\n\u00a0Vars\u00f3 298 km<br \/>\r\n\u00a0Czestochowa 200 km<\/p>\r\n<p>A e-TOLL egy olyan elektronikus fizet\u0151rendszer, mely 2011 \u00f3ta m\u0171k\u00f6dik Lengyelorsz\u00e1g egyes \u00fatszakaszain. Minden aut\u00f3vezet\u0151, aki az aj\u00e1nlott fizet\u0151s \u00fath\u00e1l\u00f3zaton k\u00f6zlekedik szem\u00e9lyg\u00e9pkocsival vagy g\u00e9pj\u00e1rm\u0171 egy\u00fcttessel a megengedett 3,5 tonn\u00e1n fel\u00fcl vagy aut\u00f3busszal &#8211; s\u00falyt\u00f3l f\u00fcggetlen\u00fcl &#8211; k\u00f6teles a e-Toll rendszer haszn\u00e1lat\u00e1ra. A lak\u00f3kocsival utaz\u00f3k sz\u00e1m\u00e1ra is k\u00f6telez\u0151 a e-Toll rendszer haszn\u00e1lata.<\/p>\r\n<p>Mikor \u00e1tl\u00e9p\u00fcnk az aut\u00f3p\u00e1lya azon pontj\u00e1n, ahonnan az adott szakasz fizet\u00e9sk\u00f6teles, egy mikrohull\u00e1mokkal m\u0171k\u00f6d\u0151 rendszer seg\u00edts\u00e9g\u00e9vel egy antenna kapcsolatba l\u00e9p a g\u00e9pkocsiba beszerelt eszk\u00f6zzel, s ily m\u00f3don ker\u00fcl meg\u00e1llap\u00edt\u00e1sra a m\u00e9lt\u00e1nyos d\u00edj. A e-Toll rendszer kisz\u00e1m\u00edtja a kifizetend\u0151 \u00f6sszeget a megtett kil\u00f3m\u00e9terek alapj\u00e1n, s azt levonja az el\u0151re felt\u00f6tlt\u00f6tt eszk\u00f6zr\u0151l.<\/p>\r\n<p>2014. augusztus 1-t\u0151l a viaAuto k\u00e9sz\u00fcl\u00e9k aut\u00f3p\u00e1lya fizet\u00e9sre 3,5 tonna alatti szem\u00e9lyg\u00e9pkocsik sz\u00e1m\u00e1ra is megv\u00e1s\u00e1rolhat\u00f3 \u00e9s felt\u00f6lthet\u0151 a hat\u00e1rmenti disztrib\u00faci\u00f3s \u00e1llom\u00e1sokon. (Lista a e-Toll oldal\u00e1n.)<\/p>\r\n<p>A szolg\u00e1ltat\u00e1s szem\u00e9lyg\u00e9pkocsik sz\u00e1m\u00e1ra nem k\u00f6telez\u0151.<\/p>\r\n<p>B\u0151vebb inform\u00e1ci\u00f3: <a href=\"https:\/\/etoll.gov.pl\/en\/\">https:\/\/etoll.gov.pl\/en\/<\/a><\/p>\r\n<p>&nbsp;<\/p>\r\n<p><b>Vasuttal<\/b> &#8211; aktu\u00e1liz\u00e1l\u00e1s 07.09.2021<\/p>\r\n<p>Menetrendek a honlapokan tal\u00e1lhat\u00f3ak<br \/>\r\n<a class=\"target_blank\" href=\"http:\/\/rozklad.pkp.pl\/bin\/query.exe\/en?\">http:\/\/rozklad.pkp.pl\/bin\/query.exe\/en?<\/a> <br \/>\r\n<a class=\"target_blank\" href=\"http:\/\/intercity.pl\/en\/\">http:\/\/intercity.pl\/en\/<\/a><\/p>","protected":false},"excerpt":{"rendered":"&nbsp; Rep\u00fcl\u0151g\u00e9ppel &#8211;\u00a0aktu\u00e1liz\u00e1l\u00e1s 07.09.2021 kis g\u00e9pek lesz\u00e1ll\u00f3tere www.azt.tarman.pl Krak\u00f3w &#8211; Balice A legk\u00f6zelebbi rep\u00fcl\u0151t\u00e9r t\u00e1vols\u00e1ga Tarnowt\u00f3l: 90 km\u00a0 Balice rep\u00fcl\u0151t\u00e9r\u0151l Tarn\u00f3wba rep\u00fcl\u0151t\u00e9rr\u0151l a Krakk\u00f3i F\u0151p\u00e1lyaudvarhoz:\u00a0vonattal indul\u00e1s 30-60 percenk\u00e9nt, menet kb. [&hellip;]","protected":false},"author":1,"featured_media":0,"parent":0,"menu_order":585,"comment_status":"closed","ping_status":"closed","template":"","meta":{"_acf_changed":false,"footnotes":""},"tags":[],"class_list":["post-10078","page","type-page","status-publish","hentry"],"acf":{"old_object_id":"242","old_parent_id":"65","old_url":"Koezlekedes","intro_text":"","show_children":"1","class":"folder","type":"single","in_menu":true,"show_date":false,"map":"","old_id":"","rooms_info":"","top_column":"","left_column":"","right_column":"","bottom_column":"","skip_import":false,"_menu_related_id":"102310"},"yoast_head":"<!-- This site is optimized with the Yoast SEO Premium plugin v25.4 (Yoast SEO v25.4) - https:\/\/yoast.com\/wordpress\/plugins\/seo\/ -->\n<title>K\u00f6zleked\u00e9s - Tarnowskie Centrum Informacji<\/title>\n<meta name=\"robots\" content=\"index, follow, max-snippet:-1, max-image-preview:large, max-video-preview:-1\" \/>\n<link rel=\"canonical\" href=\"https:\/\/www.it.tarnow.pl\/hu\/kozlekedes\/\" \/>\n<meta property=\"og:locale\" content=\"hu_HU\" \/>\n<meta property=\"og:type\" content=\"article\" \/>\n<meta property=\"og:title\" content=\"K\u00f6zleked\u00e9s\" \/>\n<meta property=\"og:description\" content=\"&nbsp; Rep\u00fcl\u0151g\u00e9ppel &#8211;\u00a0aktu\u00e1liz\u00e1l\u00e1s 07.09.2021 kis g\u00e9pek lesz\u00e1ll\u00f3tere www.azt.tarman.pl Krak\u00f3w &#8211; Balice A legk\u00f6zelebbi rep\u00fcl\u0151t\u00e9r t\u00e1vols\u00e1ga Tarnowt\u00f3l: 90 km\u00a0 Balice rep\u00fcl\u0151t\u00e9r\u0151l Tarn\u00f3wba rep\u00fcl\u0151t\u00e9rr\u0151l a Krakk\u00f3i F\u0151p\u00e1lyaudvarhoz:\u00a0vonattal indul\u00e1s 30-60 percenk\u00e9nt, menet kb. [&hellip;]\" \/>\n<meta property=\"og:url\" content=\"https:\/\/www.it.tarnow.pl\/hu\/kozlekedes\/\" \/>\n<meta property=\"og:site_name\" content=\"Tarnowskie Centrum Informacji\" \/>\n<meta property=\"article:modified_time\" content=\"2022-04-13T10:12:50+00:00\" \/>\n<meta property=\"og:image\" content=\"http:\/\/www.it.tarnow.pl\/wp-content\/uploads\/2019\/02\/dworzec-panorama-02_2_1m.jpg\" \/>\n<meta name=\"twitter:card\" content=\"summary_large_image\" \/>\n<meta name=\"twitter:label1\" content=\"Becs\u00fclt olvas\u00e1si id\u0151\" \/>\n\t<meta name=\"twitter:data1\" content=\"2 perc\" \/>\n<script type=\"application\/ld+json\" class=\"yoast-schema-graph\">{\"@context\":\"https:\/\/schema.org\",\"@graph\":[{\"@type\":\"WebPage\",\"@id\":\"https:\/\/www.it.tarnow.pl\/hu\/kozlekedes\/\",\"url\":\"https:\/\/www.it.tarnow.pl\/hu\/kozlekedes\/\",\"name\":\"K\u00f6zleked\u00e9s - Tarnowskie Centrum Informacji\",\"isPartOf\":{\"@id\":\"https:\/\/www.it.tarnow.pl\/#website\"},\"primaryImageOfPage\":{\"@id\":\"https:\/\/www.it.tarnow.pl\/hu\/kozlekedes\/#primaryimage\"},\"image\":{\"@id\":\"https:\/\/www.it.tarnow.pl\/hu\/kozlekedes\/#primaryimage\"},\"thumbnailUrl\":\"http:\/\/www.it.tarnow.pl\/wp-content\/uploads\/2019\/02\/dworzec-panorama-02_2_1m.jpg\",\"datePublished\":\"2009-11-30T11:41:03+00:00\",\"dateModified\":\"2022-04-13T10:12:50+00:00\",\"breadcrumb\":{\"@id\":\"https:\/\/www.it.tarnow.pl\/hu\/kozlekedes\/#breadcrumb\"},\"inLanguage\":\"hu\",\"potentialAction\":[{\"@type\":\"ReadAction\",\"target\":[\"https:\/\/www.it.tarnow.pl\/hu\/kozlekedes\/\"]}]},{\"@type\":\"ImageObject\",\"inLanguage\":\"hu\",\"@id\":\"https:\/\/www.it.tarnow.pl\/hu\/kozlekedes\/#primaryimage\",\"url\":\"http:\/\/www.it.tarnow.pl\/wp-content\/uploads\/2019\/02\/dworzec-panorama-02_2_1m.jpg\",\"contentUrl\":\"http:\/\/www.it.tarnow.pl\/wp-content\/uploads\/2019\/02\/dworzec-panorama-02_2_1m.jpg\"},{\"@type\":\"BreadcrumbList\",\"@id\":\"https:\/\/www.it.tarnow.pl\/hu\/kozlekedes\/#breadcrumb\",\"itemListElement\":[{\"@type\":\"ListItem\",\"position\":1,\"name\":\"Kezd\u0151lap\",\"item\":\"https:\/\/www.it.tarnow.pl\/hu\/\"},{\"@type\":\"ListItem\",\"position\":2,\"name\":\"K\u00f6zleked\u00e9s\"}]},{\"@type\":\"WebSite\",\"@id\":\"https:\/\/www.it.tarnow.pl\/#website\",\"url\":\"https:\/\/www.it.tarnow.pl\/\",\"name\":\"Tarnowskie Centrum Informacji\",\"description\":\"Informacja turystyczna o Tarnowie i regionie tarnowskim.\",\"potentialAction\":[{\"@type\":\"SearchAction\",\"target\":{\"@type\":\"EntryPoint\",\"urlTemplate\":\"https:\/\/www.it.tarnow.pl\/?s={search_term_string}\"},\"query-input\":{\"@type\":\"PropertyValueSpecification\",\"valueRequired\":true,\"valueName\":\"search_term_string\"}}],\"inLanguage\":\"hu\"}]}<\/script>\n<!-- \/ Yoast SEO Premium plugin. -->","yoast_head_json":{"title":"K\u00f6zleked\u00e9s - Tarnowskie Centrum Informacji","robots":{"index":"index","follow":"follow","max-snippet":"max-snippet:-1","max-image-preview":"max-image-preview:large","max-video-preview":"max-video-preview:-1"},"canonical":"https:\/\/www.it.tarnow.pl\/hu\/kozlekedes\/","og_locale":"hu_HU","og_type":"article","og_title":"K\u00f6zleked\u00e9s","og_description":"&nbsp; Rep\u00fcl\u0151g\u00e9ppel &#8211;\u00a0aktu\u00e1liz\u00e1l\u00e1s 07.09.2021 kis g\u00e9pek lesz\u00e1ll\u00f3tere www.azt.tarman.pl Krak\u00f3w &#8211; Balice A legk\u00f6zelebbi rep\u00fcl\u0151t\u00e9r t\u00e1vols\u00e1ga Tarnowt\u00f3l: 90 km\u00a0 Balice rep\u00fcl\u0151t\u00e9r\u0151l Tarn\u00f3wba rep\u00fcl\u0151t\u00e9rr\u0151l a Krakk\u00f3i F\u0151p\u00e1lyaudvarhoz:\u00a0vonattal indul\u00e1s 30-60 percenk\u00e9nt, menet kb. [&hellip;]","og_url":"https:\/\/www.it.tarnow.pl\/hu\/kozlekedes\/","og_site_name":"Tarnowskie Centrum Informacji","article_modified_time":"2022-04-13T10:12:50+00:00","og_image":[{"url":"http:\/\/www.it.tarnow.pl\/wp-content\/uploads\/2019\/02\/dworzec-panorama-02_2_1m.jpg","type":"","width":"","height":""}],"twitter_card":"summary_large_image","twitter_misc":{"Becs\u00fclt olvas\u00e1si id\u0151":"2 perc"},"schema":{"@context":"https:\/\/schema.org","@graph":[{"@type":"WebPage","@id":"https:\/\/www.it.tarnow.pl\/hu\/kozlekedes\/","url":"https:\/\/www.it.tarnow.pl\/hu\/kozlekedes\/","name":"K\u00f6zleked\u00e9s - Tarnowskie Centrum Informacji","isPartOf":{"@id":"https:\/\/www.it.tarnow.pl\/#website"},"primaryImageOfPage":{"@id":"https:\/\/www.it.tarnow.pl\/hu\/kozlekedes\/#primaryimage"},"image":{"@id":"https:\/\/www.it.tarnow.pl\/hu\/kozlekedes\/#primaryimage"},"thumbnailUrl":"http:\/\/www.it.tarnow.pl\/wp-content\/uploads\/2019\/02\/dworzec-panorama-02_2_1m.jpg","datePublished":"2009-11-30T11:41:03+00:00","dateModified":"2022-04-13T10:12:50+00:00","breadcrumb":{"@id":"https:\/\/www.it.tarnow.pl\/hu\/kozlekedes\/#breadcrumb"},"inLanguage":"hu","potentialAction":[{"@type":"ReadAction","target":["https:\/\/www.it.tarnow.pl\/hu\/kozlekedes\/"]}]},{"@type":"ImageObject","inLanguage":"hu","@id":"https:\/\/www.it.tarnow.pl\/hu\/kozlekedes\/#primaryimage","url":"http:\/\/www.it.tarnow.pl\/wp-content\/uploads\/2019\/02\/dworzec-panorama-02_2_1m.jpg","contentUrl":"http:\/\/www.it.tarnow.pl\/wp-content\/uploads\/2019\/02\/dworzec-panorama-02_2_1m.jpg"},{"@type":"BreadcrumbList","@id":"https:\/\/www.it.tarnow.pl\/hu\/kozlekedes\/#breadcrumb","itemListElement":[{"@type":"ListItem","position":1,"name":"Kezd\u0151lap","item":"https:\/\/www.it.tarnow.pl\/hu\/"},{"@type":"ListItem","position":2,"name":"K\u00f6zleked\u00e9s"}]},{"@type":"WebSite","@id":"https:\/\/www.it.tarnow.pl\/#website","url":"https:\/\/www.it.tarnow.pl\/","name":"Tarnowskie Centrum Informacji","description":"Informacja turystyczna o Tarnowie i regionie tarnowskim.","potentialAction":[{"@type":"SearchAction","target":{"@type":"EntryPoint","urlTemplate":"https:\/\/www.it.tarnow.pl\/?s={search_term_string}"},"query-input":{"@type":"PropertyValueSpecification","valueRequired":true,"valueName":"search_term_string"}}],"inLanguage":"hu"}]}},"_links":{"self":[{"href":"https:\/\/www.it.tarnow.pl\/hu\/wp-json\/wp\/v2\/pages\/10078","targetHints":{"allow":["GET"]}}],"collection":[{"href":"https:\/\/www.it.tarnow.pl\/hu\/wp-json\/wp\/v2\/pages"}],"about":[{"href":"https:\/\/www.it.tarnow.pl\/hu\/wp-json\/wp\/v2\/types\/page"}],"author":[{"embeddable":true,"href":"https:\/\/www.it.tarnow.pl\/hu\/wp-json\/wp\/v2\/users\/1"}],"replies":[{"embeddable":true,"href":"https:\/\/www.it.tarnow.pl\/hu\/wp-json\/wp\/v2\/comments?post=10078"}],"version-history":[{"count":0,"href":"https:\/\/www.it.tarnow.pl\/hu\/wp-json\/wp\/v2\/pages\/10078\/revisions"}],"wp:attachment":[{"href":"https:\/\/www.it.tarnow.pl\/hu\/wp-json\/wp\/v2\/media?parent=10078"}],"wp:term":[{"taxonomy":"post_tag","embeddable":true,"href":"https:\/\/www.it.tarnow.pl\/hu\/wp-json\/wp\/v2\/tags?post=10078"}],"curies":[{"name":"wp","href":"https:\/\/api.w.org\/{rel}","templated":true}]}}