{"id":10077,"date":"2011-03-18T10:57:43","date_gmt":"2011-03-18T09:57:43","guid":{"rendered":"http:\/\/www.it.tarnow.pl\/prospektus-pdf\/"},"modified":"2019-04-03T15:20:31","modified_gmt":"2019-04-03T13:20:31","slug":"prospektus-pdf","status":"publish","type":"page","link":"https:\/\/www.it.tarnow.pl\/hu\/attrakciok\/prospektus-pdf\/","title":{"rendered":"Prospektus (pdf)"},"content":{"rendered":"<div class=\"class-file\">\n<a href=\"http:\/\/www.it.tarnow.pl\/wp-content\/uploads\/2019\/02\/TARNOW---S-VID--KE.pdf\">TARN\u00d3W \u00c9S VID\u00c9KE<\/a>\n<\/div>\n<p>\u00a0<\/p>  <div class=\"class-file\">\n<a href=\"http:\/\/www.it.tarnow.pl\/wp-content\/uploads\/2019\/02\/TARNOW-H--ROM-NAP-ALATT.pdf\">TARN\u00d3W H\u00c1ROM NAP ALATT<\/a>\n<\/div>  <div class=\"class-file\">\n<a href=\"http:\/\/www.it.tarnow.pl\/wp-content\/uploads\/2019\/02\/TARNOW-H--ROMSZ--Z-PERC-ALATT.pdf\">TARN\u00d3W H\u00c1ROMSZ\u00c1Z PERC ALATT<\/a>\n<\/div>  <div class=\"class-file\">\n<a href=\"http:\/\/www.it.tarnow.pl\/wp-content\/uploads\/2019\/02\/TARNOW-GYEREKEKNEK.pdf\">TARN\u00d3W GYEREKEKNEK<\/a>\n<\/div>\n<p>\u00a0<\/p>  <div class=\"class-file\">\n<a href=\"http:\/\/www.it.tarnow.pl\/wp-content\/uploads\/2019\/02\/Tarnowi-H--rek-35.pdf\">Tarn\u00f3wi H\u00edrek &#8211; 35<\/a>\n<\/div>\n<p>\u00a0<\/p>\n<p>Tarn\u00f3w. T\u00e9rk\u00e9pet fa\u00e9p\u00edt\u00e9szet<\/p>\n<ul>\n<li>\n<a href=\"http:\/\/www.it.tarnow.pl\/wp-content\/uploads\/2019\/02\/Mapa-smartSAD-Tarnow.jpg\">Tarn\u00f3w<\/a>\n<\/li>\n<li>\n<a href=\"http:\/\/www.it.tarnow.pl\/wp-content\/uploads\/2019\/02\/Mapa-smartSAD-Region-tarnowski.jpg\">Tarn\u00f3w Region<\/a>\n<\/li>\n\n<\/ul>","protected":false},"excerpt":{"rendered":"TARN\u00d3W \u00c9S VID\u00c9KE \u00a0 TARN\u00d3W H\u00c1ROM NAP ALATT TARN\u00d3W H\u00c1ROMSZ\u00c1Z PERC ALATT TARN\u00d3W GYEREKEKNEK \u00a0 Tarn\u00f3wi H\u00edrek &#8211; 35 \u00a0 Tarn\u00f3w. T\u00e9rk\u00e9pet fa\u00e9p\u00edt\u00e9szet Tarn\u00f3w Tarn\u00f3w Region","protected":false},"author":1,"featured_media":0,"parent":10061,"menu_order":451,"comment_status":"closed","ping_status":"closed","template":"","meta":{"_acf_changed":false,"footnotes":""},"tags":[],"class_list":["post-10077","page","type-page","status-publish","hentry"],"acf":{"in_menu":null,"show_date":null,"intro_text":"","map":null},"yoast_head":"<!-- This site is optimized with the Yoast SEO Premium plugin v25.4 (Yoast SEO v25.4) - https:\/\/yoast.com\/wordpress\/plugins\/seo\/ -->\n<title>Prospektus (pdf) - Tarnowskie Centrum Informacji<\/title>\n<meta name=\"robots\" content=\"index, follow, max-snippet:-1, max-image-preview:large, max-video-preview:-1\" \/>\n<link rel=\"canonical\" href=\"https:\/\/www.it.tarnow.pl\/hu\/attrakciok\/prospektus-pdf\/\" \/>\n<meta property=\"og:locale\" content=\"hu_HU\" \/>\n<meta property=\"og:type\" content=\"article\" \/>\n<meta property=\"og:title\" content=\"Prospektus (pdf)\" \/>\n<meta property=\"og:description\" content=\"TARN\u00d3W \u00c9S VID\u00c9KE \u00a0 TARN\u00d3W H\u00c1ROM NAP ALATT TARN\u00d3W H\u00c1ROMSZ\u00c1Z PERC ALATT TARN\u00d3W GYEREKEKNEK \u00a0 Tarn\u00f3wi H\u00edrek &#8211; 35 \u00a0 Tarn\u00f3w. T\u00e9rk\u00e9pet fa\u00e9p\u00edt\u00e9szet Tarn\u00f3w Tarn\u00f3w Region\" \/>\n<meta property=\"og:url\" content=\"https:\/\/www.it.tarnow.pl\/hu\/attrakciok\/prospektus-pdf\/\" \/>\n<meta property=\"og:site_name\" content=\"Tarnowskie Centrum Informacji\" \/>\n<meta property=\"article:modified_time\" content=\"2019-04-03T13:20:31+00:00\" \/>\n<meta name=\"twitter:card\" content=\"summary_large_image\" \/>\n<script type=\"application\/ld+json\" class=\"yoast-schema-graph\">{\"@context\":\"https:\/\/schema.org\",\"@graph\":[{\"@type\":\"WebPage\",\"@id\":\"https:\/\/www.it.tarnow.pl\/hu\/attrakciok\/prospektus-pdf\/\",\"url\":\"https:\/\/www.it.tarnow.pl\/hu\/attrakciok\/prospektus-pdf\/\",\"name\":\"Prospektus (pdf) - Tarnowskie Centrum Informacji\",\"isPartOf\":{\"@id\":\"https:\/\/www.it.tarnow.pl\/#website\"},\"datePublished\":\"2011-03-18T09:57:43+00:00\",\"dateModified\":\"2019-04-03T13:20:31+00:00\",\"breadcrumb\":{\"@id\":\"https:\/\/www.it.tarnow.pl\/hu\/attrakciok\/prospektus-pdf\/#breadcrumb\"},\"inLanguage\":\"hu\",\"potentialAction\":[{\"@type\":\"ReadAction\",\"target\":[\"https:\/\/www.it.tarnow.pl\/hu\/attrakciok\/prospektus-pdf\/\"]}]},{\"@type\":\"BreadcrumbList\",\"@id\":\"https:\/\/www.it.tarnow.pl\/hu\/attrakciok\/prospektus-pdf\/#breadcrumb\",\"itemListElement\":[{\"@type\":\"ListItem\",\"position\":1,\"name\":\"Kezd\u0151lap\",\"item\":\"https:\/\/www.it.tarnow.pl\/hu\/\"},{\"@type\":\"ListItem\",\"position\":2,\"name\":\"Attrakci\u00f3k\",\"item\":\"https:\/\/www.it.tarnow.pl\/hu\/attrakciok\/\"},{\"@type\":\"ListItem\",\"position\":3,\"name\":\"Prospektus (pdf)\"}]},{\"@type\":\"WebSite\",\"@id\":\"https:\/\/www.it.tarnow.pl\/#website\",\"url\":\"https:\/\/www.it.tarnow.pl\/\",\"name\":\"Tarnowskie Centrum Informacji\",\"description\":\"Informacja turystyczna o Tarnowie i regionie tarnowskim.\",\"potentialAction\":[{\"@type\":\"SearchAction\",\"target\":{\"@type\":\"EntryPoint\",\"urlTemplate\":\"https:\/\/www.it.tarnow.pl\/?s={search_term_string}\"},\"query-input\":{\"@type\":\"PropertyValueSpecification\",\"valueRequired\":true,\"valueName\":\"search_term_string\"}}],\"inLanguage\":\"hu\"}]}<\/script>\n<!-- \/ Yoast SEO Premium plugin. -->","yoast_head_json":{"title":"Prospektus (pdf) - Tarnowskie Centrum Informacji","robots":{"index":"index","follow":"follow","max-snippet":"max-snippet:-1","max-image-preview":"max-image-preview:large","max-video-preview":"max-video-preview:-1"},"canonical":"https:\/\/www.it.tarnow.pl\/hu\/attrakciok\/prospektus-pdf\/","og_locale":"hu_HU","og_type":"article","og_title":"Prospektus (pdf)","og_description":"TARN\u00d3W \u00c9S VID\u00c9KE \u00a0 TARN\u00d3W H\u00c1ROM NAP ALATT TARN\u00d3W H\u00c1ROMSZ\u00c1Z PERC ALATT TARN\u00d3W GYEREKEKNEK \u00a0 Tarn\u00f3wi H\u00edrek &#8211; 35 \u00a0 Tarn\u00f3w. T\u00e9rk\u00e9pet fa\u00e9p\u00edt\u00e9szet Tarn\u00f3w Tarn\u00f3w Region","og_url":"https:\/\/www.it.tarnow.pl\/hu\/attrakciok\/prospektus-pdf\/","og_site_name":"Tarnowskie Centrum Informacji","article_modified_time":"2019-04-03T13:20:31+00:00","twitter_card":"summary_large_image","schema":{"@context":"https:\/\/schema.org","@graph":[{"@type":"WebPage","@id":"https:\/\/www.it.tarnow.pl\/hu\/attrakciok\/prospektus-pdf\/","url":"https:\/\/www.it.tarnow.pl\/hu\/attrakciok\/prospektus-pdf\/","name":"Prospektus (pdf) - Tarnowskie Centrum Informacji","isPartOf":{"@id":"https:\/\/www.it.tarnow.pl\/#website"},"datePublished":"2011-03-18T09:57:43+00:00","dateModified":"2019-04-03T13:20:31+00:00","breadcrumb":{"@id":"https:\/\/www.it.tarnow.pl\/hu\/attrakciok\/prospektus-pdf\/#breadcrumb"},"inLanguage":"hu","potentialAction":[{"@type":"ReadAction","target":["https:\/\/www.it.tarnow.pl\/hu\/attrakciok\/prospektus-pdf\/"]}]},{"@type":"BreadcrumbList","@id":"https:\/\/www.it.tarnow.pl\/hu\/attrakciok\/prospektus-pdf\/#breadcrumb","itemListElement":[{"@type":"ListItem","position":1,"name":"Kezd\u0151lap","item":"https:\/\/www.it.tarnow.pl\/hu\/"},{"@type":"ListItem","position":2,"name":"Attrakci\u00f3k","item":"https:\/\/www.it.tarnow.pl\/hu\/attrakciok\/"},{"@type":"ListItem","position":3,"name":"Prospektus (pdf)"}]},{"@type":"WebSite","@id":"https:\/\/www.it.tarnow.pl\/#website","url":"https:\/\/www.it.tarnow.pl\/","name":"Tarnowskie Centrum Informacji","description":"Informacja turystyczna o Tarnowie i regionie tarnowskim.","potentialAction":[{"@type":"SearchAction","target":{"@type":"EntryPoint","urlTemplate":"https:\/\/www.it.tarnow.pl\/?s={search_term_string}"},"query-input":{"@type":"PropertyValueSpecification","valueRequired":true,"valueName":"search_term_string"}}],"inLanguage":"hu"}]}},"_links":{"self":[{"href":"https:\/\/www.it.tarnow.pl\/hu\/wp-json\/wp\/v2\/pages\/10077","targetHints":{"allow":["GET"]}}],"collection":[{"href":"https:\/\/www.it.tarnow.pl\/hu\/wp-json\/wp\/v2\/pages"}],"about":[{"href":"https:\/\/www.it.tarnow.pl\/hu\/wp-json\/wp\/v2\/types\/page"}],"author":[{"embeddable":true,"href":"https:\/\/www.it.tarnow.pl\/hu\/wp-json\/wp\/v2\/users\/1"}],"replies":[{"embeddable":true,"href":"https:\/\/www.it.tarnow.pl\/hu\/wp-json\/wp\/v2\/comments?post=10077"}],"version-history":[{"count":0,"href":"https:\/\/www.it.tarnow.pl\/hu\/wp-json\/wp\/v2\/pages\/10077\/revisions"}],"up":[{"embeddable":true,"href":"https:\/\/www.it.tarnow.pl\/hu\/wp-json\/wp\/v2\/pages\/10061"}],"wp:attachment":[{"href":"https:\/\/www.it.tarnow.pl\/hu\/wp-json\/wp\/v2\/media?parent=10077"}],"wp:term":[{"taxonomy":"post_tag","embeddable":true,"href":"https:\/\/www.it.tarnow.pl\/hu\/wp-json\/wp\/v2\/tags?post=10077"}],"curies":[{"name":"wp","href":"https:\/\/api.w.org\/{rel}","templated":true}]}}