{"id":10076,"date":"2013-01-17T08:49:57","date_gmt":"2013-01-17T07:49:57","guid":{"rendered":"http:\/\/www.it.tarnow.pl\/kis-lengyelorszag\/"},"modified":"2019-04-03T15:20:29","modified_gmt":"2019-04-03T13:20:29","slug":"kis-lengyelorszag","status":"publish","type":"page","link":"https:\/\/www.it.tarnow.pl\/hu\/attrakciok\/kis-lengyelorszag\/","title":{"rendered":"Kis-Lengyelorsz\u00e1g"},"content":{"rendered":"<p><b>A Kis-Lengyelorsz\u00e1gi Vajdas\u00e1g \u201eSokkult\u00far\u00e1j\u00fa Kis-Lengyelorsz\u00e1g\u201d c\u00edm\u0171 nagyszab\u00e1s\u00fa projektje keret\u00e9ben megval\u00f3sul\u00f3 \u201eKis-Lengyelorsz\u00e1g magyar szemmel\u201d a kis-lengyelorsz\u00e1gi r\u00e9gi\u00f3 ter\u00fclet\u00e9t \u00e9vsz\u00e1zadok \u00f3ta ben\u00e9pes\u00edt\u0151 n\u00e9pek, t\u00f6bbek k\u00f6z\u00f6tt a csehek \u00e9s magyarok nyomait k\u00edv\u00e1nja bemutatni.<\/b><\/p>\n<p><b>A projekt megval\u00f3sul\u00e1sa 2011-ben kezd\u0151d\u00f6tt, a <\/b><b>\u201e<i>Czeska Ma\u0142opolska\u201d<\/i> \u00e9s \u201e<i>W\u0119gierska Ma\u0142opolska\u201d <\/i>c\u00edm\u0171<i> <\/i>lengyel kiadv\u00e1nyok megjelentet\u00e9s\u00e9vel, majd 2012-ben folytat\u00f3dott a \u201e<i>\u010cesk\u00fd Krakov, \u010desk\u00e9 Malopolsko\u201d<\/i> valamint a \u201e<i>Krakk\u00f3 \u00e9s Kis-Lengyelorsz\u00e1g \u2013 magyar szemmel\u201d <\/i>c\u00edm\u0171<i> <\/i>k\u00f6tetek kiad\u00e1s\u00e1val. A k\u00f6nyvek a cseh illetve magyar jelenl\u00e9t nyomait mutatj\u00e1k be Kis-Lengyelorsz\u00e1gban, illetve a k\u00f6z\u00f6s t\u00f6rt\u00e9nelmi-kultur\u00e1lis k\u00f6tel\u00e9kekre h\u00edvj\u00e1k fel a figyelmet. Felid\u00e9zik Kis-Lengyelorsz\u00e1g t\u00f6rt\u00e9nelm\u00e9nek nagy esem\u00e9nyeit, \u00e9s lehet\u0151s\u00e9get ny\u00fajtanak e nemzeteket \u00f6sszek\u00f6t\u0151 olyan k\u00f6z\u00f6s epiz\u00f3dok behat\u00f3bb megismer\u00e9s\u00e9re, amelyeket csak n\u00e9h\u00e1nyan ismernek.<\/b><\/p>\n<p>\u00a0<\/p>\n<p>A kamp\u00e1ny egyik eleme a Manko Egyes\u00fclet \u00e1ltal megszervez\u00e9sre ker\u00fcl\u0151 <i>\u201eGo to Ma\u0142opolska \u2013 Kis-Lengyelorsz\u00e1g turisztikai prom\u00f3ci\u00f3ja a cseh \u00e9s magyar piacon\u201d<\/i>, c\u00edm\u0171 projekt, amely a Kis-Lengyelorsz\u00e1gi Vajdas\u00e1g megrendel\u00e9s\u00e9re val\u00f3sul meg.<\/p>\n<p>\u00a0<\/p>\n<p>A Kis-Lengyelorsz\u00e1gi Vajdas\u00e1g magyarorsz\u00e1gi prom\u00f3ci\u00f3s kamp\u00e1ny\u00e1nak r\u00e9szek\u00e9nt kidolgoz\u00e1sra ker\u00fclt: <\/p>\n<ul>\n<li> \u201e<b><i>Krakk\u00f3 \u00e9s<\/i><\/b> <b><i>Kis-Lengyelorsz\u00e1g \u2013 magyar szemmel<\/i><\/b>\u201d c\u00edm\u0171 publik\u00e1ci\u00f3 <\/li>\n<li>Egy k\u00e9tnyelv\u0171 magyar-lengyel katal\u00f3gus, amely r\u00e9gi\u00f3nk gazdag magyar kultur\u00e1lis \u00f6r\u00f6ks\u00e9g\u00e9t mutatja be <\/li>\n\n<\/ul>\n<p>\u00a0<\/p>\n<p>A projektet a magyar sajt\u00f3ban \u00e9s a Facebook k\u00f6z\u00f6ss\u00e9gi port\u00e1lon is n\u00e9pszer\u0171s\u00edtj\u00fck. Novemberben (2012 november 14-18) egy magyar \u00fajs\u00e1g\u00edr\u00f3knak \u00e9s touroper\u00e1toroknak rendezett study-tourt szervezt\u00fcnk, 2012 december 13-\u00e1n pedig a Kis-Lengyelorsz\u00e1gi Nap ker\u00fclt megrendez\u00e9sre Budapesten.<\/p>\n<p>\u00a0<\/p>\n<p>A projekt megval\u00f3sul\u00e1s\u00e1t a Kis-Lengyelorsz\u00e1gi Vajdas\u00e1g finansz\u00edrozta a \u201eVend\u00e9gszeret\u0151 Kis-Lengyelorsz\u00e1g\u201d c\u00edm\u0171 turisztikai p\u00e1ly\u00e1zat keret\u00e9ben.<\/p>\n<p>\u00a0<\/p>\n<p>Tov\u00e1bbi nform\u00e1ci\u00f3k a <a href=\"http:\/\/www.kis-lengyelorszag.hu\/\">www.kis-lengyelorszag.hu<\/a>\n oldalon valamint a Facebookon.<\/p>","protected":false},"excerpt":{"rendered":"A Kis-Lengyelorsz\u00e1gi Vajdas\u00e1g \u201eSokkult\u00far\u00e1j\u00fa Kis-Lengyelorsz\u00e1g\u201d c\u00edm\u0171 nagyszab\u00e1s\u00fa projektje keret\u00e9ben megval\u00f3sul\u00f3 \u201eKis-Lengyelorsz\u00e1g magyar szemmel\u201d a kis-lengyelorsz\u00e1gi r\u00e9gi\u00f3 ter\u00fclet\u00e9t \u00e9vsz\u00e1zadok \u00f3ta ben\u00e9pes\u00edt\u0151 n\u00e9pek, t\u00f6bbek k\u00f6z\u00f6tt a csehek \u00e9s magyarok nyomait k\u00edv\u00e1nja bemutatni. [&hellip;]","protected":false},"author":1,"featured_media":0,"parent":10061,"menu_order":432,"comment_status":"closed","ping_status":"closed","template":"","meta":{"_acf_changed":false,"footnotes":""},"tags":[],"class_list":["post-10076","page","type-page","status-publish","hentry"],"acf":{"in_menu":null,"show_date":null,"intro_text":"","map":null},"yoast_head":"<!-- This site is optimized with the Yoast SEO Premium plugin v25.4 (Yoast SEO v25.4) - https:\/\/yoast.com\/wordpress\/plugins\/seo\/ -->\n<title>Kis-Lengyelorsz\u00e1g - Tarnowskie Centrum Informacji<\/title>\n<meta name=\"robots\" content=\"index, follow, max-snippet:-1, max-image-preview:large, max-video-preview:-1\" \/>\n<link rel=\"canonical\" href=\"https:\/\/www.it.tarnow.pl\/hu\/attrakciok\/kis-lengyelorszag\/\" \/>\n<meta property=\"og:locale\" content=\"hu_HU\" \/>\n<meta property=\"og:type\" content=\"article\" \/>\n<meta property=\"og:title\" content=\"Kis-Lengyelorsz\u00e1g\" \/>\n<meta property=\"og:description\" content=\"A Kis-Lengyelorsz\u00e1gi Vajdas\u00e1g \u201eSokkult\u00far\u00e1j\u00fa Kis-Lengyelorsz\u00e1g\u201d c\u00edm\u0171 nagyszab\u00e1s\u00fa projektje keret\u00e9ben megval\u00f3sul\u00f3 \u201eKis-Lengyelorsz\u00e1g magyar szemmel\u201d a kis-lengyelorsz\u00e1gi r\u00e9gi\u00f3 ter\u00fclet\u00e9t \u00e9vsz\u00e1zadok \u00f3ta ben\u00e9pes\u00edt\u0151 n\u00e9pek, t\u00f6bbek k\u00f6z\u00f6tt a csehek \u00e9s magyarok nyomait k\u00edv\u00e1nja bemutatni. [&hellip;]\" \/>\n<meta property=\"og:url\" content=\"https:\/\/www.it.tarnow.pl\/hu\/attrakciok\/kis-lengyelorszag\/\" \/>\n<meta property=\"og:site_name\" content=\"Tarnowskie Centrum Informacji\" \/>\n<meta property=\"article:modified_time\" content=\"2019-04-03T13:20:29+00:00\" \/>\n<meta name=\"twitter:card\" content=\"summary_large_image\" \/>\n<meta name=\"twitter:label1\" content=\"Becs\u00fclt olvas\u00e1si id\u0151\" \/>\n\t<meta name=\"twitter:data1\" content=\"2 perc\" \/>\n<script type=\"application\/ld+json\" class=\"yoast-schema-graph\">{\"@context\":\"https:\/\/schema.org\",\"@graph\":[{\"@type\":\"WebPage\",\"@id\":\"https:\/\/www.it.tarnow.pl\/hu\/attrakciok\/kis-lengyelorszag\/\",\"url\":\"https:\/\/www.it.tarnow.pl\/hu\/attrakciok\/kis-lengyelorszag\/\",\"name\":\"Kis-Lengyelorsz\u00e1g - Tarnowskie Centrum Informacji\",\"isPartOf\":{\"@id\":\"https:\/\/www.it.tarnow.pl\/#website\"},\"datePublished\":\"2013-01-17T07:49:57+00:00\",\"dateModified\":\"2019-04-03T13:20:29+00:00\",\"breadcrumb\":{\"@id\":\"https:\/\/www.it.tarnow.pl\/hu\/attrakciok\/kis-lengyelorszag\/#breadcrumb\"},\"inLanguage\":\"hu\",\"potentialAction\":[{\"@type\":\"ReadAction\",\"target\":[\"https:\/\/www.it.tarnow.pl\/hu\/attrakciok\/kis-lengyelorszag\/\"]}]},{\"@type\":\"BreadcrumbList\",\"@id\":\"https:\/\/www.it.tarnow.pl\/hu\/attrakciok\/kis-lengyelorszag\/#breadcrumb\",\"itemListElement\":[{\"@type\":\"ListItem\",\"position\":1,\"name\":\"Kezd\u0151lap\",\"item\":\"https:\/\/www.it.tarnow.pl\/hu\/\"},{\"@type\":\"ListItem\",\"position\":2,\"name\":\"Attrakci\u00f3k\",\"item\":\"https:\/\/www.it.tarnow.pl\/hu\/attrakciok\/\"},{\"@type\":\"ListItem\",\"position\":3,\"name\":\"Kis-Lengyelorsz\u00e1g\"}]},{\"@type\":\"WebSite\",\"@id\":\"https:\/\/www.it.tarnow.pl\/#website\",\"url\":\"https:\/\/www.it.tarnow.pl\/\",\"name\":\"Tarnowskie Centrum Informacji\",\"description\":\"Informacja turystyczna o Tarnowie i regionie tarnowskim.\",\"potentialAction\":[{\"@type\":\"SearchAction\",\"target\":{\"@type\":\"EntryPoint\",\"urlTemplate\":\"https:\/\/www.it.tarnow.pl\/?s={search_term_string}\"},\"query-input\":{\"@type\":\"PropertyValueSpecification\",\"valueRequired\":true,\"valueName\":\"search_term_string\"}}],\"inLanguage\":\"hu\"}]}<\/script>\n<!-- \/ Yoast SEO Premium plugin. -->","yoast_head_json":{"title":"Kis-Lengyelorsz\u00e1g - Tarnowskie Centrum Informacji","robots":{"index":"index","follow":"follow","max-snippet":"max-snippet:-1","max-image-preview":"max-image-preview:large","max-video-preview":"max-video-preview:-1"},"canonical":"https:\/\/www.it.tarnow.pl\/hu\/attrakciok\/kis-lengyelorszag\/","og_locale":"hu_HU","og_type":"article","og_title":"Kis-Lengyelorsz\u00e1g","og_description":"A Kis-Lengyelorsz\u00e1gi Vajdas\u00e1g \u201eSokkult\u00far\u00e1j\u00fa Kis-Lengyelorsz\u00e1g\u201d c\u00edm\u0171 nagyszab\u00e1s\u00fa projektje keret\u00e9ben megval\u00f3sul\u00f3 \u201eKis-Lengyelorsz\u00e1g magyar szemmel\u201d a kis-lengyelorsz\u00e1gi r\u00e9gi\u00f3 ter\u00fclet\u00e9t \u00e9vsz\u00e1zadok \u00f3ta ben\u00e9pes\u00edt\u0151 n\u00e9pek, t\u00f6bbek k\u00f6z\u00f6tt a csehek \u00e9s magyarok nyomait k\u00edv\u00e1nja bemutatni. [&hellip;]","og_url":"https:\/\/www.it.tarnow.pl\/hu\/attrakciok\/kis-lengyelorszag\/","og_site_name":"Tarnowskie Centrum Informacji","article_modified_time":"2019-04-03T13:20:29+00:00","twitter_card":"summary_large_image","twitter_misc":{"Becs\u00fclt olvas\u00e1si id\u0151":"2 perc"},"schema":{"@context":"https:\/\/schema.org","@graph":[{"@type":"WebPage","@id":"https:\/\/www.it.tarnow.pl\/hu\/attrakciok\/kis-lengyelorszag\/","url":"https:\/\/www.it.tarnow.pl\/hu\/attrakciok\/kis-lengyelorszag\/","name":"Kis-Lengyelorsz\u00e1g - Tarnowskie Centrum Informacji","isPartOf":{"@id":"https:\/\/www.it.tarnow.pl\/#website"},"datePublished":"2013-01-17T07:49:57+00:00","dateModified":"2019-04-03T13:20:29+00:00","breadcrumb":{"@id":"https:\/\/www.it.tarnow.pl\/hu\/attrakciok\/kis-lengyelorszag\/#breadcrumb"},"inLanguage":"hu","potentialAction":[{"@type":"ReadAction","target":["https:\/\/www.it.tarnow.pl\/hu\/attrakciok\/kis-lengyelorszag\/"]}]},{"@type":"BreadcrumbList","@id":"https:\/\/www.it.tarnow.pl\/hu\/attrakciok\/kis-lengyelorszag\/#breadcrumb","itemListElement":[{"@type":"ListItem","position":1,"name":"Kezd\u0151lap","item":"https:\/\/www.it.tarnow.pl\/hu\/"},{"@type":"ListItem","position":2,"name":"Attrakci\u00f3k","item":"https:\/\/www.it.tarnow.pl\/hu\/attrakciok\/"},{"@type":"ListItem","position":3,"name":"Kis-Lengyelorsz\u00e1g"}]},{"@type":"WebSite","@id":"https:\/\/www.it.tarnow.pl\/#website","url":"https:\/\/www.it.tarnow.pl\/","name":"Tarnowskie Centrum Informacji","description":"Informacja turystyczna o Tarnowie i regionie tarnowskim.","potentialAction":[{"@type":"SearchAction","target":{"@type":"EntryPoint","urlTemplate":"https:\/\/www.it.tarnow.pl\/?s={search_term_string}"},"query-input":{"@type":"PropertyValueSpecification","valueRequired":true,"valueName":"search_term_string"}}],"inLanguage":"hu"}]}},"_links":{"self":[{"href":"https:\/\/www.it.tarnow.pl\/hu\/wp-json\/wp\/v2\/pages\/10076","targetHints":{"allow":["GET"]}}],"collection":[{"href":"https:\/\/www.it.tarnow.pl\/hu\/wp-json\/wp\/v2\/pages"}],"about":[{"href":"https:\/\/www.it.tarnow.pl\/hu\/wp-json\/wp\/v2\/types\/page"}],"author":[{"embeddable":true,"href":"https:\/\/www.it.tarnow.pl\/hu\/wp-json\/wp\/v2\/users\/1"}],"replies":[{"embeddable":true,"href":"https:\/\/www.it.tarnow.pl\/hu\/wp-json\/wp\/v2\/comments?post=10076"}],"version-history":[{"count":0,"href":"https:\/\/www.it.tarnow.pl\/hu\/wp-json\/wp\/v2\/pages\/10076\/revisions"}],"up":[{"embeddable":true,"href":"https:\/\/www.it.tarnow.pl\/hu\/wp-json\/wp\/v2\/pages\/10061"}],"wp:attachment":[{"href":"https:\/\/www.it.tarnow.pl\/hu\/wp-json\/wp\/v2\/media?parent=10076"}],"wp:term":[{"taxonomy":"post_tag","embeddable":true,"href":"https:\/\/www.it.tarnow.pl\/hu\/wp-json\/wp\/v2\/tags?post=10076"}],"curies":[{"name":"wp","href":"https:\/\/api.w.org\/{rel}","templated":true}]}}