{"id":10075,"date":"2011-03-18T10:54:58","date_gmt":"2011-03-18T09:54:58","guid":{"rendered":"http:\/\/www.it.tarnow.pl\/varazslatos-kisvarosok\/"},"modified":"2019-04-03T15:20:28","modified_gmt":"2019-04-03T13:20:28","slug":"varazslatos-kisvarosok","status":"publish","type":"page","link":"https:\/\/www.it.tarnow.pl\/hu\/attrakciok\/varazslatos-kisvarosok\/","title":{"rendered":"Var\u00e1zslatos kisv\u00e1rosok"},"content":{"rendered":"<img loading=\"lazy\" decoding=\"async\" width=\"400\" height=\"300\" class=\"size-medium alignright wp-image-25708\" src=\"http:\/\/www.it.tarnow.pl\/wp-content\/uploads\/2019\/02\/Lipnica-Murowana-Rynek-1-400x300.jpg\" alt=\"\" srcset=\"https:\/\/www.it.tarnow.pl\/wp-content\/uploads\/2019\/02\/Lipnica-Murowana-Rynek-1-400x300.jpg 400w, https:\/\/www.it.tarnow.pl\/wp-content\/uploads\/2019\/02\/Lipnica-Murowana-Rynek-1-768x576.jpg 768w, https:\/\/www.it.tarnow.pl\/wp-content\/uploads\/2019\/02\/Lipnica-Murowana-Rynek-1-650x488.jpg 650w, https:\/\/www.it.tarnow.pl\/wp-content\/uploads\/2019\/02\/Lipnica-Murowana-Rynek-1-300x225.jpg 300w, https:\/\/www.it.tarnow.pl\/wp-content\/uploads\/2019\/02\/Lipnica-Murowana-Rynek-1.jpg 1024w\" sizes=\"auto, (max-width: 400px) 100vw, 400px\" \/><p>Ami a Pog\u00f3rze vid\u00e9k kisv\u00e1rosait &#8211; <b>Ci\u0119\u017ckowic\u00e9t, Czch\u00f3wot, Lipnica Murowan\u00e1t, Nowy Wi\u015bniczet, Tuch\u00f3wot, Wojniczot \u00e9s Zakliczynt<\/b> &#8211; \u00f6sszek\u00f6ti, nem m\u00e1s, mint a kisv\u00e1rosi nyugalom ut\u00e1nozhatatlan var\u00e1zsa \u00e9s hangulata. A v\u00e1rosok t\u00f6bbs\u00e9g\u00e9t &#8211; melyek meg\u0151rizt\u00e9k a k\u00f6z\u00e9pkori v\u00e1rosszerkezetet &#8211; a XIV. sz\u00e1zad els\u0151 fel\u00e9ben alap\u00edtott\u00e1k. Jellegzetess\u00e9g\u00fck a fatorn\u00e1cos, f\u00f6ldszintes \u00e9p\u00fcletekkel k\u00f6r\u00fclvett piact\u00e9r. A v\u00e1rosk\u00e1kban megtal\u00e1lhat\u00f3k a m\u0171eml\u00e9k templomok, a helyi t\u00f6rt\u00e9nelmet \u00e9s kult\u00far\u00e1t bemutat\u00f3 m\u00fazeumok. Legt\u00f6bbj\u00fck hossz\u00fa \u00e9vekre elvesztette a v\u00e1rosi jogot a XX. sz\u00e1zad 20-30-as \u00e9veiben. Jelenleg csak Lipnica Murowan\u00e1nak nincs v\u00e1rosi rangja.<\/p>\n<p>\u00a0<\/p> <img loading=\"lazy\" decoding=\"async\" width=\"400\" height=\"300\" class=\"size-medium alignright wp-image-25664\" src=\"http:\/\/www.it.tarnow.pl\/wp-content\/uploads\/2019\/02\/Kasna-Dolna-Dworek-I.-J.-Paderewskiego-1-400x300.jpg\" alt=\"\" srcset=\"https:\/\/www.it.tarnow.pl\/wp-content\/uploads\/2019\/02\/Kasna-Dolna-Dworek-I.-J.-Paderewskiego-1-400x300.jpg 400w, https:\/\/www.it.tarnow.pl\/wp-content\/uploads\/2019\/02\/Kasna-Dolna-Dworek-I.-J.-Paderewskiego-1-768x576.jpg 768w, https:\/\/www.it.tarnow.pl\/wp-content\/uploads\/2019\/02\/Kasna-Dolna-Dworek-I.-J.-Paderewskiego-1-650x488.jpg 650w, https:\/\/www.it.tarnow.pl\/wp-content\/uploads\/2019\/02\/Kasna-Dolna-Dworek-I.-J.-Paderewskiego-1-300x225.jpg 300w, https:\/\/www.it.tarnow.pl\/wp-content\/uploads\/2019\/02\/Kasna-Dolna-Dworek-I.-J.-Paderewskiego-1.jpg 1024w\" sizes=\"auto, (max-width: 400px) 100vw, 400px\" \/><p>Ci\u0119\u017ckowic\u00e9ben \u00e9s k\u00f6rny\u00e9k\u00e9n \u00e9rdemes megn\u00e9zni I. J. Paderewski zeneszerz\u0151 \u00e9s a II. Lengyel K\u00f6zt\u00e1rsas\u00e1g minisztereln\u00f6ke rezidenci\u00e1j\u00e1t mai \u00e1llapot\u00e1ban, valamint a &#8222;Skamienia\u0142e Miasto&#8221; (Megk\u00f6v\u00fclt V\u00e1ros) egyed\u00fcl\u00e1ll\u00f3 term\u00e9szetv\u00e9delmi ter\u00fcletet. Czch\u00f3wban \u00e9rdemes figyelmet szentelni a Legszentebb Sz\u0171z M\u00e1ria Sz\u00fclet\u00e9se templomnak, mely a r\u00e9gi\u00f3 egyik legr\u00e9gebbi k\u0151temploma az 1506-b\u00f3l sz\u00e1rmaz\u00f3 nyolcsz\u00f6glet\u0171 k\u0151 keresztel\u0151j\u00e9vel.<\/p>\n<p>\u00a0<\/p> <img loading=\"lazy\" decoding=\"async\" width=\"400\" height=\"300\" class=\"size-medium alignright wp-image-25617\" src=\"http:\/\/www.it.tarnow.pl\/wp-content\/uploads\/2019\/02\/Lipnica-Murowana-Kosciol-p.w.-Sw.-Leonarda-1-400x300.jpg\" alt=\"\" srcset=\"https:\/\/www.it.tarnow.pl\/wp-content\/uploads\/2019\/02\/Lipnica-Murowana-Kosciol-p.w.-Sw.-Leonarda-1-400x300.jpg 400w, https:\/\/www.it.tarnow.pl\/wp-content\/uploads\/2019\/02\/Lipnica-Murowana-Kosciol-p.w.-Sw.-Leonarda-1-768x576.jpg 768w, https:\/\/www.it.tarnow.pl\/wp-content\/uploads\/2019\/02\/Lipnica-Murowana-Kosciol-p.w.-Sw.-Leonarda-1-650x488.jpg 650w, https:\/\/www.it.tarnow.pl\/wp-content\/uploads\/2019\/02\/Lipnica-Murowana-Kosciol-p.w.-Sw.-Leonarda-1-300x225.jpg 300w, https:\/\/www.it.tarnow.pl\/wp-content\/uploads\/2019\/02\/Lipnica-Murowana-Kosciol-p.w.-Sw.-Leonarda-1.jpg 1024w\" sizes=\"auto, (max-width: 400px) 100vw, 400px\" \/><p>Az UNESCO list\u00e1j\u00e1ra felker\u00fclt Szt. L\u00e9n\u00e1rd fatemplom, valamint a majd&#8217; 30 m\u00e9teres vir\u00e1gp\u00e1lm\u00e1k leny\u0171g\u00f6zik a Lipnica Murowan\u00e1ba \u00e9rkez\u0151ket. A k\u00f6zeli Nowy Wi\u015bnicz f\u00f6l\u00e9 Lengyelorsz\u00e1g legnagyobb barokk rezidenci\u00e1ja, a Lubomirski csal\u00e1d v\u00e1ra hatalmasodik.<\/p>\n<p>\u00a0<\/p> <img loading=\"lazy\" decoding=\"async\" width=\"400\" height=\"300\" class=\"size-medium alignright wp-image-25577\" src=\"http:\/\/www.it.tarnow.pl\/wp-content\/uploads\/2019\/02\/Sanktuarium-w-Tuchowie-1-400x300.jpg\" alt=\"\" srcset=\"https:\/\/www.it.tarnow.pl\/wp-content\/uploads\/2019\/02\/Sanktuarium-w-Tuchowie-1-400x300.jpg 400w, https:\/\/www.it.tarnow.pl\/wp-content\/uploads\/2019\/02\/Sanktuarium-w-Tuchowie-1-768x577.jpg 768w, https:\/\/www.it.tarnow.pl\/wp-content\/uploads\/2019\/02\/Sanktuarium-w-Tuchowie-1-650x488.jpg 650w, https:\/\/www.it.tarnow.pl\/wp-content\/uploads\/2019\/02\/Sanktuarium-w-Tuchowie-1-300x225.jpg 300w, https:\/\/www.it.tarnow.pl\/wp-content\/uploads\/2019\/02\/Sanktuarium-w-Tuchowie-1.jpg 1024w\" sizes=\"auto, (max-width: 400px) 100vw, 400px\" \/><p>T\u00f6bb mint 100 000 zar\u00e1ndok vesz r\u00e9szt minden \u00e9v j\u00falius\u00e1ban a Nagy Tuch\u00f3wi B\u00facs\u00fan a Redemptorista kolostorban. A gyerekek sz\u00edvesen l\u00e1togatj\u00e1k a kolostorban Lengyelorsz\u00e1g egyik legnagyobb betlehemes v\u00e1ndor b\u00e1bsz\u00ednh\u00e1z\u00e1t, valamint az Afrik\u00e1b\u00f3l, Amerik\u00e1b\u00f3l \u00e9s \u00d3ce\u00e1ni\u00e1b\u00f3l sz\u00e1rmaz\u00f3 t\u00e1rgyakat ki\u00e1ll\u00edt\u00f3 Misszi\u00f3s M\u00fazeumot. Wojniczban, a r\u00e9gi\u00f3 legr\u00e9gebbi telep\u00fcl\u00e9s\u00e9n \u00e9rdemes megtekinteni a &#8222;kast\u00e9lys\u00e1ncot&#8221;, azaz a f\u00f6ldv\u00e1rat, valamint a XV. sz\u00e1zadi fatemplomot. Kit\u0171n\u0151 bab\u00e9teleket k\u00edn\u00e1l Zakliczyn a minden \u00e9v szeptember\u00e9ben megrendez\u00e9sre ker\u00fcl\u0151 &#8222;Bab \u00dcnnep\u00e9n&#8221;.<\/p>","protected":false},"excerpt":{"rendered":"Ami a Pog\u00f3rze vid\u00e9k kisv\u00e1rosait &#8211; Ci\u0119\u017ckowic\u00e9t, Czch\u00f3wot, Lipnica Murowan\u00e1t, Nowy Wi\u015bniczet, Tuch\u00f3wot, Wojniczot \u00e9s Zakliczynt &#8211; \u00f6sszek\u00f6ti, nem m\u00e1s, mint a kisv\u00e1rosi nyugalom ut\u00e1nozhatatlan var\u00e1zsa \u00e9s hangulata. A v\u00e1rosok [&hellip;]","protected":false},"author":1,"featured_media":0,"parent":10061,"menu_order":407,"comment_status":"closed","ping_status":"closed","template":"","meta":{"_acf_changed":false,"footnotes":""},"tags":[],"class_list":["post-10075","page","type-page","status-publish","hentry"],"acf":{"in_menu":null,"show_date":null,"intro_text":"<img class=\"size-medium alignleft wp-image-25708\" src=\"http:\/\/www.it.tarnow.pl\/wp-content\/uploads\/2019\/02\/Lipnica-Murowana-Rynek-1-400x300.jpg\" alt=\"\"><p>Ami a Pog\u00f3rze vid\u00e9k kisv\u00e1rosait - <b>Ci\u0119\u017ckowic\u00e9t, Czch\u00f3wot, Lipnica Murowan\u00e1t, Nowy Wi\u015bniczet, Tuch\u00f3wot, Wojniczot \u00e9s Zakliczynt<\/b> - \u00f6sszek\u00f6ti, nem m\u00e1s, mint a kisv\u00e1rosi nyugalom ut\u00e1nozhatatlan var\u00e1zsa \u00e9s hangulata. A v\u00e1rosok t\u00f6bbs\u00e9g\u00e9t - melyek meg\u0151rizt\u00e9k a k\u00f6z\u00e9pkori v\u00e1rosszerkezetet - a XIV. sz\u00e1zad els\u0151 fel\u00e9ben alap\u00edtott\u00e1k. Jellegzetess\u00e9g\u00fck a fatorn\u00e1cos, f\u00f6ldszintes \u00e9p\u00fcletekkel k\u00f6r\u00fclvett piact\u00e9r. A v\u00e1rosk\u00e1kban megtal\u00e1lhat\u00f3k a m\u0171eml\u00e9k templomok, a helyi t\u00f6rt\u00e9nelmet \u00e9s kult\u00far\u00e1t bemutat\u00f3 m\u00fazeumok.<\/p>","map":null},"yoast_head":"<!-- This site is optimized with the Yoast SEO Premium plugin v25.4 (Yoast SEO v25.4) - https:\/\/yoast.com\/wordpress\/plugins\/seo\/ -->\n<title>Var\u00e1zslatos kisv\u00e1rosok - Tarnowskie Centrum Informacji<\/title>\n<meta name=\"robots\" content=\"index, follow, max-snippet:-1, max-image-preview:large, max-video-preview:-1\" \/>\n<link rel=\"canonical\" href=\"https:\/\/www.it.tarnow.pl\/hu\/attrakciok\/varazslatos-kisvarosok\/\" \/>\n<meta property=\"og:locale\" content=\"hu_HU\" \/>\n<meta property=\"og:type\" content=\"article\" \/>\n<meta property=\"og:title\" content=\"Var\u00e1zslatos kisv\u00e1rosok\" \/>\n<meta property=\"og:description\" content=\"Ami a Pog\u00f3rze vid\u00e9k kisv\u00e1rosait &#8211; Ci\u0119\u017ckowic\u00e9t, Czch\u00f3wot, Lipnica Murowan\u00e1t, Nowy Wi\u015bniczet, Tuch\u00f3wot, Wojniczot \u00e9s Zakliczynt &#8211; \u00f6sszek\u00f6ti, nem m\u00e1s, mint a kisv\u00e1rosi nyugalom ut\u00e1nozhatatlan var\u00e1zsa \u00e9s hangulata. A v\u00e1rosok [&hellip;]\" \/>\n<meta property=\"og:url\" content=\"https:\/\/www.it.tarnow.pl\/hu\/attrakciok\/varazslatos-kisvarosok\/\" \/>\n<meta property=\"og:site_name\" content=\"Tarnowskie Centrum Informacji\" \/>\n<meta property=\"article:modified_time\" content=\"2019-04-03T13:20:28+00:00\" \/>\n<meta property=\"og:image\" content=\"http:\/\/www.it.tarnow.pl\/wp-content\/uploads\/2019\/02\/Lipnica-Murowana-Rynek-1-400x300.jpg\" \/>\n<meta name=\"twitter:card\" content=\"summary_large_image\" \/>\n<meta name=\"twitter:label1\" content=\"Becs\u00fclt olvas\u00e1si id\u0151\" \/>\n\t<meta name=\"twitter:data1\" content=\"2 perc\" \/>\n<script type=\"application\/ld+json\" class=\"yoast-schema-graph\">{\"@context\":\"https:\/\/schema.org\",\"@graph\":[{\"@type\":\"WebPage\",\"@id\":\"https:\/\/www.it.tarnow.pl\/hu\/attrakciok\/varazslatos-kisvarosok\/\",\"url\":\"https:\/\/www.it.tarnow.pl\/hu\/attrakciok\/varazslatos-kisvarosok\/\",\"name\":\"Var\u00e1zslatos kisv\u00e1rosok - Tarnowskie Centrum Informacji\",\"isPartOf\":{\"@id\":\"https:\/\/www.it.tarnow.pl\/#website\"},\"primaryImageOfPage\":{\"@id\":\"https:\/\/www.it.tarnow.pl\/hu\/attrakciok\/varazslatos-kisvarosok\/#primaryimage\"},\"image\":{\"@id\":\"https:\/\/www.it.tarnow.pl\/hu\/attrakciok\/varazslatos-kisvarosok\/#primaryimage\"},\"thumbnailUrl\":\"http:\/\/www.it.tarnow.pl\/wp-content\/uploads\/2019\/02\/Lipnica-Murowana-Rynek-1-400x300.jpg\",\"datePublished\":\"2011-03-18T09:54:58+00:00\",\"dateModified\":\"2019-04-03T13:20:28+00:00\",\"breadcrumb\":{\"@id\":\"https:\/\/www.it.tarnow.pl\/hu\/attrakciok\/varazslatos-kisvarosok\/#breadcrumb\"},\"inLanguage\":\"hu\",\"potentialAction\":[{\"@type\":\"ReadAction\",\"target\":[\"https:\/\/www.it.tarnow.pl\/hu\/attrakciok\/varazslatos-kisvarosok\/\"]}]},{\"@type\":\"ImageObject\",\"inLanguage\":\"hu\",\"@id\":\"https:\/\/www.it.tarnow.pl\/hu\/attrakciok\/varazslatos-kisvarosok\/#primaryimage\",\"url\":\"http:\/\/www.it.tarnow.pl\/wp-content\/uploads\/2019\/02\/Lipnica-Murowana-Rynek-1-400x300.jpg\",\"contentUrl\":\"http:\/\/www.it.tarnow.pl\/wp-content\/uploads\/2019\/02\/Lipnica-Murowana-Rynek-1-400x300.jpg\"},{\"@type\":\"BreadcrumbList\",\"@id\":\"https:\/\/www.it.tarnow.pl\/hu\/attrakciok\/varazslatos-kisvarosok\/#breadcrumb\",\"itemListElement\":[{\"@type\":\"ListItem\",\"position\":1,\"name\":\"Kezd\u0151lap\",\"item\":\"https:\/\/www.it.tarnow.pl\/hu\/\"},{\"@type\":\"ListItem\",\"position\":2,\"name\":\"Attrakci\u00f3k\",\"item\":\"https:\/\/www.it.tarnow.pl\/hu\/attrakciok\/\"},{\"@type\":\"ListItem\",\"position\":3,\"name\":\"Var\u00e1zslatos kisv\u00e1rosok\"}]},{\"@type\":\"WebSite\",\"@id\":\"https:\/\/www.it.tarnow.pl\/#website\",\"url\":\"https:\/\/www.it.tarnow.pl\/\",\"name\":\"Tarnowskie Centrum Informacji\",\"description\":\"Informacja turystyczna o Tarnowie i regionie tarnowskim.\",\"potentialAction\":[{\"@type\":\"SearchAction\",\"target\":{\"@type\":\"EntryPoint\",\"urlTemplate\":\"https:\/\/www.it.tarnow.pl\/?s={search_term_string}\"},\"query-input\":{\"@type\":\"PropertyValueSpecification\",\"valueRequired\":true,\"valueName\":\"search_term_string\"}}],\"inLanguage\":\"hu\"}]}<\/script>\n<!-- \/ Yoast SEO Premium plugin. -->","yoast_head_json":{"title":"Var\u00e1zslatos kisv\u00e1rosok - Tarnowskie Centrum Informacji","robots":{"index":"index","follow":"follow","max-snippet":"max-snippet:-1","max-image-preview":"max-image-preview:large","max-video-preview":"max-video-preview:-1"},"canonical":"https:\/\/www.it.tarnow.pl\/hu\/attrakciok\/varazslatos-kisvarosok\/","og_locale":"hu_HU","og_type":"article","og_title":"Var\u00e1zslatos kisv\u00e1rosok","og_description":"Ami a Pog\u00f3rze vid\u00e9k kisv\u00e1rosait &#8211; Ci\u0119\u017ckowic\u00e9t, Czch\u00f3wot, Lipnica Murowan\u00e1t, Nowy Wi\u015bniczet, Tuch\u00f3wot, Wojniczot \u00e9s Zakliczynt &#8211; \u00f6sszek\u00f6ti, nem m\u00e1s, mint a kisv\u00e1rosi nyugalom ut\u00e1nozhatatlan var\u00e1zsa \u00e9s hangulata. A v\u00e1rosok [&hellip;]","og_url":"https:\/\/www.it.tarnow.pl\/hu\/attrakciok\/varazslatos-kisvarosok\/","og_site_name":"Tarnowskie Centrum Informacji","article_modified_time":"2019-04-03T13:20:28+00:00","og_image":[{"url":"http:\/\/www.it.tarnow.pl\/wp-content\/uploads\/2019\/02\/Lipnica-Murowana-Rynek-1-400x300.jpg","type":"","width":"","height":""}],"twitter_card":"summary_large_image","twitter_misc":{"Becs\u00fclt olvas\u00e1si id\u0151":"2 perc"},"schema":{"@context":"https:\/\/schema.org","@graph":[{"@type":"WebPage","@id":"https:\/\/www.it.tarnow.pl\/hu\/attrakciok\/varazslatos-kisvarosok\/","url":"https:\/\/www.it.tarnow.pl\/hu\/attrakciok\/varazslatos-kisvarosok\/","name":"Var\u00e1zslatos kisv\u00e1rosok - Tarnowskie Centrum Informacji","isPartOf":{"@id":"https:\/\/www.it.tarnow.pl\/#website"},"primaryImageOfPage":{"@id":"https:\/\/www.it.tarnow.pl\/hu\/attrakciok\/varazslatos-kisvarosok\/#primaryimage"},"image":{"@id":"https:\/\/www.it.tarnow.pl\/hu\/attrakciok\/varazslatos-kisvarosok\/#primaryimage"},"thumbnailUrl":"http:\/\/www.it.tarnow.pl\/wp-content\/uploads\/2019\/02\/Lipnica-Murowana-Rynek-1-400x300.jpg","datePublished":"2011-03-18T09:54:58+00:00","dateModified":"2019-04-03T13:20:28+00:00","breadcrumb":{"@id":"https:\/\/www.it.tarnow.pl\/hu\/attrakciok\/varazslatos-kisvarosok\/#breadcrumb"},"inLanguage":"hu","potentialAction":[{"@type":"ReadAction","target":["https:\/\/www.it.tarnow.pl\/hu\/attrakciok\/varazslatos-kisvarosok\/"]}]},{"@type":"ImageObject","inLanguage":"hu","@id":"https:\/\/www.it.tarnow.pl\/hu\/attrakciok\/varazslatos-kisvarosok\/#primaryimage","url":"http:\/\/www.it.tarnow.pl\/wp-content\/uploads\/2019\/02\/Lipnica-Murowana-Rynek-1-400x300.jpg","contentUrl":"http:\/\/www.it.tarnow.pl\/wp-content\/uploads\/2019\/02\/Lipnica-Murowana-Rynek-1-400x300.jpg"},{"@type":"BreadcrumbList","@id":"https:\/\/www.it.tarnow.pl\/hu\/attrakciok\/varazslatos-kisvarosok\/#breadcrumb","itemListElement":[{"@type":"ListItem","position":1,"name":"Kezd\u0151lap","item":"https:\/\/www.it.tarnow.pl\/hu\/"},{"@type":"ListItem","position":2,"name":"Attrakci\u00f3k","item":"https:\/\/www.it.tarnow.pl\/hu\/attrakciok\/"},{"@type":"ListItem","position":3,"name":"Var\u00e1zslatos kisv\u00e1rosok"}]},{"@type":"WebSite","@id":"https:\/\/www.it.tarnow.pl\/#website","url":"https:\/\/www.it.tarnow.pl\/","name":"Tarnowskie Centrum Informacji","description":"Informacja turystyczna o Tarnowie i regionie tarnowskim.","potentialAction":[{"@type":"SearchAction","target":{"@type":"EntryPoint","urlTemplate":"https:\/\/www.it.tarnow.pl\/?s={search_term_string}"},"query-input":{"@type":"PropertyValueSpecification","valueRequired":true,"valueName":"search_term_string"}}],"inLanguage":"hu"}]}},"_links":{"self":[{"href":"https:\/\/www.it.tarnow.pl\/hu\/wp-json\/wp\/v2\/pages\/10075","targetHints":{"allow":["GET"]}}],"collection":[{"href":"https:\/\/www.it.tarnow.pl\/hu\/wp-json\/wp\/v2\/pages"}],"about":[{"href":"https:\/\/www.it.tarnow.pl\/hu\/wp-json\/wp\/v2\/types\/page"}],"author":[{"embeddable":true,"href":"https:\/\/www.it.tarnow.pl\/hu\/wp-json\/wp\/v2\/users\/1"}],"replies":[{"embeddable":true,"href":"https:\/\/www.it.tarnow.pl\/hu\/wp-json\/wp\/v2\/comments?post=10075"}],"version-history":[{"count":0,"href":"https:\/\/www.it.tarnow.pl\/hu\/wp-json\/wp\/v2\/pages\/10075\/revisions"}],"up":[{"embeddable":true,"href":"https:\/\/www.it.tarnow.pl\/hu\/wp-json\/wp\/v2\/pages\/10061"}],"wp:attachment":[{"href":"https:\/\/www.it.tarnow.pl\/hu\/wp-json\/wp\/v2\/media?parent=10075"}],"wp:term":[{"taxonomy":"post_tag","embeddable":true,"href":"https:\/\/www.it.tarnow.pl\/hu\/wp-json\/wp\/v2\/tags?post=10075"}],"curies":[{"name":"wp","href":"https:\/\/api.w.org\/{rel}","templated":true}]}}