{"id":10073,"date":"2011-03-18T10:44:12","date_gmt":"2011-03-18T09:44:12","guid":{"rendered":"http:\/\/www.it.tarnow.pl\/az-i-vilaghaboru-katonai-temetoi\/"},"modified":"2019-04-03T15:20:26","modified_gmt":"2019-04-03T13:20:26","slug":"az-i-vilaghaboru-katonai-temetoi","status":"publish","type":"page","link":"https:\/\/www.it.tarnow.pl\/hu\/attrakciok\/az-i-vilaghaboru-katonai-temetoi\/","title":{"rendered":"Az I. Vil\u00e1gh\u00e1bor\u00fa katonai temet\u0151i"},"content":{"rendered":"<img loading=\"lazy\" decoding=\"async\" width=\"400\" height=\"298\" class=\"size-medium alignright wp-image-24676\" src=\"http:\/\/www.it.tarnow.pl\/wp-content\/uploads\/2019\/02\/Dabrowka-Szczepanowska-Cmentarz-Wojskowy-z-I-W.-Sw.-Nr-193-1-400x298.jpg\" alt=\"\" srcset=\"https:\/\/www.it.tarnow.pl\/wp-content\/uploads\/2019\/02\/Dabrowka-Szczepanowska-Cmentarz-Wojskowy-z-I-W.-Sw.-Nr-193-1-400x298.jpg 400w, https:\/\/www.it.tarnow.pl\/wp-content\/uploads\/2019\/02\/Dabrowka-Szczepanowska-Cmentarz-Wojskowy-z-I-W.-Sw.-Nr-193-1-768x572.jpg 768w, https:\/\/www.it.tarnow.pl\/wp-content\/uploads\/2019\/02\/Dabrowka-Szczepanowska-Cmentarz-Wojskowy-z-I-W.-Sw.-Nr-193-1-650x484.jpg 650w, https:\/\/www.it.tarnow.pl\/wp-content\/uploads\/2019\/02\/Dabrowka-Szczepanowska-Cmentarz-Wojskowy-z-I-W.-Sw.-Nr-193-1-300x224.jpg 300w, https:\/\/www.it.tarnow.pl\/wp-content\/uploads\/2019\/02\/Dabrowka-Szczepanowska-Cmentarz-Wojskowy-z-I-W.-Sw.-Nr-193-1.jpg 1024w\" sizes=\"auto, (max-width: 400px) 100vw, 400px\" \/><p>A tarn\u00f3wi r\u00e9gi\u00f3ban kb. 200, az I. Vil\u00e1gh\u00e1bor\u00fa idej\u00e9b\u0151l sz\u00e1rmaz\u00f3 temetkez\u00e9si hely van. A katonai &#8222;s\u00edrkertek&#8221; ilyen s\u0171r\u0171s\u00e9ge arra eml\u00e9keztet, hogy 1914\/15-ben Nyugat-Gal\u00edcia ter\u00fclet\u00e9n, t\u00f6bbek k\u00f6z\u00f6tt Tarn\u00f3w k\u00f6rny\u00e9k\u00e9n v\u00e9res harcokat v\u00edvott az orosz hadsereg a Cs\u00e1sz\u00e1ri \u00e9s Kir\u00e1lyi osztr\u00e1k sereggel. <\/p>\n<p>A gyakran az \u00fctk\u00f6zet hely\u00e9n kialak\u00edtott, f\u00e1kkal ben\u0151tt temet\u0151k fontos \u00e9s szokatlanul saj\u00e1tos t\u00f6rt\u00e9nelmi dokumentumai e vid\u00e9knek. K\u00fcl\u00f6nf\u00e9le nemzetis\u00e9g\u0171 katon\u00e1k nyugszanak itt: lengyelek, osztr\u00e1kok, n\u00e9metek, oroszok, magyarok, bosny\u00e1kok, csehek, olaszok.<\/p>\n<p>Az I. Vil\u00e1gh\u00e1bor\u00fas temet\u0151k nemcsak az elesettekkel szembeni egyenl\u0151 tiszteletad\u00e1sra tan\u00edt\u00f3 \u00e9rdekes \u00e9p\u00edt\u00e9szeti m\u0171eml\u00e9kek, hanem a Tarn\u00f3wi F\u00f6ld t\u00f6rt\u00e9nelmi m\u00faltj\u00e1nak egyedi tan\u00fahelyei.<\/p> <img loading=\"lazy\" decoding=\"async\" width=\"400\" height=\"300\" class=\"size-medium alignleft wp-image-24631\" src=\"http:\/\/www.it.tarnow.pl\/wp-content\/uploads\/2019\/02\/Lubcza-Szczepanowska-Cmentarz-Wojskowy-z-I-W.-Sw.-Nr-192-2-400x300.jpg\" alt=\"\" srcset=\"https:\/\/www.it.tarnow.pl\/wp-content\/uploads\/2019\/02\/Lubcza-Szczepanowska-Cmentarz-Wojskowy-z-I-W.-Sw.-Nr-192-2-400x300.jpg 400w, https:\/\/www.it.tarnow.pl\/wp-content\/uploads\/2019\/02\/Lubcza-Szczepanowska-Cmentarz-Wojskowy-z-I-W.-Sw.-Nr-192-2-768x576.jpg 768w, https:\/\/www.it.tarnow.pl\/wp-content\/uploads\/2019\/02\/Lubcza-Szczepanowska-Cmentarz-Wojskowy-z-I-W.-Sw.-Nr-192-2-650x488.jpg 650w, https:\/\/www.it.tarnow.pl\/wp-content\/uploads\/2019\/02\/Lubcza-Szczepanowska-Cmentarz-Wojskowy-z-I-W.-Sw.-Nr-192-2-300x225.jpg 300w, https:\/\/www.it.tarnow.pl\/wp-content\/uploads\/2019\/02\/Lubcza-Szczepanowska-Cmentarz-Wojskowy-z-I-W.-Sw.-Nr-192-2.jpg 1024w\" sizes=\"auto, (max-width: 400px) 100vw, 400px\" \/><img loading=\"lazy\" decoding=\"async\" width=\"400\" height=\"300\" class=\"size-medium alignright wp-image-24626\" src=\"http:\/\/www.it.tarnow.pl\/wp-content\/uploads\/2019\/02\/Cmentarz-wojskowy-z-I-W.S.-nr-150-w-Chojniku-400x300.jpg\" alt=\"\" srcset=\"https:\/\/www.it.tarnow.pl\/wp-content\/uploads\/2019\/02\/Cmentarz-wojskowy-z-I-W.S.-nr-150-w-Chojniku-400x300.jpg 400w, https:\/\/www.it.tarnow.pl\/wp-content\/uploads\/2019\/02\/Cmentarz-wojskowy-z-I-W.S.-nr-150-w-Chojniku-768x577.jpg 768w, https:\/\/www.it.tarnow.pl\/wp-content\/uploads\/2019\/02\/Cmentarz-wojskowy-z-I-W.S.-nr-150-w-Chojniku-650x488.jpg 650w, https:\/\/www.it.tarnow.pl\/wp-content\/uploads\/2019\/02\/Cmentarz-wojskowy-z-I-W.S.-nr-150-w-Chojniku-300x225.jpg 300w, https:\/\/www.it.tarnow.pl\/wp-content\/uploads\/2019\/02\/Cmentarz-wojskowy-z-I-W.S.-nr-150-w-Chojniku.jpg 1024w\" sizes=\"auto, (max-width: 400px) 100vw, 400px\" \/>","protected":false},"excerpt":{"rendered":"A tarn\u00f3wi r\u00e9gi\u00f3ban kb. 200, az I. Vil\u00e1gh\u00e1bor\u00fa idej\u00e9b\u0151l sz\u00e1rmaz\u00f3 temetkez\u00e9si hely van. A katonai &#8222;s\u00edrkertek&#8221; ilyen s\u0171r\u0171s\u00e9ge arra eml\u00e9keztet, hogy 1914\/15-ben Nyugat-Gal\u00edcia ter\u00fclet\u00e9n, t\u00f6bbek k\u00f6z\u00f6tt Tarn\u00f3w k\u00f6rny\u00e9k\u00e9n v\u00e9res harcokat [&hellip;]","protected":false},"author":1,"featured_media":0,"parent":10061,"menu_order":353,"comment_status":"closed","ping_status":"closed","template":"","meta":{"_acf_changed":false,"footnotes":""},"tags":[],"class_list":["post-10073","page","type-page","status-publish","hentry"],"acf":{"in_menu":null,"show_date":null,"intro_text":"<img class=\"size-medium alignleft wp-image-24626\" src=\"http:\/\/www.it.tarnow.pl\/wp-content\/uploads\/2019\/02\/Cmentarz-wojskowy-z-I-W.S.-nr-150-w-Chojniku-400x300.jpg\" alt=\"\"><p>A tarn\u00f3wi r\u00e9gi\u00f3ban kb. 200, az I. Vil\u00e1gh\u00e1bor\u00fa idej\u00e9b\u0151l sz\u00e1rmaz\u00f3 temetkez\u00e9si hely van. A katonai \"s\u00edrkertek\" ilyen s\u0171r\u0171s\u00e9ge arra eml\u00e9keztet, hogy 1914\/15-ben Nyugat-Gal\u00edcia ter\u00fclet\u00e9n, t\u00f6bbek k\u00f6z\u00f6tt Tarn\u00f3w k\u00f6rny\u00e9k\u00e9n v\u00e9res harcokat v\u00edvott az orosz hadsereg a Cs\u00e1sz\u00e1ri \u00e9s Kir\u00e1lyi osztr\u00e1k sereggel.<\/p>","map":null},"yoast_head":"<!-- This site is optimized with the Yoast SEO Premium plugin v25.4 (Yoast SEO v25.4) - https:\/\/yoast.com\/wordpress\/plugins\/seo\/ -->\n<title>Az I. Vil\u00e1gh\u00e1bor\u00fa katonai temet\u0151i - Tarnowskie Centrum Informacji<\/title>\n<meta name=\"robots\" content=\"index, follow, max-snippet:-1, max-image-preview:large, max-video-preview:-1\" \/>\n<link rel=\"canonical\" href=\"https:\/\/www.it.tarnow.pl\/hu\/attrakciok\/az-i-vilaghaboru-katonai-temetoi\/\" \/>\n<meta property=\"og:locale\" content=\"hu_HU\" \/>\n<meta property=\"og:type\" content=\"article\" \/>\n<meta property=\"og:title\" content=\"Az I. Vil\u00e1gh\u00e1bor\u00fa katonai temet\u0151i\" \/>\n<meta property=\"og:description\" content=\"A tarn\u00f3wi r\u00e9gi\u00f3ban kb. 200, az I. Vil\u00e1gh\u00e1bor\u00fa idej\u00e9b\u0151l sz\u00e1rmaz\u00f3 temetkez\u00e9si hely van. A katonai &#8222;s\u00edrkertek&#8221; ilyen s\u0171r\u0171s\u00e9ge arra eml\u00e9keztet, hogy 1914\/15-ben Nyugat-Gal\u00edcia ter\u00fclet\u00e9n, t\u00f6bbek k\u00f6z\u00f6tt Tarn\u00f3w k\u00f6rny\u00e9k\u00e9n v\u00e9res harcokat [&hellip;]\" \/>\n<meta property=\"og:url\" content=\"https:\/\/www.it.tarnow.pl\/hu\/attrakciok\/az-i-vilaghaboru-katonai-temetoi\/\" \/>\n<meta property=\"og:site_name\" content=\"Tarnowskie Centrum Informacji\" \/>\n<meta property=\"article:modified_time\" content=\"2019-04-03T13:20:26+00:00\" \/>\n<meta property=\"og:image\" content=\"http:\/\/www.it.tarnow.pl\/wp-content\/uploads\/2019\/02\/Dabrowka-Szczepanowska-Cmentarz-Wojskowy-z-I-W.-Sw.-Nr-193-1-400x298.jpg\" \/>\n<meta name=\"twitter:card\" content=\"summary_large_image\" \/>\n<meta name=\"twitter:label1\" content=\"Becs\u00fclt olvas\u00e1si id\u0151\" \/>\n\t<meta name=\"twitter:data1\" content=\"1 perc\" \/>\n<script type=\"application\/ld+json\" class=\"yoast-schema-graph\">{\"@context\":\"https:\/\/schema.org\",\"@graph\":[{\"@type\":\"WebPage\",\"@id\":\"https:\/\/www.it.tarnow.pl\/hu\/attrakciok\/az-i-vilaghaboru-katonai-temetoi\/\",\"url\":\"https:\/\/www.it.tarnow.pl\/hu\/attrakciok\/az-i-vilaghaboru-katonai-temetoi\/\",\"name\":\"Az I. Vil\u00e1gh\u00e1bor\u00fa katonai temet\u0151i - Tarnowskie Centrum Informacji\",\"isPartOf\":{\"@id\":\"https:\/\/www.it.tarnow.pl\/#website\"},\"primaryImageOfPage\":{\"@id\":\"https:\/\/www.it.tarnow.pl\/hu\/attrakciok\/az-i-vilaghaboru-katonai-temetoi\/#primaryimage\"},\"image\":{\"@id\":\"https:\/\/www.it.tarnow.pl\/hu\/attrakciok\/az-i-vilaghaboru-katonai-temetoi\/#primaryimage\"},\"thumbnailUrl\":\"http:\/\/www.it.tarnow.pl\/wp-content\/uploads\/2019\/02\/Dabrowka-Szczepanowska-Cmentarz-Wojskowy-z-I-W.-Sw.-Nr-193-1-400x298.jpg\",\"datePublished\":\"2011-03-18T09:44:12+00:00\",\"dateModified\":\"2019-04-03T13:20:26+00:00\",\"breadcrumb\":{\"@id\":\"https:\/\/www.it.tarnow.pl\/hu\/attrakciok\/az-i-vilaghaboru-katonai-temetoi\/#breadcrumb\"},\"inLanguage\":\"hu\",\"potentialAction\":[{\"@type\":\"ReadAction\",\"target\":[\"https:\/\/www.it.tarnow.pl\/hu\/attrakciok\/az-i-vilaghaboru-katonai-temetoi\/\"]}]},{\"@type\":\"ImageObject\",\"inLanguage\":\"hu\",\"@id\":\"https:\/\/www.it.tarnow.pl\/hu\/attrakciok\/az-i-vilaghaboru-katonai-temetoi\/#primaryimage\",\"url\":\"http:\/\/www.it.tarnow.pl\/wp-content\/uploads\/2019\/02\/Dabrowka-Szczepanowska-Cmentarz-Wojskowy-z-I-W.-Sw.-Nr-193-1-400x298.jpg\",\"contentUrl\":\"http:\/\/www.it.tarnow.pl\/wp-content\/uploads\/2019\/02\/Dabrowka-Szczepanowska-Cmentarz-Wojskowy-z-I-W.-Sw.-Nr-193-1-400x298.jpg\"},{\"@type\":\"BreadcrumbList\",\"@id\":\"https:\/\/www.it.tarnow.pl\/hu\/attrakciok\/az-i-vilaghaboru-katonai-temetoi\/#breadcrumb\",\"itemListElement\":[{\"@type\":\"ListItem\",\"position\":1,\"name\":\"Kezd\u0151lap\",\"item\":\"https:\/\/www.it.tarnow.pl\/hu\/\"},{\"@type\":\"ListItem\",\"position\":2,\"name\":\"Attrakci\u00f3k\",\"item\":\"https:\/\/www.it.tarnow.pl\/hu\/attrakciok\/\"},{\"@type\":\"ListItem\",\"position\":3,\"name\":\"Az I. Vil\u00e1gh\u00e1bor\u00fa katonai temet\u0151i\"}]},{\"@type\":\"WebSite\",\"@id\":\"https:\/\/www.it.tarnow.pl\/#website\",\"url\":\"https:\/\/www.it.tarnow.pl\/\",\"name\":\"Tarnowskie Centrum Informacji\",\"description\":\"Informacja turystyczna o Tarnowie i regionie tarnowskim.\",\"potentialAction\":[{\"@type\":\"SearchAction\",\"target\":{\"@type\":\"EntryPoint\",\"urlTemplate\":\"https:\/\/www.it.tarnow.pl\/?s={search_term_string}\"},\"query-input\":{\"@type\":\"PropertyValueSpecification\",\"valueRequired\":true,\"valueName\":\"search_term_string\"}}],\"inLanguage\":\"hu\"}]}<\/script>\n<!-- \/ Yoast SEO Premium plugin. -->","yoast_head_json":{"title":"Az I. Vil\u00e1gh\u00e1bor\u00fa katonai temet\u0151i - Tarnowskie Centrum Informacji","robots":{"index":"index","follow":"follow","max-snippet":"max-snippet:-1","max-image-preview":"max-image-preview:large","max-video-preview":"max-video-preview:-1"},"canonical":"https:\/\/www.it.tarnow.pl\/hu\/attrakciok\/az-i-vilaghaboru-katonai-temetoi\/","og_locale":"hu_HU","og_type":"article","og_title":"Az I. Vil\u00e1gh\u00e1bor\u00fa katonai temet\u0151i","og_description":"A tarn\u00f3wi r\u00e9gi\u00f3ban kb. 200, az I. Vil\u00e1gh\u00e1bor\u00fa idej\u00e9b\u0151l sz\u00e1rmaz\u00f3 temetkez\u00e9si hely van. A katonai &#8222;s\u00edrkertek&#8221; ilyen s\u0171r\u0171s\u00e9ge arra eml\u00e9keztet, hogy 1914\/15-ben Nyugat-Gal\u00edcia ter\u00fclet\u00e9n, t\u00f6bbek k\u00f6z\u00f6tt Tarn\u00f3w k\u00f6rny\u00e9k\u00e9n v\u00e9res harcokat [&hellip;]","og_url":"https:\/\/www.it.tarnow.pl\/hu\/attrakciok\/az-i-vilaghaboru-katonai-temetoi\/","og_site_name":"Tarnowskie Centrum Informacji","article_modified_time":"2019-04-03T13:20:26+00:00","og_image":[{"url":"http:\/\/www.it.tarnow.pl\/wp-content\/uploads\/2019\/02\/Dabrowka-Szczepanowska-Cmentarz-Wojskowy-z-I-W.-Sw.-Nr-193-1-400x298.jpg","type":"","width":"","height":""}],"twitter_card":"summary_large_image","twitter_misc":{"Becs\u00fclt olvas\u00e1si id\u0151":"1 perc"},"schema":{"@context":"https:\/\/schema.org","@graph":[{"@type":"WebPage","@id":"https:\/\/www.it.tarnow.pl\/hu\/attrakciok\/az-i-vilaghaboru-katonai-temetoi\/","url":"https:\/\/www.it.tarnow.pl\/hu\/attrakciok\/az-i-vilaghaboru-katonai-temetoi\/","name":"Az I. Vil\u00e1gh\u00e1bor\u00fa katonai temet\u0151i - Tarnowskie Centrum Informacji","isPartOf":{"@id":"https:\/\/www.it.tarnow.pl\/#website"},"primaryImageOfPage":{"@id":"https:\/\/www.it.tarnow.pl\/hu\/attrakciok\/az-i-vilaghaboru-katonai-temetoi\/#primaryimage"},"image":{"@id":"https:\/\/www.it.tarnow.pl\/hu\/attrakciok\/az-i-vilaghaboru-katonai-temetoi\/#primaryimage"},"thumbnailUrl":"http:\/\/www.it.tarnow.pl\/wp-content\/uploads\/2019\/02\/Dabrowka-Szczepanowska-Cmentarz-Wojskowy-z-I-W.-Sw.-Nr-193-1-400x298.jpg","datePublished":"2011-03-18T09:44:12+00:00","dateModified":"2019-04-03T13:20:26+00:00","breadcrumb":{"@id":"https:\/\/www.it.tarnow.pl\/hu\/attrakciok\/az-i-vilaghaboru-katonai-temetoi\/#breadcrumb"},"inLanguage":"hu","potentialAction":[{"@type":"ReadAction","target":["https:\/\/www.it.tarnow.pl\/hu\/attrakciok\/az-i-vilaghaboru-katonai-temetoi\/"]}]},{"@type":"ImageObject","inLanguage":"hu","@id":"https:\/\/www.it.tarnow.pl\/hu\/attrakciok\/az-i-vilaghaboru-katonai-temetoi\/#primaryimage","url":"http:\/\/www.it.tarnow.pl\/wp-content\/uploads\/2019\/02\/Dabrowka-Szczepanowska-Cmentarz-Wojskowy-z-I-W.-Sw.-Nr-193-1-400x298.jpg","contentUrl":"http:\/\/www.it.tarnow.pl\/wp-content\/uploads\/2019\/02\/Dabrowka-Szczepanowska-Cmentarz-Wojskowy-z-I-W.-Sw.-Nr-193-1-400x298.jpg"},{"@type":"BreadcrumbList","@id":"https:\/\/www.it.tarnow.pl\/hu\/attrakciok\/az-i-vilaghaboru-katonai-temetoi\/#breadcrumb","itemListElement":[{"@type":"ListItem","position":1,"name":"Kezd\u0151lap","item":"https:\/\/www.it.tarnow.pl\/hu\/"},{"@type":"ListItem","position":2,"name":"Attrakci\u00f3k","item":"https:\/\/www.it.tarnow.pl\/hu\/attrakciok\/"},{"@type":"ListItem","position":3,"name":"Az I. Vil\u00e1gh\u00e1bor\u00fa katonai temet\u0151i"}]},{"@type":"WebSite","@id":"https:\/\/www.it.tarnow.pl\/#website","url":"https:\/\/www.it.tarnow.pl\/","name":"Tarnowskie Centrum Informacji","description":"Informacja turystyczna o Tarnowie i regionie tarnowskim.","potentialAction":[{"@type":"SearchAction","target":{"@type":"EntryPoint","urlTemplate":"https:\/\/www.it.tarnow.pl\/?s={search_term_string}"},"query-input":{"@type":"PropertyValueSpecification","valueRequired":true,"valueName":"search_term_string"}}],"inLanguage":"hu"}]}},"_links":{"self":[{"href":"https:\/\/www.it.tarnow.pl\/hu\/wp-json\/wp\/v2\/pages\/10073","targetHints":{"allow":["GET"]}}],"collection":[{"href":"https:\/\/www.it.tarnow.pl\/hu\/wp-json\/wp\/v2\/pages"}],"about":[{"href":"https:\/\/www.it.tarnow.pl\/hu\/wp-json\/wp\/v2\/types\/page"}],"author":[{"embeddable":true,"href":"https:\/\/www.it.tarnow.pl\/hu\/wp-json\/wp\/v2\/users\/1"}],"replies":[{"embeddable":true,"href":"https:\/\/www.it.tarnow.pl\/hu\/wp-json\/wp\/v2\/comments?post=10073"}],"version-history":[{"count":0,"href":"https:\/\/www.it.tarnow.pl\/hu\/wp-json\/wp\/v2\/pages\/10073\/revisions"}],"up":[{"embeddable":true,"href":"https:\/\/www.it.tarnow.pl\/hu\/wp-json\/wp\/v2\/pages\/10061"}],"wp:attachment":[{"href":"https:\/\/www.it.tarnow.pl\/hu\/wp-json\/wp\/v2\/media?parent=10073"}],"wp:term":[{"taxonomy":"post_tag","embeddable":true,"href":"https:\/\/www.it.tarnow.pl\/hu\/wp-json\/wp\/v2\/tags?post=10073"}],"curies":[{"name":"wp","href":"https:\/\/api.w.org\/{rel}","templated":true}]}}