{"id":10072,"date":"2011-03-18T10:43:12","date_gmt":"2011-03-18T09:43:12","guid":{"rendered":"http:\/\/www.it.tarnow.pl\/tarnow-kornyekenek-legerdekesebb-muzeumai\/"},"modified":"2019-04-03T15:20:24","modified_gmt":"2019-04-03T13:20:24","slug":"tarnow-kornyekenek-legerdekesebb-muzeumai","status":"publish","type":"page","link":"https:\/\/www.it.tarnow.pl\/hu\/attrakciok\/tarnow-kornyekenek-legerdekesebb-muzeumai\/","title":{"rendered":"Tarn\u00f3w k\u00f6rny\u00e9k\u00e9nek leg\u00e9rdekesebb m\u00fazeumai"},"content":{"rendered":"<img loading=\"lazy\" decoding=\"async\" width=\"400\" height=\"300\" class=\"size-medium alignright wp-image-25505\" src=\"http:\/\/www.it.tarnow.pl\/wp-content\/uploads\/2019\/02\/Szczucin-Muzeum-Drogownictwa-400x300.jpg\" alt=\"\" srcset=\"https:\/\/www.it.tarnow.pl\/wp-content\/uploads\/2019\/02\/Szczucin-Muzeum-Drogownictwa-400x300.jpg 400w, https:\/\/www.it.tarnow.pl\/wp-content\/uploads\/2019\/02\/Szczucin-Muzeum-Drogownictwa-768x576.jpg 768w, https:\/\/www.it.tarnow.pl\/wp-content\/uploads\/2019\/02\/Szczucin-Muzeum-Drogownictwa-650x488.jpg 650w, https:\/\/www.it.tarnow.pl\/wp-content\/uploads\/2019\/02\/Szczucin-Muzeum-Drogownictwa-300x225.jpg 300w, https:\/\/www.it.tarnow.pl\/wp-content\/uploads\/2019\/02\/Szczucin-Muzeum-Drogownictwa.jpg 1024w\" sizes=\"auto, (max-width: 400px) 100vw, 400px\" \/><p>A Tarn\u00f3wi N\u00e9prajzi \u00e9s Egyh\u00e1zmegyei m\u00fazeumok messze az orsz\u00e1ghat\u00e1ron t\u00fal ismertek. Figyelemre m\u00e9lt\u00f3 m\u00e9g a szczucini <b>K\u00f6zleked\u00e9si M\u00fazeum<\/b> \u00e9s a pilznoi <b>Baba M\u00fazeum<\/b>. A K\u00f6zleked\u00e9si M\u00fazeumban, melyet Lengyelorsz\u00e1g egyik leg\u00e9rdekesebb m\u0171szaki m\u00fazeum\u00e1nak tartanak, r\u00e9gi \u00fat\u00e9p\u00edt\u0151 g\u00e9pek \u00e9s berendez\u00e9sek tucatjait l\u00e1thatjuk: \u00fathengereket, traktorokat, lokomobilt \u00e9s gazdag k\u00f6zleked\u00e9si t\u00e1bla gy\u0171jtem\u00e9nyt, kilom\u00e9terk\u00f6veket \u00e9s m\u00e9r\u0151berendez\u00e9seket is. Ezen fel\u00fcl a m\u00fazeumban a lengyel \u00fat\u00e9p\u00edt\u00e9s t\u00f6rt\u00e9net\u00e9t feldolgoz\u00f3 dokumentumokat, terveket \u00e9s m\u00e1s ki\u00e1ll\u00edt\u00e1si t\u00e1rgyakat is bemutatnak. A legfiatalabbak \u00e9rdekl\u0151d\u00e9s\u00e9t bizony\u00e1ra az \u00fat\u00e9p\u00edt\u00e9s folyamat\u00e1t taglal\u00f3 ki\u00e1ll\u00edt\u00e1s kelti fel.<\/p>\n<p>\u00a0<\/p>\n<p>A pilznoi Baba M\u00fazeum pedig &#8211; amelyet a babak\u00e9sz\u00edt\u00e9sre szakosodott m\u0171helyben alak\u00edtottak ki &#8211; az eg\u00e9sz vil\u00e1g minden t\u00e1j\u00e1r\u00f3l \u00f6sszegy\u0171jt\u00f6tt gazdag, t\u00f6bbek k\u00f6z\u00f6tt nagy jap\u00e1n babagy\u0171jtem\u00e9nnyel rendelkezik. A ki\u00e1ll\u00edt\u00e1st kieg\u00e9sz\u00edtik a vall\u00e1si kultusz t\u00e1rgyai \u00e9s a h\u00e9tk\u00f6znapi \u00e9let nemegyszer nagyon r\u00e9gi \u00e9s ritka eszk\u00f6zei. Lipinyben, a M\u00fazeum r\u00e9szleg\u00e9ben (Tarn\u00f3wt\u00f3l 15 km-re, a Rzesz\u00f3wba vezet\u0151 E40-es \u00fat mellett) tal\u00e1lhat\u00f3 a mes\u00e9k miniat\u0171r alakjainak \u00e9s \u00e9p\u00edtm\u00e9nyeinek skanzenje. A &#8222;Boszork\u00e1ny Fogad\u00f3&#8221; &#8211; ezt a nevet viseli a r\u00e9szleg &#8211; a ki\u00e1ll\u00edt\u00e1son t\u00falmen\u0151en kit\u0171n\u0151 eb\u00e9djeivel is rabul ejt.<\/p>","protected":false},"excerpt":{"rendered":"A Tarn\u00f3wi N\u00e9prajzi \u00e9s Egyh\u00e1zmegyei m\u00fazeumok messze az orsz\u00e1ghat\u00e1ron t\u00fal ismertek. Figyelemre m\u00e9lt\u00f3 m\u00e9g a szczucini K\u00f6zleked\u00e9si M\u00fazeum \u00e9s a pilznoi Baba M\u00fazeum. A K\u00f6zleked\u00e9si M\u00fazeumban, melyet Lengyelorsz\u00e1g egyik leg\u00e9rdekesebb [&hellip;]","protected":false},"author":1,"featured_media":0,"parent":10061,"menu_order":325,"comment_status":"closed","ping_status":"closed","template":"","meta":{"_acf_changed":false,"footnotes":""},"tags":[],"class_list":["post-10072","page","type-page","status-publish","hentry"],"acf":{"in_menu":null,"show_date":null,"intro_text":"<img class=\"size-medium alignleft wp-image-25505\" src=\"http:\/\/www.it.tarnow.pl\/wp-content\/uploads\/2019\/02\/Szczucin-Muzeum-Drogownictwa-400x300.jpg\" alt=\"\"><p>A Tarn\u00f3wi N\u00e9prajzi \u00e9s Egyh\u00e1zmegyei m\u00fazeumok messze az orsz\u00e1ghat\u00e1ron t\u00fal ismertek. Figyelemre m\u00e9lt\u00f3 m\u00e9g a szczucini <b>K\u00f6zleked\u00e9si M\u00fazeum<\/b> \u00e9s a pilznoi <b>Baba M\u00fazeum<\/b>. A K\u00f6zleked\u00e9si M\u00fazeumban, melyet Lengyelorsz\u00e1g egyik leg\u00e9rdekesebb m\u0171szaki m\u00fazeum\u00e1nak tartanak, r\u00e9gi \u00fat\u00e9p\u00edt\u0151 g\u00e9pek \u00e9s berendez\u00e9sek tucatjait l\u00e1thatjuk: \u00fathengereket, traktorokat, lokomobilt \u00e9s gazdag k\u00f6zleked\u00e9si t\u00e1bla gy\u0171jtem\u00e9nyt, kilom\u00e9terk\u00f6veket \u00e9s m\u00e9r\u0151berendez\u00e9seket is.<\/p>","map":null},"yoast_head":"<!-- This site is optimized with the Yoast SEO Premium plugin v25.4 (Yoast SEO v25.4) - https:\/\/yoast.com\/wordpress\/plugins\/seo\/ -->\n<title>Tarn\u00f3w k\u00f6rny\u00e9k\u00e9nek leg\u00e9rdekesebb m\u00fazeumai - Tarnowskie Centrum Informacji<\/title>\n<meta name=\"robots\" content=\"index, follow, max-snippet:-1, max-image-preview:large, max-video-preview:-1\" \/>\n<link rel=\"canonical\" href=\"https:\/\/www.it.tarnow.pl\/hu\/attrakciok\/tarnow-kornyekenek-legerdekesebb-muzeumai\/\" \/>\n<meta property=\"og:locale\" content=\"hu_HU\" \/>\n<meta property=\"og:type\" content=\"article\" \/>\n<meta property=\"og:title\" content=\"Tarn\u00f3w k\u00f6rny\u00e9k\u00e9nek leg\u00e9rdekesebb m\u00fazeumai\" \/>\n<meta property=\"og:description\" content=\"A Tarn\u00f3wi N\u00e9prajzi \u00e9s Egyh\u00e1zmegyei m\u00fazeumok messze az orsz\u00e1ghat\u00e1ron t\u00fal ismertek. Figyelemre m\u00e9lt\u00f3 m\u00e9g a szczucini K\u00f6zleked\u00e9si M\u00fazeum \u00e9s a pilznoi Baba M\u00fazeum. A K\u00f6zleked\u00e9si M\u00fazeumban, melyet Lengyelorsz\u00e1g egyik leg\u00e9rdekesebb [&hellip;]\" \/>\n<meta property=\"og:url\" content=\"https:\/\/www.it.tarnow.pl\/hu\/attrakciok\/tarnow-kornyekenek-legerdekesebb-muzeumai\/\" \/>\n<meta property=\"og:site_name\" content=\"Tarnowskie Centrum Informacji\" \/>\n<meta property=\"article:modified_time\" content=\"2019-04-03T13:20:24+00:00\" \/>\n<meta property=\"og:image\" content=\"http:\/\/www.it.tarnow.pl\/wp-content\/uploads\/2019\/02\/Szczucin-Muzeum-Drogownictwa-400x300.jpg\" \/>\n<meta name=\"twitter:card\" content=\"summary_large_image\" \/>\n<meta name=\"twitter:label1\" content=\"Becs\u00fclt olvas\u00e1si id\u0151\" \/>\n\t<meta name=\"twitter:data1\" content=\"1 perc\" \/>\n<script type=\"application\/ld+json\" class=\"yoast-schema-graph\">{\"@context\":\"https:\/\/schema.org\",\"@graph\":[{\"@type\":\"WebPage\",\"@id\":\"https:\/\/www.it.tarnow.pl\/hu\/attrakciok\/tarnow-kornyekenek-legerdekesebb-muzeumai\/\",\"url\":\"https:\/\/www.it.tarnow.pl\/hu\/attrakciok\/tarnow-kornyekenek-legerdekesebb-muzeumai\/\",\"name\":\"Tarn\u00f3w k\u00f6rny\u00e9k\u00e9nek leg\u00e9rdekesebb m\u00fazeumai - Tarnowskie Centrum Informacji\",\"isPartOf\":{\"@id\":\"https:\/\/www.it.tarnow.pl\/#website\"},\"primaryImageOfPage\":{\"@id\":\"https:\/\/www.it.tarnow.pl\/hu\/attrakciok\/tarnow-kornyekenek-legerdekesebb-muzeumai\/#primaryimage\"},\"image\":{\"@id\":\"https:\/\/www.it.tarnow.pl\/hu\/attrakciok\/tarnow-kornyekenek-legerdekesebb-muzeumai\/#primaryimage\"},\"thumbnailUrl\":\"http:\/\/www.it.tarnow.pl\/wp-content\/uploads\/2019\/02\/Szczucin-Muzeum-Drogownictwa-400x300.jpg\",\"datePublished\":\"2011-03-18T09:43:12+00:00\",\"dateModified\":\"2019-04-03T13:20:24+00:00\",\"breadcrumb\":{\"@id\":\"https:\/\/www.it.tarnow.pl\/hu\/attrakciok\/tarnow-kornyekenek-legerdekesebb-muzeumai\/#breadcrumb\"},\"inLanguage\":\"hu\",\"potentialAction\":[{\"@type\":\"ReadAction\",\"target\":[\"https:\/\/www.it.tarnow.pl\/hu\/attrakciok\/tarnow-kornyekenek-legerdekesebb-muzeumai\/\"]}]},{\"@type\":\"ImageObject\",\"inLanguage\":\"hu\",\"@id\":\"https:\/\/www.it.tarnow.pl\/hu\/attrakciok\/tarnow-kornyekenek-legerdekesebb-muzeumai\/#primaryimage\",\"url\":\"http:\/\/www.it.tarnow.pl\/wp-content\/uploads\/2019\/02\/Szczucin-Muzeum-Drogownictwa-400x300.jpg\",\"contentUrl\":\"http:\/\/www.it.tarnow.pl\/wp-content\/uploads\/2019\/02\/Szczucin-Muzeum-Drogownictwa-400x300.jpg\"},{\"@type\":\"BreadcrumbList\",\"@id\":\"https:\/\/www.it.tarnow.pl\/hu\/attrakciok\/tarnow-kornyekenek-legerdekesebb-muzeumai\/#breadcrumb\",\"itemListElement\":[{\"@type\":\"ListItem\",\"position\":1,\"name\":\"Kezd\u0151lap\",\"item\":\"https:\/\/www.it.tarnow.pl\/hu\/\"},{\"@type\":\"ListItem\",\"position\":2,\"name\":\"Attrakci\u00f3k\",\"item\":\"https:\/\/www.it.tarnow.pl\/hu\/attrakciok\/\"},{\"@type\":\"ListItem\",\"position\":3,\"name\":\"Tarn\u00f3w k\u00f6rny\u00e9k\u00e9nek leg\u00e9rdekesebb m\u00fazeumai\"}]},{\"@type\":\"WebSite\",\"@id\":\"https:\/\/www.it.tarnow.pl\/#website\",\"url\":\"https:\/\/www.it.tarnow.pl\/\",\"name\":\"Tarnowskie Centrum Informacji\",\"description\":\"Informacja turystyczna o Tarnowie i regionie tarnowskim.\",\"potentialAction\":[{\"@type\":\"SearchAction\",\"target\":{\"@type\":\"EntryPoint\",\"urlTemplate\":\"https:\/\/www.it.tarnow.pl\/?s={search_term_string}\"},\"query-input\":{\"@type\":\"PropertyValueSpecification\",\"valueRequired\":true,\"valueName\":\"search_term_string\"}}],\"inLanguage\":\"hu\"}]}<\/script>\n<!-- \/ Yoast SEO Premium plugin. -->","yoast_head_json":{"title":"Tarn\u00f3w k\u00f6rny\u00e9k\u00e9nek leg\u00e9rdekesebb m\u00fazeumai - Tarnowskie Centrum Informacji","robots":{"index":"index","follow":"follow","max-snippet":"max-snippet:-1","max-image-preview":"max-image-preview:large","max-video-preview":"max-video-preview:-1"},"canonical":"https:\/\/www.it.tarnow.pl\/hu\/attrakciok\/tarnow-kornyekenek-legerdekesebb-muzeumai\/","og_locale":"hu_HU","og_type":"article","og_title":"Tarn\u00f3w k\u00f6rny\u00e9k\u00e9nek leg\u00e9rdekesebb m\u00fazeumai","og_description":"A Tarn\u00f3wi N\u00e9prajzi \u00e9s Egyh\u00e1zmegyei m\u00fazeumok messze az orsz\u00e1ghat\u00e1ron t\u00fal ismertek. Figyelemre m\u00e9lt\u00f3 m\u00e9g a szczucini K\u00f6zleked\u00e9si M\u00fazeum \u00e9s a pilznoi Baba M\u00fazeum. A K\u00f6zleked\u00e9si M\u00fazeumban, melyet Lengyelorsz\u00e1g egyik leg\u00e9rdekesebb [&hellip;]","og_url":"https:\/\/www.it.tarnow.pl\/hu\/attrakciok\/tarnow-kornyekenek-legerdekesebb-muzeumai\/","og_site_name":"Tarnowskie Centrum Informacji","article_modified_time":"2019-04-03T13:20:24+00:00","og_image":[{"url":"http:\/\/www.it.tarnow.pl\/wp-content\/uploads\/2019\/02\/Szczucin-Muzeum-Drogownictwa-400x300.jpg","type":"","width":"","height":""}],"twitter_card":"summary_large_image","twitter_misc":{"Becs\u00fclt olvas\u00e1si id\u0151":"1 perc"},"schema":{"@context":"https:\/\/schema.org","@graph":[{"@type":"WebPage","@id":"https:\/\/www.it.tarnow.pl\/hu\/attrakciok\/tarnow-kornyekenek-legerdekesebb-muzeumai\/","url":"https:\/\/www.it.tarnow.pl\/hu\/attrakciok\/tarnow-kornyekenek-legerdekesebb-muzeumai\/","name":"Tarn\u00f3w k\u00f6rny\u00e9k\u00e9nek leg\u00e9rdekesebb m\u00fazeumai - Tarnowskie Centrum Informacji","isPartOf":{"@id":"https:\/\/www.it.tarnow.pl\/#website"},"primaryImageOfPage":{"@id":"https:\/\/www.it.tarnow.pl\/hu\/attrakciok\/tarnow-kornyekenek-legerdekesebb-muzeumai\/#primaryimage"},"image":{"@id":"https:\/\/www.it.tarnow.pl\/hu\/attrakciok\/tarnow-kornyekenek-legerdekesebb-muzeumai\/#primaryimage"},"thumbnailUrl":"http:\/\/www.it.tarnow.pl\/wp-content\/uploads\/2019\/02\/Szczucin-Muzeum-Drogownictwa-400x300.jpg","datePublished":"2011-03-18T09:43:12+00:00","dateModified":"2019-04-03T13:20:24+00:00","breadcrumb":{"@id":"https:\/\/www.it.tarnow.pl\/hu\/attrakciok\/tarnow-kornyekenek-legerdekesebb-muzeumai\/#breadcrumb"},"inLanguage":"hu","potentialAction":[{"@type":"ReadAction","target":["https:\/\/www.it.tarnow.pl\/hu\/attrakciok\/tarnow-kornyekenek-legerdekesebb-muzeumai\/"]}]},{"@type":"ImageObject","inLanguage":"hu","@id":"https:\/\/www.it.tarnow.pl\/hu\/attrakciok\/tarnow-kornyekenek-legerdekesebb-muzeumai\/#primaryimage","url":"http:\/\/www.it.tarnow.pl\/wp-content\/uploads\/2019\/02\/Szczucin-Muzeum-Drogownictwa-400x300.jpg","contentUrl":"http:\/\/www.it.tarnow.pl\/wp-content\/uploads\/2019\/02\/Szczucin-Muzeum-Drogownictwa-400x300.jpg"},{"@type":"BreadcrumbList","@id":"https:\/\/www.it.tarnow.pl\/hu\/attrakciok\/tarnow-kornyekenek-legerdekesebb-muzeumai\/#breadcrumb","itemListElement":[{"@type":"ListItem","position":1,"name":"Kezd\u0151lap","item":"https:\/\/www.it.tarnow.pl\/hu\/"},{"@type":"ListItem","position":2,"name":"Attrakci\u00f3k","item":"https:\/\/www.it.tarnow.pl\/hu\/attrakciok\/"},{"@type":"ListItem","position":3,"name":"Tarn\u00f3w k\u00f6rny\u00e9k\u00e9nek leg\u00e9rdekesebb m\u00fazeumai"}]},{"@type":"WebSite","@id":"https:\/\/www.it.tarnow.pl\/#website","url":"https:\/\/www.it.tarnow.pl\/","name":"Tarnowskie Centrum Informacji","description":"Informacja turystyczna o Tarnowie i regionie tarnowskim.","potentialAction":[{"@type":"SearchAction","target":{"@type":"EntryPoint","urlTemplate":"https:\/\/www.it.tarnow.pl\/?s={search_term_string}"},"query-input":{"@type":"PropertyValueSpecification","valueRequired":true,"valueName":"search_term_string"}}],"inLanguage":"hu"}]}},"_links":{"self":[{"href":"https:\/\/www.it.tarnow.pl\/hu\/wp-json\/wp\/v2\/pages\/10072","targetHints":{"allow":["GET"]}}],"collection":[{"href":"https:\/\/www.it.tarnow.pl\/hu\/wp-json\/wp\/v2\/pages"}],"about":[{"href":"https:\/\/www.it.tarnow.pl\/hu\/wp-json\/wp\/v2\/types\/page"}],"author":[{"embeddable":true,"href":"https:\/\/www.it.tarnow.pl\/hu\/wp-json\/wp\/v2\/users\/1"}],"replies":[{"embeddable":true,"href":"https:\/\/www.it.tarnow.pl\/hu\/wp-json\/wp\/v2\/comments?post=10072"}],"version-history":[{"count":0,"href":"https:\/\/www.it.tarnow.pl\/hu\/wp-json\/wp\/v2\/pages\/10072\/revisions"}],"up":[{"embeddable":true,"href":"https:\/\/www.it.tarnow.pl\/hu\/wp-json\/wp\/v2\/pages\/10061"}],"wp:attachment":[{"href":"https:\/\/www.it.tarnow.pl\/hu\/wp-json\/wp\/v2\/media?parent=10072"}],"wp:term":[{"taxonomy":"post_tag","embeddable":true,"href":"https:\/\/www.it.tarnow.pl\/hu\/wp-json\/wp\/v2\/tags?post=10072"}],"curies":[{"name":"wp","href":"https:\/\/api.w.org\/{rel}","templated":true}]}}