{"id":10071,"date":"2011-03-18T10:40:46","date_gmt":"2011-03-18T09:40:46","guid":{"rendered":"http:\/\/www.it.tarnow.pl\/varak\/"},"modified":"2021-11-18T15:30:56","modified_gmt":"2021-11-18T14:30:56","slug":"varak","status":"publish","type":"page","link":"https:\/\/www.it.tarnow.pl\/hu\/attrakciok\/varak\/","title":{"rendered":"V\u00e1rak"},"content":{"rendered":"<p><img loading=\"lazy\" decoding=\"async\" width=\"300\" height=\"400\" class=\"size-medium alignright wp-image-24401\" src=\"http:\/\/www.it.tarnow.pl\/wp-content\/uploads\/2019\/02\/Nowy-Wisnicz-Zamek-7-300x400.jpg\" alt=\"\" srcset=\"https:\/\/www.it.tarnow.pl\/wp-content\/uploads\/2019\/02\/Nowy-Wisnicz-Zamek-7-300x400.jpg 300w, https:\/\/www.it.tarnow.pl\/wp-content\/uploads\/2019\/02\/Nowy-Wisnicz-Zamek-7.jpg 768w, https:\/\/www.it.tarnow.pl\/wp-content\/uploads\/2019\/02\/Nowy-Wisnicz-Zamek-7-488x650.jpg 488w, https:\/\/www.it.tarnow.pl\/wp-content\/uploads\/2019\/02\/Nowy-Wisnicz-Zamek-7-225x300.jpg 225w\" sizes=\"auto, (max-width: 300px) 100vw, 300px\" \/><\/p>\r\n<p>A Ma\u0142opolskie (Kislengyelorsz\u00e1gi) vajdas\u00e1g keleti r\u00e9sz\u00e9ben sok olyan hely tal\u00e1lhat\u00f3, mely felkeltheti az egyed\u00fcl\u00e1ll\u00f3 panor\u00e1m\u00e1ra, vagy \u00e9p\u00edt\u00e9szeti \u00e9s t\u00f6rt\u00e9nelmi nevezetess\u00e9gekre v\u00e1gy\u00f3k \u00e9rdekl\u0151d\u00e9s\u00e9t. Titokzatos helyeket lehet itt felfedezni, melyekhez sz\u00e1mos legenda f\u0171z\u0151dik; pl. a mai napig megesik, hogy hallani a felv\u00e9rtezett lovagok z\u00f6rg\u00e9s\u00e9t. L\u00e1togassanak el a v\u00e1rakhoz, er\u0151d\u00edtm\u00e9nyekhez, valamint a sz\u00e1mtalan romhoz &#8211; az itteni nagyurak r\u00e9gvolt pomp\u00e1j\u00e1nak maradv\u00e1nyaihoz. Lengyelorsz\u00e1g els\u0151 v\u00e1rainak \u00e9p\u00edt\u00e9s\u00e9re hat\u00e1ssal volt a lengyel \u00e1llam hat\u00e1rainak alakul\u00e1sa \u00e9s a tehet\u0151s lovagi nemzets\u00e9gek megjelen\u00e9se. A tarn\u00f3wi vid\u00e9k ugyan nem volt hat\u00e1rter\u00fclet, de fontos kereskedelmi \u00fatvonalak futottak erre, amelyek v\u00e9delemre szorultak, ezt pedig a v\u00e1rak fegyveres \u0151rs\u00e9ge biztos\u00edthatta.<\/p>\r\n<p>&nbsp;<\/p>\r\n<p><img loading=\"lazy\" decoding=\"async\" width=\"400\" height=\"300\" class=\"size-medium alignright wp-image-24553\" src=\"http:\/\/www.it.tarnow.pl\/wp-content\/uploads\/2019\/02\/Debno-Zamek-3-400x300.jpg\" alt=\"\" srcset=\"https:\/\/www.it.tarnow.pl\/wp-content\/uploads\/2019\/02\/Debno-Zamek-3-400x300.jpg 400w, https:\/\/www.it.tarnow.pl\/wp-content\/uploads\/2019\/02\/Debno-Zamek-3-768x576.jpg 768w, https:\/\/www.it.tarnow.pl\/wp-content\/uploads\/2019\/02\/Debno-Zamek-3-650x488.jpg 650w, https:\/\/www.it.tarnow.pl\/wp-content\/uploads\/2019\/02\/Debno-Zamek-3-300x225.jpg 300w, https:\/\/www.it.tarnow.pl\/wp-content\/uploads\/2019\/02\/Debno-Zamek-3.jpg 1024w\" sizes=\"auto, (max-width: 400px) 100vw, 400px\" \/><\/p>\r\n<p><b>A D\u0119bnoi v\u00e1r<\/b>. Lengyelorsz\u00e1g egyed\u00fcli ilyen j\u00f3 \u00e1llapotban fennmaradt k\u00e9s\u0151-g\u00f3tikus lovagi sz\u00e9khelye az 1470-80-as \u00e9vekb\u0151l. A v\u00e1r n\u00e9gy k\u00e9temeletes \u00e9p\u00fcletr\u00e9szb\u0151l \u00e1ll, melyek k\u0151vel kirakott udvart \u00e9s egy kutat fognak k\u00f6zre.<\/p>\r\n<p><img loading=\"lazy\" decoding=\"async\" width=\"400\" height=\"300\" class=\"size-medium alignleft wp-image-24523\" src=\"http:\/\/www.it.tarnow.pl\/wp-content\/uploads\/2019\/02\/Debno-Zamek-400x300.jpg\" alt=\"\" srcset=\"https:\/\/www.it.tarnow.pl\/wp-content\/uploads\/2019\/02\/Debno-Zamek-400x300.jpg 400w, https:\/\/www.it.tarnow.pl\/wp-content\/uploads\/2019\/02\/Debno-Zamek-768x576.jpg 768w, https:\/\/www.it.tarnow.pl\/wp-content\/uploads\/2019\/02\/Debno-Zamek-650x488.jpg 650w, https:\/\/www.it.tarnow.pl\/wp-content\/uploads\/2019\/02\/Debno-Zamek-300x225.jpg 300w, https:\/\/www.it.tarnow.pl\/wp-content\/uploads\/2019\/02\/Debno-Zamek.jpg 1024w\" sizes=\"auto, (max-width: 400px) 100vw, 400px\" \/><\/p>\r\n<p>A t\u00e9gl\u00e1b\u00f3l \u00e9s k\u0151b\u0151l \u00e9p\u00edtett v\u00e1rt\u00f6mb\u00f6t b\u00e1sty\u00e1k \u00e9s kiugr\u00f3 erk\u00e9lyek d\u00edsz\u00edtik. Az ajt\u00f3- \u00e9s ablakkereteket n\u00f6v\u00e9nyi \u00e9s geometrikus mot\u00edvumokat, valamint c\u00edmereket form\u00e1z\u00f3 k\u0151domborm\u0171vek gazdag\u00edtj\u00e1k. A v\u00e1r bels\u0151 helyis\u00e9geiben kialak\u00edtott ki\u00e1ll\u00edt\u00e1son k\u00e9pet kapunk a v\u00e1r t\u00f6rt\u00e9net\u00e9r\u0151l. Megtekinthetj\u00fck, hogyan n\u00e9zett ki egykor a Lovagi Terem, a v\u00e1rk\u00e1polna, a kincst\u00e1r vagy az \u00f3don konyha. Minden \u00e9v szeptember\u00e9ben lovagi torn\u00e1t rendeznek D\u0119bnoban &#8222;Tar\u0142\u00f3wna Arany Varkocs\u00e1\u00e9rt&#8221;. T\u00f6bb ezer r\u00e9sztvev\u0151 csod\u00e1lja a k\u00f6z\u00e9pkori harci \u00e9s t\u00e1ncbemutat\u00f3kat, illetve vesz r\u00e9szt azokon a bemutat\u00f3kon, melyek k\u00f6zelebb viszik hozz\u00e1juk el\u0151deink mindennapi \u00e9let\u00e9t.<\/p>\r\n<p>&nbsp;<\/p>\r\n<p><img loading=\"lazy\" decoding=\"async\" width=\"400\" height=\"300\" class=\"size-medium alignleft wp-image-21117\" src=\"http:\/\/www.it.tarnow.pl\/wp-content\/uploads\/2019\/02\/Nowy-Wisnicz-Zamek-4-400x300.jpg\" alt=\"\" srcset=\"https:\/\/www.it.tarnow.pl\/wp-content\/uploads\/2019\/02\/Nowy-Wisnicz-Zamek-4-400x300.jpg 400w, https:\/\/www.it.tarnow.pl\/wp-content\/uploads\/2019\/02\/Nowy-Wisnicz-Zamek-4-768x576.jpg 768w, https:\/\/www.it.tarnow.pl\/wp-content\/uploads\/2019\/02\/Nowy-Wisnicz-Zamek-4-650x488.jpg 650w, https:\/\/www.it.tarnow.pl\/wp-content\/uploads\/2019\/02\/Nowy-Wisnicz-Zamek-4-300x225.jpg 300w, https:\/\/www.it.tarnow.pl\/wp-content\/uploads\/2019\/02\/Nowy-Wisnicz-Zamek-4.jpg 1024w\" sizes=\"auto, (max-width: 400px) 100vw, 400px\" \/><img loading=\"lazy\" decoding=\"async\" width=\"400\" height=\"300\" class=\"size-medium alignright wp-image-24543\" src=\"http:\/\/www.it.tarnow.pl\/wp-content\/uploads\/2019\/02\/Nowy-Wisnicz-Zamek-8-400x300.jpg\" alt=\"\" srcset=\"https:\/\/www.it.tarnow.pl\/wp-content\/uploads\/2019\/02\/Nowy-Wisnicz-Zamek-8-400x300.jpg 400w, https:\/\/www.it.tarnow.pl\/wp-content\/uploads\/2019\/02\/Nowy-Wisnicz-Zamek-8-768x576.jpg 768w, https:\/\/www.it.tarnow.pl\/wp-content\/uploads\/2019\/02\/Nowy-Wisnicz-Zamek-8-650x488.jpg 650w, https:\/\/www.it.tarnow.pl\/wp-content\/uploads\/2019\/02\/Nowy-Wisnicz-Zamek-8-300x225.jpg 300w, https:\/\/www.it.tarnow.pl\/wp-content\/uploads\/2019\/02\/Nowy-Wisnicz-Zamek-8.jpg 1024w\" sizes=\"auto, (max-width: 400px) 100vw, 400px\" \/><\/p>\r\n<p><b>Nowy Wi\u015bnicz<\/b>. Lengyelorsz\u00e1g legnagyobb fennmaradt barokk v\u00e9delmi sz\u00e9khelye. A v\u00e1r jellegzetes k\u00fclsej\u00e9t Piotr Kmita uralkod\u00e1sa idej\u00e9n nyerte el, aki a XVI. sz\u00e1zad els\u0151 fel\u00e9ben renesz\u00e1nsz jelleget adott neki. A v\u00e1r \u00e9p\u00fcletegy\u00fcttese a korabeli alapok k\u00f6zponti r\u00e9sz\u00e9n helyezkedik el. N\u00e9gy k\u00e9temeletes \u00e9p\u00fcletsz\u00e1rnyb\u00f3l \u00e1ll, melyek kis bels\u0151 udvart z\u00e1rnak k\u00f6rbe. A v\u00e1r saj\u00e1tos megjelen\u00e9s\u00e9t a n\u00e9gy sarki toronynak k\u00f6sz\u00f6nheti. A tornyok mindegyike m\u00e1s \u00e9s m\u00e1s, \u00edgy a v\u00e1r minden ir\u00e1nyb\u00f3l m\u00e1s k\u00e9pet mutat. A v\u00e1r eg\u00e9sze mai alakj\u00e1t 1615-37 k\u00f6z\u00f6tt nyerte el Stanis\u0142aw Lubomirski idej\u00e9n. \u00c9p\u00fcletszerkezet\u00e9t ekkor \u00e1talak\u00edtott\u00e1k &#8211; kapu\u00e9p\u00fcletet, b\u00e1sty\u00e1kat \u00e9s v\u00e9d\u0151s\u00e1ncokat tartalmaz\u00f3 k\u0151szerkezet\u0171 er\u0151d\u00edtm\u00e9nnyel vett\u00e9k k\u00f6r\u00fcl.<\/p>\r\n<p>&nbsp;<\/p>\r\n<p><img loading=\"lazy\" decoding=\"async\" class=\"wp-image-179017 size-medium alignright\" src=\"http:\/\/www.it.tarnow.pl\/wp-content\/uploads\/2019\/11\/Przewodnik-Zamki-palace-Zamek-Czchow-400x267.jpg\" alt=\"Baszta w Czchowie\" width=\"400\" height=\"267\" \/><\/p>\r\n<p><b>A Dunajec v\u00f6lgy\u00e9nek v\u00e1rai<\/b>. A XIII. \u00e9s a XIV. sz\u00e1zadban a Dunajec v\u00f6lgy\u00e9ben t\u00f6bb v\u00e1r is \u00e9p\u00fclt, de legt\u00f6bbj\u00fckb\u0151l m\u00e1ra csak romok maradtak. E pusztul\u00f3 maradv\u00e1nyok az ut\u00f3bbi id\u0151ben egyre gyakrabban ker\u00fclnek a helyi t\u00e1rsadalom \u00e9rdekl\u0151d\u00e9s\u00e9nek f\u00f3kusz\u00e1ba. Bizotts\u00e1gok, t\u00e1rsas\u00e1gok \u00e9s inform\u00e1lis szervez\u0151d\u00e9sek alakulnak a m\u0171eml\u00e9kegy\u00fcttes revitaliz\u00e1lci\u00f3j\u00e1nak \u00e9rdek\u00e9ben. 2007-ben j\u00f6tt l\u00e9tre a Tarn\u00f3wi V\u00e1r T\u00e1rsas\u00e1g, melynek c\u00e9lja Tarn\u00f3w b\u00f6lcs\u0151j\u00e9nek, a Szt. M\u00e1rton-hegyen \u00e1ll\u00f3 v\u00e1rnak a helyre\u00e1ll\u00edt\u00e1sa, mely a v\u00e1ros r\u00e9gi nagys\u00e1g\u00e1t jelk\u00e9pezi. Arr\u00f3l, hogy a v\u00e1rak helyre\u00e1ll\u00edt\u00e1s\u00e1nak tervei nem irre\u00e1lisak a Dunajec v\u00f6lgy\u00e9ben l\u00e9v\u0151 p\u00e9ld\u00e1k tan\u00faskodnak:<\/p>\r\n<ul>\r\n\t<li>Czch\u00f3wban a XIII. \u00e9s XIV. sz. fordul\u00f3j\u00e1n emelt v\u00e1r romjain rekonstru\u00e1ltak egy tornyot, \u00e9s dolgoznak a tov\u00e1bbi tervek megval\u00f3s\u00edt\u00e1s\u00e1n is,<\/li>\r\n\t<li>Wytrzyszczka helys\u00e9gben egy mag\u00e1nbefektet\u0151 teljes eg\u00e9sz\u00e9ben rekonstru\u00e1lta a XIV. sz\u00e1zadi tropsztyni v\u00e1rat, mely a k\u0151b\u0151l \u00e9p\u00edtett lovagv\u00e1rak egyik legszebb p\u00e9ld\u00e1ja lett.<\/li>\r\n<\/ul>\r\n<p><img loading=\"lazy\" decoding=\"async\" width=\"400\" height=\"300\" class=\"size-medium alignleft wp-image-24406\" src=\"http:\/\/www.it.tarnow.pl\/wp-content\/uploads\/2019\/02\/Zamek-Tropsztyn-w-Wytrzyszczce-400x300.jpg\" alt=\"\" srcset=\"https:\/\/www.it.tarnow.pl\/wp-content\/uploads\/2019\/02\/Zamek-Tropsztyn-w-Wytrzyszczce-400x300.jpg 400w, https:\/\/www.it.tarnow.pl\/wp-content\/uploads\/2019\/02\/Zamek-Tropsztyn-w-Wytrzyszczce-768x577.jpg 768w, https:\/\/www.it.tarnow.pl\/wp-content\/uploads\/2019\/02\/Zamek-Tropsztyn-w-Wytrzyszczce-650x488.jpg 650w, https:\/\/www.it.tarnow.pl\/wp-content\/uploads\/2019\/02\/Zamek-Tropsztyn-w-Wytrzyszczce-300x225.jpg 300w, https:\/\/www.it.tarnow.pl\/wp-content\/uploads\/2019\/02\/Zamek-Tropsztyn-w-Wytrzyszczce.jpg 1024w\" sizes=\"auto, (max-width: 400px) 100vw, 400px\" \/><img decoding=\"async\" class=\"size-medium alignright wp-image-24558\" src=\"http:\/\/www.it.tarnow.pl\/wp-content\/uploads\/2019\/02\/TARNOW-Ruiny-zamku-Tarnowskich-400x300.jpg\" alt=\"\" \/><\/p>","protected":false},"excerpt":{"rendered":"A Ma\u0142opolskie (Kislengyelorsz\u00e1gi) vajdas\u00e1g keleti r\u00e9sz\u00e9ben sok olyan hely tal\u00e1lhat\u00f3, mely felkeltheti az egyed\u00fcl\u00e1ll\u00f3 panor\u00e1m\u00e1ra, vagy \u00e9p\u00edt\u00e9szeti \u00e9s t\u00f6rt\u00e9nelmi nevezetess\u00e9gekre v\u00e1gy\u00f3k \u00e9rdekl\u0151d\u00e9s\u00e9t. Titokzatos helyeket lehet itt felfedezni, melyekhez sz\u00e1mos legenda [&hellip;]","protected":false},"author":1,"featured_media":0,"parent":10061,"menu_order":297,"comment_status":"closed","ping_status":"closed","template":"","meta":{"_acf_changed":false,"footnotes":""},"tags":[],"class_list":["post-10071","page","type-page","status-publish","hentry"],"acf":{"old_object_id":"7137","old_parent_id":"7154","old_url":"Attrakciok\/Varak","intro_text":"<p><img loading=\"lazy\" decoding=\"async\" width=\"400\" height=\"300\" class=\"size-medium alignleft wp-image-21117\" src=\"http:\/\/www.it.tarnow.pl\/wp-content\/uploads\/2019\/02\/Nowy-Wisnicz-Zamek-4-400x300.jpg\" alt=\"\" srcset=\"https:\/\/www.it.tarnow.pl\/wp-content\/uploads\/2019\/02\/Nowy-Wisnicz-Zamek-4-400x300.jpg 400w, https:\/\/www.it.tarnow.pl\/wp-content\/uploads\/2019\/02\/Nowy-Wisnicz-Zamek-4-768x576.jpg 768w, https:\/\/www.it.tarnow.pl\/wp-content\/uploads\/2019\/02\/Nowy-Wisnicz-Zamek-4-650x488.jpg 650w, https:\/\/www.it.tarnow.pl\/wp-content\/uploads\/2019\/02\/Nowy-Wisnicz-Zamek-4-300x225.jpg 300w, https:\/\/www.it.tarnow.pl\/wp-content\/uploads\/2019\/02\/Nowy-Wisnicz-Zamek-4.jpg 1024w\" sizes=\"auto, (max-width: 400px) 100vw, 400px\" \/><\/p>\n<p>A Ma\u0142opolskie (Kislengyelorsz\u00e1gi) vajdas\u00e1g keleti r\u00e9sz\u00e9ben sok olyan hely tal\u00e1lhat\u00f3, mely felkeltheti az egyed\u00fcl\u00e1ll\u00f3 panor\u00e1m\u00e1ra, vagy \u00e9p\u00edt\u00e9szeti \u00e9s t\u00f6rt\u00e9nelmi nevezetess\u00e9gekre v\u00e1gy\u00f3k \u00e9rdekl\u0151d\u00e9s\u00e9t. Titokzatos helyeket lehet itt felfedezni, melyekhez sz\u00e1mos legenda f\u0171z\u0151dik; pl. a mai napig megesik, hogy hallani a felv\u00e9rtezett lovagok z\u00f6rg\u00e9s\u00e9t. L\u00e1togassanak el a v\u00e1rakhoz, er\u0151d\u00edtm\u00e9nyekhez, valamint a sz\u00e1mtalan romhoz &#8211; az itteni nagyurak r\u00e9gvolt pomp\u00e1j\u00e1nak maradv\u00e1nyaihoz.<\/p>\n","show_children":"1","class":"folder","type":"single","in_menu":true,"show_date":false,"map":"","old_id":"","rooms_info":"","top_column":"","left_column":"","right_column":"","bottom_column":"","skip_import":false,"_menu_related_id":"102306"},"yoast_head":"<!-- This site is optimized with the Yoast SEO Premium plugin v25.4 (Yoast SEO v25.4) - https:\/\/yoast.com\/wordpress\/plugins\/seo\/ -->\n<title>V\u00e1rak - Tarnowskie Centrum Informacji<\/title>\n<meta name=\"robots\" content=\"index, follow, max-snippet:-1, max-image-preview:large, max-video-preview:-1\" \/>\n<link rel=\"canonical\" href=\"https:\/\/www.it.tarnow.pl\/hu\/attrakciok\/varak\/\" \/>\n<meta property=\"og:locale\" content=\"hu_HU\" \/>\n<meta property=\"og:type\" content=\"article\" \/>\n<meta property=\"og:title\" content=\"V\u00e1rak\" \/>\n<meta property=\"og:description\" content=\"A Ma\u0142opolskie (Kislengyelorsz\u00e1gi) vajdas\u00e1g keleti r\u00e9sz\u00e9ben sok olyan hely tal\u00e1lhat\u00f3, mely felkeltheti az egyed\u00fcl\u00e1ll\u00f3 panor\u00e1m\u00e1ra, vagy \u00e9p\u00edt\u00e9szeti \u00e9s t\u00f6rt\u00e9nelmi nevezetess\u00e9gekre v\u00e1gy\u00f3k \u00e9rdekl\u0151d\u00e9s\u00e9t. Titokzatos helyeket lehet itt felfedezni, melyekhez sz\u00e1mos legenda [&hellip;]\" \/>\n<meta property=\"og:url\" content=\"https:\/\/www.it.tarnow.pl\/hu\/attrakciok\/varak\/\" \/>\n<meta property=\"og:site_name\" content=\"Tarnowskie Centrum Informacji\" \/>\n<meta property=\"article:modified_time\" content=\"2021-11-18T14:30:56+00:00\" \/>\n<meta property=\"og:image\" content=\"http:\/\/www.it.tarnow.pl\/wp-content\/uploads\/2019\/02\/Nowy-Wisnicz-Zamek-7-300x400.jpg\" \/>\n<meta name=\"twitter:card\" content=\"summary_large_image\" \/>\n<meta name=\"twitter:label1\" content=\"Becs\u00fclt olvas\u00e1si id\u0151\" \/>\n\t<meta name=\"twitter:data1\" content=\"4 perc\" \/>\n<script type=\"application\/ld+json\" class=\"yoast-schema-graph\">{\"@context\":\"https:\/\/schema.org\",\"@graph\":[{\"@type\":\"WebPage\",\"@id\":\"https:\/\/www.it.tarnow.pl\/hu\/attrakciok\/varak\/\",\"url\":\"https:\/\/www.it.tarnow.pl\/hu\/attrakciok\/varak\/\",\"name\":\"V\u00e1rak - Tarnowskie Centrum Informacji\",\"isPartOf\":{\"@id\":\"https:\/\/www.it.tarnow.pl\/#website\"},\"primaryImageOfPage\":{\"@id\":\"https:\/\/www.it.tarnow.pl\/hu\/attrakciok\/varak\/#primaryimage\"},\"image\":{\"@id\":\"https:\/\/www.it.tarnow.pl\/hu\/attrakciok\/varak\/#primaryimage\"},\"thumbnailUrl\":\"http:\/\/www.it.tarnow.pl\/wp-content\/uploads\/2019\/02\/Nowy-Wisnicz-Zamek-7-300x400.jpg\",\"datePublished\":\"2011-03-18T09:40:46+00:00\",\"dateModified\":\"2021-11-18T14:30:56+00:00\",\"breadcrumb\":{\"@id\":\"https:\/\/www.it.tarnow.pl\/hu\/attrakciok\/varak\/#breadcrumb\"},\"inLanguage\":\"hu\",\"potentialAction\":[{\"@type\":\"ReadAction\",\"target\":[\"https:\/\/www.it.tarnow.pl\/hu\/attrakciok\/varak\/\"]}]},{\"@type\":\"ImageObject\",\"inLanguage\":\"hu\",\"@id\":\"https:\/\/www.it.tarnow.pl\/hu\/attrakciok\/varak\/#primaryimage\",\"url\":\"http:\/\/www.it.tarnow.pl\/wp-content\/uploads\/2019\/02\/Nowy-Wisnicz-Zamek-7-300x400.jpg\",\"contentUrl\":\"http:\/\/www.it.tarnow.pl\/wp-content\/uploads\/2019\/02\/Nowy-Wisnicz-Zamek-7-300x400.jpg\"},{\"@type\":\"BreadcrumbList\",\"@id\":\"https:\/\/www.it.tarnow.pl\/hu\/attrakciok\/varak\/#breadcrumb\",\"itemListElement\":[{\"@type\":\"ListItem\",\"position\":1,\"name\":\"Kezd\u0151lap\",\"item\":\"https:\/\/www.it.tarnow.pl\/hu\/\"},{\"@type\":\"ListItem\",\"position\":2,\"name\":\"Attrakci\u00f3k\",\"item\":\"https:\/\/www.it.tarnow.pl\/hu\/attrakciok\/\"},{\"@type\":\"ListItem\",\"position\":3,\"name\":\"V\u00e1rak\"}]},{\"@type\":\"WebSite\",\"@id\":\"https:\/\/www.it.tarnow.pl\/#website\",\"url\":\"https:\/\/www.it.tarnow.pl\/\",\"name\":\"Tarnowskie Centrum Informacji\",\"description\":\"Informacja turystyczna o Tarnowie i regionie tarnowskim.\",\"potentialAction\":[{\"@type\":\"SearchAction\",\"target\":{\"@type\":\"EntryPoint\",\"urlTemplate\":\"https:\/\/www.it.tarnow.pl\/?s={search_term_string}\"},\"query-input\":{\"@type\":\"PropertyValueSpecification\",\"valueRequired\":true,\"valueName\":\"search_term_string\"}}],\"inLanguage\":\"hu\"}]}<\/script>\n<!-- \/ Yoast SEO Premium plugin. -->","yoast_head_json":{"title":"V\u00e1rak - Tarnowskie Centrum Informacji","robots":{"index":"index","follow":"follow","max-snippet":"max-snippet:-1","max-image-preview":"max-image-preview:large","max-video-preview":"max-video-preview:-1"},"canonical":"https:\/\/www.it.tarnow.pl\/hu\/attrakciok\/varak\/","og_locale":"hu_HU","og_type":"article","og_title":"V\u00e1rak","og_description":"A Ma\u0142opolskie (Kislengyelorsz\u00e1gi) vajdas\u00e1g keleti r\u00e9sz\u00e9ben sok olyan hely tal\u00e1lhat\u00f3, mely felkeltheti az egyed\u00fcl\u00e1ll\u00f3 panor\u00e1m\u00e1ra, vagy \u00e9p\u00edt\u00e9szeti \u00e9s t\u00f6rt\u00e9nelmi nevezetess\u00e9gekre v\u00e1gy\u00f3k \u00e9rdekl\u0151d\u00e9s\u00e9t. Titokzatos helyeket lehet itt felfedezni, melyekhez sz\u00e1mos legenda [&hellip;]","og_url":"https:\/\/www.it.tarnow.pl\/hu\/attrakciok\/varak\/","og_site_name":"Tarnowskie Centrum Informacji","article_modified_time":"2021-11-18T14:30:56+00:00","og_image":[{"url":"http:\/\/www.it.tarnow.pl\/wp-content\/uploads\/2019\/02\/Nowy-Wisnicz-Zamek-7-300x400.jpg","type":"","width":"","height":""}],"twitter_card":"summary_large_image","twitter_misc":{"Becs\u00fclt olvas\u00e1si id\u0151":"4 perc"},"schema":{"@context":"https:\/\/schema.org","@graph":[{"@type":"WebPage","@id":"https:\/\/www.it.tarnow.pl\/hu\/attrakciok\/varak\/","url":"https:\/\/www.it.tarnow.pl\/hu\/attrakciok\/varak\/","name":"V\u00e1rak - Tarnowskie Centrum Informacji","isPartOf":{"@id":"https:\/\/www.it.tarnow.pl\/#website"},"primaryImageOfPage":{"@id":"https:\/\/www.it.tarnow.pl\/hu\/attrakciok\/varak\/#primaryimage"},"image":{"@id":"https:\/\/www.it.tarnow.pl\/hu\/attrakciok\/varak\/#primaryimage"},"thumbnailUrl":"http:\/\/www.it.tarnow.pl\/wp-content\/uploads\/2019\/02\/Nowy-Wisnicz-Zamek-7-300x400.jpg","datePublished":"2011-03-18T09:40:46+00:00","dateModified":"2021-11-18T14:30:56+00:00","breadcrumb":{"@id":"https:\/\/www.it.tarnow.pl\/hu\/attrakciok\/varak\/#breadcrumb"},"inLanguage":"hu","potentialAction":[{"@type":"ReadAction","target":["https:\/\/www.it.tarnow.pl\/hu\/attrakciok\/varak\/"]}]},{"@type":"ImageObject","inLanguage":"hu","@id":"https:\/\/www.it.tarnow.pl\/hu\/attrakciok\/varak\/#primaryimage","url":"http:\/\/www.it.tarnow.pl\/wp-content\/uploads\/2019\/02\/Nowy-Wisnicz-Zamek-7-300x400.jpg","contentUrl":"http:\/\/www.it.tarnow.pl\/wp-content\/uploads\/2019\/02\/Nowy-Wisnicz-Zamek-7-300x400.jpg"},{"@type":"BreadcrumbList","@id":"https:\/\/www.it.tarnow.pl\/hu\/attrakciok\/varak\/#breadcrumb","itemListElement":[{"@type":"ListItem","position":1,"name":"Kezd\u0151lap","item":"https:\/\/www.it.tarnow.pl\/hu\/"},{"@type":"ListItem","position":2,"name":"Attrakci\u00f3k","item":"https:\/\/www.it.tarnow.pl\/hu\/attrakciok\/"},{"@type":"ListItem","position":3,"name":"V\u00e1rak"}]},{"@type":"WebSite","@id":"https:\/\/www.it.tarnow.pl\/#website","url":"https:\/\/www.it.tarnow.pl\/","name":"Tarnowskie Centrum Informacji","description":"Informacja turystyczna o Tarnowie i regionie tarnowskim.","potentialAction":[{"@type":"SearchAction","target":{"@type":"EntryPoint","urlTemplate":"https:\/\/www.it.tarnow.pl\/?s={search_term_string}"},"query-input":{"@type":"PropertyValueSpecification","valueRequired":true,"valueName":"search_term_string"}}],"inLanguage":"hu"}]}},"_links":{"self":[{"href":"https:\/\/www.it.tarnow.pl\/hu\/wp-json\/wp\/v2\/pages\/10071","targetHints":{"allow":["GET"]}}],"collection":[{"href":"https:\/\/www.it.tarnow.pl\/hu\/wp-json\/wp\/v2\/pages"}],"about":[{"href":"https:\/\/www.it.tarnow.pl\/hu\/wp-json\/wp\/v2\/types\/page"}],"author":[{"embeddable":true,"href":"https:\/\/www.it.tarnow.pl\/hu\/wp-json\/wp\/v2\/users\/1"}],"replies":[{"embeddable":true,"href":"https:\/\/www.it.tarnow.pl\/hu\/wp-json\/wp\/v2\/comments?post=10071"}],"version-history":[{"count":0,"href":"https:\/\/www.it.tarnow.pl\/hu\/wp-json\/wp\/v2\/pages\/10071\/revisions"}],"up":[{"embeddable":true,"href":"https:\/\/www.it.tarnow.pl\/hu\/wp-json\/wp\/v2\/pages\/10061"}],"wp:attachment":[{"href":"https:\/\/www.it.tarnow.pl\/hu\/wp-json\/wp\/v2\/media?parent=10071"}],"wp:term":[{"taxonomy":"post_tag","embeddable":true,"href":"https:\/\/www.it.tarnow.pl\/hu\/wp-json\/wp\/v2\/tags?post=10071"}],"curies":[{"name":"wp","href":"https:\/\/api.w.org\/{rel}","templated":true}]}}