{"id":10070,"date":"2011-03-18T10:02:19","date_gmt":"2011-03-18T09:02:19","guid":{"rendered":"http:\/\/www.it.tarnow.pl\/bochniai-sobanya-es-gyogyfurdo\/"},"modified":"2019-04-03T15:20:22","modified_gmt":"2019-04-03T13:20:22","slug":"bochniai-sobanya-es-gyogyfurdo","status":"publish","type":"page","link":"https:\/\/www.it.tarnow.pl\/hu\/attrakciok\/bochniai-sobanya-es-gyogyfurdo\/","title":{"rendered":"Bochniai S\u00f3b\u00e1nya \u00e9s Gy\u00f3gyf\u00fcrd\u0151"},"content":{"rendered":"<img loading=\"lazy\" decoding=\"async\" width=\"202\" height=\"300\" class=\"size-medium alignright wp-image-36039\" src=\"http:\/\/www.it.tarnow.pl\/wp-content\/uploads\/2019\/02\/kopalnia-bochnia-2014-02-1-202x300.jpg\" alt=\"\"><p><b>A <\/b><b>Bochniai S\u00f3b\u00e1nya Lengyelorsz\u00e1g legr\u00e9gebbi s\u00f3b\u00e1ny\u00e1ja. <\/b>Bochnia k\u00f6rny\u00e9k\u00e9n a s\u00f3 kitermel\u00e9s\u00e9nek t\u00f6rt\u00e9nete az id\u0151sz\u00e1m\u00edt\u00e1sunk el\u0151tt 3,5 ezer \u00e9vre vezethet\u0151 vissza. A bochniai b\u00e1nya mint termel\u0151v\u00e1llalat a tev\u00e9kenys\u00e9g\u00e9t 1248-be kezdte. A S\u00f3b\u00e1nya Bochnia \u00e9s a r\u00e9gi\u00f3 legnagyobb kincse, melynek k\u00f6sz\u00f6nhet\u0151en Bochnia v\u00e1rosa a k\u00f6z\u00e9pkori ma\u0142opolskai vajdas\u00e1g egyik legfontosabb gazdas\u00e1gi k\u00f6zpontj\u00e1v\u00e1 v\u00e1lt . A Bochniai S\u00f3b\u00e1nya ma a r\u00e9gi\u00f3 egyik legnagyobb turisztikai k\u00f6zpontja. Az idel\u00e1togat\u00f3 vend\u00e9gek a IV August-folyos\u00f3 \u00e9s VI Sienkiewicz-folyos\u00f3 turista\u00fatvonalakat l\u00e1togathatj\u00e1k. Az \u00fatvonalat multimedi\u00e1lis ki\u00e1ll\u00edt\u00e1s b\u0151v\u00edti, mely els\u0151sorban a gyerekek \u00f6r\u00f6m\u00e9t szolg\u00e1lja. A s\u00f3b\u00e1nya gyalog l\u00e1togathat\u00f3, egy r\u00e9sz\u00e9t pedig a turist\u00e1k f\u00f6ldalatti vas\u00fattal, valamint 2 szintet \u00f6sszek\u00f6t\u0151 120 m-es b\u00e1nyacs\u00faszd\u00e1n tehetik meg. Felejthetetlen \u00e9lm\u00e9nyeket a f\u00f6ldalatti cs\u00f3nak\u00e1z\u00e1s ny\u00fajt.<\/p> <img loading=\"lazy\" decoding=\"async\" width=\"150\" height=\"150\" class=\"size-small alignleft wp-image-36044\" src=\"http:\/\/www.it.tarnow.pl\/wp-content\/uploads\/2019\/02\/kopalnia-bochnia-2014-03-1-150x150.jpg\" alt=\"\"><p> A s\u00f3b\u00e1nya k\u00fcl\u00f6nlegess\u00e9gei: T\u00f6rt\u00e9nelmi \u00datvonal \u2013 Exped\u00edci\u00f3 az \u00d3hegyekbe. A bochniai b\u00e1nya legr\u00e9gebbi, eddig a turist\u00e1k sz\u00e1m\u00e1ra nem el\u00e9rhet\u0151 b\u00e1nyat\u00e9rs\u00e9gekbe vezet, melyekb\u0151l a XX. sz\u00e1zad elej\u00e9t\u0151l k\u0151s\u00f3t b\u00e1ny\u00e1sztak. Itt ismerkedhetnek meg a turist\u00e1k a k\u00f6z\u00e9pkori b\u00e1ny\u00e1szok munk\u00e1j\u00e1val \u00e9s vele j\u00e1r\u00f3 vesz\u00e9lyekkel. <\/p> <img loading=\"lazy\" decoding=\"async\" width=\"300\" height=\"185\" class=\"size-medium alignright wp-image-36049\" src=\"http:\/\/www.it.tarnow.pl\/wp-content\/uploads\/2019\/02\/kopalnia-bochnia-2014-01-1-300x185.jpg\" alt=\"\"><p>A f\u00f6ldalatti folyos\u00f3kon vezet\u0151 utaz\u00e1s 70 m m\u00e9lyen kezd\u0151dik a Danielowiec szinten \u00e9s a IV August szinten 176 m-en a f\u00f6ld alatt t\u00e9r v\u00e9get. Az \u00fatvonal k\u00f6zel 3 km-en kereszt\u00fcl sz\u0171k folyos\u00f3kon \u00e9s l\u00e9tr\u00e1s lej\u00e1ratokon vezet. Ez egy emelt neh\u00e9zs\u00e9gfok\u00fa \u00fatvonal .<\/p>\n<p><b>A bochniai b\u00e1nya legnagyobb \u00e9rt\u00e9ke az egyedi, gy\u00f3gyhat\u00e1s\u00fa mikrokl\u00edm\u00e1ja. <\/b><b>Allergi\u00e1s betegs\u00e9gek, kr\u00f3nikus orr-, f\u00fcl- \u00e9s garatgyullad\u00e1sok, visszat\u00e9r\u0151 l\u00e9gz\u0151szervi betegs\u00e9gek \u00e9s b\u0151rallergi\u00e1k gy\u00f3gy\u00edt\u00e1s\u00e1t seg\u00edti el\u0151.<\/b><\/p>\n<p>2013. j\u00fanius 23-\u00e1n a Bochniai S\u00f3b\u00e1nya a UNESCO Vil\u00e1g\u00f6r\u00f6ks\u00e9g list\u00e1j\u00e1ra ker\u00fclt fel. <\/p>\n<p><a href=\"http:\/\/www.kopalnia-bochnia.pl\/\">www.kopalnia-bochnia.pl<\/a>\n<\/p>\n<p>\u00a0<\/p>\n<p> <b>HOTEL SUTORIS<\/b><br> A Hotel Sutoris a legmagasabb sz\u00ednvonal\u00fa szolg\u00e1ltat\u00e1sokat k\u00edn\u00e1lja a XIII. sz\u00e1zadi b\u00e1nyaakna k\u00f6zvetlen szomsz\u00e9ds\u00e1g\u00e1ban. 94 f\u00e9r\u0151hely \u00e1ll az \u00d6n\u00f6k rendelkez\u00e9s\u00e9re 1, 2 \u00e9s 3 \u00e1gyas szob\u00e1kkal, st\u00fadi\u00f3kkal \u00e9s apartmanokkal. Minden szoba rendelkezik f\u00fcrd\u0151szob\u00e1val, szatelit-tv-vel, telefonnal \u00e9s internet-hozz\u00e1f\u00e9r\u00e9si lehet\u0151s\u00e9ggel. A sz\u00e1llod\u00e1ban tal\u00e1lhat\u00f3 egy audiovizu\u00e1lis eszk\u00f6z\u00f6kkel felszerelt konferenciaterem is. A f\u00f6ldszinten elhelyezked\u0151 Rehabilit\u00e1ci\u00f3s \u00e9s Biol\u00f3giai Regener\u00e1ci\u00f3s Centrum gy\u00f6ngy- \u00e9s s\u00f3sf\u00fcrd\u0151t k\u00edn\u00e1l hidromassz\u00e1zzsal, valamint klasszikus massz\u00e1zst \u00e9s sk\u00f3t hidromassz\u00e1zst. Ugyancsak az \u00d6n\u00f6k rendelkez\u00e9s\u00e9re \u00e1ll a szauna, a szol\u00e1rium \u00e9s a kondicion\u00e1l\u00f3terem. A sz\u00e1lloda &#8222;Grota&#8221; elnevez\u00e9s\u0171 \u00e9tterm\u00e9nek bels\u0151 d\u00edsz\u00edt\u00e9se a bochniai b\u00e1nya t\u00f6rt\u00e9net\u00e9hez kapcsol\u00f3dik, \u00e9s a r\u00e9gi\u00f3 tradicion\u00e1lis fog\u00e1sait, valamint a lengyel \u00e9s az eur\u00f3pai konyha \u00e9teleit k\u00edn\u00e1lja. Kedves \u00e9s szakszer\u0171 kiszolg\u00e1l\u00e1ssal gondoskodunk az \u00d6n\u00f6k k\u00e9nyelm\u00e9r\u0151l \u00e9s a kellemes l\u00e9gk\u00f6rr\u0151l.<\/p>\n<p><a href=\"http:\/\/www.kopalniasoli.pl\/\">www.kopalniasoli.pl<\/a>\n<\/p>\n<p>\u00a0<\/p>\n<p> <b>&#8222;BOREK&#8221; AKT\u00cdV PIHEN\u0150CENTRUM<\/b><br> A komplexum 10 km-es t\u00e1vols\u00e1gra helyezkedik el Bochni\u00e1t\u00f3l. 50 ha ter\u00fcleten k\u00e9t f\u00fcggetlen \u00e9s elker\u00edtett r\u00e9szb\u0151l \u00e1ll. A rekre\u00e1ci\u00f3s-pihen\u0151 r\u00e9szben kapott helyet a m\u00e9nes, a sportp\u00e1ly\u00e1k komplexuma, a f\u00fcrd\u0151medence, a teniszp\u00e1ly\u00e1k, a pihen\u0151k\u00f6zpont 60 f\u00e9r\u0151hellyel, a region\u00e1lis kocsma, valamint a horg\u00e1szhat\u00f3 halastavak. A m\u00e1sik r\u00e9sz paintball p\u00e1lya, ahol faer\u0151d\u00edtm\u00e9nyeken k\u00edv\u00fcl magass\u00e1gi akad\u00e1lyrendszert, m\u00e1sz\u00f3falat, valamint grillez\u0151 helyeket alak\u00edtottunk ki. A komplexum a be\u00e9p\u00edtett ter\u00fclett\u0151l \u00e9s a v\u00e1ros zaj\u00e1t\u00f3l val\u00f3 t\u00e1vols\u00e1ga r\u00e9v\u00e9n biztos\u00edt lehet\u0151s\u00e9get az akt\u00edv pihen\u00e9sre, valamint a turisztika k\u00fcl\u00f6nb\u00f6z\u0151 \u00e1gainak gyakorl\u00e1s\u00e1ra. A &#8222;Borek&#8221; Akt\u00edv Pihen\u0151centrum ide\u00e1lis hely csapat\u00e9p\u00edt\u0151 \u00e9s motiv\u00e1ci\u00f3s tr\u00e9ningek, vagy ak\u00e1r 3000 szem\u00e9ly r\u00e9sz\u00e9re piknik szervez\u00e9s\u00e9re.<\/p>\n<p>BOCHNIAI S\u00d3B\u00c1NYA GY\u00d3GYF\u00dcRD\u0150<br>ul. Solna 2, 32-700 Bochnia <br>tel.: +48 14 615 36 66; fax: +48 615 3 6 68<br><a href=\"http:\/\/www.centrumborek.pl\/\">www.centrumborek.pl<\/a>\n<\/p>","protected":false},"excerpt":{"rendered":"A Bochniai S\u00f3b\u00e1nya Lengyelorsz\u00e1g legr\u00e9gebbi s\u00f3b\u00e1ny\u00e1ja. Bochnia k\u00f6rny\u00e9k\u00e9n a s\u00f3 kitermel\u00e9s\u00e9nek t\u00f6rt\u00e9nete az id\u0151sz\u00e1m\u00edt\u00e1sunk el\u0151tt 3,5 ezer \u00e9vre vezethet\u0151 vissza. A bochniai b\u00e1nya mint termel\u0151v\u00e1llalat a tev\u00e9kenys\u00e9g\u00e9t 1248-be kezdte. A [&hellip;]","protected":false},"author":1,"featured_media":0,"parent":10061,"menu_order":266,"comment_status":"closed","ping_status":"closed","template":"","meta":{"_acf_changed":false,"footnotes":""},"tags":[],"class_list":["post-10070","page","type-page","status-publish","hentry"],"acf":{"in_menu":null,"show_date":null,"intro_text":"<img class=\"size-small alignleft wp-image-36039\" src=\"http:\/\/www.it.tarnow.pl\/wp-content\/uploads\/2019\/02\/kopalnia-bochnia-2014-02-1-150x150.jpg\" alt=\"\"><p>A Bochniai S\u00f3b\u00e1nya lengyelf\u00f6ld\u00f6n a legr\u00e9gebbi s\u00f3b\u00e1nya \u00e9s egy\u00fattal Eur\u00f3p\u00e1ban a legr\u00e9gebbi s\u00f3kitermel\u0151 v\u00e1llalat, amely megszak\u00edt\u00e1s n\u00e9lk\u00fcl m\u0171k\u00f6dik 1248 \u00f3ta. A k\u00f6zel nyolc \u00e9vsz\u00e1zados kitermel\u00e9s ut\u00e1n terjedelmes, titokzatos \u00e9s egyed\u00fcl\u00e1ll\u00f3 helyekkel teli f\u00f6ldalatti v\u00e1rosra eml\u00e9keztet.<\/p>\n<p>A l\u00e1togathat\u00f3 turista\u00fatvonalon s\u00f3szikl\u00e1kba v\u00e9sett m\u0171eml\u00e9k k\u00e1poln\u00e1kat, eredeti szersz\u00e1mokat \u00e9s b\u00e1ny\u00e1szfelszerel\u00e9seket, valamint nem mindennapi s\u00f3kamr\u00e1kat lehet l\u00e1tni az egykori kitermel\u0151munka nyomaival. A bochniai b\u00e1ny\u00e1ban haszn\u00e1lhat\u00f3 a kisvas\u00fat \u00e9s a b\u00e1ny\u00e1szcs\u00faszda, valamint a sportp\u00e1lya.<\/p>\n<p>E bejegyz\u00e9s 2013 az UNESCO Vil\u00e1g\u00f6r\u00f6ks\u00e9g r\u00e9sze.<\/p>","map":null},"yoast_head":"<!-- This site is optimized with the Yoast SEO Premium plugin v25.4 (Yoast SEO v25.4) - https:\/\/yoast.com\/wordpress\/plugins\/seo\/ -->\n<title>Bochniai S\u00f3b\u00e1nya \u00e9s Gy\u00f3gyf\u00fcrd\u0151 - Tarnowskie Centrum Informacji<\/title>\n<meta name=\"robots\" content=\"index, follow, max-snippet:-1, max-image-preview:large, max-video-preview:-1\" \/>\n<link rel=\"canonical\" href=\"https:\/\/www.it.tarnow.pl\/hu\/attrakciok\/bochniai-sobanya-es-gyogyfurdo\/\" \/>\n<meta property=\"og:locale\" content=\"hu_HU\" \/>\n<meta property=\"og:type\" content=\"article\" \/>\n<meta property=\"og:title\" content=\"Bochniai S\u00f3b\u00e1nya \u00e9s Gy\u00f3gyf\u00fcrd\u0151\" \/>\n<meta property=\"og:description\" content=\"A Bochniai S\u00f3b\u00e1nya Lengyelorsz\u00e1g legr\u00e9gebbi s\u00f3b\u00e1ny\u00e1ja. Bochnia k\u00f6rny\u00e9k\u00e9n a s\u00f3 kitermel\u00e9s\u00e9nek t\u00f6rt\u00e9nete az id\u0151sz\u00e1m\u00edt\u00e1sunk el\u0151tt 3,5 ezer \u00e9vre vezethet\u0151 vissza. A bochniai b\u00e1nya mint termel\u0151v\u00e1llalat a tev\u00e9kenys\u00e9g\u00e9t 1248-be kezdte. A [&hellip;]\" \/>\n<meta property=\"og:url\" content=\"https:\/\/www.it.tarnow.pl\/hu\/attrakciok\/bochniai-sobanya-es-gyogyfurdo\/\" \/>\n<meta property=\"og:site_name\" content=\"Tarnowskie Centrum Informacji\" \/>\n<meta property=\"article:modified_time\" content=\"2019-04-03T13:20:22+00:00\" \/>\n<meta property=\"og:image\" content=\"http:\/\/www.it.tarnow.pl\/wp-content\/uploads\/2019\/02\/kopalnia-bochnia-2014-02-1-202x300.jpg\" \/>\n<meta name=\"twitter:card\" content=\"summary_large_image\" \/>\n<meta name=\"twitter:label1\" content=\"Becs\u00fclt olvas\u00e1si id\u0151\" \/>\n\t<meta name=\"twitter:data1\" content=\"4 perc\" \/>\n<script type=\"application\/ld+json\" class=\"yoast-schema-graph\">{\"@context\":\"https:\/\/schema.org\",\"@graph\":[{\"@type\":\"WebPage\",\"@id\":\"https:\/\/www.it.tarnow.pl\/hu\/attrakciok\/bochniai-sobanya-es-gyogyfurdo\/\",\"url\":\"https:\/\/www.it.tarnow.pl\/hu\/attrakciok\/bochniai-sobanya-es-gyogyfurdo\/\",\"name\":\"Bochniai S\u00f3b\u00e1nya \u00e9s Gy\u00f3gyf\u00fcrd\u0151 - Tarnowskie Centrum Informacji\",\"isPartOf\":{\"@id\":\"https:\/\/www.it.tarnow.pl\/#website\"},\"primaryImageOfPage\":{\"@id\":\"https:\/\/www.it.tarnow.pl\/hu\/attrakciok\/bochniai-sobanya-es-gyogyfurdo\/#primaryimage\"},\"image\":{\"@id\":\"https:\/\/www.it.tarnow.pl\/hu\/attrakciok\/bochniai-sobanya-es-gyogyfurdo\/#primaryimage\"},\"thumbnailUrl\":\"http:\/\/www.it.tarnow.pl\/wp-content\/uploads\/2019\/02\/kopalnia-bochnia-2014-02-1-202x300.jpg\",\"datePublished\":\"2011-03-18T09:02:19+00:00\",\"dateModified\":\"2019-04-03T13:20:22+00:00\",\"breadcrumb\":{\"@id\":\"https:\/\/www.it.tarnow.pl\/hu\/attrakciok\/bochniai-sobanya-es-gyogyfurdo\/#breadcrumb\"},\"inLanguage\":\"hu\",\"potentialAction\":[{\"@type\":\"ReadAction\",\"target\":[\"https:\/\/www.it.tarnow.pl\/hu\/attrakciok\/bochniai-sobanya-es-gyogyfurdo\/\"]}]},{\"@type\":\"ImageObject\",\"inLanguage\":\"hu\",\"@id\":\"https:\/\/www.it.tarnow.pl\/hu\/attrakciok\/bochniai-sobanya-es-gyogyfurdo\/#primaryimage\",\"url\":\"http:\/\/www.it.tarnow.pl\/wp-content\/uploads\/2019\/02\/kopalnia-bochnia-2014-02-1-202x300.jpg\",\"contentUrl\":\"http:\/\/www.it.tarnow.pl\/wp-content\/uploads\/2019\/02\/kopalnia-bochnia-2014-02-1-202x300.jpg\"},{\"@type\":\"BreadcrumbList\",\"@id\":\"https:\/\/www.it.tarnow.pl\/hu\/attrakciok\/bochniai-sobanya-es-gyogyfurdo\/#breadcrumb\",\"itemListElement\":[{\"@type\":\"ListItem\",\"position\":1,\"name\":\"Kezd\u0151lap\",\"item\":\"https:\/\/www.it.tarnow.pl\/hu\/\"},{\"@type\":\"ListItem\",\"position\":2,\"name\":\"Attrakci\u00f3k\",\"item\":\"https:\/\/www.it.tarnow.pl\/hu\/attrakciok\/\"},{\"@type\":\"ListItem\",\"position\":3,\"name\":\"Bochniai S\u00f3b\u00e1nya \u00e9s Gy\u00f3gyf\u00fcrd\u0151\"}]},{\"@type\":\"WebSite\",\"@id\":\"https:\/\/www.it.tarnow.pl\/#website\",\"url\":\"https:\/\/www.it.tarnow.pl\/\",\"name\":\"Tarnowskie Centrum Informacji\",\"description\":\"Informacja turystyczna o Tarnowie i regionie tarnowskim.\",\"potentialAction\":[{\"@type\":\"SearchAction\",\"target\":{\"@type\":\"EntryPoint\",\"urlTemplate\":\"https:\/\/www.it.tarnow.pl\/?s={search_term_string}\"},\"query-input\":{\"@type\":\"PropertyValueSpecification\",\"valueRequired\":true,\"valueName\":\"search_term_string\"}}],\"inLanguage\":\"hu\"}]}<\/script>\n<!-- \/ Yoast SEO Premium plugin. -->","yoast_head_json":{"title":"Bochniai S\u00f3b\u00e1nya \u00e9s Gy\u00f3gyf\u00fcrd\u0151 - Tarnowskie Centrum Informacji","robots":{"index":"index","follow":"follow","max-snippet":"max-snippet:-1","max-image-preview":"max-image-preview:large","max-video-preview":"max-video-preview:-1"},"canonical":"https:\/\/www.it.tarnow.pl\/hu\/attrakciok\/bochniai-sobanya-es-gyogyfurdo\/","og_locale":"hu_HU","og_type":"article","og_title":"Bochniai S\u00f3b\u00e1nya \u00e9s Gy\u00f3gyf\u00fcrd\u0151","og_description":"A Bochniai S\u00f3b\u00e1nya Lengyelorsz\u00e1g legr\u00e9gebbi s\u00f3b\u00e1ny\u00e1ja. Bochnia k\u00f6rny\u00e9k\u00e9n a s\u00f3 kitermel\u00e9s\u00e9nek t\u00f6rt\u00e9nete az id\u0151sz\u00e1m\u00edt\u00e1sunk el\u0151tt 3,5 ezer \u00e9vre vezethet\u0151 vissza. A bochniai b\u00e1nya mint termel\u0151v\u00e1llalat a tev\u00e9kenys\u00e9g\u00e9t 1248-be kezdte. A [&hellip;]","og_url":"https:\/\/www.it.tarnow.pl\/hu\/attrakciok\/bochniai-sobanya-es-gyogyfurdo\/","og_site_name":"Tarnowskie Centrum Informacji","article_modified_time":"2019-04-03T13:20:22+00:00","og_image":[{"url":"http:\/\/www.it.tarnow.pl\/wp-content\/uploads\/2019\/02\/kopalnia-bochnia-2014-02-1-202x300.jpg","type":"","width":"","height":""}],"twitter_card":"summary_large_image","twitter_misc":{"Becs\u00fclt olvas\u00e1si id\u0151":"4 perc"},"schema":{"@context":"https:\/\/schema.org","@graph":[{"@type":"WebPage","@id":"https:\/\/www.it.tarnow.pl\/hu\/attrakciok\/bochniai-sobanya-es-gyogyfurdo\/","url":"https:\/\/www.it.tarnow.pl\/hu\/attrakciok\/bochniai-sobanya-es-gyogyfurdo\/","name":"Bochniai S\u00f3b\u00e1nya \u00e9s Gy\u00f3gyf\u00fcrd\u0151 - Tarnowskie Centrum Informacji","isPartOf":{"@id":"https:\/\/www.it.tarnow.pl\/#website"},"primaryImageOfPage":{"@id":"https:\/\/www.it.tarnow.pl\/hu\/attrakciok\/bochniai-sobanya-es-gyogyfurdo\/#primaryimage"},"image":{"@id":"https:\/\/www.it.tarnow.pl\/hu\/attrakciok\/bochniai-sobanya-es-gyogyfurdo\/#primaryimage"},"thumbnailUrl":"http:\/\/www.it.tarnow.pl\/wp-content\/uploads\/2019\/02\/kopalnia-bochnia-2014-02-1-202x300.jpg","datePublished":"2011-03-18T09:02:19+00:00","dateModified":"2019-04-03T13:20:22+00:00","breadcrumb":{"@id":"https:\/\/www.it.tarnow.pl\/hu\/attrakciok\/bochniai-sobanya-es-gyogyfurdo\/#breadcrumb"},"inLanguage":"hu","potentialAction":[{"@type":"ReadAction","target":["https:\/\/www.it.tarnow.pl\/hu\/attrakciok\/bochniai-sobanya-es-gyogyfurdo\/"]}]},{"@type":"ImageObject","inLanguage":"hu","@id":"https:\/\/www.it.tarnow.pl\/hu\/attrakciok\/bochniai-sobanya-es-gyogyfurdo\/#primaryimage","url":"http:\/\/www.it.tarnow.pl\/wp-content\/uploads\/2019\/02\/kopalnia-bochnia-2014-02-1-202x300.jpg","contentUrl":"http:\/\/www.it.tarnow.pl\/wp-content\/uploads\/2019\/02\/kopalnia-bochnia-2014-02-1-202x300.jpg"},{"@type":"BreadcrumbList","@id":"https:\/\/www.it.tarnow.pl\/hu\/attrakciok\/bochniai-sobanya-es-gyogyfurdo\/#breadcrumb","itemListElement":[{"@type":"ListItem","position":1,"name":"Kezd\u0151lap","item":"https:\/\/www.it.tarnow.pl\/hu\/"},{"@type":"ListItem","position":2,"name":"Attrakci\u00f3k","item":"https:\/\/www.it.tarnow.pl\/hu\/attrakciok\/"},{"@type":"ListItem","position":3,"name":"Bochniai S\u00f3b\u00e1nya \u00e9s Gy\u00f3gyf\u00fcrd\u0151"}]},{"@type":"WebSite","@id":"https:\/\/www.it.tarnow.pl\/#website","url":"https:\/\/www.it.tarnow.pl\/","name":"Tarnowskie Centrum Informacji","description":"Informacja turystyczna o Tarnowie i regionie tarnowskim.","potentialAction":[{"@type":"SearchAction","target":{"@type":"EntryPoint","urlTemplate":"https:\/\/www.it.tarnow.pl\/?s={search_term_string}"},"query-input":{"@type":"PropertyValueSpecification","valueRequired":true,"valueName":"search_term_string"}}],"inLanguage":"hu"}]}},"_links":{"self":[{"href":"https:\/\/www.it.tarnow.pl\/hu\/wp-json\/wp\/v2\/pages\/10070","targetHints":{"allow":["GET"]}}],"collection":[{"href":"https:\/\/www.it.tarnow.pl\/hu\/wp-json\/wp\/v2\/pages"}],"about":[{"href":"https:\/\/www.it.tarnow.pl\/hu\/wp-json\/wp\/v2\/types\/page"}],"author":[{"embeddable":true,"href":"https:\/\/www.it.tarnow.pl\/hu\/wp-json\/wp\/v2\/users\/1"}],"replies":[{"embeddable":true,"href":"https:\/\/www.it.tarnow.pl\/hu\/wp-json\/wp\/v2\/comments?post=10070"}],"version-history":[{"count":0,"href":"https:\/\/www.it.tarnow.pl\/hu\/wp-json\/wp\/v2\/pages\/10070\/revisions"}],"up":[{"embeddable":true,"href":"https:\/\/www.it.tarnow.pl\/hu\/wp-json\/wp\/v2\/pages\/10061"}],"wp:attachment":[{"href":"https:\/\/www.it.tarnow.pl\/hu\/wp-json\/wp\/v2\/media?parent=10070"}],"wp:term":[{"taxonomy":"post_tag","embeddable":true,"href":"https:\/\/www.it.tarnow.pl\/hu\/wp-json\/wp\/v2\/tags?post=10070"}],"curies":[{"name":"wp","href":"https:\/\/api.w.org\/{rel}","templated":true}]}}