{"id":10069,"date":"2011-03-18T10:00:08","date_gmt":"2011-03-18T09:00:08","guid":{"rendered":"http:\/\/www.it.tarnow.pl\/neprajz-es-folklor\/"},"modified":"2019-04-03T15:20:21","modified_gmt":"2019-04-03T13:20:21","slug":"neprajz-es-folklor","status":"publish","type":"page","link":"https:\/\/www.it.tarnow.pl\/hu\/attrakciok\/neprajz-es-folklor\/","title":{"rendered":"N\u00e9prajz \u00e9s folkl\u00f3r"},"content":{"rendered":"<img loading=\"lazy\" decoding=\"async\" width=\"400\" height=\"300\" class=\"size-medium alignright wp-image-21106\" src=\"http:\/\/www.it.tarnow.pl\/wp-content\/uploads\/2019\/02\/Zalipie-Malowana-Wies-4-400x300.jpg\" alt=\"\" srcset=\"https:\/\/www.it.tarnow.pl\/wp-content\/uploads\/2019\/02\/Zalipie-Malowana-Wies-4-400x300.jpg 400w, https:\/\/www.it.tarnow.pl\/wp-content\/uploads\/2019\/02\/Zalipie-Malowana-Wies-4-768x576.jpg 768w, https:\/\/www.it.tarnow.pl\/wp-content\/uploads\/2019\/02\/Zalipie-Malowana-Wies-4-650x488.jpg 650w, https:\/\/www.it.tarnow.pl\/wp-content\/uploads\/2019\/02\/Zalipie-Malowana-Wies-4-300x225.jpg 300w, https:\/\/www.it.tarnow.pl\/wp-content\/uploads\/2019\/02\/Zalipie-Malowana-Wies-4.jpg 1024w\" sizes=\"auto, (max-width: 400px) 100vw, 400px\" \/><p>A tarn\u00f3wi r\u00e9gi\u00f3 olyan k\u00fcl\u00f6nleges helyekben b\u0151velkedik, melyek a megye e vid\u00e9k\u00e9t kiv\u00e9teles sz\u00e9ps\u00e9g\u0171v\u00e9 var\u00e1zsolj\u00e1k. Ezen helyeknek k\u00f6sz\u00f6nhet\u0151, hogy &#8211; belev\u00e9s\u0151dve a vend\u00e9gek eml\u00e9kezet\u00e9be &#8211; oly sokan rendszeresen visszat\u00e9rnek hozz\u00e1nk. A helyi szok\u00e1sok leny\u0171g\u00f6z\u0151 vil\u00e1ga \u00e9s az \u00fajra\u00e9led\u0151 tradicion\u00e1lis n\u00e9pm\u0171v\u00e9szet egyre kev\u00e9sb\u00e9 csak az id\u0151sebb gener\u00e1ci\u00f3k kiv\u00e1lts\u00e1ga. Manaps\u00e1g a fiatalok ellen\u00e1llnak az \u00e1ltal\u00e1nos uniformiz\u00e1l\u00f3d\u00e1snak, el\u0151deik kultur\u00e1lis hagyat\u00e9k\u00e1nak tov\u00e1bbvitele r\u00e9v\u00e9n keresik \u00f6nmagukat \u00e9s egy\u00e9nis\u00e9g\u00fcket. M\u00e1r nem restellik, s nem cs\u00fafolj\u00e1k a hagyom\u00e1nyos viseletet \u00e9s a t\u00e1jsz\u00f3l\u00e1st. Az \u00e9vsz\u00e1zados szertart\u00e1s szerint meg\u00fclt \u00fcnnepek \u00e9s \u00fcnneps\u00e9gek \u00f6sszekov\u00e1csolj\u00e1k \u0151ket, s az el\u0151d\u00f6k b\u00f6lcsess\u00e9g\u00e9b\u0151l mer\u00edtve tal\u00e1lj\u00e1k meg \u00f6nmagukat. <\/p>\n<p>\u00a0<\/p> <img loading=\"lazy\" decoding=\"async\" width=\"400\" height=\"300\" class=\"size-medium alignright wp-image-21628\" src=\"http:\/\/www.it.tarnow.pl\/wp-content\/uploads\/2019\/02\/TARNOW-Muzeum-Etnograficzne-2-400x300.jpg\" alt=\"\" srcset=\"https:\/\/www.it.tarnow.pl\/wp-content\/uploads\/2019\/02\/TARNOW-Muzeum-Etnograficzne-2-400x300.jpg 400w, https:\/\/www.it.tarnow.pl\/wp-content\/uploads\/2019\/02\/TARNOW-Muzeum-Etnograficzne-2-768x576.jpg 768w, https:\/\/www.it.tarnow.pl\/wp-content\/uploads\/2019\/02\/TARNOW-Muzeum-Etnograficzne-2-650x488.jpg 650w, https:\/\/www.it.tarnow.pl\/wp-content\/uploads\/2019\/02\/TARNOW-Muzeum-Etnograficzne-2-300x225.jpg 300w, https:\/\/www.it.tarnow.pl\/wp-content\/uploads\/2019\/02\/TARNOW-Muzeum-Etnograficzne-2.jpg 1024w\" sizes=\"auto, (max-width: 400px) 100vw, 400px\" \/><p>A r\u00e9gi el\u0151v\u00e1rosi (ma v\u00e1rosk\u00f6zpont) fogad\u00f3ban kialak\u00edtott tarn\u00f3wi <b>N\u00e9prajzi M\u00fazeum<\/b> b\u00fcszk\u00e9lkedhet az Eur\u00f3p\u00e1ban egyed\u00fcl\u00e1ll\u00f3, cig\u00e1nyok t\u00f6rt\u00e9nelm\u00e9t \u00e9s kult\u00far\u00e1j\u00e1t bemutat\u00f3 \u00e1lland\u00f3 ki\u00e1ll\u00edt\u00e1ssal, mely k\u00fcl\u00f6nf\u00e9le \u00f6lt\u00f6z\u00e9keket \u00e9s eszk\u00f6z\u00f6ket mutat be. K\u00fcl\u00f6n\u00f6s figyelmet \u00e9rdemel a m\u00fazeum udvar\u00e1n tal\u00e1lhat\u00f3 \u00f6t eredeti t\u00e1bori szek\u00e9rb\u0151l \u00e1ll\u00f3 gy\u0171jtem\u00e9ny. <\/p>\n<p>\u00a0<\/p> <img loading=\"lazy\" decoding=\"async\" width=\"120\" height=\"150\" class=\"size-small alignleft wp-image-35695\" src=\"http:\/\/www.it.tarnow.pl\/wp-content\/uploads\/2019\/02\/Lipnica_Easter_Palm_Contest_small-120x150.jpg\" alt=\"\"><p><b>Lipnica Murowana<\/b>. Ez a kis telep\u00fcl\u00e9s &#8211; mely meg\u0151rizte k\u00f6z\u00e9pkori v\u00e1rosszerkezet\u00e9t &#8211; arr\u00f3l h\u00edres, hogy minden H\u00fasv\u00e9tkor &#8222;vir\u00e1gp\u00e1lma&#8221; versenyeket rendeznek. A versenyt megnyer\u0151 &#8222;vir\u00e1gp\u00e1lm\u00e1k&#8221; el\u00e9rhetik ak\u00e1r a 30 m\u00e9teres magass\u00e1got is. <\/p>\n<p>\u00a0<\/p> <img loading=\"lazy\" decoding=\"async\" width=\"400\" height=\"300\" class=\"size-medium alignright wp-image-22480\" src=\"http:\/\/www.it.tarnow.pl\/wp-content\/uploads\/2019\/02\/Zalipie-Malowana-Wies-7-400x300.jpg\" alt=\"\" srcset=\"https:\/\/www.it.tarnow.pl\/wp-content\/uploads\/2019\/02\/Zalipie-Malowana-Wies-7-400x300.jpg 400w, https:\/\/www.it.tarnow.pl\/wp-content\/uploads\/2019\/02\/Zalipie-Malowana-Wies-7-768x576.jpg 768w, https:\/\/www.it.tarnow.pl\/wp-content\/uploads\/2019\/02\/Zalipie-Malowana-Wies-7-650x488.jpg 650w, https:\/\/www.it.tarnow.pl\/wp-content\/uploads\/2019\/02\/Zalipie-Malowana-Wies-7-300x225.jpg 300w, https:\/\/www.it.tarnow.pl\/wp-content\/uploads\/2019\/02\/Zalipie-Malowana-Wies-7.jpg 1024w\" sizes=\"auto, (max-width: 400px) 100vw, 400px\" \/><p><b>Zalipie<\/b>. Lengyelorsz\u00e1g egyetlen &#8222;festett faluja&#8221;. Zalipi\u00e9ben jelenleg kb. 30 major van, ahol a lak\u00f3- vagy a gazdas\u00e1gi \u00e9p\u00fcletek fal\u00e1t jellegzetes vir\u00e1gmint\u00e1kkal festik ki. Felicja Cury\u0142owa majorj\u00e1ban (jelenleg a K\u00f6rzeti M\u00fazeumhoz tartozik) a h\u00e1z \u00e9s a gazdas\u00e1gi \u00e9p\u00fcletek k\u00fcls\u0151, festett fal\u00e1n t\u00fal meg lehet csod\u00e1lni a h\u00e1zik\u00f3 gy\u00f6ny\u00f6r\u0171en kid\u00edsz\u00edtett belsej\u00e9t is. <\/p>\n<p>\u00a0<\/p>\n<p><b>Falusi turizmus<\/b>. A vid\u00e9k kit\u0171n\u0151 \u00fcd\u00fcl\u00e9si lehet\u0151s\u00e9get k\u00edn\u00e1l az eg\u00e9sz csal\u00e1d sz\u00e1m\u00e1ra a Tarn\u00f3w k\u00f6r\u00fcli majd&#8217; 200 agroturisztikai gazdas\u00e1gban. A vend\u00e9gszeretet, a tradicion\u00e1lis konyha, a magas sz\u00ednvonal, \u00e9s az alacsony \u00e1r nemcsak a hazaiakat cs\u00e1b\u00edtja pihen\u00e9sre a tarn\u00f3wi falvakba, hanem az egyre gyakoribb k\u00fclf\u00f6ldi vend\u00e9geket is. Gombaszed\u00e9s, horg\u00e1szat, lovagl\u00e1s vagy kir\u00e1ndul\u00e1s a k\u00f6rny\u00e9ken: ezek a gazda leggyakoribb ny\u00e1ri aj\u00e1nlatai. A t\u00e9li aj\u00e1nlatban viszont a lovas sz\u00e1n\u00e9 (kulig) \u00e9s az egyre korszer\u0171bb botos s\u00edfelvon\u00f3 jut vezet\u0151 szerephez.<\/p>","protected":false},"excerpt":{"rendered":"A tarn\u00f3wi r\u00e9gi\u00f3 olyan k\u00fcl\u00f6nleges helyekben b\u0151velkedik, melyek a megye e vid\u00e9k\u00e9t kiv\u00e9teles sz\u00e9ps\u00e9g\u0171v\u00e9 var\u00e1zsolj\u00e1k. Ezen helyeknek k\u00f6sz\u00f6nhet\u0151, hogy &#8211; belev\u00e9s\u0151dve a vend\u00e9gek eml\u00e9kezet\u00e9be &#8211; oly sokan rendszeresen visszat\u00e9rnek hozz\u00e1nk. [&hellip;]","protected":false},"author":1,"featured_media":0,"parent":10061,"menu_order":239,"comment_status":"closed","ping_status":"closed","template":"","meta":{"_acf_changed":false,"footnotes":""},"tags":[],"class_list":["post-10069","page","type-page","status-publish","hentry"],"acf":{"in_menu":null,"show_date":null,"intro_text":"<img class=\"size-medium alignleft wp-image-21106\" src=\"http:\/\/www.it.tarnow.pl\/wp-content\/uploads\/2019\/02\/Zalipie-Malowana-Wies-4-400x300.jpg\" alt=\"\"><p>A tarn\u00f3wi r\u00e9gi\u00f3 olyan k\u00fcl\u00f6nleges helyekben b\u0151velkedik, melyek a megye e vid\u00e9k\u00e9t kiv\u00e9teles sz\u00e9ps\u00e9g\u0171v\u00e9 var\u00e1zsolj\u00e1k. Ezen helyeknek k\u00f6sz\u00f6nhet\u0151, hogy - belev\u00e9s\u0151dve a vend\u00e9gek eml\u00e9kezet\u00e9be - oly sokan rendszeresen visszat\u00e9rnek hozz\u00e1nk. A helyi szok\u00e1sok leny\u0171g\u00f6z\u0151 vil\u00e1ga \u00e9s az \u00fajra\u00e9led\u0151 tradicion\u00e1lis n\u00e9pm\u0171v\u00e9szet egyre kev\u00e9sb\u00e9 csak az id\u0151sebb gener\u00e1ci\u00f3k kiv\u00e1lts\u00e1ga.<\/p>","map":null},"yoast_head":"<!-- This site is optimized with the Yoast SEO Premium plugin v25.4 (Yoast SEO v25.4) - https:\/\/yoast.com\/wordpress\/plugins\/seo\/ -->\n<title>N\u00e9prajz \u00e9s folkl\u00f3r - Tarnowskie Centrum Informacji<\/title>\n<meta name=\"robots\" content=\"index, follow, max-snippet:-1, max-image-preview:large, max-video-preview:-1\" \/>\n<link rel=\"canonical\" href=\"https:\/\/www.it.tarnow.pl\/hu\/attrakciok\/neprajz-es-folklor\/\" \/>\n<meta property=\"og:locale\" content=\"hu_HU\" \/>\n<meta property=\"og:type\" content=\"article\" \/>\n<meta property=\"og:title\" content=\"N\u00e9prajz \u00e9s folkl\u00f3r\" \/>\n<meta property=\"og:description\" content=\"A tarn\u00f3wi r\u00e9gi\u00f3 olyan k\u00fcl\u00f6nleges helyekben b\u0151velkedik, melyek a megye e vid\u00e9k\u00e9t kiv\u00e9teles sz\u00e9ps\u00e9g\u0171v\u00e9 var\u00e1zsolj\u00e1k. Ezen helyeknek k\u00f6sz\u00f6nhet\u0151, hogy &#8211; belev\u00e9s\u0151dve a vend\u00e9gek eml\u00e9kezet\u00e9be &#8211; oly sokan rendszeresen visszat\u00e9rnek hozz\u00e1nk. [&hellip;]\" \/>\n<meta property=\"og:url\" content=\"https:\/\/www.it.tarnow.pl\/hu\/attrakciok\/neprajz-es-folklor\/\" \/>\n<meta property=\"og:site_name\" content=\"Tarnowskie Centrum Informacji\" \/>\n<meta property=\"article:modified_time\" content=\"2019-04-03T13:20:21+00:00\" \/>\n<meta property=\"og:image\" content=\"http:\/\/www.it.tarnow.pl\/wp-content\/uploads\/2019\/02\/Zalipie-Malowana-Wies-4-400x300.jpg\" \/>\n<meta name=\"twitter:card\" content=\"summary_large_image\" \/>\n<meta name=\"twitter:label1\" content=\"Becs\u00fclt olvas\u00e1si id\u0151\" \/>\n\t<meta name=\"twitter:data1\" content=\"2 perc\" \/>\n<script type=\"application\/ld+json\" class=\"yoast-schema-graph\">{\"@context\":\"https:\/\/schema.org\",\"@graph\":[{\"@type\":\"WebPage\",\"@id\":\"https:\/\/www.it.tarnow.pl\/hu\/attrakciok\/neprajz-es-folklor\/\",\"url\":\"https:\/\/www.it.tarnow.pl\/hu\/attrakciok\/neprajz-es-folklor\/\",\"name\":\"N\u00e9prajz \u00e9s folkl\u00f3r - Tarnowskie Centrum Informacji\",\"isPartOf\":{\"@id\":\"https:\/\/www.it.tarnow.pl\/#website\"},\"primaryImageOfPage\":{\"@id\":\"https:\/\/www.it.tarnow.pl\/hu\/attrakciok\/neprajz-es-folklor\/#primaryimage\"},\"image\":{\"@id\":\"https:\/\/www.it.tarnow.pl\/hu\/attrakciok\/neprajz-es-folklor\/#primaryimage\"},\"thumbnailUrl\":\"http:\/\/www.it.tarnow.pl\/wp-content\/uploads\/2019\/02\/Zalipie-Malowana-Wies-4-400x300.jpg\",\"datePublished\":\"2011-03-18T09:00:08+00:00\",\"dateModified\":\"2019-04-03T13:20:21+00:00\",\"breadcrumb\":{\"@id\":\"https:\/\/www.it.tarnow.pl\/hu\/attrakciok\/neprajz-es-folklor\/#breadcrumb\"},\"inLanguage\":\"hu\",\"potentialAction\":[{\"@type\":\"ReadAction\",\"target\":[\"https:\/\/www.it.tarnow.pl\/hu\/attrakciok\/neprajz-es-folklor\/\"]}]},{\"@type\":\"ImageObject\",\"inLanguage\":\"hu\",\"@id\":\"https:\/\/www.it.tarnow.pl\/hu\/attrakciok\/neprajz-es-folklor\/#primaryimage\",\"url\":\"http:\/\/www.it.tarnow.pl\/wp-content\/uploads\/2019\/02\/Zalipie-Malowana-Wies-4-400x300.jpg\",\"contentUrl\":\"http:\/\/www.it.tarnow.pl\/wp-content\/uploads\/2019\/02\/Zalipie-Malowana-Wies-4-400x300.jpg\"},{\"@type\":\"BreadcrumbList\",\"@id\":\"https:\/\/www.it.tarnow.pl\/hu\/attrakciok\/neprajz-es-folklor\/#breadcrumb\",\"itemListElement\":[{\"@type\":\"ListItem\",\"position\":1,\"name\":\"Kezd\u0151lap\",\"item\":\"https:\/\/www.it.tarnow.pl\/hu\/\"},{\"@type\":\"ListItem\",\"position\":2,\"name\":\"Attrakci\u00f3k\",\"item\":\"https:\/\/www.it.tarnow.pl\/hu\/attrakciok\/\"},{\"@type\":\"ListItem\",\"position\":3,\"name\":\"N\u00e9prajz \u00e9s folkl\u00f3r\"}]},{\"@type\":\"WebSite\",\"@id\":\"https:\/\/www.it.tarnow.pl\/#website\",\"url\":\"https:\/\/www.it.tarnow.pl\/\",\"name\":\"Tarnowskie Centrum Informacji\",\"description\":\"Informacja turystyczna o Tarnowie i regionie tarnowskim.\",\"potentialAction\":[{\"@type\":\"SearchAction\",\"target\":{\"@type\":\"EntryPoint\",\"urlTemplate\":\"https:\/\/www.it.tarnow.pl\/?s={search_term_string}\"},\"query-input\":{\"@type\":\"PropertyValueSpecification\",\"valueRequired\":true,\"valueName\":\"search_term_string\"}}],\"inLanguage\":\"hu\"}]}<\/script>\n<!-- \/ Yoast SEO Premium plugin. -->","yoast_head_json":{"title":"N\u00e9prajz \u00e9s folkl\u00f3r - Tarnowskie Centrum Informacji","robots":{"index":"index","follow":"follow","max-snippet":"max-snippet:-1","max-image-preview":"max-image-preview:large","max-video-preview":"max-video-preview:-1"},"canonical":"https:\/\/www.it.tarnow.pl\/hu\/attrakciok\/neprajz-es-folklor\/","og_locale":"hu_HU","og_type":"article","og_title":"N\u00e9prajz \u00e9s folkl\u00f3r","og_description":"A tarn\u00f3wi r\u00e9gi\u00f3 olyan k\u00fcl\u00f6nleges helyekben b\u0151velkedik, melyek a megye e vid\u00e9k\u00e9t kiv\u00e9teles sz\u00e9ps\u00e9g\u0171v\u00e9 var\u00e1zsolj\u00e1k. Ezen helyeknek k\u00f6sz\u00f6nhet\u0151, hogy &#8211; belev\u00e9s\u0151dve a vend\u00e9gek eml\u00e9kezet\u00e9be &#8211; oly sokan rendszeresen visszat\u00e9rnek hozz\u00e1nk. [&hellip;]","og_url":"https:\/\/www.it.tarnow.pl\/hu\/attrakciok\/neprajz-es-folklor\/","og_site_name":"Tarnowskie Centrum Informacji","article_modified_time":"2019-04-03T13:20:21+00:00","og_image":[{"url":"http:\/\/www.it.tarnow.pl\/wp-content\/uploads\/2019\/02\/Zalipie-Malowana-Wies-4-400x300.jpg","type":"","width":"","height":""}],"twitter_card":"summary_large_image","twitter_misc":{"Becs\u00fclt olvas\u00e1si id\u0151":"2 perc"},"schema":{"@context":"https:\/\/schema.org","@graph":[{"@type":"WebPage","@id":"https:\/\/www.it.tarnow.pl\/hu\/attrakciok\/neprajz-es-folklor\/","url":"https:\/\/www.it.tarnow.pl\/hu\/attrakciok\/neprajz-es-folklor\/","name":"N\u00e9prajz \u00e9s folkl\u00f3r - Tarnowskie Centrum Informacji","isPartOf":{"@id":"https:\/\/www.it.tarnow.pl\/#website"},"primaryImageOfPage":{"@id":"https:\/\/www.it.tarnow.pl\/hu\/attrakciok\/neprajz-es-folklor\/#primaryimage"},"image":{"@id":"https:\/\/www.it.tarnow.pl\/hu\/attrakciok\/neprajz-es-folklor\/#primaryimage"},"thumbnailUrl":"http:\/\/www.it.tarnow.pl\/wp-content\/uploads\/2019\/02\/Zalipie-Malowana-Wies-4-400x300.jpg","datePublished":"2011-03-18T09:00:08+00:00","dateModified":"2019-04-03T13:20:21+00:00","breadcrumb":{"@id":"https:\/\/www.it.tarnow.pl\/hu\/attrakciok\/neprajz-es-folklor\/#breadcrumb"},"inLanguage":"hu","potentialAction":[{"@type":"ReadAction","target":["https:\/\/www.it.tarnow.pl\/hu\/attrakciok\/neprajz-es-folklor\/"]}]},{"@type":"ImageObject","inLanguage":"hu","@id":"https:\/\/www.it.tarnow.pl\/hu\/attrakciok\/neprajz-es-folklor\/#primaryimage","url":"http:\/\/www.it.tarnow.pl\/wp-content\/uploads\/2019\/02\/Zalipie-Malowana-Wies-4-400x300.jpg","contentUrl":"http:\/\/www.it.tarnow.pl\/wp-content\/uploads\/2019\/02\/Zalipie-Malowana-Wies-4-400x300.jpg"},{"@type":"BreadcrumbList","@id":"https:\/\/www.it.tarnow.pl\/hu\/attrakciok\/neprajz-es-folklor\/#breadcrumb","itemListElement":[{"@type":"ListItem","position":1,"name":"Kezd\u0151lap","item":"https:\/\/www.it.tarnow.pl\/hu\/"},{"@type":"ListItem","position":2,"name":"Attrakci\u00f3k","item":"https:\/\/www.it.tarnow.pl\/hu\/attrakciok\/"},{"@type":"ListItem","position":3,"name":"N\u00e9prajz \u00e9s folkl\u00f3r"}]},{"@type":"WebSite","@id":"https:\/\/www.it.tarnow.pl\/#website","url":"https:\/\/www.it.tarnow.pl\/","name":"Tarnowskie Centrum Informacji","description":"Informacja turystyczna o Tarnowie i regionie tarnowskim.","potentialAction":[{"@type":"SearchAction","target":{"@type":"EntryPoint","urlTemplate":"https:\/\/www.it.tarnow.pl\/?s={search_term_string}"},"query-input":{"@type":"PropertyValueSpecification","valueRequired":true,"valueName":"search_term_string"}}],"inLanguage":"hu"}]}},"_links":{"self":[{"href":"https:\/\/www.it.tarnow.pl\/hu\/wp-json\/wp\/v2\/pages\/10069","targetHints":{"allow":["GET"]}}],"collection":[{"href":"https:\/\/www.it.tarnow.pl\/hu\/wp-json\/wp\/v2\/pages"}],"about":[{"href":"https:\/\/www.it.tarnow.pl\/hu\/wp-json\/wp\/v2\/types\/page"}],"author":[{"embeddable":true,"href":"https:\/\/www.it.tarnow.pl\/hu\/wp-json\/wp\/v2\/users\/1"}],"replies":[{"embeddable":true,"href":"https:\/\/www.it.tarnow.pl\/hu\/wp-json\/wp\/v2\/comments?post=10069"}],"version-history":[{"count":0,"href":"https:\/\/www.it.tarnow.pl\/hu\/wp-json\/wp\/v2\/pages\/10069\/revisions"}],"up":[{"embeddable":true,"href":"https:\/\/www.it.tarnow.pl\/hu\/wp-json\/wp\/v2\/pages\/10061"}],"wp:attachment":[{"href":"https:\/\/www.it.tarnow.pl\/hu\/wp-json\/wp\/v2\/media?parent=10069"}],"wp:term":[{"taxonomy":"post_tag","embeddable":true,"href":"https:\/\/www.it.tarnow.pl\/hu\/wp-json\/wp\/v2\/tags?post=10069"}],"curies":[{"name":"wp","href":"https:\/\/api.w.org\/{rel}","templated":true}]}}