{"id":10068,"date":"2011-03-18T09:59:01","date_gmt":"2011-03-18T08:59:01","guid":{"rendered":"http:\/\/www.it.tarnow.pl\/szakralis-faepiteszet\/"},"modified":"2019-04-03T15:20:19","modified_gmt":"2019-04-03T13:20:19","slug":"szakralis-faepiteszet","status":"publish","type":"page","link":"https:\/\/www.it.tarnow.pl\/hu\/attrakciok\/szakralis-faepiteszet\/","title":{"rendered":"Szakr\u00e1lis fa\u00e9p\u00edt\u00e9szet"},"content":{"rendered":"<img loading=\"lazy\" decoding=\"async\" width=\"300\" height=\"400\" class=\"size-medium alignright wp-image-24497\" src=\"http:\/\/www.it.tarnow.pl\/wp-content\/uploads\/2019\/02\/Kosciol-pw.-sw.-Jana-Chrzciciela-w-Rzepienniku-Biskupim-2-300x400.jpg\" alt=\"\" srcset=\"https:\/\/www.it.tarnow.pl\/wp-content\/uploads\/2019\/02\/Kosciol-pw.-sw.-Jana-Chrzciciela-w-Rzepienniku-Biskupim-2-300x400.jpg 300w, https:\/\/www.it.tarnow.pl\/wp-content\/uploads\/2019\/02\/Kosciol-pw.-sw.-Jana-Chrzciciela-w-Rzepienniku-Biskupim-2-768x1023.jpg 768w, https:\/\/www.it.tarnow.pl\/wp-content\/uploads\/2019\/02\/Kosciol-pw.-sw.-Jana-Chrzciciela-w-Rzepienniku-Biskupim-2-488x650.jpg 488w, https:\/\/www.it.tarnow.pl\/wp-content\/uploads\/2019\/02\/Kosciol-pw.-sw.-Jana-Chrzciciela-w-Rzepienniku-Biskupim-2-225x300.jpg 225w, https:\/\/www.it.tarnow.pl\/wp-content\/uploads\/2019\/02\/Kosciol-pw.-sw.-Jana-Chrzciciela-w-Rzepienniku-Biskupim-2.jpg 769w\" sizes=\"auto, (max-width: 300px) 100vw, 300px\" \/><p>Kislengyelorsz\u00e1g fa\u00e9p\u00edt\u00e9szet\u00e9nek rendk\u00edv\u00fcli gazdags\u00e1ga \u00e9s l\u00e1tv\u00e1nyoss\u00e1ga vitathatatlan. F\u00e1b\u00f3l \u00e9p\u00edtett\u00e9k a falusi h\u00e1zakat, kocsm\u00e1kat, nemesi udvarh\u00e1zakat \u00e9s templomokat. A legr\u00e9gebbi fa\u00e9p\u00fcletek a XV. sz\u00e1zadb\u00f3l sz\u00e1rmaznak. A legt\u00f6bb m\u0171eml\u00e9k a szakr\u00e1lis jelleg\u0171 \u00e9p\u00edtm\u00e9nyek k\u00f6z\u00f6tt lelhet\u0151 fel.<\/p>\n<p> A mai napig fennmaradt t\u00f6bb tucat fatemplom, melyek a vall\u00e1shoz \u00e9s a hagyom\u00e1nyhoz val\u00f3 k\u00f6t\u0151d\u00e9s tal\u00e1n legszebb szimb\u00f3lumai. A legr\u00e9gebbiek a XV. sz\u00e1zad els\u0151 fel\u00e9b\u0151l, a leg\u00fajabbak a m\u00falt sz\u00e1zad h\u00faszas \u00e9veib\u0151l sz\u00e1rmaznak. Ezek f\u0151k\u00e9nt gerend\u00e1s szerkezet\u0171, egyhaj\u00f3s, magas tetej\u0171, zsindellyel vagy b\u00e1doggal fedett \u00e9p\u00edtm\u00e9nyek. Legt\u00f6bbj\u00fck nyugati t\u00e1jol\u00e1s\u00fa toronnyal, valamint torn\u00e1ccal, \u00fan. sobot\u00e1val rendelkezik, mely a zar\u00e1ndokoknak ny\u00fajtott mened\u00e9ket.<\/p>\n<p>\u00a0<\/p> <img loading=\"lazy\" decoding=\"async\" width=\"400\" height=\"300\" class=\"size-medium alignleft wp-image-25617\" src=\"http:\/\/www.it.tarnow.pl\/wp-content\/uploads\/2019\/02\/Lipnica-Murowana-Kosciol-p.w.-Sw.-Leonarda-1-400x300.jpg\" alt=\"\" srcset=\"https:\/\/www.it.tarnow.pl\/wp-content\/uploads\/2019\/02\/Lipnica-Murowana-Kosciol-p.w.-Sw.-Leonarda-1-400x300.jpg 400w, https:\/\/www.it.tarnow.pl\/wp-content\/uploads\/2019\/02\/Lipnica-Murowana-Kosciol-p.w.-Sw.-Leonarda-1-768x576.jpg 768w, https:\/\/www.it.tarnow.pl\/wp-content\/uploads\/2019\/02\/Lipnica-Murowana-Kosciol-p.w.-Sw.-Leonarda-1-650x488.jpg 650w, https:\/\/www.it.tarnow.pl\/wp-content\/uploads\/2019\/02\/Lipnica-Murowana-Kosciol-p.w.-Sw.-Leonarda-1-300x225.jpg 300w, https:\/\/www.it.tarnow.pl\/wp-content\/uploads\/2019\/02\/Lipnica-Murowana-Kosciol-p.w.-Sw.-Leonarda-1.jpg 1024w\" sizes=\"auto, (max-width: 400px) 100vw, 400px\" \/><p><b>Lipnica Murowana<\/b>: Szt. L\u00e9n\u00e1rd templom. A XV. sz\u00e1zad v\u00e9g\u00e9n emelt\u00e9k, belsej\u00e9t \u00e9rt\u00e9kes XVI-XVII. sz\u00e1zadi falfestm\u00e9nyek d\u00edsz\u00edtik. Lengyelorsz\u00e1g egyik leg\u00e9rdekesebb \u00e9s legjobb \u00e1llapotban fennmaradt k\u00f6z\u00e9pkori temploma; 2003-ban felker\u00fclt az UNESCO Kultur\u00e1lis \u00e9s Term\u00e9szetv\u00e9delmi Vil\u00e1g\u00f6r\u00f6ks\u00e9g List\u00e1j\u00e1ra.<\/p>\n<p>\u00a0<\/p> <img loading=\"lazy\" decoding=\"async\" width=\"400\" height=\"300\" class=\"size-medium alignright wp-image-21413\" src=\"http:\/\/www.it.tarnow.pl\/wp-content\/uploads\/2019\/02\/TARNOW-Kosciol-p.w.-Matki-Bozej-Szkaplerznej-2-400x300.jpg\" alt=\"\" srcset=\"https:\/\/www.it.tarnow.pl\/wp-content\/uploads\/2019\/02\/TARNOW-Kosciol-p.w.-Matki-Bozej-Szkaplerznej-2-400x300.jpg 400w, https:\/\/www.it.tarnow.pl\/wp-content\/uploads\/2019\/02\/TARNOW-Kosciol-p.w.-Matki-Bozej-Szkaplerznej-2-768x576.jpg 768w, https:\/\/www.it.tarnow.pl\/wp-content\/uploads\/2019\/02\/TARNOW-Kosciol-p.w.-Matki-Bozej-Szkaplerznej-2-650x488.jpg 650w, https:\/\/www.it.tarnow.pl\/wp-content\/uploads\/2019\/02\/TARNOW-Kosciol-p.w.-Matki-Bozej-Szkaplerznej-2-300x225.jpg 300w, https:\/\/www.it.tarnow.pl\/wp-content\/uploads\/2019\/02\/TARNOW-Kosciol-p.w.-Matki-Bozej-Szkaplerznej-2.jpg 1024w\" sizes=\"auto, (max-width: 400px) 100vw, 400px\" \/><p><b>Tarn\u00f3w<\/b>: Burek v\u00e1rosr\u00e9szben tal\u00e1lhat\u00f3 a Legszentebb Sz\u0171z M\u00e1ria templom, melyet 1440-ben szenteltek fel. A g\u00f3tikus fa\u00e9p\u00edt\u00e9szet st\u00edlus\u00e1ban emelt\u00e9k. A f\u0151olt\u00e1rn\u00e1l tal\u00e1lhat\u00f3 az irgalmas Sz\u0171z M\u00e1ri\u00e1t gyermek\u00e9vel \u00e1br\u00e1zol\u00f3 XIV. sz\u00e1zadi k\u00e9p.<\/p>\n<p>\u00a0<\/p> <img loading=\"lazy\" decoding=\"async\" width=\"400\" height=\"300\" class=\"size-medium alignleft wp-image-21593\" src=\"http:\/\/www.it.tarnow.pl\/wp-content\/uploads\/2019\/02\/Zawada-Kosciol-p.w.-sw.-Marcina-1-400x300.jpg\" alt=\"\" srcset=\"https:\/\/www.it.tarnow.pl\/wp-content\/uploads\/2019\/02\/Zawada-Kosciol-p.w.-sw.-Marcina-1-400x300.jpg 400w, https:\/\/www.it.tarnow.pl\/wp-content\/uploads\/2019\/02\/Zawada-Kosciol-p.w.-sw.-Marcina-1-768x576.jpg 768w, https:\/\/www.it.tarnow.pl\/wp-content\/uploads\/2019\/02\/Zawada-Kosciol-p.w.-sw.-Marcina-1-650x488.jpg 650w, https:\/\/www.it.tarnow.pl\/wp-content\/uploads\/2019\/02\/Zawada-Kosciol-p.w.-sw.-Marcina-1-300x225.jpg 300w, https:\/\/www.it.tarnow.pl\/wp-content\/uploads\/2019\/02\/Zawada-Kosciol-p.w.-sw.-Marcina-1.jpg 1024w\" sizes=\"auto, (max-width: 400px) 100vw, 400px\" \/><p>Tarn\u00f3w: <b>Zawada<\/b>, Szt. M\u00e1rton-hegy-i Szt. M\u00e1rton templom. A XV. sz\u00e1zadban \u00e9p\u00edtett\u00e9k, n\u00e9h\u00e1nyszor \u00e1talak\u00edtott\u00e1k a k\u00e9s\u0151 g\u00f3tika idej\u00e9n. Figyelmet \u00e9rdemelnek a cs\u00facs\u00edves g\u00f3tikus port\u00e1lok \u00e9s kov\u00e1csolt vasal\u00e1sok.<\/p>\n<p>\u00a0<\/p> <img loading=\"lazy\" decoding=\"async\" width=\"400\" height=\"300\" class=\"size-medium alignright wp-image-21095\" src=\"http:\/\/www.it.tarnow.pl\/wp-content\/uploads\/2019\/02\/Skrzyszow-Kosciol-p.w.-sw.-Stanislawa-Biskupa-2-400x300.jpg\" alt=\"\" srcset=\"https:\/\/www.it.tarnow.pl\/wp-content\/uploads\/2019\/02\/Skrzyszow-Kosciol-p.w.-sw.-Stanislawa-Biskupa-2-400x300.jpg 400w, https:\/\/www.it.tarnow.pl\/wp-content\/uploads\/2019\/02\/Skrzyszow-Kosciol-p.w.-sw.-Stanislawa-Biskupa-2-768x576.jpg 768w, https:\/\/www.it.tarnow.pl\/wp-content\/uploads\/2019\/02\/Skrzyszow-Kosciol-p.w.-sw.-Stanislawa-Biskupa-2-650x488.jpg 650w, https:\/\/www.it.tarnow.pl\/wp-content\/uploads\/2019\/02\/Skrzyszow-Kosciol-p.w.-sw.-Stanislawa-Biskupa-2-300x225.jpg 300w, https:\/\/www.it.tarnow.pl\/wp-content\/uploads\/2019\/02\/Skrzyszow-Kosciol-p.w.-sw.-Stanislawa-Biskupa-2.jpg 1024w\" sizes=\"auto, (max-width: 400px) 100vw, 400px\" \/><p><b>Skrzysz\u00f3w<\/b>: Szt. Szaniszl\u00f3 templom. 1517-ben Jan z Czchowa \u00e1cs \u00e9p\u00edtette Jan Amor Tarnowski megb\u00edz\u00e1s\u00e1b\u00f3l, amir\u0151l az ajt\u00f3f\u00e9lf\u00e1ba v\u00e9sett k\u00e9zjegy tan\u00faskodik. Ez a legnagyobb \u00e9s egyben a legszebb fatemplom a kislengyelorsz\u00e1gi vajdas\u00e1gban.<\/p>\n<p>\u00a0<\/p> <img loading=\"lazy\" decoding=\"async\" width=\"250\" height=\"250\" class=\"size-small alignleft wp-image-24502\" src=\"http:\/\/www.it.tarnow.pl\/wp-content\/uploads\/2019\/02\/Jastrzebia-Kosciol-p.w.-sw.-Bartlomieja-Apostola-1-250x250.jpg\" alt=\"\" srcset=\"https:\/\/www.it.tarnow.pl\/wp-content\/uploads\/2019\/02\/Jastrzebia-Kosciol-p.w.-sw.-Bartlomieja-Apostola-1-250x250.jpg 250w, https:\/\/www.it.tarnow.pl\/wp-content\/uploads\/2019\/02\/Jastrzebia-Kosciol-p.w.-sw.-Bartlomieja-Apostola-1-150x150.jpg 150w\" sizes=\"auto, (max-width: 250px) 100vw, 250px\" \/><p><b>Ci\u0119\u017ckowice<\/b> melletti Jastrz\u0119bia: Szt. Bertalan \u00e9rsek temploma. A XVI. sz\u00e1zad elej\u00e9n \u00e9p\u00fclt, belsej\u00e9ben k\u00e9s\u0151 barokk olt\u00e1rok \u00e9s renesz\u00e1nsz-barokk k\u00e9pek, faragv\u00e1nyok \u00e9s k\u0151keresztel\u0151 l\u00e1that\u00f3k. A harangtoronyban m\u00e1ig fennmaradt a XV-XVI. sz\u00e1zadi g\u00f3tikus harang.<\/p>","protected":false},"excerpt":{"rendered":"Kislengyelorsz\u00e1g fa\u00e9p\u00edt\u00e9szet\u00e9nek rendk\u00edv\u00fcli gazdags\u00e1ga \u00e9s l\u00e1tv\u00e1nyoss\u00e1ga vitathatatlan. F\u00e1b\u00f3l \u00e9p\u00edtett\u00e9k a falusi h\u00e1zakat, kocsm\u00e1kat, nemesi udvarh\u00e1zakat \u00e9s templomokat. A legr\u00e9gebbi fa\u00e9p\u00fcletek a XV. sz\u00e1zadb\u00f3l sz\u00e1rmaznak. A legt\u00f6bb m\u0171eml\u00e9k a szakr\u00e1lis jelleg\u0171 [&hellip;]","protected":false},"author":1,"featured_media":0,"parent":10061,"menu_order":213,"comment_status":"closed","ping_status":"closed","template":"","meta":{"_acf_changed":false,"footnotes":""},"tags":[],"class_list":["post-10068","page","type-page","status-publish","hentry"],"acf":{"in_menu":null,"show_date":null,"intro_text":"<img class=\"size-medium alignleft wp-image-21413\" src=\"http:\/\/www.it.tarnow.pl\/wp-content\/uploads\/2019\/02\/TARNOW-Kosciol-p.w.-Matki-Bozej-Szkaplerznej-2-400x300.jpg\" alt=\"\"><p>Kislengyelorsz\u00e1g fa\u00e9p\u00edt\u00e9szet\u00e9nek rendk\u00edv\u00fcli gazdags\u00e1ga \u00e9s l\u00e1tv\u00e1nyoss\u00e1ga vitathatatlan. F\u00e1b\u00f3l \u00e9p\u00edtett\u00e9k a falusi h\u00e1zakat, kocsm\u00e1kat, nemesi udvarh\u00e1zakat \u00e9s templomokat. A legr\u00e9gebbi fa\u00e9p\u00fcletek a XV. sz\u00e1zadb\u00f3l sz\u00e1rmaznak. A legt\u00f6bb m\u0171eml\u00e9k a szakr\u00e1lis jelleg\u0171 \u00e9p\u00edtm\u00e9nyek k\u00f6z\u00f6tt lelhet\u0151 fel.<\/p>\n<p>A mai napig fennmaradt t\u00f6bb tucat fatemplom, melyek a vall\u00e1shoz \u00e9s a hagyom\u00e1nyhoz val\u00f3 k\u00f6t\u0151d\u00e9s tal\u00e1n legszebb szimb\u00f3lumai. A legr\u00e9gebbiek a XV. sz\u00e1zad els\u0151 fel\u00e9b\u0151l, a leg\u00fajabbak a m\u00falt sz\u00e1zad h\u00faszas \u00e9veib\u0151l sz\u00e1rmaznak.<\/p>","map":null},"yoast_head":"<!-- This site is optimized with the Yoast SEO Premium plugin v25.4 (Yoast SEO v25.4) - https:\/\/yoast.com\/wordpress\/plugins\/seo\/ -->\n<title>Szakr\u00e1lis fa\u00e9p\u00edt\u00e9szet - Tarnowskie Centrum Informacji<\/title>\n<meta name=\"robots\" content=\"index, follow, max-snippet:-1, max-image-preview:large, max-video-preview:-1\" \/>\n<link rel=\"canonical\" href=\"https:\/\/www.it.tarnow.pl\/hu\/attrakciok\/szakralis-faepiteszet\/\" \/>\n<meta property=\"og:locale\" content=\"hu_HU\" \/>\n<meta property=\"og:type\" content=\"article\" \/>\n<meta property=\"og:title\" content=\"Szakr\u00e1lis fa\u00e9p\u00edt\u00e9szet\" \/>\n<meta property=\"og:description\" content=\"Kislengyelorsz\u00e1g fa\u00e9p\u00edt\u00e9szet\u00e9nek rendk\u00edv\u00fcli gazdags\u00e1ga \u00e9s l\u00e1tv\u00e1nyoss\u00e1ga vitathatatlan. F\u00e1b\u00f3l \u00e9p\u00edtett\u00e9k a falusi h\u00e1zakat, kocsm\u00e1kat, nemesi udvarh\u00e1zakat \u00e9s templomokat. A legr\u00e9gebbi fa\u00e9p\u00fcletek a XV. sz\u00e1zadb\u00f3l sz\u00e1rmaznak. A legt\u00f6bb m\u0171eml\u00e9k a szakr\u00e1lis jelleg\u0171 [&hellip;]\" \/>\n<meta property=\"og:url\" content=\"https:\/\/www.it.tarnow.pl\/hu\/attrakciok\/szakralis-faepiteszet\/\" \/>\n<meta property=\"og:site_name\" content=\"Tarnowskie Centrum Informacji\" \/>\n<meta property=\"article:modified_time\" content=\"2019-04-03T13:20:19+00:00\" \/>\n<meta property=\"og:image\" content=\"http:\/\/www.it.tarnow.pl\/wp-content\/uploads\/2019\/02\/Kosciol-pw.-sw.-Jana-Chrzciciela-w-Rzepienniku-Biskupim-2-300x400.jpg\" \/>\n<meta name=\"twitter:card\" content=\"summary_large_image\" \/>\n<meta name=\"twitter:label1\" content=\"Becs\u00fclt olvas\u00e1si id\u0151\" \/>\n\t<meta name=\"twitter:data1\" content=\"2 perc\" \/>\n<script type=\"application\/ld+json\" class=\"yoast-schema-graph\">{\"@context\":\"https:\/\/schema.org\",\"@graph\":[{\"@type\":\"WebPage\",\"@id\":\"https:\/\/www.it.tarnow.pl\/hu\/attrakciok\/szakralis-faepiteszet\/\",\"url\":\"https:\/\/www.it.tarnow.pl\/hu\/attrakciok\/szakralis-faepiteszet\/\",\"name\":\"Szakr\u00e1lis fa\u00e9p\u00edt\u00e9szet - Tarnowskie Centrum Informacji\",\"isPartOf\":{\"@id\":\"https:\/\/www.it.tarnow.pl\/#website\"},\"primaryImageOfPage\":{\"@id\":\"https:\/\/www.it.tarnow.pl\/hu\/attrakciok\/szakralis-faepiteszet\/#primaryimage\"},\"image\":{\"@id\":\"https:\/\/www.it.tarnow.pl\/hu\/attrakciok\/szakralis-faepiteszet\/#primaryimage\"},\"thumbnailUrl\":\"http:\/\/www.it.tarnow.pl\/wp-content\/uploads\/2019\/02\/Kosciol-pw.-sw.-Jana-Chrzciciela-w-Rzepienniku-Biskupim-2-300x400.jpg\",\"datePublished\":\"2011-03-18T08:59:01+00:00\",\"dateModified\":\"2019-04-03T13:20:19+00:00\",\"breadcrumb\":{\"@id\":\"https:\/\/www.it.tarnow.pl\/hu\/attrakciok\/szakralis-faepiteszet\/#breadcrumb\"},\"inLanguage\":\"hu\",\"potentialAction\":[{\"@type\":\"ReadAction\",\"target\":[\"https:\/\/www.it.tarnow.pl\/hu\/attrakciok\/szakralis-faepiteszet\/\"]}]},{\"@type\":\"ImageObject\",\"inLanguage\":\"hu\",\"@id\":\"https:\/\/www.it.tarnow.pl\/hu\/attrakciok\/szakralis-faepiteszet\/#primaryimage\",\"url\":\"http:\/\/www.it.tarnow.pl\/wp-content\/uploads\/2019\/02\/Kosciol-pw.-sw.-Jana-Chrzciciela-w-Rzepienniku-Biskupim-2-300x400.jpg\",\"contentUrl\":\"http:\/\/www.it.tarnow.pl\/wp-content\/uploads\/2019\/02\/Kosciol-pw.-sw.-Jana-Chrzciciela-w-Rzepienniku-Biskupim-2-300x400.jpg\"},{\"@type\":\"BreadcrumbList\",\"@id\":\"https:\/\/www.it.tarnow.pl\/hu\/attrakciok\/szakralis-faepiteszet\/#breadcrumb\",\"itemListElement\":[{\"@type\":\"ListItem\",\"position\":1,\"name\":\"Kezd\u0151lap\",\"item\":\"https:\/\/www.it.tarnow.pl\/hu\/\"},{\"@type\":\"ListItem\",\"position\":2,\"name\":\"Attrakci\u00f3k\",\"item\":\"https:\/\/www.it.tarnow.pl\/hu\/attrakciok\/\"},{\"@type\":\"ListItem\",\"position\":3,\"name\":\"Szakr\u00e1lis fa\u00e9p\u00edt\u00e9szet\"}]},{\"@type\":\"WebSite\",\"@id\":\"https:\/\/www.it.tarnow.pl\/#website\",\"url\":\"https:\/\/www.it.tarnow.pl\/\",\"name\":\"Tarnowskie Centrum Informacji\",\"description\":\"Informacja turystyczna o Tarnowie i regionie tarnowskim.\",\"potentialAction\":[{\"@type\":\"SearchAction\",\"target\":{\"@type\":\"EntryPoint\",\"urlTemplate\":\"https:\/\/www.it.tarnow.pl\/?s={search_term_string}\"},\"query-input\":{\"@type\":\"PropertyValueSpecification\",\"valueRequired\":true,\"valueName\":\"search_term_string\"}}],\"inLanguage\":\"hu\"}]}<\/script>\n<!-- \/ Yoast SEO Premium plugin. -->","yoast_head_json":{"title":"Szakr\u00e1lis fa\u00e9p\u00edt\u00e9szet - Tarnowskie Centrum Informacji","robots":{"index":"index","follow":"follow","max-snippet":"max-snippet:-1","max-image-preview":"max-image-preview:large","max-video-preview":"max-video-preview:-1"},"canonical":"https:\/\/www.it.tarnow.pl\/hu\/attrakciok\/szakralis-faepiteszet\/","og_locale":"hu_HU","og_type":"article","og_title":"Szakr\u00e1lis fa\u00e9p\u00edt\u00e9szet","og_description":"Kislengyelorsz\u00e1g fa\u00e9p\u00edt\u00e9szet\u00e9nek rendk\u00edv\u00fcli gazdags\u00e1ga \u00e9s l\u00e1tv\u00e1nyoss\u00e1ga vitathatatlan. F\u00e1b\u00f3l \u00e9p\u00edtett\u00e9k a falusi h\u00e1zakat, kocsm\u00e1kat, nemesi udvarh\u00e1zakat \u00e9s templomokat. A legr\u00e9gebbi fa\u00e9p\u00fcletek a XV. sz\u00e1zadb\u00f3l sz\u00e1rmaznak. A legt\u00f6bb m\u0171eml\u00e9k a szakr\u00e1lis jelleg\u0171 [&hellip;]","og_url":"https:\/\/www.it.tarnow.pl\/hu\/attrakciok\/szakralis-faepiteszet\/","og_site_name":"Tarnowskie Centrum Informacji","article_modified_time":"2019-04-03T13:20:19+00:00","og_image":[{"url":"http:\/\/www.it.tarnow.pl\/wp-content\/uploads\/2019\/02\/Kosciol-pw.-sw.-Jana-Chrzciciela-w-Rzepienniku-Biskupim-2-300x400.jpg","type":"","width":"","height":""}],"twitter_card":"summary_large_image","twitter_misc":{"Becs\u00fclt olvas\u00e1si id\u0151":"2 perc"},"schema":{"@context":"https:\/\/schema.org","@graph":[{"@type":"WebPage","@id":"https:\/\/www.it.tarnow.pl\/hu\/attrakciok\/szakralis-faepiteszet\/","url":"https:\/\/www.it.tarnow.pl\/hu\/attrakciok\/szakralis-faepiteszet\/","name":"Szakr\u00e1lis fa\u00e9p\u00edt\u00e9szet - Tarnowskie Centrum Informacji","isPartOf":{"@id":"https:\/\/www.it.tarnow.pl\/#website"},"primaryImageOfPage":{"@id":"https:\/\/www.it.tarnow.pl\/hu\/attrakciok\/szakralis-faepiteszet\/#primaryimage"},"image":{"@id":"https:\/\/www.it.tarnow.pl\/hu\/attrakciok\/szakralis-faepiteszet\/#primaryimage"},"thumbnailUrl":"http:\/\/www.it.tarnow.pl\/wp-content\/uploads\/2019\/02\/Kosciol-pw.-sw.-Jana-Chrzciciela-w-Rzepienniku-Biskupim-2-300x400.jpg","datePublished":"2011-03-18T08:59:01+00:00","dateModified":"2019-04-03T13:20:19+00:00","breadcrumb":{"@id":"https:\/\/www.it.tarnow.pl\/hu\/attrakciok\/szakralis-faepiteszet\/#breadcrumb"},"inLanguage":"hu","potentialAction":[{"@type":"ReadAction","target":["https:\/\/www.it.tarnow.pl\/hu\/attrakciok\/szakralis-faepiteszet\/"]}]},{"@type":"ImageObject","inLanguage":"hu","@id":"https:\/\/www.it.tarnow.pl\/hu\/attrakciok\/szakralis-faepiteszet\/#primaryimage","url":"http:\/\/www.it.tarnow.pl\/wp-content\/uploads\/2019\/02\/Kosciol-pw.-sw.-Jana-Chrzciciela-w-Rzepienniku-Biskupim-2-300x400.jpg","contentUrl":"http:\/\/www.it.tarnow.pl\/wp-content\/uploads\/2019\/02\/Kosciol-pw.-sw.-Jana-Chrzciciela-w-Rzepienniku-Biskupim-2-300x400.jpg"},{"@type":"BreadcrumbList","@id":"https:\/\/www.it.tarnow.pl\/hu\/attrakciok\/szakralis-faepiteszet\/#breadcrumb","itemListElement":[{"@type":"ListItem","position":1,"name":"Kezd\u0151lap","item":"https:\/\/www.it.tarnow.pl\/hu\/"},{"@type":"ListItem","position":2,"name":"Attrakci\u00f3k","item":"https:\/\/www.it.tarnow.pl\/hu\/attrakciok\/"},{"@type":"ListItem","position":3,"name":"Szakr\u00e1lis fa\u00e9p\u00edt\u00e9szet"}]},{"@type":"WebSite","@id":"https:\/\/www.it.tarnow.pl\/#website","url":"https:\/\/www.it.tarnow.pl\/","name":"Tarnowskie Centrum Informacji","description":"Informacja turystyczna o Tarnowie i regionie tarnowskim.","potentialAction":[{"@type":"SearchAction","target":{"@type":"EntryPoint","urlTemplate":"https:\/\/www.it.tarnow.pl\/?s={search_term_string}"},"query-input":{"@type":"PropertyValueSpecification","valueRequired":true,"valueName":"search_term_string"}}],"inLanguage":"hu"}]}},"_links":{"self":[{"href":"https:\/\/www.it.tarnow.pl\/hu\/wp-json\/wp\/v2\/pages\/10068","targetHints":{"allow":["GET"]}}],"collection":[{"href":"https:\/\/www.it.tarnow.pl\/hu\/wp-json\/wp\/v2\/pages"}],"about":[{"href":"https:\/\/www.it.tarnow.pl\/hu\/wp-json\/wp\/v2\/types\/page"}],"author":[{"embeddable":true,"href":"https:\/\/www.it.tarnow.pl\/hu\/wp-json\/wp\/v2\/users\/1"}],"replies":[{"embeddable":true,"href":"https:\/\/www.it.tarnow.pl\/hu\/wp-json\/wp\/v2\/comments?post=10068"}],"version-history":[{"count":0,"href":"https:\/\/www.it.tarnow.pl\/hu\/wp-json\/wp\/v2\/pages\/10068\/revisions"}],"up":[{"embeddable":true,"href":"https:\/\/www.it.tarnow.pl\/hu\/wp-json\/wp\/v2\/pages\/10061"}],"wp:attachment":[{"href":"https:\/\/www.it.tarnow.pl\/hu\/wp-json\/wp\/v2\/media?parent=10068"}],"wp:term":[{"taxonomy":"post_tag","embeddable":true,"href":"https:\/\/www.it.tarnow.pl\/hu\/wp-json\/wp\/v2\/tags?post=10068"}],"curies":[{"name":"wp","href":"https:\/\/api.w.org\/{rel}","templated":true}]}}