{"id":10066,"date":"2013-03-20T15:03:22","date_gmt":"2013-03-20T14:03:22","guid":{"rendered":"http:\/\/www.it.tarnow.pl\/a-tarnowi-ettermek-ajanlata\/"},"modified":"2019-04-03T15:20:16","modified_gmt":"2019-04-03T13:20:16","slug":"a-tarnowi-ettermek-ajanlata","status":"publish","type":"page","link":"https:\/\/www.it.tarnow.pl\/hu\/attrakciok\/tarnow-13\/a-tarnowi-ettermek-ajanlata\/","title":{"rendered":"A tarn\u00f3wi \u00e9ttermek aj\u00e1nlata"},"content":{"rendered":"<p>Az Olaszhoz (U W\u0142ocha) c\u00edmzett \u00e9tterem t\u00f6bbek k\u00f6z\u00f6tt k\u00e9t k\u00fcl\u00f6nleges pizz\u00e1t k\u00edn\u00e1l majd: az egyik sz\u00edv alak\u00fa, magyar nemzeti sz\u00edn\u0171, a m\u00e1sikon a lengyel z\u00e1szl\u00f3 sz\u00edneit l\u00e1thatjuk viszont.<\/p>\n<p> A T\u00e1tra \u00c9tterem (Restauracja \u201eTatrza\u0144ska\u201d) magyaros \u00e9teleket, t\u00f6bbek k\u00f6z\u00f6tt bogr\u00e1csguly\u00e1st \u00e9s magyar sal\u00e1tafant\u00e1zi\u00e1t szolg\u00e1l fel. <\/p>\n<p>A Rosso \u00c9tterem k\u00fcl\u00f6n magyar \u00e9tlappal b\u0151v\u00edti k\u00edn\u00e1lat\u00e1t, amelyben M\u00e1ty\u00e1s L\u00e1szl\u00f3 szak\u00e1cs receptjei alapj\u00e1n k\u00e9sz\u00fclt \u00e9teleket tal\u00e1lhatunk majd.<\/p>\n<p>A nemr\u00e9g ny\u00edlt Cafe Tramwaj m\u00e1rcius 23.-\u00e1n magyar nemzeti sz\u00edn\u0171 muffinokat k\u00edn\u00e1l magyar zene mellett, termeiben tematikus dekor\u00e1ci\u00f3kat l\u00e1thatunk.<\/p>\n<p>A k\u00f6vetkez\u0151 tarn\u00f3wi \u00e9tterem, amely bekapcsol\u00f3dott a Magyar-Lengyel Bar\u00e1ts\u00e1g Napja meg\u00fcnnepl\u00e9s\u00e9be, a Hotel Tarnovia \u00e9tterme. A k\u00fcl\u00f6nleges alkalmi \u00e9tlapon a magyar konyha olyen remekei k\u00f6sz\u00f6nnek vissza, mint a hal\u00e1szl\u00e9, a fogass\u00fclt vagy a bogr\u00e1csguly\u00e1s.<\/p>\n<p>Az egyes \u00e9ttermek r\u00e9szletes aj\u00e1nlata az al\u00e1bbi t\u00e1bl\u00e1zatban tal\u00e1lhat\u00f3, \u00e9s sz\u00f3r\u00f3lapokon is el\u00e9rhet\u0151 lesz:<\/p>  <div class=\"class-file\">\n<a href=\"http:\/\/www.it.tarnow.pl\/wp-content\/uploads\/2019\/02\/A-tarnowi---ttermek-aj--nlata.pdf\">A tarn\u00f3wi \u00e9ttermek aj\u00e1nlata<\/a>\n<\/div>","protected":false},"excerpt":{"rendered":"Az Olaszhoz (U W\u0142ocha) c\u00edmzett \u00e9tterem t\u00f6bbek k\u00f6z\u00f6tt k\u00e9t k\u00fcl\u00f6nleges pizz\u00e1t k\u00edn\u00e1l majd: az egyik sz\u00edv alak\u00fa, magyar nemzeti sz\u00edn\u0171, a m\u00e1sikon a lengyel z\u00e1szl\u00f3 sz\u00edneit l\u00e1thatjuk viszont. A T\u00e1tra [&hellip;]","protected":false},"author":1,"featured_media":0,"parent":10064,"menu_order":576,"comment_status":"closed","ping_status":"closed","template":"","meta":{"_acf_changed":false,"footnotes":""},"tags":[],"class_list":["post-10066","page","type-page","status-publish","hentry"],"acf":{"in_menu":null,"show_date":null,"intro_text":"<p>Sz\u00edves figyelm\u00fckbe aj\u00e1nljuk a tarn\u00f3wi \u00e9ttermek k\u00fcl\u00f6nleges aj\u00e1nlat\u00e1t a Magyar-Lengyel Bar\u00e1ts\u00e1g Napj\u00e1ra.<\/p>","map":null},"yoast_head":"<!-- This site is optimized with the Yoast SEO Premium plugin v25.4 (Yoast SEO v25.4) - https:\/\/yoast.com\/wordpress\/plugins\/seo\/ -->\n<title>A tarn\u00f3wi \u00e9ttermek aj\u00e1nlata - Tarnowskie Centrum Informacji<\/title>\n<meta name=\"robots\" content=\"index, follow, max-snippet:-1, max-image-preview:large, max-video-preview:-1\" \/>\n<link rel=\"canonical\" href=\"https:\/\/www.it.tarnow.pl\/hu\/attrakciok\/tarnow-13\/a-tarnowi-ettermek-ajanlata\/\" \/>\n<meta property=\"og:locale\" content=\"hu_HU\" \/>\n<meta property=\"og:type\" content=\"article\" \/>\n<meta property=\"og:title\" content=\"A tarn\u00f3wi \u00e9ttermek aj\u00e1nlata\" \/>\n<meta property=\"og:description\" content=\"Az Olaszhoz (U W\u0142ocha) c\u00edmzett \u00e9tterem t\u00f6bbek k\u00f6z\u00f6tt k\u00e9t k\u00fcl\u00f6nleges pizz\u00e1t k\u00edn\u00e1l majd: az egyik sz\u00edv alak\u00fa, magyar nemzeti sz\u00edn\u0171, a m\u00e1sikon a lengyel z\u00e1szl\u00f3 sz\u00edneit l\u00e1thatjuk viszont. A T\u00e1tra [&hellip;]\" \/>\n<meta property=\"og:url\" content=\"https:\/\/www.it.tarnow.pl\/hu\/attrakciok\/tarnow-13\/a-tarnowi-ettermek-ajanlata\/\" \/>\n<meta property=\"og:site_name\" content=\"Tarnowskie Centrum Informacji\" \/>\n<meta property=\"article:modified_time\" content=\"2019-04-03T13:20:16+00:00\" \/>\n<meta name=\"twitter:card\" content=\"summary_large_image\" \/>\n<meta name=\"twitter:label1\" content=\"Becs\u00fclt olvas\u00e1si id\u0151\" \/>\n\t<meta name=\"twitter:data1\" content=\"1 perc\" \/>\n<script type=\"application\/ld+json\" class=\"yoast-schema-graph\">{\"@context\":\"https:\/\/schema.org\",\"@graph\":[{\"@type\":\"WebPage\",\"@id\":\"https:\/\/www.it.tarnow.pl\/hu\/attrakciok\/tarnow-13\/a-tarnowi-ettermek-ajanlata\/\",\"url\":\"https:\/\/www.it.tarnow.pl\/hu\/attrakciok\/tarnow-13\/a-tarnowi-ettermek-ajanlata\/\",\"name\":\"A tarn\u00f3wi \u00e9ttermek aj\u00e1nlata - Tarnowskie Centrum Informacji\",\"isPartOf\":{\"@id\":\"https:\/\/www.it.tarnow.pl\/#website\"},\"datePublished\":\"2013-03-20T14:03:22+00:00\",\"dateModified\":\"2019-04-03T13:20:16+00:00\",\"breadcrumb\":{\"@id\":\"https:\/\/www.it.tarnow.pl\/hu\/attrakciok\/tarnow-13\/a-tarnowi-ettermek-ajanlata\/#breadcrumb\"},\"inLanguage\":\"hu\",\"potentialAction\":[{\"@type\":\"ReadAction\",\"target\":[\"https:\/\/www.it.tarnow.pl\/hu\/attrakciok\/tarnow-13\/a-tarnowi-ettermek-ajanlata\/\"]}]},{\"@type\":\"BreadcrumbList\",\"@id\":\"https:\/\/www.it.tarnow.pl\/hu\/attrakciok\/tarnow-13\/a-tarnowi-ettermek-ajanlata\/#breadcrumb\",\"itemListElement\":[{\"@type\":\"ListItem\",\"position\":1,\"name\":\"Kezd\u0151lap\",\"item\":\"https:\/\/www.it.tarnow.pl\/hu\/\"},{\"@type\":\"ListItem\",\"position\":2,\"name\":\"Attrakci\u00f3k\",\"item\":\"https:\/\/www.it.tarnow.pl\/hu\/attrakciok\/\"},{\"@type\":\"ListItem\",\"position\":3,\"name\":\"Tarn\u00f3w\",\"item\":\"https:\/\/www.it.tarnow.pl\/hu\/attrakciok\/tarnow-13\/\"},{\"@type\":\"ListItem\",\"position\":4,\"name\":\"A tarn\u00f3wi \u00e9ttermek aj\u00e1nlata\"}]},{\"@type\":\"WebSite\",\"@id\":\"https:\/\/www.it.tarnow.pl\/#website\",\"url\":\"https:\/\/www.it.tarnow.pl\/\",\"name\":\"Tarnowskie Centrum Informacji\",\"description\":\"Informacja turystyczna o Tarnowie i regionie tarnowskim.\",\"potentialAction\":[{\"@type\":\"SearchAction\",\"target\":{\"@type\":\"EntryPoint\",\"urlTemplate\":\"https:\/\/www.it.tarnow.pl\/?s={search_term_string}\"},\"query-input\":{\"@type\":\"PropertyValueSpecification\",\"valueRequired\":true,\"valueName\":\"search_term_string\"}}],\"inLanguage\":\"hu\"}]}<\/script>\n<!-- \/ Yoast SEO Premium plugin. -->","yoast_head_json":{"title":"A tarn\u00f3wi \u00e9ttermek aj\u00e1nlata - Tarnowskie Centrum Informacji","robots":{"index":"index","follow":"follow","max-snippet":"max-snippet:-1","max-image-preview":"max-image-preview:large","max-video-preview":"max-video-preview:-1"},"canonical":"https:\/\/www.it.tarnow.pl\/hu\/attrakciok\/tarnow-13\/a-tarnowi-ettermek-ajanlata\/","og_locale":"hu_HU","og_type":"article","og_title":"A tarn\u00f3wi \u00e9ttermek aj\u00e1nlata","og_description":"Az Olaszhoz (U W\u0142ocha) c\u00edmzett \u00e9tterem t\u00f6bbek k\u00f6z\u00f6tt k\u00e9t k\u00fcl\u00f6nleges pizz\u00e1t k\u00edn\u00e1l majd: az egyik sz\u00edv alak\u00fa, magyar nemzeti sz\u00edn\u0171, a m\u00e1sikon a lengyel z\u00e1szl\u00f3 sz\u00edneit l\u00e1thatjuk viszont. A T\u00e1tra [&hellip;]","og_url":"https:\/\/www.it.tarnow.pl\/hu\/attrakciok\/tarnow-13\/a-tarnowi-ettermek-ajanlata\/","og_site_name":"Tarnowskie Centrum Informacji","article_modified_time":"2019-04-03T13:20:16+00:00","twitter_card":"summary_large_image","twitter_misc":{"Becs\u00fclt olvas\u00e1si id\u0151":"1 perc"},"schema":{"@context":"https:\/\/schema.org","@graph":[{"@type":"WebPage","@id":"https:\/\/www.it.tarnow.pl\/hu\/attrakciok\/tarnow-13\/a-tarnowi-ettermek-ajanlata\/","url":"https:\/\/www.it.tarnow.pl\/hu\/attrakciok\/tarnow-13\/a-tarnowi-ettermek-ajanlata\/","name":"A tarn\u00f3wi \u00e9ttermek aj\u00e1nlata - Tarnowskie Centrum Informacji","isPartOf":{"@id":"https:\/\/www.it.tarnow.pl\/#website"},"datePublished":"2013-03-20T14:03:22+00:00","dateModified":"2019-04-03T13:20:16+00:00","breadcrumb":{"@id":"https:\/\/www.it.tarnow.pl\/hu\/attrakciok\/tarnow-13\/a-tarnowi-ettermek-ajanlata\/#breadcrumb"},"inLanguage":"hu","potentialAction":[{"@type":"ReadAction","target":["https:\/\/www.it.tarnow.pl\/hu\/attrakciok\/tarnow-13\/a-tarnowi-ettermek-ajanlata\/"]}]},{"@type":"BreadcrumbList","@id":"https:\/\/www.it.tarnow.pl\/hu\/attrakciok\/tarnow-13\/a-tarnowi-ettermek-ajanlata\/#breadcrumb","itemListElement":[{"@type":"ListItem","position":1,"name":"Kezd\u0151lap","item":"https:\/\/www.it.tarnow.pl\/hu\/"},{"@type":"ListItem","position":2,"name":"Attrakci\u00f3k","item":"https:\/\/www.it.tarnow.pl\/hu\/attrakciok\/"},{"@type":"ListItem","position":3,"name":"Tarn\u00f3w","item":"https:\/\/www.it.tarnow.pl\/hu\/attrakciok\/tarnow-13\/"},{"@type":"ListItem","position":4,"name":"A tarn\u00f3wi \u00e9ttermek aj\u00e1nlata"}]},{"@type":"WebSite","@id":"https:\/\/www.it.tarnow.pl\/#website","url":"https:\/\/www.it.tarnow.pl\/","name":"Tarnowskie Centrum Informacji","description":"Informacja turystyczna o Tarnowie i regionie tarnowskim.","potentialAction":[{"@type":"SearchAction","target":{"@type":"EntryPoint","urlTemplate":"https:\/\/www.it.tarnow.pl\/?s={search_term_string}"},"query-input":{"@type":"PropertyValueSpecification","valueRequired":true,"valueName":"search_term_string"}}],"inLanguage":"hu"}]}},"_links":{"self":[{"href":"https:\/\/www.it.tarnow.pl\/hu\/wp-json\/wp\/v2\/pages\/10066","targetHints":{"allow":["GET"]}}],"collection":[{"href":"https:\/\/www.it.tarnow.pl\/hu\/wp-json\/wp\/v2\/pages"}],"about":[{"href":"https:\/\/www.it.tarnow.pl\/hu\/wp-json\/wp\/v2\/types\/page"}],"author":[{"embeddable":true,"href":"https:\/\/www.it.tarnow.pl\/hu\/wp-json\/wp\/v2\/users\/1"}],"replies":[{"embeddable":true,"href":"https:\/\/www.it.tarnow.pl\/hu\/wp-json\/wp\/v2\/comments?post=10066"}],"version-history":[{"count":0,"href":"https:\/\/www.it.tarnow.pl\/hu\/wp-json\/wp\/v2\/pages\/10066\/revisions"}],"up":[{"embeddable":true,"href":"https:\/\/www.it.tarnow.pl\/hu\/wp-json\/wp\/v2\/pages\/10064"}],"wp:attachment":[{"href":"https:\/\/www.it.tarnow.pl\/hu\/wp-json\/wp\/v2\/media?parent=10066"}],"wp:term":[{"taxonomy":"post_tag","embeddable":true,"href":"https:\/\/www.it.tarnow.pl\/hu\/wp-json\/wp\/v2\/tags?post=10066"}],"curies":[{"name":"wp","href":"https:\/\/api.w.org\/{rel}","templated":true}]}}