{"id":10063,"date":"2011-04-08T16:27:12","date_gmt":"2011-04-08T14:27:12","guid":{"rendered":"http:\/\/www.it.tarnow.pl\/tudja-e-hogy\/"},"modified":"2019-10-08T13:57:10","modified_gmt":"2019-10-08T11:57:10","slug":"tudja-e-hogy","status":"publish","type":"page","link":"https:\/\/www.it.tarnow.pl\/hu\/attrakciok\/tudja-e-hogy\/","title":{"rendered":"Tudja-e, hogy"},"content":{"rendered":"<p><b>Tarn\u00f3w Lengyelorsz\u00e1g &#8222;meleg p\u00f3lusa&#8221;?<\/b><br \/>\r\nAz \u00e9vi k\u00f6z\u00e9ph\u0151m\u00e9rs\u00e9klet sok\u00e9ves \u00e1tlaga 8,8\u00b0C, ami egyben a legmagasabb \u00e9rt\u00e9k Lengyelorsz\u00e1gban.<\/p>\r\n<p><b><img loading=\"lazy\" decoding=\"async\" class=\"aligncenter wp-image-142779 size-medium\" src=\"http:\/\/www.it.tarnow.pl\/wp-content\/uploads\/2019\/03\/TARNOW-Kamienice-przy-Rynku-10-400x300.jpg\" alt=\"\" width=\"400\" height=\"300\" srcset=\"https:\/\/www.it.tarnow.pl\/wp-content\/uploads\/2019\/03\/TARNOW-Kamienice-przy-Rynku-10-400x300.jpg 400w, https:\/\/www.it.tarnow.pl\/wp-content\/uploads\/2019\/03\/TARNOW-Kamienice-przy-Rynku-10-768x576.jpg 768w, https:\/\/www.it.tarnow.pl\/wp-content\/uploads\/2019\/03\/TARNOW-Kamienice-przy-Rynku-10-650x488.jpg 650w, https:\/\/www.it.tarnow.pl\/wp-content\/uploads\/2019\/03\/TARNOW-Kamienice-przy-Rynku-10.jpg 800w\" sizes=\"auto, (max-width: 400px) 100vw, 400px\" \/><\/b><\/p>\r\n<p><b>Tarn\u00f3w a kom\u00e9dia lengyel f\u0151v\u00e1rosa?<\/b><br \/>\r\nImm\u00e1r 10 esztendeje, hogy a Tarn\u00f3wi Ludwik Solski Sz\u00ednh\u00e1z minden \u00e9v okt\u00f3ber\u00e9ben megrendezi a Nemzetk\u00f6zi Kom\u00e9dia Fesztiv\u00e1lt, nemcsak a lengyel, hanem a k\u00fclf\u00f6ldi sz\u00ednh\u00e1zak sz\u00edn\u00e9szei is k\u00f6nnycsordultig mulattatj\u00e1k a nagy\u00e9rdem\u0171t.<\/p>\r\n<p>&nbsp;<\/p>\r\n<p><b>Tarn\u00f3wban kezd\u0151dik a K\u00e1rp\u00e1tok?<\/b><br \/>\r\nA v\u00e1ros k\u00f6zigazgat\u00e1si hat\u00e1r\u00e1n bel\u00fcl tal\u00e1lhat\u00f3 a Szt. M\u00e1rton-hegy, az eg\u00e9szen Rom\u00e1ni\u00e1ig h\u00faz\u00f3d\u00f3 K\u00e1rp\u00e1tok hegyvonulat\u00e1nak leg\u00e9szakibb r\u00e9sze.<\/p>\r\n<p><img loading=\"lazy\" decoding=\"async\" class=\"aligncenter size-medium wp-image-105216\" src=\"http:\/\/www.it.tarnow.pl\/wp-content\/uploads\/2019\/02\/TARNOW-Ruiny-zamku-Tarnowskich-400x300.jpg\" alt=\"\" width=\"400\" height=\"300\" srcset=\"https:\/\/www.it.tarnow.pl\/wp-content\/uploads\/2019\/02\/TARNOW-Ruiny-zamku-Tarnowskich-400x300.jpg 400w, https:\/\/www.it.tarnow.pl\/wp-content\/uploads\/2019\/02\/TARNOW-Ruiny-zamku-Tarnowskich-650x488.jpg 650w, https:\/\/www.it.tarnow.pl\/wp-content\/uploads\/2019\/02\/TARNOW-Ruiny-zamku-Tarnowskich-768x576.jpg 768w, https:\/\/www.it.tarnow.pl\/wp-content\/uploads\/2019\/02\/TARNOW-Ruiny-zamku-Tarnowskich-300x225.jpg 300w, https:\/\/www.it.tarnow.pl\/wp-content\/uploads\/2019\/02\/TARNOW-Ruiny-zamku-Tarnowskich.jpg 1024w\" sizes=\"auto, (max-width: 400px) 100vw, 400px\" \/><\/p>\r\n<p><b>Tarn\u00f3wban tal\u00e1lhat\u00f3ak Eur\u00f3pa legmagasabb s\u00edreml\u00e9kei?<\/b><br \/>\r\nA Tarnowski nemzets\u00e9g g\u00f3tikus-renesz\u00e1nsz, valamint az Ostrogski nemzets\u00e9g barokk, t\u00edzegyn\u00e9h\u00e1ny m\u00e9ter magas, monument\u00e1lis s\u00edreml\u00e9keit a tarn\u00f3wi bazilik\u00e1ban lehet megcsod\u00e1lni.<\/p>\r\n<p><b><img loading=\"lazy\" decoding=\"async\" class=\"size-medium wp-image-142411 aligncenter\" src=\"http:\/\/www.it.tarnow.pl\/wp-content\/uploads\/2019\/03\/TARNOW-Bazylika-katedralna-04-300x400.jpg\" alt=\"\" width=\"300\" height=\"400\" srcset=\"https:\/\/www.it.tarnow.pl\/wp-content\/uploads\/2019\/03\/TARNOW-Bazylika-katedralna-04-300x400.jpg 300w, https:\/\/www.it.tarnow.pl\/wp-content\/uploads\/2019\/03\/TARNOW-Bazylika-katedralna-04-488x650.jpg 488w, https:\/\/www.it.tarnow.pl\/wp-content\/uploads\/2019\/03\/TARNOW-Bazylika-katedralna-04.jpg 600w\" sizes=\"auto, (max-width: 300px) 100vw, 300px\" \/><\/b><\/p>\r\n<p><b>Tarn\u00f3wnak van D\u00e9l-Lengyelorsz\u00e1gban a legt\u00f6bb m\u0171eml\u00e9ke?<\/b><br \/>\r\nKrakk\u00f3 ut\u00e1n Tarn\u00f3w v\u00e1ros a legnagyobb m\u0171eml\u00e9k-egy\u00fcttes D\u00e9l-Lengyelorsz\u00e1gban. T\u00f6bb tucat m\u0171eml\u00e9k\u00e9p\u00fclet tal\u00e1lhat\u00f3 itt a g\u00f3tika, a renesz\u00e1nsz \u00e9s a barokk idej\u00e9b\u0151l. A tarn\u00f3wi \u00d3v\u00e1ros mai alaprajza a v\u00e1rosalap\u00edt\u00e1s idej\u00e9b\u0151l, az 1330-as \u00e9vekb\u0151l sz\u00e1rmazik. A k\u00f6zpontban tal\u00e1lhat\u00f3 a piact\u00e9r, melynek sarkaib\u00f3l k\u00e9t-k\u00e9t utca ny\u00edlik.<\/p>\r\n<p><img loading=\"lazy\" decoding=\"async\" class=\"aligncenter size-medium wp-image-143251\" src=\"http:\/\/www.it.tarnow.pl\/wp-content\/uploads\/2019\/03\/TARNOW-Stare-miasto-01-400x300.jpg\" alt=\"\" width=\"400\" height=\"300\" srcset=\"https:\/\/www.it.tarnow.pl\/wp-content\/uploads\/2019\/03\/TARNOW-Stare-miasto-01-400x300.jpg 400w, https:\/\/www.it.tarnow.pl\/wp-content\/uploads\/2019\/03\/TARNOW-Stare-miasto-01-768x576.jpg 768w, https:\/\/www.it.tarnow.pl\/wp-content\/uploads\/2019\/03\/TARNOW-Stare-miasto-01-650x488.jpg 650w, https:\/\/www.it.tarnow.pl\/wp-content\/uploads\/2019\/03\/TARNOW-Stare-miasto-01.jpg 800w\" sizes=\"auto, (max-width: 400px) 100vw, 400px\" \/><\/p>\r\n<p><b>Tarn\u00f3w multikultur\u00e1lis v\u00e1ros?<\/b><br \/>\r\nA v\u00e1rost \u00e9vsz\u00e1zadokon kereszt\u00fcl lengyelek, zsid\u00f3k, n\u00e9metek, ukr\u00e1nok, sk\u00f3tok, cig\u00e1nyok \u00e9s osztr\u00e1kok lakt\u00e1k. Minden egyes n\u00e9pcsoport kult\u00far\u00e1ja belev\u00e9s\u0151d\u00f6tt a v\u00e1ros t\u00f6rt\u00e9net\u00e9be.<\/p>\r\n<p>&nbsp;<\/p>\r\n<p><b>Tarn\u00f3w a sz\u00e1mok b\u0171v\u00f6let\u00e9ben \u00e9l?<\/b><br \/>\r\nA 72-es sz\u00e1mnak k\u00fcl\u00f6nleges jelent\u0151s\u00e9ge van: a Piact\u00e9r ter\u00fclete 72 \u00e1r, Tarn\u00f3w mostani ter\u00fclete 72 km2, a tarn\u00f3wi bazilika tornya pedig 72 m\u00e9ter magas.<\/p>","protected":false},"excerpt":{"rendered":"Tarn\u00f3w Lengyelorsz\u00e1g &#8222;meleg p\u00f3lusa&#8221;? Az \u00e9vi k\u00f6z\u00e9ph\u0151m\u00e9rs\u00e9klet sok\u00e9ves \u00e1tlaga 8,8\u00b0C, ami egyben a legmagasabb \u00e9rt\u00e9k Lengyelorsz\u00e1gban. Tarn\u00f3w a kom\u00e9dia lengyel f\u0151v\u00e1rosa? Imm\u00e1r 10 esztendeje, hogy a Tarn\u00f3wi Ludwik Solski Sz\u00ednh\u00e1z [&hellip;]","protected":false},"author":1,"featured_media":0,"parent":10061,"menu_order":118,"comment_status":"closed","ping_status":"closed","template":"","meta":{"_acf_changed":false,"footnotes":""},"tags":[],"class_list":["post-10063","page","type-page","status-publish","hentry"],"acf":{"old_object_id":"7337","old_parent_id":"7154","old_url":"Attrakciok\/Tudja-e-hogy","intro_text":"","show_children":"1","class":"folder","type":"single","in_menu":true,"show_date":false,"map":"","old_id":"","top_column":"","left_column":"","right_column":"","bottom_column":"","skip_import":false,"_menu_related_id":"102305"},"yoast_head":"<!-- This site is optimized with the Yoast SEO Premium plugin v25.4 (Yoast SEO v25.4) - https:\/\/yoast.com\/wordpress\/plugins\/seo\/ -->\n<title>Tudja-e, hogy - Tarnowskie Centrum Informacji<\/title>\n<meta name=\"robots\" content=\"index, follow, max-snippet:-1, max-image-preview:large, max-video-preview:-1\" \/>\n<link rel=\"canonical\" href=\"https:\/\/www.it.tarnow.pl\/hu\/attrakciok\/tudja-e-hogy\/\" \/>\n<meta property=\"og:locale\" content=\"hu_HU\" \/>\n<meta property=\"og:type\" content=\"article\" \/>\n<meta property=\"og:title\" content=\"Tudja-e, hogy\" \/>\n<meta property=\"og:description\" content=\"Tarn\u00f3w Lengyelorsz\u00e1g &#8222;meleg p\u00f3lusa&#8221;? Az \u00e9vi k\u00f6z\u00e9ph\u0151m\u00e9rs\u00e9klet sok\u00e9ves \u00e1tlaga 8,8\u00b0C, ami egyben a legmagasabb \u00e9rt\u00e9k Lengyelorsz\u00e1gban. Tarn\u00f3w a kom\u00e9dia lengyel f\u0151v\u00e1rosa? Imm\u00e1r 10 esztendeje, hogy a Tarn\u00f3wi Ludwik Solski Sz\u00ednh\u00e1z [&hellip;]\" \/>\n<meta property=\"og:url\" content=\"https:\/\/www.it.tarnow.pl\/hu\/attrakciok\/tudja-e-hogy\/\" \/>\n<meta property=\"og:site_name\" content=\"Tarnowskie Centrum Informacji\" \/>\n<meta property=\"article:modified_time\" content=\"2019-10-08T11:57:10+00:00\" \/>\n<meta property=\"og:image\" content=\"http:\/\/www.it.tarnow.pl\/wp-content\/uploads\/2019\/03\/TARNOW-Kamienice-przy-Rynku-10-400x300.jpg\" \/>\n<meta name=\"twitter:card\" content=\"summary_large_image\" \/>\n<meta name=\"twitter:label1\" content=\"Becs\u00fclt olvas\u00e1si id\u0151\" \/>\n\t<meta name=\"twitter:data1\" content=\"2 perc\" \/>\n<script type=\"application\/ld+json\" class=\"yoast-schema-graph\">{\"@context\":\"https:\/\/schema.org\",\"@graph\":[{\"@type\":\"WebPage\",\"@id\":\"https:\/\/www.it.tarnow.pl\/hu\/attrakciok\/tudja-e-hogy\/\",\"url\":\"https:\/\/www.it.tarnow.pl\/hu\/attrakciok\/tudja-e-hogy\/\",\"name\":\"Tudja-e, hogy - Tarnowskie Centrum Informacji\",\"isPartOf\":{\"@id\":\"https:\/\/www.it.tarnow.pl\/#website\"},\"primaryImageOfPage\":{\"@id\":\"https:\/\/www.it.tarnow.pl\/hu\/attrakciok\/tudja-e-hogy\/#primaryimage\"},\"image\":{\"@id\":\"https:\/\/www.it.tarnow.pl\/hu\/attrakciok\/tudja-e-hogy\/#primaryimage\"},\"thumbnailUrl\":\"http:\/\/www.it.tarnow.pl\/wp-content\/uploads\/2019\/03\/TARNOW-Kamienice-przy-Rynku-10-400x300.jpg\",\"datePublished\":\"2011-04-08T14:27:12+00:00\",\"dateModified\":\"2019-10-08T11:57:10+00:00\",\"breadcrumb\":{\"@id\":\"https:\/\/www.it.tarnow.pl\/hu\/attrakciok\/tudja-e-hogy\/#breadcrumb\"},\"inLanguage\":\"hu\",\"potentialAction\":[{\"@type\":\"ReadAction\",\"target\":[\"https:\/\/www.it.tarnow.pl\/hu\/attrakciok\/tudja-e-hogy\/\"]}]},{\"@type\":\"ImageObject\",\"inLanguage\":\"hu\",\"@id\":\"https:\/\/www.it.tarnow.pl\/hu\/attrakciok\/tudja-e-hogy\/#primaryimage\",\"url\":\"http:\/\/www.it.tarnow.pl\/wp-content\/uploads\/2019\/03\/TARNOW-Kamienice-przy-Rynku-10-400x300.jpg\",\"contentUrl\":\"http:\/\/www.it.tarnow.pl\/wp-content\/uploads\/2019\/03\/TARNOW-Kamienice-przy-Rynku-10-400x300.jpg\"},{\"@type\":\"BreadcrumbList\",\"@id\":\"https:\/\/www.it.tarnow.pl\/hu\/attrakciok\/tudja-e-hogy\/#breadcrumb\",\"itemListElement\":[{\"@type\":\"ListItem\",\"position\":1,\"name\":\"Kezd\u0151lap\",\"item\":\"https:\/\/www.it.tarnow.pl\/hu\/\"},{\"@type\":\"ListItem\",\"position\":2,\"name\":\"Attrakci\u00f3k\",\"item\":\"https:\/\/www.it.tarnow.pl\/hu\/attrakciok\/\"},{\"@type\":\"ListItem\",\"position\":3,\"name\":\"Tudja-e, hogy\"}]},{\"@type\":\"WebSite\",\"@id\":\"https:\/\/www.it.tarnow.pl\/#website\",\"url\":\"https:\/\/www.it.tarnow.pl\/\",\"name\":\"Tarnowskie Centrum Informacji\",\"description\":\"Informacja turystyczna o Tarnowie i regionie tarnowskim.\",\"potentialAction\":[{\"@type\":\"SearchAction\",\"target\":{\"@type\":\"EntryPoint\",\"urlTemplate\":\"https:\/\/www.it.tarnow.pl\/?s={search_term_string}\"},\"query-input\":{\"@type\":\"PropertyValueSpecification\",\"valueRequired\":true,\"valueName\":\"search_term_string\"}}],\"inLanguage\":\"hu\"}]}<\/script>\n<!-- \/ Yoast SEO Premium plugin. -->","yoast_head_json":{"title":"Tudja-e, hogy - Tarnowskie Centrum Informacji","robots":{"index":"index","follow":"follow","max-snippet":"max-snippet:-1","max-image-preview":"max-image-preview:large","max-video-preview":"max-video-preview:-1"},"canonical":"https:\/\/www.it.tarnow.pl\/hu\/attrakciok\/tudja-e-hogy\/","og_locale":"hu_HU","og_type":"article","og_title":"Tudja-e, hogy","og_description":"Tarn\u00f3w Lengyelorsz\u00e1g &#8222;meleg p\u00f3lusa&#8221;? Az \u00e9vi k\u00f6z\u00e9ph\u0151m\u00e9rs\u00e9klet sok\u00e9ves \u00e1tlaga 8,8\u00b0C, ami egyben a legmagasabb \u00e9rt\u00e9k Lengyelorsz\u00e1gban. Tarn\u00f3w a kom\u00e9dia lengyel f\u0151v\u00e1rosa? Imm\u00e1r 10 esztendeje, hogy a Tarn\u00f3wi Ludwik Solski Sz\u00ednh\u00e1z [&hellip;]","og_url":"https:\/\/www.it.tarnow.pl\/hu\/attrakciok\/tudja-e-hogy\/","og_site_name":"Tarnowskie Centrum Informacji","article_modified_time":"2019-10-08T11:57:10+00:00","og_image":[{"url":"http:\/\/www.it.tarnow.pl\/wp-content\/uploads\/2019\/03\/TARNOW-Kamienice-przy-Rynku-10-400x300.jpg","type":"","width":"","height":""}],"twitter_card":"summary_large_image","twitter_misc":{"Becs\u00fclt olvas\u00e1si id\u0151":"2 perc"},"schema":{"@context":"https:\/\/schema.org","@graph":[{"@type":"WebPage","@id":"https:\/\/www.it.tarnow.pl\/hu\/attrakciok\/tudja-e-hogy\/","url":"https:\/\/www.it.tarnow.pl\/hu\/attrakciok\/tudja-e-hogy\/","name":"Tudja-e, hogy - Tarnowskie Centrum Informacji","isPartOf":{"@id":"https:\/\/www.it.tarnow.pl\/#website"},"primaryImageOfPage":{"@id":"https:\/\/www.it.tarnow.pl\/hu\/attrakciok\/tudja-e-hogy\/#primaryimage"},"image":{"@id":"https:\/\/www.it.tarnow.pl\/hu\/attrakciok\/tudja-e-hogy\/#primaryimage"},"thumbnailUrl":"http:\/\/www.it.tarnow.pl\/wp-content\/uploads\/2019\/03\/TARNOW-Kamienice-przy-Rynku-10-400x300.jpg","datePublished":"2011-04-08T14:27:12+00:00","dateModified":"2019-10-08T11:57:10+00:00","breadcrumb":{"@id":"https:\/\/www.it.tarnow.pl\/hu\/attrakciok\/tudja-e-hogy\/#breadcrumb"},"inLanguage":"hu","potentialAction":[{"@type":"ReadAction","target":["https:\/\/www.it.tarnow.pl\/hu\/attrakciok\/tudja-e-hogy\/"]}]},{"@type":"ImageObject","inLanguage":"hu","@id":"https:\/\/www.it.tarnow.pl\/hu\/attrakciok\/tudja-e-hogy\/#primaryimage","url":"http:\/\/www.it.tarnow.pl\/wp-content\/uploads\/2019\/03\/TARNOW-Kamienice-przy-Rynku-10-400x300.jpg","contentUrl":"http:\/\/www.it.tarnow.pl\/wp-content\/uploads\/2019\/03\/TARNOW-Kamienice-przy-Rynku-10-400x300.jpg"},{"@type":"BreadcrumbList","@id":"https:\/\/www.it.tarnow.pl\/hu\/attrakciok\/tudja-e-hogy\/#breadcrumb","itemListElement":[{"@type":"ListItem","position":1,"name":"Kezd\u0151lap","item":"https:\/\/www.it.tarnow.pl\/hu\/"},{"@type":"ListItem","position":2,"name":"Attrakci\u00f3k","item":"https:\/\/www.it.tarnow.pl\/hu\/attrakciok\/"},{"@type":"ListItem","position":3,"name":"Tudja-e, hogy"}]},{"@type":"WebSite","@id":"https:\/\/www.it.tarnow.pl\/#website","url":"https:\/\/www.it.tarnow.pl\/","name":"Tarnowskie Centrum Informacji","description":"Informacja turystyczna o Tarnowie i regionie tarnowskim.","potentialAction":[{"@type":"SearchAction","target":{"@type":"EntryPoint","urlTemplate":"https:\/\/www.it.tarnow.pl\/?s={search_term_string}"},"query-input":{"@type":"PropertyValueSpecification","valueRequired":true,"valueName":"search_term_string"}}],"inLanguage":"hu"}]}},"_links":{"self":[{"href":"https:\/\/www.it.tarnow.pl\/hu\/wp-json\/wp\/v2\/pages\/10063","targetHints":{"allow":["GET"]}}],"collection":[{"href":"https:\/\/www.it.tarnow.pl\/hu\/wp-json\/wp\/v2\/pages"}],"about":[{"href":"https:\/\/www.it.tarnow.pl\/hu\/wp-json\/wp\/v2\/types\/page"}],"author":[{"embeddable":true,"href":"https:\/\/www.it.tarnow.pl\/hu\/wp-json\/wp\/v2\/users\/1"}],"replies":[{"embeddable":true,"href":"https:\/\/www.it.tarnow.pl\/hu\/wp-json\/wp\/v2\/comments?post=10063"}],"version-history":[{"count":0,"href":"https:\/\/www.it.tarnow.pl\/hu\/wp-json\/wp\/v2\/pages\/10063\/revisions"}],"up":[{"embeddable":true,"href":"https:\/\/www.it.tarnow.pl\/hu\/wp-json\/wp\/v2\/pages\/10061"}],"wp:attachment":[{"href":"https:\/\/www.it.tarnow.pl\/hu\/wp-json\/wp\/v2\/media?parent=10063"}],"wp:term":[{"taxonomy":"post_tag","embeddable":true,"href":"https:\/\/www.it.tarnow.pl\/hu\/wp-json\/wp\/v2\/tags?post=10063"}],"curies":[{"name":"wp","href":"https:\/\/api.w.org\/{rel}","templated":true}]}}