{"id":9999,"date":"2010-08-26T14:19:03","date_gmt":"2010-08-26T12:19:03","guid":{"rendered":"http:\/\/www.it.tarnow.pl\/les-monuments-de-la-culture-juive\/"},"modified":"2021-11-18T13:53:02","modified_gmt":"2021-11-18T12:53:02","slug":"les-monuments-de-la-culture-juive","status":"publish","type":"page","link":"https:\/\/www.it.tarnow.pl\/fr\/attractions\/les-monuments-de-la-culture-juive\/","title":{"rendered":"Les monuments de la culture juive"},"content":{"rendered":"<p><img loading=\"lazy\" decoding=\"async\" class=\"wp-image-186586 size-medium alignright\" src=\"http:\/\/www.it.tarnow.pl\/wp-content\/uploads\/2020\/04\/Bima-Tarn\u00f3w-8-400x267.jpg\" alt=\"\" width=\"400\" height=\"267\" \/><\/p>\r\n<p>Pour bien conna\u00eetre la culture juive de notre r\u00e9gion il faut remonter dans le pass\u00e9. Les premiers colons juifs apparurent sur ces terres au Moyen \u00c2ge. Au cours des si\u00e8cles, profitant de la tol\u00e9rance religieuse en Pologne, la soci\u00e9t\u00e9 juive devint de plus en plus nombreuse. En 1939 les Juifs constituaient un pourcentage significatif des habitants de ces terres. Beaucoup faisaient partie de l\u2019\u00e9lite culturelle et intellectuelle (avocats, m\u00e9decins, enseignants, entrepreneurs). Mais consid\u00e9rablement plus nombreux \u00e9taient les pauvres qui habitaient des petites annexes dans les cours, des maisons en bois et des appentis.<\/p>\r\n<p>&nbsp;<\/p>\r\n<p><img loading=\"lazy\" decoding=\"async\" width=\"400\" height=\"300\" class=\"size-medium alignright wp-image-21356\" src=\"http:\/\/www.it.tarnow.pl\/wp-content\/uploads\/2019\/02\/TARNOW-Ul.-Zydowska-03-400x300.jpg\" alt=\"\" srcset=\"https:\/\/www.it.tarnow.pl\/wp-content\/uploads\/2019\/02\/TARNOW-Ul.-Zydowska-03-400x300.jpg 400w, https:\/\/www.it.tarnow.pl\/wp-content\/uploads\/2019\/02\/TARNOW-Ul.-Zydowska-03-768x576.jpg 768w, https:\/\/www.it.tarnow.pl\/wp-content\/uploads\/2019\/02\/TARNOW-Ul.-Zydowska-03-650x488.jpg 650w, https:\/\/www.it.tarnow.pl\/wp-content\/uploads\/2019\/02\/TARNOW-Ul.-Zydowska-03-300x225.jpg 300w, https:\/\/www.it.tarnow.pl\/wp-content\/uploads\/2019\/02\/TARNOW-Ul.-Zydowska-03.jpg 1024w\" sizes=\"auto, (max-width: 400px) 100vw, 400px\" \/><\/p>\r\n<p>Notre r\u00e9gion fut un centre essentiel de la vie religieuse avec plusieurs synagogues et quelques dizaines de maisons de pri\u00e8res appel\u00e9es \u201esztil\u201d ou \u201eklojz\u201d. Dans les villes de la r\u00e9gion il y avait aussi des \u00e9coles juives, des imprimeries, des associations culturelles et sociales; on y menait ainsi une vie sociable riche.<\/p>\r\n<p>&nbsp;<\/p>\r\n<p><img loading=\"lazy\" decoding=\"async\" width=\"400\" height=\"300\" class=\"size-medium alignright wp-image-21391\" src=\"http:\/\/www.it.tarnow.pl\/wp-content\/uploads\/2019\/02\/TARNOW-Cmentarz-zydowski-Pomnik-Pomordowanych-Zydow-400x300.jpg\" alt=\"\" srcset=\"https:\/\/www.it.tarnow.pl\/wp-content\/uploads\/2019\/02\/TARNOW-Cmentarz-zydowski-Pomnik-Pomordowanych-Zydow-400x300.jpg 400w, https:\/\/www.it.tarnow.pl\/wp-content\/uploads\/2019\/02\/TARNOW-Cmentarz-zydowski-Pomnik-Pomordowanych-Zydow-768x576.jpg 768w, https:\/\/www.it.tarnow.pl\/wp-content\/uploads\/2019\/02\/TARNOW-Cmentarz-zydowski-Pomnik-Pomordowanych-Zydow-650x488.jpg 650w, https:\/\/www.it.tarnow.pl\/wp-content\/uploads\/2019\/02\/TARNOW-Cmentarz-zydowski-Pomnik-Pomordowanych-Zydow-300x225.jpg 300w, https:\/\/www.it.tarnow.pl\/wp-content\/uploads\/2019\/02\/TARNOW-Cmentarz-zydowski-Pomnik-Pomordowanych-Zydow.jpg 1024w\" sizes=\"auto, (max-width: 400px) 100vw, 400px\" \/><\/p>\r\n<p>Aujourd\u2019hui dans de notre r\u00e9gion, il y a si peu de Juifs qu\u2019il est devenu impossible d\u2019organiser une r\u00e9union \u201eminjan\u201d c\u2019est \u00e0 dire une assembl\u00e9e compos\u00e9e de 10 hommes juifs adultes (au-dessus de 13 ans) qui est indisponsable pour c\u00e9l\u00e9brer les pri\u00e8res publiques dans une synagogue. Bien qu\u2019il n\u2019y ait plus de Juifs, il existe beaucoup de traces mat\u00e9rielles t\u00e9moignant incontestablement de leur pr\u00e9sence pendant des si\u00e8cles sur ces terres. Les plus nombreux monuments de la culture juive dans notre r\u00e9gion sont des cimeti\u00e8res.<\/p>\r\n<p>&nbsp;<\/p>\r\n<p><img loading=\"lazy\" decoding=\"async\" width=\"400\" height=\"300\" class=\"size-medium alignright wp-image-21376\" src=\"http:\/\/www.it.tarnow.pl\/wp-content\/uploads\/2019\/02\/TARNOW-Cmentarz-zydowski-03-400x300.jpg\" alt=\"\" srcset=\"https:\/\/www.it.tarnow.pl\/wp-content\/uploads\/2019\/02\/TARNOW-Cmentarz-zydowski-03-400x300.jpg 400w, https:\/\/www.it.tarnow.pl\/wp-content\/uploads\/2019\/02\/TARNOW-Cmentarz-zydowski-03-768x576.jpg 768w, https:\/\/www.it.tarnow.pl\/wp-content\/uploads\/2019\/02\/TARNOW-Cmentarz-zydowski-03-650x488.jpg 650w, https:\/\/www.it.tarnow.pl\/wp-content\/uploads\/2019\/02\/TARNOW-Cmentarz-zydowski-03-300x225.jpg 300w, https:\/\/www.it.tarnow.pl\/wp-content\/uploads\/2019\/02\/TARNOW-Cmentarz-zydowski-03.jpg 1024w\" sizes=\"auto, (max-width: 400px) 100vw, 400px\" \/><\/p>\r\n<p>Outre cela, on y trouve des synagogues, \u00e9coles, \u00e9tablissements de bains, archives et lieux li\u00e9s \u00e0 l\u2019Holocaust. Parmi les plus interessantes collections on notera celles du Mus\u00e9e R\u00e9gional \u00e0 Tarn\u00f3w et du Mus\u00e9e \u00e0 Dabrowa Tarnowska et Bochnia.<\/p>\r\n<p>&nbsp;<\/p>\r\n<p>A noter aussi la Synagogue de Dabrowa Tarnowska qui est la derni\u00e8re maison de pri\u00e8res priv\u00e9e dans la r\u00e9gion conserv\u00e9e comme mus\u00e9e apr\u00e8s la mort de son dernier utilisateur.<\/p>","protected":false},"excerpt":{"rendered":"Pour bien conna\u00eetre la culture juive de notre r\u00e9gion il faut remonter dans le pass\u00e9. Les premiers colons juifs apparurent sur ces terres au Moyen \u00c2ge. Au cours des si\u00e8cles, [&hellip;]","protected":false},"author":1,"featured_media":0,"parent":9990,"menu_order":324,"comment_status":"closed","ping_status":"closed","template":"","meta":{"_acf_changed":false,"footnotes":""},"tags":[],"class_list":["post-9999","page","type-page","status-publish","hentry"],"acf":{"old_object_id":"5769","old_parent_id":"5857","old_url":"Attractions\/Les-monuments-de-la-culture-juive","intro_text":"<p><img loading=\"lazy\" decoding=\"async\" width=\"400\" height=\"300\" class=\"size-medium alignleft wp-image-21391\" src=\"http:\/\/www.it.tarnow.pl\/wp-content\/uploads\/2019\/02\/TARNOW-Cmentarz-zydowski-Pomnik-Pomordowanych-Zydow-400x300.jpg\" alt=\"\" srcset=\"https:\/\/www.it.tarnow.pl\/wp-content\/uploads\/2019\/02\/TARNOW-Cmentarz-zydowski-Pomnik-Pomordowanych-Zydow-400x300.jpg 400w, https:\/\/www.it.tarnow.pl\/wp-content\/uploads\/2019\/02\/TARNOW-Cmentarz-zydowski-Pomnik-Pomordowanych-Zydow-768x576.jpg 768w, https:\/\/www.it.tarnow.pl\/wp-content\/uploads\/2019\/02\/TARNOW-Cmentarz-zydowski-Pomnik-Pomordowanych-Zydow-650x488.jpg 650w, https:\/\/www.it.tarnow.pl\/wp-content\/uploads\/2019\/02\/TARNOW-Cmentarz-zydowski-Pomnik-Pomordowanych-Zydow-300x225.jpg 300w, https:\/\/www.it.tarnow.pl\/wp-content\/uploads\/2019\/02\/TARNOW-Cmentarz-zydowski-Pomnik-Pomordowanych-Zydow.jpg 1024w\" sizes=\"auto, (max-width: 400px) 100vw, 400px\" \/><\/p>\n<p>Pour bien conna\u00eetre la culture juive de notre r\u00e9gion il faut remonter dans le pass\u00e9. Les premiers colons juifs apparurent sur ces terres au Moyen \u00c2ge. Au cours des si\u00e8cles, profitant de la tol\u00e9rance religieuse en Pologne, la soci\u00e9t\u00e9 juive devint de plus en plus nombreuse. En 1939 les Juifs constituaient un pourcentage significatif des habitants de ces terres. Beaucoup faisaient partie de l\u2019\u00e9lite culturelle et intellectuelle (avocats, m\u00e9decins, enseignants, entrepreneurs). Mais consid\u00e9rablement plus nombreux \u00e9taient les pauvres qui habitaient des petites annexes dans les cours, des maisons en bois et des appentis.<\/p>\n","show_children":"1","class":"folder","type":"single","in_menu":true,"show_date":false,"map":"","old_id":"","rooms_info":"","top_column":"","left_column":"","right_column":"","bottom_column":"","skip_import":false,"_menu_related_id":"102274"},"yoast_head":"<!-- This site is optimized with the Yoast SEO Premium plugin v25.4 (Yoast SEO v25.4) - https:\/\/yoast.com\/wordpress\/plugins\/seo\/ -->\n<title>Les monuments de la culture juive - Tarnowskie Centrum Informacji<\/title>\n<meta name=\"robots\" content=\"index, follow, max-snippet:-1, max-image-preview:large, max-video-preview:-1\" \/>\n<link rel=\"canonical\" href=\"https:\/\/www.it.tarnow.pl\/fr\/attractions\/les-monuments-de-la-culture-juive\/\" \/>\n<meta property=\"og:locale\" content=\"fr_FR\" \/>\n<meta property=\"og:type\" content=\"article\" \/>\n<meta property=\"og:title\" content=\"Les monuments de la culture juive\" \/>\n<meta property=\"og:description\" content=\"Pour bien conna\u00eetre la culture juive de notre r\u00e9gion il faut remonter dans le pass\u00e9. Les premiers colons juifs apparurent sur ces terres au Moyen \u00c2ge. Au cours des si\u00e8cles, [&hellip;]\" \/>\n<meta property=\"og:url\" content=\"https:\/\/www.it.tarnow.pl\/fr\/attractions\/les-monuments-de-la-culture-juive\/\" \/>\n<meta property=\"og:site_name\" content=\"Tarnowskie Centrum Informacji\" \/>\n<meta property=\"article:modified_time\" content=\"2021-11-18T12:53:02+00:00\" \/>\n<meta property=\"og:image\" content=\"http:\/\/www.it.tarnow.pl\/wp-content\/uploads\/2019\/02\/TARNOW-Ul.-Zydowska-03-400x300.jpg\" \/>\n<meta name=\"twitter:card\" content=\"summary_large_image\" \/>\n<meta name=\"twitter:label1\" content=\"Dur\u00e9e de lecture estim\u00e9e\" \/>\n\t<meta name=\"twitter:data1\" content=\"2 minutes\" \/>\n<script type=\"application\/ld+json\" class=\"yoast-schema-graph\">{\"@context\":\"https:\/\/schema.org\",\"@graph\":[{\"@type\":\"WebPage\",\"@id\":\"https:\/\/www.it.tarnow.pl\/fr\/attractions\/les-monuments-de-la-culture-juive\/\",\"url\":\"https:\/\/www.it.tarnow.pl\/fr\/attractions\/les-monuments-de-la-culture-juive\/\",\"name\":\"Les monuments de la culture juive - Tarnowskie Centrum Informacji\",\"isPartOf\":{\"@id\":\"https:\/\/www.it.tarnow.pl\/#website\"},\"primaryImageOfPage\":{\"@id\":\"https:\/\/www.it.tarnow.pl\/fr\/attractions\/les-monuments-de-la-culture-juive\/#primaryimage\"},\"image\":{\"@id\":\"https:\/\/www.it.tarnow.pl\/fr\/attractions\/les-monuments-de-la-culture-juive\/#primaryimage\"},\"thumbnailUrl\":\"http:\/\/www.it.tarnow.pl\/wp-content\/uploads\/2019\/02\/TARNOW-Ul.-Zydowska-03-400x300.jpg\",\"datePublished\":\"2010-08-26T12:19:03+00:00\",\"dateModified\":\"2021-11-18T12:53:02+00:00\",\"breadcrumb\":{\"@id\":\"https:\/\/www.it.tarnow.pl\/fr\/attractions\/les-monuments-de-la-culture-juive\/#breadcrumb\"},\"inLanguage\":\"fr-FR\",\"potentialAction\":[{\"@type\":\"ReadAction\",\"target\":[\"https:\/\/www.it.tarnow.pl\/fr\/attractions\/les-monuments-de-la-culture-juive\/\"]}]},{\"@type\":\"ImageObject\",\"inLanguage\":\"fr-FR\",\"@id\":\"https:\/\/www.it.tarnow.pl\/fr\/attractions\/les-monuments-de-la-culture-juive\/#primaryimage\",\"url\":\"http:\/\/www.it.tarnow.pl\/wp-content\/uploads\/2019\/02\/TARNOW-Ul.-Zydowska-03-400x300.jpg\",\"contentUrl\":\"http:\/\/www.it.tarnow.pl\/wp-content\/uploads\/2019\/02\/TARNOW-Ul.-Zydowska-03-400x300.jpg\"},{\"@type\":\"BreadcrumbList\",\"@id\":\"https:\/\/www.it.tarnow.pl\/fr\/attractions\/les-monuments-de-la-culture-juive\/#breadcrumb\",\"itemListElement\":[{\"@type\":\"ListItem\",\"position\":1,\"name\":\"Page d'accueil\",\"item\":\"https:\/\/www.it.tarnow.pl\/fr\/\"},{\"@type\":\"ListItem\",\"position\":2,\"name\":\"Attractions\",\"item\":\"https:\/\/www.it.tarnow.pl\/fr\/attractions\/\"},{\"@type\":\"ListItem\",\"position\":3,\"name\":\"Les monuments de la culture juive\"}]},{\"@type\":\"WebSite\",\"@id\":\"https:\/\/www.it.tarnow.pl\/#website\",\"url\":\"https:\/\/www.it.tarnow.pl\/\",\"name\":\"Tarnowskie Centrum Informacji\",\"description\":\"Informacja turystyczna o Tarnowie i regionie tarnowskim.\",\"potentialAction\":[{\"@type\":\"SearchAction\",\"target\":{\"@type\":\"EntryPoint\",\"urlTemplate\":\"https:\/\/www.it.tarnow.pl\/?s={search_term_string}\"},\"query-input\":{\"@type\":\"PropertyValueSpecification\",\"valueRequired\":true,\"valueName\":\"search_term_string\"}}],\"inLanguage\":\"fr-FR\"}]}<\/script>\n<!-- \/ Yoast SEO Premium plugin. -->","yoast_head_json":{"title":"Les monuments de la culture juive - Tarnowskie Centrum Informacji","robots":{"index":"index","follow":"follow","max-snippet":"max-snippet:-1","max-image-preview":"max-image-preview:large","max-video-preview":"max-video-preview:-1"},"canonical":"https:\/\/www.it.tarnow.pl\/fr\/attractions\/les-monuments-de-la-culture-juive\/","og_locale":"fr_FR","og_type":"article","og_title":"Les monuments de la culture juive","og_description":"Pour bien conna\u00eetre la culture juive de notre r\u00e9gion il faut remonter dans le pass\u00e9. Les premiers colons juifs apparurent sur ces terres au Moyen \u00c2ge. Au cours des si\u00e8cles, [&hellip;]","og_url":"https:\/\/www.it.tarnow.pl\/fr\/attractions\/les-monuments-de-la-culture-juive\/","og_site_name":"Tarnowskie Centrum Informacji","article_modified_time":"2021-11-18T12:53:02+00:00","og_image":[{"url":"http:\/\/www.it.tarnow.pl\/wp-content\/uploads\/2019\/02\/TARNOW-Ul.-Zydowska-03-400x300.jpg","type":"","width":"","height":""}],"twitter_card":"summary_large_image","twitter_misc":{"Dur\u00e9e de lecture estim\u00e9e":"2 minutes"},"schema":{"@context":"https:\/\/schema.org","@graph":[{"@type":"WebPage","@id":"https:\/\/www.it.tarnow.pl\/fr\/attractions\/les-monuments-de-la-culture-juive\/","url":"https:\/\/www.it.tarnow.pl\/fr\/attractions\/les-monuments-de-la-culture-juive\/","name":"Les monuments de la culture juive - Tarnowskie Centrum Informacji","isPartOf":{"@id":"https:\/\/www.it.tarnow.pl\/#website"},"primaryImageOfPage":{"@id":"https:\/\/www.it.tarnow.pl\/fr\/attractions\/les-monuments-de-la-culture-juive\/#primaryimage"},"image":{"@id":"https:\/\/www.it.tarnow.pl\/fr\/attractions\/les-monuments-de-la-culture-juive\/#primaryimage"},"thumbnailUrl":"http:\/\/www.it.tarnow.pl\/wp-content\/uploads\/2019\/02\/TARNOW-Ul.-Zydowska-03-400x300.jpg","datePublished":"2010-08-26T12:19:03+00:00","dateModified":"2021-11-18T12:53:02+00:00","breadcrumb":{"@id":"https:\/\/www.it.tarnow.pl\/fr\/attractions\/les-monuments-de-la-culture-juive\/#breadcrumb"},"inLanguage":"fr-FR","potentialAction":[{"@type":"ReadAction","target":["https:\/\/www.it.tarnow.pl\/fr\/attractions\/les-monuments-de-la-culture-juive\/"]}]},{"@type":"ImageObject","inLanguage":"fr-FR","@id":"https:\/\/www.it.tarnow.pl\/fr\/attractions\/les-monuments-de-la-culture-juive\/#primaryimage","url":"http:\/\/www.it.tarnow.pl\/wp-content\/uploads\/2019\/02\/TARNOW-Ul.-Zydowska-03-400x300.jpg","contentUrl":"http:\/\/www.it.tarnow.pl\/wp-content\/uploads\/2019\/02\/TARNOW-Ul.-Zydowska-03-400x300.jpg"},{"@type":"BreadcrumbList","@id":"https:\/\/www.it.tarnow.pl\/fr\/attractions\/les-monuments-de-la-culture-juive\/#breadcrumb","itemListElement":[{"@type":"ListItem","position":1,"name":"Page d'accueil","item":"https:\/\/www.it.tarnow.pl\/fr\/"},{"@type":"ListItem","position":2,"name":"Attractions","item":"https:\/\/www.it.tarnow.pl\/fr\/attractions\/"},{"@type":"ListItem","position":3,"name":"Les monuments de la culture juive"}]},{"@type":"WebSite","@id":"https:\/\/www.it.tarnow.pl\/#website","url":"https:\/\/www.it.tarnow.pl\/","name":"Tarnowskie Centrum Informacji","description":"Informacja turystyczna o Tarnowie i regionie tarnowskim.","potentialAction":[{"@type":"SearchAction","target":{"@type":"EntryPoint","urlTemplate":"https:\/\/www.it.tarnow.pl\/?s={search_term_string}"},"query-input":{"@type":"PropertyValueSpecification","valueRequired":true,"valueName":"search_term_string"}}],"inLanguage":"fr-FR"}]}},"_links":{"self":[{"href":"https:\/\/www.it.tarnow.pl\/fr\/wp-json\/wp\/v2\/pages\/9999","targetHints":{"allow":["GET"]}}],"collection":[{"href":"https:\/\/www.it.tarnow.pl\/fr\/wp-json\/wp\/v2\/pages"}],"about":[{"href":"https:\/\/www.it.tarnow.pl\/fr\/wp-json\/wp\/v2\/types\/page"}],"author":[{"embeddable":true,"href":"https:\/\/www.it.tarnow.pl\/fr\/wp-json\/wp\/v2\/users\/1"}],"replies":[{"embeddable":true,"href":"https:\/\/www.it.tarnow.pl\/fr\/wp-json\/wp\/v2\/comments?post=9999"}],"version-history":[{"count":0,"href":"https:\/\/www.it.tarnow.pl\/fr\/wp-json\/wp\/v2\/pages\/9999\/revisions"}],"up":[{"embeddable":true,"href":"https:\/\/www.it.tarnow.pl\/fr\/wp-json\/wp\/v2\/pages\/9990"}],"wp:attachment":[{"href":"https:\/\/www.it.tarnow.pl\/fr\/wp-json\/wp\/v2\/media?parent=9999"}],"wp:term":[{"taxonomy":"post_tag","embeddable":true,"href":"https:\/\/www.it.tarnow.pl\/fr\/wp-json\/wp\/v2\/tags?post=9999"}],"curies":[{"name":"wp","href":"https:\/\/api.w.org\/{rel}","templated":true}]}}