{"id":9998,"date":"2010-08-26T14:13:47","date_gmt":"2010-08-26T12:13:47","guid":{"rendered":"http:\/\/www.it.tarnow.pl\/la-nature\/"},"modified":"2019-04-03T15:19:08","modified_gmt":"2019-04-03T13:19:08","slug":"la-nature","status":"publish","type":"page","link":"https:\/\/www.it.tarnow.pl\/fr\/attractions\/la-nature\/","title":{"rendered":"La nature"},"content":{"rendered":"<img loading=\"lazy\" decoding=\"async\" width=\"1024\" height=\"350\" class=\"size-reference aligncenter wp-image-25205\" src=\"http:\/\/www.it.tarnow.pl\/wp-content\/uploads\/2019\/02\/Park-Krajobrazowy-Pasma-Brzanki.jpg\" alt=\"\" srcset=\"https:\/\/www.it.tarnow.pl\/wp-content\/uploads\/2019\/02\/Park-Krajobrazowy-Pasma-Brzanki.jpg 1024w, https:\/\/www.it.tarnow.pl\/wp-content\/uploads\/2019\/02\/Park-Krajobrazowy-Pasma-Brzanki-400x137.jpg 400w, https:\/\/www.it.tarnow.pl\/wp-content\/uploads\/2019\/02\/Park-Krajobrazowy-Pasma-Brzanki-768x263.jpg 768w, https:\/\/www.it.tarnow.pl\/wp-content\/uploads\/2019\/02\/Park-Krajobrazowy-Pasma-Brzanki-650x222.jpg 650w, https:\/\/www.it.tarnow.pl\/wp-content\/uploads\/2019\/02\/Park-Krajobrazowy-Pasma-Brzanki-300x103.jpg 300w\" sizes=\"auto, (max-width: 1024px) 100vw, 1024px\" \/><p>\u00a0<\/p> <img loading=\"lazy\" decoding=\"async\" width=\"400\" height=\"300\" class=\"size-medium alignright wp-image-25324\" src=\"http:\/\/www.it.tarnow.pl\/wp-content\/uploads\/2019\/02\/Skamieniale-Miasto-w-Ciezkowicach-2-400x300.jpg\" alt=\"\" srcset=\"https:\/\/www.it.tarnow.pl\/wp-content\/uploads\/2019\/02\/Skamieniale-Miasto-w-Ciezkowicach-2-400x300.jpg 400w, https:\/\/www.it.tarnow.pl\/wp-content\/uploads\/2019\/02\/Skamieniale-Miasto-w-Ciezkowicach-2-768x577.jpg 768w, https:\/\/www.it.tarnow.pl\/wp-content\/uploads\/2019\/02\/Skamieniale-Miasto-w-Ciezkowicach-2-650x488.jpg 650w, https:\/\/www.it.tarnow.pl\/wp-content\/uploads\/2019\/02\/Skamieniale-Miasto-w-Ciezkowicach-2-300x225.jpg 300w, https:\/\/www.it.tarnow.pl\/wp-content\/uploads\/2019\/02\/Skamieniale-Miasto-w-Ciezkowicach-2.jpg 1024w\" sizes=\"auto, (max-width: 400px) 100vw, 400px\" \/><p><b>La ville p\u00e9trifi\u00e9e<\/b><\/p>\n<p>La r\u00e9serve naturelle \u00ab\u00a0La Ville P\u00e9trifi\u00e9e\u00a0\u00bb est reconue comme l&rsquo;une des plus grandes attractions touristiques dans la r\u00e9gion de Tarn\u00f3w. Elle a \u00e9t\u00e9 cr\u00e9e pour prot\u00e9ger une groupe des pitoresques rochers qui forment Le Gr\u00e8s Ci\u0119\u017ckowicki. Les rochers qui en r\u00e9sultat d&rsquo;une \u00e9rosion ont acquis de fantastiques formes, et c&rsquo;est pourquoi plusieurs d&rsquo;entre eux possedent son propre nom p. ex. la Sorci\u00e8re, l&rsquo;Aigle, le Blaireau les Pyramides ou le Champignon. La r\u00e9serve occupe une superficie d&rsquo;environ de 15 hectares et s&rsquo;\u00e9tend de la rivi\u00e8re Bia\u0142a \u00e0 l&rsquo;ouest \u00e0 la route Ci\u0119\u017ckowice-Staszk\u00f3wka l&rsquo;est. Sa faune et sa flore sont d&rsquo;une grande richesse. La r\u00e9serve est un v\u00e9ritable paradis pour les tourists, vous y conna\u00eetrez le repos, la relaxion, l&rsquo;aventure et des attraction touristiques vari\u00e9es.<\/p> <img loading=\"lazy\" decoding=\"async\" width=\"400\" height=\"300\" class=\"size-medium alignright wp-image-25241\" src=\"http:\/\/www.it.tarnow.pl\/wp-content\/uploads\/2019\/02\/Ostry-Kamien-Park-Krajobrazowy-Pasma-Brzanki-2-400x300.jpg\" alt=\"\" srcset=\"https:\/\/www.it.tarnow.pl\/wp-content\/uploads\/2019\/02\/Ostry-Kamien-Park-Krajobrazowy-Pasma-Brzanki-2-400x300.jpg 400w, https:\/\/www.it.tarnow.pl\/wp-content\/uploads\/2019\/02\/Ostry-Kamien-Park-Krajobrazowy-Pasma-Brzanki-2-768x577.jpg 768w, https:\/\/www.it.tarnow.pl\/wp-content\/uploads\/2019\/02\/Ostry-Kamien-Park-Krajobrazowy-Pasma-Brzanki-2-650x488.jpg 650w, https:\/\/www.it.tarnow.pl\/wp-content\/uploads\/2019\/02\/Ostry-Kamien-Park-Krajobrazowy-Pasma-Brzanki-2-300x225.jpg 300w, https:\/\/www.it.tarnow.pl\/wp-content\/uploads\/2019\/02\/Ostry-Kamien-Park-Krajobrazowy-Pasma-Brzanki-2.jpg 1024w\" sizes=\"auto, (max-width: 400px) 100vw, 400px\" \/><img loading=\"lazy\" decoding=\"async\" width=\"400\" height=\"300\" class=\"size-medium alignleft wp-image-25225\" src=\"http:\/\/www.it.tarnow.pl\/wp-content\/uploads\/2019\/02\/Park-Krajobrazowy-Pasma-Brzanki-1-400x300.jpg\" alt=\"\" srcset=\"https:\/\/www.it.tarnow.pl\/wp-content\/uploads\/2019\/02\/Park-Krajobrazowy-Pasma-Brzanki-1-400x300.jpg 400w, https:\/\/www.it.tarnow.pl\/wp-content\/uploads\/2019\/02\/Park-Krajobrazowy-Pasma-Brzanki-1-768x577.jpg 768w, https:\/\/www.it.tarnow.pl\/wp-content\/uploads\/2019\/02\/Park-Krajobrazowy-Pasma-Brzanki-1-650x488.jpg 650w, https:\/\/www.it.tarnow.pl\/wp-content\/uploads\/2019\/02\/Park-Krajobrazowy-Pasma-Brzanki-1-300x225.jpg 300w, https:\/\/www.it.tarnow.pl\/wp-content\/uploads\/2019\/02\/Park-Krajobrazowy-Pasma-Brzanki-1.jpg 1024w\" sizes=\"auto, (max-width: 400px) 100vw, 400px\" \/><p>\u00a0<\/p>\n<p>\u00a0<\/p>\n<p>\u00a0<\/p>\n<p>\u00a0<\/p>\n<p>\u00a0<\/p>\n<p>\u00a0<\/p>\n<p>\u00a0<\/p>\n<p>\u00a0<\/p>\n<p>\u00a0<\/p> <img loading=\"lazy\" decoding=\"async\" width=\"1024\" height=\"313\" class=\"size-reference aligncenter wp-image-25230\" src=\"http:\/\/www.it.tarnow.pl\/wp-content\/uploads\/2019\/02\/Ciezkowicko-Roznowski-Park-Krajobrazowy-6.jpg\" alt=\"\" srcset=\"https:\/\/www.it.tarnow.pl\/wp-content\/uploads\/2019\/02\/Ciezkowicko-Roznowski-Park-Krajobrazowy-6.jpg 1024w, https:\/\/www.it.tarnow.pl\/wp-content\/uploads\/2019\/02\/Ciezkowicko-Roznowski-Park-Krajobrazowy-6-400x122.jpg 400w, https:\/\/www.it.tarnow.pl\/wp-content\/uploads\/2019\/02\/Ciezkowicko-Roznowski-Park-Krajobrazowy-6-768x235.jpg 768w, https:\/\/www.it.tarnow.pl\/wp-content\/uploads\/2019\/02\/Ciezkowicko-Roznowski-Park-Krajobrazowy-6-650x199.jpg 650w, https:\/\/www.it.tarnow.pl\/wp-content\/uploads\/2019\/02\/Ciezkowicko-Roznowski-Park-Krajobrazowy-6-300x92.jpg 300w\" sizes=\"auto, (max-width: 1024px) 100vw, 1024px\" \/>","protected":false},"excerpt":{"rendered":"\u00a0 La ville p\u00e9trifi\u00e9e La r\u00e9serve naturelle \u00ab\u00a0La Ville P\u00e9trifi\u00e9e\u00a0\u00bb est reconue comme l&rsquo;une des plus grandes attractions touristiques dans la r\u00e9gion de Tarn\u00f3w. Elle a \u00e9t\u00e9 cr\u00e9e pour prot\u00e9ger [&hellip;]","protected":false},"author":1,"featured_media":0,"parent":9990,"menu_order":294,"comment_status":"closed","ping_status":"closed","template":"","meta":{"_acf_changed":false,"footnotes":""},"tags":[],"class_list":["post-9998","page","type-page","status-publish","hentry"],"acf":{"in_menu":null,"show_date":null,"intro_text":"<img class=\"size-medium alignleft wp-image-21123\" src=\"http:\/\/www.it.tarnow.pl\/wp-content\/uploads\/2019\/02\/Ciezkowice-Skamieniale-Miasto-2-400x300.jpg\" alt=\"\"><p>La r\u00e9serve naturelle \"La Ville P\u00e9trifi\u00e9e\" est reconue comme l'une des plus grandes attractions touristiques dans la r\u00e9gion de Tarn\u00f3w. Elle a \u00e9t\u00e9 cr\u00e9e pour prot\u00e9ger une groupe des pitoresques rochers qui forment Le Gr\u00e8s Ci\u0119\u017ckowicki. Les rochers qui en r\u00e9sultat d'une \u00e9rosion ont acquis de fantastiques formes, et c'est pourquoi plusieurs d'entre eux possedent son propre nom p. ex. la Sorci\u00e8re, l'Aigle, le Blaireau les Pyramides ou le Champignon.<\/p>","map":null},"yoast_head":"<!-- This site is optimized with the Yoast SEO Premium plugin v25.4 (Yoast SEO v25.4) - https:\/\/yoast.com\/wordpress\/plugins\/seo\/ -->\n<title>La nature - Tarnowskie Centrum Informacji<\/title>\n<meta name=\"robots\" content=\"index, follow, max-snippet:-1, max-image-preview:large, max-video-preview:-1\" \/>\n<link rel=\"canonical\" href=\"https:\/\/www.it.tarnow.pl\/fr\/attractions\/la-nature\/\" \/>\n<meta property=\"og:locale\" content=\"fr_FR\" \/>\n<meta property=\"og:type\" content=\"article\" \/>\n<meta property=\"og:title\" content=\"La nature\" \/>\n<meta property=\"og:description\" content=\"\u00a0 La ville p\u00e9trifi\u00e9e La r\u00e9serve naturelle \u00ab\u00a0La Ville P\u00e9trifi\u00e9e\u00a0\u00bb est reconue comme l&rsquo;une des plus grandes attractions touristiques dans la r\u00e9gion de Tarn\u00f3w. Elle a \u00e9t\u00e9 cr\u00e9e pour prot\u00e9ger [&hellip;]\" \/>\n<meta property=\"og:url\" content=\"https:\/\/www.it.tarnow.pl\/fr\/attractions\/la-nature\/\" \/>\n<meta property=\"og:site_name\" content=\"Tarnowskie Centrum Informacji\" \/>\n<meta property=\"article:modified_time\" content=\"2019-04-03T13:19:08+00:00\" \/>\n<meta property=\"og:image\" content=\"http:\/\/www.it.tarnow.pl\/wp-content\/uploads\/2019\/02\/Park-Krajobrazowy-Pasma-Brzanki.jpg\" \/>\n<meta name=\"twitter:card\" content=\"summary_large_image\" \/>\n<meta name=\"twitter:label1\" content=\"Dur\u00e9e de lecture estim\u00e9e\" \/>\n\t<meta name=\"twitter:data1\" content=\"1 minute\" \/>\n<script type=\"application\/ld+json\" class=\"yoast-schema-graph\">{\"@context\":\"https:\/\/schema.org\",\"@graph\":[{\"@type\":\"WebPage\",\"@id\":\"https:\/\/www.it.tarnow.pl\/fr\/attractions\/la-nature\/\",\"url\":\"https:\/\/www.it.tarnow.pl\/fr\/attractions\/la-nature\/\",\"name\":\"La nature - Tarnowskie Centrum Informacji\",\"isPartOf\":{\"@id\":\"https:\/\/www.it.tarnow.pl\/#website\"},\"primaryImageOfPage\":{\"@id\":\"https:\/\/www.it.tarnow.pl\/fr\/attractions\/la-nature\/#primaryimage\"},\"image\":{\"@id\":\"https:\/\/www.it.tarnow.pl\/fr\/attractions\/la-nature\/#primaryimage\"},\"thumbnailUrl\":\"http:\/\/www.it.tarnow.pl\/wp-content\/uploads\/2019\/02\/Park-Krajobrazowy-Pasma-Brzanki.jpg\",\"datePublished\":\"2010-08-26T12:13:47+00:00\",\"dateModified\":\"2019-04-03T13:19:08+00:00\",\"breadcrumb\":{\"@id\":\"https:\/\/www.it.tarnow.pl\/fr\/attractions\/la-nature\/#breadcrumb\"},\"inLanguage\":\"fr-FR\",\"potentialAction\":[{\"@type\":\"ReadAction\",\"target\":[\"https:\/\/www.it.tarnow.pl\/fr\/attractions\/la-nature\/\"]}]},{\"@type\":\"ImageObject\",\"inLanguage\":\"fr-FR\",\"@id\":\"https:\/\/www.it.tarnow.pl\/fr\/attractions\/la-nature\/#primaryimage\",\"url\":\"http:\/\/www.it.tarnow.pl\/wp-content\/uploads\/2019\/02\/Park-Krajobrazowy-Pasma-Brzanki.jpg\",\"contentUrl\":\"http:\/\/www.it.tarnow.pl\/wp-content\/uploads\/2019\/02\/Park-Krajobrazowy-Pasma-Brzanki.jpg\"},{\"@type\":\"BreadcrumbList\",\"@id\":\"https:\/\/www.it.tarnow.pl\/fr\/attractions\/la-nature\/#breadcrumb\",\"itemListElement\":[{\"@type\":\"ListItem\",\"position\":1,\"name\":\"Page d'accueil\",\"item\":\"https:\/\/www.it.tarnow.pl\/fr\/\"},{\"@type\":\"ListItem\",\"position\":2,\"name\":\"Attractions\",\"item\":\"https:\/\/www.it.tarnow.pl\/fr\/attractions\/\"},{\"@type\":\"ListItem\",\"position\":3,\"name\":\"La nature\"}]},{\"@type\":\"WebSite\",\"@id\":\"https:\/\/www.it.tarnow.pl\/#website\",\"url\":\"https:\/\/www.it.tarnow.pl\/\",\"name\":\"Tarnowskie Centrum Informacji\",\"description\":\"Informacja turystyczna o Tarnowie i regionie tarnowskim.\",\"potentialAction\":[{\"@type\":\"SearchAction\",\"target\":{\"@type\":\"EntryPoint\",\"urlTemplate\":\"https:\/\/www.it.tarnow.pl\/?s={search_term_string}\"},\"query-input\":{\"@type\":\"PropertyValueSpecification\",\"valueRequired\":true,\"valueName\":\"search_term_string\"}}],\"inLanguage\":\"fr-FR\"}]}<\/script>\n<!-- \/ Yoast SEO Premium plugin. -->","yoast_head_json":{"title":"La nature - Tarnowskie Centrum Informacji","robots":{"index":"index","follow":"follow","max-snippet":"max-snippet:-1","max-image-preview":"max-image-preview:large","max-video-preview":"max-video-preview:-1"},"canonical":"https:\/\/www.it.tarnow.pl\/fr\/attractions\/la-nature\/","og_locale":"fr_FR","og_type":"article","og_title":"La nature","og_description":"\u00a0 La ville p\u00e9trifi\u00e9e La r\u00e9serve naturelle \u00ab\u00a0La Ville P\u00e9trifi\u00e9e\u00a0\u00bb est reconue comme l&rsquo;une des plus grandes attractions touristiques dans la r\u00e9gion de Tarn\u00f3w. Elle a \u00e9t\u00e9 cr\u00e9e pour prot\u00e9ger [&hellip;]","og_url":"https:\/\/www.it.tarnow.pl\/fr\/attractions\/la-nature\/","og_site_name":"Tarnowskie Centrum Informacji","article_modified_time":"2019-04-03T13:19:08+00:00","og_image":[{"url":"http:\/\/www.it.tarnow.pl\/wp-content\/uploads\/2019\/02\/Park-Krajobrazowy-Pasma-Brzanki.jpg","type":"","width":"","height":""}],"twitter_card":"summary_large_image","twitter_misc":{"Dur\u00e9e de lecture estim\u00e9e":"1 minute"},"schema":{"@context":"https:\/\/schema.org","@graph":[{"@type":"WebPage","@id":"https:\/\/www.it.tarnow.pl\/fr\/attractions\/la-nature\/","url":"https:\/\/www.it.tarnow.pl\/fr\/attractions\/la-nature\/","name":"La nature - Tarnowskie Centrum Informacji","isPartOf":{"@id":"https:\/\/www.it.tarnow.pl\/#website"},"primaryImageOfPage":{"@id":"https:\/\/www.it.tarnow.pl\/fr\/attractions\/la-nature\/#primaryimage"},"image":{"@id":"https:\/\/www.it.tarnow.pl\/fr\/attractions\/la-nature\/#primaryimage"},"thumbnailUrl":"http:\/\/www.it.tarnow.pl\/wp-content\/uploads\/2019\/02\/Park-Krajobrazowy-Pasma-Brzanki.jpg","datePublished":"2010-08-26T12:13:47+00:00","dateModified":"2019-04-03T13:19:08+00:00","breadcrumb":{"@id":"https:\/\/www.it.tarnow.pl\/fr\/attractions\/la-nature\/#breadcrumb"},"inLanguage":"fr-FR","potentialAction":[{"@type":"ReadAction","target":["https:\/\/www.it.tarnow.pl\/fr\/attractions\/la-nature\/"]}]},{"@type":"ImageObject","inLanguage":"fr-FR","@id":"https:\/\/www.it.tarnow.pl\/fr\/attractions\/la-nature\/#primaryimage","url":"http:\/\/www.it.tarnow.pl\/wp-content\/uploads\/2019\/02\/Park-Krajobrazowy-Pasma-Brzanki.jpg","contentUrl":"http:\/\/www.it.tarnow.pl\/wp-content\/uploads\/2019\/02\/Park-Krajobrazowy-Pasma-Brzanki.jpg"},{"@type":"BreadcrumbList","@id":"https:\/\/www.it.tarnow.pl\/fr\/attractions\/la-nature\/#breadcrumb","itemListElement":[{"@type":"ListItem","position":1,"name":"Page d'accueil","item":"https:\/\/www.it.tarnow.pl\/fr\/"},{"@type":"ListItem","position":2,"name":"Attractions","item":"https:\/\/www.it.tarnow.pl\/fr\/attractions\/"},{"@type":"ListItem","position":3,"name":"La nature"}]},{"@type":"WebSite","@id":"https:\/\/www.it.tarnow.pl\/#website","url":"https:\/\/www.it.tarnow.pl\/","name":"Tarnowskie Centrum Informacji","description":"Informacja turystyczna o Tarnowie i regionie tarnowskim.","potentialAction":[{"@type":"SearchAction","target":{"@type":"EntryPoint","urlTemplate":"https:\/\/www.it.tarnow.pl\/?s={search_term_string}"},"query-input":{"@type":"PropertyValueSpecification","valueRequired":true,"valueName":"search_term_string"}}],"inLanguage":"fr-FR"}]}},"_links":{"self":[{"href":"https:\/\/www.it.tarnow.pl\/fr\/wp-json\/wp\/v2\/pages\/9998","targetHints":{"allow":["GET"]}}],"collection":[{"href":"https:\/\/www.it.tarnow.pl\/fr\/wp-json\/wp\/v2\/pages"}],"about":[{"href":"https:\/\/www.it.tarnow.pl\/fr\/wp-json\/wp\/v2\/types\/page"}],"author":[{"embeddable":true,"href":"https:\/\/www.it.tarnow.pl\/fr\/wp-json\/wp\/v2\/users\/1"}],"replies":[{"embeddable":true,"href":"https:\/\/www.it.tarnow.pl\/fr\/wp-json\/wp\/v2\/comments?post=9998"}],"version-history":[{"count":0,"href":"https:\/\/www.it.tarnow.pl\/fr\/wp-json\/wp\/v2\/pages\/9998\/revisions"}],"up":[{"embeddable":true,"href":"https:\/\/www.it.tarnow.pl\/fr\/wp-json\/wp\/v2\/pages\/9990"}],"wp:attachment":[{"href":"https:\/\/www.it.tarnow.pl\/fr\/wp-json\/wp\/v2\/media?parent=9998"}],"wp:term":[{"taxonomy":"post_tag","embeddable":true,"href":"https:\/\/www.it.tarnow.pl\/fr\/wp-json\/wp\/v2\/tags?post=9998"}],"curies":[{"name":"wp","href":"https:\/\/api.w.org\/{rel}","templated":true}]}}