{"id":9997,"date":"2010-08-26T14:01:56","date_gmt":"2010-08-26T12:01:56","guid":{"rendered":"http:\/\/www.it.tarnow.pl\/les-chateaux\/"},"modified":"2021-11-18T13:51:57","modified_gmt":"2021-11-18T12:51:57","slug":"les-chateaux","status":"publish","type":"page","link":"https:\/\/www.it.tarnow.pl\/fr\/attractions\/les-chateaux\/","title":{"rendered":"Les Ch\u00e2teaux"},"content":{"rendered":"<p><img loading=\"lazy\" decoding=\"async\" width=\"300\" height=\"400\" class=\"size-medium alignright wp-image-24401\" src=\"http:\/\/www.it.tarnow.pl\/wp-content\/uploads\/2019\/02\/Nowy-Wisnicz-Zamek-7-300x400.jpg\" alt=\"\" srcset=\"https:\/\/www.it.tarnow.pl\/wp-content\/uploads\/2019\/02\/Nowy-Wisnicz-Zamek-7-300x400.jpg 300w, https:\/\/www.it.tarnow.pl\/wp-content\/uploads\/2019\/02\/Nowy-Wisnicz-Zamek-7.jpg 768w, https:\/\/www.it.tarnow.pl\/wp-content\/uploads\/2019\/02\/Nowy-Wisnicz-Zamek-7-488x650.jpg 488w, https:\/\/www.it.tarnow.pl\/wp-content\/uploads\/2019\/02\/Nowy-Wisnicz-Zamek-7-225x300.jpg 225w\" sizes=\"auto, (max-width: 300px) 100vw, 300px\" \/><\/p>\r\n<p>Dans la partie est de la vo\u00efvodie de Petite Pologne il y a beaucoup d\u2019endroits qui peuvent int\u00e9resser les amateurs de paysages incomparables ou de curiosit\u00e9s architecturales ou historiques. On peut y retrouver des lieux myst\u00e9rieux marqu\u00e9s par bien des l\u00e9gendes o\u00f9 l\u2019on a l\u2019impression d\u2019entendre le cliquetis des armures de chevaliers. On vous invite \u00e0 voir et \u00e0 visiter des ch\u00e2teaux, des fortifications et leurs vestiges apr\u00e8s des ann\u00e9es de splendeur (ruines). La fondation des premiers ch\u00e2teaux en Pologne fut influenc\u00e9e par la formation des fronti\u00e8res de la Pologne et l\u2019apparition des familles de chevaliers ais\u00e9es. Bien que les terres de Tarn\u00f3w n\u2019\u00e9taient pas sur des fronti\u00e8res, elles \u00e9taient travers\u00e9es par d\u2019importantes voies commerciales n\u00e9cessitant de la garde et celle-ci \u00e9tait garantie par les garnisons arm\u00e9es des ch\u00e2teaux fortifi\u00e9s.<\/p>\r\n<p>&nbsp;<\/p>\r\n<p>&nbsp;<\/p>\r\n<p><img loading=\"lazy\" decoding=\"async\" width=\"400\" height=\"300\" class=\"size-medium alignright wp-image-24553\" src=\"http:\/\/www.it.tarnow.pl\/wp-content\/uploads\/2019\/02\/Debno-Zamek-3-400x300.jpg\" alt=\"\" srcset=\"https:\/\/www.it.tarnow.pl\/wp-content\/uploads\/2019\/02\/Debno-Zamek-3-400x300.jpg 400w, https:\/\/www.it.tarnow.pl\/wp-content\/uploads\/2019\/02\/Debno-Zamek-3-768x576.jpg 768w, https:\/\/www.it.tarnow.pl\/wp-content\/uploads\/2019\/02\/Debno-Zamek-3-650x488.jpg 650w, https:\/\/www.it.tarnow.pl\/wp-content\/uploads\/2019\/02\/Debno-Zamek-3-300x225.jpg 300w, https:\/\/www.it.tarnow.pl\/wp-content\/uploads\/2019\/02\/Debno-Zamek-3.jpg 1024w\" sizes=\"auto, (max-width: 400px) 100vw, 400px\" \/><img loading=\"lazy\" decoding=\"async\" width=\"400\" height=\"300\" class=\"size-medium alignleft wp-image-24523\" src=\"http:\/\/www.it.tarnow.pl\/wp-content\/uploads\/2019\/02\/Debno-Zamek-400x300.jpg\" alt=\"\" srcset=\"https:\/\/www.it.tarnow.pl\/wp-content\/uploads\/2019\/02\/Debno-Zamek-400x300.jpg 400w, https:\/\/www.it.tarnow.pl\/wp-content\/uploads\/2019\/02\/Debno-Zamek-768x576.jpg 768w, https:\/\/www.it.tarnow.pl\/wp-content\/uploads\/2019\/02\/Debno-Zamek-650x488.jpg 650w, https:\/\/www.it.tarnow.pl\/wp-content\/uploads\/2019\/02\/Debno-Zamek-300x225.jpg 300w, https:\/\/www.it.tarnow.pl\/wp-content\/uploads\/2019\/02\/Debno-Zamek.jpg 1024w\" sizes=\"auto, (max-width: 400px) 100vw, 400px\" \/><\/p>\r\n<p><b>Ch\u00e2teau de Debno<\/b> \u2013 l\u2019unique en Pologne si bien conserv\u00e9 r\u00e9sidence de chevaliers du gothique tardif des ann\u00e9es 1470-80. Il est compos\u00e9 de quatre b\u00e2timents a \u00e9tages qui entourent la cour pav\u00e9e de pierre avec un puits. Les donjons et encorbellement suspendus diversifient la silhouette du ch\u00e2teau \u00e9lev\u00e9 en briques et en pierres. Les portails des portes et des fenetres sont joliment orn\u00e9s de d\u00e9corations en pierre \u2013 bas-reliefs a motifs floraux et g\u00e9om\u00e9triques et enseignes armoriales. L\u2019exposition a l\u2019int\u00e9rieur permet de conna\u00eetre l\u2019histoire du ch\u00e2teau, de voir comment \u00e9tait jadis la Salle des Chevaliers, la chapelle de ch\u00e2teau, la salle des coffres ou l\u2019ancienne cuisine. Chaque ann\u00e9e en septembre a D\u00eabno il se d\u00e9roule un tournoi de chevaliers \u201ePour la Tresse Dor\u00e9e de Tarlowna\u201d.<\/p>\r\n<p>Des milliers de spectateurs admirent les d\u00e9monstrations des combats et des danses m\u00e9di\u00e9vales et participent aux pr\u00e9sentations rappelant la vie quotidienne de nos ancetres..<\/p>\r\n<p>&nbsp;<\/p>\r\n<p><img loading=\"lazy\" decoding=\"async\" width=\"400\" height=\"300\" class=\"size-medium alignleft wp-image-21117\" src=\"http:\/\/www.it.tarnow.pl\/wp-content\/uploads\/2019\/02\/Nowy-Wisnicz-Zamek-4-400x300.jpg\" alt=\"\" srcset=\"https:\/\/www.it.tarnow.pl\/wp-content\/uploads\/2019\/02\/Nowy-Wisnicz-Zamek-4-400x300.jpg 400w, https:\/\/www.it.tarnow.pl\/wp-content\/uploads\/2019\/02\/Nowy-Wisnicz-Zamek-4-768x576.jpg 768w, https:\/\/www.it.tarnow.pl\/wp-content\/uploads\/2019\/02\/Nowy-Wisnicz-Zamek-4-650x488.jpg 650w, https:\/\/www.it.tarnow.pl\/wp-content\/uploads\/2019\/02\/Nowy-Wisnicz-Zamek-4-300x225.jpg 300w, https:\/\/www.it.tarnow.pl\/wp-content\/uploads\/2019\/02\/Nowy-Wisnicz-Zamek-4.jpg 1024w\" sizes=\"auto, (max-width: 400px) 100vw, 400px\" \/><img loading=\"lazy\" decoding=\"async\" width=\"400\" height=\"300\" class=\"size-medium alignright wp-image-24543\" src=\"http:\/\/www.it.tarnow.pl\/wp-content\/uploads\/2019\/02\/Nowy-Wisnicz-Zamek-8-400x300.jpg\" alt=\"\" srcset=\"https:\/\/www.it.tarnow.pl\/wp-content\/uploads\/2019\/02\/Nowy-Wisnicz-Zamek-8-400x300.jpg 400w, https:\/\/www.it.tarnow.pl\/wp-content\/uploads\/2019\/02\/Nowy-Wisnicz-Zamek-8-768x576.jpg 768w, https:\/\/www.it.tarnow.pl\/wp-content\/uploads\/2019\/02\/Nowy-Wisnicz-Zamek-8-650x488.jpg 650w, https:\/\/www.it.tarnow.pl\/wp-content\/uploads\/2019\/02\/Nowy-Wisnicz-Zamek-8-300x225.jpg 300w, https:\/\/www.it.tarnow.pl\/wp-content\/uploads\/2019\/02\/Nowy-Wisnicz-Zamek-8.jpg 1024w\" sizes=\"auto, (max-width: 400px) 100vw, 400px\" \/><\/p>\r\n<p><b>Nowy Wi\u015bnicz<\/b> &#8211; la plus grande r\u00e9sidence baroque de d\u00e9fense sauvegard\u00e9e en Pologne. Elle doit son allure sp\u00e9cifique a Piotr Kmita qui, dans la premiere moiti\u00e9 du XVIe s., lui donna des caract\u00e9ristiques de style renaissance . Le corps du ch\u00e2teau occupe la par tie centrale de la construction. Il se compose de quatre ailes a deux \u00e9tages qui entourent une petite cour int\u00e9rieure. Le ch\u00e2teau doit son aspect caract\u00e9ristique aux quatre tours angulaires dont chacune est diff\u00e9rente, gr\u00e2ce a quoi le ch\u00e2teau a un aspect diff\u00e9rent de chaque c\u00f4t\u00e9.<\/p>\r\n<p>La forme actuelle du ch\u00e2teau date des ann\u00e9es 1615-1637 gr\u00e2ce a Stanislas Lubomirski. A cette \u00e9poque le b\u00e2timent fut reconstruit et entour\u00e9 de fortifications en pierre avec une porte cochere, de bastions et de courtines.<\/p>\r\n<p>&nbsp;<\/p>\r\n<p>&nbsp;<\/p>\r\n<p><img loading=\"lazy\" decoding=\"async\" class=\"wp-image-179015 size-medium alignright\" src=\"http:\/\/www.it.tarnow.pl\/wp-content\/uploads\/2019\/11\/Przewodnik-Zamki-palace-Zamek-Czchow-400x267.jpg\" alt=\"Baszta w Czchowie\" width=\"400\" height=\"267\" \/><\/p>\r\n<p><b>Ch\u00e2teaux de la Vall\u00e9e du Dunajec<\/b>. La Vall\u00e9e du Dunajec fut jadis parcourue par un chemin important reliant la Pologne avec la Hongrie et des pays Balkaniques. Aux XIIIe et XIVe s. dans la Vall\u00e9e du Dunajec furent construits quelques ch\u00e2teaux:<\/p>\r\n<ul>\r\n\t<li><b>Czch\u00f3w<\/b> &#8211; ruines du ch\u00e2teau de Czch\u00f3w qui fut construit entre le XIIIe et le XIVe s.<\/li>\r\n\t<li><b>Tropsztyn<\/b> &#8211; dans la localit\u00e9 Wytrzyszczka ; fut \u00e9lev\u00e9 sur une colline rocheuse dans la I\u00e8re moiti\u00e9 du XIVe s. Actuellement le ch\u00e2teau est compl\u00e9tement reconstruit et repr\u00e9sente probablement le plus bel exemple, en Pologne d\u2019un ch\u00e2teau de chevaliers construit en pierre.<\/li>\r\n\t<li><b>Tarn\u00f3w<\/b>, G\u00f3ra Sw. Marcina (la Montage de St. Martin), ruines du ch\u00e2teau de la famille Tarnowski du XIVe s.<\/li>\r\n\t<li><b>Melsztyn<\/b> &#8211; ruines du ch\u00e2teau des Lelivites de Melsztyn du 1340 environ. Le ch\u00e2teau agrandi en une r\u00e9sidence de magnat, de style renaissance de la IIe m. du XVIe s.<\/li>\r\n<\/ul>\r\n<p><img loading=\"lazy\" decoding=\"async\" width=\"400\" height=\"300\" class=\"size-medium alignleft wp-image-24406\" src=\"http:\/\/www.it.tarnow.pl\/wp-content\/uploads\/2019\/02\/Zamek-Tropsztyn-w-Wytrzyszczce-400x300.jpg\" alt=\"\" srcset=\"https:\/\/www.it.tarnow.pl\/wp-content\/uploads\/2019\/02\/Zamek-Tropsztyn-w-Wytrzyszczce-400x300.jpg 400w, https:\/\/www.it.tarnow.pl\/wp-content\/uploads\/2019\/02\/Zamek-Tropsztyn-w-Wytrzyszczce-768x577.jpg 768w, https:\/\/www.it.tarnow.pl\/wp-content\/uploads\/2019\/02\/Zamek-Tropsztyn-w-Wytrzyszczce-650x488.jpg 650w, https:\/\/www.it.tarnow.pl\/wp-content\/uploads\/2019\/02\/Zamek-Tropsztyn-w-Wytrzyszczce-300x225.jpg 300w, https:\/\/www.it.tarnow.pl\/wp-content\/uploads\/2019\/02\/Zamek-Tropsztyn-w-Wytrzyszczce.jpg 1024w\" sizes=\"auto, (max-width: 400px) 100vw, 400px\" \/><img decoding=\"async\" class=\"size-medium alignright wp-image-24558\" src=\"http:\/\/www.it.tarnow.pl\/wp-content\/uploads\/2019\/02\/TARNOW-Ruiny-zamku-Tarnowskich-400x300.jpg\" alt=\"\" \/><\/p>","protected":false},"excerpt":{"rendered":"Dans la partie est de la vo\u00efvodie de Petite Pologne il y a beaucoup d\u2019endroits qui peuvent int\u00e9resser les amateurs de paysages incomparables ou de curiosit\u00e9s architecturales ou historiques. On [&hellip;]","protected":false},"author":1,"featured_media":0,"parent":9990,"menu_order":265,"comment_status":"closed","ping_status":"closed","template":"","meta":{"_acf_changed":false,"footnotes":""},"tags":[],"class_list":["post-9997","page","type-page","status-publish","hentry"],"acf":{"old_object_id":"5764","old_parent_id":"5857","old_url":"Attractions\/Les-Chateaux","intro_text":"<p><img loading=\"lazy\" decoding=\"async\" width=\"400\" height=\"300\" class=\"size-medium alignleft wp-image-21117\" src=\"http:\/\/www.it.tarnow.pl\/wp-content\/uploads\/2019\/02\/Nowy-Wisnicz-Zamek-4-400x300.jpg\" alt=\"\" srcset=\"https:\/\/www.it.tarnow.pl\/wp-content\/uploads\/2019\/02\/Nowy-Wisnicz-Zamek-4-400x300.jpg 400w, https:\/\/www.it.tarnow.pl\/wp-content\/uploads\/2019\/02\/Nowy-Wisnicz-Zamek-4-768x576.jpg 768w, https:\/\/www.it.tarnow.pl\/wp-content\/uploads\/2019\/02\/Nowy-Wisnicz-Zamek-4-650x488.jpg 650w, https:\/\/www.it.tarnow.pl\/wp-content\/uploads\/2019\/02\/Nowy-Wisnicz-Zamek-4-300x225.jpg 300w, https:\/\/www.it.tarnow.pl\/wp-content\/uploads\/2019\/02\/Nowy-Wisnicz-Zamek-4.jpg 1024w\" sizes=\"auto, (max-width: 400px) 100vw, 400px\" \/><\/p>\n<p>Dans la partie est de la vo\u00efvodie de Petite Pologne il y a beaucoup d\u2019endroits qui peuvent int\u00e9resser les amateurs de paysages incomparables ou de curiosit\u00e9s architecturales ou historiques. On peut y retrouver des lieux myst\u00e9rieux marqu\u00e9s par bien des l\u00e9gendes o\u00f9 l\u2019on a l\u2019impression d\u2019entendre le cliquetis des armures de chevaliers. On vous invite \u00e0 voir et \u00e0 visiter des ch\u00e2teaux, des fortifications et leurs vestiges apr\u00e8s des ann\u00e9es de splendeur (ruines). La fondation des premiers ch\u00e2teaux en Pologne fut influenc\u00e9e par la formation des fronti\u00e8res de la Pologne et l\u2019apparition des familles de chevaliers ais\u00e9es. Bien que les terres de Tarn\u00f3w n\u2019\u00e9taient pas sur des fronti\u00e8res, elles \u00e9taient travers\u00e9es par d\u2019importantes voies commerciales n\u00e9cessitant de la garde et celle-ci \u00e9tait garantie par les garnisons arm\u00e9es des ch\u00e2teaux fortifi\u00e9s.<\/p>\n","show_children":"1","class":"folder","type":"single","in_menu":true,"show_date":false,"map":"","old_id":"","rooms_info":"","top_column":"","left_column":"","right_column":"","bottom_column":"","skip_import":false,"_menu_related_id":"102272"},"yoast_head":"<!-- This site is optimized with the Yoast SEO Premium plugin v25.4 (Yoast SEO v25.4) - https:\/\/yoast.com\/wordpress\/plugins\/seo\/ -->\n<title>Les Ch\u00e2teaux - Tarnowskie Centrum Informacji<\/title>\n<meta name=\"robots\" content=\"index, follow, max-snippet:-1, max-image-preview:large, max-video-preview:-1\" \/>\n<link rel=\"canonical\" href=\"https:\/\/www.it.tarnow.pl\/fr\/attractions\/les-chateaux\/\" \/>\n<meta property=\"og:locale\" content=\"fr_FR\" \/>\n<meta property=\"og:type\" content=\"article\" \/>\n<meta property=\"og:title\" content=\"Les Ch\u00e2teaux\" \/>\n<meta property=\"og:description\" content=\"Dans la partie est de la vo\u00efvodie de Petite Pologne il y a beaucoup d\u2019endroits qui peuvent int\u00e9resser les amateurs de paysages incomparables ou de curiosit\u00e9s architecturales ou historiques. On [&hellip;]\" \/>\n<meta property=\"og:url\" content=\"https:\/\/www.it.tarnow.pl\/fr\/attractions\/les-chateaux\/\" \/>\n<meta property=\"og:site_name\" content=\"Tarnowskie Centrum Informacji\" \/>\n<meta property=\"article:modified_time\" content=\"2021-11-18T12:51:57+00:00\" \/>\n<meta property=\"og:image\" content=\"http:\/\/www.it.tarnow.pl\/wp-content\/uploads\/2019\/02\/Nowy-Wisnicz-Zamek-7-300x400.jpg\" \/>\n<meta name=\"twitter:card\" content=\"summary_large_image\" \/>\n<meta name=\"twitter:label1\" content=\"Dur\u00e9e de lecture estim\u00e9e\" \/>\n\t<meta name=\"twitter:data1\" content=\"3 minutes\" \/>\n<script type=\"application\/ld+json\" class=\"yoast-schema-graph\">{\"@context\":\"https:\/\/schema.org\",\"@graph\":[{\"@type\":\"WebPage\",\"@id\":\"https:\/\/www.it.tarnow.pl\/fr\/attractions\/les-chateaux\/\",\"url\":\"https:\/\/www.it.tarnow.pl\/fr\/attractions\/les-chateaux\/\",\"name\":\"Les Ch\u00e2teaux - Tarnowskie Centrum Informacji\",\"isPartOf\":{\"@id\":\"https:\/\/www.it.tarnow.pl\/#website\"},\"primaryImageOfPage\":{\"@id\":\"https:\/\/www.it.tarnow.pl\/fr\/attractions\/les-chateaux\/#primaryimage\"},\"image\":{\"@id\":\"https:\/\/www.it.tarnow.pl\/fr\/attractions\/les-chateaux\/#primaryimage\"},\"thumbnailUrl\":\"http:\/\/www.it.tarnow.pl\/wp-content\/uploads\/2019\/02\/Nowy-Wisnicz-Zamek-7-300x400.jpg\",\"datePublished\":\"2010-08-26T12:01:56+00:00\",\"dateModified\":\"2021-11-18T12:51:57+00:00\",\"breadcrumb\":{\"@id\":\"https:\/\/www.it.tarnow.pl\/fr\/attractions\/les-chateaux\/#breadcrumb\"},\"inLanguage\":\"fr-FR\",\"potentialAction\":[{\"@type\":\"ReadAction\",\"target\":[\"https:\/\/www.it.tarnow.pl\/fr\/attractions\/les-chateaux\/\"]}]},{\"@type\":\"ImageObject\",\"inLanguage\":\"fr-FR\",\"@id\":\"https:\/\/www.it.tarnow.pl\/fr\/attractions\/les-chateaux\/#primaryimage\",\"url\":\"http:\/\/www.it.tarnow.pl\/wp-content\/uploads\/2019\/02\/Nowy-Wisnicz-Zamek-7-300x400.jpg\",\"contentUrl\":\"http:\/\/www.it.tarnow.pl\/wp-content\/uploads\/2019\/02\/Nowy-Wisnicz-Zamek-7-300x400.jpg\"},{\"@type\":\"BreadcrumbList\",\"@id\":\"https:\/\/www.it.tarnow.pl\/fr\/attractions\/les-chateaux\/#breadcrumb\",\"itemListElement\":[{\"@type\":\"ListItem\",\"position\":1,\"name\":\"Page d'accueil\",\"item\":\"https:\/\/www.it.tarnow.pl\/fr\/\"},{\"@type\":\"ListItem\",\"position\":2,\"name\":\"Attractions\",\"item\":\"https:\/\/www.it.tarnow.pl\/fr\/attractions\/\"},{\"@type\":\"ListItem\",\"position\":3,\"name\":\"Les Ch\u00e2teaux\"}]},{\"@type\":\"WebSite\",\"@id\":\"https:\/\/www.it.tarnow.pl\/#website\",\"url\":\"https:\/\/www.it.tarnow.pl\/\",\"name\":\"Tarnowskie Centrum Informacji\",\"description\":\"Informacja turystyczna o Tarnowie i regionie tarnowskim.\",\"potentialAction\":[{\"@type\":\"SearchAction\",\"target\":{\"@type\":\"EntryPoint\",\"urlTemplate\":\"https:\/\/www.it.tarnow.pl\/?s={search_term_string}\"},\"query-input\":{\"@type\":\"PropertyValueSpecification\",\"valueRequired\":true,\"valueName\":\"search_term_string\"}}],\"inLanguage\":\"fr-FR\"}]}<\/script>\n<!-- \/ Yoast SEO Premium plugin. -->","yoast_head_json":{"title":"Les Ch\u00e2teaux - Tarnowskie Centrum Informacji","robots":{"index":"index","follow":"follow","max-snippet":"max-snippet:-1","max-image-preview":"max-image-preview:large","max-video-preview":"max-video-preview:-1"},"canonical":"https:\/\/www.it.tarnow.pl\/fr\/attractions\/les-chateaux\/","og_locale":"fr_FR","og_type":"article","og_title":"Les Ch\u00e2teaux","og_description":"Dans la partie est de la vo\u00efvodie de Petite Pologne il y a beaucoup d\u2019endroits qui peuvent int\u00e9resser les amateurs de paysages incomparables ou de curiosit\u00e9s architecturales ou historiques. On [&hellip;]","og_url":"https:\/\/www.it.tarnow.pl\/fr\/attractions\/les-chateaux\/","og_site_name":"Tarnowskie Centrum Informacji","article_modified_time":"2021-11-18T12:51:57+00:00","og_image":[{"url":"http:\/\/www.it.tarnow.pl\/wp-content\/uploads\/2019\/02\/Nowy-Wisnicz-Zamek-7-300x400.jpg","type":"","width":"","height":""}],"twitter_card":"summary_large_image","twitter_misc":{"Dur\u00e9e de lecture estim\u00e9e":"3 minutes"},"schema":{"@context":"https:\/\/schema.org","@graph":[{"@type":"WebPage","@id":"https:\/\/www.it.tarnow.pl\/fr\/attractions\/les-chateaux\/","url":"https:\/\/www.it.tarnow.pl\/fr\/attractions\/les-chateaux\/","name":"Les Ch\u00e2teaux - Tarnowskie Centrum Informacji","isPartOf":{"@id":"https:\/\/www.it.tarnow.pl\/#website"},"primaryImageOfPage":{"@id":"https:\/\/www.it.tarnow.pl\/fr\/attractions\/les-chateaux\/#primaryimage"},"image":{"@id":"https:\/\/www.it.tarnow.pl\/fr\/attractions\/les-chateaux\/#primaryimage"},"thumbnailUrl":"http:\/\/www.it.tarnow.pl\/wp-content\/uploads\/2019\/02\/Nowy-Wisnicz-Zamek-7-300x400.jpg","datePublished":"2010-08-26T12:01:56+00:00","dateModified":"2021-11-18T12:51:57+00:00","breadcrumb":{"@id":"https:\/\/www.it.tarnow.pl\/fr\/attractions\/les-chateaux\/#breadcrumb"},"inLanguage":"fr-FR","potentialAction":[{"@type":"ReadAction","target":["https:\/\/www.it.tarnow.pl\/fr\/attractions\/les-chateaux\/"]}]},{"@type":"ImageObject","inLanguage":"fr-FR","@id":"https:\/\/www.it.tarnow.pl\/fr\/attractions\/les-chateaux\/#primaryimage","url":"http:\/\/www.it.tarnow.pl\/wp-content\/uploads\/2019\/02\/Nowy-Wisnicz-Zamek-7-300x400.jpg","contentUrl":"http:\/\/www.it.tarnow.pl\/wp-content\/uploads\/2019\/02\/Nowy-Wisnicz-Zamek-7-300x400.jpg"},{"@type":"BreadcrumbList","@id":"https:\/\/www.it.tarnow.pl\/fr\/attractions\/les-chateaux\/#breadcrumb","itemListElement":[{"@type":"ListItem","position":1,"name":"Page d'accueil","item":"https:\/\/www.it.tarnow.pl\/fr\/"},{"@type":"ListItem","position":2,"name":"Attractions","item":"https:\/\/www.it.tarnow.pl\/fr\/attractions\/"},{"@type":"ListItem","position":3,"name":"Les Ch\u00e2teaux"}]},{"@type":"WebSite","@id":"https:\/\/www.it.tarnow.pl\/#website","url":"https:\/\/www.it.tarnow.pl\/","name":"Tarnowskie Centrum Informacji","description":"Informacja turystyczna o Tarnowie i regionie tarnowskim.","potentialAction":[{"@type":"SearchAction","target":{"@type":"EntryPoint","urlTemplate":"https:\/\/www.it.tarnow.pl\/?s={search_term_string}"},"query-input":{"@type":"PropertyValueSpecification","valueRequired":true,"valueName":"search_term_string"}}],"inLanguage":"fr-FR"}]}},"_links":{"self":[{"href":"https:\/\/www.it.tarnow.pl\/fr\/wp-json\/wp\/v2\/pages\/9997","targetHints":{"allow":["GET"]}}],"collection":[{"href":"https:\/\/www.it.tarnow.pl\/fr\/wp-json\/wp\/v2\/pages"}],"about":[{"href":"https:\/\/www.it.tarnow.pl\/fr\/wp-json\/wp\/v2\/types\/page"}],"author":[{"embeddable":true,"href":"https:\/\/www.it.tarnow.pl\/fr\/wp-json\/wp\/v2\/users\/1"}],"replies":[{"embeddable":true,"href":"https:\/\/www.it.tarnow.pl\/fr\/wp-json\/wp\/v2\/comments?post=9997"}],"version-history":[{"count":0,"href":"https:\/\/www.it.tarnow.pl\/fr\/wp-json\/wp\/v2\/pages\/9997\/revisions"}],"up":[{"embeddable":true,"href":"https:\/\/www.it.tarnow.pl\/fr\/wp-json\/wp\/v2\/pages\/9990"}],"wp:attachment":[{"href":"https:\/\/www.it.tarnow.pl\/fr\/wp-json\/wp\/v2\/media?parent=9997"}],"wp:term":[{"taxonomy":"post_tag","embeddable":true,"href":"https:\/\/www.it.tarnow.pl\/fr\/wp-json\/wp\/v2\/tags?post=9997"}],"curies":[{"name":"wp","href":"https:\/\/api.w.org\/{rel}","templated":true}]}}