{"id":9996,"date":"2010-08-31T10:37:44","date_gmt":"2010-08-31T08:37:44","guid":{"rendered":"http:\/\/www.it.tarnow.pl\/mine-de-sel-de-bochnia\/"},"modified":"2019-10-17T15:10:38","modified_gmt":"2019-10-17T13:10:38","slug":"mine-de-sel-de-bochnia","status":"publish","type":"page","link":"https:\/\/www.it.tarnow.pl\/fr\/attractions\/mine-de-sel-de-bochnia\/","title":{"rendered":"Mine de sel de Bochnia"},"content":{"rendered":"<p><img loading=\"lazy\" decoding=\"async\" class=\" alignright wp-image-36039\" src=\"http:\/\/www.it.tarnow.pl\/wp-content\/uploads\/2019\/02\/kopalnia-bochnia-2014-02-1-202x300.jpg\" alt=\"\" width=\"231\" height=\"343\" \/><\/p>\r\n<p style=\"text-align: justify;\"><b>La Mine de Sel Bochnia est la plus ancienne de Pologne<\/b>. L\u2019extraction de sel dans les alentours de Bochnia remonte \u00e0 3500 ans avant J.C. La mine de Bochnia commen\u00e7a \u00e0 fonctionner comme entreprise d\u2019extraction en 1248. La Mine de sel constitue la vraie richesse de cette terre ; c\u2019est gr\u00e2ce aux gisements de sel que la ville de Bochnia est devenue l\u2019un des centres \u00e9conomiques majeurs de <i>Polonia Minor<\/i> moyen\u00e2geuse. \u00c0 ce jour, la Mine de Sel Bochnia est l\u2019un des centres touristiques les plus attractifs de la r\u00e9gion. Les visiteurs peuvent d\u00e9couvrir : le Trajet Touristique qui m\u00e8ne par le niveau IV Auguste et VI Sienkiewicz. L\u2019attractivit\u00e9 du trajet est renforc\u00e9e par une exposition multim\u00e9dia, qui est particuli\u00e8rement appr\u00e9ci\u00e9e par les enfants. La Mine se visite \u00e0 pied ; cependant, une partie du trajet est parcouru en train souterrain. Les t\u00e9m\u00e9raires peuvent passer d\u2019un niveau de la mine \u00e0 l\u2019autre par un toboggan de 120 m. Tous les visiteurs garderont un souvenir inoubliable de la travers\u00e9e en barque d\u2019un lac souterrain.<\/p>\r\n<p style=\"text-align: justify;\">Le Trajet Historique soit une exp\u00e9dition dans les Anciennes Montagnes repr\u00e9sente une attraction toute particuli\u00e8re de la Mine. Il m\u00e8ne par les excavations les plus anciennes de la mine de Bochnia, dans lesquelles le sel a \u00e9t\u00e9 extrait depuis le Moyen-\u00e2ge jusqu\u2019au d\u00e9but du XXe s. et qui, auparavant, n\u2019ont jamais \u00e9t\u00e9 accessibles aux visiteurs. C\u2019est ici que les touristes ont l\u2019occasion de d\u00e9couvrir comment travaillaient les mineurs au Moyen-\u00e2ge et quels dangers les guettaient sous terre. L\u2019exploration des galeries souterraines commence \u00e0 une profondeur de 70 m \u2013 au niveau Danielowiec, pour se terminer au niveau IV August \u2013 \u00e0 176 m de profondeur. Le trajet long d\u2019environ 3 km m\u00e8ne par d\u2019\u00e9troites galeries et passages par \u00e9chelles. C\u2019est un trajet qui pr\u00e9sente une difficult\u00e9 accrue.<\/p>\r\n<p>&nbsp;<\/p>\r\n<p><img loading=\"lazy\" decoding=\"async\" width=\"300\" height=\"185\" class=\"size-medium alignright wp-image-36049\" src=\"http:\/\/www.it.tarnow.pl\/wp-content\/uploads\/2019\/02\/kopalnia-bochnia-2014-01-1-300x185.jpg\" alt=\"\" \/><img loading=\"lazy\" decoding=\"async\" class=\" alignleft wp-image-36044\" src=\"http:\/\/www.it.tarnow.pl\/wp-content\/uploads\/2019\/02\/kopalnia-bochnia-2014-03-1-150x150.jpg\" alt=\"\" width=\"216\" height=\"216\" \/><\/p>\r\n<p style=\"text-align: justify;\"><b>Le microclimat aux vertus th\u00e9rapeutiques, unique dans son genre, constitue le tr\u00e9sor le plus pr\u00e9cieux de la mine de Bochnia. Il favorise le traitement des allergies, rhinites chroniques, infections chroniques de la gorge et du larynx, infections r\u00e9currentes des voies respiratoires sup\u00e9rieures et des allergies de la peau<\/b>.<\/p>\r\n<p>&nbsp;<\/p>\r\n<p style=\"text-align: justify;\">Le 23 juin 2013 la Mine de Sel Bochnia a \u00e9t\u00e9 inscrite sur la Liste du Patrimoine Mondial de l\u2019UNESCO.<\/p>\r\n<p style=\"text-align: justify;\"><a href=\"http:\/\/www.kopalnia-bochnia.pl\/\">www.kopalnia-bochnia.pl<\/a><\/p>\r\n<p>&nbsp;<\/p>\r\n<p>&nbsp;<\/p>","protected":false},"excerpt":{"rendered":"La Mine de Sel Bochnia est la plus ancienne de Pologne. L\u2019extraction de sel dans les alentours de Bochnia remonte \u00e0 3500 ans avant J.C. La mine de Bochnia commen\u00e7a [&hellip;]","protected":false},"author":1,"featured_media":0,"parent":9990,"menu_order":237,"comment_status":"closed","ping_status":"closed","template":"","meta":{"_acf_changed":false,"footnotes":""},"tags":[],"class_list":["post-9996","page","type-page","status-publish","hentry"],"acf":{"old_object_id":"5860","old_parent_id":"5857","old_url":"Attractions\/Mine-de-sel-de-Bochnia","intro_text":"<p><img loading=\"lazy\" decoding=\"async\" class=\" alignleft wp-image-36039\" src=\"http:\/\/www.it.tarnow.pl\/wp-content\/uploads\/2019\/02\/kopalnia-bochnia-2014-02-1-150x150.jpg\" alt=\"\" width=\"305\" height=\"305\" \/><\/p>\n<p style=\"text-align: justify;\"><b>La Mine de Sel Bochnia est la plus ancienne de Pologne<\/b>. L\u2019extraction de sel dans les alentours de Bochnia remonte \u00e0 3500 ans avant J.C. La mine de Bochnia commen\u00e7a \u00e0 fonctionner comme entreprise d\u2019extraction en 1248. La Mine de sel constitue la vraie richesse de cette terre ; c\u2019est gr\u00e2ce aux gisements de sel que la ville de Bochnia est devenue l\u2019un des centres \u00e9conomiques majeurs de <i>Polonia Minor<\/i> moyen\u00e2geuse. \u00c0 ce jour, la Mine de Sel Bochnia est l\u2019un des centres touristiques les plus attractifs de la r\u00e9gion. Les visiteurs peuvent d\u00e9couvrir : le Trajet Touristique qui m\u00e8ne par le niveau IV Auguste et VI Sienkiewicz. L\u2019attractivit\u00e9 du trajet est renforc\u00e9e par une exposition multim\u00e9dia, qui est particuli\u00e8rement appr\u00e9ci\u00e9e par les enfants. La Mine se visite \u00e0 pied ; cependant, une partie du trajet est parcouru en train souterrain. Les t\u00e9m\u00e9raires peuvent passer d\u2019un niveau de la mine \u00e0 l\u2019autre par un toboggan de 120 m. Tous les visiteurs garderont un souvenir inoubliable de la travers\u00e9e en barque d\u2019un lac souterrain.<\/p>\n","show_children":"1","class":"folder","type":"single","_menu_related_id":"102275","in_menu":true,"show_date":false,"map":"","old_id":"","top_column":"","left_column":"","right_column":"","bottom_column":"","skip_import":false},"yoast_head":"<!-- This site is optimized with the Yoast SEO Premium plugin v25.4 (Yoast SEO v25.4) - https:\/\/yoast.com\/wordpress\/plugins\/seo\/ -->\n<title>Mine de sel de Bochnia - Tarnowskie Centrum Informacji<\/title>\n<meta name=\"robots\" content=\"index, follow, max-snippet:-1, max-image-preview:large, max-video-preview:-1\" \/>\n<link rel=\"canonical\" href=\"https:\/\/www.it.tarnow.pl\/fr\/attractions\/mine-de-sel-de-bochnia\/\" \/>\n<meta property=\"og:locale\" content=\"fr_FR\" \/>\n<meta property=\"og:type\" content=\"article\" \/>\n<meta property=\"og:title\" content=\"Mine de sel de Bochnia\" \/>\n<meta property=\"og:description\" content=\"La Mine de Sel Bochnia est la plus ancienne de Pologne. L\u2019extraction de sel dans les alentours de Bochnia remonte \u00e0 3500 ans avant J.C. La mine de Bochnia commen\u00e7a [&hellip;]\" \/>\n<meta property=\"og:url\" content=\"https:\/\/www.it.tarnow.pl\/fr\/attractions\/mine-de-sel-de-bochnia\/\" \/>\n<meta property=\"og:site_name\" content=\"Tarnowskie Centrum Informacji\" \/>\n<meta property=\"article:modified_time\" content=\"2019-10-17T13:10:38+00:00\" \/>\n<meta property=\"og:image\" content=\"http:\/\/www.it.tarnow.pl\/wp-content\/uploads\/2019\/02\/kopalnia-bochnia-2014-02-1-202x300.jpg\" \/>\n<meta name=\"twitter:card\" content=\"summary_large_image\" \/>\n<meta name=\"twitter:label1\" content=\"Dur\u00e9e de lecture estim\u00e9e\" \/>\n\t<meta name=\"twitter:data1\" content=\"2 minutes\" \/>\n<script type=\"application\/ld+json\" class=\"yoast-schema-graph\">{\"@context\":\"https:\/\/schema.org\",\"@graph\":[{\"@type\":\"WebPage\",\"@id\":\"https:\/\/www.it.tarnow.pl\/fr\/attractions\/mine-de-sel-de-bochnia\/\",\"url\":\"https:\/\/www.it.tarnow.pl\/fr\/attractions\/mine-de-sel-de-bochnia\/\",\"name\":\"Mine de sel de Bochnia - Tarnowskie Centrum Informacji\",\"isPartOf\":{\"@id\":\"https:\/\/www.it.tarnow.pl\/#website\"},\"primaryImageOfPage\":{\"@id\":\"https:\/\/www.it.tarnow.pl\/fr\/attractions\/mine-de-sel-de-bochnia\/#primaryimage\"},\"image\":{\"@id\":\"https:\/\/www.it.tarnow.pl\/fr\/attractions\/mine-de-sel-de-bochnia\/#primaryimage\"},\"thumbnailUrl\":\"http:\/\/www.it.tarnow.pl\/wp-content\/uploads\/2019\/02\/kopalnia-bochnia-2014-02-1-202x300.jpg\",\"datePublished\":\"2010-08-31T08:37:44+00:00\",\"dateModified\":\"2019-10-17T13:10:38+00:00\",\"breadcrumb\":{\"@id\":\"https:\/\/www.it.tarnow.pl\/fr\/attractions\/mine-de-sel-de-bochnia\/#breadcrumb\"},\"inLanguage\":\"fr-FR\",\"potentialAction\":[{\"@type\":\"ReadAction\",\"target\":[\"https:\/\/www.it.tarnow.pl\/fr\/attractions\/mine-de-sel-de-bochnia\/\"]}]},{\"@type\":\"ImageObject\",\"inLanguage\":\"fr-FR\",\"@id\":\"https:\/\/www.it.tarnow.pl\/fr\/attractions\/mine-de-sel-de-bochnia\/#primaryimage\",\"url\":\"http:\/\/www.it.tarnow.pl\/wp-content\/uploads\/2019\/02\/kopalnia-bochnia-2014-02-1-202x300.jpg\",\"contentUrl\":\"http:\/\/www.it.tarnow.pl\/wp-content\/uploads\/2019\/02\/kopalnia-bochnia-2014-02-1-202x300.jpg\"},{\"@type\":\"BreadcrumbList\",\"@id\":\"https:\/\/www.it.tarnow.pl\/fr\/attractions\/mine-de-sel-de-bochnia\/#breadcrumb\",\"itemListElement\":[{\"@type\":\"ListItem\",\"position\":1,\"name\":\"Page d'accueil\",\"item\":\"https:\/\/www.it.tarnow.pl\/fr\/\"},{\"@type\":\"ListItem\",\"position\":2,\"name\":\"Attractions\",\"item\":\"https:\/\/www.it.tarnow.pl\/fr\/attractions\/\"},{\"@type\":\"ListItem\",\"position\":3,\"name\":\"Mine de sel de Bochnia\"}]},{\"@type\":\"WebSite\",\"@id\":\"https:\/\/www.it.tarnow.pl\/#website\",\"url\":\"https:\/\/www.it.tarnow.pl\/\",\"name\":\"Tarnowskie Centrum Informacji\",\"description\":\"Informacja turystyczna o Tarnowie i regionie tarnowskim.\",\"potentialAction\":[{\"@type\":\"SearchAction\",\"target\":{\"@type\":\"EntryPoint\",\"urlTemplate\":\"https:\/\/www.it.tarnow.pl\/?s={search_term_string}\"},\"query-input\":{\"@type\":\"PropertyValueSpecification\",\"valueRequired\":true,\"valueName\":\"search_term_string\"}}],\"inLanguage\":\"fr-FR\"}]}<\/script>\n<!-- \/ Yoast SEO Premium plugin. -->","yoast_head_json":{"title":"Mine de sel de Bochnia - Tarnowskie Centrum Informacji","robots":{"index":"index","follow":"follow","max-snippet":"max-snippet:-1","max-image-preview":"max-image-preview:large","max-video-preview":"max-video-preview:-1"},"canonical":"https:\/\/www.it.tarnow.pl\/fr\/attractions\/mine-de-sel-de-bochnia\/","og_locale":"fr_FR","og_type":"article","og_title":"Mine de sel de Bochnia","og_description":"La Mine de Sel Bochnia est la plus ancienne de Pologne. L\u2019extraction de sel dans les alentours de Bochnia remonte \u00e0 3500 ans avant J.C. La mine de Bochnia commen\u00e7a [&hellip;]","og_url":"https:\/\/www.it.tarnow.pl\/fr\/attractions\/mine-de-sel-de-bochnia\/","og_site_name":"Tarnowskie Centrum Informacji","article_modified_time":"2019-10-17T13:10:38+00:00","og_image":[{"url":"http:\/\/www.it.tarnow.pl\/wp-content\/uploads\/2019\/02\/kopalnia-bochnia-2014-02-1-202x300.jpg","type":"","width":"","height":""}],"twitter_card":"summary_large_image","twitter_misc":{"Dur\u00e9e de lecture estim\u00e9e":"2 minutes"},"schema":{"@context":"https:\/\/schema.org","@graph":[{"@type":"WebPage","@id":"https:\/\/www.it.tarnow.pl\/fr\/attractions\/mine-de-sel-de-bochnia\/","url":"https:\/\/www.it.tarnow.pl\/fr\/attractions\/mine-de-sel-de-bochnia\/","name":"Mine de sel de Bochnia - Tarnowskie Centrum Informacji","isPartOf":{"@id":"https:\/\/www.it.tarnow.pl\/#website"},"primaryImageOfPage":{"@id":"https:\/\/www.it.tarnow.pl\/fr\/attractions\/mine-de-sel-de-bochnia\/#primaryimage"},"image":{"@id":"https:\/\/www.it.tarnow.pl\/fr\/attractions\/mine-de-sel-de-bochnia\/#primaryimage"},"thumbnailUrl":"http:\/\/www.it.tarnow.pl\/wp-content\/uploads\/2019\/02\/kopalnia-bochnia-2014-02-1-202x300.jpg","datePublished":"2010-08-31T08:37:44+00:00","dateModified":"2019-10-17T13:10:38+00:00","breadcrumb":{"@id":"https:\/\/www.it.tarnow.pl\/fr\/attractions\/mine-de-sel-de-bochnia\/#breadcrumb"},"inLanguage":"fr-FR","potentialAction":[{"@type":"ReadAction","target":["https:\/\/www.it.tarnow.pl\/fr\/attractions\/mine-de-sel-de-bochnia\/"]}]},{"@type":"ImageObject","inLanguage":"fr-FR","@id":"https:\/\/www.it.tarnow.pl\/fr\/attractions\/mine-de-sel-de-bochnia\/#primaryimage","url":"http:\/\/www.it.tarnow.pl\/wp-content\/uploads\/2019\/02\/kopalnia-bochnia-2014-02-1-202x300.jpg","contentUrl":"http:\/\/www.it.tarnow.pl\/wp-content\/uploads\/2019\/02\/kopalnia-bochnia-2014-02-1-202x300.jpg"},{"@type":"BreadcrumbList","@id":"https:\/\/www.it.tarnow.pl\/fr\/attractions\/mine-de-sel-de-bochnia\/#breadcrumb","itemListElement":[{"@type":"ListItem","position":1,"name":"Page d'accueil","item":"https:\/\/www.it.tarnow.pl\/fr\/"},{"@type":"ListItem","position":2,"name":"Attractions","item":"https:\/\/www.it.tarnow.pl\/fr\/attractions\/"},{"@type":"ListItem","position":3,"name":"Mine de sel de Bochnia"}]},{"@type":"WebSite","@id":"https:\/\/www.it.tarnow.pl\/#website","url":"https:\/\/www.it.tarnow.pl\/","name":"Tarnowskie Centrum Informacji","description":"Informacja turystyczna o Tarnowie i regionie tarnowskim.","potentialAction":[{"@type":"SearchAction","target":{"@type":"EntryPoint","urlTemplate":"https:\/\/www.it.tarnow.pl\/?s={search_term_string}"},"query-input":{"@type":"PropertyValueSpecification","valueRequired":true,"valueName":"search_term_string"}}],"inLanguage":"fr-FR"}]}},"_links":{"self":[{"href":"https:\/\/www.it.tarnow.pl\/fr\/wp-json\/wp\/v2\/pages\/9996","targetHints":{"allow":["GET"]}}],"collection":[{"href":"https:\/\/www.it.tarnow.pl\/fr\/wp-json\/wp\/v2\/pages"}],"about":[{"href":"https:\/\/www.it.tarnow.pl\/fr\/wp-json\/wp\/v2\/types\/page"}],"author":[{"embeddable":true,"href":"https:\/\/www.it.tarnow.pl\/fr\/wp-json\/wp\/v2\/users\/1"}],"replies":[{"embeddable":true,"href":"https:\/\/www.it.tarnow.pl\/fr\/wp-json\/wp\/v2\/comments?post=9996"}],"version-history":[{"count":0,"href":"https:\/\/www.it.tarnow.pl\/fr\/wp-json\/wp\/v2\/pages\/9996\/revisions"}],"up":[{"embeddable":true,"href":"https:\/\/www.it.tarnow.pl\/fr\/wp-json\/wp\/v2\/pages\/9990"}],"wp:attachment":[{"href":"https:\/\/www.it.tarnow.pl\/fr\/wp-json\/wp\/v2\/media?parent=9996"}],"wp:term":[{"taxonomy":"post_tag","embeddable":true,"href":"https:\/\/www.it.tarnow.pl\/fr\/wp-json\/wp\/v2\/tags?post=9996"}],"curies":[{"name":"wp","href":"https:\/\/api.w.org\/{rel}","templated":true}]}}