{"id":9995,"date":"2010-08-26T13:38:52","date_gmt":"2010-08-26T11:38:52","guid":{"rendered":"http:\/\/www.it.tarnow.pl\/lethnographie-et-le-folklore\/"},"modified":"2020-03-04T15:54:00","modified_gmt":"2020-03-04T14:54:00","slug":"lethnographie-et-le-folklore","status":"publish","type":"page","link":"https:\/\/www.it.tarnow.pl\/fr\/attractions\/lethnographie-et-le-folklore\/","title":{"rendered":"L&rsquo;ethnographie et le folklore"},"content":{"rendered":"<p><img loading=\"lazy\" decoding=\"async\" width=\"400\" height=\"300\" class=\"size-medium alignright wp-image-21106\" src=\"http:\/\/www.it.tarnow.pl\/wp-content\/uploads\/2019\/02\/Zalipie-Malowana-Wies-4-400x300.jpg\" alt=\"\" srcset=\"https:\/\/www.it.tarnow.pl\/wp-content\/uploads\/2019\/02\/Zalipie-Malowana-Wies-4-400x300.jpg 400w, https:\/\/www.it.tarnow.pl\/wp-content\/uploads\/2019\/02\/Zalipie-Malowana-Wies-4-768x576.jpg 768w, https:\/\/www.it.tarnow.pl\/wp-content\/uploads\/2019\/02\/Zalipie-Malowana-Wies-4-650x488.jpg 650w, https:\/\/www.it.tarnow.pl\/wp-content\/uploads\/2019\/02\/Zalipie-Malowana-Wies-4-300x225.jpg 300w, https:\/\/www.it.tarnow.pl\/wp-content\/uploads\/2019\/02\/Zalipie-Malowana-Wies-4.jpg 1024w\" sizes=\"auto, (max-width: 400px) 100vw, 400px\" \/><\/p>\r\n<p>Dans la r\u00e9gion de Tarn\u00f3w nombreux sont les lieux o\u00f9 la tradition, la culture et l\u2019art populaire se sont maintenus. Chaque dimanche des Rameaux ( une semaine avant P\u00e2ques), \u00e0 Lipnica Murowana on peut admirer les rameaux de P\u00e2ques qui arrivent parfois \u00e0 30 m de hauteur. A Zalipie, les fermi\u00e8res d\u00e9corent non seulement leurs maisons mais aussi le mobilier de motifs floraux. A Jastrzebia, pr\u00e8s de Ciezkowice, on peut go\u00fbter le pain traditionnel. Au Mus\u00e9e Ethnographique on peut visiter une exposition fixe unique en Europe consacr\u00e9e \u00e0 la vie et \u00e0 la culture des Tsiganes.<\/p>\r\n<p>&nbsp;<\/p>\r\n<p>&nbsp;<\/p>\r\n<p><img loading=\"lazy\" decoding=\"async\" width=\"400\" height=\"300\" class=\"size-medium alignright wp-image-21628\" src=\"http:\/\/www.it.tarnow.pl\/wp-content\/uploads\/2019\/02\/TARNOW-Muzeum-Etnograficzne-2-400x300.jpg\" alt=\"\" srcset=\"https:\/\/www.it.tarnow.pl\/wp-content\/uploads\/2019\/02\/TARNOW-Muzeum-Etnograficzne-2-400x300.jpg 400w, https:\/\/www.it.tarnow.pl\/wp-content\/uploads\/2019\/02\/TARNOW-Muzeum-Etnograficzne-2-768x576.jpg 768w, https:\/\/www.it.tarnow.pl\/wp-content\/uploads\/2019\/02\/TARNOW-Muzeum-Etnograficzne-2-650x488.jpg 650w, https:\/\/www.it.tarnow.pl\/wp-content\/uploads\/2019\/02\/TARNOW-Muzeum-Etnograficzne-2-300x225.jpg 300w, https:\/\/www.it.tarnow.pl\/wp-content\/uploads\/2019\/02\/TARNOW-Muzeum-Etnograficzne-2.jpg 1024w\" sizes=\"auto, (max-width: 400px) 100vw, 400px\" \/><\/p>\r\n<p>Le <b>Mus\u00e9e Ethnographique <\/b>de Tarn\u00f3w abrite la premi\u00e8re en Europe exposition fixe consacr\u00e9e \u00e0 la culture et l\u2019histoire des Tsiganes. L\u2019exposition embrasse des roulottes boh\u00e9miennes, costumes, outils. Il vaut la peine d\u2019y venir en printemps ou en automne quand on organise des f\u00eates en plein aire et vers fin juillet quand part de Tarn\u00f3w la derni\u00e8re en Pologne troupe de Tsiganes.<\/p>\r\n<p><img loading=\"lazy\" decoding=\"async\" width=\"120\" height=\"162\" class=\"size-reference alignleft wp-image-35695\" src=\"http:\/\/www.it.tarnow.pl\/wp-content\/uploads\/2019\/02\/Lipnica_Easter_Palm_Contest_small.jpg\" alt=\"\" \/><\/p>\r\n<p>&nbsp;<\/p>\r\n<p>&nbsp;<\/p>\r\n<p>&nbsp;<\/p>\r\n<p><b>Lipnica Murowana<\/b> \u2013 ce petit village qui a conserv\u00e9 sa disposition m\u00e9di\u00e9vale est c\u00e9l\u00e8bre gr\u00e2ce au concours annuel des rameaux des P\u00e2ques \u2013 ceux qui gagnent atteignent parfois \u00e0 35 m\u00e8tres de hauteu.<\/p>\r\n<p>&nbsp;<\/p>\r\n<p>&nbsp;<\/p>\r\n<p>&nbsp;<\/p>\r\n<p><img loading=\"lazy\" decoding=\"async\" width=\"400\" height=\"300\" class=\"size-medium alignright wp-image-22480\" src=\"http:\/\/www.it.tarnow.pl\/wp-content\/uploads\/2019\/02\/Zalipie-Malowana-Wies-7-400x300.jpg\" alt=\"\" srcset=\"https:\/\/www.it.tarnow.pl\/wp-content\/uploads\/2019\/02\/Zalipie-Malowana-Wies-7-400x300.jpg 400w, https:\/\/www.it.tarnow.pl\/wp-content\/uploads\/2019\/02\/Zalipie-Malowana-Wies-7-768x576.jpg 768w, https:\/\/www.it.tarnow.pl\/wp-content\/uploads\/2019\/02\/Zalipie-Malowana-Wies-7-650x488.jpg 650w, https:\/\/www.it.tarnow.pl\/wp-content\/uploads\/2019\/02\/Zalipie-Malowana-Wies-7-300x225.jpg 300w, https:\/\/www.it.tarnow.pl\/wp-content\/uploads\/2019\/02\/Zalipie-Malowana-Wies-7.jpg 1024w\" sizes=\"auto, (max-width: 400px) 100vw, 400px\" \/><\/p>\r\n<p><b>Zalipie<\/b>, l\u2019unique \u00ab village peint \u00bb en Pologne. Actuellement \u00e0\u00a0\u00a0Zalipie on peut voir une trentaine de fermes dont les murs sont orn\u00e9s de motifs floraux. Dans la Ferme de Felicja Cury\u0142owa (actuellement filiale du Mus\u00e9e R\u00e9gional de Tarn\u00f3w) on peut admirer la d\u00e9coration interne et externe.<\/p>\r\n<p>&nbsp;<\/p>\r\n<p>Plus d&rsquo;information sur\u00a0 Zalipie se trouve sur le site: <a href=\"http:\/\/zalipie.tarnow.travel\/\">http:\/\/zalipie.tarnow.travel\/<\/a><\/p>\r\n<p>Le plan de village Zalipie: <a href=\"http:\/\/zalipie.tarnow.travel\/mapa-zalipie\/\">http:\/\/zalipie.tarnow.travel\/mapa-zalipie\/<\/a><\/p>\r\n<p>Les horaires de bus qui passent \u00e0 c\u00f4t\u00e9 de Zalipie: <a href=\"http:\/\/www.plawecki.org\/s-tarnow-greboszow-bieniaszowice,4,12.html\">http:\/\/www.plawecki.org\/s-tarnow-greboszow-bieniaszowice,4,12.html<\/a><\/p>\r\n<p>&nbsp;<\/p>\r\n<p>&nbsp;<\/p>\r\n<p><b>Agrotourisme<\/b> La r\u00e9gion de Tarn\u00f3w offre de superbes vacances \u00e0 toute la famille dans les fermes agro-touristiques qui sont presque 200. L\u2019hospitalit\u00e9, la cuisine traditionnelle, un haut standard de qualit\u00e9 et des prix bas incitent, non seulement des habitants d\u2019autres r\u00e9gions de la Pologne , mais aussi des visiteurs \u00e9trangers de plus en plus nombreux \u00e0 venir se reposer \u00e0 la campagne \u00e0 Tarn\u00f3w. R\u00e9colte des champignons, p\u00eache, \u00e9quitation ou visite des environs font le plus souvent partie de l\u2019offre estivale des propri\u00e9taires. En revanche l\u2019offre hivernale est domin\u00e9e par des promenades en tra\u00eeneaux et des remonte-pentes.<\/p>","protected":false},"excerpt":{"rendered":"Dans la r\u00e9gion de Tarn\u00f3w nombreux sont les lieux o\u00f9 la tradition, la culture et l\u2019art populaire se sont maintenus. Chaque dimanche des Rameaux ( une semaine avant P\u00e2ques), \u00e0 [&hellip;]","protected":false},"author":1,"featured_media":0,"parent":9990,"menu_order":210,"comment_status":"closed","ping_status":"closed","template":"","meta":{"_acf_changed":false,"footnotes":""},"tags":[],"class_list":["post-9995","page","type-page","status-publish","hentry"],"acf":{"old_object_id":"5763","old_parent_id":"5857","old_url":"Attractions\/L-ethnographie-et-le-folklore","intro_text":"<p><img loading=\"lazy\" decoding=\"async\" width=\"400\" height=\"300\" class=\"size-medium alignleft wp-image-21106\" src=\"http:\/\/www.it.tarnow.pl\/wp-content\/uploads\/2019\/02\/Zalipie-Malowana-Wies-4-400x300.jpg\" alt=\"\" srcset=\"https:\/\/www.it.tarnow.pl\/wp-content\/uploads\/2019\/02\/Zalipie-Malowana-Wies-4-400x300.jpg 400w, https:\/\/www.it.tarnow.pl\/wp-content\/uploads\/2019\/02\/Zalipie-Malowana-Wies-4-768x576.jpg 768w, https:\/\/www.it.tarnow.pl\/wp-content\/uploads\/2019\/02\/Zalipie-Malowana-Wies-4-650x488.jpg 650w, https:\/\/www.it.tarnow.pl\/wp-content\/uploads\/2019\/02\/Zalipie-Malowana-Wies-4-300x225.jpg 300w, https:\/\/www.it.tarnow.pl\/wp-content\/uploads\/2019\/02\/Zalipie-Malowana-Wies-4.jpg 1024w\" sizes=\"auto, (max-width: 400px) 100vw, 400px\" \/><\/p>\n<p>Dans la r\u00e9gion de Tarn\u00f3w nombreux sont les lieux o\u00f9 la tradition, la culture et l\u2019art populaire se sont maintenus. Chaque dimanche des Rameaux ( une semaine avant P\u00e2ques), \u00e0 Lipnica Murowana on peut admirer les rameaux de P\u00e2ques qui arrivent parfois \u00e0 30 m de hauteur. A Zalipie, les fermi\u00e8res d\u00e9corent non seulement leurs maisons mais aussi le mobilier de motifs floraux. A Jastrzebia, pr\u00e8s de Ciezkowice, on peut go\u00fbter le pain traditionnel. Au Mus\u00e9e Ethnographique on peut visiter une exposition fixe unique en Europe consacr\u00e9e \u00e0 la vie et \u00e0 la culture des Tsiganes.<\/p>\n","show_children":"1","class":"folder","type":"single","in_menu":true,"show_date":false,"map":"","old_id":"","rooms_info":"","top_column":"","left_column":"","right_column":"","bottom_column":"","skip_import":false,"_menu_related_id":"102269"},"yoast_head":"<!-- This site is optimized with the Yoast SEO Premium plugin v25.4 (Yoast SEO v25.4) - https:\/\/yoast.com\/wordpress\/plugins\/seo\/ -->\n<title>L&#039;ethnographie et le folklore - Tarnowskie Centrum Informacji<\/title>\n<meta name=\"robots\" content=\"index, follow, max-snippet:-1, max-image-preview:large, max-video-preview:-1\" \/>\n<link rel=\"canonical\" href=\"https:\/\/www.it.tarnow.pl\/fr\/attractions\/lethnographie-et-le-folklore\/\" \/>\n<meta property=\"og:locale\" content=\"fr_FR\" \/>\n<meta property=\"og:type\" content=\"article\" \/>\n<meta property=\"og:title\" content=\"L&#039;ethnographie et le folklore\" \/>\n<meta property=\"og:description\" content=\"Dans la r\u00e9gion de Tarn\u00f3w nombreux sont les lieux o\u00f9 la tradition, la culture et l\u2019art populaire se sont maintenus. Chaque dimanche des Rameaux ( une semaine avant P\u00e2ques), \u00e0 [&hellip;]\" \/>\n<meta property=\"og:url\" content=\"https:\/\/www.it.tarnow.pl\/fr\/attractions\/lethnographie-et-le-folklore\/\" \/>\n<meta property=\"og:site_name\" content=\"Tarnowskie Centrum Informacji\" \/>\n<meta property=\"article:modified_time\" content=\"2020-03-04T14:54:00+00:00\" \/>\n<meta property=\"og:image\" content=\"http:\/\/www.it.tarnow.pl\/wp-content\/uploads\/2019\/02\/Zalipie-Malowana-Wies-4-400x300.jpg\" \/>\n<meta name=\"twitter:card\" content=\"summary_large_image\" \/>\n<meta name=\"twitter:label1\" content=\"Dur\u00e9e de lecture estim\u00e9e\" \/>\n\t<meta name=\"twitter:data1\" content=\"2 minutes\" \/>\n<script type=\"application\/ld+json\" class=\"yoast-schema-graph\">{\"@context\":\"https:\/\/schema.org\",\"@graph\":[{\"@type\":\"WebPage\",\"@id\":\"https:\/\/www.it.tarnow.pl\/fr\/attractions\/lethnographie-et-le-folklore\/\",\"url\":\"https:\/\/www.it.tarnow.pl\/fr\/attractions\/lethnographie-et-le-folklore\/\",\"name\":\"L'ethnographie et le folklore - Tarnowskie Centrum Informacji\",\"isPartOf\":{\"@id\":\"https:\/\/www.it.tarnow.pl\/#website\"},\"primaryImageOfPage\":{\"@id\":\"https:\/\/www.it.tarnow.pl\/fr\/attractions\/lethnographie-et-le-folklore\/#primaryimage\"},\"image\":{\"@id\":\"https:\/\/www.it.tarnow.pl\/fr\/attractions\/lethnographie-et-le-folklore\/#primaryimage\"},\"thumbnailUrl\":\"http:\/\/www.it.tarnow.pl\/wp-content\/uploads\/2019\/02\/Zalipie-Malowana-Wies-4-400x300.jpg\",\"datePublished\":\"2010-08-26T11:38:52+00:00\",\"dateModified\":\"2020-03-04T14:54:00+00:00\",\"breadcrumb\":{\"@id\":\"https:\/\/www.it.tarnow.pl\/fr\/attractions\/lethnographie-et-le-folklore\/#breadcrumb\"},\"inLanguage\":\"fr-FR\",\"potentialAction\":[{\"@type\":\"ReadAction\",\"target\":[\"https:\/\/www.it.tarnow.pl\/fr\/attractions\/lethnographie-et-le-folklore\/\"]}]},{\"@type\":\"ImageObject\",\"inLanguage\":\"fr-FR\",\"@id\":\"https:\/\/www.it.tarnow.pl\/fr\/attractions\/lethnographie-et-le-folklore\/#primaryimage\",\"url\":\"http:\/\/www.it.tarnow.pl\/wp-content\/uploads\/2019\/02\/Zalipie-Malowana-Wies-4-400x300.jpg\",\"contentUrl\":\"http:\/\/www.it.tarnow.pl\/wp-content\/uploads\/2019\/02\/Zalipie-Malowana-Wies-4-400x300.jpg\"},{\"@type\":\"BreadcrumbList\",\"@id\":\"https:\/\/www.it.tarnow.pl\/fr\/attractions\/lethnographie-et-le-folklore\/#breadcrumb\",\"itemListElement\":[{\"@type\":\"ListItem\",\"position\":1,\"name\":\"Page d'accueil\",\"item\":\"https:\/\/www.it.tarnow.pl\/fr\/\"},{\"@type\":\"ListItem\",\"position\":2,\"name\":\"Attractions\",\"item\":\"https:\/\/www.it.tarnow.pl\/fr\/attractions\/\"},{\"@type\":\"ListItem\",\"position\":3,\"name\":\"L&#8217;ethnographie et le folklore\"}]},{\"@type\":\"WebSite\",\"@id\":\"https:\/\/www.it.tarnow.pl\/#website\",\"url\":\"https:\/\/www.it.tarnow.pl\/\",\"name\":\"Tarnowskie Centrum Informacji\",\"description\":\"Informacja turystyczna o Tarnowie i regionie tarnowskim.\",\"potentialAction\":[{\"@type\":\"SearchAction\",\"target\":{\"@type\":\"EntryPoint\",\"urlTemplate\":\"https:\/\/www.it.tarnow.pl\/?s={search_term_string}\"},\"query-input\":{\"@type\":\"PropertyValueSpecification\",\"valueRequired\":true,\"valueName\":\"search_term_string\"}}],\"inLanguage\":\"fr-FR\"}]}<\/script>\n<!-- \/ Yoast SEO Premium plugin. -->","yoast_head_json":{"title":"L'ethnographie et le folklore - Tarnowskie Centrum Informacji","robots":{"index":"index","follow":"follow","max-snippet":"max-snippet:-1","max-image-preview":"max-image-preview:large","max-video-preview":"max-video-preview:-1"},"canonical":"https:\/\/www.it.tarnow.pl\/fr\/attractions\/lethnographie-et-le-folklore\/","og_locale":"fr_FR","og_type":"article","og_title":"L'ethnographie et le folklore","og_description":"Dans la r\u00e9gion de Tarn\u00f3w nombreux sont les lieux o\u00f9 la tradition, la culture et l\u2019art populaire se sont maintenus. Chaque dimanche des Rameaux ( une semaine avant P\u00e2ques), \u00e0 [&hellip;]","og_url":"https:\/\/www.it.tarnow.pl\/fr\/attractions\/lethnographie-et-le-folklore\/","og_site_name":"Tarnowskie Centrum Informacji","article_modified_time":"2020-03-04T14:54:00+00:00","og_image":[{"url":"http:\/\/www.it.tarnow.pl\/wp-content\/uploads\/2019\/02\/Zalipie-Malowana-Wies-4-400x300.jpg","type":"","width":"","height":""}],"twitter_card":"summary_large_image","twitter_misc":{"Dur\u00e9e de lecture estim\u00e9e":"2 minutes"},"schema":{"@context":"https:\/\/schema.org","@graph":[{"@type":"WebPage","@id":"https:\/\/www.it.tarnow.pl\/fr\/attractions\/lethnographie-et-le-folklore\/","url":"https:\/\/www.it.tarnow.pl\/fr\/attractions\/lethnographie-et-le-folklore\/","name":"L'ethnographie et le folklore - Tarnowskie Centrum Informacji","isPartOf":{"@id":"https:\/\/www.it.tarnow.pl\/#website"},"primaryImageOfPage":{"@id":"https:\/\/www.it.tarnow.pl\/fr\/attractions\/lethnographie-et-le-folklore\/#primaryimage"},"image":{"@id":"https:\/\/www.it.tarnow.pl\/fr\/attractions\/lethnographie-et-le-folklore\/#primaryimage"},"thumbnailUrl":"http:\/\/www.it.tarnow.pl\/wp-content\/uploads\/2019\/02\/Zalipie-Malowana-Wies-4-400x300.jpg","datePublished":"2010-08-26T11:38:52+00:00","dateModified":"2020-03-04T14:54:00+00:00","breadcrumb":{"@id":"https:\/\/www.it.tarnow.pl\/fr\/attractions\/lethnographie-et-le-folklore\/#breadcrumb"},"inLanguage":"fr-FR","potentialAction":[{"@type":"ReadAction","target":["https:\/\/www.it.tarnow.pl\/fr\/attractions\/lethnographie-et-le-folklore\/"]}]},{"@type":"ImageObject","inLanguage":"fr-FR","@id":"https:\/\/www.it.tarnow.pl\/fr\/attractions\/lethnographie-et-le-folklore\/#primaryimage","url":"http:\/\/www.it.tarnow.pl\/wp-content\/uploads\/2019\/02\/Zalipie-Malowana-Wies-4-400x300.jpg","contentUrl":"http:\/\/www.it.tarnow.pl\/wp-content\/uploads\/2019\/02\/Zalipie-Malowana-Wies-4-400x300.jpg"},{"@type":"BreadcrumbList","@id":"https:\/\/www.it.tarnow.pl\/fr\/attractions\/lethnographie-et-le-folklore\/#breadcrumb","itemListElement":[{"@type":"ListItem","position":1,"name":"Page d'accueil","item":"https:\/\/www.it.tarnow.pl\/fr\/"},{"@type":"ListItem","position":2,"name":"Attractions","item":"https:\/\/www.it.tarnow.pl\/fr\/attractions\/"},{"@type":"ListItem","position":3,"name":"L&#8217;ethnographie et le folklore"}]},{"@type":"WebSite","@id":"https:\/\/www.it.tarnow.pl\/#website","url":"https:\/\/www.it.tarnow.pl\/","name":"Tarnowskie Centrum Informacji","description":"Informacja turystyczna o Tarnowie i regionie tarnowskim.","potentialAction":[{"@type":"SearchAction","target":{"@type":"EntryPoint","urlTemplate":"https:\/\/www.it.tarnow.pl\/?s={search_term_string}"},"query-input":{"@type":"PropertyValueSpecification","valueRequired":true,"valueName":"search_term_string"}}],"inLanguage":"fr-FR"}]}},"_links":{"self":[{"href":"https:\/\/www.it.tarnow.pl\/fr\/wp-json\/wp\/v2\/pages\/9995","targetHints":{"allow":["GET"]}}],"collection":[{"href":"https:\/\/www.it.tarnow.pl\/fr\/wp-json\/wp\/v2\/pages"}],"about":[{"href":"https:\/\/www.it.tarnow.pl\/fr\/wp-json\/wp\/v2\/types\/page"}],"author":[{"embeddable":true,"href":"https:\/\/www.it.tarnow.pl\/fr\/wp-json\/wp\/v2\/users\/1"}],"replies":[{"embeddable":true,"href":"https:\/\/www.it.tarnow.pl\/fr\/wp-json\/wp\/v2\/comments?post=9995"}],"version-history":[{"count":0,"href":"https:\/\/www.it.tarnow.pl\/fr\/wp-json\/wp\/v2\/pages\/9995\/revisions"}],"up":[{"embeddable":true,"href":"https:\/\/www.it.tarnow.pl\/fr\/wp-json\/wp\/v2\/pages\/9990"}],"wp:attachment":[{"href":"https:\/\/www.it.tarnow.pl\/fr\/wp-json\/wp\/v2\/media?parent=9995"}],"wp:term":[{"taxonomy":"post_tag","embeddable":true,"href":"https:\/\/www.it.tarnow.pl\/fr\/wp-json\/wp\/v2\/tags?post=9995"}],"curies":[{"name":"wp","href":"https:\/\/api.w.org\/{rel}","templated":true}]}}