{"id":9994,"date":"2010-08-26T13:28:45","date_gmt":"2010-08-26T11:28:45","guid":{"rendered":"http:\/\/www.it.tarnow.pl\/architecture-sacree-en-bois\/"},"modified":"2019-04-03T15:19:02","modified_gmt":"2019-04-03T13:19:02","slug":"architecture-sacree-en-bois","status":"publish","type":"page","link":"https:\/\/www.it.tarnow.pl\/fr\/attractions\/architecture-sacree-en-bois\/","title":{"rendered":"Architecture sacr\u00e9e en bois"},"content":{"rendered":"<img loading=\"lazy\" decoding=\"async\" width=\"300\" height=\"400\" class=\"size-medium alignright wp-image-24497\" src=\"http:\/\/www.it.tarnow.pl\/wp-content\/uploads\/2019\/02\/Kosciol-pw.-sw.-Jana-Chrzciciela-w-Rzepienniku-Biskupim-2-300x400.jpg\" alt=\"\" srcset=\"https:\/\/www.it.tarnow.pl\/wp-content\/uploads\/2019\/02\/Kosciol-pw.-sw.-Jana-Chrzciciela-w-Rzepienniku-Biskupim-2-300x400.jpg 300w, https:\/\/www.it.tarnow.pl\/wp-content\/uploads\/2019\/02\/Kosciol-pw.-sw.-Jana-Chrzciciela-w-Rzepienniku-Biskupim-2-768x1023.jpg 768w, https:\/\/www.it.tarnow.pl\/wp-content\/uploads\/2019\/02\/Kosciol-pw.-sw.-Jana-Chrzciciela-w-Rzepienniku-Biskupim-2-488x650.jpg 488w, https:\/\/www.it.tarnow.pl\/wp-content\/uploads\/2019\/02\/Kosciol-pw.-sw.-Jana-Chrzciciela-w-Rzepienniku-Biskupim-2-225x300.jpg 225w, https:\/\/www.it.tarnow.pl\/wp-content\/uploads\/2019\/02\/Kosciol-pw.-sw.-Jana-Chrzciciela-w-Rzepienniku-Biskupim-2.jpg 769w\" sizes=\"auto, (max-width: 300px) 100vw, 300px\" \/><p>\u00a0<\/p>\n<p>La richesse \u00e9norme et l\u2019attraction de l\u2019architecture en bois de la Petite Pologne sontind\u00e9niables. \u00c0 l\u2019\u00e9poque on construisait en bois des maisons rustiques campagnardes, desauberges, des manoirs pour la noblesse et des \u00e9glises. Les plus vieilles constructions en bois datent du XVe s. Le groupe des b\u00e2timents de caract\u00e8re sacr\u00e9 est le plus nombreux parmi les monuments en bois. Jusqu&rsquo;\u00e0 aujourd\u2019hui ont surv\u00e9cu quelques dizaines d\u2019\u00e9glises en bois \u2013 peut-\u00eatre les plus beaux symboles d\u2019attachement \u00e0 la religion et \u00e0 la tradition. Les plus anciennes viennent de la premi\u00e8re moiti\u00e9 du XVe s., les plus r\u00e9centes des ann\u00e9es \u201920 du XXe. En grande partie ce sont des b\u00e2timents construits dans une technique de charpentage \u00e0 une nef, avec de hautes toitures couvertes de bardeaux ou de t\u00f4le. La plupart d\u2019entr\u2019elles poss\u00e8dent \u00e0 l\u2019ouest des tours et des auvents appel\u00e9s \u00ab samedi \u00bb qui servaient d\u2019abri aux p\u00e8lerins.<\/p>\n<p>\u00a0<\/p>\n<p>\u00a0<\/p>\n<p>\u00a0<\/p>\n<p>\u00a0<\/p>\n<p>\u00a0<\/p> <img loading=\"lazy\" decoding=\"async\" width=\"400\" height=\"300\" class=\"size-medium alignleft wp-image-25617\" src=\"http:\/\/www.it.tarnow.pl\/wp-content\/uploads\/2019\/02\/Lipnica-Murowana-Kosciol-p.w.-Sw.-Leonarda-1-400x300.jpg\" alt=\"\" srcset=\"https:\/\/www.it.tarnow.pl\/wp-content\/uploads\/2019\/02\/Lipnica-Murowana-Kosciol-p.w.-Sw.-Leonarda-1-400x300.jpg 400w, https:\/\/www.it.tarnow.pl\/wp-content\/uploads\/2019\/02\/Lipnica-Murowana-Kosciol-p.w.-Sw.-Leonarda-1-768x576.jpg 768w, https:\/\/www.it.tarnow.pl\/wp-content\/uploads\/2019\/02\/Lipnica-Murowana-Kosciol-p.w.-Sw.-Leonarda-1-650x488.jpg 650w, https:\/\/www.it.tarnow.pl\/wp-content\/uploads\/2019\/02\/Lipnica-Murowana-Kosciol-p.w.-Sw.-Leonarda-1-300x225.jpg 300w, https:\/\/www.it.tarnow.pl\/wp-content\/uploads\/2019\/02\/Lipnica-Murowana-Kosciol-p.w.-Sw.-Leonarda-1.jpg 1024w\" sizes=\"auto, (max-width: 400px) 100vw, 400px\" \/><p><b>Lipnica Murowana<\/b> \u2013 \u00c9glise St. L\u00e9onard, de la fin du XVe s.; son int\u00e9rieur est d\u00e9cor\u00e9 de pr\u00e9cieuses peintures du XVI-XVIIIe s.<\/p>\n<p>Elle est parmi les plus int\u00e9ressantes et les mieux conserv\u00e9es des \u00e9glises m\u00e9di\u00e9vales en Pologne . <br>Elle fut inscrite en 2003 sur la Liste du Patrimoine Mondial Culturel et Naturel de l\u2019UNESCO.<\/p>\n<p>\u00a0<\/p> <img loading=\"lazy\" decoding=\"async\" width=\"400\" height=\"300\" class=\"size-medium alignright wp-image-21413\" src=\"http:\/\/www.it.tarnow.pl\/wp-content\/uploads\/2019\/02\/TARNOW-Kosciol-p.w.-Matki-Bozej-Szkaplerznej-2-400x300.jpg\" alt=\"\" srcset=\"https:\/\/www.it.tarnow.pl\/wp-content\/uploads\/2019\/02\/TARNOW-Kosciol-p.w.-Matki-Bozej-Szkaplerznej-2-400x300.jpg 400w, https:\/\/www.it.tarnow.pl\/wp-content\/uploads\/2019\/02\/TARNOW-Kosciol-p.w.-Matki-Bozej-Szkaplerznej-2-768x576.jpg 768w, https:\/\/www.it.tarnow.pl\/wp-content\/uploads\/2019\/02\/TARNOW-Kosciol-p.w.-Matki-Bozej-Szkaplerznej-2-650x488.jpg 650w, https:\/\/www.it.tarnow.pl\/wp-content\/uploads\/2019\/02\/TARNOW-Kosciol-p.w.-Matki-Bozej-Szkaplerznej-2-300x225.jpg 300w, https:\/\/www.it.tarnow.pl\/wp-content\/uploads\/2019\/02\/TARNOW-Kosciol-p.w.-Matki-Bozej-Szkaplerznej-2.jpg 1024w\" sizes=\"auto, (max-width: 400px) 100vw, 400px\" \/><p>\u00a0<\/p>\n<p>\u00a0<\/p>\n<p>\u00a0<\/p>\n<p><b>Tarn\u00f3w<\/b> &#8211; L\u2019\u00c9glise Notre Dame sur la Burek &#8211; consacr\u00e9e en 1440. Construite dans l\u2019esprit de l\u2019architecture gothique en bois. Sur le ma\u00eetre-autel se trouve la peinture (du XVIe s.) de la M\u00e8re de Dieu avec l\u2019Enfant J\u00e9sus qui est c\u00e9l\u00e8bre pour ses gr\u00e2ces.<\/p>\n<p>\u00a0<\/p> <img loading=\"lazy\" decoding=\"async\" width=\"400\" height=\"300\" class=\"size-medium alignleft wp-image-21593\" src=\"http:\/\/www.it.tarnow.pl\/wp-content\/uploads\/2019\/02\/Zawada-Kosciol-p.w.-sw.-Marcina-1-400x300.jpg\" alt=\"\" srcset=\"https:\/\/www.it.tarnow.pl\/wp-content\/uploads\/2019\/02\/Zawada-Kosciol-p.w.-sw.-Marcina-1-400x300.jpg 400w, https:\/\/www.it.tarnow.pl\/wp-content\/uploads\/2019\/02\/Zawada-Kosciol-p.w.-sw.-Marcina-1-768x576.jpg 768w, https:\/\/www.it.tarnow.pl\/wp-content\/uploads\/2019\/02\/Zawada-Kosciol-p.w.-sw.-Marcina-1-650x488.jpg 650w, https:\/\/www.it.tarnow.pl\/wp-content\/uploads\/2019\/02\/Zawada-Kosciol-p.w.-sw.-Marcina-1-300x225.jpg 300w, https:\/\/www.it.tarnow.pl\/wp-content\/uploads\/2019\/02\/Zawada-Kosciol-p.w.-sw.-Marcina-1.jpg 1024w\" sizes=\"auto, (max-width: 400px) 100vw, 400px\" \/><p>\u00a0<\/p>\n<p>\u00a0<\/p>\n<p><b>Zawada<\/b> \u2013 \u00c9glise St. Martin \u2013 construite au XVe s., elle fut transform\u00e9e \u00e0 plusieurs reprises en Gothique tardif. M\u00e9ritent attention les portails ogivaux et les ferrures du style gothique.<\/p>\n<p>\u00a0<\/p> <img loading=\"lazy\" decoding=\"async\" width=\"400\" height=\"300\" class=\"size-medium alignright wp-image-21095\" src=\"http:\/\/www.it.tarnow.pl\/wp-content\/uploads\/2019\/02\/Skrzyszow-Kosciol-p.w.-sw.-Stanislawa-Biskupa-2-400x300.jpg\" alt=\"\" srcset=\"https:\/\/www.it.tarnow.pl\/wp-content\/uploads\/2019\/02\/Skrzyszow-Kosciol-p.w.-sw.-Stanislawa-Biskupa-2-400x300.jpg 400w, https:\/\/www.it.tarnow.pl\/wp-content\/uploads\/2019\/02\/Skrzyszow-Kosciol-p.w.-sw.-Stanislawa-Biskupa-2-768x576.jpg 768w, https:\/\/www.it.tarnow.pl\/wp-content\/uploads\/2019\/02\/Skrzyszow-Kosciol-p.w.-sw.-Stanislawa-Biskupa-2-650x488.jpg 650w, https:\/\/www.it.tarnow.pl\/wp-content\/uploads\/2019\/02\/Skrzyszow-Kosciol-p.w.-sw.-Stanislawa-Biskupa-2-300x225.jpg 300w, https:\/\/www.it.tarnow.pl\/wp-content\/uploads\/2019\/02\/Skrzyszow-Kosciol-p.w.-sw.-Stanislawa-Biskupa-2.jpg 1024w\" sizes=\"auto, (max-width: 400px) 100vw, 400px\" \/><p>\u00a0<\/p>\n<p>\u00a0<\/p>\n<p>\u00a0<\/p>\n<p>\u00a0<\/p>\n<p><b>Skrzysz\u00f3w<\/b> \u2013 L\u2019\u00c9glise St. Stanislas \u2013 construite en 1517 gr\u00e2ce \u00e0 la fondation de Jan Amor Tarnowski par le charpentier Jan z Czchowa \u2013 comme nous en informe une signature subsistante sur le portail. C\u2019est la plus grande \u00e9glise en bois de la Petite Pologne et en m\u00eame temps l\u2019une des plus belles.<\/p>\n<p>\u00a0<\/p> <img loading=\"lazy\" decoding=\"async\" width=\"300\" height=\"400\" class=\"size-medium alignleft wp-image-24502\" src=\"http:\/\/www.it.tarnow.pl\/wp-content\/uploads\/2019\/02\/Jastrzebia-Kosciol-p.w.-sw.-Bartlomieja-Apostola-1-300x400.jpg\" alt=\"\" srcset=\"https:\/\/www.it.tarnow.pl\/wp-content\/uploads\/2019\/02\/Jastrzebia-Kosciol-p.w.-sw.-Bartlomieja-Apostola-1-300x400.jpg 300w, https:\/\/www.it.tarnow.pl\/wp-content\/uploads\/2019\/02\/Jastrzebia-Kosciol-p.w.-sw.-Bartlomieja-Apostola-1.jpg 768w, https:\/\/www.it.tarnow.pl\/wp-content\/uploads\/2019\/02\/Jastrzebia-Kosciol-p.w.-sw.-Bartlomieja-Apostola-1-488x650.jpg 488w, https:\/\/www.it.tarnow.pl\/wp-content\/uploads\/2019\/02\/Jastrzebia-Kosciol-p.w.-sw.-Bartlomieja-Apostola-1-225x300.jpg 225w\" sizes=\"auto, (max-width: 300px) 100vw, 300px\" \/><p>\u00a0<\/p>\n<p>\u00a0<\/p>\n<p>\u00a0<\/p>\n<p><b>Jastrz\u0119bia<\/b> \u2013 L\u2019\u00c9glise St. Barth\u00e9l\u00e9my l\u2019Ap\u00f4tre \u2013 du d\u00e9but du XVIe s. A l\u2019int\u00e9rieur on peut admirer des autels du baroque tardif, peintures, sculptures et fonds baptismaux en pierre renaissance-baroque. Dans le clocher a subsist\u00e9 la cloche gothique du XV\/XVIe s.<\/p>\n<p>\u00a0<\/p>\n<p>\u00a0<\/p>\n<p>\u00a0<\/p>\n<p>\u00a0<\/p>\n<p>\u00a0<\/p>\n<p>\u00a0<\/p>\n<p>\u00a0<\/p> <img loading=\"lazy\" decoding=\"async\" width=\"210\" height=\"280\" class=\"size-medium alignright wp-image-37027\" src=\"http:\/\/www.it.tarnow.pl\/wp-content\/uploads\/2019\/02\/ksc_terlikowka_medium.jpg\" alt=\"\"><p>\u00a0<\/p>\n<p>\u00a0<\/p>\n<p>\u00a0<\/p>\n<p><b>Tarn\u00f3w<\/b>\u00a0&#8211; L\u2019\u00c9glise\u00a0de Saint Trinit\u00e9\u00a0\u00e0 Terlikowka \u00e0\u00a0Tarn\u00f3w de II i\u00e8me moiti\u00e9 de XVIe s. Construite en bois en style gothique. Le ma\u00eetre-autel de style baroque du 17e siecle avec un tableau repr\u00e9sentant une Sainte Trinit\u00e9.<\/p>\n<p><a name=\"#Terlik%C3%B3wka\" id=\"#Terlik\u00f3wka\" href=\"\"><\/a><\/p>\n<p><b>\u00a0<\/b><\/p>","protected":false},"excerpt":{"rendered":"\u00a0 La richesse \u00e9norme et l\u2019attraction de l\u2019architecture en bois de la Petite Pologne sontind\u00e9niables. \u00c0 l\u2019\u00e9poque on construisait en bois des maisons rustiques campagnardes, desauberges, des manoirs pour la [&hellip;]","protected":false},"author":1,"featured_media":0,"parent":9990,"menu_order":179,"comment_status":"closed","ping_status":"closed","template":"","meta":{"_acf_changed":false,"footnotes":""},"tags":[],"class_list":["post-9994","page","type-page","status-publish","hentry"],"acf":{"in_menu":null,"show_date":null,"intro_text":"<img class=\"size-medium alignleft wp-image-21413\" src=\"http:\/\/www.it.tarnow.pl\/wp-content\/uploads\/2019\/02\/TARNOW-Kosciol-p.w.-Matki-Bozej-Szkaplerznej-2-400x300.jpg\" alt=\"\"><p>La richesse \u00e9norme et l\u2019attraction de l\u2019architecture en bois de la Petite Pologne sont ind\u00e9niables. \u00c0 l\u2019\u00e9poque on construisait en bois des maisons rustiques campagnardes, des auberges, des manoirs pour la noblesse et des \u00e9glises. Les plus vieilles constructions en bois datent du XVe s. Le groupe des b\u00e2timents de caract\u00e8re sacr\u00e9 est le plus nombreux parmi les monuments en bois. Jusqu'\u00e0 aujourd\u2019hui ont surv\u00e9cu quelques dizaines d\u2019\u00e9glises en bois \u2013 peut-\u00eatre les plus beaux symboles d\u2019attachement \u00e0 la religion et \u00e0 la tradition.<\/p>","map":null},"yoast_head":"<!-- This site is optimized with the Yoast SEO Premium plugin v25.4 (Yoast SEO v25.4) - https:\/\/yoast.com\/wordpress\/plugins\/seo\/ -->\n<title>Architecture sacr\u00e9e en bois - Tarnowskie Centrum Informacji<\/title>\n<meta name=\"robots\" content=\"index, follow, max-snippet:-1, max-image-preview:large, max-video-preview:-1\" \/>\n<link rel=\"canonical\" href=\"https:\/\/www.it.tarnow.pl\/fr\/attractions\/architecture-sacree-en-bois\/\" \/>\n<meta property=\"og:locale\" content=\"fr_FR\" \/>\n<meta property=\"og:type\" content=\"article\" \/>\n<meta property=\"og:title\" content=\"Architecture sacr\u00e9e en bois\" \/>\n<meta property=\"og:description\" content=\"\u00a0 La richesse \u00e9norme et l\u2019attraction de l\u2019architecture en bois de la Petite Pologne sontind\u00e9niables. \u00c0 l\u2019\u00e9poque on construisait en bois des maisons rustiques campagnardes, desauberges, des manoirs pour la [&hellip;]\" \/>\n<meta property=\"og:url\" content=\"https:\/\/www.it.tarnow.pl\/fr\/attractions\/architecture-sacree-en-bois\/\" \/>\n<meta property=\"og:site_name\" content=\"Tarnowskie Centrum Informacji\" \/>\n<meta property=\"article:modified_time\" content=\"2019-04-03T13:19:02+00:00\" \/>\n<meta property=\"og:image\" content=\"http:\/\/www.it.tarnow.pl\/wp-content\/uploads\/2019\/02\/Kosciol-pw.-sw.-Jana-Chrzciciela-w-Rzepienniku-Biskupim-2-300x400.jpg\" \/>\n<meta name=\"twitter:card\" content=\"summary_large_image\" \/>\n<meta name=\"twitter:label1\" content=\"Dur\u00e9e de lecture estim\u00e9e\" \/>\n\t<meta name=\"twitter:data1\" content=\"2 minutes\" \/>\n<script type=\"application\/ld+json\" class=\"yoast-schema-graph\">{\"@context\":\"https:\/\/schema.org\",\"@graph\":[{\"@type\":\"WebPage\",\"@id\":\"https:\/\/www.it.tarnow.pl\/fr\/attractions\/architecture-sacree-en-bois\/\",\"url\":\"https:\/\/www.it.tarnow.pl\/fr\/attractions\/architecture-sacree-en-bois\/\",\"name\":\"Architecture sacr\u00e9e en bois - Tarnowskie Centrum Informacji\",\"isPartOf\":{\"@id\":\"https:\/\/www.it.tarnow.pl\/#website\"},\"primaryImageOfPage\":{\"@id\":\"https:\/\/www.it.tarnow.pl\/fr\/attractions\/architecture-sacree-en-bois\/#primaryimage\"},\"image\":{\"@id\":\"https:\/\/www.it.tarnow.pl\/fr\/attractions\/architecture-sacree-en-bois\/#primaryimage\"},\"thumbnailUrl\":\"http:\/\/www.it.tarnow.pl\/wp-content\/uploads\/2019\/02\/Kosciol-pw.-sw.-Jana-Chrzciciela-w-Rzepienniku-Biskupim-2-300x400.jpg\",\"datePublished\":\"2010-08-26T11:28:45+00:00\",\"dateModified\":\"2019-04-03T13:19:02+00:00\",\"breadcrumb\":{\"@id\":\"https:\/\/www.it.tarnow.pl\/fr\/attractions\/architecture-sacree-en-bois\/#breadcrumb\"},\"inLanguage\":\"fr-FR\",\"potentialAction\":[{\"@type\":\"ReadAction\",\"target\":[\"https:\/\/www.it.tarnow.pl\/fr\/attractions\/architecture-sacree-en-bois\/\"]}]},{\"@type\":\"ImageObject\",\"inLanguage\":\"fr-FR\",\"@id\":\"https:\/\/www.it.tarnow.pl\/fr\/attractions\/architecture-sacree-en-bois\/#primaryimage\",\"url\":\"http:\/\/www.it.tarnow.pl\/wp-content\/uploads\/2019\/02\/Kosciol-pw.-sw.-Jana-Chrzciciela-w-Rzepienniku-Biskupim-2-300x400.jpg\",\"contentUrl\":\"http:\/\/www.it.tarnow.pl\/wp-content\/uploads\/2019\/02\/Kosciol-pw.-sw.-Jana-Chrzciciela-w-Rzepienniku-Biskupim-2-300x400.jpg\"},{\"@type\":\"BreadcrumbList\",\"@id\":\"https:\/\/www.it.tarnow.pl\/fr\/attractions\/architecture-sacree-en-bois\/#breadcrumb\",\"itemListElement\":[{\"@type\":\"ListItem\",\"position\":1,\"name\":\"Page d'accueil\",\"item\":\"https:\/\/www.it.tarnow.pl\/fr\/\"},{\"@type\":\"ListItem\",\"position\":2,\"name\":\"Attractions\",\"item\":\"https:\/\/www.it.tarnow.pl\/fr\/attractions\/\"},{\"@type\":\"ListItem\",\"position\":3,\"name\":\"Architecture sacr\u00e9e en bois\"}]},{\"@type\":\"WebSite\",\"@id\":\"https:\/\/www.it.tarnow.pl\/#website\",\"url\":\"https:\/\/www.it.tarnow.pl\/\",\"name\":\"Tarnowskie Centrum Informacji\",\"description\":\"Informacja turystyczna o Tarnowie i regionie tarnowskim.\",\"potentialAction\":[{\"@type\":\"SearchAction\",\"target\":{\"@type\":\"EntryPoint\",\"urlTemplate\":\"https:\/\/www.it.tarnow.pl\/?s={search_term_string}\"},\"query-input\":{\"@type\":\"PropertyValueSpecification\",\"valueRequired\":true,\"valueName\":\"search_term_string\"}}],\"inLanguage\":\"fr-FR\"}]}<\/script>\n<!-- \/ Yoast SEO Premium plugin. -->","yoast_head_json":{"title":"Architecture sacr\u00e9e en bois - Tarnowskie Centrum Informacji","robots":{"index":"index","follow":"follow","max-snippet":"max-snippet:-1","max-image-preview":"max-image-preview:large","max-video-preview":"max-video-preview:-1"},"canonical":"https:\/\/www.it.tarnow.pl\/fr\/attractions\/architecture-sacree-en-bois\/","og_locale":"fr_FR","og_type":"article","og_title":"Architecture sacr\u00e9e en bois","og_description":"\u00a0 La richesse \u00e9norme et l\u2019attraction de l\u2019architecture en bois de la Petite Pologne sontind\u00e9niables. \u00c0 l\u2019\u00e9poque on construisait en bois des maisons rustiques campagnardes, desauberges, des manoirs pour la [&hellip;]","og_url":"https:\/\/www.it.tarnow.pl\/fr\/attractions\/architecture-sacree-en-bois\/","og_site_name":"Tarnowskie Centrum Informacji","article_modified_time":"2019-04-03T13:19:02+00:00","og_image":[{"url":"http:\/\/www.it.tarnow.pl\/wp-content\/uploads\/2019\/02\/Kosciol-pw.-sw.-Jana-Chrzciciela-w-Rzepienniku-Biskupim-2-300x400.jpg","type":"","width":"","height":""}],"twitter_card":"summary_large_image","twitter_misc":{"Dur\u00e9e de lecture estim\u00e9e":"2 minutes"},"schema":{"@context":"https:\/\/schema.org","@graph":[{"@type":"WebPage","@id":"https:\/\/www.it.tarnow.pl\/fr\/attractions\/architecture-sacree-en-bois\/","url":"https:\/\/www.it.tarnow.pl\/fr\/attractions\/architecture-sacree-en-bois\/","name":"Architecture sacr\u00e9e en bois - Tarnowskie Centrum Informacji","isPartOf":{"@id":"https:\/\/www.it.tarnow.pl\/#website"},"primaryImageOfPage":{"@id":"https:\/\/www.it.tarnow.pl\/fr\/attractions\/architecture-sacree-en-bois\/#primaryimage"},"image":{"@id":"https:\/\/www.it.tarnow.pl\/fr\/attractions\/architecture-sacree-en-bois\/#primaryimage"},"thumbnailUrl":"http:\/\/www.it.tarnow.pl\/wp-content\/uploads\/2019\/02\/Kosciol-pw.-sw.-Jana-Chrzciciela-w-Rzepienniku-Biskupim-2-300x400.jpg","datePublished":"2010-08-26T11:28:45+00:00","dateModified":"2019-04-03T13:19:02+00:00","breadcrumb":{"@id":"https:\/\/www.it.tarnow.pl\/fr\/attractions\/architecture-sacree-en-bois\/#breadcrumb"},"inLanguage":"fr-FR","potentialAction":[{"@type":"ReadAction","target":["https:\/\/www.it.tarnow.pl\/fr\/attractions\/architecture-sacree-en-bois\/"]}]},{"@type":"ImageObject","inLanguage":"fr-FR","@id":"https:\/\/www.it.tarnow.pl\/fr\/attractions\/architecture-sacree-en-bois\/#primaryimage","url":"http:\/\/www.it.tarnow.pl\/wp-content\/uploads\/2019\/02\/Kosciol-pw.-sw.-Jana-Chrzciciela-w-Rzepienniku-Biskupim-2-300x400.jpg","contentUrl":"http:\/\/www.it.tarnow.pl\/wp-content\/uploads\/2019\/02\/Kosciol-pw.-sw.-Jana-Chrzciciela-w-Rzepienniku-Biskupim-2-300x400.jpg"},{"@type":"BreadcrumbList","@id":"https:\/\/www.it.tarnow.pl\/fr\/attractions\/architecture-sacree-en-bois\/#breadcrumb","itemListElement":[{"@type":"ListItem","position":1,"name":"Page d'accueil","item":"https:\/\/www.it.tarnow.pl\/fr\/"},{"@type":"ListItem","position":2,"name":"Attractions","item":"https:\/\/www.it.tarnow.pl\/fr\/attractions\/"},{"@type":"ListItem","position":3,"name":"Architecture sacr\u00e9e en bois"}]},{"@type":"WebSite","@id":"https:\/\/www.it.tarnow.pl\/#website","url":"https:\/\/www.it.tarnow.pl\/","name":"Tarnowskie Centrum Informacji","description":"Informacja turystyczna o Tarnowie i regionie tarnowskim.","potentialAction":[{"@type":"SearchAction","target":{"@type":"EntryPoint","urlTemplate":"https:\/\/www.it.tarnow.pl\/?s={search_term_string}"},"query-input":{"@type":"PropertyValueSpecification","valueRequired":true,"valueName":"search_term_string"}}],"inLanguage":"fr-FR"}]}},"_links":{"self":[{"href":"https:\/\/www.it.tarnow.pl\/fr\/wp-json\/wp\/v2\/pages\/9994","targetHints":{"allow":["GET"]}}],"collection":[{"href":"https:\/\/www.it.tarnow.pl\/fr\/wp-json\/wp\/v2\/pages"}],"about":[{"href":"https:\/\/www.it.tarnow.pl\/fr\/wp-json\/wp\/v2\/types\/page"}],"author":[{"embeddable":true,"href":"https:\/\/www.it.tarnow.pl\/fr\/wp-json\/wp\/v2\/users\/1"}],"replies":[{"embeddable":true,"href":"https:\/\/www.it.tarnow.pl\/fr\/wp-json\/wp\/v2\/comments?post=9994"}],"version-history":[{"count":0,"href":"https:\/\/www.it.tarnow.pl\/fr\/wp-json\/wp\/v2\/pages\/9994\/revisions"}],"up":[{"embeddable":true,"href":"https:\/\/www.it.tarnow.pl\/fr\/wp-json\/wp\/v2\/pages\/9990"}],"wp:attachment":[{"href":"https:\/\/www.it.tarnow.pl\/fr\/wp-json\/wp\/v2\/media?parent=9994"}],"wp:term":[{"taxonomy":"post_tag","embeddable":true,"href":"https:\/\/www.it.tarnow.pl\/fr\/wp-json\/wp\/v2\/tags?post=9994"}],"curies":[{"name":"wp","href":"https:\/\/api.w.org\/{rel}","templated":true}]}}