{"id":9992,"date":"2010-08-25T10:31:03","date_gmt":"2010-08-25T08:31:03","guid":{"rendered":"http:\/\/www.it.tarnow.pl\/savez-vous-ou-se-trouve\/"},"modified":"2021-11-18T13:48:58","modified_gmt":"2021-11-18T12:48:58","slug":"savez-vous-ou-se-trouve","status":"publish","type":"page","link":"https:\/\/www.it.tarnow.pl\/fr\/attractions\/savez-vous-ou-se-trouve\/","title":{"rendered":"Savez-vous o\u00f9 se trouve&#8230;"},"content":{"rendered":"<p><img loading=\"lazy\" decoding=\"async\" class=\"wp-image-205344 size-medium alignright\" src=\"http:\/\/www.it.tarnow.pl\/wp-content\/uploads\/2021\/06\/Tarn\u00f3w-Rynek-1-400x267.jpg\" alt=\"\" width=\"400\" height=\"267\" \/><\/p>\r\n<p><b>\u00ab\u00a0Perle de la Renaissance\u00a0\u00bb<\/b><br \/>\r\n\u00ab\u00a0Perle de la Renaissance\u00a0\u00bb ainsi est appel\u00e9e la Vieille Ville de Tarn\u00f3w par d&rsquo;\u00e9minents connaisseurs de l&rsquo;art. Tarn\u00f3w, au temps de la Renaissance \u00e9tait l&rsquo;une des plus belles villes de Pologne. Une belle \u00e9glise paroissiale, un h\u00f4tel de ville magnifique, de somptueux polychromes sur les fa\u00e7ades d&rsquo;immeubles bourgeois d&rsquo;une architecture fort int\u00e9ressante peuvent etre admir\u00e9s. Au d\u00e9but du XVIe siecle Tarn\u00f3w comptait environ 1200 habitants. La ville poss\u00e9dait des remparts, des adductions d&rsquo;eau et des canalisations. Des citadins ais\u00e9s pratiquaient l&rsquo;artisanat et le commerce. A cette \u00e9poque le propri\u00e9taire de Tarn\u00f3w fut un \u00e9minent politique, homme sage et mondain, grand hetman de la couronne &#8211; Jan Tarnowski.<\/p>\r\n<p>La r\u00e9sidence du hetman \u00e9tait le ch\u00e2teau, h\u00e9rit\u00e9 des ancetres, sur la Montagne de Saint Martin \u00e9loign\u00e9e d&rsquo;environ 2 km de la ville. Dans les ann\u00e9es &rsquo;20 du XVIe siecle la ville de Tarn\u00f3w fut entour\u00e9e de nouvelles fortifications dont les fragments, reconstitu\u00e9s dans les ann\u00e9es &rsquo;60 du siecle \u00e9coul\u00e9, sont actuellement visibles.<\/p>\r\n<p>Aujourd&rsquo;hui on peut se promener dans les rues de Tarn\u00f3w et admirer des immeubles renaissance autour de la Place du March\u00e9, la Maison de la famille Miko\u0142ajowski, l&rsquo;H\u00f4tel de Ville, de magnifiques monuments fun\u00e9raires dans la Cath\u00e9drale et les ruines d&rsquo;un magnifique ch\u00e2teau de la famille Tarnowski qui dominent la ville.<\/p>\r\n<p style=\"text-align: left;\">Pour en savoir plus:<\/p>\r\n<ul>\r\n\t<li><a href=\"http:\/\/www.it.tarnow.pl\/fr\/attractions\/tarnow-13\/\">Tarn\u00f3w<\/a><\/li>\r\n<\/ul>\r\n<p style=\"text-align: left;\">\u00a0<\/p>\r\n<p><a id=\"2\" name=\"2\"><\/a><\/p>\r\n<p>&nbsp;<\/p>\r\n<p><img loading=\"lazy\" decoding=\"async\" width=\"400\" height=\"300\" class=\"size-medium alignright wp-image-21106\" src=\"http:\/\/www.it.tarnow.pl\/wp-content\/uploads\/2019\/02\/Zalipie-Malowana-Wies-4-400x300.jpg\" alt=\"\" srcset=\"https:\/\/www.it.tarnow.pl\/wp-content\/uploads\/2019\/02\/Zalipie-Malowana-Wies-4-400x300.jpg 400w, https:\/\/www.it.tarnow.pl\/wp-content\/uploads\/2019\/02\/Zalipie-Malowana-Wies-4-768x576.jpg 768w, https:\/\/www.it.tarnow.pl\/wp-content\/uploads\/2019\/02\/Zalipie-Malowana-Wies-4-650x488.jpg 650w, https:\/\/www.it.tarnow.pl\/wp-content\/uploads\/2019\/02\/Zalipie-Malowana-Wies-4-300x225.jpg 300w, https:\/\/www.it.tarnow.pl\/wp-content\/uploads\/2019\/02\/Zalipie-Malowana-Wies-4.jpg 1024w\" sizes=\"auto, (max-width: 400px) 100vw, 400px\" \/><\/p>\r\n<p><b>Zalipie &#8211; le village peint<\/b><br \/>\r\nZalipie, l&rsquo;unique \u00ab\u00a0village peint \u00a0\u00bb en Pologne. Actuellement a Zalipie on peut voir une trentaine de fermes dont les murs sont orn\u00e9s de motifs floraux. Dans la Ferme de Felicja Cury\u0142owa (actuellement filiale du Mus\u00e9e R\u00e9gional de Tarn\u00f3w) on peut admirer la d\u00e9coration interne et externe.<\/p>\r\n<p style=\"text-align: left;\">Pour en savoir plus:<\/p>\r\n<ul>\r\n\t<li><a href=\"http:\/\/www.it.tarnow.pl\/fr\/attractions\/lethnographie-et-le-folklore\/\">L&rsquo;ethnographie et le folklore<\/a><\/li>\r\n<\/ul>\r\n<p><a id=\"3\" name=\"3\"><\/a><\/p>\r\n<p>&nbsp;<\/p>\r\n<p><img loading=\"lazy\" decoding=\"async\" width=\"400\" height=\"300\" class=\"size-medium alignright wp-image-21095\" src=\"http:\/\/www.it.tarnow.pl\/wp-content\/uploads\/2019\/02\/Skrzyszow-Kosciol-p.w.-sw.-Stanislawa-Biskupa-2-400x300.jpg\" alt=\"\" srcset=\"https:\/\/www.it.tarnow.pl\/wp-content\/uploads\/2019\/02\/Skrzyszow-Kosciol-p.w.-sw.-Stanislawa-Biskupa-2-400x300.jpg 400w, https:\/\/www.it.tarnow.pl\/wp-content\/uploads\/2019\/02\/Skrzyszow-Kosciol-p.w.-sw.-Stanislawa-Biskupa-2-768x576.jpg 768w, https:\/\/www.it.tarnow.pl\/wp-content\/uploads\/2019\/02\/Skrzyszow-Kosciol-p.w.-sw.-Stanislawa-Biskupa-2-650x488.jpg 650w, https:\/\/www.it.tarnow.pl\/wp-content\/uploads\/2019\/02\/Skrzyszow-Kosciol-p.w.-sw.-Stanislawa-Biskupa-2-300x225.jpg 300w, https:\/\/www.it.tarnow.pl\/wp-content\/uploads\/2019\/02\/Skrzyszow-Kosciol-p.w.-sw.-Stanislawa-Biskupa-2.jpg 1024w\" sizes=\"auto, (max-width: 400px) 100vw, 400px\" \/><\/p>\r\n<p><b>La plus grande \u00e9glise en bois<\/b><br \/>\r\nSkrzysz\u00f3w &#8211; L&rsquo;\u00c9glise St. Stanislas &#8211; construite en 1517 gr\u00e2ce a la fondation de Jan Amor Tarnowski par le charpentier Jan z Czchowa &#8211; comme nous en informe une signature subsistante sur le portail. C&rsquo;est la plus grande \u00e9glise en bois de la Petite Pologne et en meme temps l&rsquo;une des plus belles.<\/p>\r\n<p style=\"text-align: left;\">Pour en savoir plus:<\/p>\r\n<ul>\r\n\t<li><a href=\"http:\/\/www.it.tarnow.pl\/fr\/attractions\/architecture-sacree-en-bois\/\">Architecture sacr\u00e9e en bois <\/a><\/li>\r\n<\/ul>\r\n<p><a id=\"4\" name=\"4\"><\/a><\/p>\r\n<p>&nbsp;<\/p>\r\n<p><img loading=\"lazy\" decoding=\"async\" width=\"400\" height=\"300\" class=\"size-medium alignright wp-image-21117\" src=\"http:\/\/www.it.tarnow.pl\/wp-content\/uploads\/2019\/02\/Nowy-Wisnicz-Zamek-4-400x300.jpg\" alt=\"\" srcset=\"https:\/\/www.it.tarnow.pl\/wp-content\/uploads\/2019\/02\/Nowy-Wisnicz-Zamek-4-400x300.jpg 400w, https:\/\/www.it.tarnow.pl\/wp-content\/uploads\/2019\/02\/Nowy-Wisnicz-Zamek-4-768x576.jpg 768w, https:\/\/www.it.tarnow.pl\/wp-content\/uploads\/2019\/02\/Nowy-Wisnicz-Zamek-4-650x488.jpg 650w, https:\/\/www.it.tarnow.pl\/wp-content\/uploads\/2019\/02\/Nowy-Wisnicz-Zamek-4-300x225.jpg 300w, https:\/\/www.it.tarnow.pl\/wp-content\/uploads\/2019\/02\/Nowy-Wisnicz-Zamek-4.jpg 1024w\" sizes=\"auto, (max-width: 400px) 100vw, 400px\" \/><\/p>\r\n<p><b>La plus grande r\u00e9sidence baroque<\/b><br \/>\r\nCh\u00e2teau de Nowy Wi\u015bnicz &#8211; la plus grande r\u00e9sidence baroque de d\u00e9fense sauvegard\u00e9e en Pologne. Elle doit son allure sp\u00e9cifique a Piotr Kmita qui, dans la premiere moiti\u00e9 du XVIe s., lui donna des caract\u00e9ristiques de style renaissance . Le corps du ch\u00e2teau occupe la par tie centrale de la construction. Il se compose de quatre ailes a deux \u00e9tages qui entourent une petite cour int\u00e9rieure. Le ch\u00e2teau doit son aspect caract\u00e9ristique aux quatre tours angulaires dont chacune est diff\u00e9rente, gr\u00e2ce a quoi le ch\u00e2teau a un aspect diff\u00e9rent de chaque c\u00f4t\u00e9.<\/p>\r\n<p style=\"text-align: left;\">Pour en savoir plus:<\/p>\r\n<ul>\r\n\t<li><a href=\"http:\/\/www.it.tarnow.pl\/fr\/attractions\/les-chateaux\/\">Les Ch\u00e2teaux<\/a><\/li>\r\n<\/ul>\r\n<p><a id=\"5\" name=\"5\"><\/a><\/p>\r\n<p>&nbsp;<\/p>\r\n<p><img loading=\"lazy\" decoding=\"async\" width=\"400\" height=\"300\" class=\"size-medium alignright wp-image-21123\" src=\"http:\/\/www.it.tarnow.pl\/wp-content\/uploads\/2019\/02\/Ciezkowice-Skamieniale-Miasto-2-400x300.jpg\" alt=\"\" srcset=\"https:\/\/www.it.tarnow.pl\/wp-content\/uploads\/2019\/02\/Ciezkowice-Skamieniale-Miasto-2-400x300.jpg 400w, https:\/\/www.it.tarnow.pl\/wp-content\/uploads\/2019\/02\/Ciezkowice-Skamieniale-Miasto-2-768x576.jpg 768w, https:\/\/www.it.tarnow.pl\/wp-content\/uploads\/2019\/02\/Ciezkowice-Skamieniale-Miasto-2-650x488.jpg 650w, https:\/\/www.it.tarnow.pl\/wp-content\/uploads\/2019\/02\/Ciezkowice-Skamieniale-Miasto-2-300x225.jpg 300w, https:\/\/www.it.tarnow.pl\/wp-content\/uploads\/2019\/02\/Ciezkowice-Skamieniale-Miasto-2.jpg 1024w\" sizes=\"auto, (max-width: 400px) 100vw, 400px\" \/><\/p>\r\n<p><b>La ville p\u00e9trifi\u00e9e<\/b><br \/>\r\nLa r\u00e9serve naturelle \u00ab\u00a0La Ville P\u00e9trifi\u00e9e\u00a0\u00bb est reconue comme l&rsquo;une des plus grandes attractions touristiques dans la r\u00e9gion de Tarn\u00f3w. Elle a \u00e9t\u00e9 cr\u00e9e pour prot\u00e9ger une groupe des pitoresques rochers qui forment Le Gres Ci\u0119\u017ckowicki. Les rochers qui en r\u00e9sultat d&rsquo;une \u00e9rosion ont acquis de fantastiques formes, et c&rsquo;est pourquoi plusieurs d&rsquo;entre eux possedent son propre nom p. ex. la Sorciere, l&rsquo;Aigle, le Blaireau les Pyramides ou le Champignon. La r\u00e9serve occupe une superficie d&rsquo;environ de 15 hectares et s&rsquo;\u00e9tend de la riviere Bia\u0142a a l&rsquo;ouest a la route Ci\u0119\u017ckowice-Staszk\u00f3wka a l&rsquo;est. Sa faune et sa flore sont d&rsquo;une grande richesse. La r\u00e9serve est un v\u00e9ritable paradis pour les tourists, vous y conna\u00eetrez le repos, la relaxion, l&rsquo;aventure et des attraction touristiques vari\u00e9es.<\/p>\r\n<p style=\"text-align: left;\">Pour en savoir plus:<\/p>\r\n<ul>\r\n\t<li><a href=\"http:\/\/www.it.tarnow.pl\/fr\/attractions\/la-nature\/\">La nature<\/a><\/li>\r\n<\/ul>\r\n<p><a id=\"6\" name=\"6\"><\/a><\/p>\r\n<p>&nbsp;<\/p>\r\n<p><img loading=\"lazy\" decoding=\"async\" width=\"120\" height=\"150\" class=\"size-small alignright wp-image-35695\" src=\"http:\/\/www.it.tarnow.pl\/wp-content\/uploads\/2019\/02\/Lipnica_Easter_Palm_Contest_small-120x150.jpg\" alt=\"\" \/><\/p>\r\n<p><b>Les plus hauts rameaux des P\u00e2ques<\/b><br \/>\r\nLipnica Murowana &#8211; ce petit village qui a conserv\u00e9 sa disposition m\u00e9di\u00e9vale est c\u00e9lebre gr\u00e2ce au concours annuel des rameaux des P\u00e2ques &#8211; ceux qui gagnent atteignent parfois a 30 metres de hauteur.<\/p>\r\n<p style=\"text-align: left;\">Pour en savoir plus:<\/p>\r\n<ul>\r\n\t<li><a href=\"http:\/\/www.it.tarnow.pl\/fr\/attractions\/evenements\/\">Ev\u00e9nements<\/a><\/li>\r\n\t<li><a href=\"http:\/\/www.it.tarnow.pl\/fr\/attractions\/lethnographie-et-le-folklore\/\">L&rsquo;ethnographie et le folklore<\/a><\/li>\r\n<\/ul>\r\n<p><a id=\"7\" name=\"7\"><\/a><\/p>\r\n<p>&nbsp;<\/p>\r\n<p><img loading=\"lazy\" decoding=\"async\" width=\"103\" height=\"150\" class=\"size-small alignright wp-image-25637\" src=\"http:\/\/www.it.tarnow.pl\/wp-content\/uploads\/2019\/02\/70_2-1-103x150.jpg\" alt=\"\" \/><\/p>\r\n<p><b>La plus ancienne entreprise industrielle de sel en Europe<\/b><br \/>\r\nLa mine de sel de Bochnie est une des plus anciennes mines de sel gemme sur le territoire de la Pologne et, en meme temps, la plus ancienne entreprise industrielle qui fonctionnait sans interruption depuis 1248. Apres huit cent ans d&rsquo;exploitation elle fait penser a une ville souterraine pleine de mysteres et d&rsquo;inoubliables endroits. Au cours de visite les touristes pourront admirer des chapelles sculpt\u00e9es dans le sel, des installations minieres, des outils originaux ainsi que des niches exceptionnelles portant des traces d&rsquo;anciens travaux d&rsquo;exploitation. Dans la mine de sel de Bochnia, les touristes ont a la disposition: un petit train souterrain, un toboggan ainsi qu&rsquo;un terrain de jeu.<\/p>\r\n<p style=\"text-align: left;\">Pour en savoir plus:<\/p>\r\n<ul>\r\n\t<li><a href=\"http:\/\/www.it.tarnow.pl\/fr\/attractions\/mine-de-sel-de-bochnia\/\">La mine de sel de Bochnia<\/a><\/li>\r\n<\/ul>\r\n<p style=\"text-align: left;\">\u00a0<\/p>\r\n<p>&nbsp;<\/p>\r\n<p>&nbsp;<\/p>\r\n<p><img loading=\"lazy\" decoding=\"async\" width=\"150\" height=\"150\" class=\"size-small alignright wp-image-35663\" src=\"http:\/\/www.it.tarnow.pl\/wp-content\/uploads\/2019\/02\/Szczepanik_portrait_m-150x150.jpg\" alt=\"\" \/><\/p>\r\n<p><b>Edison Polonais &#8211; Jan Szczepanik<\/b><br \/>\r\nDans l&rsquo;histoire de Tarn\u00f3w on remarque aussi l&rsquo;inventeur polonais le plus universel &#8211; Jan Szczepanik. Le pionier de la photographie color\u00e9e, de la t\u00e9l\u00e9vision et du film en couleurs, le pr\u00e9curseur de l&rsquo;industrie du tissage moderne, entre autre le gilet pare-balles. N\u00e9 le 13.06.1872 sur la terre de Przemy\u015bl, li\u00e9 a Berlin et Dresde professionnellement, il mourut le 08.11.1926 et fut enterr\u00e9 a Tarn\u00f3w. En se promenant par Tarn\u00f3w cela vaut la peine de s&rsquo;arreter devant les immeubles : 11 rue Chopin (maison de famille) et 11 rue Sowi\u0144ski (pendant quelques ann\u00e9es l&rsquo;inventeur menait des recherches, achev\u00e9es avec succes, sur les photographies color\u00e9es et diapositives). Dans le Mus\u00e9e R\u00e9gional, dans les collections \u00ab\u00a0Apoth\u00e9ose\u00a0\u00bb on peut admirer le plus grand Gobelin tiss\u00e9 selon la m\u00e9thode de Szczepanik a l&rsquo;occasion du cinquantenaire du regne de l&#8217;empereur Fran\u00e7ois Joseph I. Dans la plus ancienne n\u00e9cropole de Tarn\u00f3w de 1790 environ &#8211; Stary Cmentarz na Zab\u0142ociu (Ancien Cimetiere a Zab\u0142ocie) se trouve le tombeau de l&rsquo;inventeur dans le s\u00e9pulcre des familles Dzikowski et Szcepanik. Le seul monument en Pologne se trouve sur la place Szczepanik a c\u00f4t\u00e9 de l&rsquo;\u00e9cole ou se trouve le m\u00e9morial ou l&rsquo;on collectionne les souvenirs de l&rsquo;Edison Polonais. <br \/>\r\n<a id=\"8\" name=\"8\"><\/a><\/p>\r\n<p>&nbsp;<\/p>\r\n<p><img loading=\"lazy\" decoding=\"async\" width=\"147\" height=\"150\" class=\"size-small alignright wp-image-21146\" src=\"http:\/\/www.it.tarnow.pl\/wp-content\/uploads\/2019\/02\/heller-147x150.jpg\" alt=\"\" \/><\/p>\r\n<p><b>La ville natale du premier Polonais qui a obtenu le Prix Templeton ?<\/b> <br \/>\r\nLe p\u00eatre professeur, Michal Heller, n\u00e9 \u00e0 Tarnow le 12 mars 1936 est laur\u00e9at de l\u2019un des plus prestigieux prix au monde \u2013 le Prix Templeton, descern\u00e9 \u00e0 une personnalit\u00e9 s\u2019\u00e9tant distingu\u00e9e pour ses activit\u00e9s caritatives et pour franchir les barri\u00e8res entre la science et la religion.<\/p>\r\n<p>Le pr\u00eatre Heller est dipl\u00f4m\u00e9 du S\u00e9minaire (Seminarium Duchowne \u00e0 Tarnow) et le premier doyen de la Facult\u00e9 de Th\u00e9ologie \u00e0 Tarnow. Il est un remarquable physicien, cosmologiste, philosophe et th\u00e9ologien ; le membre de l\u2019Observatoire Astronomique du Vatican et de l\u2019Academie Pontificales des Sciences, de la Soci\u00e9t\u00e9 Polonais de Physique (Polskie Towarzystwo Fizyczne), Soci\u00e9t\u00e9 Polonaise de l\u2019Astronomie (Polskie Towarzystwo Astromiczne), Soci\u00e9t\u00e9 Internationale de Relativit\u00e9 G\u00e9n\u00e9rale et Gravitation (International Society for General Relativity and Gravitation), Soci\u00e9t\u00e9 Europ\u00e9enne de Physique (European Physical Society) et du Centre de la Th\u00e9ologie et les Sciences Naturelles (Center for Theology and the Natural Science).<\/p>\r\n<p>Il est aussi l\u2019auteur et coauteur des centaines de publications scientifiques et universitaire de l\u2019Acad\u00e9mie Pontificale de la Th\u00e9ologie \u00e0 Cracovie.<\/p>","protected":false},"excerpt":{"rendered":"\u00ab\u00a0Perle de la Renaissance\u00a0\u00bb \u00ab\u00a0Perle de la Renaissance\u00a0\u00bb ainsi est appel\u00e9e la Vieille Ville de Tarn\u00f3w par d&rsquo;\u00e9minents connaisseurs de l&rsquo;art. Tarn\u00f3w, au temps de la Renaissance \u00e9tait l&rsquo;une des [&hellip;]","protected":false},"author":1,"featured_media":0,"parent":9990,"menu_order":115,"comment_status":"closed","ping_status":"closed","template":"","meta":{"_acf_changed":false,"footnotes":""},"tags":[],"class_list":["post-9992","page","type-page","status-publish","hentry"],"acf":{"old_object_id":"5749","old_parent_id":"5857","old_url":"Attractions\/Savez-vous-ou-se-trouve","intro_text":"","show_children":"1","class":"folder","type":"single","_menu_related_id":"102276","in_menu":true,"show_date":false,"map":"","old_id":"","rooms_info":"","top_column":"","left_column":"","right_column":"","bottom_column":"","skip_import":false},"yoast_head":"<!-- This site is optimized with the Yoast SEO Premium plugin v25.4 (Yoast SEO v25.4) - https:\/\/yoast.com\/wordpress\/plugins\/seo\/ -->\n<title>Savez-vous o\u00f9 se trouve... - Tarnowskie Centrum Informacji<\/title>\n<meta name=\"robots\" content=\"index, follow, max-snippet:-1, max-image-preview:large, max-video-preview:-1\" \/>\n<link rel=\"canonical\" href=\"https:\/\/www.it.tarnow.pl\/fr\/attractions\/savez-vous-ou-se-trouve\/\" \/>\n<meta property=\"og:locale\" content=\"fr_FR\" \/>\n<meta property=\"og:type\" content=\"article\" \/>\n<meta property=\"og:title\" content=\"Savez-vous o\u00f9 se trouve...\" \/>\n<meta property=\"og:description\" content=\"\u00ab\u00a0Perle de la Renaissance\u00a0\u00bb \u00ab\u00a0Perle de la Renaissance\u00a0\u00bb ainsi est appel\u00e9e la Vieille Ville de Tarn\u00f3w par d&rsquo;\u00e9minents connaisseurs de l&rsquo;art. Tarn\u00f3w, au temps de la Renaissance \u00e9tait l&rsquo;une des [&hellip;]\" \/>\n<meta property=\"og:url\" content=\"https:\/\/www.it.tarnow.pl\/fr\/attractions\/savez-vous-ou-se-trouve\/\" \/>\n<meta property=\"og:site_name\" content=\"Tarnowskie Centrum Informacji\" \/>\n<meta property=\"article:modified_time\" content=\"2021-11-18T12:48:58+00:00\" \/>\n<meta property=\"og:image\" content=\"http:\/\/www.it.tarnow.pl\/wp-content\/uploads\/2019\/02\/Zalipie-Malowana-Wies-4-400x300.jpg\" \/>\n<meta name=\"twitter:card\" content=\"summary_large_image\" \/>\n<meta name=\"twitter:label1\" content=\"Dur\u00e9e de lecture estim\u00e9e\" \/>\n\t<meta name=\"twitter:data1\" content=\"6 minutes\" \/>\n<script type=\"application\/ld+json\" class=\"yoast-schema-graph\">{\"@context\":\"https:\/\/schema.org\",\"@graph\":[{\"@type\":\"WebPage\",\"@id\":\"https:\/\/www.it.tarnow.pl\/fr\/attractions\/savez-vous-ou-se-trouve\/\",\"url\":\"https:\/\/www.it.tarnow.pl\/fr\/attractions\/savez-vous-ou-se-trouve\/\",\"name\":\"Savez-vous o\u00f9 se trouve... - Tarnowskie Centrum Informacji\",\"isPartOf\":{\"@id\":\"https:\/\/www.it.tarnow.pl\/#website\"},\"primaryImageOfPage\":{\"@id\":\"https:\/\/www.it.tarnow.pl\/fr\/attractions\/savez-vous-ou-se-trouve\/#primaryimage\"},\"image\":{\"@id\":\"https:\/\/www.it.tarnow.pl\/fr\/attractions\/savez-vous-ou-se-trouve\/#primaryimage\"},\"thumbnailUrl\":\"http:\/\/www.it.tarnow.pl\/wp-content\/uploads\/2019\/02\/Zalipie-Malowana-Wies-4-400x300.jpg\",\"datePublished\":\"2010-08-25T08:31:03+00:00\",\"dateModified\":\"2021-11-18T12:48:58+00:00\",\"breadcrumb\":{\"@id\":\"https:\/\/www.it.tarnow.pl\/fr\/attractions\/savez-vous-ou-se-trouve\/#breadcrumb\"},\"inLanguage\":\"fr-FR\",\"potentialAction\":[{\"@type\":\"ReadAction\",\"target\":[\"https:\/\/www.it.tarnow.pl\/fr\/attractions\/savez-vous-ou-se-trouve\/\"]}]},{\"@type\":\"ImageObject\",\"inLanguage\":\"fr-FR\",\"@id\":\"https:\/\/www.it.tarnow.pl\/fr\/attractions\/savez-vous-ou-se-trouve\/#primaryimage\",\"url\":\"http:\/\/www.it.tarnow.pl\/wp-content\/uploads\/2019\/02\/Zalipie-Malowana-Wies-4-400x300.jpg\",\"contentUrl\":\"http:\/\/www.it.tarnow.pl\/wp-content\/uploads\/2019\/02\/Zalipie-Malowana-Wies-4-400x300.jpg\"},{\"@type\":\"BreadcrumbList\",\"@id\":\"https:\/\/www.it.tarnow.pl\/fr\/attractions\/savez-vous-ou-se-trouve\/#breadcrumb\",\"itemListElement\":[{\"@type\":\"ListItem\",\"position\":1,\"name\":\"Page d'accueil\",\"item\":\"https:\/\/www.it.tarnow.pl\/fr\/\"},{\"@type\":\"ListItem\",\"position\":2,\"name\":\"Attractions\",\"item\":\"https:\/\/www.it.tarnow.pl\/fr\/attractions\/\"},{\"@type\":\"ListItem\",\"position\":3,\"name\":\"Savez-vous o\u00f9 se trouve&#8230;\"}]},{\"@type\":\"WebSite\",\"@id\":\"https:\/\/www.it.tarnow.pl\/#website\",\"url\":\"https:\/\/www.it.tarnow.pl\/\",\"name\":\"Tarnowskie Centrum Informacji\",\"description\":\"Informacja turystyczna o Tarnowie i regionie tarnowskim.\",\"potentialAction\":[{\"@type\":\"SearchAction\",\"target\":{\"@type\":\"EntryPoint\",\"urlTemplate\":\"https:\/\/www.it.tarnow.pl\/?s={search_term_string}\"},\"query-input\":{\"@type\":\"PropertyValueSpecification\",\"valueRequired\":true,\"valueName\":\"search_term_string\"}}],\"inLanguage\":\"fr-FR\"}]}<\/script>\n<!-- \/ Yoast SEO Premium plugin. -->","yoast_head_json":{"title":"Savez-vous o\u00f9 se trouve... - Tarnowskie Centrum Informacji","robots":{"index":"index","follow":"follow","max-snippet":"max-snippet:-1","max-image-preview":"max-image-preview:large","max-video-preview":"max-video-preview:-1"},"canonical":"https:\/\/www.it.tarnow.pl\/fr\/attractions\/savez-vous-ou-se-trouve\/","og_locale":"fr_FR","og_type":"article","og_title":"Savez-vous o\u00f9 se trouve...","og_description":"\u00ab\u00a0Perle de la Renaissance\u00a0\u00bb \u00ab\u00a0Perle de la Renaissance\u00a0\u00bb ainsi est appel\u00e9e la Vieille Ville de Tarn\u00f3w par d&rsquo;\u00e9minents connaisseurs de l&rsquo;art. Tarn\u00f3w, au temps de la Renaissance \u00e9tait l&rsquo;une des [&hellip;]","og_url":"https:\/\/www.it.tarnow.pl\/fr\/attractions\/savez-vous-ou-se-trouve\/","og_site_name":"Tarnowskie Centrum Informacji","article_modified_time":"2021-11-18T12:48:58+00:00","og_image":[{"url":"http:\/\/www.it.tarnow.pl\/wp-content\/uploads\/2019\/02\/Zalipie-Malowana-Wies-4-400x300.jpg","type":"","width":"","height":""}],"twitter_card":"summary_large_image","twitter_misc":{"Dur\u00e9e de lecture estim\u00e9e":"6 minutes"},"schema":{"@context":"https:\/\/schema.org","@graph":[{"@type":"WebPage","@id":"https:\/\/www.it.tarnow.pl\/fr\/attractions\/savez-vous-ou-se-trouve\/","url":"https:\/\/www.it.tarnow.pl\/fr\/attractions\/savez-vous-ou-se-trouve\/","name":"Savez-vous o\u00f9 se trouve... - Tarnowskie Centrum Informacji","isPartOf":{"@id":"https:\/\/www.it.tarnow.pl\/#website"},"primaryImageOfPage":{"@id":"https:\/\/www.it.tarnow.pl\/fr\/attractions\/savez-vous-ou-se-trouve\/#primaryimage"},"image":{"@id":"https:\/\/www.it.tarnow.pl\/fr\/attractions\/savez-vous-ou-se-trouve\/#primaryimage"},"thumbnailUrl":"http:\/\/www.it.tarnow.pl\/wp-content\/uploads\/2019\/02\/Zalipie-Malowana-Wies-4-400x300.jpg","datePublished":"2010-08-25T08:31:03+00:00","dateModified":"2021-11-18T12:48:58+00:00","breadcrumb":{"@id":"https:\/\/www.it.tarnow.pl\/fr\/attractions\/savez-vous-ou-se-trouve\/#breadcrumb"},"inLanguage":"fr-FR","potentialAction":[{"@type":"ReadAction","target":["https:\/\/www.it.tarnow.pl\/fr\/attractions\/savez-vous-ou-se-trouve\/"]}]},{"@type":"ImageObject","inLanguage":"fr-FR","@id":"https:\/\/www.it.tarnow.pl\/fr\/attractions\/savez-vous-ou-se-trouve\/#primaryimage","url":"http:\/\/www.it.tarnow.pl\/wp-content\/uploads\/2019\/02\/Zalipie-Malowana-Wies-4-400x300.jpg","contentUrl":"http:\/\/www.it.tarnow.pl\/wp-content\/uploads\/2019\/02\/Zalipie-Malowana-Wies-4-400x300.jpg"},{"@type":"BreadcrumbList","@id":"https:\/\/www.it.tarnow.pl\/fr\/attractions\/savez-vous-ou-se-trouve\/#breadcrumb","itemListElement":[{"@type":"ListItem","position":1,"name":"Page d'accueil","item":"https:\/\/www.it.tarnow.pl\/fr\/"},{"@type":"ListItem","position":2,"name":"Attractions","item":"https:\/\/www.it.tarnow.pl\/fr\/attractions\/"},{"@type":"ListItem","position":3,"name":"Savez-vous o\u00f9 se trouve&#8230;"}]},{"@type":"WebSite","@id":"https:\/\/www.it.tarnow.pl\/#website","url":"https:\/\/www.it.tarnow.pl\/","name":"Tarnowskie Centrum Informacji","description":"Informacja turystyczna o Tarnowie i regionie tarnowskim.","potentialAction":[{"@type":"SearchAction","target":{"@type":"EntryPoint","urlTemplate":"https:\/\/www.it.tarnow.pl\/?s={search_term_string}"},"query-input":{"@type":"PropertyValueSpecification","valueRequired":true,"valueName":"search_term_string"}}],"inLanguage":"fr-FR"}]}},"_links":{"self":[{"href":"https:\/\/www.it.tarnow.pl\/fr\/wp-json\/wp\/v2\/pages\/9992","targetHints":{"allow":["GET"]}}],"collection":[{"href":"https:\/\/www.it.tarnow.pl\/fr\/wp-json\/wp\/v2\/pages"}],"about":[{"href":"https:\/\/www.it.tarnow.pl\/fr\/wp-json\/wp\/v2\/types\/page"}],"author":[{"embeddable":true,"href":"https:\/\/www.it.tarnow.pl\/fr\/wp-json\/wp\/v2\/users\/1"}],"replies":[{"embeddable":true,"href":"https:\/\/www.it.tarnow.pl\/fr\/wp-json\/wp\/v2\/comments?post=9992"}],"version-history":[{"count":0,"href":"https:\/\/www.it.tarnow.pl\/fr\/wp-json\/wp\/v2\/pages\/9992\/revisions"}],"up":[{"embeddable":true,"href":"https:\/\/www.it.tarnow.pl\/fr\/wp-json\/wp\/v2\/pages\/9990"}],"wp:attachment":[{"href":"https:\/\/www.it.tarnow.pl\/fr\/wp-json\/wp\/v2\/media?parent=9992"}],"wp:term":[{"taxonomy":"post_tag","embeddable":true,"href":"https:\/\/www.it.tarnow.pl\/fr\/wp-json\/wp\/v2\/tags?post=9992"}],"curies":[{"name":"wp","href":"https:\/\/api.w.org\/{rel}","templated":true}]}}