{"id":10028,"date":"2010-09-08T13:56:15","date_gmt":"2010-09-08T11:56:15","guid":{"rendered":"http:\/\/www.it.tarnow.pl\/systeme-dinformation-touristique-de-la-region-malopolska-msit\/"},"modified":"2019-04-03T15:19:28","modified_gmt":"2019-04-03T13:19:28","slug":"systeme-dinformation-touristique-de-la-region-malopolska-msit","status":"publish","type":"page","link":"https:\/\/www.it.tarnow.pl\/fr\/contactez-nous\/systeme-dinformation-touristique-de-la-region-malopolska-msit\/","title":{"rendered":"Syst\u00e8me d&rsquo;Information Touristique de la r\u00e9gion Ma\u0142opolska\u2013 MSIT"},"content":{"rendered":"<p>\u00a0<\/p>\n<p>La ville de Tarn\u00f3w gr\u00e2ce au Centre d&rsquo;Information Touristique de Tarn\u00f3w appartienne au projet MSIT (le Syst\u00e8me R\u00e9gional d\u2019Information Touristique de Malopolska).<\/p>\n<p>Centre d\u2019Information Touristique de Tarn\u00f3w (TCI) c\u2019est un des six subr\u00e9gional Centres d\u2019 Information Touristique \u00e0 Malopolska. Dans le TCI on peut s\u2019informer sur les r\u00e9gions suivantes: la r\u00e9gion de Tarn\u00f3w, Bochnia, Brzesko, D\u0105browa Tarnowska et la ville de Tarn\u00f3w.<\/p>\n<p>Plus d\u2019informations sur le projet au site de vo\u00efvodie de Malopolska: <a href=\"http:\/\/www.malopolskie.pl\/\">www.malopolskie.pl<\/a>\n et <a href=\"http:\/\/www.visitmalopolska.pl\/Strony\/msit-malopolski-system-informacji-turystycznej-359.aspx\">www.visitmalopolska.pl<\/a>\n<\/p>\n<p>\u00a0<\/p>","protected":false},"excerpt":{"rendered":"\u00a0 La ville de Tarn\u00f3w gr\u00e2ce au Centre d&rsquo;Information Touristique de Tarn\u00f3w appartienne au projet MSIT (le Syst\u00e8me R\u00e9gional d\u2019Information Touristique de Malopolska). Centre d\u2019Information Touristique de Tarn\u00f3w (TCI) c\u2019est [&hellip;]","protected":false},"author":1,"featured_media":0,"parent":10026,"menu_order":801,"comment_status":"closed","ping_status":"closed","template":"","meta":{"_acf_changed":false,"footnotes":""},"tags":[],"class_list":["post-10028","page","type-page","status-publish","hentry"],"acf":{"in_menu":null,"show_date":null,"intro_text":"","map":null},"yoast_head":"<!-- This site is optimized with the Yoast SEO Premium plugin v25.4 (Yoast SEO v25.4) - https:\/\/yoast.com\/wordpress\/plugins\/seo\/ -->\n<title>Syst\u00e8me d&#039;Information Touristique de la r\u00e9gion Ma\u0142opolska\u2013 MSIT - Tarnowskie Centrum Informacji<\/title>\n<meta name=\"robots\" content=\"index, follow, max-snippet:-1, max-image-preview:large, max-video-preview:-1\" \/>\n<link rel=\"canonical\" href=\"https:\/\/www.it.tarnow.pl\/fr\/contactez-nous\/systeme-dinformation-touristique-de-la-region-malopolska-msit\/\" \/>\n<meta property=\"og:locale\" content=\"fr_FR\" \/>\n<meta property=\"og:type\" content=\"article\" \/>\n<meta property=\"og:title\" content=\"Syst\u00e8me d&#039;Information Touristique de la r\u00e9gion Ma\u0142opolska\u2013 MSIT\" \/>\n<meta property=\"og:description\" content=\"\u00a0 La ville de Tarn\u00f3w gr\u00e2ce au Centre d&rsquo;Information Touristique de Tarn\u00f3w appartienne au projet MSIT (le Syst\u00e8me R\u00e9gional d\u2019Information Touristique de Malopolska). Centre d\u2019Information Touristique de Tarn\u00f3w (TCI) c\u2019est [&hellip;]\" \/>\n<meta property=\"og:url\" content=\"https:\/\/www.it.tarnow.pl\/fr\/contactez-nous\/systeme-dinformation-touristique-de-la-region-malopolska-msit\/\" \/>\n<meta property=\"og:site_name\" content=\"Tarnowskie Centrum Informacji\" \/>\n<meta property=\"article:modified_time\" content=\"2019-04-03T13:19:28+00:00\" \/>\n<meta name=\"twitter:card\" content=\"summary_large_image\" \/>\n<script type=\"application\/ld+json\" class=\"yoast-schema-graph\">{\"@context\":\"https:\/\/schema.org\",\"@graph\":[{\"@type\":\"WebPage\",\"@id\":\"https:\/\/www.it.tarnow.pl\/fr\/contactez-nous\/systeme-dinformation-touristique-de-la-region-malopolska-msit\/\",\"url\":\"https:\/\/www.it.tarnow.pl\/fr\/contactez-nous\/systeme-dinformation-touristique-de-la-region-malopolska-msit\/\",\"name\":\"Syst\u00e8me d'Information Touristique de la r\u00e9gion Ma\u0142opolska\u2013 MSIT - Tarnowskie Centrum Informacji\",\"isPartOf\":{\"@id\":\"https:\/\/www.it.tarnow.pl\/#website\"},\"datePublished\":\"2010-09-08T11:56:15+00:00\",\"dateModified\":\"2019-04-03T13:19:28+00:00\",\"breadcrumb\":{\"@id\":\"https:\/\/www.it.tarnow.pl\/fr\/contactez-nous\/systeme-dinformation-touristique-de-la-region-malopolska-msit\/#breadcrumb\"},\"inLanguage\":\"fr-FR\",\"potentialAction\":[{\"@type\":\"ReadAction\",\"target\":[\"https:\/\/www.it.tarnow.pl\/fr\/contactez-nous\/systeme-dinformation-touristique-de-la-region-malopolska-msit\/\"]}]},{\"@type\":\"BreadcrumbList\",\"@id\":\"https:\/\/www.it.tarnow.pl\/fr\/contactez-nous\/systeme-dinformation-touristique-de-la-region-malopolska-msit\/#breadcrumb\",\"itemListElement\":[{\"@type\":\"ListItem\",\"position\":1,\"name\":\"Page d'accueil\",\"item\":\"https:\/\/www.it.tarnow.pl\/fr\/\"},{\"@type\":\"ListItem\",\"position\":2,\"name\":\"Contactez-nous\",\"item\":\"https:\/\/www.it.tarnow.pl\/fr\/contactez-nous\/\"},{\"@type\":\"ListItem\",\"position\":3,\"name\":\"Syst\u00e8me d&#8217;Information Touristique de la r\u00e9gion Ma\u0142opolska\u2013 MSIT\"}]},{\"@type\":\"WebSite\",\"@id\":\"https:\/\/www.it.tarnow.pl\/#website\",\"url\":\"https:\/\/www.it.tarnow.pl\/\",\"name\":\"Tarnowskie Centrum Informacji\",\"description\":\"Informacja turystyczna o Tarnowie i regionie tarnowskim.\",\"potentialAction\":[{\"@type\":\"SearchAction\",\"target\":{\"@type\":\"EntryPoint\",\"urlTemplate\":\"https:\/\/www.it.tarnow.pl\/?s={search_term_string}\"},\"query-input\":{\"@type\":\"PropertyValueSpecification\",\"valueRequired\":true,\"valueName\":\"search_term_string\"}}],\"inLanguage\":\"fr-FR\"}]}<\/script>\n<!-- \/ Yoast SEO Premium plugin. -->","yoast_head_json":{"title":"Syst\u00e8me d'Information Touristique de la r\u00e9gion Ma\u0142opolska\u2013 MSIT - Tarnowskie Centrum Informacji","robots":{"index":"index","follow":"follow","max-snippet":"max-snippet:-1","max-image-preview":"max-image-preview:large","max-video-preview":"max-video-preview:-1"},"canonical":"https:\/\/www.it.tarnow.pl\/fr\/contactez-nous\/systeme-dinformation-touristique-de-la-region-malopolska-msit\/","og_locale":"fr_FR","og_type":"article","og_title":"Syst\u00e8me d'Information Touristique de la r\u00e9gion Ma\u0142opolska\u2013 MSIT","og_description":"\u00a0 La ville de Tarn\u00f3w gr\u00e2ce au Centre d&rsquo;Information Touristique de Tarn\u00f3w appartienne au projet MSIT (le Syst\u00e8me R\u00e9gional d\u2019Information Touristique de Malopolska). Centre d\u2019Information Touristique de Tarn\u00f3w (TCI) c\u2019est [&hellip;]","og_url":"https:\/\/www.it.tarnow.pl\/fr\/contactez-nous\/systeme-dinformation-touristique-de-la-region-malopolska-msit\/","og_site_name":"Tarnowskie Centrum Informacji","article_modified_time":"2019-04-03T13:19:28+00:00","twitter_card":"summary_large_image","schema":{"@context":"https:\/\/schema.org","@graph":[{"@type":"WebPage","@id":"https:\/\/www.it.tarnow.pl\/fr\/contactez-nous\/systeme-dinformation-touristique-de-la-region-malopolska-msit\/","url":"https:\/\/www.it.tarnow.pl\/fr\/contactez-nous\/systeme-dinformation-touristique-de-la-region-malopolska-msit\/","name":"Syst\u00e8me d'Information Touristique de la r\u00e9gion Ma\u0142opolska\u2013 MSIT - Tarnowskie Centrum Informacji","isPartOf":{"@id":"https:\/\/www.it.tarnow.pl\/#website"},"datePublished":"2010-09-08T11:56:15+00:00","dateModified":"2019-04-03T13:19:28+00:00","breadcrumb":{"@id":"https:\/\/www.it.tarnow.pl\/fr\/contactez-nous\/systeme-dinformation-touristique-de-la-region-malopolska-msit\/#breadcrumb"},"inLanguage":"fr-FR","potentialAction":[{"@type":"ReadAction","target":["https:\/\/www.it.tarnow.pl\/fr\/contactez-nous\/systeme-dinformation-touristique-de-la-region-malopolska-msit\/"]}]},{"@type":"BreadcrumbList","@id":"https:\/\/www.it.tarnow.pl\/fr\/contactez-nous\/systeme-dinformation-touristique-de-la-region-malopolska-msit\/#breadcrumb","itemListElement":[{"@type":"ListItem","position":1,"name":"Page d'accueil","item":"https:\/\/www.it.tarnow.pl\/fr\/"},{"@type":"ListItem","position":2,"name":"Contactez-nous","item":"https:\/\/www.it.tarnow.pl\/fr\/contactez-nous\/"},{"@type":"ListItem","position":3,"name":"Syst\u00e8me d&#8217;Information Touristique de la r\u00e9gion Ma\u0142opolska\u2013 MSIT"}]},{"@type":"WebSite","@id":"https:\/\/www.it.tarnow.pl\/#website","url":"https:\/\/www.it.tarnow.pl\/","name":"Tarnowskie Centrum Informacji","description":"Informacja turystyczna o Tarnowie i regionie tarnowskim.","potentialAction":[{"@type":"SearchAction","target":{"@type":"EntryPoint","urlTemplate":"https:\/\/www.it.tarnow.pl\/?s={search_term_string}"},"query-input":{"@type":"PropertyValueSpecification","valueRequired":true,"valueName":"search_term_string"}}],"inLanguage":"fr-FR"}]}},"_links":{"self":[{"href":"https:\/\/www.it.tarnow.pl\/fr\/wp-json\/wp\/v2\/pages\/10028","targetHints":{"allow":["GET"]}}],"collection":[{"href":"https:\/\/www.it.tarnow.pl\/fr\/wp-json\/wp\/v2\/pages"}],"about":[{"href":"https:\/\/www.it.tarnow.pl\/fr\/wp-json\/wp\/v2\/types\/page"}],"author":[{"embeddable":true,"href":"https:\/\/www.it.tarnow.pl\/fr\/wp-json\/wp\/v2\/users\/1"}],"replies":[{"embeddable":true,"href":"https:\/\/www.it.tarnow.pl\/fr\/wp-json\/wp\/v2\/comments?post=10028"}],"version-history":[{"count":0,"href":"https:\/\/www.it.tarnow.pl\/fr\/wp-json\/wp\/v2\/pages\/10028\/revisions"}],"up":[{"embeddable":true,"href":"https:\/\/www.it.tarnow.pl\/fr\/wp-json\/wp\/v2\/pages\/10026"}],"wp:attachment":[{"href":"https:\/\/www.it.tarnow.pl\/fr\/wp-json\/wp\/v2\/media?parent=10028"}],"wp:term":[{"taxonomy":"post_tag","embeddable":true,"href":"https:\/\/www.it.tarnow.pl\/fr\/wp-json\/wp\/v2\/tags?post=10028"}],"curies":[{"name":"wp","href":"https:\/\/api.w.org\/{rel}","templated":true}]}}