{"id":10027,"date":"2010-08-23T11:41:46","date_gmt":"2010-08-23T09:41:46","guid":{"rendered":"http:\/\/www.it.tarnow.pl\/prix-et-nominations\/"},"modified":"2025-09-04T12:23:06","modified_gmt":"2025-09-04T10:23:06","slug":"prix-et-nominations","status":"publish","type":"page","link":"https:\/\/www.it.tarnow.pl\/fr\/contactez-nous\/prix-et-nominations\/","title":{"rendered":"Prix et Nominations"},"content":{"rendered":"<p><b>2024<\/b><\/p>\r\n<ul>\r\n\t<li>Certificat du Syst\u00e8me polonais d&rsquo;information touristique dans la cat\u00e9gorie **** pour le Centre d&rsquo;information de Tarn\u00f3w\r\n\r\n<p>Varsovie, 2024<\/p>\r\n<\/li>\r\n<\/ul>\r\n<p><b>2020<\/b><\/p>\r\n<ul>\r\n\t<li>\r\n<p>Office du Tourisme de Tarn\u00f3w <span class=\"aCOpRe\">(TarnowTravel) <\/span>a <span class=\"aCOpRe\">gagn\u00e9 le prix<\/span> \u201cOr\u0142y Turystyki 2019\u201d<\/p>\r\n<p>Varsovie, Pologne, Decembere 2020<\/p>\r\n<\/li>\r\n<\/ul>\r\n<p>&nbsp;<\/p>\r\n<p><b>2015<\/b><\/p>\r\n<ul>\r\n\t<li>Office du Tourisme de Tarn\u00f3w s\u2019est plac\u00e9 en 1i\u00e8me position dans la cat\u00e9gorie: \u00able meilleur Office de Tourisme en Pologne\u00bb en 2015<\/li>\r\n<\/ul>\r\n<p>&nbsp;<\/p>\r\n<p><b>2013<\/b><\/p>\r\n<ul>\r\n\t<li>Office du Tourisme de Tarn\u00f3w s\u2019est plac\u00e9 en 1i\u00e8me position dans la cat\u00e9gorie: \u00able meilleur du meilleur Office de Tourisme en Pologne\u00bb en 2013<\/li>\r\n<\/ul>\r\n<p>&nbsp;<\/p>\r\n<p><b>2012<\/b><\/p>\r\n<ul>\r\n\t<li>Office du Tourisme de Tarn\u00f3w s\u2019est plac\u00e9 en 1i\u00e8me position dans la cat\u00e9gorie: \u00able meilleur Office de Tourisme en Pologne\u00bb en 2012<\/li>\r\n<\/ul>\r\n<p>&nbsp;<\/p>\r\n<p><b>2010: <\/b><\/p>\r\n<ul>\r\n\t<li>Dans le concours \u00a0\u00able meilleur Office de Tourisme en Pologne\u00bb en 2010\u00a0, juste Le Centre d&rsquo; Information Touristique de Tarn\u00f3w a re\u00e7u la premi\u00e8re note parmi tous les centres touristiques de toute la Pologne.<\/li>\r\n<\/ul>\r\n<p>&nbsp;<\/p>\r\n<p><b>2008<\/b><\/p>\r\n<ul>\r\n\t<li>Office du Tourisme de Tarn\u00f3w s\u2019est plac\u00e9 en 1i\u00e8me position dans la cat\u00e9gorie: \u00able meilleur Office de Tourisme en Pologne\u00bb en 2008<\/li>\r\n<\/ul>\r\n<p><b>2008:<\/b><\/p>\r\n<ul>\r\n\t<li>Dans le concours sur le meilleur centre d&rsquo;information touristique de 2008 qui avit lieu \u00e0 Varsovie le 23 octobre 2008, juste Le Centre d&rsquo; Information Touristique de Tarn\u00f3w a re\u00e7u la premi\u00e8re note dans la cat\u00e9gorie des villes plus de 75 000 d&rsquo;habitants parmi tous les centres touristiques de toute la Pologne.<\/li>\r\n\t<li>Le Centre d&rsquo;Information Touristique de Tarn\u00f3w est le meilleur en Pologne dans l&rsquo;ann\u00e9e de 2008 (cette organisation a re\u00e7u la premi\u00e8re place dans le concours de Polonais Organisations Touristiques sur &lsquo;la meilleure place d&rsquo;Information Touristique&rsquo;.)<\/li>\r\n\t<li>Le Centre d&rsquo;Information Touristique de Tarn\u00f3w a pr\u00e9sid\u00e9 parmi des autres participants en recevant le prix du ministre du Sport et du Tourisme pour les r\u00e9sultats dans le domaine du tourisme de 2008.<\/li>\r\n\t<li>Nomination au concours \u00abZ\u0142ote Formaty 2008\u00bb dans la cat\u00e9gorie \u00able meilleur site internet\u00bb pour la Mairie de Tarn\u00f3w \u2013 Office du Tourisme de Tarn\u00f3w pour le portail www.it.tarnow.pl cr\u00e9\u00e9 par l`employ\u00e9 Krzysztof Gzyl de l&rsquo;Office du Tourisme de Tarn\u00f3w,<\/li>\r\n<\/ul>\r\n<p>&nbsp;<\/p>\r\n<p><b>2007:<\/b><\/p>\r\n<ul>\r\n\t<li>Office du Tourisme de Tarn\u00f3w \u2013 le meilleur Office du Tourisme dans la vo\u00efvodie de la Petite Pologne en 2007 (selon l&rsquo;Office du Mar\u00e9chal de la Petite Pologne)<\/li>\r\n\t<li>Le prix de Wielkopolski Klub Publicyst\u00f3w Krajoznawczych (Club des Publicistes de la r\u00e9gion de la Grande Pologne) accord\u00e9 \u00e0 AMISTAD sp. z o o. Edition \u00abBezdro\u017ca\u00bb et \u00e0 l&rsquo;Office du Tourisme de Tarn\u00f3w pour le guide \u00abTarn\u00f3w \u2013 Perle de la renaissance\u00bb. Prix attribu\u00e9 pendant XVI March\u00e9 pour promouvoir les r\u00e9gions et les produits touristiques TOUR SALON)<\/li>\r\n\t<li>Insigne d\u2019honneur Minist\u00e8re des Sports et du Tourisme attribu\u00e9 au directeur de l&rsquo;Office du Tourisme de Tarn\u00f3w Pawe\u0142 Rybak<\/li>\r\n\t<li>Dipl\u00f4me du Mar\u00e9chal de la Petite Pologne pour l`Office du Tourisme de Tarn\u00f3w pour l`apport et l\u2019engagement dans le d\u00e9veloppement et la promotion du tourisme dans la vo\u00efvodie de la Petite Pologne en 2007<\/li>\r\n<\/ul>\r\n<p>&nbsp;<\/p>\r\n<p><b>2006:<\/b><\/p>\r\n<ul>\r\n\t<li>Office du Tourisme de Tarn\u00f3w s\u2019est plac\u00e9 en 2i\u00e8me position dans la cat\u00e9gorie: \u00able meilleur Office de Tourisme en Pologne\u00bb en 2006<\/li>\r\n\t<li>Insigne d\u2019honneur du Ministre de l\u2019Economie attribu\u00e9 au directeur g\u00e9n\u00e9ral de l`Office du Tourisme de Tarn\u00f3w Marcin Pa\u0142ach<\/li>\r\n<\/ul>\r\n<p>&nbsp;<\/p>\r\n<p><b>2005:<\/b><\/p>\r\n<ul>\r\n\t<li>Nomination pour TRCKi OT dans la cat\u00e9gorie \u00able meilleur Office de Tourisme en 2005\u00bb Organisation Polonaise du Tourisme<\/li>\r\n\t<li>Grand Prix pour Tarn\u00f3w pendant \u00abGrande D\u00e9couverte de la Petite Pologne\u00bb Organisation Polonaise du Tourisme, Vo\u00efvodie de la Petite Pologne, Organisation Touristique de la Petite Pologne<\/li>\r\n\t<li>23e Prix Europ\u00e9en du Tourisme attribu\u00e9 au directeur g\u00e9n\u00e9ral de TRCKiOT Marcin Pa\u0142ach pour services remarquables dans le domaine du tourisme F\u00e9d\u00e9ration Europ\u00e9enne de la Presse Touristique<\/li>\r\n<\/ul>\r\n<p>&nbsp;<\/p>\r\n<p>&nbsp;<\/p>","protected":false},"excerpt":{"rendered":"2024 Certificat du Syst\u00e8me polonais d&rsquo;information touristique dans la cat\u00e9gorie **** pour le Centre d&rsquo;information de Tarn\u00f3w Varsovie, 2024 2020 Office du Tourisme de Tarn\u00f3w (TarnowTravel) a gagn\u00e9 le prix [&hellip;]","protected":false},"author":1,"featured_media":0,"parent":10026,"menu_order":756,"comment_status":"closed","ping_status":"closed","template":"","meta":{"_acf_changed":false,"footnotes":""},"tags":[],"class_list":["post-10027","page","type-page","status-publish","hentry"],"acf":{"old_object_id":"5743","old_parent_id":"234","old_url":"Contactez-nous\/Prix-et-Nominations","intro_text":"","show_children":"1","class":"folder","type":"single","in_menu":true,"show_date":false,"map":"","old_id":"","rooms_info":"","top_column":"","left_column":"","right_column":"","bottom_column":"","skip_import":false,"_menu_related_id":"102279"},"yoast_head":"<!-- This site is optimized with the Yoast SEO Premium plugin v25.4 (Yoast SEO v25.4) - https:\/\/yoast.com\/wordpress\/plugins\/seo\/ -->\n<title>Prix et Nominations - Tarnowskie Centrum Informacji<\/title>\n<meta name=\"robots\" content=\"index, follow, max-snippet:-1, max-image-preview:large, max-video-preview:-1\" \/>\n<link rel=\"canonical\" href=\"https:\/\/www.it.tarnow.pl\/fr\/contactez-nous\/prix-et-nominations\/\" \/>\n<meta property=\"og:locale\" content=\"fr_FR\" \/>\n<meta property=\"og:type\" content=\"article\" \/>\n<meta property=\"og:title\" content=\"Prix et Nominations\" \/>\n<meta property=\"og:description\" content=\"2024 Certificat du Syst\u00e8me polonais d&rsquo;information touristique dans la cat\u00e9gorie **** pour le Centre d&rsquo;information de Tarn\u00f3w Varsovie, 2024 2020 Office du Tourisme de Tarn\u00f3w (TarnowTravel) a gagn\u00e9 le prix [&hellip;]\" \/>\n<meta property=\"og:url\" content=\"https:\/\/www.it.tarnow.pl\/fr\/contactez-nous\/prix-et-nominations\/\" \/>\n<meta property=\"og:site_name\" content=\"Tarnowskie Centrum Informacji\" \/>\n<meta property=\"article:modified_time\" content=\"2025-09-04T10:23:06+00:00\" \/>\n<meta name=\"twitter:card\" content=\"summary_large_image\" \/>\n<meta name=\"twitter:label1\" content=\"Dur\u00e9e de lecture estim\u00e9e\" \/>\n\t<meta name=\"twitter:data1\" content=\"4 minutes\" \/>\n<script type=\"application\/ld+json\" class=\"yoast-schema-graph\">{\"@context\":\"https:\/\/schema.org\",\"@graph\":[{\"@type\":\"WebPage\",\"@id\":\"https:\/\/www.it.tarnow.pl\/fr\/contactez-nous\/prix-et-nominations\/\",\"url\":\"https:\/\/www.it.tarnow.pl\/fr\/contactez-nous\/prix-et-nominations\/\",\"name\":\"Prix et Nominations - Tarnowskie Centrum Informacji\",\"isPartOf\":{\"@id\":\"https:\/\/www.it.tarnow.pl\/#website\"},\"datePublished\":\"2010-08-23T09:41:46+00:00\",\"dateModified\":\"2025-09-04T10:23:06+00:00\",\"breadcrumb\":{\"@id\":\"https:\/\/www.it.tarnow.pl\/fr\/contactez-nous\/prix-et-nominations\/#breadcrumb\"},\"inLanguage\":\"fr-FR\",\"potentialAction\":[{\"@type\":\"ReadAction\",\"target\":[\"https:\/\/www.it.tarnow.pl\/fr\/contactez-nous\/prix-et-nominations\/\"]}]},{\"@type\":\"BreadcrumbList\",\"@id\":\"https:\/\/www.it.tarnow.pl\/fr\/contactez-nous\/prix-et-nominations\/#breadcrumb\",\"itemListElement\":[{\"@type\":\"ListItem\",\"position\":1,\"name\":\"Page d'accueil\",\"item\":\"https:\/\/www.it.tarnow.pl\/fr\/\"},{\"@type\":\"ListItem\",\"position\":2,\"name\":\"Contactez-nous\",\"item\":\"https:\/\/www.it.tarnow.pl\/fr\/contactez-nous\/\"},{\"@type\":\"ListItem\",\"position\":3,\"name\":\"Prix et Nominations\"}]},{\"@type\":\"WebSite\",\"@id\":\"https:\/\/www.it.tarnow.pl\/#website\",\"url\":\"https:\/\/www.it.tarnow.pl\/\",\"name\":\"Tarnowskie Centrum Informacji\",\"description\":\"Informacja turystyczna o Tarnowie i regionie tarnowskim.\",\"potentialAction\":[{\"@type\":\"SearchAction\",\"target\":{\"@type\":\"EntryPoint\",\"urlTemplate\":\"https:\/\/www.it.tarnow.pl\/?s={search_term_string}\"},\"query-input\":{\"@type\":\"PropertyValueSpecification\",\"valueRequired\":true,\"valueName\":\"search_term_string\"}}],\"inLanguage\":\"fr-FR\"}]}<\/script>\n<!-- \/ Yoast SEO Premium plugin. -->","yoast_head_json":{"title":"Prix et Nominations - Tarnowskie Centrum Informacji","robots":{"index":"index","follow":"follow","max-snippet":"max-snippet:-1","max-image-preview":"max-image-preview:large","max-video-preview":"max-video-preview:-1"},"canonical":"https:\/\/www.it.tarnow.pl\/fr\/contactez-nous\/prix-et-nominations\/","og_locale":"fr_FR","og_type":"article","og_title":"Prix et Nominations","og_description":"2024 Certificat du Syst\u00e8me polonais d&rsquo;information touristique dans la cat\u00e9gorie **** pour le Centre d&rsquo;information de Tarn\u00f3w Varsovie, 2024 2020 Office du Tourisme de Tarn\u00f3w (TarnowTravel) a gagn\u00e9 le prix [&hellip;]","og_url":"https:\/\/www.it.tarnow.pl\/fr\/contactez-nous\/prix-et-nominations\/","og_site_name":"Tarnowskie Centrum Informacji","article_modified_time":"2025-09-04T10:23:06+00:00","twitter_card":"summary_large_image","twitter_misc":{"Dur\u00e9e de lecture estim\u00e9e":"4 minutes"},"schema":{"@context":"https:\/\/schema.org","@graph":[{"@type":"WebPage","@id":"https:\/\/www.it.tarnow.pl\/fr\/contactez-nous\/prix-et-nominations\/","url":"https:\/\/www.it.tarnow.pl\/fr\/contactez-nous\/prix-et-nominations\/","name":"Prix et Nominations - Tarnowskie Centrum Informacji","isPartOf":{"@id":"https:\/\/www.it.tarnow.pl\/#website"},"datePublished":"2010-08-23T09:41:46+00:00","dateModified":"2025-09-04T10:23:06+00:00","breadcrumb":{"@id":"https:\/\/www.it.tarnow.pl\/fr\/contactez-nous\/prix-et-nominations\/#breadcrumb"},"inLanguage":"fr-FR","potentialAction":[{"@type":"ReadAction","target":["https:\/\/www.it.tarnow.pl\/fr\/contactez-nous\/prix-et-nominations\/"]}]},{"@type":"BreadcrumbList","@id":"https:\/\/www.it.tarnow.pl\/fr\/contactez-nous\/prix-et-nominations\/#breadcrumb","itemListElement":[{"@type":"ListItem","position":1,"name":"Page d'accueil","item":"https:\/\/www.it.tarnow.pl\/fr\/"},{"@type":"ListItem","position":2,"name":"Contactez-nous","item":"https:\/\/www.it.tarnow.pl\/fr\/contactez-nous\/"},{"@type":"ListItem","position":3,"name":"Prix et Nominations"}]},{"@type":"WebSite","@id":"https:\/\/www.it.tarnow.pl\/#website","url":"https:\/\/www.it.tarnow.pl\/","name":"Tarnowskie Centrum Informacji","description":"Informacja turystyczna o Tarnowie i regionie tarnowskim.","potentialAction":[{"@type":"SearchAction","target":{"@type":"EntryPoint","urlTemplate":"https:\/\/www.it.tarnow.pl\/?s={search_term_string}"},"query-input":{"@type":"PropertyValueSpecification","valueRequired":true,"valueName":"search_term_string"}}],"inLanguage":"fr-FR"}]}},"_links":{"self":[{"href":"https:\/\/www.it.tarnow.pl\/fr\/wp-json\/wp\/v2\/pages\/10027","targetHints":{"allow":["GET"]}}],"collection":[{"href":"https:\/\/www.it.tarnow.pl\/fr\/wp-json\/wp\/v2\/pages"}],"about":[{"href":"https:\/\/www.it.tarnow.pl\/fr\/wp-json\/wp\/v2\/types\/page"}],"author":[{"embeddable":true,"href":"https:\/\/www.it.tarnow.pl\/fr\/wp-json\/wp\/v2\/users\/1"}],"replies":[{"embeddable":true,"href":"https:\/\/www.it.tarnow.pl\/fr\/wp-json\/wp\/v2\/comments?post=10027"}],"version-history":[{"count":2,"href":"https:\/\/www.it.tarnow.pl\/fr\/wp-json\/wp\/v2\/pages\/10027\/revisions"}],"predecessor-version":[{"id":326363,"href":"https:\/\/www.it.tarnow.pl\/fr\/wp-json\/wp\/v2\/pages\/10027\/revisions\/326363"}],"up":[{"embeddable":true,"href":"https:\/\/www.it.tarnow.pl\/fr\/wp-json\/wp\/v2\/pages\/10026"}],"wp:attachment":[{"href":"https:\/\/www.it.tarnow.pl\/fr\/wp-json\/wp\/v2\/media?parent=10027"}],"wp:term":[{"taxonomy":"post_tag","embeddable":true,"href":"https:\/\/www.it.tarnow.pl\/fr\/wp-json\/wp\/v2\/tags?post=10027"}],"curies":[{"name":"wp","href":"https:\/\/api.w.org\/{rel}","templated":true}]}}