{"id":10026,"date":"2009-11-30T12:20:56","date_gmt":"2009-11-30T11:20:56","guid":{"rendered":"http:\/\/www.it.tarnow.pl\/contactez-nous\/"},"modified":"2025-02-07T10:17:27","modified_gmt":"2025-02-07T09:17:27","slug":"contactez-nous","status":"publish","type":"page","link":"https:\/\/www.it.tarnow.pl\/fr\/contactez-nous\/","title":{"rendered":"Contactez-nous"},"content":{"rendered":"<p>Tarnowskie Centrum Informacji &#8211; Centre d\u2019Information Touristique de Tarn\u00f3w<br \/>\r\n\u00a0Rynek 7, 33-100 Tarn\u00f3w, Pologne<br \/>\r\n<i>\u00a0la r\u00e9gion de Malopolska (Cracovie)<\/i><br \/>\r\n\u00a0Tel.: +48 14 688 90 90, 688 90 91<br \/>\r\n\u00a0Fax +48 14 688 90 92<br \/>\r\n\u00a0Mobile: +48 698 633 421\u00a0<br \/>\r\n\u00a0e-mail: <a href=\"mailto:centrum@tarnow.travel\">centrum@tarnow.travel<\/a><\/p>\r\n<p><a href=\"http:\/\/www.tarnow.travel\/\">www.tarnow.travel<\/a> <br \/>\r\n<a href=\"https:\/\/www.facebook.com\/Tarnowskie.Centrum.Informacji\">www.facebook.com\/Tarnowskie.Centrum.Informacji<\/a><\/p>\r\n<p>&nbsp;<\/p>\r\n<p>Le meilleur Centre d&rsquo;Information Touristique en Pologne 2014, 2013, 2012, 2010 et 2008.<\/p>\r\n<ul>\r\n\t<li>Bureaux d&rsquo;Information Touristique<\/li>\r\n\t<li>Chambres d&rsquo;h\u00f4tes (standard h\u00f4telier, salle de bain, TV, l&rsquo;acc\u00e9s a l&rsquo;internet)<\/li>\r\n\t<li>Salle de conf\u00e9rence (pour 50 pers. max.)<\/li>\r\n\t<li>Tarn\u00f3w Audio Guide en polonais<\/li>\r\n\t<li>Consigne de bagages<\/li>\r\n\t<li><a href=\"https:\/\/sklep.tarnow.travel\/index.php\">Souvenirs<\/a><\/li>\r\n<\/ul>\r\n<p>&nbsp;<\/p>\r\n<p><b>horaires d&rsquo;ouverture:<\/b><\/p>\r\n<div class=\"table-responsive\">\r\n<table class=\" table-bordered table-hover table\" style=\"height: 192px; width: 296px;\" border=\"0\" cellspacing=\"0\" cellpadding=\"2\">\r\n<tbody>\r\n<tr style=\"height: 24px;\">\r\n<th style=\"vertical-align: top; height: 24px; width: 130.383px;\" valign=\"top\">\u00a0<\/th>\r\n<th style=\"vertical-align: top; height: 24px; width: 152.617px;\" valign=\"top\">\u00a0<\/th>\r\n<\/tr>\r\n<tr style=\"height: 24px;\">\r\n<td style=\"vertical-align: top; height: 24px; width: 130.383px;\" valign=\"top\"><b>lundi<\/b><\/td>\r\n<td style=\"vertical-align: top; height: 24px; width: 152.617px; text-align: center;\" valign=\"top\">8h00 &#8211; 6h00<\/td>\r\n<\/tr>\r\n<tr style=\"height: 24px;\">\r\n<td style=\"vertical-align: top; height: 24px; width: 130.383px;\" valign=\"top\"><b>mardi<\/b><\/td>\r\n<td style=\"vertical-align: top; height: 24px; width: 152.617px; text-align: center;\" valign=\"top\">8h00 &#8211; 6h00<\/td>\r\n<\/tr>\r\n<tr style=\"height: 24px;\">\r\n<td style=\"vertical-align: top; height: 24px; width: 130.383px;\" valign=\"top\"><b>mercredi<\/b><\/td>\r\n<td style=\"vertical-align: top; height: 24px; width: 152.617px; text-align: center;\" valign=\"top\">8h00 &#8211; 6h00<\/td>\r\n<\/tr>\r\n<tr style=\"height: 24px;\">\r\n<td style=\"vertical-align: top; height: 24px; width: 130.383px;\" valign=\"top\"><b>jeudi<\/b><\/td>\r\n<td style=\"vertical-align: top; height: 24px; width: 152.617px; text-align: center;\" valign=\"top\">8h00 &#8211; 6h00<\/td>\r\n<\/tr>\r\n<tr style=\"height: 24px;\">\r\n<td style=\"vertical-align: top; height: 24px; width: 130.383px;\" valign=\"top\"><b>vendredi<\/b><\/td>\r\n<td style=\"vertical-align: top; height: 24px; width: 152.617px; text-align: center;\" valign=\"top\">8h00 &#8211; 6h00<\/td>\r\n<\/tr>\r\n<tr style=\"height: 24px;\">\r\n<td style=\"vertical-align: top; height: 24px; width: 130.383px;\" valign=\"top\"><b>samedi<\/b><\/td>\r\n<td style=\"vertical-align: top; height: 24px; width: 152.617px; text-align: center;\" valign=\"top\">9h00 &#8211; 5h00<\/td>\r\n<\/tr>\r\n<tr style=\"height: 24px;\">\r\n<td style=\"vertical-align: top; height: 24px; width: 130.383px;\" valign=\"top\"><b>dimanche<\/b><\/td>\r\n<td style=\"vertical-align: top; height: 24px; width: 152.617px; text-align: center;\" valign=\"top\">9h00 &#8211; 5h00<\/td>\r\n<\/tr>\r\n<\/tbody>\r\n<\/table>\r\n<\/div>","protected":false},"excerpt":{"rendered":"Tarnowskie Centrum Informacji &#8211; Centre d\u2019Information Touristique de Tarn\u00f3w \u00a0Rynek 7, 33-100 Tarn\u00f3w, Pologne \u00a0la r\u00e9gion de Malopolska (Cracovie) \u00a0Tel.: +48 14 688 90 90, 688 90 91 \u00a0Fax +48 [&hellip;]","protected":false},"author":1,"featured_media":0,"parent":0,"menu_order":553,"comment_status":"closed","ping_status":"closed","template":"","meta":{"_acf_changed":false,"footnotes":""},"tags":[],"class_list":["post-10026","page","type-page","status-publish","hentry"],"acf":{"old_object_id":"234","old_parent_id":"65","old_url":"Contactez-nous","intro_text":"","show_children":"1","class":"folder","type":"page","in_menu":true,"show_date":false,"map":"","old_id":"","rooms_info":"","top_column":"","left_column":"","right_column":"","bottom_column":"","skip_import":false,"_menu_related_id":"102278"},"yoast_head":"<!-- This site is optimized with the Yoast SEO Premium plugin v25.4 (Yoast SEO v25.4) - https:\/\/yoast.com\/wordpress\/plugins\/seo\/ -->\n<title>Contactez-nous - Tarnowskie Centrum Informacji<\/title>\n<meta name=\"robots\" content=\"index, follow, max-snippet:-1, max-image-preview:large, max-video-preview:-1\" \/>\n<link rel=\"canonical\" href=\"https:\/\/www.it.tarnow.pl\/fr\/contactez-nous\/\" \/>\n<meta property=\"og:locale\" content=\"fr_FR\" \/>\n<meta property=\"og:type\" content=\"article\" \/>\n<meta property=\"og:title\" content=\"Contactez-nous\" \/>\n<meta property=\"og:description\" content=\"Tarnowskie Centrum Informacji &#8211; Centre d\u2019Information Touristique de Tarn\u00f3w \u00a0Rynek 7, 33-100 Tarn\u00f3w, Pologne \u00a0la r\u00e9gion de Malopolska (Cracovie) \u00a0Tel.: +48 14 688 90 90, 688 90 91 \u00a0Fax +48 [&hellip;]\" \/>\n<meta property=\"og:url\" content=\"https:\/\/www.it.tarnow.pl\/fr\/contactez-nous\/\" \/>\n<meta property=\"og:site_name\" content=\"Tarnowskie Centrum Informacji\" \/>\n<meta property=\"article:modified_time\" content=\"2025-02-07T09:17:27+00:00\" \/>\n<meta name=\"twitter:card\" content=\"summary_large_image\" \/>\n<meta name=\"twitter:label1\" content=\"Dur\u00e9e de lecture estim\u00e9e\" \/>\n\t<meta name=\"twitter:data1\" content=\"1 minute\" \/>\n<script type=\"application\/ld+json\" class=\"yoast-schema-graph\">{\"@context\":\"https:\/\/schema.org\",\"@graph\":[{\"@type\":\"WebPage\",\"@id\":\"https:\/\/www.it.tarnow.pl\/fr\/contactez-nous\/\",\"url\":\"https:\/\/www.it.tarnow.pl\/fr\/contactez-nous\/\",\"name\":\"Contactez-nous - Tarnowskie Centrum Informacji\",\"isPartOf\":{\"@id\":\"https:\/\/www.it.tarnow.pl\/#website\"},\"datePublished\":\"2009-11-30T11:20:56+00:00\",\"dateModified\":\"2025-02-07T09:17:27+00:00\",\"breadcrumb\":{\"@id\":\"https:\/\/www.it.tarnow.pl\/fr\/contactez-nous\/#breadcrumb\"},\"inLanguage\":\"fr-FR\",\"potentialAction\":[{\"@type\":\"ReadAction\",\"target\":[\"https:\/\/www.it.tarnow.pl\/fr\/contactez-nous\/\"]}]},{\"@type\":\"BreadcrumbList\",\"@id\":\"https:\/\/www.it.tarnow.pl\/fr\/contactez-nous\/#breadcrumb\",\"itemListElement\":[{\"@type\":\"ListItem\",\"position\":1,\"name\":\"Page d'accueil\",\"item\":\"https:\/\/www.it.tarnow.pl\/fr\/\"},{\"@type\":\"ListItem\",\"position\":2,\"name\":\"Contactez-nous\"}]},{\"@type\":\"WebSite\",\"@id\":\"https:\/\/www.it.tarnow.pl\/#website\",\"url\":\"https:\/\/www.it.tarnow.pl\/\",\"name\":\"Tarnowskie Centrum Informacji\",\"description\":\"Informacja turystyczna o Tarnowie i regionie tarnowskim.\",\"potentialAction\":[{\"@type\":\"SearchAction\",\"target\":{\"@type\":\"EntryPoint\",\"urlTemplate\":\"https:\/\/www.it.tarnow.pl\/?s={search_term_string}\"},\"query-input\":{\"@type\":\"PropertyValueSpecification\",\"valueRequired\":true,\"valueName\":\"search_term_string\"}}],\"inLanguage\":\"fr-FR\"}]}<\/script>\n<!-- \/ Yoast SEO Premium plugin. -->","yoast_head_json":{"title":"Contactez-nous - Tarnowskie Centrum Informacji","robots":{"index":"index","follow":"follow","max-snippet":"max-snippet:-1","max-image-preview":"max-image-preview:large","max-video-preview":"max-video-preview:-1"},"canonical":"https:\/\/www.it.tarnow.pl\/fr\/contactez-nous\/","og_locale":"fr_FR","og_type":"article","og_title":"Contactez-nous","og_description":"Tarnowskie Centrum Informacji &#8211; Centre d\u2019Information Touristique de Tarn\u00f3w \u00a0Rynek 7, 33-100 Tarn\u00f3w, Pologne \u00a0la r\u00e9gion de Malopolska (Cracovie) \u00a0Tel.: +48 14 688 90 90, 688 90 91 \u00a0Fax +48 [&hellip;]","og_url":"https:\/\/www.it.tarnow.pl\/fr\/contactez-nous\/","og_site_name":"Tarnowskie Centrum Informacji","article_modified_time":"2025-02-07T09:17:27+00:00","twitter_card":"summary_large_image","twitter_misc":{"Dur\u00e9e de lecture estim\u00e9e":"1 minute"},"schema":{"@context":"https:\/\/schema.org","@graph":[{"@type":"WebPage","@id":"https:\/\/www.it.tarnow.pl\/fr\/contactez-nous\/","url":"https:\/\/www.it.tarnow.pl\/fr\/contactez-nous\/","name":"Contactez-nous - Tarnowskie Centrum Informacji","isPartOf":{"@id":"https:\/\/www.it.tarnow.pl\/#website"},"datePublished":"2009-11-30T11:20:56+00:00","dateModified":"2025-02-07T09:17:27+00:00","breadcrumb":{"@id":"https:\/\/www.it.tarnow.pl\/fr\/contactez-nous\/#breadcrumb"},"inLanguage":"fr-FR","potentialAction":[{"@type":"ReadAction","target":["https:\/\/www.it.tarnow.pl\/fr\/contactez-nous\/"]}]},{"@type":"BreadcrumbList","@id":"https:\/\/www.it.tarnow.pl\/fr\/contactez-nous\/#breadcrumb","itemListElement":[{"@type":"ListItem","position":1,"name":"Page d'accueil","item":"https:\/\/www.it.tarnow.pl\/fr\/"},{"@type":"ListItem","position":2,"name":"Contactez-nous"}]},{"@type":"WebSite","@id":"https:\/\/www.it.tarnow.pl\/#website","url":"https:\/\/www.it.tarnow.pl\/","name":"Tarnowskie Centrum Informacji","description":"Informacja turystyczna o Tarnowie i regionie tarnowskim.","potentialAction":[{"@type":"SearchAction","target":{"@type":"EntryPoint","urlTemplate":"https:\/\/www.it.tarnow.pl\/?s={search_term_string}"},"query-input":{"@type":"PropertyValueSpecification","valueRequired":true,"valueName":"search_term_string"}}],"inLanguage":"fr-FR"}]}},"_links":{"self":[{"href":"https:\/\/www.it.tarnow.pl\/fr\/wp-json\/wp\/v2\/pages\/10026","targetHints":{"allow":["GET"]}}],"collection":[{"href":"https:\/\/www.it.tarnow.pl\/fr\/wp-json\/wp\/v2\/pages"}],"about":[{"href":"https:\/\/www.it.tarnow.pl\/fr\/wp-json\/wp\/v2\/types\/page"}],"author":[{"embeddable":true,"href":"https:\/\/www.it.tarnow.pl\/fr\/wp-json\/wp\/v2\/users\/1"}],"replies":[{"embeddable":true,"href":"https:\/\/www.it.tarnow.pl\/fr\/wp-json\/wp\/v2\/comments?post=10026"}],"version-history":[{"count":4,"href":"https:\/\/www.it.tarnow.pl\/fr\/wp-json\/wp\/v2\/pages\/10026\/revisions"}],"predecessor-version":[{"id":305681,"href":"https:\/\/www.it.tarnow.pl\/fr\/wp-json\/wp\/v2\/pages\/10026\/revisions\/305681"}],"wp:attachment":[{"href":"https:\/\/www.it.tarnow.pl\/fr\/wp-json\/wp\/v2\/media?parent=10026"}],"wp:term":[{"taxonomy":"post_tag","embeddable":true,"href":"https:\/\/www.it.tarnow.pl\/fr\/wp-json\/wp\/v2\/tags?post=10026"}],"curies":[{"name":"wp","href":"https:\/\/api.w.org\/{rel}","templated":true}]}}