{"id":10025,"date":"2018-01-12T09:30:14","date_gmt":"2018-01-12T08:30:14","guid":{"rendered":"http:\/\/www.it.tarnow.pl\/recherche-des-membres-de-la-famille\/"},"modified":"2020-01-20T15:57:23","modified_gmt":"2020-01-20T14:57:23","slug":"recherche-des-membres-de-la-famille","status":"publish","type":"page","link":"https:\/\/www.it.tarnow.pl\/fr\/infos\/recherche-des-membres-de-la-famille\/","title":{"rendered":"Recherche des membres de la famille"},"content":{"rendered":"<p>Si vous recherchez les membres de votre famille de Tarnow et la r\u00e9gion, contactez:<\/p>\r\n<p>&nbsp;<\/p>\r\n<p><b>Archiwum Pa\u0144stwowe (Les archives d&rsquo;Etat de Pologne)<\/b>\u00a0<\/p>\r\n<p>Des enregistrements vitaux de plus de 100 ans.<\/p>\r\n<p>Pour toute information, envoyez un e-mail en polonais ou anglais \u00e0 <a href=\"tarnow@archiwum.krakow.pl\">tarnow@archiwum.krakow.pl<\/a><\/p>\r\n<p>\u00a0Archiwum Pa\u0144stwowe w Krakowie. Filiale de Tarn\u00f3w<br \/>\r\nul. Chemiczna 16<br \/>\r\n33-101 Tarn\u00f3w<\/p>\r\n<p>&nbsp;<\/p>\r\n<p><b>Urz\u0105d Stanu Cywilnego in Tarn\u00f3w (Bureau de l\u2019Etat civil)<\/b>\u00a0<\/p>\r\n<p>Des enregistrements vitaux de la ville Tarnow et les villages: Bia\u0142a, B\u0142onie, Jod\u0142\u00f3wka-Wa\u0142ki, Koszyce Ma\u0142e, Koszyce Wielkie, \u0141\u0119kawka, Nowodworze, Por\u0119ba Radlna, Radlna, Tarnowiec, Wola Rz\u0119dzi\u0144ska, Zawada and Zbylitowska G\u00f3ra.<\/p>\r\n<p>Urz\u0105d Stanu Cywilnego<br \/>\r\nul. Nowa 4 (30, Gumniska rue &#8211; seulement jusqu&rsquo;au 31 Janvier 2020)<br \/>\r\n33-100 Tarn\u00f3w<\/p>\r\n<p>&nbsp;<\/p>\r\n<p><b>Archiwum Diecezjalne (Dioc\u00e8se Archives)<\/b>\u00a0<\/p>\r\n<p>Des enregistrements vitaux de \u00e9glises paroissiales du dioc\u00e8se de Tarn\u00f3w datant de 1784.<\/p>\r\n<p>Archiwum Diecezjalne w Tarnowie <br \/>\r\nul. Katedralna 3<br \/>\r\n33-100 Tarn\u00f3w<br \/>\r\nPOLAND<br \/>\r\nphone: + 48 14 622 34 23; +48 14 626 21 23<br \/>\r\n<a href=\"%20arch-diec@diecezja.tarnow.pl\">\u00a0arch-diec@diecezja.tarnow.pl\u00a0<\/a> <br \/>\r\n\u00a0<a href=\"http:\/\/%20arch-diec@diecezja.tarnow.pl\">www.archiwum.diecezja.tarnow.pl<\/a><\/p>","protected":false},"excerpt":{"rendered":"Si vous recherchez les membres de votre famille de Tarnow et la r\u00e9gion, contactez: &nbsp; Archiwum Pa\u0144stwowe (Les archives d&rsquo;Etat de Pologne)\u00a0 Des enregistrements vitaux de plus de 100 ans. [&hellip;]","protected":false},"author":1,"featured_media":0,"parent":18926,"menu_order":766,"comment_status":"closed","ping_status":"closed","template":"","meta":{"_acf_changed":false,"footnotes":""},"tags":[],"class_list":["post-10025","page","type-page","status-publish","hentry"],"acf":{"old_object_id":"24302","old_parent_id":"24300","old_url":"Infos2\/Recherche-des-membres-de-la-famille","intro_text":"","class":"folder","type":"single","in_menu":true,"show_date":false,"map":"","old_id":"","top_column":"","left_column":"","right_column":"","bottom_column":"","show_children":"","skip_import":false,"_menu_related_id":"152493"},"yoast_head":"<!-- This site is optimized with the Yoast SEO Premium plugin v25.4 (Yoast SEO v25.4) - https:\/\/yoast.com\/wordpress\/plugins\/seo\/ -->\n<title>Recherche des membres de la famille - Tarnowskie Centrum Informacji<\/title>\n<meta name=\"robots\" content=\"index, follow, max-snippet:-1, max-image-preview:large, max-video-preview:-1\" \/>\n<link rel=\"canonical\" href=\"https:\/\/www.it.tarnow.pl\/fr\/infos\/recherche-des-membres-de-la-famille\/\" \/>\n<meta property=\"og:locale\" content=\"fr_FR\" \/>\n<meta property=\"og:type\" content=\"article\" \/>\n<meta property=\"og:title\" content=\"Recherche des membres de la famille\" \/>\n<meta property=\"og:description\" content=\"Si vous recherchez les membres de votre famille de Tarnow et la r\u00e9gion, contactez: &nbsp; Archiwum Pa\u0144stwowe (Les archives d&rsquo;Etat de Pologne)\u00a0 Des enregistrements vitaux de plus de 100 ans. [&hellip;]\" \/>\n<meta property=\"og:url\" content=\"https:\/\/www.it.tarnow.pl\/fr\/infos\/recherche-des-membres-de-la-famille\/\" \/>\n<meta property=\"og:site_name\" content=\"Tarnowskie Centrum Informacji\" \/>\n<meta property=\"article:modified_time\" content=\"2020-01-20T14:57:23+00:00\" \/>\n<meta name=\"twitter:card\" content=\"summary_large_image\" \/>\n<meta name=\"twitter:label1\" content=\"Dur\u00e9e de lecture estim\u00e9e\" \/>\n\t<meta name=\"twitter:data1\" content=\"1 minute\" \/>\n<script type=\"application\/ld+json\" class=\"yoast-schema-graph\">{\"@context\":\"https:\/\/schema.org\",\"@graph\":[{\"@type\":\"WebPage\",\"@id\":\"https:\/\/www.it.tarnow.pl\/fr\/infos\/recherche-des-membres-de-la-famille\/\",\"url\":\"https:\/\/www.it.tarnow.pl\/fr\/infos\/recherche-des-membres-de-la-famille\/\",\"name\":\"Recherche des membres de la famille - Tarnowskie Centrum Informacji\",\"isPartOf\":{\"@id\":\"https:\/\/www.it.tarnow.pl\/#website\"},\"datePublished\":\"2018-01-12T08:30:14+00:00\",\"dateModified\":\"2020-01-20T14:57:23+00:00\",\"breadcrumb\":{\"@id\":\"https:\/\/www.it.tarnow.pl\/fr\/infos\/recherche-des-membres-de-la-famille\/#breadcrumb\"},\"inLanguage\":\"fr-FR\",\"potentialAction\":[{\"@type\":\"ReadAction\",\"target\":[\"https:\/\/www.it.tarnow.pl\/fr\/infos\/recherche-des-membres-de-la-famille\/\"]}]},{\"@type\":\"BreadcrumbList\",\"@id\":\"https:\/\/www.it.tarnow.pl\/fr\/infos\/recherche-des-membres-de-la-famille\/#breadcrumb\",\"itemListElement\":[{\"@type\":\"ListItem\",\"position\":1,\"name\":\"Page d'accueil\",\"item\":\"https:\/\/www.it.tarnow.pl\/fr\/\"},{\"@type\":\"ListItem\",\"position\":2,\"name\":\"Infos\",\"item\":\"https:\/\/www.it.tarnow.pl\/fr\/infos\/\"},{\"@type\":\"ListItem\",\"position\":3,\"name\":\"Recherche des membres de la famille\"}]},{\"@type\":\"WebSite\",\"@id\":\"https:\/\/www.it.tarnow.pl\/#website\",\"url\":\"https:\/\/www.it.tarnow.pl\/\",\"name\":\"Tarnowskie Centrum Informacji\",\"description\":\"Informacja turystyczna o Tarnowie i regionie tarnowskim.\",\"potentialAction\":[{\"@type\":\"SearchAction\",\"target\":{\"@type\":\"EntryPoint\",\"urlTemplate\":\"https:\/\/www.it.tarnow.pl\/?s={search_term_string}\"},\"query-input\":{\"@type\":\"PropertyValueSpecification\",\"valueRequired\":true,\"valueName\":\"search_term_string\"}}],\"inLanguage\":\"fr-FR\"}]}<\/script>\n<!-- \/ Yoast SEO Premium plugin. -->","yoast_head_json":{"title":"Recherche des membres de la famille - Tarnowskie Centrum Informacji","robots":{"index":"index","follow":"follow","max-snippet":"max-snippet:-1","max-image-preview":"max-image-preview:large","max-video-preview":"max-video-preview:-1"},"canonical":"https:\/\/www.it.tarnow.pl\/fr\/infos\/recherche-des-membres-de-la-famille\/","og_locale":"fr_FR","og_type":"article","og_title":"Recherche des membres de la famille","og_description":"Si vous recherchez les membres de votre famille de Tarnow et la r\u00e9gion, contactez: &nbsp; Archiwum Pa\u0144stwowe (Les archives d&rsquo;Etat de Pologne)\u00a0 Des enregistrements vitaux de plus de 100 ans. [&hellip;]","og_url":"https:\/\/www.it.tarnow.pl\/fr\/infos\/recherche-des-membres-de-la-famille\/","og_site_name":"Tarnowskie Centrum Informacji","article_modified_time":"2020-01-20T14:57:23+00:00","twitter_card":"summary_large_image","twitter_misc":{"Dur\u00e9e de lecture estim\u00e9e":"1 minute"},"schema":{"@context":"https:\/\/schema.org","@graph":[{"@type":"WebPage","@id":"https:\/\/www.it.tarnow.pl\/fr\/infos\/recherche-des-membres-de-la-famille\/","url":"https:\/\/www.it.tarnow.pl\/fr\/infos\/recherche-des-membres-de-la-famille\/","name":"Recherche des membres de la famille - Tarnowskie Centrum Informacji","isPartOf":{"@id":"https:\/\/www.it.tarnow.pl\/#website"},"datePublished":"2018-01-12T08:30:14+00:00","dateModified":"2020-01-20T14:57:23+00:00","breadcrumb":{"@id":"https:\/\/www.it.tarnow.pl\/fr\/infos\/recherche-des-membres-de-la-famille\/#breadcrumb"},"inLanguage":"fr-FR","potentialAction":[{"@type":"ReadAction","target":["https:\/\/www.it.tarnow.pl\/fr\/infos\/recherche-des-membres-de-la-famille\/"]}]},{"@type":"BreadcrumbList","@id":"https:\/\/www.it.tarnow.pl\/fr\/infos\/recherche-des-membres-de-la-famille\/#breadcrumb","itemListElement":[{"@type":"ListItem","position":1,"name":"Page d'accueil","item":"https:\/\/www.it.tarnow.pl\/fr\/"},{"@type":"ListItem","position":2,"name":"Infos","item":"https:\/\/www.it.tarnow.pl\/fr\/infos\/"},{"@type":"ListItem","position":3,"name":"Recherche des membres de la famille"}]},{"@type":"WebSite","@id":"https:\/\/www.it.tarnow.pl\/#website","url":"https:\/\/www.it.tarnow.pl\/","name":"Tarnowskie Centrum Informacji","description":"Informacja turystyczna o Tarnowie i regionie tarnowskim.","potentialAction":[{"@type":"SearchAction","target":{"@type":"EntryPoint","urlTemplate":"https:\/\/www.it.tarnow.pl\/?s={search_term_string}"},"query-input":{"@type":"PropertyValueSpecification","valueRequired":true,"valueName":"search_term_string"}}],"inLanguage":"fr-FR"}]}},"_links":{"self":[{"href":"https:\/\/www.it.tarnow.pl\/fr\/wp-json\/wp\/v2\/pages\/10025","targetHints":{"allow":["GET"]}}],"collection":[{"href":"https:\/\/www.it.tarnow.pl\/fr\/wp-json\/wp\/v2\/pages"}],"about":[{"href":"https:\/\/www.it.tarnow.pl\/fr\/wp-json\/wp\/v2\/types\/page"}],"author":[{"embeddable":true,"href":"https:\/\/www.it.tarnow.pl\/fr\/wp-json\/wp\/v2\/users\/1"}],"replies":[{"embeddable":true,"href":"https:\/\/www.it.tarnow.pl\/fr\/wp-json\/wp\/v2\/comments?post=10025"}],"version-history":[{"count":0,"href":"https:\/\/www.it.tarnow.pl\/fr\/wp-json\/wp\/v2\/pages\/10025\/revisions"}],"up":[{"embeddable":true,"href":"https:\/\/www.it.tarnow.pl\/fr\/wp-json\/wp\/v2\/pages\/18926"}],"wp:attachment":[{"href":"https:\/\/www.it.tarnow.pl\/fr\/wp-json\/wp\/v2\/media?parent=10025"}],"wp:term":[{"taxonomy":"post_tag","embeddable":true,"href":"https:\/\/www.it.tarnow.pl\/fr\/wp-json\/wp\/v2\/tags?post=10025"}],"curies":[{"name":"wp","href":"https:\/\/api.w.org\/{rel}","templated":true}]}}