{"id":10021,"date":"2018-01-05T15:07:01","date_gmt":"2018-01-05T14:07:01","guid":{"rendered":"http:\/\/www.it.tarnow.pl\/campings\/"},"modified":"2026-01-16T14:26:54","modified_gmt":"2026-01-16T13:26:54","slug":"campings","status":"publish","type":"page","link":"https:\/\/www.it.tarnow.pl\/fr\/ou-dormir\/region-de-tarnow\/campings\/","title":{"rendered":"Campings"},"content":{"rendered":"<p>&nbsp;<\/p>\r\n<table style=\"border-collapse: collapse; width: 100%;\">\r\n<tbody>\r\n<tr>\r\n<td style=\"width: 100%;\">\r\n<p><b>K\u0105pielisko Chorwacja<br \/>\r\n<br \/>\r\n<\/b>Jurk\u00f3w, 32-860 Czch\u00f3w<br \/>\r\nt\u00e9l\u00e9phone: +48 601550561<br \/>\r\n<a href=\"https:\/\/kapieliskochorwacja.pl\/\">www.kapieliskochorwacja.pl<\/a> <a href=\"mailto:kapieliskochorwacja@gmail.com\">kapieliskochorwacja@gmail.com<\/a><br \/>\r\nactualis\u00e9:1<i>6.01.2026<\/i><\/p>\r\n<p>&nbsp;<\/p>\r\n<\/td>\r\n<\/tr>\r\n<tr>\r\n<td style=\"width: 100%;\">\r\n<p><strong>Zalew Podlesie D\u0119bowe &#8211; \u00ab\u00a0Kaka\u0142ko\u00a0\u00bb<\/strong><\/p>\r\n<p>Podlesie D\u0119bowe, 33-240 \u017babno <br \/>\r\nt\u00e9l\u00e9phone: +48 535 867 933<br \/>\r\n<a href=\"http:\/\/www.zalewkakalko.pl\/\">http:\/\/www.zalewkakalko.pl\/<\/a> <a href=\"mailto:kontakt@zalewkakalko.pl\">kontakt@zalewkakalko.pl<\/a><br \/>\r\nactualis\u00e9:<i>16.01.2026<\/i><\/p>\r\n<p>&nbsp;<\/p>\r\n<p><b>\u00a0<\/b><\/p>\r\n<\/td>\r\n<\/tr>\r\n<tr>\r\n<td style=\"width: 100%;\">\r\n<p><strong>Gminny O\u015brodek Sportu i Rekreacji &lsquo;Zalew&rsquo; w \u0141apanowie<\/strong><\/p>\r\n<p>ul. D\u0119bina, 32-740 \u0141apan\u00f3w<br \/>\r\nt\u00e9l\u00e9phone: 14 613 45 50, mob. 663 064 964<br \/>\r\n<a href=\"http:\/\/lapanow.pl\/turystyka\/zalew\/\">http:\/\/lapanow.pl\/turystyka\/zalew\/<\/a><br \/>\r\nactualis\u00e9:<i>16.01.2026<\/i><\/p>\r\n<p>&nbsp;<\/p>\r\n<p><strong>\u00a0<\/strong><\/p>\r\n<\/td>\r\n<\/tr>\r\n<tr>\r\n<td style=\"width: 100%;\">\r\n<p><strong>Camping \u00ab\u00a0Pod Skamienia\u0142ym Miastem\u00a0\u00bb<\/strong><\/p>\r\n<p>ul. Okr\u0119\u017cna 1, 33-190 Ci\u0119\u017ckowice<br \/>\r\nt\u00e9l\u00e9phone: +48 608 613 607<br \/>\r\n<a href=\"https:\/\/podskamienialym.pl\/\">https:\/\/podskamienialym.pl\/<\/a> <a href=\"mailto:camping.podskamienialym@gmail.com\">camping.podskamienialym@gmail.com<\/a><br \/>\r\nactualis\u00e9: 16.01.2026<\/p>\r\n<\/td>\r\n<\/tr>\r\n<tr>\r\n<td style=\"width: 100%;\">\r\n<p><strong>Camping \u00ab\u00a0Riviera Camp\u00a0\u00bb<\/strong><\/p>\r\n<p>ul. Polna 55, 33-130 Rad\u0142\u00f3w<br \/>\r\nt\u00e9l\u00e9phone: +48 536 890 260<br \/>\r\n<a href=\"https:\/\/www.rivieracamp.pl\/en\/\">https:\/\/www.rivieracamp.pl\/en\/<\/a> <a href=\"mailto:rezerwacje@rivieracamp.pl\">rezerwacje@rivieracamp.pl<\/a><br \/>\r\nactualis\u00e9: 16.01.2026<\/p>\r\n<p><strong>\u00a0<\/strong><\/p>\r\n<\/td>\r\n<\/tr>\r\n<\/tbody>\r\n<\/table>\r\n<p>&nbsp;<\/p>","protected":false},"excerpt":{"rendered":"&nbsp; K\u0105pielisko Chorwacja Jurk\u00f3w, 32-860 Czch\u00f3w t\u00e9l\u00e9phone: +48 601550561 www.kapieliskochorwacja.pl kapieliskochorwacja@gmail.com actualis\u00e9:16.01.2026 &nbsp; Zalew Podlesie D\u0119bowe &#8211; \u00ab\u00a0Kaka\u0142ko\u00a0\u00bb Podlesie D\u0119bowe, 33-240 \u017babno t\u00e9l\u00e9phone: +48 535 867 933 http:\/\/www.zalewkakalko.pl\/ kontakt@zalewkakalko.pl actualis\u00e9:16.01.2026 [&hellip;]","protected":false},"author":1,"featured_media":0,"parent":10017,"menu_order":631,"comment_status":"closed","ping_status":"closed","template":"","meta":{"_acf_changed":false,"footnotes":""},"tags":[],"class_list":["post-10021","page","type-page","status-publish","hentry"],"acf":{"old_object_id":"24283","old_parent_id":"19452","old_url":"Ou-dormir\/Region-de-Tarnow\/Campings","intro_text":"","class":"folder","type":"single","in_menu":true,"show_date":false,"map":"","old_id":"","rooms_info":"","top_column":"","left_column":"","right_column":"","bottom_column":"","show_children":"","skip_import":false,"_menu_related_id":"102287"},"yoast_head":"<!-- This site is optimized with the Yoast SEO Premium plugin v25.4 (Yoast SEO v25.4) - https:\/\/yoast.com\/wordpress\/plugins\/seo\/ -->\n<title>Campings - Tarnowskie Centrum Informacji<\/title>\n<meta name=\"robots\" content=\"index, follow, max-snippet:-1, max-image-preview:large, max-video-preview:-1\" \/>\n<link rel=\"canonical\" href=\"https:\/\/www.it.tarnow.pl\/fr\/ou-dormir\/region-de-tarnow\/campings\/\" \/>\n<meta property=\"og:locale\" content=\"fr_FR\" \/>\n<meta property=\"og:type\" content=\"article\" \/>\n<meta property=\"og:title\" content=\"Campings\" \/>\n<meta property=\"og:description\" content=\"&nbsp; K\u0105pielisko Chorwacja Jurk\u00f3w, 32-860 Czch\u00f3w t\u00e9l\u00e9phone: +48 601550561 www.kapieliskochorwacja.pl kapieliskochorwacja@gmail.com actualis\u00e9:16.01.2026 &nbsp; Zalew Podlesie D\u0119bowe &#8211; \u00ab\u00a0Kaka\u0142ko\u00a0\u00bb Podlesie D\u0119bowe, 33-240 \u017babno t\u00e9l\u00e9phone: +48 535 867 933 http:\/\/www.zalewkakalko.pl\/ kontakt@zalewkakalko.pl actualis\u00e9:16.01.2026 [&hellip;]\" \/>\n<meta property=\"og:url\" content=\"https:\/\/www.it.tarnow.pl\/fr\/ou-dormir\/region-de-tarnow\/campings\/\" \/>\n<meta property=\"og:site_name\" content=\"Tarnowskie Centrum Informacji\" \/>\n<meta property=\"article:modified_time\" content=\"2026-01-16T13:26:54+00:00\" \/>\n<meta name=\"twitter:card\" content=\"summary_large_image\" \/>\n<meta name=\"twitter:label1\" content=\"Dur\u00e9e de lecture estim\u00e9e\" \/>\n\t<meta name=\"twitter:data1\" content=\"1 minute\" \/>\n<script type=\"application\/ld+json\" class=\"yoast-schema-graph\">{\"@context\":\"https:\/\/schema.org\",\"@graph\":[{\"@type\":\"WebPage\",\"@id\":\"https:\/\/www.it.tarnow.pl\/fr\/ou-dormir\/region-de-tarnow\/campings\/\",\"url\":\"https:\/\/www.it.tarnow.pl\/fr\/ou-dormir\/region-de-tarnow\/campings\/\",\"name\":\"Campings - Tarnowskie Centrum Informacji\",\"isPartOf\":{\"@id\":\"https:\/\/www.it.tarnow.pl\/#website\"},\"datePublished\":\"2018-01-05T14:07:01+00:00\",\"dateModified\":\"2026-01-16T13:26:54+00:00\",\"breadcrumb\":{\"@id\":\"https:\/\/www.it.tarnow.pl\/fr\/ou-dormir\/region-de-tarnow\/campings\/#breadcrumb\"},\"inLanguage\":\"fr-FR\",\"potentialAction\":[{\"@type\":\"ReadAction\",\"target\":[\"https:\/\/www.it.tarnow.pl\/fr\/ou-dormir\/region-de-tarnow\/campings\/\"]}]},{\"@type\":\"BreadcrumbList\",\"@id\":\"https:\/\/www.it.tarnow.pl\/fr\/ou-dormir\/region-de-tarnow\/campings\/#breadcrumb\",\"itemListElement\":[{\"@type\":\"ListItem\",\"position\":1,\"name\":\"Page d'accueil\",\"item\":\"https:\/\/www.it.tarnow.pl\/fr\/\"},{\"@type\":\"ListItem\",\"position\":2,\"name\":\"O\u00f9 dormir\",\"item\":\"https:\/\/www.it.tarnow.pl\/fr\/ou-dormir\/\"},{\"@type\":\"ListItem\",\"position\":3,\"name\":\"R\u00e9gion de Tarn\u00f3w\",\"item\":\"https:\/\/www.it.tarnow.pl\/fr\/ou-dormir\/region-de-tarnow\/\"},{\"@type\":\"ListItem\",\"position\":4,\"name\":\"Campings\"}]},{\"@type\":\"WebSite\",\"@id\":\"https:\/\/www.it.tarnow.pl\/#website\",\"url\":\"https:\/\/www.it.tarnow.pl\/\",\"name\":\"Tarnowskie Centrum Informacji\",\"description\":\"Informacja turystyczna o Tarnowie i regionie tarnowskim.\",\"potentialAction\":[{\"@type\":\"SearchAction\",\"target\":{\"@type\":\"EntryPoint\",\"urlTemplate\":\"https:\/\/www.it.tarnow.pl\/?s={search_term_string}\"},\"query-input\":{\"@type\":\"PropertyValueSpecification\",\"valueRequired\":true,\"valueName\":\"search_term_string\"}}],\"inLanguage\":\"fr-FR\"}]}<\/script>\n<!-- \/ Yoast SEO Premium plugin. -->","yoast_head_json":{"title":"Campings - Tarnowskie Centrum Informacji","robots":{"index":"index","follow":"follow","max-snippet":"max-snippet:-1","max-image-preview":"max-image-preview:large","max-video-preview":"max-video-preview:-1"},"canonical":"https:\/\/www.it.tarnow.pl\/fr\/ou-dormir\/region-de-tarnow\/campings\/","og_locale":"fr_FR","og_type":"article","og_title":"Campings","og_description":"&nbsp; K\u0105pielisko Chorwacja Jurk\u00f3w, 32-860 Czch\u00f3w t\u00e9l\u00e9phone: +48 601550561 www.kapieliskochorwacja.pl kapieliskochorwacja@gmail.com actualis\u00e9:16.01.2026 &nbsp; Zalew Podlesie D\u0119bowe &#8211; \u00ab\u00a0Kaka\u0142ko\u00a0\u00bb Podlesie D\u0119bowe, 33-240 \u017babno t\u00e9l\u00e9phone: +48 535 867 933 http:\/\/www.zalewkakalko.pl\/ kontakt@zalewkakalko.pl actualis\u00e9:16.01.2026 [&hellip;]","og_url":"https:\/\/www.it.tarnow.pl\/fr\/ou-dormir\/region-de-tarnow\/campings\/","og_site_name":"Tarnowskie Centrum Informacji","article_modified_time":"2026-01-16T13:26:54+00:00","twitter_card":"summary_large_image","twitter_misc":{"Dur\u00e9e de lecture estim\u00e9e":"1 minute"},"schema":{"@context":"https:\/\/schema.org","@graph":[{"@type":"WebPage","@id":"https:\/\/www.it.tarnow.pl\/fr\/ou-dormir\/region-de-tarnow\/campings\/","url":"https:\/\/www.it.tarnow.pl\/fr\/ou-dormir\/region-de-tarnow\/campings\/","name":"Campings - Tarnowskie Centrum Informacji","isPartOf":{"@id":"https:\/\/www.it.tarnow.pl\/#website"},"datePublished":"2018-01-05T14:07:01+00:00","dateModified":"2026-01-16T13:26:54+00:00","breadcrumb":{"@id":"https:\/\/www.it.tarnow.pl\/fr\/ou-dormir\/region-de-tarnow\/campings\/#breadcrumb"},"inLanguage":"fr-FR","potentialAction":[{"@type":"ReadAction","target":["https:\/\/www.it.tarnow.pl\/fr\/ou-dormir\/region-de-tarnow\/campings\/"]}]},{"@type":"BreadcrumbList","@id":"https:\/\/www.it.tarnow.pl\/fr\/ou-dormir\/region-de-tarnow\/campings\/#breadcrumb","itemListElement":[{"@type":"ListItem","position":1,"name":"Page d'accueil","item":"https:\/\/www.it.tarnow.pl\/fr\/"},{"@type":"ListItem","position":2,"name":"O\u00f9 dormir","item":"https:\/\/www.it.tarnow.pl\/fr\/ou-dormir\/"},{"@type":"ListItem","position":3,"name":"R\u00e9gion de Tarn\u00f3w","item":"https:\/\/www.it.tarnow.pl\/fr\/ou-dormir\/region-de-tarnow\/"},{"@type":"ListItem","position":4,"name":"Campings"}]},{"@type":"WebSite","@id":"https:\/\/www.it.tarnow.pl\/#website","url":"https:\/\/www.it.tarnow.pl\/","name":"Tarnowskie Centrum Informacji","description":"Informacja turystyczna o Tarnowie i regionie tarnowskim.","potentialAction":[{"@type":"SearchAction","target":{"@type":"EntryPoint","urlTemplate":"https:\/\/www.it.tarnow.pl\/?s={search_term_string}"},"query-input":{"@type":"PropertyValueSpecification","valueRequired":true,"valueName":"search_term_string"}}],"inLanguage":"fr-FR"}]}},"_links":{"self":[{"href":"https:\/\/www.it.tarnow.pl\/fr\/wp-json\/wp\/v2\/pages\/10021","targetHints":{"allow":["GET"]}}],"collection":[{"href":"https:\/\/www.it.tarnow.pl\/fr\/wp-json\/wp\/v2\/pages"}],"about":[{"href":"https:\/\/www.it.tarnow.pl\/fr\/wp-json\/wp\/v2\/types\/page"}],"author":[{"embeddable":true,"href":"https:\/\/www.it.tarnow.pl\/fr\/wp-json\/wp\/v2\/users\/1"}],"replies":[{"embeddable":true,"href":"https:\/\/www.it.tarnow.pl\/fr\/wp-json\/wp\/v2\/comments?post=10021"}],"version-history":[{"count":5,"href":"https:\/\/www.it.tarnow.pl\/fr\/wp-json\/wp\/v2\/pages\/10021\/revisions"}],"predecessor-version":[{"id":340331,"href":"https:\/\/www.it.tarnow.pl\/fr\/wp-json\/wp\/v2\/pages\/10021\/revisions\/340331"}],"up":[{"embeddable":true,"href":"https:\/\/www.it.tarnow.pl\/fr\/wp-json\/wp\/v2\/pages\/10017"}],"wp:attachment":[{"href":"https:\/\/www.it.tarnow.pl\/fr\/wp-json\/wp\/v2\/media?parent=10021"}],"wp:term":[{"taxonomy":"post_tag","embeddable":true,"href":"https:\/\/www.it.tarnow.pl\/fr\/wp-json\/wp\/v2\/tags?post=10021"}],"curies":[{"name":"wp","href":"https:\/\/api.w.org\/{rel}","templated":true}]}}