{"id":10020,"date":"2018-01-05T15:06:24","date_gmt":"2018-01-05T14:06:24","guid":{"rendered":"http:\/\/www.it.tarnow.pl\/auberges-et-manoir\/"},"modified":"2026-01-16T14:25:08","modified_gmt":"2026-01-16T13:25:08","slug":"auberges-et-manoir","status":"publish","type":"page","link":"https:\/\/www.it.tarnow.pl\/fr\/ou-dormir\/region-de-tarnow\/auberges-et-manoir\/","title":{"rendered":"Auberges et manoir"},"content":{"rendered":"<div class=\"table-responsive\">\r\n<table class=\" table-bordered table-hover table\" style=\"width: 100%; height: 4404px;\" border=\"0\" width=\"100%\" cellspacing=\"0\" cellpadding=\"2\">\r\n<tbody>\r\n<tr style=\"height: 106px;\">\r\n<td style=\"vertical-align: top; height: 106px;\" valign=\"top\">\r\n<h4>R\u00c9GION DE TARN\u00d3W<\/h4>\r\n<p>&nbsp;<\/p>\r\n<\/td>\r\n<\/tr>\r\n<tr style=\"height: 192px;\">\r\n<td style=\"vertical-align: top; height: 192px;\" valign=\"top\">\r\n<p><b>Paderewski&rsquo;s Manoir<\/b><br \/>\r\n\u00a0K\u0105\u015bna Dolna 17, 33-190 Ci\u0119\u017ckowice\u00a0<br \/>\r\n\u00a0t\u00e9l\u00e9phone: +48 14 651 02 08<br \/>\r\n\u00a0<a class=\"target_blank\" href=\"http:\/\/www.paderewski.tarnow.pl\/en\/\">www.paderewski.tarnow.pl<\/a> <a href=\"mailto:noclegi@centrumpaderewskiego.pl\">noclegi@centrumpaderewskiego.pl<\/a> <a href=\"https:\/\/centrumpaderewskiego.pl\/noclegi.html\">https:\/\/centrumpaderewskiego.pl\/noclegi.html<\/a><br \/>\r\n\u00a0actualis\u00e9:<i>16.01.2026<\/i><\/p>\r\n<p>&nbsp;<\/p>\r\n<p>&nbsp;<\/p>\r\n<\/td>\r\n<\/tr>\r\n<tr style=\"height: 192px;\">\r\n<td style=\"vertical-align: top; height: 192px;\" valign=\"top\">\r\n<p><b>Bistuszowa Manoir<\/b><br \/>\r\n\u00a0Bistuszowa 6, 33-160 Ryglice\u00a0<br \/>\r\n\u00a0t\u00e9l\u00e9phone: +48 14 654 02 84, mob.: +48 609 090 438\u00a0<br \/>\r\n\u00a0<a class=\"target_blank\" href=\"http:\/\/www.dworbistuszowa.pl\/index.php?lang=en\">www.dworbistuszowa.pl<\/a> <a href=\"mailto:awos74@op.pl\">awos74@op.pl<\/a> <br \/>\r\n\u00a0actualis\u00e9:<i>16.01.2026<\/i><\/p>\r\n<p>&nbsp;<\/p>\r\n<p>&nbsp;<\/p>\r\n<\/td>\r\n<\/tr>\r\n<tr style=\"height: 208px;\">\r\n<td style=\"vertical-align: top; height: 208px;\" valign=\"top\">\r\n<p><b>\u00ab\u00a0U Martusiowej\u00a0\u00bb\u00a0<\/b><br \/>\r\n\u00a0ul. Krynicka 33, 33-190 Ci\u0119\u017ckowice<br \/>\r\n\u00a0t\u00e9l\u00e9phone: +48 14 651 00 52<\/p>\r\n<p><a href=\"https:\/\/bit.ly\/2ITxLQo\">https:\/\/bit.ly\/2ITxLQo<\/a><br \/>\r\nactualis\u00e9:<i>16.01.2026<\/i><\/p>\r\n<p>&nbsp;<\/p>\r\n<p>&nbsp;<\/p>\r\n<\/td>\r\n<\/tr>\r\n<tr style=\"height: 192px;\">\r\n<td style=\"vertical-align: top; height: 192px;\" valign=\"top\">\r\n<p><b>Dom Rekolekcyjny przy Domu Zakonnym Ksi\u0119\u017cy Sercan\u00f3w<\/b><br \/>\r\n\u00a0ul. G\u0142\u00f3wna 45, 33-111 Koszyce Ma\u0142e\u00a0 <br \/>\r\n\u00a0t\u00e9l\u00e9phone: +48 510 975 709 <br \/>\r\n\u00a0<a href=\"https:\/\/domrekolekcyjnykoszyce.pl\/\">https:\/\/www.domrekolekcyjnykoszyce.pl\/nasz-dom<\/a><br \/>\r\n\u00a0actualis\u00e9:<i>16.01.2026<\/i><\/p>\r\n<p>&nbsp;<\/p>\r\n<p>&nbsp;<\/p>\r\n<\/td>\r\n<\/tr>\r\n<tr style=\"height: 168px;\">\r\n<td style=\"vertical-align: top; height: 168px;\" valign=\"top\">\r\n<p><b>Dom Pielgrzyma w Tuchowie<\/b><br \/>\r\n\u00a0ul. Ks.Wa\u0142\u0119gi, 33-170 Tuch\u00f3w\u00a0<br \/>\r\n\u00a0t\u00e9l\u00e9phone: +48 14 632 72 00\u00a0<br \/>\r\n\u00a0actualis\u00e9:<i>16.01.2026<\/i><\/p>\r\n<p>&nbsp;<\/p>\r\n<p>&nbsp;<\/p>\r\n<\/td>\r\n<\/tr>\r\n<tr style=\"height: 192px;\">\r\n<td style=\"vertical-align: top; height: 192px;\" valign=\"top\">\r\n<p><b>Ranczo \u00ab\u00a0Palomino\u00a0\u00bb<\/b><br \/>\r\n\u00a0Stare \u017bukowice 3A, 33-151 Nowa Jastrz\u0105bka\u00a0<br \/>\r\n\u00a0t\u00e9l\u00e9phone +48 14 678 68 13, mob.: +48 602 491 343\u00a0<br \/>\r\n\u00a0<a href=\"mailto:jola@lubera.pl\">jola@lubera.pl<\/a> <a href=\"https:\/\/www.facebook.com\/RanczoPalomino\/?locale=pl_PL\">https:\/\/www.facebook.com\/RanczoPalomino\/?locale=pl_PL<\/a><br \/>\r\n\u00a0actualis\u00e9:<i>16.01.2026<\/i><\/p>\r\n<p>&nbsp;<\/p>\r\n<p>&nbsp;<\/p>\r\n<\/td>\r\n<\/tr>\r\n<tr style=\"height: 192px;\">\r\n<td style=\"vertical-align: top; height: 192px;\" valign=\"top\">\r\n<p><b>O\u015brodek Jazdy Konnej \u00ab\u00a0Roleski Ranch\u00a0\u00bb<\/b><br \/>\r\n\u00a0Stare \u017bukowice 1A, 33-151 Nowa Jastrz\u0105bka\u00a0<br \/>\r\n\u00a0t\u00e9l\u00e9phone:+48 14 678 67 00, 606 300 388<br \/>\r\n\u00a0<a class=\"target_blank\" href=\"http:\/\/roleskiranch.com\/pl\/\">www.roleskiranch.com.pl<\/a> \u00a0<a href=\"mailto:kroleska@roleski.pl\">kroleska@roleski.pl<\/a> \u00a0<br \/>\r\n\u00a0actualis\u00e9:<i>16.01.2026<\/i><\/p>\r\n<p>&nbsp;<\/p>\r\n<p>&nbsp;<\/p>\r\n<\/td>\r\n<\/tr>\r\n<tr style=\"height: 153px;\">\r\n<td style=\"vertical-align: top; height: 153px;\" valign=\"top\"><b>Diecezjalny Dom Rekolekcyjny<\/b><br \/>\r\nul.\u00a0 Rekolekcyjna 13, 33-190 Ci\u0119\u017ckowice\u00a0<br \/>\r\nt\u00e9l\u00e9phone: +48 14 651 00 13\u00a0<br \/>\r\n<a href=\"https:\/\/www.facebook.com\/DiecezjalnyDomRekolekcyjnyWCiezkowicach\/?locale=pl_PL\">https:\/\/www.facebook.com\/DiecezjalnyDomRekolekcyjnyWCiezkowicach\/?locale=pl_PL<\/a>\r\n<div class=\"x9f619 x1n2onr6 x1ja2u2z x78zum5 x2lah0s x1nhvcw1 x1qjc9v5 xozqiw3 x1q0g3np xyamay9 xykv574 xbmpl8g x4cne27 xifccgj\">\r\n<div class=\"x9f619 x1n2onr6 x1ja2u2z x78zum5 xdt5ytf x193iq5w xeuugli x1r8uery x1iyjqo2 xs83m0k xamitd3 xsyo7zv x16hj40l x10b6aqq x1yrsyyn\">\r\n<div class=\"x78zum5 xdt5ytf xz62fqu x16ldp7u\">\r\n<div class=\"xu06os2 x1ok221b\"><a href=\"mailto:dom_rek@diecezja.tarnow.pl\"><span class=\"x193iq5w xeuugli x13faqbe x1vvkbs x1xmvt09 x1lliihq x1s928wv xhkezso x1gmr53x x1cpjm7i x1fgarty x1943h6x xudqn12 x3x7a5m x6prxxf xvq8zen xo1l8bm xzsf02u x1yc453h\" dir=\"auto\">dom_rek@diecezja.tarnow.pl<\/span><\/a><\/div>\r\n<\/div>\r\n<\/div>\r\n<\/div>\r\n\r\nactualis\u00e9:\r\n\r\n<p><i>16.01.2026<\/i><\/p>\r\n<p>&nbsp;<\/p>\r\n<\/td>\r\n<\/tr>\r\n<tr style=\"height: 106px;\">\r\n<td style=\"vertical-align: top; height: 106px;\" valign=\"top\">\r\n<p>&nbsp;<\/p>\r\n<h4>R\u00c9GION DE BOCHNIA<\/h4>\r\n<\/td>\r\n<\/tr>\r\n<tr style=\"height: 192px;\">\r\n<td style=\"vertical-align: top; height: 192px;\" valign=\"top\">\r\n<p><b>\u00ab\u00a0Zajazd Hetma\u0144ski\u00a0\u00bb<\/b><br \/>\r\n\u00a0ul. Grunwaldzka 2, 32-700 Nowy Wi\u015bnicz<br \/>\r\n\u00a0telefono\/fax: +48 14 685 54 10<br \/>\r\n<a href=\"https:\/\/zajazd-hetmanski.pl\/\">https:\/\/zajazd-hetmanski.pl\/<\/a>, <a href=\"mailto:recepcja@zajazd-hetmanski.pl\">recepcja@zajazd-hetmanski.pl<\/a><\/p>\r\n<p>actualis\u00e9:<\/p>\r\n<p><i>16.01.2026<\/i><\/p>\r\n<p>&nbsp;<\/p>\r\n<\/td>\r\n<\/tr>\r\n<tr style=\"height: 168px;\">\r\n<td style=\"vertical-align: top; height: 168px;\" valign=\"top\">\r\n<p><b>Dom Pielgrzyma<\/b><br \/>\r\n\u00a0ul. Stasiaka 10, 32-700 Bochnia\u00a0<br \/>\r\n\u00a0t\u00e9l\u00e9phone: +48 14 612 21 95<\/p>\r\n<p><a href=\"https:\/\/www.facebook.com\/dom.pielgrzyma.bursa.bochnia\/?locale=pl_PL\">https:\/\/www.facebook.com\/dom.pielgrzyma.bursa.bochnia\/?locale=pl_PL<\/a>\u00a0 <a href=\"mailto:bursa.bochnia@gmail.com\">bursa.bochnia@gmail.com<\/a><br \/>\r\n\u00a0actualis\u00e9:<i>16.01.2026<\/i><\/p>\r\n<p>&nbsp;<\/p>\r\n<p>&nbsp;<\/p>\r\n<\/td>\r\n<\/tr>\r\n<tr style=\"height: 192px;\">\r\n<td style=\"vertical-align: top; height: 192px;\" valign=\"top\">\r\n<p><b>O\u015brodek Edukacji w Bor\u00f3wnej<\/b><br \/>\r\n\u00a0Bor\u00f3wna, 32-724 Lipnica Murowana\u00a0<br \/>\r\n\u00a0t\u00e9l\u00e9phone: +48 14 685 21 08<br \/>\r\n<a href=\"mailto:kontakt@oeeborowna.pl\">kontakt@oeeborowna.pl<\/a> <a href=\"https:\/\/oeeborowna.pl\/\">https:\/\/oeeborowna.pl\/<\/a><br \/>\r\n\u00a0actualis\u00e9:<i>16.01.2026<\/i><\/p>\r\n<p>&nbsp;<\/p>\r\n<\/td>\r\n<\/tr>\r\n<tr style=\"height: 146px;\">\r\n<td style=\"vertical-align: top; height: 146px;\" valign=\"top\">\r\n<p>&nbsp;<\/p>\r\n<h4>R\u00c9GION DE BRZESKO<\/h4>\r\n<\/td>\r\n<\/tr>\r\n<tr style=\"height: 192px;\">\r\n<td style=\"vertical-align: top; height: 192px;\" valign=\"top\">\r\n<p><b>Bac\u00f3wka \u00ab\u00a0Bia\u0142y Jele\u0144\u00a0\u00bb<\/b><br \/>\r\n\u00a0Iwkowa 586, 32-861 Iwkowa<br \/>\r\n\u00a0t\u00e9l\u00e9phone\/fax: +48 14 684 44 40, mob.: +48 <span style=\"font-family: georgia, palatino, serif; font-size: 12pt;\">605 555 077<\/span><\/p>\r\n<p>\u00a0<a class=\"target_blank\" href=\"http:\/\/www.bacowka.com.pl\/\">www.bacowka.com.pl<\/a> \u00a0<a href=\"mailto:bacowka@bacowka.com.pl\">bacowka@bacowka.com.pl<\/a> <br \/>\r\n\u00a0actualis\u00e9:<i>16.01.2026<\/i><\/p>\r\n<p>&nbsp;<\/p>\r\n<\/td>\r\n<\/tr>\r\n<tr style=\"height: 1621px;\">\r\n<td style=\"vertical-align: top; height: 1621px;\" valign=\"top\">\r\n<p>&nbsp;<\/p>\r\n<table class=\" table-bordered table-hover table\" style=\"width: 100%;\" border=\"0\" width=\"100%\" cellspacing=\"0\" cellpadding=\"2\">\r\n<tbody>\r\n<tr>\r\n<td style=\"vertical-align: top;\" valign=\"top\">\r\n<p>&nbsp;<\/p>\r\n<h4>R\u00c9GION DE D\u0118BICA<\/h4>\r\n<p>&nbsp;<\/p>\r\n<\/td>\r\n<td style=\"vertical-align: top;\" valign=\"top\">\u00a0<\/td>\r\n<td style=\"vertical-align: top;\" valign=\"top\">\u00a0<\/td>\r\n<\/tr>\r\n<tr>\r\n<td style=\"vertical-align: top;\" colspan=\"3\" valign=\"top\"><b>O\u015brodek Szkoleniowo-Wypoczynkowy \u00ab\u00a0Grand Chotowa\u00a0\u00bb<\/b>\u00a0<br \/>\r\n\u00a0Chotowa 87c, 39-217 Grabiny\u00a0<br \/>\r\n\u00a0t\u00e9l\u00e9phone: +48 14 670 65 00<br \/>\r\n<a href=\"mailto:recepcja@grandchotowa.pl\">recepcja@grandchotowa.pl<\/a> <a href=\"https:\/\/grandchotowa.pl\/\">https:\/\/grandchotowa.pl\/<\/a><br \/>\r\n\u00a0actualis\u00e9:\r\n\r\n<p><i>16.01.2026<\/i><\/p>\r\n<p>&nbsp;<\/p>\r\n<\/td>\r\n<\/tr>\r\n<tr>\r\n<td style=\"vertical-align: top;\" valign=\"top\">\r\n<h4>R\u00c9GION DE GORLICE<\/h4>\r\n<\/td>\r\n<td style=\"vertical-align: top;\" valign=\"top\">\u00a0<\/td>\r\n<td style=\"vertical-align: top;\" valign=\"top\">\u00a0<\/td>\r\n<\/tr>\r\n<tr>\r\n<td style=\"vertical-align: top;\" colspan=\"3\" valign=\"top\">\u00a0<\/td>\r\n<\/tr>\r\n<tr>\r\n<td style=\"vertical-align: top;\" colspan=\"3\" valign=\"top\"><b>Dw\u00f3r Karwacjan\u00f3w<\/b> <br \/>\r\n\u00a0ul. Wr\u00f3blewskiego 10A, 38-300 Gorlice\u00a0<br \/>\r\n\u00a0t\u00e9l\u00e9phone: +48 18 353 56 18<br \/>\r\n<a href=\"mailto:galeria@gorlice.art.pl\">galeria@gorlice.art.pl<\/a> \u00a0<br \/>\r\n\u00a0actualis\u00e9:\r\n\r\n<p><i>16.01.2026<\/i><\/p>\r\n<p>&nbsp;<\/p>\r\n<\/td>\r\n<\/tr>\r\n<tr>\r\n<td style=\"vertical-align: top;\" valign=\"top\">\r\n<p>&nbsp;<\/p>\r\n<h4>R\u00c9GION DE NOWY S\u0104CZ<\/h4>\r\n<p>&nbsp;<\/p>\r\n<\/td>\r\n<td style=\"vertical-align: top;\" valign=\"top\">\u00a0<\/td>\r\n<td style=\"vertical-align: top;\" valign=\"top\">\u00a0<\/td>\r\n<\/tr>\r\n<tr>\r\n<td style=\"vertical-align: top;\" colspan=\"3\" valign=\"top\">\r\n<p><b>Dom Wczasowy \u00ab\u00a0Stalownik\u00a0\u00bb<\/b><br \/>\r\n\u00a0Bartkowa 264, 33-318 Gr\u00f3dek nad Dunajcem\u00a0<br \/>\r\n\u00a0mob.: +48 663 401 355<br \/>\r\n\u00a0<a class=\"target_blank\" href=\"http:\/\/www.stalownik.com.pl\/\">www.stalownik.com.pl<\/a>\u00a0 <a href=\"mailto:stalownik264@gmail.com\">stalownik264@gmail.com<\/a><br \/>\r\n\u00a0actualis\u00e9:<i>16.01.2026<\/i><\/p>\r\n<p>&nbsp;<\/p>\r\n<\/td>\r\n<\/tr>\r\n<tr>\r\n<td style=\"vertical-align: top;\" colspan=\"3\" valign=\"top\">\u00a0<\/td>\r\n<\/tr>\r\n<tr>\r\n<td style=\"vertical-align: top;\" colspan=\"3\" valign=\"top\">\r\n<p><b>Centrum Formacyjno Rekolekcyjne Diecezji Tarnowskiej ARKA<\/b><br \/>\r\n\u00a0Gr\u00f3dek nad Dunajcem 153, 33-318 Gr\u00f3dek nad Dunajcem\u00a0<br \/>\r\n\u00a0mob.:+48 605 088 112, 606 807 407<br \/>\r\n\u00a0<a class=\"target_blank\" href=\"http:\/\/www.cfr-arka.pl\/\">www.cfr-arka.pl<\/a> \u00a0<a href=\"mailto:info@cfr-arka.pl\">info@cfr-arka.pl<\/a> \u00a0<br \/>\r\n\u00a0actualis\u00e9: 16.01.2026<\/p>\r\n<\/td>\r\n<\/tr>\r\n<tr>\r\n<td style=\"vertical-align: top;\" colspan=\"3\" valign=\"top\"><b>O\u015brodek Szkolenia \u017beglarskiego i rekreacji wodnej YC PTTK \u00ab\u00a0Beskid\u00a0\u00bb<\/b><br \/>\r\n\u00a0Znamirowice 23, 33-312 T\u0119goborze<br \/>\r\n\u00a0t\u00e9l\u00e9phone: +48 502 769 770<br \/>\r\n\u00a0<a class=\"target_blank\" href=\"http:\/\/www.znamirowice.pl\/\">www.znamirowice.pl<\/a> \u00a0<a href=\"mailto:znamirowice@poczta.onet.pl\">znamirowice@poczta.onet.pl<\/a> <br \/>\r\n\u00a0actualis\u00e9:\r\n\r\n<p><i>16.01.2026<\/i><\/p>\r\n<p>&nbsp;<\/p>\r\n<\/td>\r\n<\/tr>\r\n<\/tbody>\r\n<\/table>\r\n<\/td>\r\n<\/tr>\r\n<\/tbody>\r\n<\/table>\r\n<\/div>","protected":false},"excerpt":{"rendered":"R\u00c9GION DE TARN\u00d3W &nbsp; Paderewski&rsquo;s Manoir \u00a0K\u0105\u015bna Dolna 17, 33-190 Ci\u0119\u017ckowice\u00a0 \u00a0t\u00e9l\u00e9phone: +48 14 651 02 08 \u00a0www.paderewski.tarnow.pl noclegi@centrumpaderewskiego.pl https:\/\/centrumpaderewskiego.pl\/noclegi.html \u00a0actualis\u00e9:16.01.2026 &nbsp; &nbsp; Bistuszowa Manoir \u00a0Bistuszowa 6, 33-160 Ryglice\u00a0 \u00a0t\u00e9l\u00e9phone: [&hellip;]","protected":false},"author":1,"featured_media":0,"parent":10017,"menu_order":617,"comment_status":"closed","ping_status":"closed","template":"","meta":{"_acf_changed":false,"footnotes":""},"tags":[],"class_list":["post-10020","page","type-page","status-publish","hentry"],"acf":{"old_object_id":"24282","old_parent_id":"19452","old_url":"Ou-dormir\/Region-de-Tarnow\/Auberges-et-manoir","intro_text":"","class":"folder","type":"single","in_menu":true,"show_date":false,"map":"","old_id":"","rooms_info":"","top_column":"","left_column":"","right_column":"","bottom_column":"","show_children":"","skip_import":false,"_menu_related_id":"102286"},"yoast_head":"<!-- This site is optimized with the Yoast SEO Premium plugin v25.4 (Yoast SEO v25.4) - https:\/\/yoast.com\/wordpress\/plugins\/seo\/ -->\n<title>Auberges et manoir - Tarnowskie Centrum Informacji<\/title>\n<meta name=\"robots\" content=\"index, follow, max-snippet:-1, max-image-preview:large, max-video-preview:-1\" \/>\n<link rel=\"canonical\" href=\"https:\/\/www.it.tarnow.pl\/fr\/ou-dormir\/region-de-tarnow\/auberges-et-manoir\/\" \/>\n<meta property=\"og:locale\" content=\"fr_FR\" \/>\n<meta property=\"og:type\" content=\"article\" \/>\n<meta property=\"og:title\" content=\"Auberges et manoir\" \/>\n<meta property=\"og:description\" content=\"R\u00c9GION DE TARN\u00d3W &nbsp; Paderewski&rsquo;s Manoir \u00a0K\u0105\u015bna Dolna 17, 33-190 Ci\u0119\u017ckowice\u00a0 \u00a0t\u00e9l\u00e9phone: +48 14 651 02 08 \u00a0www.paderewski.tarnow.pl noclegi@centrumpaderewskiego.pl https:\/\/centrumpaderewskiego.pl\/noclegi.html \u00a0actualis\u00e9:16.01.2026 &nbsp; &nbsp; Bistuszowa Manoir \u00a0Bistuszowa 6, 33-160 Ryglice\u00a0 \u00a0t\u00e9l\u00e9phone: [&hellip;]\" \/>\n<meta property=\"og:url\" content=\"https:\/\/www.it.tarnow.pl\/fr\/ou-dormir\/region-de-tarnow\/auberges-et-manoir\/\" \/>\n<meta property=\"og:site_name\" content=\"Tarnowskie Centrum Informacji\" \/>\n<meta property=\"article:modified_time\" content=\"2026-01-16T13:25:08+00:00\" \/>\n<meta name=\"twitter:card\" content=\"summary_large_image\" \/>\n<meta name=\"twitter:label1\" content=\"Dur\u00e9e de lecture estim\u00e9e\" \/>\n\t<meta name=\"twitter:data1\" content=\"3 minutes\" \/>\n<script type=\"application\/ld+json\" class=\"yoast-schema-graph\">{\"@context\":\"https:\/\/schema.org\",\"@graph\":[{\"@type\":\"WebPage\",\"@id\":\"https:\/\/www.it.tarnow.pl\/fr\/ou-dormir\/region-de-tarnow\/auberges-et-manoir\/\",\"url\":\"https:\/\/www.it.tarnow.pl\/fr\/ou-dormir\/region-de-tarnow\/auberges-et-manoir\/\",\"name\":\"Auberges et manoir - Tarnowskie Centrum Informacji\",\"isPartOf\":{\"@id\":\"https:\/\/www.it.tarnow.pl\/#website\"},\"datePublished\":\"2018-01-05T14:06:24+00:00\",\"dateModified\":\"2026-01-16T13:25:08+00:00\",\"breadcrumb\":{\"@id\":\"https:\/\/www.it.tarnow.pl\/fr\/ou-dormir\/region-de-tarnow\/auberges-et-manoir\/#breadcrumb\"},\"inLanguage\":\"fr-FR\",\"potentialAction\":[{\"@type\":\"ReadAction\",\"target\":[\"https:\/\/www.it.tarnow.pl\/fr\/ou-dormir\/region-de-tarnow\/auberges-et-manoir\/\"]}]},{\"@type\":\"BreadcrumbList\",\"@id\":\"https:\/\/www.it.tarnow.pl\/fr\/ou-dormir\/region-de-tarnow\/auberges-et-manoir\/#breadcrumb\",\"itemListElement\":[{\"@type\":\"ListItem\",\"position\":1,\"name\":\"Page d'accueil\",\"item\":\"https:\/\/www.it.tarnow.pl\/fr\/\"},{\"@type\":\"ListItem\",\"position\":2,\"name\":\"O\u00f9 dormir\",\"item\":\"https:\/\/www.it.tarnow.pl\/fr\/ou-dormir\/\"},{\"@type\":\"ListItem\",\"position\":3,\"name\":\"R\u00e9gion de Tarn\u00f3w\",\"item\":\"https:\/\/www.it.tarnow.pl\/fr\/ou-dormir\/region-de-tarnow\/\"},{\"@type\":\"ListItem\",\"position\":4,\"name\":\"Auberges et manoir\"}]},{\"@type\":\"WebSite\",\"@id\":\"https:\/\/www.it.tarnow.pl\/#website\",\"url\":\"https:\/\/www.it.tarnow.pl\/\",\"name\":\"Tarnowskie Centrum Informacji\",\"description\":\"Informacja turystyczna o Tarnowie i regionie tarnowskim.\",\"potentialAction\":[{\"@type\":\"SearchAction\",\"target\":{\"@type\":\"EntryPoint\",\"urlTemplate\":\"https:\/\/www.it.tarnow.pl\/?s={search_term_string}\"},\"query-input\":{\"@type\":\"PropertyValueSpecification\",\"valueRequired\":true,\"valueName\":\"search_term_string\"}}],\"inLanguage\":\"fr-FR\"}]}<\/script>\n<!-- \/ Yoast SEO Premium plugin. -->","yoast_head_json":{"title":"Auberges et manoir - Tarnowskie Centrum Informacji","robots":{"index":"index","follow":"follow","max-snippet":"max-snippet:-1","max-image-preview":"max-image-preview:large","max-video-preview":"max-video-preview:-1"},"canonical":"https:\/\/www.it.tarnow.pl\/fr\/ou-dormir\/region-de-tarnow\/auberges-et-manoir\/","og_locale":"fr_FR","og_type":"article","og_title":"Auberges et manoir","og_description":"R\u00c9GION DE TARN\u00d3W &nbsp; Paderewski&rsquo;s Manoir \u00a0K\u0105\u015bna Dolna 17, 33-190 Ci\u0119\u017ckowice\u00a0 \u00a0t\u00e9l\u00e9phone: +48 14 651 02 08 \u00a0www.paderewski.tarnow.pl noclegi@centrumpaderewskiego.pl https:\/\/centrumpaderewskiego.pl\/noclegi.html \u00a0actualis\u00e9:16.01.2026 &nbsp; &nbsp; Bistuszowa Manoir \u00a0Bistuszowa 6, 33-160 Ryglice\u00a0 \u00a0t\u00e9l\u00e9phone: [&hellip;]","og_url":"https:\/\/www.it.tarnow.pl\/fr\/ou-dormir\/region-de-tarnow\/auberges-et-manoir\/","og_site_name":"Tarnowskie Centrum Informacji","article_modified_time":"2026-01-16T13:25:08+00:00","twitter_card":"summary_large_image","twitter_misc":{"Dur\u00e9e de lecture estim\u00e9e":"3 minutes"},"schema":{"@context":"https:\/\/schema.org","@graph":[{"@type":"WebPage","@id":"https:\/\/www.it.tarnow.pl\/fr\/ou-dormir\/region-de-tarnow\/auberges-et-manoir\/","url":"https:\/\/www.it.tarnow.pl\/fr\/ou-dormir\/region-de-tarnow\/auberges-et-manoir\/","name":"Auberges et manoir - Tarnowskie Centrum Informacji","isPartOf":{"@id":"https:\/\/www.it.tarnow.pl\/#website"},"datePublished":"2018-01-05T14:06:24+00:00","dateModified":"2026-01-16T13:25:08+00:00","breadcrumb":{"@id":"https:\/\/www.it.tarnow.pl\/fr\/ou-dormir\/region-de-tarnow\/auberges-et-manoir\/#breadcrumb"},"inLanguage":"fr-FR","potentialAction":[{"@type":"ReadAction","target":["https:\/\/www.it.tarnow.pl\/fr\/ou-dormir\/region-de-tarnow\/auberges-et-manoir\/"]}]},{"@type":"BreadcrumbList","@id":"https:\/\/www.it.tarnow.pl\/fr\/ou-dormir\/region-de-tarnow\/auberges-et-manoir\/#breadcrumb","itemListElement":[{"@type":"ListItem","position":1,"name":"Page d'accueil","item":"https:\/\/www.it.tarnow.pl\/fr\/"},{"@type":"ListItem","position":2,"name":"O\u00f9 dormir","item":"https:\/\/www.it.tarnow.pl\/fr\/ou-dormir\/"},{"@type":"ListItem","position":3,"name":"R\u00e9gion de Tarn\u00f3w","item":"https:\/\/www.it.tarnow.pl\/fr\/ou-dormir\/region-de-tarnow\/"},{"@type":"ListItem","position":4,"name":"Auberges et manoir"}]},{"@type":"WebSite","@id":"https:\/\/www.it.tarnow.pl\/#website","url":"https:\/\/www.it.tarnow.pl\/","name":"Tarnowskie Centrum Informacji","description":"Informacja turystyczna o Tarnowie i regionie tarnowskim.","potentialAction":[{"@type":"SearchAction","target":{"@type":"EntryPoint","urlTemplate":"https:\/\/www.it.tarnow.pl\/?s={search_term_string}"},"query-input":{"@type":"PropertyValueSpecification","valueRequired":true,"valueName":"search_term_string"}}],"inLanguage":"fr-FR"}]}},"_links":{"self":[{"href":"https:\/\/www.it.tarnow.pl\/fr\/wp-json\/wp\/v2\/pages\/10020","targetHints":{"allow":["GET"]}}],"collection":[{"href":"https:\/\/www.it.tarnow.pl\/fr\/wp-json\/wp\/v2\/pages"}],"about":[{"href":"https:\/\/www.it.tarnow.pl\/fr\/wp-json\/wp\/v2\/types\/page"}],"author":[{"embeddable":true,"href":"https:\/\/www.it.tarnow.pl\/fr\/wp-json\/wp\/v2\/users\/1"}],"replies":[{"embeddable":true,"href":"https:\/\/www.it.tarnow.pl\/fr\/wp-json\/wp\/v2\/comments?post=10020"}],"version-history":[{"count":11,"href":"https:\/\/www.it.tarnow.pl\/fr\/wp-json\/wp\/v2\/pages\/10020\/revisions"}],"predecessor-version":[{"id":340330,"href":"https:\/\/www.it.tarnow.pl\/fr\/wp-json\/wp\/v2\/pages\/10020\/revisions\/340330"}],"up":[{"embeddable":true,"href":"https:\/\/www.it.tarnow.pl\/fr\/wp-json\/wp\/v2\/pages\/10017"}],"wp:attachment":[{"href":"https:\/\/www.it.tarnow.pl\/fr\/wp-json\/wp\/v2\/media?parent=10020"}],"wp:term":[{"taxonomy":"post_tag","embeddable":true,"href":"https:\/\/www.it.tarnow.pl\/fr\/wp-json\/wp\/v2\/tags?post=10020"}],"curies":[{"name":"wp","href":"https:\/\/api.w.org\/{rel}","templated":true}]}}