{"id":10019,"date":"2018-01-05T15:05:50","date_gmt":"2018-01-05T14:05:50","guid":{"rendered":"http:\/\/www.it.tarnow.pl\/auberges-de-jeunesse\/"},"modified":"2026-01-16T14:15:14","modified_gmt":"2026-01-16T13:15:14","slug":"auberges-de-jeunesse","status":"publish","type":"page","link":"https:\/\/www.it.tarnow.pl\/fr\/ou-dormir\/region-de-tarnow\/auberges-de-jeunesse\/","title":{"rendered":"Auberges de jeunesse"},"content":{"rendered":"<div class=\"table-responsive\">\r\n<table class=\" table-bordered table-hover table\" style=\"width: 100%; height: 1015px;\" border=\"0\" width=\"100%\" cellspacing=\"0\" cellpadding=\"2\">\r\n<tbody>\r\n<tr style=\"height: 111px;\">\r\n<td style=\"vertical-align: top; height: 111px;\" valign=\"top\">\r\n<h4>R\u00c9GION DE TARN\u00d3W\u00a0<\/h4>\r\n<h4>\u00a0<\/h4>\r\n<\/td>\r\n<\/tr>\r\n<tr style=\"height: 66px;\">\r\n<td style=\"vertical-align: top; height: 66px;\">\r\n<h4><em>AUBERGES DE JEUNESSE ET MOTELS<\/em><\/h4>\r\n<\/td>\r\n<\/tr>\r\n<tr style=\"height: 662px;\">\r\n<td style=\"vertical-align: top; height: 662px;\" valign=\"top\">\r\n<table class=\" table-bordered table-hover table\" style=\"width: 100%;\" border=\"0\" width=\"100%\" cellspacing=\"0\" cellpadding=\"2\">\r\n<tbody>\r\n<tr>\r\n<td style=\"vertical-align: top;\" valign=\"top\">\r\n<p><b>Bac\u00f3wka Brzanka<\/b><br \/>\r\nJod\u0142\u00f3wka Tuchowska 125, 33-173 Jod\u0142\u00f3wka Tuchowska\u00a0<br \/>\r\nt\u00e9l\u00e9phone: +48 <span class=\"x193iq5w xeuugli x13faqbe x1vvkbs x1xmvt09 x1lliihq x1s928wv xhkezso x1gmr53x x1cpjm7i x1fgarty x1943h6x xudqn12 x3x7a5m x6prxxf xvq8zen xo1l8bm xzsf02u x1yc453h\" dir=\"auto\">604 135 018<\/span> <br \/>\r\n<a href=\"mailto:recepcja@brzanka.pl\">recepcja@brzanka.pl<\/a> \u00a0<br \/>\r\n<i>actualis\u00e9:<\/i><i>16.01.2026<\/i><\/p>\r\n<p>&nbsp;<\/p>\r\n<p>&nbsp;<\/p>\r\n<\/td>\r\n<\/tr>\r\n<tr>\r\n<td style=\"vertical-align: top;\" valign=\"top\">\r\n<p><b>Schronisko \u00ab\u00a0Bac\u00f3wka na Jamnej\u00a0\u00bb<\/b><br \/>\r\nJamna 14, 32-842 Pale\u015bnica\u00a0<br \/>\r\nt\u00e9l\u00e9phone: +48 <span class=\"oi732d6d ik7dh3pa d2edcug0 hpfvmrgz qv66sw1b c1et5uql a8c37x1j muag1w35 ew0dbk1b jq4qci2q a3bd9o3v knj5qynh oo9gr5id hzawbc8m\" dir=\"auto\"><span class=\"oi732d6d ik7dh3pa d2edcug0 hpfvmrgz qv66sw1b c1et5uql jq4qci2q a3bd9o3v knj5qynh oo9gr5id\">517 340 735, +48 512 189 600<\/span><\/span> <br \/>\r\n<a href=\"http:\/\/bacowkajamna.pl\/\">http:\/\/bacowkajamna.pl\/<\/a>\u00a0 <a href=\"mailto:kontakt@bacowkajamna.pl\">kontakt@bacowkajamna.pl<\/a><br \/>\r\n<i>actualis\u00e9:<\/i><i>16.01.2026<\/i><\/p>\r\n<p>&nbsp;<\/p>\r\n<p>&nbsp;<\/p>\r\n<\/td>\r\n<\/tr>\r\n<tr>\r\n<td style=\"vertical-align: top;\" valign=\"top\">\r\n<p><b>Szkolne Schronisko M\u0142odzie\u017cowe<\/b><br \/>\r\nul. \u015aw. Andrzeja 6, 33-190 Ci\u0119\u017ckowice\u00a0<br \/>\r\nt\u00e9l\u00e9phone: +48 668 708 069 <br \/>\r\n<a href=\"https:\/\/www.facebook.com\/people\/Szkolne-Schronisko-M%C5%82odzie%C5%BCowe-w-Ci%C4%99%C5%BCkowicach\/100081253420701\/\">Facebook<\/a> <a href=\"ssmciezkowice@op.pl\">kp.ssmciezkowice@interia.pl<\/a><br \/>\r\n<i>actualis\u00e9:<\/i><i>16.01.2026<\/i><\/p>\r\n<p>&nbsp;<\/p>\r\n<p>&nbsp;<\/p>\r\n<\/td>\r\n<\/tr>\r\n<\/tbody>\r\n<\/table>\r\n<h4>\u00a0<\/h4>\r\n<\/td>\r\n<\/tr>\r\n<tr style=\"height: 152px;\">\r\n<td style=\"vertical-align: top; height: 152px;\" valign=\"top\">\r\n<p><b>Zajazd Relax<\/b> <br \/>\r\nul. Jana Bro\u0144ka 6, 33-190 Ci\u0119\u017ckowice\u00a0<br \/>\r\nt\u00e9l\u00e9phone: +48 14 651 02 80<br \/>\r\n<a href=\"https:\/\/www.facebook.com\/ZajazdRelax\">https:\/\/www.facebook.com\/ZajazdRelax<\/a> \u00a0<a href=\"mailto:zajazdrelax@zajazdrelax.pl\">zajazdrelax@zajazdrelax.pl<\/a> \u00a0<br \/>\r\n<i>actualis\u00e9:<\/i><i>16.01.2026<\/i><\/p>\r\n<p>&nbsp;<\/p>\r\n<\/td>\r\n<\/tr>\r\n<\/tbody>\r\n<\/table>\r\n<p>&nbsp;<\/p>\r\n<div class=\"table-responsive\">\r\n<table class=\" table-bordered table-hover table\" style=\"width: 100%; height: 2773px;\" border=\"0\" width=\"100%\" cellspacing=\"0\" cellpadding=\"2\">\r\n<tbody>\r\n<tr style=\"height: 311px;\">\r\n<td style=\"vertical-align: top; height: 311px;\" valign=\"top\">\r\n<h4>R\u00c9GION DE D\u0104BROWA TARNOWSKA<\/h4>\r\n<table class=\" table-bordered table-hover table\" style=\"width: 100%;\" border=\"0\" width=\"100%\" cellspacing=\"0\" cellpadding=\"2\">\r\n<tbody>\r\n<tr>\r\n<td style=\"vertical-align: top;\" valign=\"top\">\r\n<p><b>Szkolne Schronisko M\u0142odzie\u017cowe<\/b><br \/>\r\nul. Pi\u0142sudskiego 44, 33-200 D\u0105browa Tarnowska<br \/>\r\nt\u00e9l\u00e9phone: +14 642 25 21<\/p>\r\n<p><a href=\"http:\/\/zsp2.miasto.net.pl\/\">https:\/\/zsdt.edu.pl\/<\/a><br \/>\r\n<i>actualis\u00e9:<\/i><i>16.01.2026<\/i><\/p>\r\n<p>&nbsp;<\/p>\r\n<\/td>\r\n<\/tr>\r\n<tr>\r\n<td style=\"vertical-align: top;\" valign=\"top\">\u00a0<\/td>\r\n<\/tr>\r\n<\/tbody>\r\n<\/table>\r\n<\/td>\r\n<td style=\"height: 311px;\">\u00a0<\/td>\r\n<\/tr>\r\n<tr style=\"height: 580px;\">\r\n<td style=\"vertical-align: top; height: 397px;\" valign=\"top\">\r\n<h4>R\u00c9GION DE\u00a0BOCHNIA<\/h4>\r\n<div class=\"table-responsive\">\r\n<table class=\" table-bordered table-hover table\" style=\"width: 100%;\" border=\"0\" width=\"100%\" cellspacing=\"0\" cellpadding=\"2\">\r\n<tbody>\r\n<tr>\r\n<td style=\"vertical-align: top;\" valign=\"top\">\r\n<p><b>Dom Pielgrzyma<\/b>\u00a0<br \/>\r\n\u00a0ul. Stasiaka 10, 32-700 Bochnia\u00a0<br \/>\r\n\u00a0t\u00e9l\u00e9phone: +48 14 612 21 95<\/p>\r\n<p><i>actualis\u00e9:1<\/i><i>6.01.2026<\/i><\/p>\r\n<p>&nbsp;<\/p>\r\n<\/td>\r\n<\/tr>\r\n<tr>\r\n<td style=\"vertical-align: top;\" valign=\"top\">\r\n<p><b>Szkolne Schronisko M\u0142odzie\u017cowe<\/b> * <br \/>\r\nRozdziele 194, 32-731 \u017begocina\u00a0<br \/>\r\nt\u00e9l\u00e9phone\/fax: +48 14 613 30 87, mob.: + 48 798 359 851<br \/>\r\n<a href=\"mailto:schronisko@powiat.bochnia.pl\">schronisko@powiat.bochnia.pl<\/a> <a href=\"https:\/\/schronisko.rozdziele.pl\/\">https:\/\/schronisko.rozdziele.pl\/<\/a><br \/>\r\n<i>actualis\u00e9:<\/i><i>16.01.2026<\/i><\/p>\r\n<p>&nbsp;<\/p>\r\n<\/td>\r\n<\/tr>\r\n<\/tbody>\r\n<\/table>\r\n<\/div>\r\n<\/td>\r\n<td style=\"height: 397px;\">\u00a0<\/td>\r\n<\/tr>\r\n<tr style=\"height: 208px;\">\r\n<td style=\"vertical-align: top; height: 208px;\" valign=\"top\">\r\n<p>\u00a0<b>Mi\u015b Motel **<\/b><\/p>\r\n<p>\u00a0\u0141azy 7, 32-765 Rzezawa<br \/>\r\n\u00a0\u00a0t\u00e9l\u00e9phone: +48 14 611 26 98<br \/>\r\n<a href=\"mailto:motelmis@op.pl\">Stonmag@poczta.onet.pl<\/a> <br \/>\r\n\u00a0<i>actualis\u00e9:<\/i><i>16.01.2026<\/i><\/p>\r\n<p>&nbsp;<\/p>\r\n<\/td>\r\n<td style=\"height: 208px;\">\u00a0<\/td>\r\n<\/tr>\r\n<tr style=\"height: 24px;\">\r\n<td style=\"vertical-align: top; height: 24px;\" valign=\"top\">\u00a0<\/td>\r\n<td style=\"height: 24px;\">\u00a0<\/td>\r\n<\/tr>\r\n<tr style=\"height: 322px;\">\r\n<td style=\"vertical-align: top; height: 322px;\" valign=\"top\">\r\n<h4>R\u00c9GION DE BRZESKO<\/h4>\r\n<p><b>Szkolne Schronisko M\u0142odzie\u017cowe<\/b><\/p>\r\n<p>ul. Piastowska 2b, 32-800 Brzesko\u00a0<br \/>\r\nt\u00e9l\u00e9phone\/fax: +48 14 663 00 63<br \/>\r\n<a href=\"http:\/\/www.ssm-brzesko.pl\/\">http:\/\/www.ssm-brzesko.pl\/<\/a> <br \/>\r\n<a class=\"target_blank\" href=\"http:\/\/www.ssm-brzesko.pl\/\">recepcja@ssm-brzesko.pl\u00a0dyrektor@ssm-brzesko.pl<\/a> \u00a0<br \/>\r\n<i>actualis\u00e9: <\/i><i>16.01.2026<\/i><\/p>\r\n<p>&nbsp;<\/p>\r\n<\/td>\r\n<td style=\"height: 322px;\">\u00a0<\/td>\r\n<\/tr>\r\n<tr style=\"height: 192px;\">\r\n<td style=\"vertical-align: top; height: 192px;\" valign=\"top\">\r\n<p><b>Zajazd \u00ab\u00a0Por\u0105bka\u00a0\u00bb<\/b>\u00a0<br \/>\r\nPor\u0105bka Uszewska 63, 32-854 Por\u0105bka Uszewska\u00a0<br \/>\r\nmob.: +48 603 034 713\u00a0<br \/>\r\n<a href=\"http:\/\/www.zajazdporabka.pl\">http:\/\/www.zajazdporabka.pl<\/a> <a href=\"mailto:biuro@zajazdporabka.pl\">biuro@zajazdporabka.pl<\/a> <a href=\"mailto:zajazd@zajazdporabka.com.pl\">zajazd@zajazdporabka.com.pl \u00a0<\/a><br \/>\r\n<i>actualis\u00e9:<\/i><i>16.01.2026<\/i><\/p>\r\n<p>&nbsp;<\/p>\r\n<\/td>\r\n<td style=\"height: 192px;\">\u00a0<\/td>\r\n<\/tr>\r\n<tr style=\"height: 24px;\">\r\n<td style=\"vertical-align: top; height: 24px;\" valign=\"top\">\u00a0<\/td>\r\n<td style=\"height: 24px;\">\u00a0<\/td>\r\n<\/tr>\r\n<tr style=\"height: 458px;\">\r\n<td style=\"vertical-align: top; height: 174px;\" valign=\"top\">\r\n<p>&nbsp;<\/p>\r\n<h4>\u00a0R\u00c9GION DE\u00a0D\u0118BICA<\/h4>\r\n<p><b>Szkolne Schronisko M\u0142odzie\u017cowe \u00ab\u00a0Rozdzielnia Wiatr\u00f3w\u00a0\u00bb<\/b>\u00a0<\/p>\r\n<p>G\u0142obikowa 81 c, 39-210 D\u0119bica\u00a0<br \/>\r\nt\u00e9l\u00e9phone\/fax: +48 14 681 67 69<br \/>\r\n<a href=\"https:\/\/globikowa.ugdebica.pl\/szkolne-schronisko-mlodziezowe\">https:\/\/globikowa.ugdebica.pl\/szkolne-schronisko-mlodziezowe<\/a> <a href=\"mailto:zsglobikowa@gzeas.pl\">zsglobikowa@gzeas.pl<\/a>\u00a0 <br \/>\r\n<i>actualis\u00e9: <\/i><i>16.01.2026<\/i><\/p>\r\n<p>&nbsp;<\/p>\r\n<\/td>\r\n<td style=\"vertical-align: top; height: 174px;\" valign=\"top\">\u00a0<\/td>\r\n<\/tr>\r\n<tr style=\"height: 1121px;\">\r\n<td style=\"vertical-align: top; height: 1121px;\" valign=\"top\">\r\n<p><b>Taurus Motel *<\/b><br \/>\r\nStrzegocice 116C, 39-223 Strzegocice<br \/>\r\nt\u00e9l\u00e9phone: +48 14 625 88 28\u00a0<br \/>\r\n<a class=\"www-link\" href=\"http:\/\/www.stan-taurus.com.pl\/motel-taurus-strzegocice.html\">www.stan-taurus.com.pl\/motel-taurus-strzegocice.html<\/a>\u00a0 <a href=\"mailto:barstrzegocice@stan-taurus.com.pl\">barstrzegocice@stan-taurus.com.pl<\/a> \u00a0<br \/>\r\n<i>actualis\u00e9:<\/i><i>16.01.2026<\/i><\/p>\r\n<p>&nbsp;<\/p>\r\n<div class=\"table-responsive\">\r\n<table class=\" table-bordered table-hover table\" style=\"width: 100%; height: 776px;\" border=\"0\" width=\"100%\" cellspacing=\"0\" cellpadding=\"2\">\r\n<tbody>\r\n<tr style=\"height: 502px;\">\r\n<td style=\"vertical-align: top; height: 466px;\" valign=\"top\">\r\n<h4>R\u00c9GION DE GORLICE<\/h4>\r\n<p>&nbsp;<\/p>\r\n<table class=\" table-bordered table-hover table\" style=\"width: 100.166%; height: 351px;\" border=\"0\" width=\"100%\" cellspacing=\"0\" cellpadding=\"2\">\r\n<tbody>\r\n<tr>\r\n<td style=\"vertical-align: top;\" valign=\"top\">\r\n<p><strong>Youth Hostel<\/strong><br \/>\r\nul. Parkowa 1, 38-250 Biecz<br \/>\r\nt\u00e9l\u00e9phone\/fax: +48 13 44 71 014<br \/>\r\n<a href=\"mailto:schroniskobiecz@vp.pl\">schroniskobiecz@vp.pl<\/a> <a href=\"https:\/\/www.pzpobiecz.pl\/index.php\/schronisko\/cennik\">https:\/\/www.pzpobiecz.pl\/index.php\/schronisko\/cennik<\/a><br \/>\r\n<i>actualis\u00e9:<\/i><i>16.01.2026<\/i><\/p>\r\n<p>&nbsp;<\/p>\r\n<\/td>\r\n<\/tr>\r\n<tr>\r\n<td style=\"vertical-align: top;\" valign=\"top\">\r\n<p><b>Szkolne Schronisko M\u0142odzie\u017cowe<\/b><br \/>\r\nul. W\u0119gierska 28, 38-350 Bobowa<br \/>\r\nt\u00e9l\u00e9phone: +48 18 351 40 10<br \/>\r\n<a href=\"mailto:sekretariat@zsz.bobowa.pl\">sekretariat@zsz.bobowa.pl<\/a> <a href=\"https:\/\/zsz.bobowa.pl\/?page_id=96\">https:\/\/zsz.bobowa.pl\/?page_id=96<\/a><br \/>\r\n<i>actualis\u00e9:<\/i><i>16.01.2026<\/i><\/p>\r\n<p>&nbsp;<\/p>\r\n<\/td>\r\n<\/tr>\r\n<\/tbody>\r\n<\/table>\r\n<\/td>\r\n<\/tr>\r\n<tr style=\"height: 119px;\">\r\n<td style=\"vertical-align: top; height: 119px;\" valign=\"top\">\r\n<p>\u00a0<b>\u201ePod kogutkiem\u201d Motel<\/b><br \/>\r\nul. Str\u00f3\u017cowska 115, 38-300 Gorlice\u00a0<br \/>\r\nt\u00e9l\u00e9phone: +48 18 352 28 00, +48 18 540 46 11<br \/>\r\n<a class=\"target_blank\" href=\"http:\/\/www.kogutek.gorlice.pl\/\">www.kogutek.gorlice.pl<\/a> <a href=\"mailto:kogutek@kogutek.gorlice.pl\">kogutek@kogutek.gorlice.pl<\/a><br \/>\r\n<i>actualis\u00e9:<\/i><i>16.01.2026<\/i><\/p>\r\n<p>&nbsp;<\/p>\r\n<\/td>\r\n<\/tr>\r\n<tr style=\"height: 191px;\">\r\n<td style=\"vertical-align: top; height: 191px;\" valign=\"top\">\r\n<p>&nbsp;<\/p>\r\n<p><b>Zajazd Ostoja<br \/>\r\n<\/b>ul. Grunwaldzka 78, 38-350 Bobowa<br \/>\r\nt\u00e9l\u00e9phone: +48 18 35 14 169, mob. 602 440 123 <br \/>\r\n<a href=\"https:\/\/ostoja.com.pl\/\">https:\/\/ostoja.com.pl\/<\/a> \u00a0<a href=\"mailto:kontakt@zajazdostoja.pl\">kontakt@zajazdostoja.pl<\/a> \u00a0<br \/>\r\n<i>actualis\u00e9:<\/i><i>16.01.2026<\/i><\/p>\r\n<p>&nbsp;<\/p>\r\n<\/td>\r\n<\/tr>\r\n<\/tbody>\r\n<\/table>\r\n<\/div>\r\n<\/td>\r\n<td style=\"vertical-align: top; height: 1121px;\" valign=\"top\">\u00a0<\/td>\r\n<\/tr>\r\n<\/tbody>\r\n<\/table>\r\n<p>&nbsp;<\/p>\r\n<p>&nbsp;<\/p>\r\n<p>&nbsp;<\/p>\r\n<\/div>\r\n<\/div>","protected":false},"excerpt":{"rendered":"R\u00c9GION DE TARN\u00d3W\u00a0 \u00a0 AUBERGES DE JEUNESSE ET MOTELS Bac\u00f3wka Brzanka Jod\u0142\u00f3wka Tuchowska 125, 33-173 Jod\u0142\u00f3wka Tuchowska\u00a0 t\u00e9l\u00e9phone: +48 604 135 018 recepcja@brzanka.pl \u00a0 actualis\u00e9:16.01.2026 &nbsp; &nbsp; Schronisko \u00ab\u00a0Bac\u00f3wka na [&hellip;]","protected":false},"author":1,"featured_media":0,"parent":10017,"menu_order":616,"comment_status":"closed","ping_status":"closed","template":"","meta":{"_acf_changed":false,"footnotes":""},"tags":[],"class_list":["post-10019","page","type-page","status-publish","hentry"],"acf":{"old_object_id":"24281","old_parent_id":"19452","old_url":"Ou-dormir\/Region-de-Tarnow\/Auberges-de-jeunesse","intro_text":"","class":"folder","type":"single","in_menu":true,"show_date":false,"map":"","old_id":"","rooms_info":"","top_column":"","left_column":"","right_column":"","bottom_column":"","show_children":"","skip_import":false,"_menu_related_id":"102285"},"yoast_head":"<!-- This site is optimized with the Yoast SEO Premium plugin v25.4 (Yoast SEO v25.4) - https:\/\/yoast.com\/wordpress\/plugins\/seo\/ -->\n<title>Auberges de jeunesse - Tarnowskie Centrum Informacji<\/title>\n<meta name=\"robots\" content=\"index, follow, max-snippet:-1, max-image-preview:large, max-video-preview:-1\" \/>\n<link rel=\"canonical\" href=\"https:\/\/www.it.tarnow.pl\/fr\/ou-dormir\/region-de-tarnow\/auberges-de-jeunesse\/\" \/>\n<meta property=\"og:locale\" content=\"fr_FR\" \/>\n<meta property=\"og:type\" content=\"article\" \/>\n<meta property=\"og:title\" content=\"Auberges de jeunesse\" \/>\n<meta property=\"og:description\" content=\"R\u00c9GION DE TARN\u00d3W\u00a0 \u00a0 AUBERGES DE JEUNESSE ET MOTELS Bac\u00f3wka Brzanka Jod\u0142\u00f3wka Tuchowska 125, 33-173 Jod\u0142\u00f3wka Tuchowska\u00a0 t\u00e9l\u00e9phone: +48 604 135 018 recepcja@brzanka.pl \u00a0 actualis\u00e9:16.01.2026 &nbsp; &nbsp; Schronisko \u00ab\u00a0Bac\u00f3wka na [&hellip;]\" \/>\n<meta property=\"og:url\" content=\"https:\/\/www.it.tarnow.pl\/fr\/ou-dormir\/region-de-tarnow\/auberges-de-jeunesse\/\" \/>\n<meta property=\"og:site_name\" content=\"Tarnowskie Centrum Informacji\" \/>\n<meta property=\"article:modified_time\" content=\"2026-01-16T13:15:14+00:00\" \/>\n<meta name=\"twitter:card\" content=\"summary_large_image\" \/>\n<meta name=\"twitter:label1\" content=\"Dur\u00e9e de lecture estim\u00e9e\" \/>\n\t<meta name=\"twitter:data1\" content=\"2 minutes\" \/>\n<script type=\"application\/ld+json\" class=\"yoast-schema-graph\">{\"@context\":\"https:\/\/schema.org\",\"@graph\":[{\"@type\":\"WebPage\",\"@id\":\"https:\/\/www.it.tarnow.pl\/fr\/ou-dormir\/region-de-tarnow\/auberges-de-jeunesse\/\",\"url\":\"https:\/\/www.it.tarnow.pl\/fr\/ou-dormir\/region-de-tarnow\/auberges-de-jeunesse\/\",\"name\":\"Auberges de jeunesse - Tarnowskie Centrum Informacji\",\"isPartOf\":{\"@id\":\"https:\/\/www.it.tarnow.pl\/#website\"},\"datePublished\":\"2018-01-05T14:05:50+00:00\",\"dateModified\":\"2026-01-16T13:15:14+00:00\",\"breadcrumb\":{\"@id\":\"https:\/\/www.it.tarnow.pl\/fr\/ou-dormir\/region-de-tarnow\/auberges-de-jeunesse\/#breadcrumb\"},\"inLanguage\":\"fr-FR\",\"potentialAction\":[{\"@type\":\"ReadAction\",\"target\":[\"https:\/\/www.it.tarnow.pl\/fr\/ou-dormir\/region-de-tarnow\/auberges-de-jeunesse\/\"]}]},{\"@type\":\"BreadcrumbList\",\"@id\":\"https:\/\/www.it.tarnow.pl\/fr\/ou-dormir\/region-de-tarnow\/auberges-de-jeunesse\/#breadcrumb\",\"itemListElement\":[{\"@type\":\"ListItem\",\"position\":1,\"name\":\"Page d'accueil\",\"item\":\"https:\/\/www.it.tarnow.pl\/fr\/\"},{\"@type\":\"ListItem\",\"position\":2,\"name\":\"O\u00f9 dormir\",\"item\":\"https:\/\/www.it.tarnow.pl\/fr\/ou-dormir\/\"},{\"@type\":\"ListItem\",\"position\":3,\"name\":\"R\u00e9gion de Tarn\u00f3w\",\"item\":\"https:\/\/www.it.tarnow.pl\/fr\/ou-dormir\/region-de-tarnow\/\"},{\"@type\":\"ListItem\",\"position\":4,\"name\":\"Auberges de jeunesse\"}]},{\"@type\":\"WebSite\",\"@id\":\"https:\/\/www.it.tarnow.pl\/#website\",\"url\":\"https:\/\/www.it.tarnow.pl\/\",\"name\":\"Tarnowskie Centrum Informacji\",\"description\":\"Informacja turystyczna o Tarnowie i regionie tarnowskim.\",\"potentialAction\":[{\"@type\":\"SearchAction\",\"target\":{\"@type\":\"EntryPoint\",\"urlTemplate\":\"https:\/\/www.it.tarnow.pl\/?s={search_term_string}\"},\"query-input\":{\"@type\":\"PropertyValueSpecification\",\"valueRequired\":true,\"valueName\":\"search_term_string\"}}],\"inLanguage\":\"fr-FR\"}]}<\/script>\n<!-- \/ Yoast SEO Premium plugin. -->","yoast_head_json":{"title":"Auberges de jeunesse - Tarnowskie Centrum Informacji","robots":{"index":"index","follow":"follow","max-snippet":"max-snippet:-1","max-image-preview":"max-image-preview:large","max-video-preview":"max-video-preview:-1"},"canonical":"https:\/\/www.it.tarnow.pl\/fr\/ou-dormir\/region-de-tarnow\/auberges-de-jeunesse\/","og_locale":"fr_FR","og_type":"article","og_title":"Auberges de jeunesse","og_description":"R\u00c9GION DE TARN\u00d3W\u00a0 \u00a0 AUBERGES DE JEUNESSE ET MOTELS Bac\u00f3wka Brzanka Jod\u0142\u00f3wka Tuchowska 125, 33-173 Jod\u0142\u00f3wka Tuchowska\u00a0 t\u00e9l\u00e9phone: +48 604 135 018 recepcja@brzanka.pl \u00a0 actualis\u00e9:16.01.2026 &nbsp; &nbsp; Schronisko \u00ab\u00a0Bac\u00f3wka na [&hellip;]","og_url":"https:\/\/www.it.tarnow.pl\/fr\/ou-dormir\/region-de-tarnow\/auberges-de-jeunesse\/","og_site_name":"Tarnowskie Centrum Informacji","article_modified_time":"2026-01-16T13:15:14+00:00","twitter_card":"summary_large_image","twitter_misc":{"Dur\u00e9e de lecture estim\u00e9e":"2 minutes"},"schema":{"@context":"https:\/\/schema.org","@graph":[{"@type":"WebPage","@id":"https:\/\/www.it.tarnow.pl\/fr\/ou-dormir\/region-de-tarnow\/auberges-de-jeunesse\/","url":"https:\/\/www.it.tarnow.pl\/fr\/ou-dormir\/region-de-tarnow\/auberges-de-jeunesse\/","name":"Auberges de jeunesse - Tarnowskie Centrum Informacji","isPartOf":{"@id":"https:\/\/www.it.tarnow.pl\/#website"},"datePublished":"2018-01-05T14:05:50+00:00","dateModified":"2026-01-16T13:15:14+00:00","breadcrumb":{"@id":"https:\/\/www.it.tarnow.pl\/fr\/ou-dormir\/region-de-tarnow\/auberges-de-jeunesse\/#breadcrumb"},"inLanguage":"fr-FR","potentialAction":[{"@type":"ReadAction","target":["https:\/\/www.it.tarnow.pl\/fr\/ou-dormir\/region-de-tarnow\/auberges-de-jeunesse\/"]}]},{"@type":"BreadcrumbList","@id":"https:\/\/www.it.tarnow.pl\/fr\/ou-dormir\/region-de-tarnow\/auberges-de-jeunesse\/#breadcrumb","itemListElement":[{"@type":"ListItem","position":1,"name":"Page d'accueil","item":"https:\/\/www.it.tarnow.pl\/fr\/"},{"@type":"ListItem","position":2,"name":"O\u00f9 dormir","item":"https:\/\/www.it.tarnow.pl\/fr\/ou-dormir\/"},{"@type":"ListItem","position":3,"name":"R\u00e9gion de Tarn\u00f3w","item":"https:\/\/www.it.tarnow.pl\/fr\/ou-dormir\/region-de-tarnow\/"},{"@type":"ListItem","position":4,"name":"Auberges de jeunesse"}]},{"@type":"WebSite","@id":"https:\/\/www.it.tarnow.pl\/#website","url":"https:\/\/www.it.tarnow.pl\/","name":"Tarnowskie Centrum Informacji","description":"Informacja turystyczna o Tarnowie i regionie tarnowskim.","potentialAction":[{"@type":"SearchAction","target":{"@type":"EntryPoint","urlTemplate":"https:\/\/www.it.tarnow.pl\/?s={search_term_string}"},"query-input":{"@type":"PropertyValueSpecification","valueRequired":true,"valueName":"search_term_string"}}],"inLanguage":"fr-FR"}]}},"_links":{"self":[{"href":"https:\/\/www.it.tarnow.pl\/fr\/wp-json\/wp\/v2\/pages\/10019","targetHints":{"allow":["GET"]}}],"collection":[{"href":"https:\/\/www.it.tarnow.pl\/fr\/wp-json\/wp\/v2\/pages"}],"about":[{"href":"https:\/\/www.it.tarnow.pl\/fr\/wp-json\/wp\/v2\/types\/page"}],"author":[{"embeddable":true,"href":"https:\/\/www.it.tarnow.pl\/fr\/wp-json\/wp\/v2\/users\/1"}],"replies":[{"embeddable":true,"href":"https:\/\/www.it.tarnow.pl\/fr\/wp-json\/wp\/v2\/comments?post=10019"}],"version-history":[{"count":12,"href":"https:\/\/www.it.tarnow.pl\/fr\/wp-json\/wp\/v2\/pages\/10019\/revisions"}],"predecessor-version":[{"id":340324,"href":"https:\/\/www.it.tarnow.pl\/fr\/wp-json\/wp\/v2\/pages\/10019\/revisions\/340324"}],"up":[{"embeddable":true,"href":"https:\/\/www.it.tarnow.pl\/fr\/wp-json\/wp\/v2\/pages\/10017"}],"wp:attachment":[{"href":"https:\/\/www.it.tarnow.pl\/fr\/wp-json\/wp\/v2\/media?parent=10019"}],"wp:term":[{"taxonomy":"post_tag","embeddable":true,"href":"https:\/\/www.it.tarnow.pl\/fr\/wp-json\/wp\/v2\/tags?post=10019"}],"curies":[{"name":"wp","href":"https:\/\/api.w.org\/{rel}","templated":true}]}}