{"id":10018,"date":"2018-01-05T14:54:55","date_gmt":"2018-01-05T13:54:55","guid":{"rendered":"http:\/\/www.it.tarnow.pl\/hotels\/"},"modified":"2026-01-16T14:11:53","modified_gmt":"2026-01-16T13:11:53","slug":"hotels","status":"publish","type":"page","link":"https:\/\/www.it.tarnow.pl\/fr\/ou-dormir\/region-de-tarnow\/hotels\/","title":{"rendered":"H\u00f4tels"},"content":{"rendered":"<p style=\"text-align: left;\">\u00a0<\/p>\r\n<p><b>R\u00c9GION DE TARN\u00d3W<\/b><\/p>\r\n<div class=\"table-responsive\">\r\n<table class=\" table-bordered table-hover table\" style=\"width: 100%; height: 1267px;\" border=\"0\" width=\"100%\" cellspacing=\"0\" cellpadding=\"2\">\r\n<tbody>\r\n<tr style=\"height: 187px;\">\r\n<td style=\"vertical-align: top; height: 187px;\" valign=\"top\" width=\"100%\">\r\n<p><b>Dunajec<\/b>\u00a0<b>Hotel\u00a0<\/b>***<br \/>\r\nul. Krakowska 85, 33-113 Zg\u0142obice, Pologne<br \/>\r\nt\u00e9l\u00e9phone: +48 14 674-30-96<br \/>\r\n<u><a class=\"target_blank\" href=\"http:\/\/hoteldunajec.pl\/hotel\">www.hoteldunajec.pl<\/a> <\/u> <a href=\"mailto:recepcja@hoteldunajec.pl\">recepcja@hoteldunajec.pl<\/a><u><\/u><br \/>\r\n<i>actualis\u00e9: 16.01.2026<\/i><\/p>\r\n<p>&nbsp;<\/p>\r\n<\/td>\r\n<\/tr>\r\n<tr style=\"height: 192px;\">\r\n<td style=\"vertical-align: top; height: 192px;\" valign=\"top\" width=\"100%\">\r\n<p><b>Dw\u00f3r Prezydencki Boutique Hotel&amp;Spa *****<\/b><br \/>\r\nul. Dworska 6, 33-113 Zg\u0142obice, Pologne<br \/>\r\nt\u00e9l\u00e9phone: +48 14 652 76 50<br \/>\r\n<a href=\"https:\/\/www.dwor-prezydencki.pl\/en\/\">https:\/\/www.dwor-prezydencki.pl\/en\/<\/a> <a href=\"mailto:hotel@dwor-prezydencki.pl\">hotel@dwor-prezydencki.pl<\/a><br \/>\r\n<i>actualis\u00e9:<\/i><i>16.01.2026<\/i><\/p>\r\n<p>&nbsp;<\/p>\r\n<p>&nbsp;<\/p>\r\n<\/td>\r\n<\/tr>\r\n<tr style=\"height: 192px;\">\r\n<td style=\"vertical-align: top; height: 192px;\" valign=\"top\" width=\"100%\">\r\n<p><b>Zabawa<\/b>\u00a0<b>Hotel\u00a0<\/b>***<br \/>\r\nul. B\u0142. Karoliny K\u00f3zk\u00f3wny 26, 33-133 Wa\u0142 Ruda, Pologne<br \/>\r\nt\u00e9l\u00e9phone\/fax: +48 14 678 14 47,+48 600 180 964<br \/>\r\n<u><a class=\"target_blank\" href=\"http:\/\/www.hotelzabawa.pl\/\">www.hotelzabawa.pl<\/a> <\/u>\u00a0<u><a href=\"mailto:recepcja@hotelzabawa.pl\">recepcja@hotelzabawa.pl<\/a>\u00a0 <\/u><br \/>\r\n<i>actualis\u00e9: 16.01.2026<\/i><\/p>\r\n<p>&nbsp;<\/p>\r\n<\/td>\r\n<\/tr>\r\n<tr style=\"height: 192px;\">\r\n<td style=\"vertical-align: top; height: 192px;\" valign=\"top\" width=\"100%\">\r\n<p><b>Weso\u0142a Hotel***<\/b><br \/>\r\nNowa Jastrz\u0105bka 92 A, 33-151 Nowa Jastrz\u0105bka, Pologne<br \/>\r\nt\u00e9l\u00e9phone\/fax: +48 14 678 62 14, mob.: +48 784 987 118<br \/>\r\n<u><a class=\"target_blank\" href=\"http:\/\/www.hotelwesola.pl\/\">www.hotelwesola.pl<\/a> <\/u>\u00a0<u><a href=\"mailto:hotel@restauracjawesola.pl\">hotel@restauracjawesola.pl<\/a> <\/u><br \/>\r\n<i>actualis\u00e9:1<\/i><i>6.01.2026<\/i><\/p>\r\n<p>&nbsp;<\/p>\r\n<p>&nbsp;<\/p>\r\n<\/td>\r\n<\/tr>\r\n<tr style=\"height: 192px;\">\r\n<td style=\"vertical-align: top; height: 192px;\" valign=\"top\" width=\"100%\">\r\n<p><b>Kardamon Hotel ***<\/b><br \/>\r\nul. Zbylitowskich 157, 33-113 Zg\u0142obice, Pologne<br \/>\r\nt\u00e9l\u00e9phone: +48 14 652 06 05, +48 538 812 525<br \/>\r\n<u><a class=\"target_blank\" href=\"http:\/\/www.hotel-kardamon.pl\/\">www.hotel-kardamon.pl<\/a> <\/u>\u00a0<u><a href=\"mailto:biuro@hotel-kardamon.pl\">biuro@hotel-kardamon.pl<\/a> <\/u><br \/>\r\n<i>actualis\u00e9: 16.01.2026<\/i><\/p>\r\n<\/td>\r\n<\/tr>\r\n<tr style=\"height: 192px;\">\r\n<td style=\"vertical-align: top; height: 192px;\" valign=\"top\" width=\"100%\">\r\n<p><b>Taurus Hotel ***<\/b><br \/>\r\n\u0141adna 5, 33-156 Skrzysz\u00f3w, Pologne<br \/>\r\nt\u00e9l\u00e9phone: +48 14 674 80 80, +48 14 691 09 99<br \/>\r\n<a href=\"http:\/\/www.stan-taurus.com.pl\/hotel-ladna.html\">http:\/\/www.stan-taurus.com.pl\/hotel-ladna.html<\/a>\u00a0<u><a href=\"mailto:barladna@stan-taurus.com.pl\">barladna@stan-taurus.com.pl<\/a> <\/u><br \/>\r\n<i>actualis\u00e9: <\/i><i>16.01.2026<\/i><\/p>\r\n<p>&nbsp;<\/p>\r\n<p>&nbsp;<\/p>\r\n<\/td>\r\n<\/tr>\r\n<tr style=\"height: 120px;\">\r\n<td style=\"vertical-align: top; height: 120px;\" valign=\"top\" width=\"100%\"><b>Gospoda Szlachecka Hotel ***<\/b><br \/>\r\nul. Niedomicka 43, 33-132 Niedomice, Pologne<br \/>\r\nt\u00e9l\u00e9phone: +48 <span class=\"x193iq5w xeuugli x13faqbe x1vvkbs x1xmvt09 x1lliihq x1s928wv xhkezso x1gmr53x x1cpjm7i x1fgarty x1943h6x xudqn12 x3x7a5m x6prxxf xvq8zen xo1l8bm xzsf02u x1yc453h\" dir=\"auto\">731 110 610<\/span><br \/>\r\n<u><a href=\"https:\/\/pl-pl.facebook.com\/pages\/category\/Breakfast---Brunch-Restaurant\/Gospoda-Szlachecka-Hotel-i-Restauracja-191936287519241\/\">https:\/\/pl-pl.facebook.com\/pages\/category\/Breakfast&#8212;Brunch-Restaurant\/Gospoda-Szlachecka-Hotel-i-Restauracja-191936287519241\/<\/a> <\/u>\u00a0<u><a href=\"mailto:gbpiotrowski@wp.pl\">gbpiotrowski@wp.pl<\/a> <\/u><br \/>\r\n<i><i><i>actualis\u00e9:<\/i><\/i><\/i>\r\n<p><i>16.01.2026<\/i><\/p>\r\n<p>&nbsp;<\/p>\r\n<p>&nbsp;<\/p>\r\n<p>&nbsp;<\/p>\r\n<\/td>\r\n<\/tr>\r\n<\/tbody>\r\n<\/table>\r\n<\/div>\r\n<p>&nbsp;<\/p>\r\n<div class=\"table-responsive\">\r\n<table class=\" table-bordered table-hover table\" style=\"width: 100%;\" border=\"0\" width=\"100%\" cellspacing=\"0\" cellpadding=\"2\">\r\n<tbody>\r\n<tr>\r\n<td style=\"vertical-align: top;\" valign=\"top\">\r\n<h4>R\u00c9GION DE BOCHNIA<\/h4>\r\n<p>&nbsp;<\/p>\r\n<\/td>\r\n<td style=\"vertical-align: top;\" valign=\"top\">\u00a0<\/td>\r\n<td style=\"vertical-align: top;\" valign=\"top\">\u00a0<\/td>\r\n<\/tr>\r\n<tr>\r\n<td style=\"vertical-align: top;\" colspan=\"3\" valign=\"top\">\u00a0<\/td>\r\n<\/tr>\r\n<tr>\r\n<td style=\"vertical-align: top;\" colspan=\"3\" valign=\"top\">\r\n<p><b>Pod Kamieniem Hotel<\/b>\u00a0***\u00a0<br \/>\r\n\u00a0Lipnica G\u00f3rna 304, 32-724 Lipnica Murowana, Pologne\u00a0<br \/>\r\n\u00a0t\u00e9l\u00e9phone\/fax: +48 14 685 24 80<br \/>\r\n\u00a0<a class=\"target_blank\" href=\"http:\/\/www.hotel-lipnica.pl\/\">www.hotel-lipnica.pl<\/a> \u00a0<a href=\"mailto:biuro@hotel-lipnica.pl\">biuro@hotel-lipnica.pl<\/a>\u00a0 <br \/>\r\n\u00a0<i>actualis\u00e9:<\/i><i>16.01.2026<\/i><\/p>\r\n<p>&nbsp;<\/p>\r\n<p>&nbsp;<\/p>\r\n<\/td>\r\n<\/tr>\r\n<tr>\r\n<td style=\"vertical-align: top;\" colspan=\"3\" valign=\"top\">\r\n<p><b>Zalesie Hotel<\/b>\u00a0***\u00a0<b>and Restaurant<\/b>\u00a0<br \/>\r\nul. D\u0105browskiego 1 A, 32-700 Bochnia, Poland\u00a0<br \/>\r\nt\u00e9l\u00e9phone:+48 14 611 90 04<br \/>\r\n<a href=\"https:\/\/hotelzalesie.pl\/pokoje\/\">https:\/\/hotelzalesie.pl\/pokoje\/<\/a> <a href=\"http:\/\/www.zalesie.com.pl\/pl\/\">zalesie@zalesie.com.pl<\/a>\u00a0 <br \/>\r\n<i>actualis\u00e9:<\/i><i>16.01.2026<\/i><\/p>\r\n<p>&nbsp;<\/p>\r\n<p>&nbsp;<\/p>\r\n<\/td>\r\n<\/tr>\r\n<tr>\r\n<td style=\"vertical-align: top;\" colspan=\"3\" valign=\"top\">\r\n<p><b>Panorama Hotel<\/b>\u00a0***<br \/>\r\nStary Wi\u015bnicz 508, 32-720 Nowy Wi\u015bnicz, Pologne<br \/>\r\nt\u00e9l\u00e9phone: +48 14 610 92 30<br \/>\r\n<a class=\"target_blank\" href=\"http:\/\/www.panorama-wisnicz.pl\/\">www.panorama-wisnicz.pl<\/a> \u00a0<a href=\"mailto:biuro@panorama-wisnicz.pl\">biuro@panorama-wisnicz.pl<\/a> <br \/>\r\n<i>actualis\u00e9:<\/i><i>16.01.2026<\/i><\/p>\r\n<p>&nbsp;<\/p>\r\n<p>&nbsp;<\/p>\r\n<\/td>\r\n<\/tr>\r\n<tr>\r\n<td style=\"vertical-align: top;\" colspan=\"3\" valign=\"top\">\r\n<p><b>Hotel Kasztel ***<\/b><br \/>\r\nul. Brzeska 51, 32-765 Rzezawa, Pologne<br \/>\r\nt\u00e9l\u00e9phone: +48 609 345 545<br \/>\r\n<a class=\"target_blank\" href=\"http:\/\/www.hotelkasztel.pl\/\">www.hotelkasztel.pl<\/a> \u00a0<a href=\"mailto:biuro@hotelkasztel.pl\">biuro@hotelkasztel.pl<\/a>\u00a0 <br \/>\r\n<i>actualis\u00e9:<\/i><i>16.01.2026<\/i><\/p>\r\n<p>&nbsp;<\/p>\r\n<p>&nbsp;<\/p>\r\n<\/td>\r\n<\/tr>\r\n<tr>\r\n<td style=\"vertical-align: top;\" colspan=\"3\" valign=\"top\">\r\n<p>&nbsp;<\/p>\r\n<table class=\" table-bordered table-hover table\" style=\"width: 100%;\" border=\"0\" width=\"100%\" cellspacing=\"0\" cellpadding=\"2\">\r\n<tbody>\r\n<tr>\r\n<td style=\"vertical-align: top;\" valign=\"top\">\r\n<h4>R\u00c9GION DE BRZESKO<\/h4>\r\n<p>&nbsp;<\/p>\r\n<\/td>\r\n<td style=\"vertical-align: top;\" valign=\"top\">\u00a0<\/td>\r\n<td style=\"vertical-align: top;\" valign=\"top\">\u00a0<\/td>\r\n<\/tr>\r\n<tr>\r\n<td style=\"vertical-align: top;\" colspan=\"3\" valign=\"top\">\r\n<p><b>August Hotel<\/b>\u00a0***\u00a0<br \/>\r\n\u00a0ul. Mickiewicza 66, 32-800 Brzesko, Pologne\u00a0<br \/>\r\n\u00a0t\u00e9l\u00e9phone\/fax: +48 14 663 10 83\u00a0<br \/>\r\n\u00a0<a href=\"https:\/\/hotelaugust.pl\/en\/home\/\">https:\/\/hotelaugust.pl\/en\/home\/<\/a>\u00a0 <a href=\"mailto:hotel@hotelaugust.pl\">hotel@hotelaugust.pl<\/a>\u00a0 <br \/>\r\n\u00a0<i>actualis\u00e9:<\/i><i>16.01.2026<\/i><\/p>\r\n<p>&nbsp;<\/p>\r\n<p>&nbsp;<\/p>\r\n<\/td>\r\n<\/tr>\r\n<tr>\r\n<td style=\"vertical-align: top;\" colspan=\"3\" valign=\"top\">\r\n<p><b>Mark 1 Hotel<\/b>\u00a0***\u00a0<br \/>\r\n\u00a0ul. Mickiewicza 29, 32-800 Brzesko, Pologne\u00a0<br \/>\r\n<span class=\"style7\">tel.\/fax. +48 14 663 59 00, <\/span><span class=\"style7\">695 605 444<\/span><br \/>\r\n\u00a0<a class=\"target_blank\" href=\"http:\/\/mark1.pl\/hotel\/index.html\">www.mark1.pl<\/a> \u00a0<a href=\"mailto:recepcja@mark1.pl\">recepcja@mark1.pl<\/a>\u00a0 <br \/>\r\n\u00a0<i>actualis\u00e9:<\/i><i>16.01.2026<\/i><\/p>\r\n<p>&nbsp;<\/p>\r\n<\/td>\r\n<\/tr>\r\n<tr>\r\n<td style=\"vertical-align: top;\" colspan=\"3\" valign=\"top\">\r\n<p><b>Jaga Hotel<\/b>\u00a0***\u00a0<br \/>\r\nul. Marii Konopnickiej 9, 32-800 Brzesko, Pologne\u00a0<br \/>\r\nt\u00e9l\u00e9phone\/fax: +48 14 684 94 01, mob.: +48 607 279 779<br \/>\r\n<a class=\"target_blank\" href=\"https:\/\/www.hoteljaga.pl\/indexe51e.html?page=english\">www.hoteljaga.pl<\/a> \u00a0<a href=\"mailto:hoteljaga@hoteljaga.pl\">info@hoteljaga.pl<\/a>\u00a0 <br \/>\r\n<i>actualis\u00e9:<\/i><i>16.01.2026<\/i><\/p>\r\n<p>&nbsp;<\/p>\r\n<p>&nbsp;<\/p>\r\n<\/td>\r\n<\/tr>\r\n<tr>\r\n<td style=\"vertical-align: top;\" colspan=\"3\" valign=\"top\">\r\n<p><b><span class=\"x193iq5w xeuugli x13faqbe x1vvkbs x1xmvt09 x1lliihq x1s928wv xhkezso x1gmr53x x1cpjm7i x1fgarty x1943h6x xudqn12 x3x7a5m x6prxxf xvq8zen x1s688f xzsf02u x1yc453h\" dir=\"auto\">Agawa Restauracja&amp;Hotel D\u0119bno<\/span> ***<\/b><br \/>\r\nWola D\u0119bi\u0144ska 278, 32-852 D\u0119bno, Pologne<br \/>\r\nt\u00e9l\u00e9phone\/fax: +48 14 665 83 17<br \/>\r\n<a href=\"https:\/\/www.facebook.com\/agawadebno\/?locale=pl_PL\">https:\/\/www.facebook.com\/agawadebno\/?locale=pl_PL<\/a><br \/>\r\n<i>actualis\u00e9:1<\/i><i>6.01.2026<\/i><\/p>\r\n<p>&nbsp;<\/p>\r\n<p>&nbsp;<\/p>\r\n<\/td>\r\n<\/tr>\r\n<tr>\r\n<td style=\"vertical-align: top;\" colspan=\"3\" valign=\"top\">\r\n<p><b>Planeta Hotel ***<\/b><br \/>\r\n\u00a0via Pomianowska 2B, 32-800 Brzesko, Pologne<br \/>\r\n\u00a0t\u00e9l\u00e9phone: + 48 14 68 58 804<br \/>\r\n<a href=\"http:\/\/hotel.planetabrzesko.com.pl\/\">http:\/\/hotel.planetabrzesko.com.pl\/<\/a> <a href=\"mailto:hotel@planetabrzesko.pl\">hotel@planetabrzesko.pl<\/a> <br \/>\r\n\u00a0<i>actualis\u00e9:1<\/i><i>6.01.2026<\/i><\/p>\r\n<p>&nbsp;<\/p>\r\n<p>&nbsp;<\/p>\r\n<\/td>\r\n<\/tr>\r\n<tr>\r\n<td style=\"vertical-align: top;\" colspan=\"3\" valign=\"top\">\r\n<p><b>Tadeusz Hotel ***<\/b><br \/>\r\n\u00a0Uszew 502, 32-864 Gnojnik, Pologne<br \/>\r\n\u00a0t\u00e9l\u00e9phone: +48 14 685 88 45<br \/>\r\n\u00a0<a class=\"target_blank\" href=\"http:\/\/www.hotel-tadeusz.pl\/\">www.hotel-tadeusz.pl<\/a> \u00a0<a href=\"mailto:biuro@hotel-tadeusz.pl\">biuro@hotel-tadeusz.pl<\/a> <br \/>\r\n\u00a0<i>actualis\u00e9:<\/i><i>16.01.2026<\/i><\/p>\r\n<p>&nbsp;<\/p>\r\n<\/td>\r\n<\/tr>\r\n<tr>\r\n<td style=\"vertical-align: top;\" colspan=\"3\" valign=\"top\">\r\n<p><b>\u0141aziska Hotel **<\/b><br \/>\r\nul. Kolonia 4, 32-860 Czch\u00f3w, Pologne<br \/>\r\nt\u00e9l\u00e9phone: +48 723 110 110<br \/>\r\n<a class=\"target_blank\" href=\"http:\/\/www.hotellaziska.com.pl\/\">www.hotellaziska.com.pl\u00a0<\/a> <a href=\"mailto:hotellaziska@gmail.com\">hotellaziska@gmail.com<\/a> <br \/>\r\n<i>actualis\u00e9: 16.01.2026<\/i><\/p>\r\n<p>&nbsp;<\/p>\r\n<table class=\" table-bordered table-hover table\" style=\"width: 100%;\" border=\"0\" width=\"100%\" cellspacing=\"0\" cellpadding=\"2\">\r\n<tbody>\r\n<tr>\r\n<td style=\"vertical-align: top;\" colspan=\"3\" valign=\"top\">\r\n<h4>R\u00c9GION DE \u00a0D\u0104BROWA TARNOWSKA<\/h4>\r\n<p>&nbsp;<\/p>\r\n<\/td>\r\n<\/tr>\r\n<tr>\r\n<td style=\"vertical-align: top;\" colspan=\"3\" valign=\"top\"><b>Cristal Park Hotel ***<\/b><b>*<\/b><br \/>\r\nul. Sportowa 2 a, 33-200 D\u0105browa Tarnowska, Pologne<br \/>\r\nt\u00e9l\u00e9phone\/fax: +48 14 657 01 00<br \/>\r\n<a href=\"https:\/\/www.dabrowa.cristalpark.pl\/\">https:\/\/www.dabrowa.cristalpark.pl\/<\/a> \u00a0<a href=\"mailto:hotel.dt@cristalpark.pl\">hotel.dt@cristalpark.pl<\/a>\u00a0 <br \/>\r\n<i>actualis\u00e9: 16.01.2026<\/i><\/td>\r\n<\/tr>\r\n<tr>\r\n<td style=\"vertical-align: top;\" valign=\"top\">\r\n<p>&nbsp;<\/p>\r\n<table class=\" table-bordered table-hover table\" style=\"width: 100%;\" border=\"0\" width=\"100%\" cellspacing=\"0\" cellpadding=\"2\">\r\n<tbody>\r\n<tr>\r\n<td style=\"vertical-align: top;\" valign=\"top\">\r\n<h4>R\u00c9GION DE D\u0118BICA<\/h4>\r\n<\/td>\r\n<td style=\"vertical-align: top;\" valign=\"top\">\u00a0<\/td>\r\n<td style=\"vertical-align: top;\" valign=\"top\">\u00a0<\/td>\r\n<\/tr>\r\n<tr>\r\n<td style=\"vertical-align: top;\" colspan=\"3\" valign=\"top\">\r\n<p>&nbsp;<\/p>\r\n<p><b>Sezam Hotel<\/b>\u00a0***\u00a0<br \/>\r\nMachowa 178, 39-220 Pilzno, Pologne\u00a0<br \/>\r\nt\u00e9l\u00e9phone\/fax: +48 14 672 45 11, +48 731 632 597<br \/>\r\n<a class=\"target_blank\" href=\"http:\/\/machowa.sezam-hotel.pl\/\">www.sezam-hotel.pl<\/a> \u00a0<a href=\"mailto:machowa@sezam-hotel.pl\">machowa@sezam-hotel.pl<\/a> <br \/>\r\n<i>actualis\u00e9:<\/i><i>16.01.2026<\/i><\/p>\r\n<p>&nbsp;<\/p>\r\n<p><i>\u00a0<\/i><\/p>\r\n<p>&nbsp;<\/p>\r\n<\/td>\r\n<\/tr>\r\n<tr>\r\n<td style=\"vertical-align: top;\" colspan=\"3\" valign=\"top\">\r\n<p><b>\u00a0<\/b><\/p>\r\n<p><b>GRAND Chotowa<\/b>\u00a0<b>Spa &amp; Resort<\/b><br \/>\r\nChotowa 87c, 39-217 Grabiny, Pologne\u00a0<br \/>\r\nt\u00e9l\u00e9phone\/fax: +48 14 670 65 00<br \/>\r\n<a class=\"target_blank\" href=\"http:\/\/grandchotowa.pl\/\">www.grandchotowa.pl<\/a> \u00a0<a href=\"mailto:recepcja@grandchotowa.pl\">recepcja@grandchotowa.pl<\/a>\u00a0 <br \/>\r\n<i>actualis\u00e9:1<\/i><i>6.01.2026<\/i><\/p>\r\n<p>&nbsp;<\/p>\r\n<\/td>\r\n<\/tr>\r\n<tr>\r\n<td style=\"vertical-align: top;\" colspan=\"3\" valign=\"top\">\r\n<p><b>Hotel \u00ab\u00a0Dolina Pstr\u0105ga\u00a0\u00bb ***<\/b><br \/>\r\n\u00a0Machowa 7a, 39-220 Machowa, Pologne<br \/>\r\n\u00a0t\u00e9l\u00e9phone: +48 14 627 00 28; +48 14 627 00 29, +48 733 280 800<br \/>\r\n\u00a0<a href=\"http:\/\/www.dolinapstraga.pl\/\">www.dolinapstraga.pl<\/a> \u00a0<a href=\"mailto:karczma@dolinapstraga.pl\">karczma@dolinapstraga.pl<\/a>\u00a0 <br \/>\r\n\u00a0<i>actualis\u00e9:<\/i><i>16.01.2026<\/i><\/p>\r\n<p>&nbsp;<\/p>\r\n<\/td>\r\n<\/tr>\r\n<\/tbody>\r\n<\/table>\r\n<p>&nbsp;<\/p>\r\n<div class=\"table-responsive\">\r\n<table class=\" table-bordered table-hover table\" style=\"width: 100%;\" border=\"0\" width=\"100%\" cellspacing=\"0\" cellpadding=\"2\">\r\n<tbody>\r\n<tr>\r\n<td style=\"vertical-align: top;\" valign=\"top\">\r\n<h4>R\u00c9GION DE GORLICE<\/h4>\r\n<p>&nbsp;<\/p>\r\n<\/td>\r\n<td style=\"vertical-align: top;\" valign=\"top\">\u00a0<\/td>\r\n<td style=\"vertical-align: top;\" valign=\"top\">\u00a0<\/td>\r\n<\/tr>\r\n<tr>\r\n<td style=\"vertical-align: top;\" colspan=\"3\" valign=\"top\">\r\n<p><b>Grodzka Hotel *\u00a0<\/b>et\u00a0restaurant<br \/>\r\nul. Kazimierza Wielkiego 35, 38-340 Biecz, Pologne\u00a0<br \/>\r\nt\u00e9l\u00e9phone\/fax: +48 13 447 11 21<br \/>\r\n<a href=\"https:\/\/www.restauracjagrodzka.pl\/\">www.restauracjagrodzka.pl\/index.php\/pl\/hotel<\/a>\u00a0\u00a0<a href=\"mailto:rgrodzka@poczta.onet.pl\">rgrodzka@poczta.onet.pl<\/a> <br \/>\r\n<i>actualis\u00e9:<\/i><i>16.01.2026<\/i><\/p>\r\n<p>&nbsp;<\/p>\r\n<p><i>\u00a0<\/i><\/p>\r\n<p>&nbsp;<\/p>\r\n<\/td>\r\n<\/tr>\r\n<tr>\r\n<td style=\"vertical-align: top;\" colspan=\"3\" valign=\"top\">\r\n<p><b>Mimoza Hotel<\/b>\u00a0**\u00a0<br \/>\r\nLibusza 1, 38-306 Libusza, Pologne<br \/>\r\nt\u00e9l\u00e9phone\/fax: +48 13 447 51 94\u00a0<br \/>\r\n<a href=\"mailto:mimozalibusza@interia.pl\">mimozalibusza@interia.pl<\/a>\u00a0 <a href=\"https:\/\/www.facebook.com\/MimozaLibusza\/?locale=pl_PL\">https:\/\/www.facebook.com\/MimozaLibusza\/?locale=pl_PL<\/a><br \/>\r\n<i>actualis\u00e9:<\/i><i>16.01.2026<\/i><\/p>\r\n<p>&nbsp;<\/p>\r\n<p>&nbsp;<\/p>\r\n<\/td>\r\n<\/tr>\r\n<tr>\r\n<td style=\"vertical-align: top;\" valign=\"top\">\r\n<p>&nbsp;<\/p>\r\n<h4>\u00a0R\u00c9GIONE DE NOWY S\u0104CZ<\/h4>\r\n<\/td>\r\n<td style=\"vertical-align: top;\" valign=\"top\">\u00a0<\/td>\r\n<td style=\"vertical-align: top;\" valign=\"top\">\u00a0<\/td>\r\n<\/tr>\r\n<tr>\r\n<td style=\"vertical-align: top;\" colspan=\"3\" valign=\"top\">\r\n<p>&nbsp;<\/p>\r\n<p><b>Litwi\u0144ski Hotel<\/b>\u00a0**\u00a0<br \/>\r\nul. \u015aw. Krzysztofa 5, 33-312 T\u0119goborze, Pologne\u00a0<br \/>\r\ntel.\/fax: +48 18 444 90 25<\/p>\r\n<p><a class=\"target_blank\" href=\"http:\/\/www.hotel-litwinski.pl\/hotel\/\">www.hotel-litwinski.pl<\/a> <a href=\"mailto:hotel@litwinski.pl\">hotel@litwinski.pl<\/a><\/p>\r\n<p><i>actualis\u00e9:<\/i><i>16.01.2026<\/i><\/p>\r\n<p>&nbsp;<\/p>\r\n<\/td>\r\n<\/tr>\r\n<tr>\r\n<td style=\"vertical-align: top;\" colspan=\"3\">\r\n<p>&nbsp;<\/p>\r\n<p><b>Heron Hotel<\/b> ****\u00a0<br \/>\r\nSienna 104, 33-318 Gr\u00f3dek nad Dunajcem, Pologne\u00a0<br \/>\r\ntel.\/fax: +48 18 888 8500<br \/>\r\n<a href=\"https:\/\/heron-hotel.com\/#hotel\">https:\/\/heron-hotel.com\/#hotel<\/a> <a href=\"recepcja@heron-hotel.com\">recepcja@heron-hotel.com<\/a><br \/>\r\n<i>actualis\u00e9:<\/i><i>16.01.2026<\/i><\/p>\r\n<p>&nbsp;<\/p>\r\n<\/td>\r\n<\/tr>\r\n<\/tbody>\r\n<\/table>\r\n<\/div>\r\n<\/td>\r\n<td style=\"vertical-align: top;\" valign=\"top\">\u00a0<\/td>\r\n<td style=\"vertical-align: top;\" valign=\"top\">\u00a0<\/td>\r\n<\/tr>\r\n<\/tbody>\r\n<\/table>\r\n<\/td>\r\n<\/tr>\r\n<\/tbody>\r\n<\/table>\r\n<\/td>\r\n<\/tr>\r\n<\/tbody>\r\n<\/table>\r\n<p>&nbsp;<\/p>\r\n<\/div>","protected":false},"excerpt":{"rendered":"\u00a0 R\u00c9GION DE TARN\u00d3W Dunajec\u00a0Hotel\u00a0*** ul. Krakowska 85, 33-113 Zg\u0142obice, Pologne t\u00e9l\u00e9phone: +48 14 674-30-96 www.hoteldunajec.pl recepcja@hoteldunajec.pl actualis\u00e9: 16.01.2026 &nbsp; Dw\u00f3r Prezydencki Boutique Hotel&amp;Spa ***** ul. Dworska 6, 33-113 Zg\u0142obice, [&hellip;]","protected":false},"author":1,"featured_media":0,"parent":10017,"menu_order":668,"comment_status":"closed","ping_status":"closed","template":"","meta":{"_acf_changed":false,"footnotes":""},"tags":[],"class_list":["post-10018","page","type-page","status-publish","hentry"],"acf":{"old_object_id":"24279","old_parent_id":"19452","old_url":"Ou-dormir\/Region-de-Tarnow\/Hotels","intro_text":"","class":"folder","type":"single","in_menu":true,"show_date":false,"map":"","old_id":"","rooms_info":"","top_column":"","left_column":"","right_column":"","bottom_column":"","show_children":"","skip_import":false,"_menu_related_id":"102288"},"yoast_head":"<!-- This site is optimized with the Yoast SEO Premium plugin v25.4 (Yoast SEO v25.4) - https:\/\/yoast.com\/wordpress\/plugins\/seo\/ -->\n<title>H\u00f4tels - Tarnowskie Centrum Informacji<\/title>\n<meta name=\"robots\" content=\"index, follow, max-snippet:-1, max-image-preview:large, max-video-preview:-1\" \/>\n<link rel=\"canonical\" href=\"https:\/\/www.it.tarnow.pl\/fr\/ou-dormir\/region-de-tarnow\/hotels\/\" \/>\n<meta property=\"og:locale\" content=\"fr_FR\" \/>\n<meta property=\"og:type\" content=\"article\" \/>\n<meta property=\"og:title\" content=\"H\u00f4tels\" \/>\n<meta property=\"og:description\" content=\"\u00a0 R\u00c9GION DE TARN\u00d3W Dunajec\u00a0Hotel\u00a0*** ul. Krakowska 85, 33-113 Zg\u0142obice, Pologne t\u00e9l\u00e9phone: +48 14 674-30-96 www.hoteldunajec.pl recepcja@hoteldunajec.pl actualis\u00e9: 16.01.2026 &nbsp; Dw\u00f3r Prezydencki Boutique Hotel&amp;Spa ***** ul. Dworska 6, 33-113 Zg\u0142obice, [&hellip;]\" \/>\n<meta property=\"og:url\" content=\"https:\/\/www.it.tarnow.pl\/fr\/ou-dormir\/region-de-tarnow\/hotels\/\" \/>\n<meta property=\"og:site_name\" content=\"Tarnowskie Centrum Informacji\" \/>\n<meta property=\"article:modified_time\" content=\"2026-01-16T13:11:53+00:00\" \/>\n<meta name=\"twitter:card\" content=\"summary_large_image\" \/>\n<meta name=\"twitter:label1\" content=\"Dur\u00e9e de lecture estim\u00e9e\" \/>\n\t<meta name=\"twitter:data1\" content=\"4 minutes\" \/>\n<script type=\"application\/ld+json\" class=\"yoast-schema-graph\">{\"@context\":\"https:\/\/schema.org\",\"@graph\":[{\"@type\":\"WebPage\",\"@id\":\"https:\/\/www.it.tarnow.pl\/fr\/ou-dormir\/region-de-tarnow\/hotels\/\",\"url\":\"https:\/\/www.it.tarnow.pl\/fr\/ou-dormir\/region-de-tarnow\/hotels\/\",\"name\":\"H\u00f4tels - Tarnowskie Centrum Informacji\",\"isPartOf\":{\"@id\":\"https:\/\/www.it.tarnow.pl\/#website\"},\"datePublished\":\"2018-01-05T13:54:55+00:00\",\"dateModified\":\"2026-01-16T13:11:53+00:00\",\"breadcrumb\":{\"@id\":\"https:\/\/www.it.tarnow.pl\/fr\/ou-dormir\/region-de-tarnow\/hotels\/#breadcrumb\"},\"inLanguage\":\"fr-FR\",\"potentialAction\":[{\"@type\":\"ReadAction\",\"target\":[\"https:\/\/www.it.tarnow.pl\/fr\/ou-dormir\/region-de-tarnow\/hotels\/\"]}]},{\"@type\":\"BreadcrumbList\",\"@id\":\"https:\/\/www.it.tarnow.pl\/fr\/ou-dormir\/region-de-tarnow\/hotels\/#breadcrumb\",\"itemListElement\":[{\"@type\":\"ListItem\",\"position\":1,\"name\":\"Page d'accueil\",\"item\":\"https:\/\/www.it.tarnow.pl\/fr\/\"},{\"@type\":\"ListItem\",\"position\":2,\"name\":\"O\u00f9 dormir\",\"item\":\"https:\/\/www.it.tarnow.pl\/fr\/ou-dormir\/\"},{\"@type\":\"ListItem\",\"position\":3,\"name\":\"R\u00e9gion de Tarn\u00f3w\",\"item\":\"https:\/\/www.it.tarnow.pl\/fr\/ou-dormir\/region-de-tarnow\/\"},{\"@type\":\"ListItem\",\"position\":4,\"name\":\"H\u00f4tels\"}]},{\"@type\":\"WebSite\",\"@id\":\"https:\/\/www.it.tarnow.pl\/#website\",\"url\":\"https:\/\/www.it.tarnow.pl\/\",\"name\":\"Tarnowskie Centrum Informacji\",\"description\":\"Informacja turystyczna o Tarnowie i regionie tarnowskim.\",\"potentialAction\":[{\"@type\":\"SearchAction\",\"target\":{\"@type\":\"EntryPoint\",\"urlTemplate\":\"https:\/\/www.it.tarnow.pl\/?s={search_term_string}\"},\"query-input\":{\"@type\":\"PropertyValueSpecification\",\"valueRequired\":true,\"valueName\":\"search_term_string\"}}],\"inLanguage\":\"fr-FR\"}]}<\/script>\n<!-- \/ Yoast SEO Premium plugin. -->","yoast_head_json":{"title":"H\u00f4tels - Tarnowskie Centrum Informacji","robots":{"index":"index","follow":"follow","max-snippet":"max-snippet:-1","max-image-preview":"max-image-preview:large","max-video-preview":"max-video-preview:-1"},"canonical":"https:\/\/www.it.tarnow.pl\/fr\/ou-dormir\/region-de-tarnow\/hotels\/","og_locale":"fr_FR","og_type":"article","og_title":"H\u00f4tels","og_description":"\u00a0 R\u00c9GION DE TARN\u00d3W Dunajec\u00a0Hotel\u00a0*** ul. Krakowska 85, 33-113 Zg\u0142obice, Pologne t\u00e9l\u00e9phone: +48 14 674-30-96 www.hoteldunajec.pl recepcja@hoteldunajec.pl actualis\u00e9: 16.01.2026 &nbsp; Dw\u00f3r Prezydencki Boutique Hotel&amp;Spa ***** ul. Dworska 6, 33-113 Zg\u0142obice, [&hellip;]","og_url":"https:\/\/www.it.tarnow.pl\/fr\/ou-dormir\/region-de-tarnow\/hotels\/","og_site_name":"Tarnowskie Centrum Informacji","article_modified_time":"2026-01-16T13:11:53+00:00","twitter_card":"summary_large_image","twitter_misc":{"Dur\u00e9e de lecture estim\u00e9e":"4 minutes"},"schema":{"@context":"https:\/\/schema.org","@graph":[{"@type":"WebPage","@id":"https:\/\/www.it.tarnow.pl\/fr\/ou-dormir\/region-de-tarnow\/hotels\/","url":"https:\/\/www.it.tarnow.pl\/fr\/ou-dormir\/region-de-tarnow\/hotels\/","name":"H\u00f4tels - Tarnowskie Centrum Informacji","isPartOf":{"@id":"https:\/\/www.it.tarnow.pl\/#website"},"datePublished":"2018-01-05T13:54:55+00:00","dateModified":"2026-01-16T13:11:53+00:00","breadcrumb":{"@id":"https:\/\/www.it.tarnow.pl\/fr\/ou-dormir\/region-de-tarnow\/hotels\/#breadcrumb"},"inLanguage":"fr-FR","potentialAction":[{"@type":"ReadAction","target":["https:\/\/www.it.tarnow.pl\/fr\/ou-dormir\/region-de-tarnow\/hotels\/"]}]},{"@type":"BreadcrumbList","@id":"https:\/\/www.it.tarnow.pl\/fr\/ou-dormir\/region-de-tarnow\/hotels\/#breadcrumb","itemListElement":[{"@type":"ListItem","position":1,"name":"Page d'accueil","item":"https:\/\/www.it.tarnow.pl\/fr\/"},{"@type":"ListItem","position":2,"name":"O\u00f9 dormir","item":"https:\/\/www.it.tarnow.pl\/fr\/ou-dormir\/"},{"@type":"ListItem","position":3,"name":"R\u00e9gion de Tarn\u00f3w","item":"https:\/\/www.it.tarnow.pl\/fr\/ou-dormir\/region-de-tarnow\/"},{"@type":"ListItem","position":4,"name":"H\u00f4tels"}]},{"@type":"WebSite","@id":"https:\/\/www.it.tarnow.pl\/#website","url":"https:\/\/www.it.tarnow.pl\/","name":"Tarnowskie Centrum Informacji","description":"Informacja turystyczna o Tarnowie i regionie tarnowskim.","potentialAction":[{"@type":"SearchAction","target":{"@type":"EntryPoint","urlTemplate":"https:\/\/www.it.tarnow.pl\/?s={search_term_string}"},"query-input":{"@type":"PropertyValueSpecification","valueRequired":true,"valueName":"search_term_string"}}],"inLanguage":"fr-FR"}]}},"_links":{"self":[{"href":"https:\/\/www.it.tarnow.pl\/fr\/wp-json\/wp\/v2\/pages\/10018","targetHints":{"allow":["GET"]}}],"collection":[{"href":"https:\/\/www.it.tarnow.pl\/fr\/wp-json\/wp\/v2\/pages"}],"about":[{"href":"https:\/\/www.it.tarnow.pl\/fr\/wp-json\/wp\/v2\/types\/page"}],"author":[{"embeddable":true,"href":"https:\/\/www.it.tarnow.pl\/fr\/wp-json\/wp\/v2\/users\/1"}],"replies":[{"embeddable":true,"href":"https:\/\/www.it.tarnow.pl\/fr\/wp-json\/wp\/v2\/comments?post=10018"}],"version-history":[{"count":11,"href":"https:\/\/www.it.tarnow.pl\/fr\/wp-json\/wp\/v2\/pages\/10018\/revisions"}],"predecessor-version":[{"id":340321,"href":"https:\/\/www.it.tarnow.pl\/fr\/wp-json\/wp\/v2\/pages\/10018\/revisions\/340321"}],"up":[{"embeddable":true,"href":"https:\/\/www.it.tarnow.pl\/fr\/wp-json\/wp\/v2\/pages\/10017"}],"wp:attachment":[{"href":"https:\/\/www.it.tarnow.pl\/fr\/wp-json\/wp\/v2\/media?parent=10018"}],"wp:term":[{"taxonomy":"post_tag","embeddable":true,"href":"https:\/\/www.it.tarnow.pl\/fr\/wp-json\/wp\/v2\/tags?post=10018"}],"curies":[{"name":"wp","href":"https:\/\/api.w.org\/{rel}","templated":true}]}}