{"id":10016,"date":"2018-01-05T14:54:01","date_gmt":"2018-01-05T13:54:01","guid":{"rendered":"http:\/\/www.it.tarnow.pl\/agrotourisme\/"},"modified":"2020-03-26T16:25:32","modified_gmt":"2020-03-26T15:25:32","slug":"agrotourisme","status":"publish","type":"page","link":"https:\/\/www.it.tarnow.pl\/fr\/ou-dormir\/tarnow\/agrotourisme\/","title":{"rendered":"Agrotourisme"},"content":{"rendered":"<p>La r\u00e9gion de Tarn\u00f3w offre le s\u00e9jour\u00a0\u00e0 la\u00a0ferme.<\/p>\r\n<p>L&rsquo;hospitalit\u00e9, la cuisine traditionnelle, le plus haut standard de qualit\u00e9 et de prix bas attirent les Polonais ainsi que vacanciers d&rsquo;autres pays. R\u00e9colte des\u00a0champignons, p\u00eache, l&rsquo;\u00e9quitation ou visite des environs sont une partie de l&rsquo;offre d&rsquo;\u00e9t\u00e9 des agriculteurs.<\/p>\r\n<p>En revanche l&rsquo;offre hivernale est domin\u00e9e par des promenades en tra\u00eeneaux et skier de pentes.<\/p>\r\n<p><a href=\"http:\/\/www.it.tarnow.pl\/object_type\/noclegi\/\">Liste des g\u00eetes ruraux dans la r\u00e9gion de Tarn\u00f3w<\/a> (en polonais seulement).<\/p>","protected":false},"excerpt":{"rendered":"La r\u00e9gion de Tarn\u00f3w offre le s\u00e9jour\u00a0\u00e0 la\u00a0ferme. L&rsquo;hospitalit\u00e9, la cuisine traditionnelle, le plus haut standard de qualit\u00e9 et de prix bas attirent les Polonais ainsi que vacanciers d&rsquo;autres pays. [&hellip;]","protected":false},"author":1,"featured_media":0,"parent":18924,"menu_order":602,"comment_status":"closed","ping_status":"closed","template":"","meta":{"_acf_changed":false,"footnotes":""},"tags":[],"class_list":["post-10016","page","type-page","status-publish","hentry"],"acf":{"old_object_id":"24278","old_parent_id":"19453","old_url":"Ou-dormir\/Tarnow\/Agrotourisme","intro_text":"","class":"folder","type":"single","in_menu":true,"show_date":false,"map":"","old_id":"","rooms_info":"","top_column":"","left_column":"","right_column":"","bottom_column":"","show_children":"","skip_import":false,"_menu_related_id":"152498"},"yoast_head":"<!-- This site is optimized with the Yoast SEO Premium plugin v25.4 (Yoast SEO v25.4) - https:\/\/yoast.com\/wordpress\/plugins\/seo\/ -->\n<title>Agrotourisme - Tarnowskie Centrum Informacji<\/title>\n<meta name=\"robots\" content=\"index, follow, max-snippet:-1, max-image-preview:large, max-video-preview:-1\" \/>\n<link rel=\"canonical\" href=\"https:\/\/www.it.tarnow.pl\/fr\/ou-dormir\/tarnow\/agrotourisme\/\" \/>\n<meta property=\"og:locale\" content=\"fr_FR\" \/>\n<meta property=\"og:type\" content=\"article\" \/>\n<meta property=\"og:title\" content=\"Agrotourisme\" \/>\n<meta property=\"og:description\" content=\"La r\u00e9gion de Tarn\u00f3w offre le s\u00e9jour\u00a0\u00e0 la\u00a0ferme. L&rsquo;hospitalit\u00e9, la cuisine traditionnelle, le plus haut standard de qualit\u00e9 et de prix bas attirent les Polonais ainsi que vacanciers d&rsquo;autres pays. [&hellip;]\" \/>\n<meta property=\"og:url\" content=\"https:\/\/www.it.tarnow.pl\/fr\/ou-dormir\/tarnow\/agrotourisme\/\" \/>\n<meta property=\"og:site_name\" content=\"Tarnowskie Centrum Informacji\" \/>\n<meta property=\"article:modified_time\" content=\"2020-03-26T15:25:32+00:00\" \/>\n<meta name=\"twitter:card\" content=\"summary_large_image\" \/>\n<script type=\"application\/ld+json\" class=\"yoast-schema-graph\">{\"@context\":\"https:\/\/schema.org\",\"@graph\":[{\"@type\":\"WebPage\",\"@id\":\"https:\/\/www.it.tarnow.pl\/fr\/ou-dormir\/tarnow\/agrotourisme\/\",\"url\":\"https:\/\/www.it.tarnow.pl\/fr\/ou-dormir\/tarnow\/agrotourisme\/\",\"name\":\"Agrotourisme - Tarnowskie Centrum Informacji\",\"isPartOf\":{\"@id\":\"https:\/\/www.it.tarnow.pl\/#website\"},\"datePublished\":\"2018-01-05T13:54:01+00:00\",\"dateModified\":\"2020-03-26T15:25:32+00:00\",\"breadcrumb\":{\"@id\":\"https:\/\/www.it.tarnow.pl\/fr\/ou-dormir\/tarnow\/agrotourisme\/#breadcrumb\"},\"inLanguage\":\"fr-FR\",\"potentialAction\":[{\"@type\":\"ReadAction\",\"target\":[\"https:\/\/www.it.tarnow.pl\/fr\/ou-dormir\/tarnow\/agrotourisme\/\"]}]},{\"@type\":\"BreadcrumbList\",\"@id\":\"https:\/\/www.it.tarnow.pl\/fr\/ou-dormir\/tarnow\/agrotourisme\/#breadcrumb\",\"itemListElement\":[{\"@type\":\"ListItem\",\"position\":1,\"name\":\"Page d'accueil\",\"item\":\"https:\/\/www.it.tarnow.pl\/fr\/\"},{\"@type\":\"ListItem\",\"position\":2,\"name\":\"O\u00f9 dormir\",\"item\":\"https:\/\/www.it.tarnow.pl\/fr\/ou-dormir\/\"},{\"@type\":\"ListItem\",\"position\":3,\"name\":\"Tarn\u00f3w\",\"item\":\"https:\/\/www.it.tarnow.pl\/fr\/ou-dormir\/tarnow\/\"},{\"@type\":\"ListItem\",\"position\":4,\"name\":\"Agrotourisme\"}]},{\"@type\":\"WebSite\",\"@id\":\"https:\/\/www.it.tarnow.pl\/#website\",\"url\":\"https:\/\/www.it.tarnow.pl\/\",\"name\":\"Tarnowskie Centrum Informacji\",\"description\":\"Informacja turystyczna o Tarnowie i regionie tarnowskim.\",\"potentialAction\":[{\"@type\":\"SearchAction\",\"target\":{\"@type\":\"EntryPoint\",\"urlTemplate\":\"https:\/\/www.it.tarnow.pl\/?s={search_term_string}\"},\"query-input\":{\"@type\":\"PropertyValueSpecification\",\"valueRequired\":true,\"valueName\":\"search_term_string\"}}],\"inLanguage\":\"fr-FR\"}]}<\/script>\n<!-- \/ Yoast SEO Premium plugin. -->","yoast_head_json":{"title":"Agrotourisme - Tarnowskie Centrum Informacji","robots":{"index":"index","follow":"follow","max-snippet":"max-snippet:-1","max-image-preview":"max-image-preview:large","max-video-preview":"max-video-preview:-1"},"canonical":"https:\/\/www.it.tarnow.pl\/fr\/ou-dormir\/tarnow\/agrotourisme\/","og_locale":"fr_FR","og_type":"article","og_title":"Agrotourisme","og_description":"La r\u00e9gion de Tarn\u00f3w offre le s\u00e9jour\u00a0\u00e0 la\u00a0ferme. L&rsquo;hospitalit\u00e9, la cuisine traditionnelle, le plus haut standard de qualit\u00e9 et de prix bas attirent les Polonais ainsi que vacanciers d&rsquo;autres pays. [&hellip;]","og_url":"https:\/\/www.it.tarnow.pl\/fr\/ou-dormir\/tarnow\/agrotourisme\/","og_site_name":"Tarnowskie Centrum Informacji","article_modified_time":"2020-03-26T15:25:32+00:00","twitter_card":"summary_large_image","schema":{"@context":"https:\/\/schema.org","@graph":[{"@type":"WebPage","@id":"https:\/\/www.it.tarnow.pl\/fr\/ou-dormir\/tarnow\/agrotourisme\/","url":"https:\/\/www.it.tarnow.pl\/fr\/ou-dormir\/tarnow\/agrotourisme\/","name":"Agrotourisme - Tarnowskie Centrum Informacji","isPartOf":{"@id":"https:\/\/www.it.tarnow.pl\/#website"},"datePublished":"2018-01-05T13:54:01+00:00","dateModified":"2020-03-26T15:25:32+00:00","breadcrumb":{"@id":"https:\/\/www.it.tarnow.pl\/fr\/ou-dormir\/tarnow\/agrotourisme\/#breadcrumb"},"inLanguage":"fr-FR","potentialAction":[{"@type":"ReadAction","target":["https:\/\/www.it.tarnow.pl\/fr\/ou-dormir\/tarnow\/agrotourisme\/"]}]},{"@type":"BreadcrumbList","@id":"https:\/\/www.it.tarnow.pl\/fr\/ou-dormir\/tarnow\/agrotourisme\/#breadcrumb","itemListElement":[{"@type":"ListItem","position":1,"name":"Page d'accueil","item":"https:\/\/www.it.tarnow.pl\/fr\/"},{"@type":"ListItem","position":2,"name":"O\u00f9 dormir","item":"https:\/\/www.it.tarnow.pl\/fr\/ou-dormir\/"},{"@type":"ListItem","position":3,"name":"Tarn\u00f3w","item":"https:\/\/www.it.tarnow.pl\/fr\/ou-dormir\/tarnow\/"},{"@type":"ListItem","position":4,"name":"Agrotourisme"}]},{"@type":"WebSite","@id":"https:\/\/www.it.tarnow.pl\/#website","url":"https:\/\/www.it.tarnow.pl\/","name":"Tarnowskie Centrum Informacji","description":"Informacja turystyczna o Tarnowie i regionie tarnowskim.","potentialAction":[{"@type":"SearchAction","target":{"@type":"EntryPoint","urlTemplate":"https:\/\/www.it.tarnow.pl\/?s={search_term_string}"},"query-input":{"@type":"PropertyValueSpecification","valueRequired":true,"valueName":"search_term_string"}}],"inLanguage":"fr-FR"}]}},"_links":{"self":[{"href":"https:\/\/www.it.tarnow.pl\/fr\/wp-json\/wp\/v2\/pages\/10016","targetHints":{"allow":["GET"]}}],"collection":[{"href":"https:\/\/www.it.tarnow.pl\/fr\/wp-json\/wp\/v2\/pages"}],"about":[{"href":"https:\/\/www.it.tarnow.pl\/fr\/wp-json\/wp\/v2\/types\/page"}],"author":[{"embeddable":true,"href":"https:\/\/www.it.tarnow.pl\/fr\/wp-json\/wp\/v2\/users\/1"}],"replies":[{"embeddable":true,"href":"https:\/\/www.it.tarnow.pl\/fr\/wp-json\/wp\/v2\/comments?post=10016"}],"version-history":[{"count":0,"href":"https:\/\/www.it.tarnow.pl\/fr\/wp-json\/wp\/v2\/pages\/10016\/revisions"}],"up":[{"embeddable":true,"href":"https:\/\/www.it.tarnow.pl\/fr\/wp-json\/wp\/v2\/pages\/18924"}],"wp:attachment":[{"href":"https:\/\/www.it.tarnow.pl\/fr\/wp-json\/wp\/v2\/media?parent=10016"}],"wp:term":[{"taxonomy":"post_tag","embeddable":true,"href":"https:\/\/www.it.tarnow.pl\/fr\/wp-json\/wp\/v2\/tags?post=10016"}],"curies":[{"name":"wp","href":"https:\/\/api.w.org\/{rel}","templated":true}]}}