{"id":10013,"date":"2018-01-05T14:52:43","date_gmt":"2018-01-05T13:52:43","guid":{"rendered":"http:\/\/www.it.tarnow.pl\/auberges-de-jeunesse\/"},"modified":"2026-01-16T14:04:11","modified_gmt":"2026-01-16T13:04:11","slug":"auberges-de-jeunesse","status":"publish","type":"page","link":"https:\/\/www.it.tarnow.pl\/fr\/ou-dormir\/tarnow\/auberges-de-jeunesse\/","title":{"rendered":"Auberges de jeunesse"},"content":{"rendered":"<div class=\"table-responsive\">\r\n<table class=\" table-bordered table-hover table\" style=\"width: 605px;\" border=\"0\" width=\"605px\" cellspacing=\"0\" cellpadding=\"2\">\r\n<tbody>\r\n<tr>\r\n<td style=\"vertical-align: top;\" valign=\"top\" width=\"605\">\r\n<p><b>OHP\u00a0<\/b><br \/>\r\nul. Mo\u015bcickiego 27, 33-100 Tarn\u00f3w\u00a0<br \/>\r\nt\u00e9l\u00e9phone\/fax: +48 14 627 38 79<br \/>\r\n<a class=\"target_blank\" href=\"http:\/\/www.ckiw-tarnow.ohp.pl\/\">www.ckiw-tarnow.ohp.pl<\/a> <a href=\"mailto:rezerwacje@ckiw-tarnow.ohp.pl\">rezerwacje@ckiw-tarnow.ohp.pl<\/a><br \/>\r\n<i>actualis\u00e9: 16.01.2026<\/i><\/p>\r\n<\/td>\r\n<\/tr>\r\n<tr>\r\n<td style=\"vertical-align: top;\" valign=\"top\" width=\"605\">\r\n<p><b>Dom Studenta<\/b><br \/>\r\nul. S\u0142owackiego 7, 33-100 Tarn\u00f3w\u00a0<br \/>\r\nt\u00e9l\u00e9phone\/fax: +48 14 631 69 01<br \/>\r\n<a href=\"https:\/\/anstar.edu.pl\/jednostki\/dzial-pomocy-materialnej\/dom-studenta-ans-w-tarnowie\/\">https:\/\/anstar.edu.pl\/jednostki\/dzial-pomocy-materialnej\/dom-studenta-ans-w-tarnowie\/<\/a><br \/>\r\n<i>actualis\u00e9: 16.01.2026<\/i><\/p>\r\n<\/td>\r\n<\/tr>\r\n<tr>\r\n<td style=\"vertical-align: top;\" valign=\"top\" width=\"605\">\r\n<p>&nbsp;<\/p>\r\n<\/td>\r\n<\/tr>\r\n<tr>\r\n<td style=\"vertical-align: top;\" valign=\"top\" width=\"605\">\r\n<p><b>Inka Hostel<\/b><br \/>\r\nul. Dobrza\u0144skiego 6, 33-111 Koszyce Wielkie <br \/>\r\nt\u00e9l\u00e9phone\/fax: +48 14 626 72 12; mob.: +48 605 960 750<br \/>\r\n<a class=\"target_blank\" href=\"http:\/\/www.hostel-inka.pl\/\">www.hostel-inka.pl<\/a> \u00a0<a href=\"mailto:kontakt@hostel-inka.pl\">kontakt@hostel-inka.pl<\/a>\u00a0 <br \/>\r\n<i>actualis\u00e9: 16.01.2026<\/i><\/p>\r\n<\/td>\r\n<\/tr>\r\n<\/tbody>\r\n<\/table>\r\n<\/div>","protected":false},"excerpt":{"rendered":"OHP\u00a0 ul. Mo\u015bcickiego 27, 33-100 Tarn\u00f3w\u00a0 t\u00e9l\u00e9phone\/fax: +48 14 627 38 79 www.ckiw-tarnow.ohp.pl rezerwacje@ckiw-tarnow.ohp.pl actualis\u00e9: 16.01.2026 Dom Studenta ul. S\u0142owackiego 7, 33-100 Tarn\u00f3w\u00a0 t\u00e9l\u00e9phone\/fax: +48 14 631 69 01 https:\/\/anstar.edu.pl\/jednostki\/dzial-pomocy-materialnej\/dom-studenta-ans-w-tarnowie\/ [&hellip;]","protected":false},"author":1,"featured_media":0,"parent":18924,"menu_order":615,"comment_status":"closed","ping_status":"closed","template":"","meta":{"_acf_changed":false,"footnotes":""},"tags":[],"class_list":["post-10013","page","type-page","status-publish","hentry"],"acf":{"old_object_id":"24275","old_parent_id":"19453","old_url":"Ou-dormir\/Tarnow\/Auberges-de-jeunesse","intro_text":"","class":"folder","type":"single","in_menu":true,"show_date":false,"map":"","old_id":"","top_column":"","left_column":"","right_column":"","bottom_column":"","show_children":"","skip_import":false,"_menu_related_id":"152500","rooms_info":""},"yoast_head":"<!-- This site is optimized with the Yoast SEO Premium plugin v25.4 (Yoast SEO v25.4) - https:\/\/yoast.com\/wordpress\/plugins\/seo\/ -->\n<title>Auberges de jeunesse - Tarnowskie Centrum Informacji<\/title>\n<meta name=\"robots\" content=\"index, follow, max-snippet:-1, max-image-preview:large, max-video-preview:-1\" \/>\n<link rel=\"canonical\" href=\"https:\/\/www.it.tarnow.pl\/fr\/ou-dormir\/tarnow\/auberges-de-jeunesse\/\" \/>\n<meta property=\"og:locale\" content=\"fr_FR\" \/>\n<meta property=\"og:type\" content=\"article\" \/>\n<meta property=\"og:title\" content=\"Auberges de jeunesse\" \/>\n<meta property=\"og:description\" content=\"OHP\u00a0 ul. Mo\u015bcickiego 27, 33-100 Tarn\u00f3w\u00a0 t\u00e9l\u00e9phone\/fax: +48 14 627 38 79 www.ckiw-tarnow.ohp.pl rezerwacje@ckiw-tarnow.ohp.pl actualis\u00e9: 16.01.2026 Dom Studenta ul. S\u0142owackiego 7, 33-100 Tarn\u00f3w\u00a0 t\u00e9l\u00e9phone\/fax: +48 14 631 69 01 https:\/\/anstar.edu.pl\/jednostki\/dzial-pomocy-materialnej\/dom-studenta-ans-w-tarnowie\/ [&hellip;]\" \/>\n<meta property=\"og:url\" content=\"https:\/\/www.it.tarnow.pl\/fr\/ou-dormir\/tarnow\/auberges-de-jeunesse\/\" \/>\n<meta property=\"og:site_name\" content=\"Tarnowskie Centrum Informacji\" \/>\n<meta property=\"article:modified_time\" content=\"2026-01-16T13:04:11+00:00\" \/>\n<meta name=\"twitter:card\" content=\"summary_large_image\" \/>\n<meta name=\"twitter:label1\" content=\"Dur\u00e9e de lecture estim\u00e9e\" \/>\n\t<meta name=\"twitter:data1\" content=\"1 minute\" \/>\n<script type=\"application\/ld+json\" class=\"yoast-schema-graph\">{\"@context\":\"https:\/\/schema.org\",\"@graph\":[{\"@type\":\"WebPage\",\"@id\":\"https:\/\/www.it.tarnow.pl\/fr\/ou-dormir\/tarnow\/auberges-de-jeunesse\/\",\"url\":\"https:\/\/www.it.tarnow.pl\/fr\/ou-dormir\/tarnow\/auberges-de-jeunesse\/\",\"name\":\"Auberges de jeunesse - Tarnowskie Centrum Informacji\",\"isPartOf\":{\"@id\":\"https:\/\/www.it.tarnow.pl\/#website\"},\"datePublished\":\"2018-01-05T13:52:43+00:00\",\"dateModified\":\"2026-01-16T13:04:11+00:00\",\"breadcrumb\":{\"@id\":\"https:\/\/www.it.tarnow.pl\/fr\/ou-dormir\/tarnow\/auberges-de-jeunesse\/#breadcrumb\"},\"inLanguage\":\"fr-FR\",\"potentialAction\":[{\"@type\":\"ReadAction\",\"target\":[\"https:\/\/www.it.tarnow.pl\/fr\/ou-dormir\/tarnow\/auberges-de-jeunesse\/\"]}]},{\"@type\":\"BreadcrumbList\",\"@id\":\"https:\/\/www.it.tarnow.pl\/fr\/ou-dormir\/tarnow\/auberges-de-jeunesse\/#breadcrumb\",\"itemListElement\":[{\"@type\":\"ListItem\",\"position\":1,\"name\":\"Page d'accueil\",\"item\":\"https:\/\/www.it.tarnow.pl\/fr\/\"},{\"@type\":\"ListItem\",\"position\":2,\"name\":\"O\u00f9 dormir\",\"item\":\"https:\/\/www.it.tarnow.pl\/fr\/ou-dormir\/\"},{\"@type\":\"ListItem\",\"position\":3,\"name\":\"Tarn\u00f3w\",\"item\":\"https:\/\/www.it.tarnow.pl\/fr\/ou-dormir\/tarnow\/\"},{\"@type\":\"ListItem\",\"position\":4,\"name\":\"Auberges de jeunesse\"}]},{\"@type\":\"WebSite\",\"@id\":\"https:\/\/www.it.tarnow.pl\/#website\",\"url\":\"https:\/\/www.it.tarnow.pl\/\",\"name\":\"Tarnowskie Centrum Informacji\",\"description\":\"Informacja turystyczna o Tarnowie i regionie tarnowskim.\",\"potentialAction\":[{\"@type\":\"SearchAction\",\"target\":{\"@type\":\"EntryPoint\",\"urlTemplate\":\"https:\/\/www.it.tarnow.pl\/?s={search_term_string}\"},\"query-input\":{\"@type\":\"PropertyValueSpecification\",\"valueRequired\":true,\"valueName\":\"search_term_string\"}}],\"inLanguage\":\"fr-FR\"}]}<\/script>\n<!-- \/ Yoast SEO Premium plugin. -->","yoast_head_json":{"title":"Auberges de jeunesse - Tarnowskie Centrum Informacji","robots":{"index":"index","follow":"follow","max-snippet":"max-snippet:-1","max-image-preview":"max-image-preview:large","max-video-preview":"max-video-preview:-1"},"canonical":"https:\/\/www.it.tarnow.pl\/fr\/ou-dormir\/tarnow\/auberges-de-jeunesse\/","og_locale":"fr_FR","og_type":"article","og_title":"Auberges de jeunesse","og_description":"OHP\u00a0 ul. Mo\u015bcickiego 27, 33-100 Tarn\u00f3w\u00a0 t\u00e9l\u00e9phone\/fax: +48 14 627 38 79 www.ckiw-tarnow.ohp.pl rezerwacje@ckiw-tarnow.ohp.pl actualis\u00e9: 16.01.2026 Dom Studenta ul. S\u0142owackiego 7, 33-100 Tarn\u00f3w\u00a0 t\u00e9l\u00e9phone\/fax: +48 14 631 69 01 https:\/\/anstar.edu.pl\/jednostki\/dzial-pomocy-materialnej\/dom-studenta-ans-w-tarnowie\/ [&hellip;]","og_url":"https:\/\/www.it.tarnow.pl\/fr\/ou-dormir\/tarnow\/auberges-de-jeunesse\/","og_site_name":"Tarnowskie Centrum Informacji","article_modified_time":"2026-01-16T13:04:11+00:00","twitter_card":"summary_large_image","twitter_misc":{"Dur\u00e9e de lecture estim\u00e9e":"1 minute"},"schema":{"@context":"https:\/\/schema.org","@graph":[{"@type":"WebPage","@id":"https:\/\/www.it.tarnow.pl\/fr\/ou-dormir\/tarnow\/auberges-de-jeunesse\/","url":"https:\/\/www.it.tarnow.pl\/fr\/ou-dormir\/tarnow\/auberges-de-jeunesse\/","name":"Auberges de jeunesse - Tarnowskie Centrum Informacji","isPartOf":{"@id":"https:\/\/www.it.tarnow.pl\/#website"},"datePublished":"2018-01-05T13:52:43+00:00","dateModified":"2026-01-16T13:04:11+00:00","breadcrumb":{"@id":"https:\/\/www.it.tarnow.pl\/fr\/ou-dormir\/tarnow\/auberges-de-jeunesse\/#breadcrumb"},"inLanguage":"fr-FR","potentialAction":[{"@type":"ReadAction","target":["https:\/\/www.it.tarnow.pl\/fr\/ou-dormir\/tarnow\/auberges-de-jeunesse\/"]}]},{"@type":"BreadcrumbList","@id":"https:\/\/www.it.tarnow.pl\/fr\/ou-dormir\/tarnow\/auberges-de-jeunesse\/#breadcrumb","itemListElement":[{"@type":"ListItem","position":1,"name":"Page d'accueil","item":"https:\/\/www.it.tarnow.pl\/fr\/"},{"@type":"ListItem","position":2,"name":"O\u00f9 dormir","item":"https:\/\/www.it.tarnow.pl\/fr\/ou-dormir\/"},{"@type":"ListItem","position":3,"name":"Tarn\u00f3w","item":"https:\/\/www.it.tarnow.pl\/fr\/ou-dormir\/tarnow\/"},{"@type":"ListItem","position":4,"name":"Auberges de jeunesse"}]},{"@type":"WebSite","@id":"https:\/\/www.it.tarnow.pl\/#website","url":"https:\/\/www.it.tarnow.pl\/","name":"Tarnowskie Centrum Informacji","description":"Informacja turystyczna o Tarnowie i regionie tarnowskim.","potentialAction":[{"@type":"SearchAction","target":{"@type":"EntryPoint","urlTemplate":"https:\/\/www.it.tarnow.pl\/?s={search_term_string}"},"query-input":{"@type":"PropertyValueSpecification","valueRequired":true,"valueName":"search_term_string"}}],"inLanguage":"fr-FR"}]}},"_links":{"self":[{"href":"https:\/\/www.it.tarnow.pl\/fr\/wp-json\/wp\/v2\/pages\/10013","targetHints":{"allow":["GET"]}}],"collection":[{"href":"https:\/\/www.it.tarnow.pl\/fr\/wp-json\/wp\/v2\/pages"}],"about":[{"href":"https:\/\/www.it.tarnow.pl\/fr\/wp-json\/wp\/v2\/types\/page"}],"author":[{"embeddable":true,"href":"https:\/\/www.it.tarnow.pl\/fr\/wp-json\/wp\/v2\/users\/1"}],"replies":[{"embeddable":true,"href":"https:\/\/www.it.tarnow.pl\/fr\/wp-json\/wp\/v2\/comments?post=10013"}],"version-history":[{"count":5,"href":"https:\/\/www.it.tarnow.pl\/fr\/wp-json\/wp\/v2\/pages\/10013\/revisions"}],"predecessor-version":[{"id":340315,"href":"https:\/\/www.it.tarnow.pl\/fr\/wp-json\/wp\/v2\/pages\/10013\/revisions\/340315"}],"up":[{"embeddable":true,"href":"https:\/\/www.it.tarnow.pl\/fr\/wp-json\/wp\/v2\/pages\/18924"}],"wp:attachment":[{"href":"https:\/\/www.it.tarnow.pl\/fr\/wp-json\/wp\/v2\/media?parent=10013"}],"wp:term":[{"taxonomy":"post_tag","embeddable":true,"href":"https:\/\/www.it.tarnow.pl\/fr\/wp-json\/wp\/v2\/tags?post=10013"}],"curies":[{"name":"wp","href":"https:\/\/api.w.org\/{rel}","templated":true}]}}