{"id":10012,"date":"2018-01-05T14:47:58","date_gmt":"2018-01-05T13:47:58","guid":{"rendered":"http:\/\/www.it.tarnow.pl\/chambres-dhotes\/"},"modified":"2026-01-16T14:35:19","modified_gmt":"2026-01-16T13:35:19","slug":"chambres-dhotes-2","status":"publish","type":"page","link":"https:\/\/www.it.tarnow.pl\/fr\/ou-dormir\/tarnow\/chambres-dhotes-2\/","title":{"rendered":"Chambres d\u2019h\u00f4tes"},"content":{"rendered":"<div class=\"table-responsive\">\r\n<table class=\" table-bordered table-hover table\" style=\"width: 44.1273%; height: 2861px;\" border=\"0\" width=\"605px\" cellspacing=\"0\" cellpadding=\"2\">\r\n<tbody>\r\n<tr style=\"height: 216px;\">\r\n<td style=\"vertical-align: top; height: 216px;\" valign=\"top\" width=\"605\">\r\n<p><b>Tarnowskie Centrum Informacji &#8211; chambres d&rsquo;h\u00f4tes<\/b><br \/>\r\n\u00a0ul. Rynek 7, 33-100 Tarn\u00f3w\u00a0<br \/>\r\n\u00a0t\u00e9l\u00e9phone: +48 14 688 90 90,<br \/>\r\n\u00a0mob.: +48 698 633 421 &#8211; gratuite avec Viber et WhatsApp<br \/>\r\n\u00a0<a class=\"target_blank\" href=\"http:\/\/www.tarnow.travel\/\">www.tarnow.travel<\/a> \u00a0<a href=\"mailto:rezerwacja@it.tarnow.pl\">rezerwacja@tarnow.travel<\/a>\u00a0 <br \/>\r\n<i>actualis\u00e9: 16.01.2026<\/i><\/p>\r\n<p>&nbsp;<\/p>\r\n<\/td>\r\n<\/tr>\r\n<tr style=\"height: 192px;\">\r\n<td style=\"vertical-align: top; height: 192px;\" valign=\"top\" width=\"605\">\r\n<p><b>U Jana &#8211; apartment hotel<\/b> (il n&rsquo;a pas classification)<br \/>\r\nul. Rynek 14, 33-100 Tarn\u00f3w<br \/>\r\nt\u00e9l\u00e9phone\/fax: +48 14 626 05 64; <br \/>\r\n<a class=\"target_blank\" href=\"http:\/\/www.hotelujana.pl\/en\/\">www.hotelujana.pl<\/a> \u00a0<a href=\"mailto:recepcja@hotelujana.pl\">recepcja@hotelujana.pl<\/a>\u00a0 <br \/>\r\n<i>actualis\u00e9: 16.01.2026<\/i><\/p>\r\n<p>&nbsp;<\/p>\r\n<\/td>\r\n<\/tr>\r\n<tr style=\"height: 192px;\">\r\n<td style=\"vertical-align: top; height: 192px;\">\r\n<p><strong>&lsquo;Aurora&rsquo; &#8211; <b>chambres d&rsquo;h\u00f4tes<\/b><br \/>\r\n<\/strong>ul. Czerwona 49a, 33-100 Tarn\u00f3w<br \/>\r\nmob. +48 509 900 040<br \/>\r\n<a href=\"https:\/\/tiny.pl\/ws293\">https:\/\/tiny.pl\/ws293<\/a>\u00a0 <a href=\"mailto:kontakt@auroratarnow.pl\">kontakt@auroratarnow.pl<\/a>\u00a0<br \/>\r\n<i>actualis\u00e9: 16.01.2026<\/i><\/p>\r\n<p>&nbsp;<\/p>\r\n<\/td>\r\n<\/tr>\r\n<tr style=\"height: 192px;\">\r\n<td style=\"vertical-align: top; height: 192px;\" valign=\"top\" width=\"605\">\r\n<p><b>ApartHotel Zak\u0105tna<\/b><br \/>\r\nul. Zak\u0105tna 19, 33-100 Tarn\u00f3w<br \/>\r\ntel. (14) 664 00 94 60, mob. 513 097 392<br \/>\r\n<a href=\"http:\/\/www.aparthotelzakatna.pl\/\">www.aparthotelzakatna.pl<\/a>\u00a0\u00a0\u00a0<a href=\"mailto:info@aparthotelzakatna.pl\">info@aparthotelzakatna.pl<\/a><br \/>\r\n<i>actualis\u00e9: 16.01.2026<\/i><\/p>\r\n<p>&nbsp;<\/p>\r\n<\/td>\r\n<\/tr>\r\n<tr style=\"height: 280px;\">\r\n<td style=\"vertical-align: top; height: 280px;\" valign=\"top\" width=\"605\">\r\n<p><strong>Centrum Rehabilitacjii Zawodowej \u201cS\u0142oneczne Wzg\u00f3rze\u201d <\/strong><br \/>\r\nul. Sanguszk\u00f3w 28 A<br \/>\r\n33-100 Tarn\u00f3w<br \/>\r\ntel.: 14 688 00 50<br \/>\r\n<a href=\"http:\/\/slonecznewzgorze.tarnow.pl\">http:\/\/slonecznewzgorze.tarnow.pl<\/a><br \/>\r\n<a href=\"mailto:recepcja@slonecznewzgorze.tarnow.pl\">recepcja@slonecznewzgorze.tarnow.pl<\/a><br \/>\r\n<br \/>\r\n<i>actualis\u00e9<\/i>: <i>16.01.2026<\/i><\/p>\r\n<p>&nbsp;<\/p>\r\n<\/td>\r\n<\/tr>\r\n<tr style=\"height: 192px;\">\r\n<td style=\"vertical-align: top; height: 192px;\">\r\n<p><strong><b>\u00ab\u00a0Podzamcze\u00a0\u00bb &#8211; chambres d&rsquo;h\u00f4tes<\/b><br \/>\r\n<\/strong>al. Tarnowskich 75, 33-100 Tarn\u00f3w\u00a0<br \/>\r\n\u00a0t\u00e9l\u00e9phone\/fax: +48 14 627 67 77\u00a0<\/p>\r\n<p><a href=\"http:\/\/www.podzamczetarnow.ovh\/\">ww.podzamczetarnow.ovh<\/a><br \/>\r\n<a href=\"hotelpodzamcze@op.pl\">hotelpodzamcze@op.pl <\/a><br \/>\r\n<i>actualis\u00e9: 16.01.2026<\/i><\/p>\r\n<\/td>\r\n<\/tr>\r\n<tr style=\"height: 208px;\">\r\n<td style=\"vertical-align: top; height: 208px;\" valign=\"top\" width=\"605\">\r\n<p><b>\u00ab\u00a0Willa Strusi\u0144ska\u00a0\u00bb &#8211; chambre budget<\/b><br \/>\r\n\u00a0ul. Boche\u0144skiego 22, 33-100 Tarn\u00f3w\u00a0<br \/>\r\nt\u00e9l\u00e9phone: +48 14 623 00 51; mob.: +48 664 273 010<\/p>\r\n<p><a class=\"target_blank\" href=\"http:\/\/www.noclegitarnow.pl\/\">www.noclegitarnow.pl<\/a> \u00a0<a href=\"mailto:bjwplus@interia.pl\">bjwplus@interia.pl<\/a> <br \/>\r\n<i>actualis\u00e9: 16.01.2026<\/i><\/p>\r\n<\/td>\r\n<\/tr>\r\n<tr style=\"height: 168px;\">\r\n<td style=\"vertical-align: top; height: 168px;\" valign=\"top\" width=\"605\">\r\n<p><b>B&amp;B Leliwa &#8211; bed and breakfast<\/b><br \/>\r\n\u00a0ul. Esperantyst\u00f3w 34, 33-100 Tarn\u00f3w\u00a0<br \/>\r\n\u00a0mob.: +48 661 974 749\u00a0<\/p>\r\n<p><a href=\"mailto:skoczek90@wp.pl\">skoczek90@wp.pl<\/a> <a href=\"https:\/\/leliwa.pl.tl\/\">https:\/\/leliwa.pl.tl\/<\/a> <br \/>\r\n<i>actualis\u00e9: 16.01.2026<\/i><\/p>\r\n<\/td>\r\n<\/tr>\r\n<tr style=\"height: 192px;\">\r\n<td style=\"vertical-align: top; height: 192px;\" valign=\"top\" width=\"605\">\r\n<p><b>Living Room &#8211; l&rsquo;appartement<\/b>\u00a0<br \/>\r\nul. Marynarki Wojennej 9A, 33-100 Tarn\u00f3w<br \/>\r\nt\u00e9l. mob.: +48 888 999 252<br \/>\r\n<a class=\"target_blank\" href=\"http:\/\/www.hotel-tarnow.pl\/\">www.hotel-tarnow.pl<\/a> \u00a0<a href=\"mailto:biuro@hotel-tarnow.pl\">biuro@hotel-tarnow.pl<\/a>\u00a0 <br \/>\r\n<i>actualis\u00e9: 16.01.2026<\/i><\/p>\r\n<p>&nbsp;<\/p>\r\n<\/td>\r\n<\/tr>\r\n<tr style=\"height: 216px;\">\r\n<td style=\"vertical-align: top; height: 216px;\" valign=\"top\" width=\"605\">\r\n<p><b>Fundacja Klikowska Ostoja Polskich Koni\u00a0&#8211; chambres d&rsquo;h\u00f4tes<\/b><br \/>\r\nul. Klikowska 304, 33-102 Tarn\u00f3w<br \/>\r\nt\u00e9l. mob.: +48 796 084 015, 796 084 015<br \/>\r\n<a class=\"target_blank\" href=\"http:\/\/www.klikowska-ostoja.pl\/\">www.klikowska-ostoja.pl\u00a0<\/a> <br \/>\r\n<a href=\"mailto:klikowska_ostoja@interia.pl\">klikowska_ostoja@interia.pl<\/a><br \/>\r\n<i>actualis\u00e9: 16.01.2026<\/i><\/p>\r\n<p>&nbsp;<\/p>\r\n<\/td>\r\n<\/tr>\r\n<tr style=\"height: 216px;\">\r\n<td style=\"vertical-align: top; height: 216px;\">\r\n<p><b>Marion &#8211; chambres d&rsquo;h\u00f4tes<\/b><br \/>\r\nul. Elektryczna 4B, 33-100 Tarn\u00f3w<br \/>\r\nt\u00e9l. mob.: +48 697 725 309; +48 691 523 966<br \/>\r\n<a href=\"https:\/\/pl-pl.facebook.com\/domweselnymarion\/\">https:\/\/pl-pl.facebook.com\/domweselnymarion\/<\/a> \u00a0<a href=\"mailto:weselemarion@gmail.com\">weselemarion@gmail.com<\/a>\u00a0 <a class=\"www-link\" href=\"http:\/\/domweselnymarion.pl\/\">domweselnymarion.pl\/<\/a><br \/>\r\n<i>actualis\u00e9: 16.01.2026\u00a0<\/i><\/p>\r\n<p><b>\u00a0<\/b><\/p>\r\n<\/td>\r\n<\/tr>\r\n<tr style=\"height: 144px;\">\r\n<td style=\"vertical-align: top; height: 144px;\">\r\n<p><strong>Apartamenty Wa\u0142owa 4<\/strong> &#8211; <b>chambres d&rsquo;h\u00f4tes<\/b><br \/>\r\nul. Wa\u0142owa 4, 33-100 Tarn\u00f3w<br \/>\r\nt\u00e9l\u00e9phone: +48 (14) 621 49 51<br \/>\r\n<a href=\"https:\/\/www.facebook.com\/walowa4\/\">https:\/\/www.facebook.com\/walowa4\/<\/a>\u00a0 <a href=\"mailto:apartamenty@walowa4.pl\">apartamenty@walowa4.pl<\/a>\u00a0<br \/>\r\nactualis<i>\u00e9<\/i>: <i>16.01.2026<\/i><\/p>\r\n<p>&nbsp;<\/p>\r\n<\/td>\r\n<\/tr>\r\n<tr style=\"height: 192px;\">\r\n<td style=\"vertical-align: top; height: 192px;\">\r\n<p><strong>Ricardpol B&amp;B<\/strong><br \/>\r\nul. Krakowska 101, 33-100 Tarn\u00f3w<br \/>\r\nt\u00e9l. mob. 609 462 773<br \/>\r\n<a href=\"https:\/\/www.facebook.com\/tarnownoclegi?locale=pl_PL\">https:\/\/www.facebook.com\/tarnownoclegi?locale=pl_PL<\/a><br \/>\r\nactualis<i>\u00e9<\/i>: <i>16.01.2026<\/i><\/p>\r\n<p>&nbsp;<\/p>\r\n<\/td>\r\n<\/tr>\r\n<tr style=\"height: 216px;\">\r\n<td style=\"vertical-align: top; height: 216px;\">\r\n<p><strong>Zgromadzenie si\u00f3str Naj\u015bwi\u0119tszego Serca Jezusowego\u00a0<\/strong><br \/>\r\nul. Pszenna 3, 33-100 Tarn\u00f3w<br \/>\r\nt\u00e9l\u00e9phone: +48 (14) 626 73 51<br \/>\r\n<a href=\"https:\/\/www.siostry-sc.pl\/kim-jestesmy\/nasze-domy\/934-tarnow\">https:\/\/www.siostry-sc.pl\/kim-jestesmy\/nasze-domy\/934-tarnow<\/a> <a href=\"mailto:siostry.tabor@gmail.com\">siostry.tabor@gmail.com<\/a><br \/>\r\nactualis<i>\u00e9<\/i>: <i>16.01.2026<\/i><\/p>\r\n<p>&nbsp;<\/p>\r\n<\/td>\r\n<\/tr>\r\n<\/tbody>\r\n<\/table>\r\n<p>&nbsp;<\/p>\r\n<\/div>","protected":false},"excerpt":{"rendered":"Tarnowskie Centrum Informacji &#8211; chambres d&rsquo;h\u00f4tes \u00a0ul. Rynek 7, 33-100 Tarn\u00f3w\u00a0 \u00a0t\u00e9l\u00e9phone: +48 14 688 90 90, \u00a0mob.: +48 698 633 421 &#8211; gratuite avec Viber et WhatsApp \u00a0www.tarnow.travel \u00a0rezerwacja@tarnow.travel\u00a0 [&hellip;]","protected":false},"author":1,"featured_media":0,"parent":18924,"menu_order":632,"comment_status":"closed","ping_status":"closed","template":"","meta":{"_acf_changed":false,"footnotes":""},"tags":[],"class_list":["post-10012","page","type-page","status-publish","hentry"],"acf":{"old_object_id":"24273","old_parent_id":"19453","old_url":"Ou-dormir\/Tarnow\/Chambres-d-hotes","intro_text":"","class":"folder","type":"single","in_menu":true,"show_date":false,"map":"","old_id":"","top_column":"","left_column":"","right_column":"","bottom_column":"","show_children":"","skip_import":false,"_menu_related_id":"152502","rooms_info":""},"yoast_head":"<!-- This site is optimized with the Yoast SEO Premium plugin v25.4 (Yoast SEO v25.4) - https:\/\/yoast.com\/wordpress\/plugins\/seo\/ -->\n<title>Chambres d\u2019h\u00f4tes - Tarnowskie Centrum Informacji<\/title>\n<meta name=\"robots\" content=\"index, follow, max-snippet:-1, max-image-preview:large, max-video-preview:-1\" \/>\n<link rel=\"canonical\" href=\"https:\/\/www.it.tarnow.pl\/fr\/ou-dormir\/tarnow\/chambres-dhotes-2\/\" \/>\n<meta property=\"og:locale\" content=\"fr_FR\" \/>\n<meta property=\"og:type\" content=\"article\" \/>\n<meta property=\"og:title\" content=\"Chambres d\u2019h\u00f4tes\" \/>\n<meta property=\"og:description\" content=\"Tarnowskie Centrum Informacji &#8211; chambres d&rsquo;h\u00f4tes \u00a0ul. Rynek 7, 33-100 Tarn\u00f3w\u00a0 \u00a0t\u00e9l\u00e9phone: +48 14 688 90 90, \u00a0mob.: +48 698 633 421 &#8211; gratuite avec Viber et WhatsApp \u00a0www.tarnow.travel \u00a0rezerwacja@tarnow.travel\u00a0 [&hellip;]\" \/>\n<meta property=\"og:url\" content=\"https:\/\/www.it.tarnow.pl\/fr\/ou-dormir\/tarnow\/chambres-dhotes-2\/\" \/>\n<meta property=\"og:site_name\" content=\"Tarnowskie Centrum Informacji\" \/>\n<meta property=\"article:modified_time\" content=\"2026-01-16T13:35:19+00:00\" \/>\n<meta name=\"twitter:card\" content=\"summary_large_image\" \/>\n<meta name=\"twitter:label1\" content=\"Dur\u00e9e de lecture estim\u00e9e\" \/>\n\t<meta name=\"twitter:data1\" content=\"2 minutes\" \/>\n<script type=\"application\/ld+json\" class=\"yoast-schema-graph\">{\"@context\":\"https:\/\/schema.org\",\"@graph\":[{\"@type\":\"WebPage\",\"@id\":\"https:\/\/www.it.tarnow.pl\/fr\/ou-dormir\/tarnow\/chambres-dhotes-2\/\",\"url\":\"https:\/\/www.it.tarnow.pl\/fr\/ou-dormir\/tarnow\/chambres-dhotes-2\/\",\"name\":\"Chambres d\u2019h\u00f4tes - Tarnowskie Centrum Informacji\",\"isPartOf\":{\"@id\":\"https:\/\/www.it.tarnow.pl\/#website\"},\"datePublished\":\"2018-01-05T13:47:58+00:00\",\"dateModified\":\"2026-01-16T13:35:19+00:00\",\"breadcrumb\":{\"@id\":\"https:\/\/www.it.tarnow.pl\/fr\/ou-dormir\/tarnow\/chambres-dhotes-2\/#breadcrumb\"},\"inLanguage\":\"fr-FR\",\"potentialAction\":[{\"@type\":\"ReadAction\",\"target\":[\"https:\/\/www.it.tarnow.pl\/fr\/ou-dormir\/tarnow\/chambres-dhotes-2\/\"]}]},{\"@type\":\"BreadcrumbList\",\"@id\":\"https:\/\/www.it.tarnow.pl\/fr\/ou-dormir\/tarnow\/chambres-dhotes-2\/#breadcrumb\",\"itemListElement\":[{\"@type\":\"ListItem\",\"position\":1,\"name\":\"Page d'accueil\",\"item\":\"https:\/\/www.it.tarnow.pl\/fr\/\"},{\"@type\":\"ListItem\",\"position\":2,\"name\":\"O\u00f9 dormir\",\"item\":\"https:\/\/www.it.tarnow.pl\/fr\/ou-dormir\/\"},{\"@type\":\"ListItem\",\"position\":3,\"name\":\"Tarn\u00f3w\",\"item\":\"https:\/\/www.it.tarnow.pl\/fr\/ou-dormir\/tarnow\/\"},{\"@type\":\"ListItem\",\"position\":4,\"name\":\"Chambres d\u2019h\u00f4tes\"}]},{\"@type\":\"WebSite\",\"@id\":\"https:\/\/www.it.tarnow.pl\/#website\",\"url\":\"https:\/\/www.it.tarnow.pl\/\",\"name\":\"Tarnowskie Centrum Informacji\",\"description\":\"Informacja turystyczna o Tarnowie i regionie tarnowskim.\",\"potentialAction\":[{\"@type\":\"SearchAction\",\"target\":{\"@type\":\"EntryPoint\",\"urlTemplate\":\"https:\/\/www.it.tarnow.pl\/?s={search_term_string}\"},\"query-input\":{\"@type\":\"PropertyValueSpecification\",\"valueRequired\":true,\"valueName\":\"search_term_string\"}}],\"inLanguage\":\"fr-FR\"}]}<\/script>\n<!-- \/ Yoast SEO Premium plugin. -->","yoast_head_json":{"title":"Chambres d\u2019h\u00f4tes - Tarnowskie Centrum Informacji","robots":{"index":"index","follow":"follow","max-snippet":"max-snippet:-1","max-image-preview":"max-image-preview:large","max-video-preview":"max-video-preview:-1"},"canonical":"https:\/\/www.it.tarnow.pl\/fr\/ou-dormir\/tarnow\/chambres-dhotes-2\/","og_locale":"fr_FR","og_type":"article","og_title":"Chambres d\u2019h\u00f4tes","og_description":"Tarnowskie Centrum Informacji &#8211; chambres d&rsquo;h\u00f4tes \u00a0ul. Rynek 7, 33-100 Tarn\u00f3w\u00a0 \u00a0t\u00e9l\u00e9phone: +48 14 688 90 90, \u00a0mob.: +48 698 633 421 &#8211; gratuite avec Viber et WhatsApp \u00a0www.tarnow.travel \u00a0rezerwacja@tarnow.travel\u00a0 [&hellip;]","og_url":"https:\/\/www.it.tarnow.pl\/fr\/ou-dormir\/tarnow\/chambres-dhotes-2\/","og_site_name":"Tarnowskie Centrum Informacji","article_modified_time":"2026-01-16T13:35:19+00:00","twitter_card":"summary_large_image","twitter_misc":{"Dur\u00e9e de lecture estim\u00e9e":"2 minutes"},"schema":{"@context":"https:\/\/schema.org","@graph":[{"@type":"WebPage","@id":"https:\/\/www.it.tarnow.pl\/fr\/ou-dormir\/tarnow\/chambres-dhotes-2\/","url":"https:\/\/www.it.tarnow.pl\/fr\/ou-dormir\/tarnow\/chambres-dhotes-2\/","name":"Chambres d\u2019h\u00f4tes - Tarnowskie Centrum Informacji","isPartOf":{"@id":"https:\/\/www.it.tarnow.pl\/#website"},"datePublished":"2018-01-05T13:47:58+00:00","dateModified":"2026-01-16T13:35:19+00:00","breadcrumb":{"@id":"https:\/\/www.it.tarnow.pl\/fr\/ou-dormir\/tarnow\/chambres-dhotes-2\/#breadcrumb"},"inLanguage":"fr-FR","potentialAction":[{"@type":"ReadAction","target":["https:\/\/www.it.tarnow.pl\/fr\/ou-dormir\/tarnow\/chambres-dhotes-2\/"]}]},{"@type":"BreadcrumbList","@id":"https:\/\/www.it.tarnow.pl\/fr\/ou-dormir\/tarnow\/chambres-dhotes-2\/#breadcrumb","itemListElement":[{"@type":"ListItem","position":1,"name":"Page d'accueil","item":"https:\/\/www.it.tarnow.pl\/fr\/"},{"@type":"ListItem","position":2,"name":"O\u00f9 dormir","item":"https:\/\/www.it.tarnow.pl\/fr\/ou-dormir\/"},{"@type":"ListItem","position":3,"name":"Tarn\u00f3w","item":"https:\/\/www.it.tarnow.pl\/fr\/ou-dormir\/tarnow\/"},{"@type":"ListItem","position":4,"name":"Chambres d\u2019h\u00f4tes"}]},{"@type":"WebSite","@id":"https:\/\/www.it.tarnow.pl\/#website","url":"https:\/\/www.it.tarnow.pl\/","name":"Tarnowskie Centrum Informacji","description":"Informacja turystyczna o Tarnowie i regionie tarnowskim.","potentialAction":[{"@type":"SearchAction","target":{"@type":"EntryPoint","urlTemplate":"https:\/\/www.it.tarnow.pl\/?s={search_term_string}"},"query-input":{"@type":"PropertyValueSpecification","valueRequired":true,"valueName":"search_term_string"}}],"inLanguage":"fr-FR"}]}},"_links":{"self":[{"href":"https:\/\/www.it.tarnow.pl\/fr\/wp-json\/wp\/v2\/pages\/10012","targetHints":{"allow":["GET"]}}],"collection":[{"href":"https:\/\/www.it.tarnow.pl\/fr\/wp-json\/wp\/v2\/pages"}],"about":[{"href":"https:\/\/www.it.tarnow.pl\/fr\/wp-json\/wp\/v2\/types\/page"}],"author":[{"embeddable":true,"href":"https:\/\/www.it.tarnow.pl\/fr\/wp-json\/wp\/v2\/users\/1"}],"replies":[{"embeddable":true,"href":"https:\/\/www.it.tarnow.pl\/fr\/wp-json\/wp\/v2\/comments?post=10012"}],"version-history":[{"count":12,"href":"https:\/\/www.it.tarnow.pl\/fr\/wp-json\/wp\/v2\/pages\/10012\/revisions"}],"predecessor-version":[{"id":340333,"href":"https:\/\/www.it.tarnow.pl\/fr\/wp-json\/wp\/v2\/pages\/10012\/revisions\/340333"}],"up":[{"embeddable":true,"href":"https:\/\/www.it.tarnow.pl\/fr\/wp-json\/wp\/v2\/pages\/18924"}],"wp:attachment":[{"href":"https:\/\/www.it.tarnow.pl\/fr\/wp-json\/wp\/v2\/media?parent=10012"}],"wp:term":[{"taxonomy":"post_tag","embeddable":true,"href":"https:\/\/www.it.tarnow.pl\/fr\/wp-json\/wp\/v2\/tags?post=10012"}],"curies":[{"name":"wp","href":"https:\/\/api.w.org\/{rel}","templated":true}]}}