{"id":10009,"date":"2018-01-16T15:10:48","date_gmt":"2018-01-16T14:10:48","guid":{"rendered":"http:\/\/www.it.tarnow.pl\/parkings-pour-autocars-touristiques\/"},"modified":"2023-06-07T14:54:23","modified_gmt":"2023-06-07T12:54:23","slug":"parkings-pour-autocars-touristiques","status":"publish","type":"page","link":"https:\/\/www.it.tarnow.pl\/fr\/acces-transports\/parkings-pour-autocars-touristiques\/","title":{"rendered":"Parkings pour autocars touristiques"},"content":{"rendered":"<p style=\"text-align: left;\"><b><b>Les parkings pour les autocars touristiques\u00a0<\/b>\u00e0 Tarn\u00f3w<\/b><\/p>\r\n<p style=\"text-align: left;\">\u00a0<\/p>\r\n<p>La ville de Tarn\u00f3w a r\u00e9serv\u00e9 plusieurs places de stationnement dans la rue exclusivement pour les entra\u00eeneurs de tourisme. Les places de parking sont gratuites et sont situ\u00e9es dans le quartier direct de la vieille ville.<\/p>\r\n<p>\u00a0<\/p>\r\n<p><iframe loading=\"lazy\" src=\"https:\/\/mapsengine.google.com\/map\/embed?mid=zBQFYyJ7D-_A.kCqO5NJro9Yg\" width=\"648\" height=\"480\"><\/iframe><\/p>\r\n\r\n\r\n\r\n \r\n<div class=\"table-responsive\"><table class=\"table-comparison table-bordered table-hover table\" border=\"0\" cellpadding=\"2\" cellspacing=\"0\" width=\"100%\" style=\"width: 100%\" summary=\"123\">\r\n<tr>\r\n<td width=\"58%\" valign=\"top\" style=\"vertical-align: top;\">  \u00a0la rue Goldhammera (entre la rue Mickiewicza et la rue<br>Wigury, entr\u00e9e depuis la rue Mickiewicza)\r\n  <\/td>\r\n<td width=\"42%\" valign=\"top\" style=\"vertical-align: top;\">  GPS 50\u00b000&rsquo;55.9&Prime;N 20\u00b059&rsquo;22.7&Prime;E\r\n  <\/td>\r\n<\/tr>\r\n<tr>\r\n<td width=\"58%\" valign=\"top\" style=\"vertical-align: top;\">  \u00a0la rue Lwowska (devant le monument W. Witos)\r\n  <\/td>\r\n<td width=\"42%\" valign=\"top\" style=\"vertical-align: top;\">  GPS 50\u00b000&rsquo;47.1&Prime;N 20\u00b059&rsquo;34.5&Prime;E\r\n  <\/td>\r\n<\/tr>\r\n<tr>\r\n<td width=\"58%\" valign=\"top\" style=\"vertical-align: top;\">  \u00a0la rue Ks. J. Marsza\u0142ka (ancienne place du march\u00e9<br>\u00ab\u00a0Kap\u0142an\u00f3wka\u00a0\u00bb parking gratuit &#8211; quelques places de stationnement; pour une<br>courte dur\u00e9e ainsi que pour une longue dur\u00e9e)\r\n  <\/td>\r\n<td width=\"42%\" valign=\"top\" style=\"vertical-align: top;\">  GPS 50\u00b001&rsquo;12.1&Prime;N 20\u00b059&rsquo;33.3&Prime;E\r\n  <\/td>\r\n<\/tr>\r\n<tr>\r\n<td width=\"58%\" valign=\"top\" style=\"vertical-align: top;\">  \u00a0la rue Kosciuszki 10 &#8211; l&rsquo;h\u00f4tel Tarnovia *** (parking<br>priv\u00e9 payant)\r\n  <\/td>\r\n<td width=\"42%\" valign=\"top\" style=\"vertical-align: top;\">  GPS 50\u00b000&rsquo;33.8&Prime;N 20\u00b058&rsquo;26.7&Prime;E\r\n  <\/td>\r\n<\/tr>\r\n<\/table><\/div>","protected":false},"excerpt":{"rendered":"Les parkings pour les autocars touristiques\u00a0\u00e0 Tarn\u00f3w \u00a0 La ville de Tarn\u00f3w a r\u00e9serv\u00e9 plusieurs places de stationnement dans la rue exclusivement pour les entra\u00eeneurs de tourisme. Les places de [&hellip;]","protected":false},"author":1,"featured_media":0,"parent":10005,"menu_order":737,"comment_status":"closed","ping_status":"closed","template":"","meta":{"_acf_changed":false,"footnotes":""},"tags":[],"class_list":["post-10009","page","type-page","status-publish","hentry"],"acf":{"intro_text":"","in_menu":true,"show_date":false,"map":""},"yoast_head":"<!-- This site is optimized with the Yoast SEO Premium plugin v25.4 (Yoast SEO v25.4) - https:\/\/yoast.com\/wordpress\/plugins\/seo\/ -->\n<title>Parkings pour autocars touristiques - Tarnowskie Centrum Informacji<\/title>\n<meta name=\"robots\" content=\"index, follow, max-snippet:-1, max-image-preview:large, max-video-preview:-1\" \/>\n<link rel=\"canonical\" href=\"https:\/\/www.it.tarnow.pl\/fr\/acces-transports\/parkings-pour-autocars-touristiques\/\" \/>\n<meta property=\"og:locale\" content=\"fr_FR\" \/>\n<meta property=\"og:type\" content=\"article\" \/>\n<meta property=\"og:title\" content=\"Parkings pour autocars touristiques\" \/>\n<meta property=\"og:description\" content=\"Les parkings pour les autocars touristiques\u00a0\u00e0 Tarn\u00f3w \u00a0 La ville de Tarn\u00f3w a r\u00e9serv\u00e9 plusieurs places de stationnement dans la rue exclusivement pour les entra\u00eeneurs de tourisme. Les places de [&hellip;]\" \/>\n<meta property=\"og:url\" content=\"https:\/\/www.it.tarnow.pl\/fr\/acces-transports\/parkings-pour-autocars-touristiques\/\" \/>\n<meta property=\"og:site_name\" content=\"Tarnowskie Centrum Informacji\" \/>\n<meta property=\"article:modified_time\" content=\"2023-06-07T12:54:23+00:00\" \/>\n<meta name=\"twitter:card\" content=\"summary_large_image\" \/>\n<meta name=\"twitter:label1\" content=\"Dur\u00e9e de lecture estim\u00e9e\" \/>\n\t<meta name=\"twitter:data1\" content=\"1 minute\" \/>\n<script type=\"application\/ld+json\" class=\"yoast-schema-graph\">{\"@context\":\"https:\/\/schema.org\",\"@graph\":[{\"@type\":\"WebPage\",\"@id\":\"https:\/\/www.it.tarnow.pl\/fr\/acces-transports\/parkings-pour-autocars-touristiques\/\",\"url\":\"https:\/\/www.it.tarnow.pl\/fr\/acces-transports\/parkings-pour-autocars-touristiques\/\",\"name\":\"Parkings pour autocars touristiques - Tarnowskie Centrum Informacji\",\"isPartOf\":{\"@id\":\"https:\/\/www.it.tarnow.pl\/#website\"},\"datePublished\":\"2018-01-16T14:10:48+00:00\",\"dateModified\":\"2023-06-07T12:54:23+00:00\",\"breadcrumb\":{\"@id\":\"https:\/\/www.it.tarnow.pl\/fr\/acces-transports\/parkings-pour-autocars-touristiques\/#breadcrumb\"},\"inLanguage\":\"fr-FR\",\"potentialAction\":[{\"@type\":\"ReadAction\",\"target\":[\"https:\/\/www.it.tarnow.pl\/fr\/acces-transports\/parkings-pour-autocars-touristiques\/\"]}]},{\"@type\":\"BreadcrumbList\",\"@id\":\"https:\/\/www.it.tarnow.pl\/fr\/acces-transports\/parkings-pour-autocars-touristiques\/#breadcrumb\",\"itemListElement\":[{\"@type\":\"ListItem\",\"position\":1,\"name\":\"Page d'accueil\",\"item\":\"https:\/\/www.it.tarnow.pl\/fr\/\"},{\"@type\":\"ListItem\",\"position\":2,\"name\":\"Acc\u00e8s &amp; Transports\",\"item\":\"https:\/\/www.it.tarnow.pl\/fr\/acces-transports\/\"},{\"@type\":\"ListItem\",\"position\":3,\"name\":\"Parkings pour autocars touristiques\"}]},{\"@type\":\"WebSite\",\"@id\":\"https:\/\/www.it.tarnow.pl\/#website\",\"url\":\"https:\/\/www.it.tarnow.pl\/\",\"name\":\"Tarnowskie Centrum Informacji\",\"description\":\"Informacja turystyczna o Tarnowie i regionie tarnowskim.\",\"potentialAction\":[{\"@type\":\"SearchAction\",\"target\":{\"@type\":\"EntryPoint\",\"urlTemplate\":\"https:\/\/www.it.tarnow.pl\/?s={search_term_string}\"},\"query-input\":{\"@type\":\"PropertyValueSpecification\",\"valueRequired\":true,\"valueName\":\"search_term_string\"}}],\"inLanguage\":\"fr-FR\"}]}<\/script>\n<!-- \/ Yoast SEO Premium plugin. -->","yoast_head_json":{"title":"Parkings pour autocars touristiques - Tarnowskie Centrum Informacji","robots":{"index":"index","follow":"follow","max-snippet":"max-snippet:-1","max-image-preview":"max-image-preview:large","max-video-preview":"max-video-preview:-1"},"canonical":"https:\/\/www.it.tarnow.pl\/fr\/acces-transports\/parkings-pour-autocars-touristiques\/","og_locale":"fr_FR","og_type":"article","og_title":"Parkings pour autocars touristiques","og_description":"Les parkings pour les autocars touristiques\u00a0\u00e0 Tarn\u00f3w \u00a0 La ville de Tarn\u00f3w a r\u00e9serv\u00e9 plusieurs places de stationnement dans la rue exclusivement pour les entra\u00eeneurs de tourisme. Les places de [&hellip;]","og_url":"https:\/\/www.it.tarnow.pl\/fr\/acces-transports\/parkings-pour-autocars-touristiques\/","og_site_name":"Tarnowskie Centrum Informacji","article_modified_time":"2023-06-07T12:54:23+00:00","twitter_card":"summary_large_image","twitter_misc":{"Dur\u00e9e de lecture estim\u00e9e":"1 minute"},"schema":{"@context":"https:\/\/schema.org","@graph":[{"@type":"WebPage","@id":"https:\/\/www.it.tarnow.pl\/fr\/acces-transports\/parkings-pour-autocars-touristiques\/","url":"https:\/\/www.it.tarnow.pl\/fr\/acces-transports\/parkings-pour-autocars-touristiques\/","name":"Parkings pour autocars touristiques - Tarnowskie Centrum Informacji","isPartOf":{"@id":"https:\/\/www.it.tarnow.pl\/#website"},"datePublished":"2018-01-16T14:10:48+00:00","dateModified":"2023-06-07T12:54:23+00:00","breadcrumb":{"@id":"https:\/\/www.it.tarnow.pl\/fr\/acces-transports\/parkings-pour-autocars-touristiques\/#breadcrumb"},"inLanguage":"fr-FR","potentialAction":[{"@type":"ReadAction","target":["https:\/\/www.it.tarnow.pl\/fr\/acces-transports\/parkings-pour-autocars-touristiques\/"]}]},{"@type":"BreadcrumbList","@id":"https:\/\/www.it.tarnow.pl\/fr\/acces-transports\/parkings-pour-autocars-touristiques\/#breadcrumb","itemListElement":[{"@type":"ListItem","position":1,"name":"Page d'accueil","item":"https:\/\/www.it.tarnow.pl\/fr\/"},{"@type":"ListItem","position":2,"name":"Acc\u00e8s &amp; Transports","item":"https:\/\/www.it.tarnow.pl\/fr\/acces-transports\/"},{"@type":"ListItem","position":3,"name":"Parkings pour autocars touristiques"}]},{"@type":"WebSite","@id":"https:\/\/www.it.tarnow.pl\/#website","url":"https:\/\/www.it.tarnow.pl\/","name":"Tarnowskie Centrum Informacji","description":"Informacja turystyczna o Tarnowie i regionie tarnowskim.","potentialAction":[{"@type":"SearchAction","target":{"@type":"EntryPoint","urlTemplate":"https:\/\/www.it.tarnow.pl\/?s={search_term_string}"},"query-input":{"@type":"PropertyValueSpecification","valueRequired":true,"valueName":"search_term_string"}}],"inLanguage":"fr-FR"}]}},"_links":{"self":[{"href":"https:\/\/www.it.tarnow.pl\/fr\/wp-json\/wp\/v2\/pages\/10009","targetHints":{"allow":["GET"]}}],"collection":[{"href":"https:\/\/www.it.tarnow.pl\/fr\/wp-json\/wp\/v2\/pages"}],"about":[{"href":"https:\/\/www.it.tarnow.pl\/fr\/wp-json\/wp\/v2\/types\/page"}],"author":[{"embeddable":true,"href":"https:\/\/www.it.tarnow.pl\/fr\/wp-json\/wp\/v2\/users\/1"}],"replies":[{"embeddable":true,"href":"https:\/\/www.it.tarnow.pl\/fr\/wp-json\/wp\/v2\/comments?post=10009"}],"version-history":[{"count":0,"href":"https:\/\/www.it.tarnow.pl\/fr\/wp-json\/wp\/v2\/pages\/10009\/revisions"}],"up":[{"embeddable":true,"href":"https:\/\/www.it.tarnow.pl\/fr\/wp-json\/wp\/v2\/pages\/10005"}],"wp:attachment":[{"href":"https:\/\/www.it.tarnow.pl\/fr\/wp-json\/wp\/v2\/media?parent=10009"}],"wp:term":[{"taxonomy":"post_tag","embeddable":true,"href":"https:\/\/www.it.tarnow.pl\/fr\/wp-json\/wp\/v2\/tags?post=10009"}],"curies":[{"name":"wp","href":"https:\/\/api.w.org\/{rel}","templated":true}]}}